{"id":15498,"date":"2023-10-24T11:38:13","date_gmt":"2023-10-24T11:38:13","guid":{"rendered":"https:\/\/wmtbaltic.lv\/?post_type=product&#038;p=15498"},"modified":"2026-03-30T08:12:49","modified_gmt":"2026-03-30T08:12:49","slug":"cyklos-jogga-450-dokumentu-apstradei","status":"publish","type":"product","link":"https:\/\/wmtbaltic.lv\/en\/product\/cyklos-jogga-450-dokumentu-apstradei\/","title":{"rendered":"CYKLOS JOGGA 450 dokumentu apstr\u0101dei"},"content":{"rendered":"<p>Vienk\u0101r\u0161a iek\u0101rta J\u016bsu dokumentu organiz\u0113\u0161anai un apstr\u0101dei. JOGGA 450 pal\u012bdz Jums p\u0101rvar\u0113t nebeidzamo pap\u012bra kr\u0101jumu izl\u012bdzin\u0101\u0161anu. JOGGA ir \u013coti noder\u012bgs draugs ne tikai ide\u0101lai dokumentu izl\u012bdzin\u0101\u0161anai, bet ar\u012b no\u0146em statisko elektr\u012bbu un iz\u017e\u0101v\u0113 toneri. Ir svar\u012bgi to izmantot pirms vair\u0101kiem drukas apdares procesiem, piem\u0113ram, loc\u012b\u0161anas, \u0161\u0137iro\u0161anas, perfor\u0101cijas, bukletu veido\u0161anas utt., k\u0101 ar\u012b drukas apdares posm\u0101, lai nodro\u0161in\u0101tu j\u016bsu dokumentiem jauku un gl\u012btu izskatu.<\/p>\n<p><strong>\u012apa\u0161\u012bbas:<\/strong><\/p>\n<ul>\n<li>liela noliecama papl\u0101te l\u012bdz pat SRA3 form\u0101tu apstr\u0101dei<\/li>\n<li>iztur\u012bga konstrukcija<\/li>\n<li>vibr\u0101cijas regul\u0113\u0161ana<\/li>\n<li>gaisa pl\u016bsmas regul\u0113\u0161ana<\/li>\n<li>pie\u0146emama cena<\/li>\n<li>Ra\u017eots \u010cehij\u0101, CE sertific\u0113ts<\/li>\n<\/ul>\n<p><strong>Parametri:<\/strong><\/p>\n<p>Maksim\u0101lais loksnes izm\u0113rs: SRA3 (320 x 450 mm)<\/p>\n<p>Pap\u012bra svars: 50 &#8211; 400 gsm<\/p>\n<p>Ietilp\u012bba: 70 mm<\/p>\n<p>Iek\u0101rtas izm\u0113ri: 365 x 475 x 615 mm<\/p>\n<p>Iek\u0101rtas svars: Neto 27,6 kg, bruto 31,5 kg<\/p>\n<p>Spriegums\/Frekvence: 230 V \/ 50 Hz, 110 V \/ 60 Hz<\/p>\n<p><a href=\"http:\/\/wmtbaltic.lv\/wp-content\/uploads\/2023\/10\/EN_Lietosanas-instrukcija-JOGGA-450.pdf\">EN_Lieto\u0161anas instrukcija JOGGA 450<\/a><\/p>\n<p><a href=\"http:\/\/wmtbaltic.lv\/wp-content\/uploads\/2023\/10\/Brosura_jogga_450.pdf\">Bro\u0161\u016bra_jogga_450<\/a><\/p>\n","protected":false},"excerpt":{"rendered":"Vienk\u0101r\u0161a iek\u0101rta J\u016bsu dokumentu organiz\u0113\u0161anai un apstr\u0101dei. JOGGA 450 pal\u012bdz Jums p\u0101rvar\u0113t nebeidzamo pap\u012bra kr\u0101jumu izl\u012bdzin\u0101\u0161anu. JOGGA ir \u013coti noder\u012bgs draugs ne tikai ide\u0101lai dokumentu izl\u012bdzin\u0101\u0161anai, bet ar\u012b no\u0146em statisko elektr\u012bbu un iz\u017e\u0101v\u0113 toneri. Ir svar\u012bgi to izmantot pirms vair\u0101kiem drukas apdares procesiem, piem\u0113ram, loc\u012b\u0161anas, \u0161\u0137iro\u0161anas, perfor\u0101cijas, bukletu veido\u0161anas utt., k\u0101 ar\u012b drukas apdares posm\u0101, [...]","protected":false},"featured_media":15499,"comment_status":"closed","ping_status":"closed","template":"","meta":[],"product_brand":[],"product_cat":[426,71,258],"product_tag":[719,1314,1313],"class_list":{"0":"post-15498","1":"product","2":"type-product","3":"status-publish","4":"has-post-thumbnail","6":"product_cat-cyklos","7":"product_cat-griesana-locisana-rievosana","8":"product_cat-iekartas-un-izejmateriali","9":"product_tag-cyklos","10":"product_tag-dokumentu_apstrade","11":"product_tag-jogga_450","13":"first","14":"instock","15":"shipping-taxable","16":"purchasable","17":"product-type-simple"},"yoast_head":"<!-- This site is optimized with the Yoast SEO plugin v27.4 - https:\/\/yoast.com\/product\/yoast-seo-wordpress\/ -->\n<title>CYKLOS JOGGA 450 dokumentu apstr\u0101dei - WMT Baltic<\/title>\n<meta name=\"description\" content=\"Vienk\u0101r\u0161a iek\u0101rta J\u016bsu dokumentu organiz\u0113\u0161anai un apstr\u0101dei. JOGGA 450 pal\u012bdz Jums p\u0101rvar\u0113t nebeidzamo pap\u012bra kr\u0101jumu izl\u012bdzin\u0101\u0161anu.\" \/>\n<meta name=\"robots\" content=\"index, follow, max-snippet:-1, max-image-preview:large, max-video-preview:-1\" \/>\n<link rel=\"canonical\" href=\"https:\/\/wmtbaltic.lv\/product\/cyklos-jogga-450-dokumentu-apstradei\/\" \/>\n<meta property=\"og:locale\" content=\"en_US\" \/>\n<meta property=\"og:type\" content=\"article\" \/>\n<meta property=\"og:title\" content=\"CYKLOS JOGGA 450 dokumentu apstr\u0101dei - WMT Baltic\" \/>\n<meta property=\"og:description\" content=\"Vienk\u0101r\u0161a iek\u0101rta J\u016bsu dokumentu organiz\u0113\u0161anai un apstr\u0101dei. JOGGA 450 pal\u012bdz Jums p\u0101rvar\u0113t nebeidzamo pap\u012bra kr\u0101jumu izl\u012bdzin\u0101\u0161anu.\" \/>\n<meta property=\"og:url\" content=\"https:\/\/wmtbaltic.lv\/product\/cyklos-jogga-450-dokumentu-apstradei\/\" \/>\n<meta property=\"og:site_name\" content=\"WMT Baltic\" \/>\n<meta property=\"article:publisher\" content=\"https:\/\/www.facebook.com\/WMT.Baltic.viscom\/?locale=lv_LV\" \/>\n<meta property=\"article:modified_time\" content=\"2026-03-30T08:12:49+00:00\" \/>\n<meta property=\"og:image\" content=\"http:\/\/wmtbaltic.lv\/wp-content\/uploads\/2023\/10\/Jogga-450-647ce89b.jpg\" \/>\n\t<meta property=\"og:image:width\" content=\"1069\" \/>\n\t<meta property=\"og:image:height\" content=\"852\" \/>\n\t<meta property=\"og:image:type\" content=\"image\/jpeg\" \/>\n<meta name=\"twitter:card\" content=\"summary_large_image\" \/>\n<meta name=\"twitter:label1\" content=\"Est. reading time\" \/>\n\t<meta name=\"twitter:data1\" content=\"1 minute\" \/>\n<script type=\"application\/ld+json\" class=\"yoast-schema-graph\">{\"@context\":\"https:\\\/\\\/schema.org\",\"@graph\":[{\"@type\":\"WebPage\",\"@id\":\"https:\\\/\\\/wmtbaltic.lv\\\/product\\\/cyklos-jogga-450-dokumentu-apstradei\\\/\",\"url\":\"https:\\\/\\\/wmtbaltic.lv\\\/product\\\/cyklos-jogga-450-dokumentu-apstradei\\\/\",\"name\":\"CYKLOS JOGGA 450 dokumentu apstr\u0101dei - WMT Baltic\",\"isPartOf\":{\"@id\":\"https:\\\/\\\/wmtbaltic.lv\\\/#website\"},\"primaryImageOfPage\":{\"@id\":\"https:\\\/\\\/wmtbaltic.lv\\\/product\\\/cyklos-jogga-450-dokumentu-apstradei\\\/#primaryimage\"},\"image\":{\"@id\":\"https:\\\/\\\/wmtbaltic.lv\\\/product\\\/cyklos-jogga-450-dokumentu-apstradei\\\/#primaryimage\"},\"thumbnailUrl\":\"https:\\\/\\\/wmtbaltic.lv\\\/wp-content\\\/uploads\\\/2023\\\/10\\\/Jogga-450-647ce89b.jpg\",\"datePublished\":\"2023-10-24T11:38:13+00:00\",\"dateModified\":\"2026-03-30T08:12:49+00:00\",\"description\":\"Vienk\u0101r\u0161a iek\u0101rta J\u016bsu dokumentu organiz\u0113\u0161anai un apstr\u0101dei. JOGGA 450 pal\u012bdz Jums p\u0101rvar\u0113t nebeidzamo pap\u012bra kr\u0101jumu izl\u012bdzin\u0101\u0161anu.\",\"breadcrumb\":{\"@id\":\"https:\\\/\\\/wmtbaltic.lv\\\/product\\\/cyklos-jogga-450-dokumentu-apstradei\\\/#breadcrumb\"},\"inLanguage\":\"en-US\",\"potentialAction\":[{\"@type\":\"ReadAction\",\"target\":[\"https:\\\/\\\/wmtbaltic.lv\\\/product\\\/cyklos-jogga-450-dokumentu-apstradei\\\/\"]}]},{\"@type\":\"ImageObject\",\"inLanguage\":\"en-US\",\"@id\":\"https:\\\/\\\/wmtbaltic.lv\\\/product\\\/cyklos-jogga-450-dokumentu-apstradei\\\/#primaryimage\",\"url\":\"https:\\\/\\\/wmtbaltic.lv\\\/wp-content\\\/uploads\\\/2023\\\/10\\\/Jogga-450-647ce89b.jpg\",\"contentUrl\":\"https:\\\/\\\/wmtbaltic.lv\\\/wp-content\\\/uploads\\\/2023\\\/10\\\/Jogga-450-647ce89b.jpg\",\"width\":1069,\"height\":852},{\"@type\":\"BreadcrumbList\",\"@id\":\"https:\\\/\\\/wmtbaltic.lv\\\/product\\\/cyklos-jogga-450-dokumentu-apstradei\\\/#breadcrumb\",\"itemListElement\":[{\"@type\":\"ListItem\",\"position\":1,\"name\":\"Home\",\"item\":\"https:\\\/\\\/wmtbaltic.lv\\\/en\\\/\"},{\"@type\":\"ListItem\",\"position\":2,\"name\":\"Products\",\"item\":\"https:\\\/\\\/wmtbaltic.lv\\\/en\\\/shop\\\/\"},{\"@type\":\"ListItem\",\"position\":3,\"name\":\"CYKLOS JOGGA 450 dokumentu apstr\u0101dei\"}]},{\"@type\":\"WebSite\",\"@id\":\"https:\\\/\\\/wmtbaltic.lv\\\/#website\",\"url\":\"https:\\\/\\\/wmtbaltic.lv\\\/\",\"name\":\"WMT Baltic\",\"description\":\"Rekl\u0101mas produkti, pl\u0113ves\",\"publisher\":{\"@id\":\"https:\\\/\\\/wmtbaltic.lv\\\/#organization\"},\"potentialAction\":[{\"@type\":\"SearchAction\",\"target\":{\"@type\":\"EntryPoint\",\"urlTemplate\":\"https:\\\/\\\/wmtbaltic.lv\\\/?s={search_term_string}\"},\"query-input\":{\"@type\":\"PropertyValueSpecification\",\"valueRequired\":true,\"valueName\":\"search_term_string\"}}],\"inLanguage\":\"en-US\"},{\"@type\":\"Organization\",\"@id\":\"https:\\\/\\\/wmtbaltic.lv\\\/#organization\",\"name\":\"WMT Baltic\",\"url\":\"https:\\\/\\\/wmtbaltic.lv\\\/\",\"logo\":{\"@type\":\"ImageObject\",\"inLanguage\":\"en-US\",\"@id\":\"https:\\\/\\\/wmtbaltic.lv\\\/#\\\/schema\\\/logo\\\/image\\\/\",\"url\":\"https:\\\/\\\/wmtbaltic.lv\\\/wp-content\\\/uploads\\\/2024\\\/12\\\/wmt-baltic-sia_107142_9_420x180.jpg\",\"contentUrl\":\"https:\\\/\\\/wmtbaltic.lv\\\/wp-content\\\/uploads\\\/2024\\\/12\\\/wmt-baltic-sia_107142_9_420x180.jpg\",\"width\":420,\"height\":180,\"caption\":\"WMT Baltic\"},\"image\":{\"@id\":\"https:\\\/\\\/wmtbaltic.lv\\\/#\\\/schema\\\/logo\\\/image\\\/\"},\"sameAs\":[\"https:\\\/\\\/www.facebook.com\\\/WMT.Baltic.viscom\\\/?locale=lv_LV\",\"https:\\\/\\\/www.instagram.com\\\/viscom_wmt\\\/\"]}]}<\/script>\n<!-- \/ Yoast SEO plugin. -->","yoast_head_json":{"title":"CYKLOS JOGGA 450 dokumentu apstr\u0101dei - WMT Baltic","description":"Vienk\u0101r\u0161a iek\u0101rta J\u016bsu dokumentu organiz\u0113\u0161anai un apstr\u0101dei. JOGGA 450 pal\u012bdz Jums p\u0101rvar\u0113t nebeidzamo pap\u012bra kr\u0101jumu izl\u012bdzin\u0101\u0161anu.","robots":{"index":"index","follow":"follow","max-snippet":"max-snippet:-1","max-image-preview":"max-image-preview:large","max-video-preview":"max-video-preview:-1"},"canonical":"https:\/\/wmtbaltic.lv\/product\/cyklos-jogga-450-dokumentu-apstradei\/","og_locale":"en_US","og_type":"article","og_title":"CYKLOS JOGGA 450 dokumentu apstr\u0101dei - WMT Baltic","og_description":"Vienk\u0101r\u0161a iek\u0101rta J\u016bsu dokumentu organiz\u0113\u0161anai un apstr\u0101dei. JOGGA 450 pal\u012bdz Jums p\u0101rvar\u0113t nebeidzamo pap\u012bra kr\u0101jumu izl\u012bdzin\u0101\u0161anu.","og_url":"https:\/\/wmtbaltic.lv\/product\/cyklos-jogga-450-dokumentu-apstradei\/","og_site_name":"WMT Baltic","article_publisher":"https:\/\/www.facebook.com\/WMT.Baltic.viscom\/?locale=lv_LV","article_modified_time":"2026-03-30T08:12:49+00:00","og_image":[{"width":1069,"height":852,"url":"http:\/\/wmtbaltic.lv\/wp-content\/uploads\/2023\/10\/Jogga-450-647ce89b.jpg","type":"image\/jpeg"}],"twitter_card":"summary_large_image","twitter_misc":{"Est. reading time":"1 minute"},"schema":{"@context":"https:\/\/schema.org","@graph":[{"@type":"WebPage","@id":"https:\/\/wmtbaltic.lv\/product\/cyklos-jogga-450-dokumentu-apstradei\/","url":"https:\/\/wmtbaltic.lv\/product\/cyklos-jogga-450-dokumentu-apstradei\/","name":"CYKLOS JOGGA 450 dokumentu apstr\u0101dei - WMT Baltic","isPartOf":{"@id":"https:\/\/wmtbaltic.lv\/#website"},"primaryImageOfPage":{"@id":"https:\/\/wmtbaltic.lv\/product\/cyklos-jogga-450-dokumentu-apstradei\/#primaryimage"},"image":{"@id":"https:\/\/wmtbaltic.lv\/product\/cyklos-jogga-450-dokumentu-apstradei\/#primaryimage"},"thumbnailUrl":"https:\/\/wmtbaltic.lv\/wp-content\/uploads\/2023\/10\/Jogga-450-647ce89b.jpg","datePublished":"2023-10-24T11:38:13+00:00","dateModified":"2026-03-30T08:12:49+00:00","description":"Vienk\u0101r\u0161a iek\u0101rta J\u016bsu dokumentu organiz\u0113\u0161anai un apstr\u0101dei. JOGGA 450 pal\u012bdz Jums p\u0101rvar\u0113t nebeidzamo pap\u012bra kr\u0101jumu izl\u012bdzin\u0101\u0161anu.","breadcrumb":{"@id":"https:\/\/wmtbaltic.lv\/product\/cyklos-jogga-450-dokumentu-apstradei\/#breadcrumb"},"inLanguage":"en-US","potentialAction":[{"@type":"ReadAction","target":["https:\/\/wmtbaltic.lv\/product\/cyklos-jogga-450-dokumentu-apstradei\/"]}]},{"@type":"ImageObject","inLanguage":"en-US","@id":"https:\/\/wmtbaltic.lv\/product\/cyklos-jogga-450-dokumentu-apstradei\/#primaryimage","url":"https:\/\/wmtbaltic.lv\/wp-content\/uploads\/2023\/10\/Jogga-450-647ce89b.jpg","contentUrl":"https:\/\/wmtbaltic.lv\/wp-content\/uploads\/2023\/10\/Jogga-450-647ce89b.jpg","width":1069,"height":852},{"@type":"BreadcrumbList","@id":"https:\/\/wmtbaltic.lv\/product\/cyklos-jogga-450-dokumentu-apstradei\/#breadcrumb","itemListElement":[{"@type":"ListItem","position":1,"name":"Home","item":"https:\/\/wmtbaltic.lv\/en\/"},{"@type":"ListItem","position":2,"name":"Products","item":"https:\/\/wmtbaltic.lv\/en\/shop\/"},{"@type":"ListItem","position":3,"name":"CYKLOS JOGGA 450 dokumentu apstr\u0101dei"}]},{"@type":"WebSite","@id":"https:\/\/wmtbaltic.lv\/#website","url":"https:\/\/wmtbaltic.lv\/","name":"WMT Baltic","description":"Rekl\u0101mas produkti, pl\u0113ves","publisher":{"@id":"https:\/\/wmtbaltic.lv\/#organization"},"potentialAction":[{"@type":"SearchAction","target":{"@type":"EntryPoint","urlTemplate":"https:\/\/wmtbaltic.lv\/?s={search_term_string}"},"query-input":{"@type":"PropertyValueSpecification","valueRequired":true,"valueName":"search_term_string"}}],"inLanguage":"en-US"},{"@type":"Organization","@id":"https:\/\/wmtbaltic.lv\/#organization","name":"WMT Baltic","url":"https:\/\/wmtbaltic.lv\/","logo":{"@type":"ImageObject","inLanguage":"en-US","@id":"https:\/\/wmtbaltic.lv\/#\/schema\/logo\/image\/","url":"https:\/\/wmtbaltic.lv\/wp-content\/uploads\/2024\/12\/wmt-baltic-sia_107142_9_420x180.jpg","contentUrl":"https:\/\/wmtbaltic.lv\/wp-content\/uploads\/2024\/12\/wmt-baltic-sia_107142_9_420x180.jpg","width":420,"height":180,"caption":"WMT Baltic"},"image":{"@id":"https:\/\/wmtbaltic.lv\/#\/schema\/logo\/image\/"},"sameAs":["https:\/\/www.facebook.com\/WMT.Baltic.viscom\/?locale=lv_LV","https:\/\/www.instagram.com\/viscom_wmt\/"]}]}},"_links":{"self":[{"href":"https:\/\/wmtbaltic.lv\/en\/wp-json\/wp\/v2\/product\/15498","targetHints":{"allow":["GET"]}}],"collection":[{"href":"https:\/\/wmtbaltic.lv\/en\/wp-json\/wp\/v2\/product"}],"about":[{"href":"https:\/\/wmtbaltic.lv\/en\/wp-json\/wp\/v2\/types\/product"}],"replies":[{"embeddable":true,"href":"https:\/\/wmtbaltic.lv\/en\/wp-json\/wp\/v2\/comments?post=15498"}],"wp:featuredmedia":[{"embeddable":true,"href":"https:\/\/wmtbaltic.lv\/en\/wp-json\/wp\/v2\/media\/15499"}],"wp:attachment":[{"href":"https:\/\/wmtbaltic.lv\/en\/wp-json\/wp\/v2\/media?parent=15498"}],"wp:term":[{"taxonomy":"product_brand","embeddable":true,"href":"https:\/\/wmtbaltic.lv\/en\/wp-json\/wp\/v2\/product_brand?post=15498"},{"taxonomy":"product_cat","embeddable":true,"href":"https:\/\/wmtbaltic.lv\/en\/wp-json\/wp\/v2\/product_cat?post=15498"},{"taxonomy":"product_tag","embeddable":true,"href":"https:\/\/wmtbaltic.lv\/en\/wp-json\/wp\/v2\/product_tag?post=15498"}],"curies":[{"name":"wp","href":"https:\/\/api.w.org\/{rel}","templated":true}]}}