{"id":15484,"date":"2023-10-24T11:23:36","date_gmt":"2023-10-24T11:23:36","guid":{"rendered":"https:\/\/wmtbaltic.lv\/?post_type=product&#038;p=15484"},"modified":"2023-10-24T11:23:39","modified_gmt":"2023-10-24T11:23:39","slug":"cyklos-rievosanas-perforacijas-stancesanas-iekarta-gpm-450-versa","status":"publish","type":"product","link":"https:\/\/wmtbaltic.lv\/en\/product\/cyklos-rievosanas-perforacijas-stancesanas-iekarta-gpm-450-versa\/","title":{"rendered":"CYKLOS Rievo\u0161anas-perfor\u0101cijas-\u0161tanc\u0113\u0161anas iek\u0101rta GPM 450 verSA"},"content":{"rendered":"<p>GPM 450 verSA izskats un manu\u0101l\u0101s padeves sist\u0113ma ir atvasin\u0101ta no GPM 450 SA, tom\u0113r t\u0101 kop\u0113 savu liel\u0101ko br\u0101li GPM 450 Speed ar vieglu savstarp\u0113ju aizvietojam\u012bbu un instrumentu main\u012bgumu vai grafisko interfeisu. GPM 450 verSA ir unik\u0101ls produkts, pateicoties \u0161\u0101du faktoru kombin\u0101cijai: iek\u0101rtas v\u0113sture (tie\u0161i saist\u012bta ar \u013coti veiksm\u012bgo GPM 450 SA), darba platums (SRA3 abos virzienos), instrumentu izv\u0113le (t\u0101ds pats pied\u0101v\u0101jums k\u0101 GPM 450 Speed). un AirSpeed 450) pieejam\u012bba ikvienam, tostarp ies\u0101c\u0113jiem. Ma\u0161\u012bnu nov\u0113rt\u0113s ikviens, kam GPM 450 SA &#8220;kaut kas pietr\u016bkst&#8221;, bet nev\u0113las ieguld\u012bt naudu vai vietu liel\u0101 apr\u012bkojum\u0101.<\/p>\n<p><strong>\u012apa\u0161\u012bbas:<\/strong><\/p>\n<ul>\n<li>liels darba galds priek\u0161 SRA3 abos virzienos<\/li>\n<li>sk\u0101rienj\u016bt\u012bgs displejs, lai \u0113rti iestat\u012btu att\u0101lumu loc\u012b\u0161anu<\/li>\n<li>15 programmas<\/li>\n<li>divu platumu loc\u012b\u0161anas kan\u0101li<\/li>\n<li>augstas kvalit\u0101tes perfor\u0101cija<\/li>\n<li>\u0101tra instrumentu mai\u0146a<\/li>\n<li>opcion\u0101li malu \u0161tanc\u0113\u0161ana<\/li>\n<li>opcion\u0101li kalend\u0101ru \u0161tanc\u0113\u0161ana<\/li>\n<li>opcion\u0101li \u201cEuro Punch\u201d \u0161tanc\u0113\u0161ana<\/li>\n<\/ul>\n<p><strong>Parametri:<\/strong><\/p>\n<p>Darba platums: 450 mm (SRA3 abos virzienos)<\/p>\n<p>Pap\u012bra svars: 80 &#8211; 400 gsm (creasing, punching), 80 &#8211; 250 gsm (perforating)<\/p>\n<p>Loc\u012b\u0161anas platums:<\/p>\n<p>CITO 1,0 mm &#8211; paper grammage 80 &#8211; 200 gsm<\/p>\n<p>iron channel 1,9 mm &#8211; paper grammage 200 &#8211; 400 gsm<\/p>\n<p>Min\/max distance starp loc\u012b\u0161anu: 1\/ 999 mm<\/p>\n<p>Programmu skaits: 15<\/p>\n<p>\u0100trums: 1500 sheets A4\/ h (1 crease per A4)<\/p>\n<p>Iek\u0101rtas izm\u0113ri: 1075 x 635 x 390 mm<\/p>\n<p>Iepakojuma izm\u0113ri: 740 x 530 x 675 mm<\/p>\n<p>Iek\u0101rtas svars: \u00a0\u00a0 Netto 77 kg, 81 kg<\/p>\n<p>Spriegums\/Frekvence: 230 V\/ 50Hz, 110 V\/ 60 Hz<\/p>\n<p>Iepakojum\u0101: 2 x bigo\u0161anas ier\u012bce, 1 x perfor\u0101cijas ier\u012bce<\/p>\n<p><a href=\"http:\/\/wmtbaltic.lv\/wp-content\/uploads\/2023\/10\/EN_Lietosanas-instrukcija-GPM-450-verSA.pdf\">EN_Lieto\u0161anas instrukcija GPM 450 verSA<\/a><\/p>\n<p><a href=\"http:\/\/wmtbaltic.lv\/wp-content\/uploads\/2023\/10\/Brosura_gpm_450_versa.pdf\">Bro\u0161\u016bra_gpm_450_versa<\/a><\/p>\n<iframe loading=\"lazy\"  id=\"_ytid_61990\"  width=\"780\" height=\"439\"  data-origwidth=\"780\" data-origheight=\"439\" src=\"https:\/\/www.youtube.com\/embed\/_W1Vx6bgxds?enablejsapi=1&autoplay=0&cc_load_policy=0&cc_lang_pref=&iv_load_policy=1&loop=0&rel=1&fs=1&playsinline=0&autohide=2&theme=dark&color=red&controls=1&disablekb=0&\" class=\"__youtube_prefs__  no-lazyload\" title=\"YouTube player\"  allow=\"fullscreen; accelerometer; autoplay; clipboard-write; encrypted-media; gyroscope; picture-in-picture; web-share\" referrerpolicy=\"strict-origin-when-cross-origin\" allowfullscreen data-no-lazy=\"1\" data-skipgform_ajax_framebjll=\"\"><\/iframe>\n","protected":false},"excerpt":{"rendered":"GPM 450 verSA izskats un manu\u0101l\u0101s padeves sist\u0113ma ir atvasin\u0101ta no GPM 450 SA, tom\u0113r t\u0101 kop\u0113 savu liel\u0101ko br\u0101li GPM 450 Speed ar vieglu savstarp\u0113ju aizvietojam\u012bbu un instrumentu main\u012bgumu vai grafisko interfeisu. GPM 450 verSA ir unik\u0101ls produkts, pateicoties \u0161\u0101du faktoru kombin\u0101cijai: iek\u0101rtas v\u0113sture (tie\u0161i saist\u012bta ar \u013coti veiksm\u012bgo GPM 450 SA), darba platums [...]","protected":false},"featured_media":15495,"comment_status":"closed","ping_status":"closed","template":"","meta":[],"product_brand":[],"product_cat":[426,71],"product_tag":[719,1312,1058,717],"class_list":{"0":"post-15484","1":"product","2":"type-product","3":"status-publish","4":"has-post-thumbnail","6":"product_cat-cyklos","7":"product_cat-griesana-locisana-rievosana","8":"product_tag-cyklos","9":"product_tag-gpm_450_versa","10":"product_tag-perforacija","11":"product_tag-rievosana","13":"first","14":"instock","15":"shipping-taxable","16":"product-type-simple"},"yoast_head":"<!-- This site is optimized with the Yoast SEO plugin v27.4 - https:\/\/yoast.com\/product\/yoast-seo-wordpress\/ -->\n<title>CYKLOS Rievo\u0161anas-perfor\u0101cijas-\u0161tanc\u0113\u0161anas iek\u0101rta GPM 450 verSA - WMT Baltic<\/title>\n<meta name=\"description\" content=\"GPM 450 verSA izskats un manu\u0101l\u0101s padeves sist\u0113ma ir atvasin\u0101ta no GPM 450 SA. pieejam\u012bba ikvienam, tostarp ies\u0101c\u0113jiem. Nopirkt\" \/>\n<meta name=\"robots\" content=\"index, follow, max-snippet:-1, max-image-preview:large, max-video-preview:-1\" \/>\n<link rel=\"canonical\" href=\"https:\/\/wmtbaltic.lv\/Produkts\/cyklos-rievosanas-perforacijas-stancesanas-iekarta-gpm-450-versa\/\" \/>\n<meta property=\"og:locale\" content=\"en_US\" \/>\n<meta property=\"og:type\" content=\"article\" \/>\n<meta property=\"og:title\" content=\"CYKLOS Rievo\u0161anas-perfor\u0101cijas-\u0161tanc\u0113\u0161anas iek\u0101rta GPM 450 verSA - WMT Baltic\" \/>\n<meta property=\"og:description\" content=\"GPM 450 verSA izskats un manu\u0101l\u0101s padeves sist\u0113ma ir atvasin\u0101ta no GPM 450 SA. pieejam\u012bba ikvienam, tostarp ies\u0101c\u0113jiem. Nopirkt\" \/>\n<meta property=\"og:url\" content=\"https:\/\/wmtbaltic.lv\/Produkts\/cyklos-rievosanas-perforacijas-stancesanas-iekarta-gpm-450-versa\/\" \/>\n<meta property=\"og:site_name\" content=\"WMT Baltic\" \/>\n<meta property=\"article:publisher\" content=\"https:\/\/www.facebook.com\/WMT.Baltic.viscom\/?locale=lv_LV\" \/>\n<meta property=\"article:modified_time\" content=\"2023-10-24T11:23:39+00:00\" \/>\n<meta property=\"og:image\" content=\"http:\/\/wmtbaltic.lv\/wp-content\/uploads\/2023\/10\/GPM-450-verSA_800px-c113fbff.jpg\" \/>\n\t<meta property=\"og:image:width\" content=\"1087\" \/>\n\t<meta property=\"og:image:height\" content=\"782\" \/>\n\t<meta property=\"og:image:type\" content=\"image\/jpeg\" \/>\n<meta name=\"twitter:card\" content=\"summary_large_image\" \/>\n<meta name=\"twitter:label1\" content=\"Est. reading time\" \/>\n\t<meta name=\"twitter:data1\" content=\"2 minutes\" \/>\n<script type=\"application\/ld+json\" class=\"yoast-schema-graph\">{\"@context\":\"https:\\\/\\\/schema.org\",\"@graph\":[{\"@type\":\"WebPage\",\"@id\":\"https:\\\/\\\/wmtbaltic.lv\\\/Produkts\\\/cyklos-rievosanas-perforacijas-stancesanas-iekarta-gpm-450-versa\\\/\",\"url\":\"https:\\\/\\\/wmtbaltic.lv\\\/Produkts\\\/cyklos-rievosanas-perforacijas-stancesanas-iekarta-gpm-450-versa\\\/\",\"name\":\"CYKLOS Rievo\u0161anas-perfor\u0101cijas-\u0161tanc\u0113\u0161anas iek\u0101rta GPM 450 verSA - WMT Baltic\",\"isPartOf\":{\"@id\":\"https:\\\/\\\/wmtbaltic.lv\\\/#website\"},\"primaryImageOfPage\":{\"@id\":\"https:\\\/\\\/wmtbaltic.lv\\\/Produkts\\\/cyklos-rievosanas-perforacijas-stancesanas-iekarta-gpm-450-versa\\\/#primaryimage\"},\"image\":{\"@id\":\"https:\\\/\\\/wmtbaltic.lv\\\/Produkts\\\/cyklos-rievosanas-perforacijas-stancesanas-iekarta-gpm-450-versa\\\/#primaryimage\"},\"thumbnailUrl\":\"https:\\\/\\\/wmtbaltic.lv\\\/wp-content\\\/uploads\\\/2023\\\/10\\\/GPM-450-verSA_800px-c113fbff.jpg\",\"datePublished\":\"2023-10-24T11:23:36+00:00\",\"dateModified\":\"2023-10-24T11:23:39+00:00\",\"description\":\"GPM 450 verSA izskats un manu\u0101l\u0101s padeves sist\u0113ma ir atvasin\u0101ta no GPM 450 SA. pieejam\u012bba ikvienam, tostarp ies\u0101c\u0113jiem. Nopirkt\",\"breadcrumb\":{\"@id\":\"https:\\\/\\\/wmtbaltic.lv\\\/Produkts\\\/cyklos-rievosanas-perforacijas-stancesanas-iekarta-gpm-450-versa\\\/#breadcrumb\"},\"inLanguage\":\"en-US\",\"potentialAction\":[{\"@type\":\"ReadAction\",\"target\":[\"https:\\\/\\\/wmtbaltic.lv\\\/Produkts\\\/cyklos-rievosanas-perforacijas-stancesanas-iekarta-gpm-450-versa\\\/\"]}]},{\"@type\":\"ImageObject\",\"inLanguage\":\"en-US\",\"@id\":\"https:\\\/\\\/wmtbaltic.lv\\\/Produkts\\\/cyklos-rievosanas-perforacijas-stancesanas-iekarta-gpm-450-versa\\\/#primaryimage\",\"url\":\"https:\\\/\\\/wmtbaltic.lv\\\/wp-content\\\/uploads\\\/2023\\\/10\\\/GPM-450-verSA_800px-c113fbff.jpg\",\"contentUrl\":\"https:\\\/\\\/wmtbaltic.lv\\\/wp-content\\\/uploads\\\/2023\\\/10\\\/GPM-450-verSA_800px-c113fbff.jpg\",\"width\":1087,\"height\":782},{\"@type\":\"BreadcrumbList\",\"@id\":\"https:\\\/\\\/wmtbaltic.lv\\\/Produkts\\\/cyklos-rievosanas-perforacijas-stancesanas-iekarta-gpm-450-versa\\\/#breadcrumb\",\"itemListElement\":[{\"@type\":\"ListItem\",\"position\":1,\"name\":\"Home\",\"item\":\"https:\\\/\\\/wmtbaltic.lv\\\/en\\\/\"},{\"@type\":\"ListItem\",\"position\":2,\"name\":\"Products\",\"item\":\"https:\\\/\\\/wmtbaltic.lv\\\/en\\\/shop\\\/\"},{\"@type\":\"ListItem\",\"position\":3,\"name\":\"CYKLOS Rievo\u0161anas-perfor\u0101cijas-\u0161tanc\u0113\u0161anas iek\u0101rta GPM 450 verSA\"}]},{\"@type\":\"WebSite\",\"@id\":\"https:\\\/\\\/wmtbaltic.lv\\\/#website\",\"url\":\"https:\\\/\\\/wmtbaltic.lv\\\/\",\"name\":\"WMT Baltic\",\"description\":\"Rekl\u0101mas produkti, pl\u0113ves\",\"publisher\":{\"@id\":\"https:\\\/\\\/wmtbaltic.lv\\\/#organization\"},\"potentialAction\":[{\"@type\":\"SearchAction\",\"target\":{\"@type\":\"EntryPoint\",\"urlTemplate\":\"https:\\\/\\\/wmtbaltic.lv\\\/?s={search_term_string}\"},\"query-input\":{\"@type\":\"PropertyValueSpecification\",\"valueRequired\":true,\"valueName\":\"search_term_string\"}}],\"inLanguage\":\"en-US\"},{\"@type\":\"Organization\",\"@id\":\"https:\\\/\\\/wmtbaltic.lv\\\/#organization\",\"name\":\"WMT Baltic\",\"url\":\"https:\\\/\\\/wmtbaltic.lv\\\/\",\"logo\":{\"@type\":\"ImageObject\",\"inLanguage\":\"en-US\",\"@id\":\"https:\\\/\\\/wmtbaltic.lv\\\/#\\\/schema\\\/logo\\\/image\\\/\",\"url\":\"https:\\\/\\\/wmtbaltic.lv\\\/wp-content\\\/uploads\\\/2024\\\/12\\\/wmt-baltic-sia_107142_9_420x180.jpg\",\"contentUrl\":\"https:\\\/\\\/wmtbaltic.lv\\\/wp-content\\\/uploads\\\/2024\\\/12\\\/wmt-baltic-sia_107142_9_420x180.jpg\",\"width\":420,\"height\":180,\"caption\":\"WMT Baltic\"},\"image\":{\"@id\":\"https:\\\/\\\/wmtbaltic.lv\\\/#\\\/schema\\\/logo\\\/image\\\/\"},\"sameAs\":[\"https:\\\/\\\/www.facebook.com\\\/WMT.Baltic.viscom\\\/?locale=lv_LV\",\"https:\\\/\\\/www.instagram.com\\\/viscom_wmt\\\/\"]}]}<\/script>\n<!-- \/ Yoast SEO plugin. -->","yoast_head_json":{"title":"CYKLOS Rievo\u0161anas-perfor\u0101cijas-\u0161tanc\u0113\u0161anas iek\u0101rta GPM 450 verSA - WMT Baltic","description":"GPM 450 verSA izskats un manu\u0101l\u0101s padeves sist\u0113ma ir atvasin\u0101ta no GPM 450 SA. pieejam\u012bba ikvienam, tostarp ies\u0101c\u0113jiem. Nopirkt","robots":{"index":"index","follow":"follow","max-snippet":"max-snippet:-1","max-image-preview":"max-image-preview:large","max-video-preview":"max-video-preview:-1"},"canonical":"https:\/\/wmtbaltic.lv\/Produkts\/cyklos-rievosanas-perforacijas-stancesanas-iekarta-gpm-450-versa\/","og_locale":"en_US","og_type":"article","og_title":"CYKLOS Rievo\u0161anas-perfor\u0101cijas-\u0161tanc\u0113\u0161anas iek\u0101rta GPM 450 verSA - WMT Baltic","og_description":"GPM 450 verSA izskats un manu\u0101l\u0101s padeves sist\u0113ma ir atvasin\u0101ta no GPM 450 SA. pieejam\u012bba ikvienam, tostarp ies\u0101c\u0113jiem. Nopirkt","og_url":"https:\/\/wmtbaltic.lv\/Produkts\/cyklos-rievosanas-perforacijas-stancesanas-iekarta-gpm-450-versa\/","og_site_name":"WMT Baltic","article_publisher":"https:\/\/www.facebook.com\/WMT.Baltic.viscom\/?locale=lv_LV","article_modified_time":"2023-10-24T11:23:39+00:00","og_image":[{"width":1087,"height":782,"url":"http:\/\/wmtbaltic.lv\/wp-content\/uploads\/2023\/10\/GPM-450-verSA_800px-c113fbff.jpg","type":"image\/jpeg"}],"twitter_card":"summary_large_image","twitter_misc":{"Est. reading time":"2 minutes"},"schema":{"@context":"https:\/\/schema.org","@graph":[{"@type":"WebPage","@id":"https:\/\/wmtbaltic.lv\/Produkts\/cyklos-rievosanas-perforacijas-stancesanas-iekarta-gpm-450-versa\/","url":"https:\/\/wmtbaltic.lv\/Produkts\/cyklos-rievosanas-perforacijas-stancesanas-iekarta-gpm-450-versa\/","name":"CYKLOS Rievo\u0161anas-perfor\u0101cijas-\u0161tanc\u0113\u0161anas iek\u0101rta GPM 450 verSA - WMT Baltic","isPartOf":{"@id":"https:\/\/wmtbaltic.lv\/#website"},"primaryImageOfPage":{"@id":"https:\/\/wmtbaltic.lv\/Produkts\/cyklos-rievosanas-perforacijas-stancesanas-iekarta-gpm-450-versa\/#primaryimage"},"image":{"@id":"https:\/\/wmtbaltic.lv\/Produkts\/cyklos-rievosanas-perforacijas-stancesanas-iekarta-gpm-450-versa\/#primaryimage"},"thumbnailUrl":"https:\/\/wmtbaltic.lv\/wp-content\/uploads\/2023\/10\/GPM-450-verSA_800px-c113fbff.jpg","datePublished":"2023-10-24T11:23:36+00:00","dateModified":"2023-10-24T11:23:39+00:00","description":"GPM 450 verSA izskats un manu\u0101l\u0101s padeves sist\u0113ma ir atvasin\u0101ta no GPM 450 SA. pieejam\u012bba ikvienam, tostarp ies\u0101c\u0113jiem. Nopirkt","breadcrumb":{"@id":"https:\/\/wmtbaltic.lv\/Produkts\/cyklos-rievosanas-perforacijas-stancesanas-iekarta-gpm-450-versa\/#breadcrumb"},"inLanguage":"en-US","potentialAction":[{"@type":"ReadAction","target":["https:\/\/wmtbaltic.lv\/Produkts\/cyklos-rievosanas-perforacijas-stancesanas-iekarta-gpm-450-versa\/"]}]},{"@type":"ImageObject","inLanguage":"en-US","@id":"https:\/\/wmtbaltic.lv\/Produkts\/cyklos-rievosanas-perforacijas-stancesanas-iekarta-gpm-450-versa\/#primaryimage","url":"https:\/\/wmtbaltic.lv\/wp-content\/uploads\/2023\/10\/GPM-450-verSA_800px-c113fbff.jpg","contentUrl":"https:\/\/wmtbaltic.lv\/wp-content\/uploads\/2023\/10\/GPM-450-verSA_800px-c113fbff.jpg","width":1087,"height":782},{"@type":"BreadcrumbList","@id":"https:\/\/wmtbaltic.lv\/Produkts\/cyklos-rievosanas-perforacijas-stancesanas-iekarta-gpm-450-versa\/#breadcrumb","itemListElement":[{"@type":"ListItem","position":1,"name":"Home","item":"https:\/\/wmtbaltic.lv\/en\/"},{"@type":"ListItem","position":2,"name":"Products","item":"https:\/\/wmtbaltic.lv\/en\/shop\/"},{"@type":"ListItem","position":3,"name":"CYKLOS Rievo\u0161anas-perfor\u0101cijas-\u0161tanc\u0113\u0161anas iek\u0101rta GPM 450 verSA"}]},{"@type":"WebSite","@id":"https:\/\/wmtbaltic.lv\/#website","url":"https:\/\/wmtbaltic.lv\/","name":"WMT Baltic","description":"Rekl\u0101mas produkti, pl\u0113ves","publisher":{"@id":"https:\/\/wmtbaltic.lv\/#organization"},"potentialAction":[{"@type":"SearchAction","target":{"@type":"EntryPoint","urlTemplate":"https:\/\/wmtbaltic.lv\/?s={search_term_string}"},"query-input":{"@type":"PropertyValueSpecification","valueRequired":true,"valueName":"search_term_string"}}],"inLanguage":"en-US"},{"@type":"Organization","@id":"https:\/\/wmtbaltic.lv\/#organization","name":"WMT Baltic","url":"https:\/\/wmtbaltic.lv\/","logo":{"@type":"ImageObject","inLanguage":"en-US","@id":"https:\/\/wmtbaltic.lv\/#\/schema\/logo\/image\/","url":"https:\/\/wmtbaltic.lv\/wp-content\/uploads\/2024\/12\/wmt-baltic-sia_107142_9_420x180.jpg","contentUrl":"https:\/\/wmtbaltic.lv\/wp-content\/uploads\/2024\/12\/wmt-baltic-sia_107142_9_420x180.jpg","width":420,"height":180,"caption":"WMT Baltic"},"image":{"@id":"https:\/\/wmtbaltic.lv\/#\/schema\/logo\/image\/"},"sameAs":["https:\/\/www.facebook.com\/WMT.Baltic.viscom\/?locale=lv_LV","https:\/\/www.instagram.com\/viscom_wmt\/"]}]}},"_links":{"self":[{"href":"https:\/\/wmtbaltic.lv\/en\/wp-json\/wp\/v2\/product\/15484","targetHints":{"allow":["GET"]}}],"collection":[{"href":"https:\/\/wmtbaltic.lv\/en\/wp-json\/wp\/v2\/product"}],"about":[{"href":"https:\/\/wmtbaltic.lv\/en\/wp-json\/wp\/v2\/types\/product"}],"replies":[{"embeddable":true,"href":"https:\/\/wmtbaltic.lv\/en\/wp-json\/wp\/v2\/comments?post=15484"}],"wp:featuredmedia":[{"embeddable":true,"href":"https:\/\/wmtbaltic.lv\/en\/wp-json\/wp\/v2\/media\/15495"}],"wp:attachment":[{"href":"https:\/\/wmtbaltic.lv\/en\/wp-json\/wp\/v2\/media?parent=15484"}],"wp:term":[{"taxonomy":"product_brand","embeddable":true,"href":"https:\/\/wmtbaltic.lv\/en\/wp-json\/wp\/v2\/product_brand?post=15484"},{"taxonomy":"product_cat","embeddable":true,"href":"https:\/\/wmtbaltic.lv\/en\/wp-json\/wp\/v2\/product_cat?post=15484"},{"taxonomy":"product_tag","embeddable":true,"href":"https:\/\/wmtbaltic.lv\/en\/wp-json\/wp\/v2\/product_tag?post=15484"}],"curies":[{"name":"wp","href":"https:\/\/api.w.org\/{rel}","templated":true}]}}