{"id":15419,"date":"2023-10-24T09:27:52","date_gmt":"2023-10-24T09:27:52","guid":{"rendered":"https:\/\/wmtbaltic.lv\/?post_type=product&#038;p=15419"},"modified":"2026-03-30T08:11:16","modified_gmt":"2026-03-30T08:11:16","slug":"cyklos-bigosanas-perforacijas-stancesanas-iekarta-airspeed-450","status":"publish","type":"product","link":"https:\/\/wmtbaltic.lv\/en\/product\/cyklos-bigosanas-perforacijas-stancesanas-iekarta-airspeed-450\/","title":{"rendered":"CYKLOS Bigo\u0161anas-perfor\u0101cijas-\u0161tanc\u0113\u0161anas iek\u0101rta AirSpeed 450"},"content":{"rendered":"<p><strong>Bigo\u0161anas-perfor\u0101cijas-\u0161tanc\u0113\u0161anas iek\u0101rta AirSpeed 450<\/strong><\/p>\n<p>V\u0113l viens solis uz priek\u0161u sal\u012bdzin\u0101jum\u0101 ar GPM 450 SA un GPM 450 SPEED ir jaun\u0101 AIRSPEED 450 bigo\u0161anas, perfor\u0113\u0161anas un \u0161tanc\u0113\u0161anas iek\u0101rta. T\u0101 unik\u0101l\u0101 gaisa padeves sist\u0113ma \u013cauj apstr\u0101d\u0101t visu veidu pap\u012bru 80 &#8211; 400 gsm robe\u017e\u0101s. Precizit\u0101te, padeves uzticam\u012bba, pielietojuma daudzpus\u012bba, opcion\u0101li rot\u0113jo\u0161ie perfor\u0113\u0161anas un grie\u0161anas instrumenti, k\u0101 ar\u012b liel\u0101ks \u0101trums un ievades jauda \u2013 tie visi ir \u0161\u012b mode\u013ca galvenie faktori, kas nodro\u0161ina v\u0113l vair\u0101k funkciju un uzlabotu produktivit\u0101ti nek\u0101 citi m\u016bsu GPM 450 mode\u013ci.<\/p>\n<p><strong>\u012apa\u0161\u012bbas:<\/strong><\/p>\n<ul>\n<li>uzticama padeve ar \u0101trumu l\u012bdz 3000 A4 loksn\u0113m\/A4<\/li>\n<li>liels darba galds un darba platums piem\u0113rots A2 pap\u012bra form\u0101tam<\/li>\n<li>sk\u0101rienj\u016bt\u012bgs displejs<\/li>\n<li>programmas uzglab\u0101\u0161anas iesp\u0113ja<\/li>\n<li>viegli main\u0101mi bigo\u0161anas, perfor\u0113\u0161anas un \u0161tanc\u0113\u0161anas instrumenti<\/li>\n<li>rot\u0113jo\u0161ie perfor\u0113\u0161anas un grie\u0161anas instrumenti<\/li>\n<li>\u0161\u0137\u0113rsperfor\u0101cija 1 sol\u012b<\/li>\n<li>Bigo\u0161anas divu platumu kan\u0101li<\/li>\n<li>augstas kvalit\u0101tes perfor\u0101cija<\/li>\n<li>mobilais galds \u0113rtai manipul\u0101cijai<\/li>\n<li>partiju komplekt\u0113\u0161ana<\/li>\n<li>opcion\u0101li \u201cwire punching\u201d instruments<\/li>\n<li>opcion\u0101li kalend\u0101ru \u0161tanc\u0113\u0161anas instruments<\/li>\n<li>opcion\u0101li \u201cEuro punch\u201d instruments<\/li>\n<li>opcion\u0101li da\u013c\u0113jas perfor\u0101cijas instruments<\/li>\n<li>opcion\u0101li ultraska\u0146as sensors dubult\u0101s loksnes noteik\u0161anai<\/li>\n<\/ul>\n<p><strong>Parametri:<\/strong><\/p>\n<p>Darba platums: 115 &#8211; 457 mm<\/p>\n<p>Pap\u012bra svars: 80 &#8211; 400 gsm (creasing, punching), 80 &#8211; 250 gsm (perforating)<\/p>\n<p><strong>Loc\u012b\u0161anas platums:<\/strong><\/p>\n<p>CITO 1,0 mm &#8211; paper grammage 80 &#8211; 200 gsm<\/p>\n<p>iron channel 1,9 mm &#8211; paper grammage 200 &#8211; 400 gsm<\/p>\n<p>Min\/max distance starp bigo\u0161anu: 1\/999mm<\/p>\n<p>Programmu skaits: 60<\/p>\n<p>Ievades kapacit\u0101te: 70mm<\/p>\n<p><strong>\u0100trums:<\/strong><\/p>\n<p>3.000 sheets A4\/ h (1 crease per sheet)<\/p>\n<p>4.300 sheets A4\/ h (0 crease per sheet)<\/p>\n<p>Iek\u0101rtas izm\u0113ri: 1320 x 755 x 455 mm (h = 1225 mm \u2013 uz galda)<\/p>\n<p>Iepakojuma izm\u0113ri: 1 pallet &#8211; 1200 x 800 x 720 mm (koka kaste)<\/p>\n<p>Iek\u0101rtas svars: \u00a0\u00a0 netto 140 kg, gross 189 kg (ieskaitot mobilo galdu)<\/p>\n<p>Spriegums\/Frekvence: 230 V\/ 50Hz, 110 V\/ 60 Hz<\/p>\n<p>Iepakojum\u0101: 2 x bigo\u0161anas ier\u012bces, 1 x perfor\u0101cijas ier\u012bce, 1 x rot\u0101cijas perfor\u0113\u0161anas komplekts, 1 x grie\u0161anas ritenis, mobilais galds<\/p>\n<p><strong>Opcion\u0101li:<\/strong><\/p>\n<p>Ultraska\u0146as sensors dubulto lok\u0161\u0146u noteik\u0161anai<\/p>\n<p>\u201cSheet turner\u201d instruments ar mob\u012blo galdu<\/p>\n<p>\u0160tanc\u0113\u0161anas instruments &#8211; kvadr\u0101ts 5&#215;5 mm, 2:1<\/p>\n<p>\u0160tanc\u0113\u0161anas instruments &#8211; kvadr\u0101ts 6&#215;6 mm, 2:1<\/p>\n<p>\u0160tanc\u0113\u0161anas instruments &#8211; kvadr\u0101ts 4&#215;4 mm, 3:1<\/p>\n<p>\u0160tanc\u0113\u0161anas instruments &#8211; kvadr\u0101ts 4&#215;4 mm, 3:1, kalend\u0101ru \u0161tanc\u0113\u0161anai<\/p>\n<p>\u0160tanc\u0113\u0161anas instruments \u2013 apa\u013c\u0161, diametrs 4 mm, 3:1<\/p>\n<p>\u0160tanc\u0113\u0161anas instruments \u2013 apa\u013c\u0161, diametrs 4 mm, 3:1 kalend\u0101ru \u0161tanc\u0113\u0161anai<\/p>\n<p>\u0160tanc\u0113\u0161anas instruments \u2013 ov\u0101ls, 5&#215;4 mm (plastic coil)<\/p>\n<p>Euro punch instruments<\/p>\n<p>Mikroperfor\u0101cijas instruments 30 TPI<\/p>\n<p>Da\u013c\u0113jas perfor\u0101cijas instruments<\/p>\n<p>Opcion\u0101li roto\u0161ie instrumenti:<\/p>\n<p>Perfor\u0101cijas ritenis 9 TPI<\/p>\n<p>Mikroperfor\u0101cijas ritenis 30 TPI<\/p>\n<p><a href=\"http:\/\/wmtbaltic.lv\/wp-content\/uploads\/2023\/10\/EN_Lietosanas-instrukcija.pdf\">EN_Lieto\u0161anas instrukcija<\/a><\/p>\n<p><a href=\"http:\/\/wmtbaltic.lv\/wp-content\/uploads\/2023\/10\/Brosura_airspeed_450.pdf\">Bro\u0161\u016bra_airspeed_450<\/a><\/p>\n<iframe loading=\"lazy\"  id=\"_ytid_45170\"  width=\"780\" height=\"439\"  data-origwidth=\"780\" data-origheight=\"439\" src=\"https:\/\/www.youtube.com\/embed\/sEGg2mOouAg?enablejsapi=1&autoplay=0&cc_load_policy=0&cc_lang_pref=&iv_load_policy=1&loop=0&rel=1&fs=1&playsinline=0&autohide=2&theme=dark&color=red&controls=1&disablekb=0&\" class=\"__youtube_prefs__  no-lazyload\" title=\"YouTube player\"  allow=\"fullscreen; accelerometer; autoplay; clipboard-write; encrypted-media; gyroscope; picture-in-picture; web-share\" referrerpolicy=\"strict-origin-when-cross-origin\" allowfullscreen data-no-lazy=\"1\" data-skipgform_ajax_framebjll=\"\"><\/iframe>\n<iframe loading=\"lazy\"  id=\"_ytid_74586\"  width=\"780\" height=\"439\"  data-origwidth=\"780\" data-origheight=\"439\" src=\"https:\/\/www.youtube.com\/embed\/elG7lEdDrdY?enablejsapi=1&autoplay=0&cc_load_policy=0&cc_lang_pref=&iv_load_policy=1&loop=0&rel=1&fs=1&playsinline=0&autohide=2&theme=dark&color=red&controls=1&disablekb=0&\" class=\"__youtube_prefs__  no-lazyload\" title=\"YouTube player\"  allow=\"fullscreen; accelerometer; autoplay; clipboard-write; encrypted-media; gyroscope; picture-in-picture; web-share\" referrerpolicy=\"strict-origin-when-cross-origin\" allowfullscreen data-no-lazy=\"1\" data-skipgform_ajax_framebjll=\"\"><\/iframe>\n","protected":false},"excerpt":{"rendered":"Bigo\u0161anas-perfor\u0101cijas-\u0161tanc\u0113\u0161anas iek\u0101rta AirSpeed 450 V\u0113l viens solis uz priek\u0161u sal\u012bdzin\u0101jum\u0101 ar GPM 450 SA un GPM 450 SPEED ir jaun\u0101 AIRSPEED 450 bigo\u0161anas, perfor\u0113\u0161anas un \u0161tanc\u0113\u0161anas iek\u0101rta. T\u0101 unik\u0101l\u0101 gaisa padeves sist\u0113ma \u013cauj apstr\u0101d\u0101t visu veidu pap\u012bru 80 - 400 gsm robe\u017e\u0101s. Precizit\u0101te, padeves uzticam\u012bba, pielietojuma daudzpus\u012bba, opcion\u0101li rot\u0113jo\u0161ie perfor\u0113\u0161anas un grie\u0161anas instrumenti, k\u0101 ar\u012b [...]","protected":false},"featured_media":15449,"template":"","meta":[],"product_brand":[],"product_cat":[426,71,258],"product_tag":[719,502,490,717],"class_list":{"0":"post-15419","1":"product","2":"type-product","3":"status-publish","4":"has-post-thumbnail","6":"product_cat-cyklos","7":"product_cat-griesana-locisana-rievosana","8":"product_cat-iekartas-un-izejmateriali","9":"product_tag-cyklos","10":"product_tag-griesana","11":"product_tag-locisana","12":"product_tag-rievosana","14":"first","15":"instock","16":"shipping-taxable","17":"purchasable","18":"product-type-simple"},"yoast_head":"<!-- This site is optimized with the Yoast SEO plugin v27.5 - https:\/\/yoast.com\/product\/yoast-seo-wordpress\/ -->\n<title>CYKLOS Bigo\u0161anas-perfor\u0101cijas-\u0161tanc\u0113\u0161anas iek\u0101rta AirSpeed 450 - WMT Baltic<\/title>\n<meta name=\"description\" content=\"GPM 450 SA un GPM 450 SPEED ir jaun\u0101 AIRSPEED 450 bigo\u0161anas, perfor\u0113\u0161anas un \u0161tanc\u0113\u0161anas iek\u0101rta. Apstr\u0101d\u0101 visu veidu pap\u012bru 80 - 400 gsm robe\u017e\u0101s.\" \/>\n<meta name=\"robots\" content=\"index, follow, max-snippet:-1, max-image-preview:large, max-video-preview:-1\" \/>\n<link rel=\"canonical\" href=\"https:\/\/wmtbaltic.lv\/product\/cyklos-bigosanas-perforacijas-stancesanas-iekarta-airspeed-450\/\" \/>\n<meta property=\"og:locale\" content=\"en_US\" \/>\n<meta property=\"og:type\" content=\"article\" \/>\n<meta property=\"og:title\" content=\"CYKLOS Bigo\u0161anas-perfor\u0101cijas-\u0161tanc\u0113\u0161anas iek\u0101rta AirSpeed 450 - WMT Baltic\" \/>\n<meta property=\"og:description\" content=\"GPM 450 SA un GPM 450 SPEED ir jaun\u0101 AIRSPEED 450 bigo\u0161anas, perfor\u0113\u0161anas un \u0161tanc\u0113\u0161anas iek\u0101rta. Apstr\u0101d\u0101 visu veidu pap\u012bru 80 - 400 gsm robe\u017e\u0101s.\" \/>\n<meta property=\"og:url\" content=\"https:\/\/wmtbaltic.lv\/product\/cyklos-bigosanas-perforacijas-stancesanas-iekarta-airspeed-450\/\" \/>\n<meta property=\"og:site_name\" content=\"WMT Baltic\" \/>\n<meta property=\"article:publisher\" content=\"https:\/\/www.facebook.com\/WMT.Baltic.viscom\/?locale=lv_LV\" \/>\n<meta property=\"article:modified_time\" content=\"2026-03-30T08:11:16+00:00\" \/>\n<meta property=\"og:image\" content=\"http:\/\/wmtbaltic.lv\/wp-content\/uploads\/2023\/10\/AirSpeed_450_with_table_resize_RGB-575d95e8.jpg\" \/>\n\t<meta property=\"og:image:width\" content=\"1065\" \/>\n\t<meta property=\"og:image:height\" content=\"854\" \/>\n\t<meta property=\"og:image:type\" content=\"image\/jpeg\" \/>\n<meta name=\"twitter:card\" content=\"summary_large_image\" \/>\n<meta name=\"twitter:label1\" content=\"Est. reading time\" \/>\n\t<meta name=\"twitter:data1\" content=\"2 minutes\" \/>\n<script type=\"application\/ld+json\" class=\"yoast-schema-graph\">{\"@context\":\"https:\\\/\\\/schema.org\",\"@graph\":[{\"@type\":\"WebPage\",\"@id\":\"https:\\\/\\\/wmtbaltic.lv\\\/product\\\/cyklos-bigosanas-perforacijas-stancesanas-iekarta-airspeed-450\\\/\",\"url\":\"https:\\\/\\\/wmtbaltic.lv\\\/product\\\/cyklos-bigosanas-perforacijas-stancesanas-iekarta-airspeed-450\\\/\",\"name\":\"CYKLOS Bigo\u0161anas-perfor\u0101cijas-\u0161tanc\u0113\u0161anas iek\u0101rta AirSpeed 450 - WMT Baltic\",\"isPartOf\":{\"@id\":\"https:\\\/\\\/wmtbaltic.lv\\\/#website\"},\"primaryImageOfPage\":{\"@id\":\"https:\\\/\\\/wmtbaltic.lv\\\/product\\\/cyklos-bigosanas-perforacijas-stancesanas-iekarta-airspeed-450\\\/#primaryimage\"},\"image\":{\"@id\":\"https:\\\/\\\/wmtbaltic.lv\\\/product\\\/cyklos-bigosanas-perforacijas-stancesanas-iekarta-airspeed-450\\\/#primaryimage\"},\"thumbnailUrl\":\"https:\\\/\\\/wmtbaltic.lv\\\/wp-content\\\/uploads\\\/2023\\\/10\\\/AirSpeed_450_with_table_resize_RGB-575d95e8.jpg\",\"datePublished\":\"2023-10-24T09:27:52+00:00\",\"dateModified\":\"2026-03-30T08:11:16+00:00\",\"description\":\"GPM 450 SA un GPM 450 SPEED ir jaun\u0101 AIRSPEED 450 bigo\u0161anas, perfor\u0113\u0161anas un \u0161tanc\u0113\u0161anas iek\u0101rta. Apstr\u0101d\u0101 visu veidu pap\u012bru 80 - 400 gsm robe\u017e\u0101s.\",\"breadcrumb\":{\"@id\":\"https:\\\/\\\/wmtbaltic.lv\\\/product\\\/cyklos-bigosanas-perforacijas-stancesanas-iekarta-airspeed-450\\\/#breadcrumb\"},\"inLanguage\":\"en-US\",\"potentialAction\":[{\"@type\":\"ReadAction\",\"target\":[\"https:\\\/\\\/wmtbaltic.lv\\\/product\\\/cyklos-bigosanas-perforacijas-stancesanas-iekarta-airspeed-450\\\/\"]}]},{\"@type\":\"ImageObject\",\"inLanguage\":\"en-US\",\"@id\":\"https:\\\/\\\/wmtbaltic.lv\\\/product\\\/cyklos-bigosanas-perforacijas-stancesanas-iekarta-airspeed-450\\\/#primaryimage\",\"url\":\"https:\\\/\\\/wmtbaltic.lv\\\/wp-content\\\/uploads\\\/2023\\\/10\\\/AirSpeed_450_with_table_resize_RGB-575d95e8.jpg\",\"contentUrl\":\"https:\\\/\\\/wmtbaltic.lv\\\/wp-content\\\/uploads\\\/2023\\\/10\\\/AirSpeed_450_with_table_resize_RGB-575d95e8.jpg\",\"width\":1065,\"height\":854},{\"@type\":\"BreadcrumbList\",\"@id\":\"https:\\\/\\\/wmtbaltic.lv\\\/product\\\/cyklos-bigosanas-perforacijas-stancesanas-iekarta-airspeed-450\\\/#breadcrumb\",\"itemListElement\":[{\"@type\":\"ListItem\",\"position\":1,\"name\":\"Home\",\"item\":\"https:\\\/\\\/wmtbaltic.lv\\\/en\\\/\"},{\"@type\":\"ListItem\",\"position\":2,\"name\":\"Shop\",\"item\":\"https:\\\/\\\/wmtbaltic.lv\\\/shop\\\/\"},{\"@type\":\"ListItem\",\"position\":3,\"name\":\"CYKLOS Bigo\u0161anas-perfor\u0101cijas-\u0161tanc\u0113\u0161anas iek\u0101rta AirSpeed 450\"}]},{\"@type\":\"WebSite\",\"@id\":\"https:\\\/\\\/wmtbaltic.lv\\\/#website\",\"url\":\"https:\\\/\\\/wmtbaltic.lv\\\/\",\"name\":\"WMT Baltic\",\"description\":\"Rekl\u0101mas produkti, pl\u0113ves\",\"publisher\":{\"@id\":\"https:\\\/\\\/wmtbaltic.lv\\\/#organization\"},\"potentialAction\":[{\"@type\":\"SearchAction\",\"target\":{\"@type\":\"EntryPoint\",\"urlTemplate\":\"https:\\\/\\\/wmtbaltic.lv\\\/?s={search_term_string}\"},\"query-input\":{\"@type\":\"PropertyValueSpecification\",\"valueRequired\":true,\"valueName\":\"search_term_string\"}}],\"inLanguage\":\"en-US\"},{\"@type\":\"Organization\",\"@id\":\"https:\\\/\\\/wmtbaltic.lv\\\/#organization\",\"name\":\"WMT Baltic\",\"url\":\"https:\\\/\\\/wmtbaltic.lv\\\/\",\"logo\":{\"@type\":\"ImageObject\",\"inLanguage\":\"en-US\",\"@id\":\"https:\\\/\\\/wmtbaltic.lv\\\/#\\\/schema\\\/logo\\\/image\\\/\",\"url\":\"https:\\\/\\\/wmtbaltic.lv\\\/wp-content\\\/uploads\\\/2024\\\/12\\\/wmt-baltic-sia_107142_9_420x180.jpg\",\"contentUrl\":\"https:\\\/\\\/wmtbaltic.lv\\\/wp-content\\\/uploads\\\/2024\\\/12\\\/wmt-baltic-sia_107142_9_420x180.jpg\",\"width\":420,\"height\":180,\"caption\":\"WMT Baltic\"},\"image\":{\"@id\":\"https:\\\/\\\/wmtbaltic.lv\\\/#\\\/schema\\\/logo\\\/image\\\/\"},\"sameAs\":[\"https:\\\/\\\/www.facebook.com\\\/WMT.Baltic.viscom\\\/?locale=lv_LV\",\"https:\\\/\\\/www.instagram.com\\\/viscom_wmt\\\/\"]}]}<\/script>\n<!-- \/ Yoast SEO plugin. -->","yoast_head_json":{"title":"CYKLOS Bigo\u0161anas-perfor\u0101cijas-\u0161tanc\u0113\u0161anas iek\u0101rta AirSpeed 450 - WMT Baltic","description":"GPM 450 SA un GPM 450 SPEED ir jaun\u0101 AIRSPEED 450 bigo\u0161anas, perfor\u0113\u0161anas un \u0161tanc\u0113\u0161anas iek\u0101rta. Apstr\u0101d\u0101 visu veidu pap\u012bru 80 - 400 gsm robe\u017e\u0101s.","robots":{"index":"index","follow":"follow","max-snippet":"max-snippet:-1","max-image-preview":"max-image-preview:large","max-video-preview":"max-video-preview:-1"},"canonical":"https:\/\/wmtbaltic.lv\/product\/cyklos-bigosanas-perforacijas-stancesanas-iekarta-airspeed-450\/","og_locale":"en_US","og_type":"article","og_title":"CYKLOS Bigo\u0161anas-perfor\u0101cijas-\u0161tanc\u0113\u0161anas iek\u0101rta AirSpeed 450 - WMT Baltic","og_description":"GPM 450 SA un GPM 450 SPEED ir jaun\u0101 AIRSPEED 450 bigo\u0161anas, perfor\u0113\u0161anas un \u0161tanc\u0113\u0161anas iek\u0101rta. Apstr\u0101d\u0101 visu veidu pap\u012bru 80 - 400 gsm robe\u017e\u0101s.","og_url":"https:\/\/wmtbaltic.lv\/product\/cyklos-bigosanas-perforacijas-stancesanas-iekarta-airspeed-450\/","og_site_name":"WMT Baltic","article_publisher":"https:\/\/www.facebook.com\/WMT.Baltic.viscom\/?locale=lv_LV","article_modified_time":"2026-03-30T08:11:16+00:00","og_image":[{"width":1065,"height":854,"url":"http:\/\/wmtbaltic.lv\/wp-content\/uploads\/2023\/10\/AirSpeed_450_with_table_resize_RGB-575d95e8.jpg","type":"image\/jpeg"}],"twitter_card":"summary_large_image","twitter_misc":{"Est. reading time":"2 minutes"},"schema":{"@context":"https:\/\/schema.org","@graph":[{"@type":"WebPage","@id":"https:\/\/wmtbaltic.lv\/product\/cyklos-bigosanas-perforacijas-stancesanas-iekarta-airspeed-450\/","url":"https:\/\/wmtbaltic.lv\/product\/cyklos-bigosanas-perforacijas-stancesanas-iekarta-airspeed-450\/","name":"CYKLOS Bigo\u0161anas-perfor\u0101cijas-\u0161tanc\u0113\u0161anas iek\u0101rta AirSpeed 450 - WMT Baltic","isPartOf":{"@id":"https:\/\/wmtbaltic.lv\/#website"},"primaryImageOfPage":{"@id":"https:\/\/wmtbaltic.lv\/product\/cyklos-bigosanas-perforacijas-stancesanas-iekarta-airspeed-450\/#primaryimage"},"image":{"@id":"https:\/\/wmtbaltic.lv\/product\/cyklos-bigosanas-perforacijas-stancesanas-iekarta-airspeed-450\/#primaryimage"},"thumbnailUrl":"https:\/\/wmtbaltic.lv\/wp-content\/uploads\/2023\/10\/AirSpeed_450_with_table_resize_RGB-575d95e8.jpg","datePublished":"2023-10-24T09:27:52+00:00","dateModified":"2026-03-30T08:11:16+00:00","description":"GPM 450 SA un GPM 450 SPEED ir jaun\u0101 AIRSPEED 450 bigo\u0161anas, perfor\u0113\u0161anas un \u0161tanc\u0113\u0161anas iek\u0101rta. Apstr\u0101d\u0101 visu veidu pap\u012bru 80 - 400 gsm robe\u017e\u0101s.","breadcrumb":{"@id":"https:\/\/wmtbaltic.lv\/product\/cyklos-bigosanas-perforacijas-stancesanas-iekarta-airspeed-450\/#breadcrumb"},"inLanguage":"en-US","potentialAction":[{"@type":"ReadAction","target":["https:\/\/wmtbaltic.lv\/product\/cyklos-bigosanas-perforacijas-stancesanas-iekarta-airspeed-450\/"]}]},{"@type":"ImageObject","inLanguage":"en-US","@id":"https:\/\/wmtbaltic.lv\/product\/cyklos-bigosanas-perforacijas-stancesanas-iekarta-airspeed-450\/#primaryimage","url":"https:\/\/wmtbaltic.lv\/wp-content\/uploads\/2023\/10\/AirSpeed_450_with_table_resize_RGB-575d95e8.jpg","contentUrl":"https:\/\/wmtbaltic.lv\/wp-content\/uploads\/2023\/10\/AirSpeed_450_with_table_resize_RGB-575d95e8.jpg","width":1065,"height":854},{"@type":"BreadcrumbList","@id":"https:\/\/wmtbaltic.lv\/product\/cyklos-bigosanas-perforacijas-stancesanas-iekarta-airspeed-450\/#breadcrumb","itemListElement":[{"@type":"ListItem","position":1,"name":"Home","item":"https:\/\/wmtbaltic.lv\/en\/"},{"@type":"ListItem","position":2,"name":"Shop","item":"https:\/\/wmtbaltic.lv\/shop\/"},{"@type":"ListItem","position":3,"name":"CYKLOS Bigo\u0161anas-perfor\u0101cijas-\u0161tanc\u0113\u0161anas iek\u0101rta AirSpeed 450"}]},{"@type":"WebSite","@id":"https:\/\/wmtbaltic.lv\/#website","url":"https:\/\/wmtbaltic.lv\/","name":"WMT Baltic","description":"Rekl\u0101mas produkti, pl\u0113ves","publisher":{"@id":"https:\/\/wmtbaltic.lv\/#organization"},"potentialAction":[{"@type":"SearchAction","target":{"@type":"EntryPoint","urlTemplate":"https:\/\/wmtbaltic.lv\/?s={search_term_string}"},"query-input":{"@type":"PropertyValueSpecification","valueRequired":true,"valueName":"search_term_string"}}],"inLanguage":"en-US"},{"@type":"Organization","@id":"https:\/\/wmtbaltic.lv\/#organization","name":"WMT Baltic","url":"https:\/\/wmtbaltic.lv\/","logo":{"@type":"ImageObject","inLanguage":"en-US","@id":"https:\/\/wmtbaltic.lv\/#\/schema\/logo\/image\/","url":"https:\/\/wmtbaltic.lv\/wp-content\/uploads\/2024\/12\/wmt-baltic-sia_107142_9_420x180.jpg","contentUrl":"https:\/\/wmtbaltic.lv\/wp-content\/uploads\/2024\/12\/wmt-baltic-sia_107142_9_420x180.jpg","width":420,"height":180,"caption":"WMT Baltic"},"image":{"@id":"https:\/\/wmtbaltic.lv\/#\/schema\/logo\/image\/"},"sameAs":["https:\/\/www.facebook.com\/WMT.Baltic.viscom\/?locale=lv_LV","https:\/\/www.instagram.com\/viscom_wmt\/"]}]}},"_links":{"self":[{"href":"https:\/\/wmtbaltic.lv\/en\/wp-json\/wp\/v2\/product\/15419","targetHints":{"allow":["GET"]}}],"collection":[{"href":"https:\/\/wmtbaltic.lv\/en\/wp-json\/wp\/v2\/product"}],"about":[{"href":"https:\/\/wmtbaltic.lv\/en\/wp-json\/wp\/v2\/types\/product"}],"wp:featuredmedia":[{"embeddable":true,"href":"https:\/\/wmtbaltic.lv\/en\/wp-json\/wp\/v2\/media\/15449"}],"wp:attachment":[{"href":"https:\/\/wmtbaltic.lv\/en\/wp-json\/wp\/v2\/media?parent=15419"}],"wp:term":[{"taxonomy":"product_brand","embeddable":true,"href":"https:\/\/wmtbaltic.lv\/en\/wp-json\/wp\/v2\/product_brand?post=15419"},{"taxonomy":"product_cat","embeddable":true,"href":"https:\/\/wmtbaltic.lv\/en\/wp-json\/wp\/v2\/product_cat?post=15419"},{"taxonomy":"product_tag","embeddable":true,"href":"https:\/\/wmtbaltic.lv\/en\/wp-json\/wp\/v2\/product_tag?post=15419"}],"curies":[{"name":"wp","href":"https:\/\/api.w.org\/{rel}","templated":true}]}}