{"id":15407,"date":"2023-10-24T09:01:01","date_gmt":"2023-10-24T09:01:01","guid":{"rendered":"https:\/\/wmtbaltic.lv\/?post_type=product&#038;p=15407"},"modified":"2026-03-30T08:10:53","modified_gmt":"2026-03-30T08:10:53","slug":"cyklos-bigosanas-perforacijas-iekarta-gpm-450-sa","status":"publish","type":"product","link":"https:\/\/wmtbaltic.lv\/en\/product\/cyklos-bigosanas-perforacijas-iekarta-gpm-450-sa\/","title":{"rendered":"CYKLOS Bigo\u0161anas-perfor\u0101cijas iek\u0101rta GPM 450 SA"},"content":{"rendered":"<p>Pusautom\u0101tisk\u0101 bigo\u0161anas \u2013 perfor\u0113\u0161anas iek\u0101rta ar programmat\u016bru un darba platumu 450 mm. Manu\u0101la pap\u012bra ievade, pap\u012bra p\u0101rvieto\u0161anu nodro\u0161ina motors. Nodro\u0161ina augstas kvalit\u0101tes digit\u0101li druk\u0101ta pap\u012bra bigo\u0161anu. Pagrie\u017eot aug\u0161\u0113jo (piln\u012bgo) stieni aiz perfor\u0113jo\u0161\u0101 un p\u0113c apak\u0161\u0113j\u0101s kombin\u0113t\u0101s stie\u0146a apg\u0101\u0161an\u0101s, iesp\u0113jams veikt perfor\u0101ciju. Perfor\u0101cija bez atkritumiem atvieglo pap\u012bra atdal\u012b\u0161anu.<\/p>\n<p><strong>\u012apa\u0161\u012bbas:<\/strong><\/p>\n<ul>\n<li>Lieljaudas met\u0101la konstrukcija<\/li>\n<li>Paredz\u0113ta gan bigo\u0161anai, gan perfor\u0113\u0161anai<\/li>\n<li>Noder ar\u012b lamin\u0113tu dokumentu bigo\u0161anai<\/li>\n<li>Programma atmi\u0146\u0101 var saglab\u0101t l\u012bdz 5 iepriek\u0161 iestat\u012bt\u0101m lietojumprogramm\u0101m<\/li>\n<li>Kvalitat\u012bva perfor\u0101cija<\/li>\n<li>Autom\u0101tiska iepriek\u0161 noteiktu loc\u012bjumu mekl\u0113\u0161ana (1\/2, 1\/3, 1\/4, gr\u0101matas v\u0101ks)<\/li>\n<li>Sk\u0101rienj\u016bt\u012bgs ekr\u0101ns<\/li>\n<li>Liela darba galds (l\u012bdz A2 form\u0101tam)<\/li>\n<li>8 valodas (ang\u013cu, v\u0101cu, fran\u010du, sp\u0101\u0146u, it\u0101\u013cu, krievu, grie\u0137u un \u010dehu)<\/li>\n<\/ul>\n<p><strong>Parametri:<\/strong><\/p>\n<p>Darba platums: 100 &#8211; 450 mm (min. garums 95 mm)<\/p>\n<p>Pap\u012bra svars: 80 &#8211; 400 g\/m2 (creasing), 80 &#8211; 250 g\/m2 (perforating)<\/p>\n<p>Loc\u012b\u0161anas platums:<\/p>\n<p>CITO 1,0 mm \u2013 pap\u012bra biezums &lt; 0,2 mm (rekomend\u0113ts 80 &#8211; 150 gsm)<\/p>\n<p>CITO 1,4 mm &#8211; pap\u012bra biezums 0,2 &#8211; 0,4 mm (rekomend\u0113ts 160 &#8211; 250 gsm)<\/p>\n<p>iron channel &#8211; pap\u012bra biezums 0,4 &#8211; 0,5 mm (rekomend\u0113ts 250 &#8211; 400 gsm)<\/p>\n<p>Min\/max distance starp bigo\u0161anu: 2\/ 1000 mm<\/p>\n<p>Loc\u012b\u0161anas veidi: 1\/2, 1\/3, 1\/4, book cover<\/p>\n<p>\u0100trums: 1500 sheets A4\/h (1 crease per A4)<\/p>\n<p>Iek\u0101rtas izm\u0113ri: 1200 x 640 x 300 mm<\/p>\n<p>Iepakojuma izm\u0113ri: 700 x 740 x 400 mm<\/p>\n<p>Iek\u0101rtas svars: \u00a0\u00a0 nett 52,5 kg, gross 56 kg<\/p>\n<p>Spriegums\/Frekvence: 230 V\/ 50Hz, 110 V \/ 60Hz<\/p>\n<p><a href=\"http:\/\/wmtbaltic.lv\/wp-content\/uploads\/2023\/10\/Lietosanas-instrukcija-GPM-450-SA.pdf\">Lieto\u0161anas instrukcija GPM 450 SA<\/a><\/p>\n<p><a href=\"http:\/\/wmtbaltic.lv\/wp-content\/uploads\/2023\/10\/Brosura_GPM_450sa.pdf\">Bro\u0161\u016bra_GPM_450sa<\/a><\/p>\n<iframe loading=\"lazy\"  id=\"_ytid_40232\"  width=\"780\" height=\"439\"  data-origwidth=\"780\" data-origheight=\"439\" src=\"https:\/\/www.youtube.com\/embed\/bgjR4Fbc3nw?enablejsapi=1&autoplay=0&cc_load_policy=0&cc_lang_pref=&iv_load_policy=1&loop=0&rel=1&fs=1&playsinline=0&autohide=2&theme=dark&color=red&controls=1&disablekb=0&\" class=\"__youtube_prefs__  no-lazyload\" title=\"YouTube player\"  allow=\"fullscreen; accelerometer; autoplay; clipboard-write; encrypted-media; gyroscope; picture-in-picture; web-share\" referrerpolicy=\"strict-origin-when-cross-origin\" allowfullscreen data-no-lazy=\"1\" data-skipgform_ajax_framebjll=\"\"><\/iframe>\n","protected":false},"excerpt":{"rendered":"Pusautom\u0101tisk\u0101 bigo\u0161anas \u2013 perfor\u0113\u0161anas iek\u0101rta ar programmat\u016bru un darba platumu 450 mm. Manu\u0101la pap\u012bra ievade, pap\u012bra p\u0101rvieto\u0161anu nodro\u0161ina motors. Nodro\u0161ina augstas kvalit\u0101tes digit\u0101li druk\u0101ta pap\u012bra bigo\u0161anu. Pagrie\u017eot aug\u0161\u0113jo (piln\u012bgo) stieni aiz perfor\u0113jo\u0161\u0101 un p\u0113c apak\u0161\u0113j\u0101s kombin\u0113t\u0101s stie\u0146a apg\u0101\u0161an\u0101s, iesp\u0113jams veikt perfor\u0101ciju. Perfor\u0101cija bez atkritumiem atvieglo pap\u012bra atdal\u012b\u0161anu. \u012apa\u0161\u012bbas: Lieljaudas met\u0101la konstrukcija Paredz\u0113ta gan bigo\u0161anai, gan [...]","protected":false},"featured_media":15417,"template":"","meta":[],"product_brand":[],"product_cat":[426,71,258],"product_tag":[1307,719,1306,1308],"class_list":{"0":"post-15407","1":"product","2":"type-product","3":"status-publish","4":"has-post-thumbnail","6":"product_cat-cyklos","7":"product_cat-griesana-locisana-rievosana","8":"product_cat-iekartas-un-izejmateriali","9":"product_tag-bigosanas_iekarta","10":"product_tag-cyklos","11":"product_tag-gpm_450_sa","12":"product_tag-perforesanas_iekarta","14":"first","15":"instock","16":"shipping-taxable","17":"purchasable","18":"product-type-simple"},"yoast_head":"<!-- This site is optimized with the Yoast SEO plugin v27.5 - https:\/\/yoast.com\/product\/yoast-seo-wordpress\/ -->\n<title>CYKLOS Bigo\u0161anas-perfor\u0101cijas iek\u0101rta GPM 450 SA - WMT Baltic<\/title>\n<meta name=\"description\" content=\"Pusautom\u0101tisk\u0101 bigo\u0161anas \u2013 perfor\u0113\u0161anas iek\u0101rta ar programmat\u016bru un darba platumu 450 mm. Manu\u0101la pap\u012bra ievade, pap\u012bra p\u0101rvieto\u0161anu nodro\u0161ina motors.\" \/>\n<meta name=\"robots\" content=\"index, follow, max-snippet:-1, max-image-preview:large, max-video-preview:-1\" \/>\n<link rel=\"canonical\" href=\"https:\/\/wmtbaltic.lv\/product\/cyklos-bigosanas-perforacijas-iekarta-gpm-450-sa\/\" \/>\n<meta property=\"og:locale\" content=\"en_US\" \/>\n<meta property=\"og:type\" content=\"article\" \/>\n<meta property=\"og:title\" content=\"CYKLOS Bigo\u0161anas-perfor\u0101cijas iek\u0101rta GPM 450 SA - WMT Baltic\" \/>\n<meta property=\"og:description\" content=\"Pusautom\u0101tisk\u0101 bigo\u0161anas \u2013 perfor\u0113\u0161anas iek\u0101rta ar programmat\u016bru un darba platumu 450 mm. Manu\u0101la pap\u012bra ievade, pap\u012bra p\u0101rvieto\u0161anu nodro\u0161ina motors.\" \/>\n<meta property=\"og:url\" content=\"https:\/\/wmtbaltic.lv\/product\/cyklos-bigosanas-perforacijas-iekarta-gpm-450-sa\/\" \/>\n<meta property=\"og:site_name\" content=\"WMT Baltic\" \/>\n<meta property=\"article:publisher\" content=\"https:\/\/www.facebook.com\/WMT.Baltic.viscom\/?locale=lv_LV\" \/>\n<meta property=\"article:modified_time\" content=\"2026-03-30T08:10:53+00:00\" \/>\n<meta property=\"og:image\" content=\"http:\/\/wmtbaltic.lv\/wp-content\/uploads\/2023\/10\/Creaser-Perforator-GPM-450-SA-440cac18.jpg\" \/>\n\t<meta property=\"og:image:width\" content=\"932\" \/>\n\t<meta property=\"og:image:height\" content=\"711\" \/>\n\t<meta property=\"og:image:type\" content=\"image\/jpeg\" \/>\n<meta name=\"twitter:card\" content=\"summary_large_image\" \/>\n<meta name=\"twitter:label1\" content=\"Est. reading time\" \/>\n\t<meta name=\"twitter:data1\" content=\"2 minutes\" \/>\n<script type=\"application\/ld+json\" class=\"yoast-schema-graph\">{\"@context\":\"https:\\\/\\\/schema.org\",\"@graph\":[{\"@type\":\"WebPage\",\"@id\":\"https:\\\/\\\/wmtbaltic.lv\\\/product\\\/cyklos-bigosanas-perforacijas-iekarta-gpm-450-sa\\\/\",\"url\":\"https:\\\/\\\/wmtbaltic.lv\\\/product\\\/cyklos-bigosanas-perforacijas-iekarta-gpm-450-sa\\\/\",\"name\":\"CYKLOS Bigo\u0161anas-perfor\u0101cijas iek\u0101rta GPM 450 SA - WMT Baltic\",\"isPartOf\":{\"@id\":\"https:\\\/\\\/wmtbaltic.lv\\\/#website\"},\"primaryImageOfPage\":{\"@id\":\"https:\\\/\\\/wmtbaltic.lv\\\/product\\\/cyklos-bigosanas-perforacijas-iekarta-gpm-450-sa\\\/#primaryimage\"},\"image\":{\"@id\":\"https:\\\/\\\/wmtbaltic.lv\\\/product\\\/cyklos-bigosanas-perforacijas-iekarta-gpm-450-sa\\\/#primaryimage\"},\"thumbnailUrl\":\"https:\\\/\\\/wmtbaltic.lv\\\/wp-content\\\/uploads\\\/2023\\\/10\\\/Creaser-Perforator-GPM-450-SA-440cac18.jpg\",\"datePublished\":\"2023-10-24T09:01:01+00:00\",\"dateModified\":\"2026-03-30T08:10:53+00:00\",\"description\":\"Pusautom\u0101tisk\u0101 bigo\u0161anas \u2013 perfor\u0113\u0161anas iek\u0101rta ar programmat\u016bru un darba platumu 450 mm. Manu\u0101la pap\u012bra ievade, pap\u012bra p\u0101rvieto\u0161anu nodro\u0161ina motors.\",\"breadcrumb\":{\"@id\":\"https:\\\/\\\/wmtbaltic.lv\\\/product\\\/cyklos-bigosanas-perforacijas-iekarta-gpm-450-sa\\\/#breadcrumb\"},\"inLanguage\":\"en-US\",\"potentialAction\":[{\"@type\":\"ReadAction\",\"target\":[\"https:\\\/\\\/wmtbaltic.lv\\\/product\\\/cyklos-bigosanas-perforacijas-iekarta-gpm-450-sa\\\/\"]}]},{\"@type\":\"ImageObject\",\"inLanguage\":\"en-US\",\"@id\":\"https:\\\/\\\/wmtbaltic.lv\\\/product\\\/cyklos-bigosanas-perforacijas-iekarta-gpm-450-sa\\\/#primaryimage\",\"url\":\"https:\\\/\\\/wmtbaltic.lv\\\/wp-content\\\/uploads\\\/2023\\\/10\\\/Creaser-Perforator-GPM-450-SA-440cac18.jpg\",\"contentUrl\":\"https:\\\/\\\/wmtbaltic.lv\\\/wp-content\\\/uploads\\\/2023\\\/10\\\/Creaser-Perforator-GPM-450-SA-440cac18.jpg\",\"width\":932,\"height\":711},{\"@type\":\"BreadcrumbList\",\"@id\":\"https:\\\/\\\/wmtbaltic.lv\\\/product\\\/cyklos-bigosanas-perforacijas-iekarta-gpm-450-sa\\\/#breadcrumb\",\"itemListElement\":[{\"@type\":\"ListItem\",\"position\":1,\"name\":\"Home\",\"item\":\"https:\\\/\\\/wmtbaltic.lv\\\/en\\\/\"},{\"@type\":\"ListItem\",\"position\":2,\"name\":\"Shop\",\"item\":\"https:\\\/\\\/wmtbaltic.lv\\\/shop\\\/\"},{\"@type\":\"ListItem\",\"position\":3,\"name\":\"CYKLOS Bigo\u0161anas-perfor\u0101cijas iek\u0101rta GPM 450 SA\"}]},{\"@type\":\"WebSite\",\"@id\":\"https:\\\/\\\/wmtbaltic.lv\\\/#website\",\"url\":\"https:\\\/\\\/wmtbaltic.lv\\\/\",\"name\":\"WMT Baltic\",\"description\":\"Rekl\u0101mas produkti, pl\u0113ves\",\"publisher\":{\"@id\":\"https:\\\/\\\/wmtbaltic.lv\\\/#organization\"},\"potentialAction\":[{\"@type\":\"SearchAction\",\"target\":{\"@type\":\"EntryPoint\",\"urlTemplate\":\"https:\\\/\\\/wmtbaltic.lv\\\/?s={search_term_string}\"},\"query-input\":{\"@type\":\"PropertyValueSpecification\",\"valueRequired\":true,\"valueName\":\"search_term_string\"}}],\"inLanguage\":\"en-US\"},{\"@type\":\"Organization\",\"@id\":\"https:\\\/\\\/wmtbaltic.lv\\\/#organization\",\"name\":\"WMT Baltic\",\"url\":\"https:\\\/\\\/wmtbaltic.lv\\\/\",\"logo\":{\"@type\":\"ImageObject\",\"inLanguage\":\"en-US\",\"@id\":\"https:\\\/\\\/wmtbaltic.lv\\\/#\\\/schema\\\/logo\\\/image\\\/\",\"url\":\"https:\\\/\\\/wmtbaltic.lv\\\/wp-content\\\/uploads\\\/2024\\\/12\\\/wmt-baltic-sia_107142_9_420x180.jpg\",\"contentUrl\":\"https:\\\/\\\/wmtbaltic.lv\\\/wp-content\\\/uploads\\\/2024\\\/12\\\/wmt-baltic-sia_107142_9_420x180.jpg\",\"width\":420,\"height\":180,\"caption\":\"WMT Baltic\"},\"image\":{\"@id\":\"https:\\\/\\\/wmtbaltic.lv\\\/#\\\/schema\\\/logo\\\/image\\\/\"},\"sameAs\":[\"https:\\\/\\\/www.facebook.com\\\/WMT.Baltic.viscom\\\/?locale=lv_LV\",\"https:\\\/\\\/www.instagram.com\\\/viscom_wmt\\\/\"]}]}<\/script>\n<!-- \/ Yoast SEO plugin. -->","yoast_head_json":{"title":"CYKLOS Bigo\u0161anas-perfor\u0101cijas iek\u0101rta GPM 450 SA - WMT Baltic","description":"Pusautom\u0101tisk\u0101 bigo\u0161anas \u2013 perfor\u0113\u0161anas iek\u0101rta ar programmat\u016bru un darba platumu 450 mm. Manu\u0101la pap\u012bra ievade, pap\u012bra p\u0101rvieto\u0161anu nodro\u0161ina motors.","robots":{"index":"index","follow":"follow","max-snippet":"max-snippet:-1","max-image-preview":"max-image-preview:large","max-video-preview":"max-video-preview:-1"},"canonical":"https:\/\/wmtbaltic.lv\/product\/cyklos-bigosanas-perforacijas-iekarta-gpm-450-sa\/","og_locale":"en_US","og_type":"article","og_title":"CYKLOS Bigo\u0161anas-perfor\u0101cijas iek\u0101rta GPM 450 SA - WMT Baltic","og_description":"Pusautom\u0101tisk\u0101 bigo\u0161anas \u2013 perfor\u0113\u0161anas iek\u0101rta ar programmat\u016bru un darba platumu 450 mm. Manu\u0101la pap\u012bra ievade, pap\u012bra p\u0101rvieto\u0161anu nodro\u0161ina motors.","og_url":"https:\/\/wmtbaltic.lv\/product\/cyklos-bigosanas-perforacijas-iekarta-gpm-450-sa\/","og_site_name":"WMT Baltic","article_publisher":"https:\/\/www.facebook.com\/WMT.Baltic.viscom\/?locale=lv_LV","article_modified_time":"2026-03-30T08:10:53+00:00","og_image":[{"width":932,"height":711,"url":"http:\/\/wmtbaltic.lv\/wp-content\/uploads\/2023\/10\/Creaser-Perforator-GPM-450-SA-440cac18.jpg","type":"image\/jpeg"}],"twitter_card":"summary_large_image","twitter_misc":{"Est. reading time":"2 minutes"},"schema":{"@context":"https:\/\/schema.org","@graph":[{"@type":"WebPage","@id":"https:\/\/wmtbaltic.lv\/product\/cyklos-bigosanas-perforacijas-iekarta-gpm-450-sa\/","url":"https:\/\/wmtbaltic.lv\/product\/cyklos-bigosanas-perforacijas-iekarta-gpm-450-sa\/","name":"CYKLOS Bigo\u0161anas-perfor\u0101cijas iek\u0101rta GPM 450 SA - WMT Baltic","isPartOf":{"@id":"https:\/\/wmtbaltic.lv\/#website"},"primaryImageOfPage":{"@id":"https:\/\/wmtbaltic.lv\/product\/cyklos-bigosanas-perforacijas-iekarta-gpm-450-sa\/#primaryimage"},"image":{"@id":"https:\/\/wmtbaltic.lv\/product\/cyklos-bigosanas-perforacijas-iekarta-gpm-450-sa\/#primaryimage"},"thumbnailUrl":"https:\/\/wmtbaltic.lv\/wp-content\/uploads\/2023\/10\/Creaser-Perforator-GPM-450-SA-440cac18.jpg","datePublished":"2023-10-24T09:01:01+00:00","dateModified":"2026-03-30T08:10:53+00:00","description":"Pusautom\u0101tisk\u0101 bigo\u0161anas \u2013 perfor\u0113\u0161anas iek\u0101rta ar programmat\u016bru un darba platumu 450 mm. Manu\u0101la pap\u012bra ievade, pap\u012bra p\u0101rvieto\u0161anu nodro\u0161ina motors.","breadcrumb":{"@id":"https:\/\/wmtbaltic.lv\/product\/cyklos-bigosanas-perforacijas-iekarta-gpm-450-sa\/#breadcrumb"},"inLanguage":"en-US","potentialAction":[{"@type":"ReadAction","target":["https:\/\/wmtbaltic.lv\/product\/cyklos-bigosanas-perforacijas-iekarta-gpm-450-sa\/"]}]},{"@type":"ImageObject","inLanguage":"en-US","@id":"https:\/\/wmtbaltic.lv\/product\/cyklos-bigosanas-perforacijas-iekarta-gpm-450-sa\/#primaryimage","url":"https:\/\/wmtbaltic.lv\/wp-content\/uploads\/2023\/10\/Creaser-Perforator-GPM-450-SA-440cac18.jpg","contentUrl":"https:\/\/wmtbaltic.lv\/wp-content\/uploads\/2023\/10\/Creaser-Perforator-GPM-450-SA-440cac18.jpg","width":932,"height":711},{"@type":"BreadcrumbList","@id":"https:\/\/wmtbaltic.lv\/product\/cyklos-bigosanas-perforacijas-iekarta-gpm-450-sa\/#breadcrumb","itemListElement":[{"@type":"ListItem","position":1,"name":"Home","item":"https:\/\/wmtbaltic.lv\/en\/"},{"@type":"ListItem","position":2,"name":"Shop","item":"https:\/\/wmtbaltic.lv\/shop\/"},{"@type":"ListItem","position":3,"name":"CYKLOS Bigo\u0161anas-perfor\u0101cijas iek\u0101rta GPM 450 SA"}]},{"@type":"WebSite","@id":"https:\/\/wmtbaltic.lv\/#website","url":"https:\/\/wmtbaltic.lv\/","name":"WMT Baltic","description":"Rekl\u0101mas produkti, pl\u0113ves","publisher":{"@id":"https:\/\/wmtbaltic.lv\/#organization"},"potentialAction":[{"@type":"SearchAction","target":{"@type":"EntryPoint","urlTemplate":"https:\/\/wmtbaltic.lv\/?s={search_term_string}"},"query-input":{"@type":"PropertyValueSpecification","valueRequired":true,"valueName":"search_term_string"}}],"inLanguage":"en-US"},{"@type":"Organization","@id":"https:\/\/wmtbaltic.lv\/#organization","name":"WMT Baltic","url":"https:\/\/wmtbaltic.lv\/","logo":{"@type":"ImageObject","inLanguage":"en-US","@id":"https:\/\/wmtbaltic.lv\/#\/schema\/logo\/image\/","url":"https:\/\/wmtbaltic.lv\/wp-content\/uploads\/2024\/12\/wmt-baltic-sia_107142_9_420x180.jpg","contentUrl":"https:\/\/wmtbaltic.lv\/wp-content\/uploads\/2024\/12\/wmt-baltic-sia_107142_9_420x180.jpg","width":420,"height":180,"caption":"WMT Baltic"},"image":{"@id":"https:\/\/wmtbaltic.lv\/#\/schema\/logo\/image\/"},"sameAs":["https:\/\/www.facebook.com\/WMT.Baltic.viscom\/?locale=lv_LV","https:\/\/www.instagram.com\/viscom_wmt\/"]}]}},"_links":{"self":[{"href":"https:\/\/wmtbaltic.lv\/en\/wp-json\/wp\/v2\/product\/15407","targetHints":{"allow":["GET"]}}],"collection":[{"href":"https:\/\/wmtbaltic.lv\/en\/wp-json\/wp\/v2\/product"}],"about":[{"href":"https:\/\/wmtbaltic.lv\/en\/wp-json\/wp\/v2\/types\/product"}],"wp:featuredmedia":[{"embeddable":true,"href":"https:\/\/wmtbaltic.lv\/en\/wp-json\/wp\/v2\/media\/15417"}],"wp:attachment":[{"href":"https:\/\/wmtbaltic.lv\/en\/wp-json\/wp\/v2\/media?parent=15407"}],"wp:term":[{"taxonomy":"product_brand","embeddable":true,"href":"https:\/\/wmtbaltic.lv\/en\/wp-json\/wp\/v2\/product_brand?post=15407"},{"taxonomy":"product_cat","embeddable":true,"href":"https:\/\/wmtbaltic.lv\/en\/wp-json\/wp\/v2\/product_cat?post=15407"},{"taxonomy":"product_tag","embeddable":true,"href":"https:\/\/wmtbaltic.lv\/en\/wp-json\/wp\/v2\/product_tag?post=15407"}],"curies":[{"name":"wp","href":"https:\/\/api.w.org\/{rel}","templated":true}]}}