{"id":15401,"date":"2023-10-24T08:42:20","date_gmt":"2023-10-24T08:42:20","guid":{"rendered":"https:\/\/wmtbaltic.lv\/?post_type=product&#038;p=15401"},"modified":"2023-12-07T10:10:18","modified_gmt":"2023-12-07T10:10:18","slug":"cyklos-kalendaru-izgatavosanas-iekarta-cp-20","status":"publish","type":"product","link":"https:\/\/wmtbaltic.lv\/en\/product\/cyklos-kalendaru-izgatavosanas-iekarta-cp-20\/","title":{"rendered":"CYKLOS Kalend\u0101ru izgatavo\u0161anas iek\u0101rta   CP 20"},"content":{"rendered":"<p>Daudzpus\u012bga ier\u012bce, kas paredz\u0113ta kalend\u0101ru stiprin\u0101jumu caurumo\u0161anai nelielos apm\u0113ros. Komplekt\u0101 ietilpst pap\u012bra fiksators, kuru var iestat\u012bt p\u0113c nepiecie\u0161amajiem loksnes izm\u0113riem. Pap\u012brs tiek ievietots perfor\u0101tor\u0101 un perfor\u0113ts, p\u0113c tam pap\u012brs var tikt no\u0146emts.<\/p>\n<p>Tehnisk\u0101 inform\u0101cija:<\/p>\n<p>Darba virsmas platums: A3<\/p>\n<p>Materi\u0101la biezums: 3 mm<\/p>\n<p>Izm\u0113ri: 300 x 250 x 92 mm<\/p>\n<p>Ier\u012bces svars: 3 Kg<\/p>\n<p><a href=\"http:\/\/wmtbaltic.lv\/wp-content\/uploads\/2023\/10\/Brosura_CP_20.pdf\">Bro\u0161\u016bra_CP_20<\/a><\/p>\n<p>&nbsp;<\/p>\n","protected":false},"excerpt":{"rendered":"Daudzpus\u012bga ier\u012bce, kas paredz\u0113ta kalend\u0101ru stiprin\u0101jumu caurumo\u0161anai nelielos apm\u0113ros. Komplekt\u0101 ietilpst pap\u012bra fiksators, kuru var iestat\u012bt p\u0113c nepiecie\u0161amajiem loksnes izm\u0113riem. Pap\u012brs tiek ievietots perfor\u0101tor\u0101 un perfor\u0113ts, p\u0113c tam pap\u012brs var tikt no\u0146emts. Tehnisk\u0101 inform\u0101cija: Darba virsmas platums: A3 Materi\u0101la biezums: 3 mm Izm\u0113ri: 300 x 250 x 92 mm Ier\u012bces svars: 3 Kg Bro\u0161\u016bra_CP_20 &nbsp;","protected":false},"featured_media":15404,"template":"","meta":[],"product_brand":[],"product_cat":[426,71,258],"product_tag":[1305,719,491,1304,1303],"class_list":{"0":"post-15401","1":"product","2":"type-product","3":"status-publish","4":"has-post-thumbnail","6":"product_cat-cyklos","7":"product_cat-griesana-locisana-rievosana","8":"product_cat-iekartas-un-izejmateriali","9":"product_tag-cp-20","10":"product_tag-cyklos","11":"product_tag-iekarta","12":"product_tag-izgatavosanas","13":"product_tag-kalendaru","15":"first","16":"instock","17":"shipping-taxable","18":"purchasable","19":"product-type-simple"},"yoast_head":"<!-- This site is optimized with the Yoast SEO plugin v27.4 - https:\/\/yoast.com\/product\/yoast-seo-wordpress\/ -->\n<title>CYKLOS Kalend\u0101ru izgatavo\u0161anas iek\u0101rta  CP 20 - WMT Baltic<\/title>\n<meta name=\"description\" content=\"Daudzpus\u012bga ier\u012bce, kas paredz\u0113ta kalend\u0101ru stiprin\u0101jumu caurumo\u0161anai nelielos apm\u0113ros. Komplekt\u0101 ietilpst pap\u012bra fiksators. Nopirkt R\u012bg\u0101.\" \/>\n<meta name=\"robots\" content=\"index, follow, max-snippet:-1, max-image-preview:large, max-video-preview:-1\" \/>\n<link rel=\"canonical\" href=\"https:\/\/wmtbaltic.lv\/Produkts\/cyklos-kalendaru-izgatavosanas-iekarta-cp-20\/\" \/>\n<meta property=\"og:locale\" content=\"en_US\" \/>\n<meta property=\"og:type\" content=\"article\" \/>\n<meta property=\"og:title\" content=\"CYKLOS Kalend\u0101ru izgatavo\u0161anas iek\u0101rta  CP 20 - WMT Baltic\" \/>\n<meta property=\"og:description\" content=\"Daudzpus\u012bga ier\u012bce, kas paredz\u0113ta kalend\u0101ru stiprin\u0101jumu caurumo\u0161anai nelielos apm\u0113ros. Komplekt\u0101 ietilpst pap\u012bra fiksators. Nopirkt R\u012bg\u0101.\" \/>\n<meta property=\"og:url\" content=\"https:\/\/wmtbaltic.lv\/Produkts\/cyklos-kalendaru-izgatavosanas-iekarta-cp-20\/\" \/>\n<meta property=\"og:site_name\" content=\"WMT Baltic\" \/>\n<meta property=\"article:publisher\" content=\"https:\/\/www.facebook.com\/WMT.Baltic.viscom\/?locale=lv_LV\" \/>\n<meta property=\"article:modified_time\" content=\"2023-12-07T10:10:18+00:00\" \/>\n<meta property=\"og:image\" content=\"http:\/\/wmtbaltic.lv\/wp-content\/uploads\/2023\/10\/Calendar-Punch-CP-20.jpg\" \/>\n\t<meta property=\"og:image:width\" content=\"1374\" \/>\n\t<meta property=\"og:image:height\" content=\"993\" \/>\n\t<meta property=\"og:image:type\" content=\"image\/jpeg\" \/>\n<meta name=\"twitter:card\" content=\"summary_large_image\" \/>\n<meta name=\"twitter:label1\" content=\"Est. reading time\" \/>\n\t<meta name=\"twitter:data1\" content=\"1 minute\" \/>\n<script type=\"application\/ld+json\" class=\"yoast-schema-graph\">{\"@context\":\"https:\\\/\\\/schema.org\",\"@graph\":[{\"@type\":\"WebPage\",\"@id\":\"https:\\\/\\\/wmtbaltic.lv\\\/Produkts\\\/cyklos-kalendaru-izgatavosanas-iekarta-cp-20\\\/\",\"url\":\"https:\\\/\\\/wmtbaltic.lv\\\/Produkts\\\/cyklos-kalendaru-izgatavosanas-iekarta-cp-20\\\/\",\"name\":\"CYKLOS Kalend\u0101ru izgatavo\u0161anas iek\u0101rta CP 20 - WMT Baltic\",\"isPartOf\":{\"@id\":\"https:\\\/\\\/wmtbaltic.lv\\\/#website\"},\"primaryImageOfPage\":{\"@id\":\"https:\\\/\\\/wmtbaltic.lv\\\/Produkts\\\/cyklos-kalendaru-izgatavosanas-iekarta-cp-20\\\/#primaryimage\"},\"image\":{\"@id\":\"https:\\\/\\\/wmtbaltic.lv\\\/Produkts\\\/cyklos-kalendaru-izgatavosanas-iekarta-cp-20\\\/#primaryimage\"},\"thumbnailUrl\":\"https:\\\/\\\/wmtbaltic.lv\\\/wp-content\\\/uploads\\\/2023\\\/10\\\/Calendar-Punch-CP-20.jpg\",\"datePublished\":\"2023-10-24T08:42:20+00:00\",\"dateModified\":\"2023-12-07T10:10:18+00:00\",\"description\":\"Daudzpus\u012bga ier\u012bce, kas paredz\u0113ta kalend\u0101ru stiprin\u0101jumu caurumo\u0161anai nelielos apm\u0113ros. Komplekt\u0101 ietilpst pap\u012bra fiksators. Nopirkt R\u012bg\u0101.\",\"breadcrumb\":{\"@id\":\"https:\\\/\\\/wmtbaltic.lv\\\/Produkts\\\/cyklos-kalendaru-izgatavosanas-iekarta-cp-20\\\/#breadcrumb\"},\"inLanguage\":\"en-US\",\"potentialAction\":[{\"@type\":\"ReadAction\",\"target\":[\"https:\\\/\\\/wmtbaltic.lv\\\/Produkts\\\/cyklos-kalendaru-izgatavosanas-iekarta-cp-20\\\/\"]}]},{\"@type\":\"ImageObject\",\"inLanguage\":\"en-US\",\"@id\":\"https:\\\/\\\/wmtbaltic.lv\\\/Produkts\\\/cyklos-kalendaru-izgatavosanas-iekarta-cp-20\\\/#primaryimage\",\"url\":\"https:\\\/\\\/wmtbaltic.lv\\\/wp-content\\\/uploads\\\/2023\\\/10\\\/Calendar-Punch-CP-20.jpg\",\"contentUrl\":\"https:\\\/\\\/wmtbaltic.lv\\\/wp-content\\\/uploads\\\/2023\\\/10\\\/Calendar-Punch-CP-20.jpg\",\"width\":1374,\"height\":993},{\"@type\":\"BreadcrumbList\",\"@id\":\"https:\\\/\\\/wmtbaltic.lv\\\/Produkts\\\/cyklos-kalendaru-izgatavosanas-iekarta-cp-20\\\/#breadcrumb\",\"itemListElement\":[{\"@type\":\"ListItem\",\"position\":1,\"name\":\"Home\",\"item\":\"https:\\\/\\\/wmtbaltic.lv\\\/en\\\/\"},{\"@type\":\"ListItem\",\"position\":2,\"name\":\"Shop\",\"item\":\"https:\\\/\\\/wmtbaltic.lv\\\/shop\\\/\"},{\"@type\":\"ListItem\",\"position\":3,\"name\":\"CYKLOS Kalend\u0101ru izgatavo\u0161anas iek\u0101rta CP 20\"}]},{\"@type\":\"WebSite\",\"@id\":\"https:\\\/\\\/wmtbaltic.lv\\\/#website\",\"url\":\"https:\\\/\\\/wmtbaltic.lv\\\/\",\"name\":\"WMT Baltic\",\"description\":\"Rekl\u0101mas produkti, pl\u0113ves\",\"publisher\":{\"@id\":\"https:\\\/\\\/wmtbaltic.lv\\\/#organization\"},\"potentialAction\":[{\"@type\":\"SearchAction\",\"target\":{\"@type\":\"EntryPoint\",\"urlTemplate\":\"https:\\\/\\\/wmtbaltic.lv\\\/?s={search_term_string}\"},\"query-input\":{\"@type\":\"PropertyValueSpecification\",\"valueRequired\":true,\"valueName\":\"search_term_string\"}}],\"inLanguage\":\"en-US\"},{\"@type\":\"Organization\",\"@id\":\"https:\\\/\\\/wmtbaltic.lv\\\/#organization\",\"name\":\"WMT Baltic\",\"url\":\"https:\\\/\\\/wmtbaltic.lv\\\/\",\"logo\":{\"@type\":\"ImageObject\",\"inLanguage\":\"en-US\",\"@id\":\"https:\\\/\\\/wmtbaltic.lv\\\/#\\\/schema\\\/logo\\\/image\\\/\",\"url\":\"https:\\\/\\\/wmtbaltic.lv\\\/wp-content\\\/uploads\\\/2024\\\/12\\\/wmt-baltic-sia_107142_9_420x180.jpg\",\"contentUrl\":\"https:\\\/\\\/wmtbaltic.lv\\\/wp-content\\\/uploads\\\/2024\\\/12\\\/wmt-baltic-sia_107142_9_420x180.jpg\",\"width\":420,\"height\":180,\"caption\":\"WMT Baltic\"},\"image\":{\"@id\":\"https:\\\/\\\/wmtbaltic.lv\\\/#\\\/schema\\\/logo\\\/image\\\/\"},\"sameAs\":[\"https:\\\/\\\/www.facebook.com\\\/WMT.Baltic.viscom\\\/?locale=lv_LV\",\"https:\\\/\\\/www.instagram.com\\\/viscom_wmt\\\/\"]}]}<\/script>\n<!-- \/ Yoast SEO plugin. -->","yoast_head_json":{"title":"CYKLOS Kalend\u0101ru izgatavo\u0161anas iek\u0101rta  CP 20 - WMT Baltic","description":"Daudzpus\u012bga ier\u012bce, kas paredz\u0113ta kalend\u0101ru stiprin\u0101jumu caurumo\u0161anai nelielos apm\u0113ros. Komplekt\u0101 ietilpst pap\u012bra fiksators. Nopirkt R\u012bg\u0101.","robots":{"index":"index","follow":"follow","max-snippet":"max-snippet:-1","max-image-preview":"max-image-preview:large","max-video-preview":"max-video-preview:-1"},"canonical":"https:\/\/wmtbaltic.lv\/Produkts\/cyklos-kalendaru-izgatavosanas-iekarta-cp-20\/","og_locale":"en_US","og_type":"article","og_title":"CYKLOS Kalend\u0101ru izgatavo\u0161anas iek\u0101rta  CP 20 - WMT Baltic","og_description":"Daudzpus\u012bga ier\u012bce, kas paredz\u0113ta kalend\u0101ru stiprin\u0101jumu caurumo\u0161anai nelielos apm\u0113ros. Komplekt\u0101 ietilpst pap\u012bra fiksators. Nopirkt R\u012bg\u0101.","og_url":"https:\/\/wmtbaltic.lv\/Produkts\/cyklos-kalendaru-izgatavosanas-iekarta-cp-20\/","og_site_name":"WMT Baltic","article_publisher":"https:\/\/www.facebook.com\/WMT.Baltic.viscom\/?locale=lv_LV","article_modified_time":"2023-12-07T10:10:18+00:00","og_image":[{"width":1374,"height":993,"url":"http:\/\/wmtbaltic.lv\/wp-content\/uploads\/2023\/10\/Calendar-Punch-CP-20.jpg","type":"image\/jpeg"}],"twitter_card":"summary_large_image","twitter_misc":{"Est. reading time":"1 minute"},"schema":{"@context":"https:\/\/schema.org","@graph":[{"@type":"WebPage","@id":"https:\/\/wmtbaltic.lv\/Produkts\/cyklos-kalendaru-izgatavosanas-iekarta-cp-20\/","url":"https:\/\/wmtbaltic.lv\/Produkts\/cyklos-kalendaru-izgatavosanas-iekarta-cp-20\/","name":"CYKLOS Kalend\u0101ru izgatavo\u0161anas iek\u0101rta CP 20 - WMT Baltic","isPartOf":{"@id":"https:\/\/wmtbaltic.lv\/#website"},"primaryImageOfPage":{"@id":"https:\/\/wmtbaltic.lv\/Produkts\/cyklos-kalendaru-izgatavosanas-iekarta-cp-20\/#primaryimage"},"image":{"@id":"https:\/\/wmtbaltic.lv\/Produkts\/cyklos-kalendaru-izgatavosanas-iekarta-cp-20\/#primaryimage"},"thumbnailUrl":"https:\/\/wmtbaltic.lv\/wp-content\/uploads\/2023\/10\/Calendar-Punch-CP-20.jpg","datePublished":"2023-10-24T08:42:20+00:00","dateModified":"2023-12-07T10:10:18+00:00","description":"Daudzpus\u012bga ier\u012bce, kas paredz\u0113ta kalend\u0101ru stiprin\u0101jumu caurumo\u0161anai nelielos apm\u0113ros. Komplekt\u0101 ietilpst pap\u012bra fiksators. Nopirkt R\u012bg\u0101.","breadcrumb":{"@id":"https:\/\/wmtbaltic.lv\/Produkts\/cyklos-kalendaru-izgatavosanas-iekarta-cp-20\/#breadcrumb"},"inLanguage":"en-US","potentialAction":[{"@type":"ReadAction","target":["https:\/\/wmtbaltic.lv\/Produkts\/cyklos-kalendaru-izgatavosanas-iekarta-cp-20\/"]}]},{"@type":"ImageObject","inLanguage":"en-US","@id":"https:\/\/wmtbaltic.lv\/Produkts\/cyklos-kalendaru-izgatavosanas-iekarta-cp-20\/#primaryimage","url":"https:\/\/wmtbaltic.lv\/wp-content\/uploads\/2023\/10\/Calendar-Punch-CP-20.jpg","contentUrl":"https:\/\/wmtbaltic.lv\/wp-content\/uploads\/2023\/10\/Calendar-Punch-CP-20.jpg","width":1374,"height":993},{"@type":"BreadcrumbList","@id":"https:\/\/wmtbaltic.lv\/Produkts\/cyklos-kalendaru-izgatavosanas-iekarta-cp-20\/#breadcrumb","itemListElement":[{"@type":"ListItem","position":1,"name":"Home","item":"https:\/\/wmtbaltic.lv\/en\/"},{"@type":"ListItem","position":2,"name":"Shop","item":"https:\/\/wmtbaltic.lv\/shop\/"},{"@type":"ListItem","position":3,"name":"CYKLOS Kalend\u0101ru izgatavo\u0161anas iek\u0101rta CP 20"}]},{"@type":"WebSite","@id":"https:\/\/wmtbaltic.lv\/#website","url":"https:\/\/wmtbaltic.lv\/","name":"WMT Baltic","description":"Rekl\u0101mas produkti, pl\u0113ves","publisher":{"@id":"https:\/\/wmtbaltic.lv\/#organization"},"potentialAction":[{"@type":"SearchAction","target":{"@type":"EntryPoint","urlTemplate":"https:\/\/wmtbaltic.lv\/?s={search_term_string}"},"query-input":{"@type":"PropertyValueSpecification","valueRequired":true,"valueName":"search_term_string"}}],"inLanguage":"en-US"},{"@type":"Organization","@id":"https:\/\/wmtbaltic.lv\/#organization","name":"WMT Baltic","url":"https:\/\/wmtbaltic.lv\/","logo":{"@type":"ImageObject","inLanguage":"en-US","@id":"https:\/\/wmtbaltic.lv\/#\/schema\/logo\/image\/","url":"https:\/\/wmtbaltic.lv\/wp-content\/uploads\/2024\/12\/wmt-baltic-sia_107142_9_420x180.jpg","contentUrl":"https:\/\/wmtbaltic.lv\/wp-content\/uploads\/2024\/12\/wmt-baltic-sia_107142_9_420x180.jpg","width":420,"height":180,"caption":"WMT Baltic"},"image":{"@id":"https:\/\/wmtbaltic.lv\/#\/schema\/logo\/image\/"},"sameAs":["https:\/\/www.facebook.com\/WMT.Baltic.viscom\/?locale=lv_LV","https:\/\/www.instagram.com\/viscom_wmt\/"]}]}},"_links":{"self":[{"href":"https:\/\/wmtbaltic.lv\/en\/wp-json\/wp\/v2\/product\/15401","targetHints":{"allow":["GET"]}}],"collection":[{"href":"https:\/\/wmtbaltic.lv\/en\/wp-json\/wp\/v2\/product"}],"about":[{"href":"https:\/\/wmtbaltic.lv\/en\/wp-json\/wp\/v2\/types\/product"}],"wp:featuredmedia":[{"embeddable":true,"href":"https:\/\/wmtbaltic.lv\/en\/wp-json\/wp\/v2\/media\/15404"}],"wp:attachment":[{"href":"https:\/\/wmtbaltic.lv\/en\/wp-json\/wp\/v2\/media?parent=15401"}],"wp:term":[{"taxonomy":"product_brand","embeddable":true,"href":"https:\/\/wmtbaltic.lv\/en\/wp-json\/wp\/v2\/product_brand?post=15401"},{"taxonomy":"product_cat","embeddable":true,"href":"https:\/\/wmtbaltic.lv\/en\/wp-json\/wp\/v2\/product_cat?post=15401"},{"taxonomy":"product_tag","embeddable":true,"href":"https:\/\/wmtbaltic.lv\/en\/wp-json\/wp\/v2\/product_tag?post=15401"}],"curies":[{"name":"wp","href":"https:\/\/api.w.org\/{rel}","templated":true}]}}