{"id":15388,"date":"2023-10-24T08:18:31","date_gmt":"2023-10-24T08:18:31","guid":{"rendered":"https:\/\/wmtbaltic.lv\/?post_type=product&#038;p=15388"},"modified":"2026-03-30T08:11:56","modified_gmt":"2026-03-30T08:11:56","slug":"cyklos-bigosanas-perforacijas-iekarta-gpm-450","status":"publish","type":"product","link":"https:\/\/wmtbaltic.lv\/en\/product\/cyklos-bigosanas-perforacijas-iekarta-gpm-450\/","title":{"rendered":"CYKLOS Bigo\u0161anas-perfor\u0101cijas iek\u0101rta GPM 450"},"content":{"rendered":"<p>\u0160\u012b bigo\u0161anas-perfor\u0101cijas iek\u0101rta ar darba platumu 450 mm ir paredz\u0113ta grafisko materi\u0101lu apstr\u0101dei l\u012bdz A2 form\u0101tam. Saloc\u012b\u0161ana nodro\u0161ina augstas kvalit\u0101tes digit\u0101li druk\u0101ta pap\u012bra bigo\u0161anu. Pagrie\u017eot aug\u0161\u0113jo stieni aiz perfor\u0113jo\u0161\u0101 un p\u0113c apak\u0161\u0113j\u0101s kombin\u0113t\u0101s stie\u0146a apg\u0101\u0161an\u0101s, iesp\u0113jams veikt perfor\u0101ciju. Iek\u0101rtu var kontrol\u0113t ar\u012b ar k\u0101jas ped\u0101li.<\/p>\n<p><strong>\u012apa\u0161\u012bbas:<\/strong><\/p>\n<ul>\n<li>Lieljaudas met\u0101la konstrukcija<\/li>\n<li>Paredz\u0113ts gan bigo\u0161anai, gan perfor\u0101cijai<\/li>\n<li>Noder ar\u012b lamin\u0113tu dokumentu loc\u012b\u0161anai<\/li>\n<li>Kvalitat\u012bva perfor\u0101cija<\/li>\n<li>Tr\u012bs izm\u0113ru bigo\u0161anas stie\u0146i<\/li>\n<li>Liela darba galds (l\u012bdz A2 form\u0101tam)<\/li>\n<li>\u013boti noder\u012bgs k\u0101jas ped\u0101lis<\/li>\n<\/ul>\n<p><strong>Parametri:<\/strong><\/p>\n<p>Darba platums: 450mm<\/p>\n<p>Pap\u012bra svars: \u00a0\u00a0 80 &#8211; 400 g\/m2 (creasing), 80 &#8211; 250 g\/m2 (perforating)<\/p>\n<p>Loc\u012b\u0161anas platums: 1,2 \/ 1,5 \/ 1,8 mm<\/p>\n<p>Iek\u0101rtas izm\u0113ri: 1080 x 490 x 270 mm<\/p>\n<p>Iepakojuma izm\u0113ri: 550 x 490 x 220 mm<\/p>\n<p>Iek\u0101rtas svars: \u00a0\u00a0 nett 39 kg, gross 42 kg<\/p>\n<p>Spriegums\/Frekvence: 230 V\/ 50Hz<\/p>\n<p><a href=\"http:\/\/wmtbaltic.lv\/wp-content\/uploads\/2023\/10\/Lietosanas-instrukcija_GPM-450.pdf\">Lieto\u0161anas instrukcija_GPM 450<\/a><\/p>\n<p><a href=\"http:\/\/wmtbaltic.lv\/wp-content\/uploads\/2023\/10\/Brosura_GPM_450.pdf\">Bro\u0161\u016bra_GPM_450<\/a><\/p>\n<iframe loading=\"lazy\"  id=\"_ytid_33295\"  width=\"780\" height=\"439\"  data-origwidth=\"780\" data-origheight=\"439\" src=\"https:\/\/www.youtube.com\/embed\/uGtPUuVDNK4?enablejsapi=1&autoplay=0&cc_load_policy=0&cc_lang_pref=&iv_load_policy=1&loop=0&rel=1&fs=1&playsinline=0&autohide=2&theme=dark&color=red&controls=1&disablekb=0&\" class=\"__youtube_prefs__  no-lazyload\" title=\"YouTube player\"  allow=\"fullscreen; accelerometer; autoplay; clipboard-write; encrypted-media; gyroscope; picture-in-picture; web-share\" referrerpolicy=\"strict-origin-when-cross-origin\" allowfullscreen data-no-lazy=\"1\" data-skipgform_ajax_framebjll=\"\"><\/iframe>\n<p>&nbsp;<\/p>\n","protected":false},"excerpt":{"rendered":"\u0160\u012b bigo\u0161anas-perfor\u0101cijas iek\u0101rta ar darba platumu 450 mm ir paredz\u0113ta grafisko materi\u0101lu apstr\u0101dei l\u012bdz A2 form\u0101tam. Saloc\u012b\u0161ana nodro\u0161ina augstas kvalit\u0101tes digit\u0101li druk\u0101ta pap\u012bra bigo\u0161anu. Pagrie\u017eot aug\u0161\u0113jo stieni aiz perfor\u0113jo\u0161\u0101 un p\u0113c apak\u0161\u0113j\u0101s kombin\u0113t\u0101s stie\u0146a apg\u0101\u0161an\u0101s, iesp\u0113jams veikt perfor\u0101ciju. Iek\u0101rtu var kontrol\u0113t ar\u012b ar k\u0101jas ped\u0101li. \u012apa\u0161\u012bbas: Lieljaudas met\u0101la konstrukcija Paredz\u0113ts gan bigo\u0161anai, gan perfor\u0101cijai Noder [...]","protected":false},"featured_media":15391,"template":"","meta":[],"product_brand":[],"product_cat":[426,71,258],"product_tag":[1301,719,1300,491,1302],"class_list":{"0":"post-15388","1":"product","2":"type-product","3":"status-publish","4":"has-post-thumbnail","6":"product_cat-cyklos","7":"product_cat-griesana-locisana-rievosana","8":"product_cat-iekartas-un-izejmateriali","9":"product_tag-bigosanas","10":"product_tag-cyklos","11":"product_tag-gpm-450","12":"product_tag-iekarta","13":"product_tag-perforacijas","15":"first","16":"instock","17":"shipping-taxable","18":"purchasable","19":"product-type-simple"},"yoast_head":"<!-- This site is optimized with the Yoast SEO plugin v27.4 - https:\/\/yoast.com\/product\/yoast-seo-wordpress\/ -->\n<title>CYKLOS Bigo\u0161anas-perfor\u0101cijas iek\u0101rta GPM 450 - WMT Baltic<\/title>\n<meta name=\"description\" content=\"Bigo\u0161anas-perfor\u0101cijas iek\u0101rta ar darba platumu 450 mm ir paredz\u0113ta grafisko materi\u0101lu apstr\u0101dei l\u012bdz A2 form\u0101tam. Nopirkt\" \/>\n<meta name=\"robots\" content=\"index, follow, max-snippet:-1, max-image-preview:large, max-video-preview:-1\" \/>\n<link rel=\"canonical\" href=\"https:\/\/wmtbaltic.lv\/product\/cyklos-bigosanas-perforacijas-iekarta-gpm-450\/\" \/>\n<meta property=\"og:locale\" content=\"en_US\" \/>\n<meta property=\"og:type\" content=\"article\" \/>\n<meta property=\"og:title\" content=\"CYKLOS Bigo\u0161anas-perfor\u0101cijas iek\u0101rta GPM 450 - WMT Baltic\" \/>\n<meta property=\"og:description\" content=\"Bigo\u0161anas-perfor\u0101cijas iek\u0101rta ar darba platumu 450 mm ir paredz\u0113ta grafisko materi\u0101lu apstr\u0101dei l\u012bdz A2 form\u0101tam. Nopirkt\" \/>\n<meta property=\"og:url\" content=\"https:\/\/wmtbaltic.lv\/product\/cyklos-bigosanas-perforacijas-iekarta-gpm-450\/\" \/>\n<meta property=\"og:site_name\" content=\"WMT Baltic\" \/>\n<meta property=\"article:publisher\" content=\"https:\/\/www.facebook.com\/WMT.Baltic.viscom\/?locale=lv_LV\" \/>\n<meta property=\"article:modified_time\" content=\"2026-03-30T08:11:56+00:00\" \/>\n<meta property=\"og:image\" content=\"http:\/\/wmtbaltic.lv\/wp-content\/uploads\/2023\/10\/GPM_450_RGB_small_w_pedal-a8978e18-1.jpg\" \/>\n\t<meta property=\"og:image:width\" content=\"840\" \/>\n\t<meta property=\"og:image:height\" content=\"617\" \/>\n\t<meta property=\"og:image:type\" content=\"image\/jpeg\" \/>\n<meta name=\"twitter:card\" content=\"summary_large_image\" \/>\n<meta name=\"twitter:label1\" content=\"Est. reading time\" \/>\n\t<meta name=\"twitter:data1\" content=\"1 minute\" \/>\n<script type=\"application\/ld+json\" class=\"yoast-schema-graph\">{\"@context\":\"https:\\\/\\\/schema.org\",\"@graph\":[{\"@type\":\"WebPage\",\"@id\":\"https:\\\/\\\/wmtbaltic.lv\\\/product\\\/cyklos-bigosanas-perforacijas-iekarta-gpm-450\\\/\",\"url\":\"https:\\\/\\\/wmtbaltic.lv\\\/product\\\/cyklos-bigosanas-perforacijas-iekarta-gpm-450\\\/\",\"name\":\"CYKLOS Bigo\u0161anas-perfor\u0101cijas iek\u0101rta GPM 450 - WMT Baltic\",\"isPartOf\":{\"@id\":\"https:\\\/\\\/wmtbaltic.lv\\\/#website\"},\"primaryImageOfPage\":{\"@id\":\"https:\\\/\\\/wmtbaltic.lv\\\/product\\\/cyklos-bigosanas-perforacijas-iekarta-gpm-450\\\/#primaryimage\"},\"image\":{\"@id\":\"https:\\\/\\\/wmtbaltic.lv\\\/product\\\/cyklos-bigosanas-perforacijas-iekarta-gpm-450\\\/#primaryimage\"},\"thumbnailUrl\":\"https:\\\/\\\/wmtbaltic.lv\\\/wp-content\\\/uploads\\\/2023\\\/10\\\/GPM_450_RGB_small_w_pedal-a8978e18-1.jpg\",\"datePublished\":\"2023-10-24T08:18:31+00:00\",\"dateModified\":\"2026-03-30T08:11:56+00:00\",\"description\":\"Bigo\u0161anas-perfor\u0101cijas iek\u0101rta ar darba platumu 450 mm ir paredz\u0113ta grafisko materi\u0101lu apstr\u0101dei l\u012bdz A2 form\u0101tam. Nopirkt\",\"breadcrumb\":{\"@id\":\"https:\\\/\\\/wmtbaltic.lv\\\/product\\\/cyklos-bigosanas-perforacijas-iekarta-gpm-450\\\/#breadcrumb\"},\"inLanguage\":\"en-US\",\"potentialAction\":[{\"@type\":\"ReadAction\",\"target\":[\"https:\\\/\\\/wmtbaltic.lv\\\/product\\\/cyklos-bigosanas-perforacijas-iekarta-gpm-450\\\/\"]}]},{\"@type\":\"ImageObject\",\"inLanguage\":\"en-US\",\"@id\":\"https:\\\/\\\/wmtbaltic.lv\\\/product\\\/cyklos-bigosanas-perforacijas-iekarta-gpm-450\\\/#primaryimage\",\"url\":\"https:\\\/\\\/wmtbaltic.lv\\\/wp-content\\\/uploads\\\/2023\\\/10\\\/GPM_450_RGB_small_w_pedal-a8978e18-1.jpg\",\"contentUrl\":\"https:\\\/\\\/wmtbaltic.lv\\\/wp-content\\\/uploads\\\/2023\\\/10\\\/GPM_450_RGB_small_w_pedal-a8978e18-1.jpg\",\"width\":840,\"height\":617},{\"@type\":\"BreadcrumbList\",\"@id\":\"https:\\\/\\\/wmtbaltic.lv\\\/product\\\/cyklos-bigosanas-perforacijas-iekarta-gpm-450\\\/#breadcrumb\",\"itemListElement\":[{\"@type\":\"ListItem\",\"position\":1,\"name\":\"Home\",\"item\":\"https:\\\/\\\/wmtbaltic.lv\\\/en\\\/\"},{\"@type\":\"ListItem\",\"position\":2,\"name\":\"Shop\",\"item\":\"https:\\\/\\\/wmtbaltic.lv\\\/shop\\\/\"},{\"@type\":\"ListItem\",\"position\":3,\"name\":\"CYKLOS Bigo\u0161anas-perfor\u0101cijas iek\u0101rta GPM 450\"}]},{\"@type\":\"WebSite\",\"@id\":\"https:\\\/\\\/wmtbaltic.lv\\\/#website\",\"url\":\"https:\\\/\\\/wmtbaltic.lv\\\/\",\"name\":\"WMT Baltic\",\"description\":\"Rekl\u0101mas produkti, pl\u0113ves\",\"publisher\":{\"@id\":\"https:\\\/\\\/wmtbaltic.lv\\\/#organization\"},\"potentialAction\":[{\"@type\":\"SearchAction\",\"target\":{\"@type\":\"EntryPoint\",\"urlTemplate\":\"https:\\\/\\\/wmtbaltic.lv\\\/?s={search_term_string}\"},\"query-input\":{\"@type\":\"PropertyValueSpecification\",\"valueRequired\":true,\"valueName\":\"search_term_string\"}}],\"inLanguage\":\"en-US\"},{\"@type\":\"Organization\",\"@id\":\"https:\\\/\\\/wmtbaltic.lv\\\/#organization\",\"name\":\"WMT Baltic\",\"url\":\"https:\\\/\\\/wmtbaltic.lv\\\/\",\"logo\":{\"@type\":\"ImageObject\",\"inLanguage\":\"en-US\",\"@id\":\"https:\\\/\\\/wmtbaltic.lv\\\/#\\\/schema\\\/logo\\\/image\\\/\",\"url\":\"https:\\\/\\\/wmtbaltic.lv\\\/wp-content\\\/uploads\\\/2024\\\/12\\\/wmt-baltic-sia_107142_9_420x180.jpg\",\"contentUrl\":\"https:\\\/\\\/wmtbaltic.lv\\\/wp-content\\\/uploads\\\/2024\\\/12\\\/wmt-baltic-sia_107142_9_420x180.jpg\",\"width\":420,\"height\":180,\"caption\":\"WMT Baltic\"},\"image\":{\"@id\":\"https:\\\/\\\/wmtbaltic.lv\\\/#\\\/schema\\\/logo\\\/image\\\/\"},\"sameAs\":[\"https:\\\/\\\/www.facebook.com\\\/WMT.Baltic.viscom\\\/?locale=lv_LV\",\"https:\\\/\\\/www.instagram.com\\\/viscom_wmt\\\/\"]}]}<\/script>\n<!-- \/ Yoast SEO plugin. -->","yoast_head_json":{"title":"CYKLOS Bigo\u0161anas-perfor\u0101cijas iek\u0101rta GPM 450 - WMT Baltic","description":"Bigo\u0161anas-perfor\u0101cijas iek\u0101rta ar darba platumu 450 mm ir paredz\u0113ta grafisko materi\u0101lu apstr\u0101dei l\u012bdz A2 form\u0101tam. Nopirkt","robots":{"index":"index","follow":"follow","max-snippet":"max-snippet:-1","max-image-preview":"max-image-preview:large","max-video-preview":"max-video-preview:-1"},"canonical":"https:\/\/wmtbaltic.lv\/product\/cyklos-bigosanas-perforacijas-iekarta-gpm-450\/","og_locale":"en_US","og_type":"article","og_title":"CYKLOS Bigo\u0161anas-perfor\u0101cijas iek\u0101rta GPM 450 - WMT Baltic","og_description":"Bigo\u0161anas-perfor\u0101cijas iek\u0101rta ar darba platumu 450 mm ir paredz\u0113ta grafisko materi\u0101lu apstr\u0101dei l\u012bdz A2 form\u0101tam. Nopirkt","og_url":"https:\/\/wmtbaltic.lv\/product\/cyklos-bigosanas-perforacijas-iekarta-gpm-450\/","og_site_name":"WMT Baltic","article_publisher":"https:\/\/www.facebook.com\/WMT.Baltic.viscom\/?locale=lv_LV","article_modified_time":"2026-03-30T08:11:56+00:00","og_image":[{"width":840,"height":617,"url":"http:\/\/wmtbaltic.lv\/wp-content\/uploads\/2023\/10\/GPM_450_RGB_small_w_pedal-a8978e18-1.jpg","type":"image\/jpeg"}],"twitter_card":"summary_large_image","twitter_misc":{"Est. reading time":"1 minute"},"schema":{"@context":"https:\/\/schema.org","@graph":[{"@type":"WebPage","@id":"https:\/\/wmtbaltic.lv\/product\/cyklos-bigosanas-perforacijas-iekarta-gpm-450\/","url":"https:\/\/wmtbaltic.lv\/product\/cyklos-bigosanas-perforacijas-iekarta-gpm-450\/","name":"CYKLOS Bigo\u0161anas-perfor\u0101cijas iek\u0101rta GPM 450 - WMT Baltic","isPartOf":{"@id":"https:\/\/wmtbaltic.lv\/#website"},"primaryImageOfPage":{"@id":"https:\/\/wmtbaltic.lv\/product\/cyklos-bigosanas-perforacijas-iekarta-gpm-450\/#primaryimage"},"image":{"@id":"https:\/\/wmtbaltic.lv\/product\/cyklos-bigosanas-perforacijas-iekarta-gpm-450\/#primaryimage"},"thumbnailUrl":"https:\/\/wmtbaltic.lv\/wp-content\/uploads\/2023\/10\/GPM_450_RGB_small_w_pedal-a8978e18-1.jpg","datePublished":"2023-10-24T08:18:31+00:00","dateModified":"2026-03-30T08:11:56+00:00","description":"Bigo\u0161anas-perfor\u0101cijas iek\u0101rta ar darba platumu 450 mm ir paredz\u0113ta grafisko materi\u0101lu apstr\u0101dei l\u012bdz A2 form\u0101tam. Nopirkt","breadcrumb":{"@id":"https:\/\/wmtbaltic.lv\/product\/cyklos-bigosanas-perforacijas-iekarta-gpm-450\/#breadcrumb"},"inLanguage":"en-US","potentialAction":[{"@type":"ReadAction","target":["https:\/\/wmtbaltic.lv\/product\/cyklos-bigosanas-perforacijas-iekarta-gpm-450\/"]}]},{"@type":"ImageObject","inLanguage":"en-US","@id":"https:\/\/wmtbaltic.lv\/product\/cyklos-bigosanas-perforacijas-iekarta-gpm-450\/#primaryimage","url":"https:\/\/wmtbaltic.lv\/wp-content\/uploads\/2023\/10\/GPM_450_RGB_small_w_pedal-a8978e18-1.jpg","contentUrl":"https:\/\/wmtbaltic.lv\/wp-content\/uploads\/2023\/10\/GPM_450_RGB_small_w_pedal-a8978e18-1.jpg","width":840,"height":617},{"@type":"BreadcrumbList","@id":"https:\/\/wmtbaltic.lv\/product\/cyklos-bigosanas-perforacijas-iekarta-gpm-450\/#breadcrumb","itemListElement":[{"@type":"ListItem","position":1,"name":"Home","item":"https:\/\/wmtbaltic.lv\/en\/"},{"@type":"ListItem","position":2,"name":"Shop","item":"https:\/\/wmtbaltic.lv\/shop\/"},{"@type":"ListItem","position":3,"name":"CYKLOS Bigo\u0161anas-perfor\u0101cijas iek\u0101rta GPM 450"}]},{"@type":"WebSite","@id":"https:\/\/wmtbaltic.lv\/#website","url":"https:\/\/wmtbaltic.lv\/","name":"WMT Baltic","description":"Rekl\u0101mas produkti, pl\u0113ves","publisher":{"@id":"https:\/\/wmtbaltic.lv\/#organization"},"potentialAction":[{"@type":"SearchAction","target":{"@type":"EntryPoint","urlTemplate":"https:\/\/wmtbaltic.lv\/?s={search_term_string}"},"query-input":{"@type":"PropertyValueSpecification","valueRequired":true,"valueName":"search_term_string"}}],"inLanguage":"en-US"},{"@type":"Organization","@id":"https:\/\/wmtbaltic.lv\/#organization","name":"WMT Baltic","url":"https:\/\/wmtbaltic.lv\/","logo":{"@type":"ImageObject","inLanguage":"en-US","@id":"https:\/\/wmtbaltic.lv\/#\/schema\/logo\/image\/","url":"https:\/\/wmtbaltic.lv\/wp-content\/uploads\/2024\/12\/wmt-baltic-sia_107142_9_420x180.jpg","contentUrl":"https:\/\/wmtbaltic.lv\/wp-content\/uploads\/2024\/12\/wmt-baltic-sia_107142_9_420x180.jpg","width":420,"height":180,"caption":"WMT Baltic"},"image":{"@id":"https:\/\/wmtbaltic.lv\/#\/schema\/logo\/image\/"},"sameAs":["https:\/\/www.facebook.com\/WMT.Baltic.viscom\/?locale=lv_LV","https:\/\/www.instagram.com\/viscom_wmt\/"]}]}},"_links":{"self":[{"href":"https:\/\/wmtbaltic.lv\/en\/wp-json\/wp\/v2\/product\/15388","targetHints":{"allow":["GET"]}}],"collection":[{"href":"https:\/\/wmtbaltic.lv\/en\/wp-json\/wp\/v2\/product"}],"about":[{"href":"https:\/\/wmtbaltic.lv\/en\/wp-json\/wp\/v2\/types\/product"}],"wp:featuredmedia":[{"embeddable":true,"href":"https:\/\/wmtbaltic.lv\/en\/wp-json\/wp\/v2\/media\/15391"}],"wp:attachment":[{"href":"https:\/\/wmtbaltic.lv\/en\/wp-json\/wp\/v2\/media?parent=15388"}],"wp:term":[{"taxonomy":"product_brand","embeddable":true,"href":"https:\/\/wmtbaltic.lv\/en\/wp-json\/wp\/v2\/product_brand?post=15388"},{"taxonomy":"product_cat","embeddable":true,"href":"https:\/\/wmtbaltic.lv\/en\/wp-json\/wp\/v2\/product_cat?post=15388"},{"taxonomy":"product_tag","embeddable":true,"href":"https:\/\/wmtbaltic.lv\/en\/wp-json\/wp\/v2\/product_tag?post=15388"}],"curies":[{"name":"wp","href":"https:\/\/api.w.org\/{rel}","templated":true}]}}