{"id":15305,"date":"2023-10-23T05:19:23","date_gmt":"2023-10-23T05:19:23","guid":{"rendered":"https:\/\/wmtbaltic.lv\/?post_type=product&#038;p=15305"},"modified":"2023-10-23T09:28:28","modified_gmt":"2023-10-23T09:28:28","slug":"roland-dg-versastudio-bn2-20a-printeris","status":"publish","type":"product","link":"https:\/\/wmtbaltic.lv\/en\/product\/roland-dg-versastudio-bn2-20a-printeris\/","title":{"rendered":"Roland DG VersaSTUDIO BN2-20A printeris"},"content":{"rendered":"<p>Ar n\u0101kam\u0101s paaudzes BN2 j\u016bs varat sasniegt iev\u0113rojami \u0101tr\u0101ku drukas \u0101trumu ar \u0113rt\u0101m jaun\u0101m funkcij\u0101m, \u0113rtu lieto\u0161anu un kompaktu dizainu, kas lieliski piem\u0113rots m\u0101j\u0101m, birojiem vai veikaliem. BN2 printerim\/ploterim ir viss, kas jums nepiecie\u0161ams, lai s\u0101ktu savu projektu.<\/p>\n<ul>\n<li>Augstas kvalit\u0101tes druka un grie\u0161ana<\/li>\n<li>\u0100tr\u0101ks drukas \u0101trums optim\u0101lai produktivit\u0101tei<\/li>\n<li>Pieejama cena maz\u0101kiem uz\u0146\u0113mumiem<\/li>\n<li>Viegli lietojams \u2013 nav nepiecie\u0161ama drukas pieredze<\/li>\n<li>Kompakts izm\u0113rs<\/li>\n<\/ul>\n<p><strong>\u012apa\u0161\u012bbas:<\/strong><\/p>\n<table style=\"height: 1261px;\" width=\"705\">\n<tbody>\n<tr>\n<td colspan=\"2\" width=\"302\"><\/td>\n<td colspan=\"2\" width=\"369\"><strong>BN2-20A\u00a0 \u00a0 \u00a0 \u00a0 \u00a0 \u00a0 \u00a0 \u00a0 \u00a0 \u00a0 \u00a0 \u00a0 \u00a0 \u00a0 \u00a0 \u00a0 \u00a0 \u00a0 \u00a0 \u00a0 \u00a0 \u00a0 \u00a0 \u00a0BN2-20<\/strong><\/td>\n<\/tr>\n<tr>\n<td colspan=\"2\" width=\"302\">Printing method<\/td>\n<td colspan=\"2\" width=\"369\">Piezo inkjet method<\/td>\n<\/tr>\n<tr>\n<td colspan=\"2\" width=\"302\">Dimensions<\/td>\n<td colspan=\"2\" width=\"369\">1,069 x 617 x 622 mm (42.1 x 24.3 x 24.5 in.)<\/td>\n<\/tr>\n<tr>\n<td colspan=\"2\" width=\"302\">Weight<\/td>\n<td colspan=\"2\" width=\"369\">62 kg (137 lb.)<\/td>\n<\/tr>\n<tr>\n<td rowspan=\"5\" width=\"123\">Media<\/td>\n<td width=\"180\">Width<\/td>\n<td colspan=\"2\" width=\"369\">150 to 515 mm (5.91 to 20.2 in.)<\/td>\n<\/tr>\n<tr>\n<td width=\"180\">Thickness<\/td>\n<td colspan=\"2\" width=\"369\">Max. 1.0 mm (39.3 mil) with liner, for printing<\/p>\n<p>Max. 0.4 mm (15.7 mil) with liner and 0.22 mm (8.6 mil) without liner, for cutting<\/td>\n<\/tr>\n<tr>\n<td width=\"180\">Roll outer diameter<\/td>\n<td colspan=\"2\" width=\"369\">Max. 150 mm (5.9 in.)<\/td>\n<\/tr>\n<tr>\n<td width=\"180\">Roll weight<\/td>\n<td colspan=\"2\" width=\"369\">Max. 6 kg (13.2 lb.)<\/td>\n<\/tr>\n<tr>\n<td width=\"180\">Core diameter<\/td>\n<td colspan=\"2\" width=\"369\">76.2 mm (3 in.) or 50.8 mm (2 in.)<\/td>\n<\/tr>\n<tr>\n<td colspan=\"2\" width=\"302\">Printing\/cutting width<\/td>\n<td colspan=\"2\" width=\"369\">Max. 480 mm (18.89 in.)<\/td>\n<\/tr>\n<tr>\n<td rowspan=\"2\" width=\"123\">Ink<\/td>\n<td width=\"180\">Type<\/td>\n<td colspan=\"2\" width=\"369\">220 ml cartridge<\/td>\n<\/tr>\n<tr>\n<td width=\"180\">Colours<\/td>\n<td width=\"189\">Cyan, Magenta, Yellow, and Black<\/td>\n<td width=\"180\">Cyan, Magenta, Yellow, Black, White<\/td>\n<\/tr>\n<tr>\n<td colspan=\"2\" width=\"302\">Resolution<\/td>\n<td colspan=\"2\" width=\"369\">Max. 1,440 dpi<\/td>\n<\/tr>\n<tr>\n<td colspan=\"2\" width=\"302\">Cutting speed<\/td>\n<td colspan=\"2\" width=\"369\">10 to 150 mm\/s (0.39 to 5.9 in\/s)<\/td>\n<\/tr>\n<tr>\n<td colspan=\"2\" width=\"302\">Connectivity<\/td>\n<td colspan=\"2\" width=\"369\">Ethernet (100BASE-TX\/1000BASE-T, automatic switching)<\/td>\n<\/tr>\n<tr>\n<td colspan=\"2\" width=\"302\">Power-saving function<\/td>\n<td colspan=\"2\" width=\"369\">Automatic sleep feature<\/td>\n<\/tr>\n<tr>\n<td colspan=\"2\" width=\"302\">Rated input<\/td>\n<td colspan=\"2\" width=\"369\">100-240 Va.c. 50\/60 Hz 2.1 A<\/td>\n<\/tr>\n<tr>\n<td rowspan=\"2\" width=\"123\">Power consumption<\/td>\n<td width=\"180\">During operation<\/td>\n<td colspan=\"2\" width=\"369\">Approx. 185 W<\/td>\n<\/tr>\n<tr>\n<td width=\"180\">Sleep mode<\/td>\n<td colspan=\"2\" width=\"369\">Approx. 27 W<\/td>\n<\/tr>\n<tr>\n<td rowspan=\"2\" width=\"123\">Acoustic noise level<\/td>\n<td width=\"180\">During operation<\/td>\n<td colspan=\"2\" width=\"369\">62 dB (A) or less<\/td>\n<\/tr>\n<tr>\n<td width=\"180\">During standby<\/td>\n<td colspan=\"2\" width=\"369\">60 dB (A) or less<\/td>\n<\/tr>\n<tr>\n<td colspan=\"2\" width=\"302\">Included items<\/td>\n<td colspan=\"2\" width=\"369\">Dedicated stands, power cord, media take-up unit, media holders, replacement blade for separating knife, User\u2019s Manual, software (FlexiDESIGNER VersaSTUDIO Edition, VersaWorks, Roland DG Connect)<\/td>\n<\/tr>\n<\/tbody>\n<\/table>\n<p><a href=\"http:\/\/wmtbaltic.lv\/wp-content\/uploads\/2023\/10\/Datasheet_BN2_2023-08-04_A4_EMEA_PRINT-1.pdf\">Tehniskais apraksts<\/a><\/p>\n<p>&nbsp;<\/p>\n","protected":false},"excerpt":{"rendered":"Ar n\u0101kam\u0101s paaudzes BN2 j\u016bs varat sasniegt iev\u0113rojami \u0101tr\u0101ku drukas \u0101trumu ar \u0113rt\u0101m jaun\u0101m funkcij\u0101m, \u0113rtu lieto\u0161anu un kompaktu dizainu, kas lieliski piem\u0113rots m\u0101j\u0101m, birojiem vai veikaliem. BN2 printerim\/ploterim ir viss, kas jums nepiecie\u0161ams, lai s\u0101ktu savu projektu. Augstas kvalit\u0101tes druka un grie\u0161ana \u0100tr\u0101ks drukas \u0101trums optim\u0101lai produktivit\u0101tei Pieejama cena maz\u0101kiem uz\u0146\u0113mumiem Viegli lietojams \u2013 [...]","protected":false},"featured_media":15331,"template":"","meta":[],"product_brand":[],"product_cat":[1273,258],"product_tag":[1296,501,500,1295],"class_list":{"0":"post-15305","1":"product","2":"type-product","3":"status-publish","4":"has-post-thumbnail","6":"product_cat-eko-solventa-printeri","7":"product_cat-iekartas-un-izejmateriali","8":"product_tag-bn2-20a","9":"product_tag-ploteris","10":"product_tag-printeris","11":"product_tag-versastudio","13":"first","14":"instock","15":"shipping-taxable","16":"product-type-simple"},"yoast_head":"<!-- This site is optimized with the Yoast SEO plugin v27.4 - https:\/\/yoast.com\/product\/yoast-seo-wordpress\/ -->\n<title>Roland DG VersaSTUDIO BN2-20A printeris - WMT Baltic<\/title>\n<meta name=\"robots\" content=\"index, follow, max-snippet:-1, max-image-preview:large, max-video-preview:-1\" \/>\n<link rel=\"canonical\" href=\"https:\/\/wmtbaltic.lv\/Produkts\/roland-dg-versastudio-bn2-20a-printeris\/\" \/>\n<meta property=\"og:locale\" content=\"en_US\" \/>\n<meta property=\"og:type\" content=\"article\" \/>\n<meta property=\"og:title\" content=\"Roland DG VersaSTUDIO BN2-20A printeris - WMT Baltic\" \/>\n<meta property=\"og:url\" content=\"https:\/\/wmtbaltic.lv\/Produkts\/roland-dg-versastudio-bn2-20a-printeris\/\" \/>\n<meta property=\"og:site_name\" content=\"WMT Baltic\" \/>\n<meta property=\"article:publisher\" content=\"https:\/\/www.facebook.com\/WMT.Baltic.viscom\/?locale=lv_LV\" \/>\n<meta property=\"article:modified_time\" content=\"2023-10-23T09:28:28+00:00\" \/>\n<meta property=\"og:image\" content=\"http:\/\/wmtbaltic.lv\/wp-content\/uploads\/2023\/10\/BN2-Series-mobile-2.jpg\" \/>\n\t<meta property=\"og:image:width\" content=\"1000\" \/>\n\t<meta property=\"og:image:height\" content=\"533\" \/>\n\t<meta property=\"og:image:type\" content=\"image\/jpeg\" \/>\n<meta name=\"twitter:card\" content=\"summary_large_image\" \/>\n<meta name=\"twitter:label1\" content=\"Est. reading time\" \/>\n\t<meta name=\"twitter:data1\" content=\"2 minutes\" \/>\n<script type=\"application\/ld+json\" class=\"yoast-schema-graph\">{\"@context\":\"https:\\\/\\\/schema.org\",\"@graph\":[{\"@type\":\"WebPage\",\"@id\":\"https:\\\/\\\/wmtbaltic.lv\\\/Produkts\\\/roland-dg-versastudio-bn2-20a-printeris\\\/\",\"url\":\"https:\\\/\\\/wmtbaltic.lv\\\/Produkts\\\/roland-dg-versastudio-bn2-20a-printeris\\\/\",\"name\":\"Roland DG VersaSTUDIO BN2-20A printeris - WMT Baltic\",\"isPartOf\":{\"@id\":\"https:\\\/\\\/wmtbaltic.lv\\\/#website\"},\"primaryImageOfPage\":{\"@id\":\"https:\\\/\\\/wmtbaltic.lv\\\/Produkts\\\/roland-dg-versastudio-bn2-20a-printeris\\\/#primaryimage\"},\"image\":{\"@id\":\"https:\\\/\\\/wmtbaltic.lv\\\/Produkts\\\/roland-dg-versastudio-bn2-20a-printeris\\\/#primaryimage\"},\"thumbnailUrl\":\"https:\\\/\\\/wmtbaltic.lv\\\/wp-content\\\/uploads\\\/2023\\\/10\\\/BN2-Series-mobile-2.jpg\",\"datePublished\":\"2023-10-23T05:19:23+00:00\",\"dateModified\":\"2023-10-23T09:28:28+00:00\",\"breadcrumb\":{\"@id\":\"https:\\\/\\\/wmtbaltic.lv\\\/Produkts\\\/roland-dg-versastudio-bn2-20a-printeris\\\/#breadcrumb\"},\"inLanguage\":\"en-US\",\"potentialAction\":[{\"@type\":\"ReadAction\",\"target\":[\"https:\\\/\\\/wmtbaltic.lv\\\/Produkts\\\/roland-dg-versastudio-bn2-20a-printeris\\\/\"]}]},{\"@type\":\"ImageObject\",\"inLanguage\":\"en-US\",\"@id\":\"https:\\\/\\\/wmtbaltic.lv\\\/Produkts\\\/roland-dg-versastudio-bn2-20a-printeris\\\/#primaryimage\",\"url\":\"https:\\\/\\\/wmtbaltic.lv\\\/wp-content\\\/uploads\\\/2023\\\/10\\\/BN2-Series-mobile-2.jpg\",\"contentUrl\":\"https:\\\/\\\/wmtbaltic.lv\\\/wp-content\\\/uploads\\\/2023\\\/10\\\/BN2-Series-mobile-2.jpg\",\"width\":1000,\"height\":533},{\"@type\":\"BreadcrumbList\",\"@id\":\"https:\\\/\\\/wmtbaltic.lv\\\/Produkts\\\/roland-dg-versastudio-bn2-20a-printeris\\\/#breadcrumb\",\"itemListElement\":[{\"@type\":\"ListItem\",\"position\":1,\"name\":\"Home\",\"item\":\"https:\\\/\\\/wmtbaltic.lv\\\/en\\\/\"},{\"@type\":\"ListItem\",\"position\":2,\"name\":\"Shop\",\"item\":\"https:\\\/\\\/wmtbaltic.lv\\\/shop\\\/\"},{\"@type\":\"ListItem\",\"position\":3,\"name\":\"Roland DG VersaSTUDIO BN2-20A printeris\"}]},{\"@type\":\"WebSite\",\"@id\":\"https:\\\/\\\/wmtbaltic.lv\\\/#website\",\"url\":\"https:\\\/\\\/wmtbaltic.lv\\\/\",\"name\":\"WMT Baltic\",\"description\":\"Rekl\u0101mas produkti, pl\u0113ves\",\"publisher\":{\"@id\":\"https:\\\/\\\/wmtbaltic.lv\\\/#organization\"},\"potentialAction\":[{\"@type\":\"SearchAction\",\"target\":{\"@type\":\"EntryPoint\",\"urlTemplate\":\"https:\\\/\\\/wmtbaltic.lv\\\/?s={search_term_string}\"},\"query-input\":{\"@type\":\"PropertyValueSpecification\",\"valueRequired\":true,\"valueName\":\"search_term_string\"}}],\"inLanguage\":\"en-US\"},{\"@type\":\"Organization\",\"@id\":\"https:\\\/\\\/wmtbaltic.lv\\\/#organization\",\"name\":\"WMT Baltic\",\"url\":\"https:\\\/\\\/wmtbaltic.lv\\\/\",\"logo\":{\"@type\":\"ImageObject\",\"inLanguage\":\"en-US\",\"@id\":\"https:\\\/\\\/wmtbaltic.lv\\\/#\\\/schema\\\/logo\\\/image\\\/\",\"url\":\"https:\\\/\\\/wmtbaltic.lv\\\/wp-content\\\/uploads\\\/2024\\\/12\\\/wmt-baltic-sia_107142_9_420x180.jpg\",\"contentUrl\":\"https:\\\/\\\/wmtbaltic.lv\\\/wp-content\\\/uploads\\\/2024\\\/12\\\/wmt-baltic-sia_107142_9_420x180.jpg\",\"width\":420,\"height\":180,\"caption\":\"WMT Baltic\"},\"image\":{\"@id\":\"https:\\\/\\\/wmtbaltic.lv\\\/#\\\/schema\\\/logo\\\/image\\\/\"},\"sameAs\":[\"https:\\\/\\\/www.facebook.com\\\/WMT.Baltic.viscom\\\/?locale=lv_LV\",\"https:\\\/\\\/www.instagram.com\\\/viscom_wmt\\\/\"]}]}<\/script>\n<!-- \/ Yoast SEO plugin. -->","yoast_head_json":{"title":"Roland DG VersaSTUDIO BN2-20A printeris - WMT Baltic","robots":{"index":"index","follow":"follow","max-snippet":"max-snippet:-1","max-image-preview":"max-image-preview:large","max-video-preview":"max-video-preview:-1"},"canonical":"https:\/\/wmtbaltic.lv\/Produkts\/roland-dg-versastudio-bn2-20a-printeris\/","og_locale":"en_US","og_type":"article","og_title":"Roland DG VersaSTUDIO BN2-20A printeris - WMT Baltic","og_url":"https:\/\/wmtbaltic.lv\/Produkts\/roland-dg-versastudio-bn2-20a-printeris\/","og_site_name":"WMT Baltic","article_publisher":"https:\/\/www.facebook.com\/WMT.Baltic.viscom\/?locale=lv_LV","article_modified_time":"2023-10-23T09:28:28+00:00","og_image":[{"width":1000,"height":533,"url":"http:\/\/wmtbaltic.lv\/wp-content\/uploads\/2023\/10\/BN2-Series-mobile-2.jpg","type":"image\/jpeg"}],"twitter_card":"summary_large_image","twitter_misc":{"Est. reading time":"2 minutes"},"schema":{"@context":"https:\/\/schema.org","@graph":[{"@type":"WebPage","@id":"https:\/\/wmtbaltic.lv\/Produkts\/roland-dg-versastudio-bn2-20a-printeris\/","url":"https:\/\/wmtbaltic.lv\/Produkts\/roland-dg-versastudio-bn2-20a-printeris\/","name":"Roland DG VersaSTUDIO BN2-20A printeris - WMT Baltic","isPartOf":{"@id":"https:\/\/wmtbaltic.lv\/#website"},"primaryImageOfPage":{"@id":"https:\/\/wmtbaltic.lv\/Produkts\/roland-dg-versastudio-bn2-20a-printeris\/#primaryimage"},"image":{"@id":"https:\/\/wmtbaltic.lv\/Produkts\/roland-dg-versastudio-bn2-20a-printeris\/#primaryimage"},"thumbnailUrl":"https:\/\/wmtbaltic.lv\/wp-content\/uploads\/2023\/10\/BN2-Series-mobile-2.jpg","datePublished":"2023-10-23T05:19:23+00:00","dateModified":"2023-10-23T09:28:28+00:00","breadcrumb":{"@id":"https:\/\/wmtbaltic.lv\/Produkts\/roland-dg-versastudio-bn2-20a-printeris\/#breadcrumb"},"inLanguage":"en-US","potentialAction":[{"@type":"ReadAction","target":["https:\/\/wmtbaltic.lv\/Produkts\/roland-dg-versastudio-bn2-20a-printeris\/"]}]},{"@type":"ImageObject","inLanguage":"en-US","@id":"https:\/\/wmtbaltic.lv\/Produkts\/roland-dg-versastudio-bn2-20a-printeris\/#primaryimage","url":"https:\/\/wmtbaltic.lv\/wp-content\/uploads\/2023\/10\/BN2-Series-mobile-2.jpg","contentUrl":"https:\/\/wmtbaltic.lv\/wp-content\/uploads\/2023\/10\/BN2-Series-mobile-2.jpg","width":1000,"height":533},{"@type":"BreadcrumbList","@id":"https:\/\/wmtbaltic.lv\/Produkts\/roland-dg-versastudio-bn2-20a-printeris\/#breadcrumb","itemListElement":[{"@type":"ListItem","position":1,"name":"Home","item":"https:\/\/wmtbaltic.lv\/en\/"},{"@type":"ListItem","position":2,"name":"Shop","item":"https:\/\/wmtbaltic.lv\/shop\/"},{"@type":"ListItem","position":3,"name":"Roland DG VersaSTUDIO BN2-20A printeris"}]},{"@type":"WebSite","@id":"https:\/\/wmtbaltic.lv\/#website","url":"https:\/\/wmtbaltic.lv\/","name":"WMT Baltic","description":"Rekl\u0101mas produkti, pl\u0113ves","publisher":{"@id":"https:\/\/wmtbaltic.lv\/#organization"},"potentialAction":[{"@type":"SearchAction","target":{"@type":"EntryPoint","urlTemplate":"https:\/\/wmtbaltic.lv\/?s={search_term_string}"},"query-input":{"@type":"PropertyValueSpecification","valueRequired":true,"valueName":"search_term_string"}}],"inLanguage":"en-US"},{"@type":"Organization","@id":"https:\/\/wmtbaltic.lv\/#organization","name":"WMT Baltic","url":"https:\/\/wmtbaltic.lv\/","logo":{"@type":"ImageObject","inLanguage":"en-US","@id":"https:\/\/wmtbaltic.lv\/#\/schema\/logo\/image\/","url":"https:\/\/wmtbaltic.lv\/wp-content\/uploads\/2024\/12\/wmt-baltic-sia_107142_9_420x180.jpg","contentUrl":"https:\/\/wmtbaltic.lv\/wp-content\/uploads\/2024\/12\/wmt-baltic-sia_107142_9_420x180.jpg","width":420,"height":180,"caption":"WMT Baltic"},"image":{"@id":"https:\/\/wmtbaltic.lv\/#\/schema\/logo\/image\/"},"sameAs":["https:\/\/www.facebook.com\/WMT.Baltic.viscom\/?locale=lv_LV","https:\/\/www.instagram.com\/viscom_wmt\/"]}]}},"_links":{"self":[{"href":"https:\/\/wmtbaltic.lv\/en\/wp-json\/wp\/v2\/product\/15305","targetHints":{"allow":["GET"]}}],"collection":[{"href":"https:\/\/wmtbaltic.lv\/en\/wp-json\/wp\/v2\/product"}],"about":[{"href":"https:\/\/wmtbaltic.lv\/en\/wp-json\/wp\/v2\/types\/product"}],"wp:featuredmedia":[{"embeddable":true,"href":"https:\/\/wmtbaltic.lv\/en\/wp-json\/wp\/v2\/media\/15331"}],"wp:attachment":[{"href":"https:\/\/wmtbaltic.lv\/en\/wp-json\/wp\/v2\/media?parent=15305"}],"wp:term":[{"taxonomy":"product_brand","embeddable":true,"href":"https:\/\/wmtbaltic.lv\/en\/wp-json\/wp\/v2\/product_brand?post=15305"},{"taxonomy":"product_cat","embeddable":true,"href":"https:\/\/wmtbaltic.lv\/en\/wp-json\/wp\/v2\/product_cat?post=15305"},{"taxonomy":"product_tag","embeddable":true,"href":"https:\/\/wmtbaltic.lv\/en\/wp-json\/wp\/v2\/product_tag?post=15305"}],"curies":[{"name":"wp","href":"https:\/\/api.w.org\/{rel}","templated":true}]}}