{"id":15278,"date":"2023-10-20T11:56:37","date_gmt":"2023-10-20T11:56:37","guid":{"rendered":"https:\/\/wmtbaltic.lv\/?post_type=product&#038;p=15278"},"modified":"2023-10-20T12:09:34","modified_gmt":"2023-10-20T12:09:34","slug":"gravesanas-iekarta-metalam-metaza-mpx-90s","status":"publish","type":"product","link":"https:\/\/wmtbaltic.lv\/en\/product\/gravesanas-iekarta-metalam-metaza-mpx-90s\/","title":{"rendered":"Grav\u0113\u0161anas iek\u0101rta met\u0101lam METAZA MPX-90S"},"content":{"rendered":"<p>Grav\u0113\u0161anas iek\u0101rta\u00a0 met\u0101lam METAZA MPX-90S, kas ir lieliski piem\u0113rota d\u0101vanu personaliz\u0113\u0161anai, ir rentabls un lietot\u0101jam draudz\u012bgs, ar kuru var mar\u0137\u0113t zeltu, t\u0113raudu, sudrabu, tit\u0101nu un alum\u012bniju.<\/p>\n<ul>\n<li>Mazs ieguld\u012bjums, liela pe\u013c\u0146a<\/li>\n<li>Kompakts izm\u0113rs<\/li>\n<li>Prec\u012bzi iegrav\u0113 fotoatt\u0113lus<\/li>\n<\/ul>\n<p>VersaSTUDIO MPX-90S<\/p>\n<p><strong>Model<\/strong>\u00a0 MPX-90S<\/p>\n<p><strong>Imprintable material<\/strong>\u00a0\u00a0\u00a0\u00a0\u00a0 Gold, silver, copper, platinum, brass, aluminum, iron, stainless steel, etc. *1<\/p>\n<p><strong>Loadable material size (width) \u00d7 (length) \u00d7 (thickness)\u00a0\u00a0 &#8211; <\/strong>Max. 100 mm \u00d7 200 mm \u00d7 40 mm<\/p>\n<p><strong>Imprint area<\/strong>\u00a0\u00a0\u00a0\u00a0\u00a0\u00a0 Max. 80 mm \u00d7 80 mm<\/p>\n<p><strong>Resolution<\/strong>\u00a0\u00a0\u00a0\u00a0\u00a0\u00a0\u00a0\u00a0\u00a0 High resolution\u00a0 529 dpi<\/p>\n<p>Photo\u00a0\u00a0\u00a0 353 dpi<\/p>\n<p>Text\u00a0\u00a0\u00a0\u00a0\u00a0\u00a0\u00a0 265 dpi<\/p>\n<p>Vector\u00a0\u00a0 1058 dpi<\/p>\n<p><strong>Imprint direction<\/strong>\u00a0\u00a0\u00a0\u00a0\u00a0\u00a0\u00a0\u00a0\u00a0\u00a0\u00a0\u00a0 Unidirectional imprinting or bidirectional imprinting *2<\/p>\n<p><strong>Imprint speed (Default)<\/strong> High resolution\u00a0 33 mm\/sec<\/p>\n<p>Photo\u00a0\u00a0\u00a0 50 mm\/sec<\/p>\n<p>Text\u00a0\u00a0\u00a0\u00a0\u00a0\u00a0\u00a0 33 mm\/sec<\/p>\n<p>Vector\u00a0 24 mm\/sec<\/p>\n<p><strong>Interface<\/strong>\u00a0\u00a0\u00a0\u00a0\u00a0\u00a0\u00a0\u00a0\u00a0\u00a0\u00a0\u00a0 USB<\/p>\n<p><strong>Power requirements<\/strong>\u00a0\u00a0\u00a0\u00a0 <strong>Dedicated AC adapter<\/strong>\u00a0\u00a0\u00a0 Input\u00a0\u00a0\u00a0\u00a0 100 to 240 VAC, 50\/60 Hz<\/p>\n<p>Output\u00a0 \u00a019 VDC, 2.1 A<\/p>\n<p>Rated current\u00a0\u00a0\u00a0\u00a0 1.6 A<\/p>\n<p>Power consumption Approx. 24 W<\/p>\n<p><strong>Operating noise<\/strong>\u00a0\u00a0\u00a0\u00a0\u00a0\u00a0\u00a0\u00a0\u00a0\u00a0\u00a0\u00a0\u00a0\u00a0 70 dB (A) or less<\/p>\n<p><strong>Operating environment<\/strong>Temperature: 10 to 30\u00b0C (50 to 86\u00b0F), humidity: 35 to 80%RH (no condensation)<\/p>\n<p><strong>External dimensions<\/strong> <strong>(width) \u00d7 (depth) \u00d7 (height)<\/strong>\u00a0\u00a0\u00a0\u00a0\u00a0\u00a0\u00a0\u00a0\u00a0\u00a0\u00a0\u00a0\u00a0 286 mm \u00d7 383 mm \u00d7 308 mm (11.26 in. \u00d7 15.08 in. \u00d7 12.13 in.)<\/p>\n<p><strong>Weight <\/strong>10.8 kg<\/p>\n<p><strong>Included items<\/strong>\u00a0 AC adapter, power cord, test-use imprinting material, USB cable, Safety Precautions, etc.<\/p>\n<p>*1 Vickers hardness [HV] of the imprinting surface must be 200 or less.<\/p>\n<p>*2 Selectable with Windows driver<\/p>\n<p><strong>System Requirements for USB Connection\u00a0\u00a0\u00a0\u00a0\u00a0\u00a0\u00a0\u00a0\u00a0 <\/strong><\/p>\n<p><strong>Computer<\/strong>\u00a0\u00a0\u00a0\u00a0\u00a0\u00a0\u00a0\u00a0\u00a0\u00a0 Model preinstalled with Windows 11, 10, or 8.1 (32- or 64-bit), or upgraded computer originally preinstalled with Windows 8.1 or later<\/p>\n<p><strong>USB cable<\/strong>\u00a0\u00a0\u00a0\u00a0\u00a0\u00a0\u00a0\u00a0\u00a0\u00a0\u00a0 Use the included USB cable.<\/p>\n<p><a href=\"http:\/\/wmtbaltic.lv\/wp-content\/uploads\/2023\/10\/MPX-90S_Brochure_Updated-Round-4-en-WEB.pdf\">Bro\u0161\u016bra _MPX-90S<\/a><\/p>\n","protected":false},"excerpt":{"rendered":"Grav\u0113\u0161anas iek\u0101rta\u00a0 met\u0101lam METAZA MPX-90S, kas ir lieliski piem\u0113rota d\u0101vanu personaliz\u0113\u0161anai, ir rentabls un lietot\u0101jam draudz\u012bgs, ar kuru var mar\u0137\u0113t zeltu, t\u0113raudu, sudrabu, tit\u0101nu un alum\u012bniju. Mazs ieguld\u012bjums, liela pe\u013c\u0146a Kompakts izm\u0113rs Prec\u012bzi iegrav\u0113 fotoatt\u0113lus VersaSTUDIO MPX-90S Model\u00a0 MPX-90S Imprintable material\u00a0\u00a0\u00a0\u00a0\u00a0 Gold, silver, copper, platinum, brass, aluminum, iron, stainless steel, etc. *1 Loadable material size [...]","protected":false},"featured_media":15279,"template":"","meta":[],"product_brand":[],"product_cat":[1285,258],"product_tag":[1288,1294,1293,1295],"class_list":{"0":"post-15278","1":"product","2":"type-product","3":"status-publish","4":"has-post-thumbnail","6":"product_cat-gravesanas-iekartas","7":"product_cat-iekartas-un-izejmateriali","8":"product_tag-gravesana","9":"product_tag-metaza","10":"product_tag-mpx-90s","11":"product_tag-versastudio","13":"first","14":"instock","15":"shipping-taxable","16":"product-type-simple"},"yoast_head":"<!-- This site is optimized with the Yoast SEO plugin v27.4 - https:\/\/yoast.com\/product\/yoast-seo-wordpress\/ -->\n<title>Grav\u0113\u0161anas iek\u0101rta met\u0101lam METAZA MPX-90S - WMT Baltic<\/title>\n<meta name=\"description\" content=\"Grav\u0113\u0161anas\u00a0METAZA MPX-90S piem\u0113rota d\u0101vanu personaliz\u0113\u0161anai, J\u016bs varat mar\u0137\u0113t zeltu, t\u0113raudu, sudrabu, tit\u0101nu un alum\u012bniju.\" \/>\n<meta name=\"robots\" content=\"index, follow, max-snippet:-1, max-image-preview:large, max-video-preview:-1\" \/>\n<link rel=\"canonical\" href=\"https:\/\/wmtbaltic.lv\/Produkts\/gravesanas-iekarta-metalam-metaza-mpx-90s\/\" \/>\n<meta property=\"og:locale\" content=\"en_US\" \/>\n<meta property=\"og:type\" content=\"article\" \/>\n<meta property=\"og:title\" content=\"Grav\u0113\u0161anas iek\u0101rta met\u0101lam METAZA MPX-90S - WMT Baltic\" \/>\n<meta property=\"og:description\" content=\"Grav\u0113\u0161anas\u00a0METAZA MPX-90S piem\u0113rota d\u0101vanu personaliz\u0113\u0161anai, J\u016bs varat mar\u0137\u0113t zeltu, t\u0113raudu, sudrabu, tit\u0101nu un alum\u012bniju.\" \/>\n<meta property=\"og:url\" content=\"https:\/\/wmtbaltic.lv\/Produkts\/gravesanas-iekarta-metalam-metaza-mpx-90s\/\" \/>\n<meta property=\"og:site_name\" content=\"WMT Baltic\" \/>\n<meta property=\"article:publisher\" content=\"https:\/\/www.facebook.com\/WMT.Baltic.viscom\/?locale=lv_LV\" \/>\n<meta property=\"article:modified_time\" content=\"2023-10-20T12:09:34+00:00\" \/>\n<meta property=\"og:image\" content=\"http:\/\/wmtbaltic.lv\/wp-content\/uploads\/2023\/10\/MPX-90S_front-scaled.jpg\" \/>\n\t<meta property=\"og:image:width\" content=\"2313\" \/>\n\t<meta property=\"og:image:height\" content=\"2560\" \/>\n\t<meta property=\"og:image:type\" content=\"image\/jpeg\" \/>\n<meta name=\"twitter:card\" content=\"summary_large_image\" \/>\n<meta name=\"twitter:label1\" content=\"Est. reading time\" \/>\n\t<meta name=\"twitter:data1\" content=\"2 minutes\" \/>\n<script type=\"application\/ld+json\" class=\"yoast-schema-graph\">{\"@context\":\"https:\\\/\\\/schema.org\",\"@graph\":[{\"@type\":\"WebPage\",\"@id\":\"https:\\\/\\\/wmtbaltic.lv\\\/Produkts\\\/gravesanas-iekarta-metalam-metaza-mpx-90s\\\/\",\"url\":\"https:\\\/\\\/wmtbaltic.lv\\\/Produkts\\\/gravesanas-iekarta-metalam-metaza-mpx-90s\\\/\",\"name\":\"Grav\u0113\u0161anas iek\u0101rta met\u0101lam METAZA MPX-90S - WMT Baltic\",\"isPartOf\":{\"@id\":\"https:\\\/\\\/wmtbaltic.lv\\\/#website\"},\"primaryImageOfPage\":{\"@id\":\"https:\\\/\\\/wmtbaltic.lv\\\/Produkts\\\/gravesanas-iekarta-metalam-metaza-mpx-90s\\\/#primaryimage\"},\"image\":{\"@id\":\"https:\\\/\\\/wmtbaltic.lv\\\/Produkts\\\/gravesanas-iekarta-metalam-metaza-mpx-90s\\\/#primaryimage\"},\"thumbnailUrl\":\"https:\\\/\\\/wmtbaltic.lv\\\/wp-content\\\/uploads\\\/2023\\\/10\\\/MPX-90S_front-scaled.jpg\",\"datePublished\":\"2023-10-20T11:56:37+00:00\",\"dateModified\":\"2023-10-20T12:09:34+00:00\",\"description\":\"Grav\u0113\u0161anas\u00a0METAZA MPX-90S piem\u0113rota d\u0101vanu personaliz\u0113\u0161anai, J\u016bs varat mar\u0137\u0113t zeltu, t\u0113raudu, sudrabu, tit\u0101nu un alum\u012bniju.\",\"breadcrumb\":{\"@id\":\"https:\\\/\\\/wmtbaltic.lv\\\/Produkts\\\/gravesanas-iekarta-metalam-metaza-mpx-90s\\\/#breadcrumb\"},\"inLanguage\":\"en-US\",\"potentialAction\":[{\"@type\":\"ReadAction\",\"target\":[\"https:\\\/\\\/wmtbaltic.lv\\\/Produkts\\\/gravesanas-iekarta-metalam-metaza-mpx-90s\\\/\"]}]},{\"@type\":\"ImageObject\",\"inLanguage\":\"en-US\",\"@id\":\"https:\\\/\\\/wmtbaltic.lv\\\/Produkts\\\/gravesanas-iekarta-metalam-metaza-mpx-90s\\\/#primaryimage\",\"url\":\"https:\\\/\\\/wmtbaltic.lv\\\/wp-content\\\/uploads\\\/2023\\\/10\\\/MPX-90S_front-scaled.jpg\",\"contentUrl\":\"https:\\\/\\\/wmtbaltic.lv\\\/wp-content\\\/uploads\\\/2023\\\/10\\\/MPX-90S_front-scaled.jpg\",\"width\":2313,\"height\":2560},{\"@type\":\"BreadcrumbList\",\"@id\":\"https:\\\/\\\/wmtbaltic.lv\\\/Produkts\\\/gravesanas-iekarta-metalam-metaza-mpx-90s\\\/#breadcrumb\",\"itemListElement\":[{\"@type\":\"ListItem\",\"position\":1,\"name\":\"Home\",\"item\":\"https:\\\/\\\/wmtbaltic.lv\\\/en\\\/\"},{\"@type\":\"ListItem\",\"position\":2,\"name\":\"Shop\",\"item\":\"https:\\\/\\\/wmtbaltic.lv\\\/shop\\\/\"},{\"@type\":\"ListItem\",\"position\":3,\"name\":\"Grav\u0113\u0161anas iek\u0101rta met\u0101lam METAZA MPX-90S\"}]},{\"@type\":\"WebSite\",\"@id\":\"https:\\\/\\\/wmtbaltic.lv\\\/#website\",\"url\":\"https:\\\/\\\/wmtbaltic.lv\\\/\",\"name\":\"WMT Baltic\",\"description\":\"Rekl\u0101mas produkti, pl\u0113ves\",\"publisher\":{\"@id\":\"https:\\\/\\\/wmtbaltic.lv\\\/#organization\"},\"potentialAction\":[{\"@type\":\"SearchAction\",\"target\":{\"@type\":\"EntryPoint\",\"urlTemplate\":\"https:\\\/\\\/wmtbaltic.lv\\\/?s={search_term_string}\"},\"query-input\":{\"@type\":\"PropertyValueSpecification\",\"valueRequired\":true,\"valueName\":\"search_term_string\"}}],\"inLanguage\":\"en-US\"},{\"@type\":\"Organization\",\"@id\":\"https:\\\/\\\/wmtbaltic.lv\\\/#organization\",\"name\":\"WMT Baltic\",\"url\":\"https:\\\/\\\/wmtbaltic.lv\\\/\",\"logo\":{\"@type\":\"ImageObject\",\"inLanguage\":\"en-US\",\"@id\":\"https:\\\/\\\/wmtbaltic.lv\\\/#\\\/schema\\\/logo\\\/image\\\/\",\"url\":\"https:\\\/\\\/wmtbaltic.lv\\\/wp-content\\\/uploads\\\/2024\\\/12\\\/wmt-baltic-sia_107142_9_420x180.jpg\",\"contentUrl\":\"https:\\\/\\\/wmtbaltic.lv\\\/wp-content\\\/uploads\\\/2024\\\/12\\\/wmt-baltic-sia_107142_9_420x180.jpg\",\"width\":420,\"height\":180,\"caption\":\"WMT Baltic\"},\"image\":{\"@id\":\"https:\\\/\\\/wmtbaltic.lv\\\/#\\\/schema\\\/logo\\\/image\\\/\"},\"sameAs\":[\"https:\\\/\\\/www.facebook.com\\\/WMT.Baltic.viscom\\\/?locale=lv_LV\",\"https:\\\/\\\/www.instagram.com\\\/viscom_wmt\\\/\"]}]}<\/script>\n<!-- \/ Yoast SEO plugin. -->","yoast_head_json":{"title":"Grav\u0113\u0161anas iek\u0101rta met\u0101lam METAZA MPX-90S - WMT Baltic","description":"Grav\u0113\u0161anas\u00a0METAZA MPX-90S piem\u0113rota d\u0101vanu personaliz\u0113\u0161anai, J\u016bs varat mar\u0137\u0113t zeltu, t\u0113raudu, sudrabu, tit\u0101nu un alum\u012bniju.","robots":{"index":"index","follow":"follow","max-snippet":"max-snippet:-1","max-image-preview":"max-image-preview:large","max-video-preview":"max-video-preview:-1"},"canonical":"https:\/\/wmtbaltic.lv\/Produkts\/gravesanas-iekarta-metalam-metaza-mpx-90s\/","og_locale":"en_US","og_type":"article","og_title":"Grav\u0113\u0161anas iek\u0101rta met\u0101lam METAZA MPX-90S - WMT Baltic","og_description":"Grav\u0113\u0161anas\u00a0METAZA MPX-90S piem\u0113rota d\u0101vanu personaliz\u0113\u0161anai, J\u016bs varat mar\u0137\u0113t zeltu, t\u0113raudu, sudrabu, tit\u0101nu un alum\u012bniju.","og_url":"https:\/\/wmtbaltic.lv\/Produkts\/gravesanas-iekarta-metalam-metaza-mpx-90s\/","og_site_name":"WMT Baltic","article_publisher":"https:\/\/www.facebook.com\/WMT.Baltic.viscom\/?locale=lv_LV","article_modified_time":"2023-10-20T12:09:34+00:00","og_image":[{"width":2313,"height":2560,"url":"http:\/\/wmtbaltic.lv\/wp-content\/uploads\/2023\/10\/MPX-90S_front-scaled.jpg","type":"image\/jpeg"}],"twitter_card":"summary_large_image","twitter_misc":{"Est. reading time":"2 minutes"},"schema":{"@context":"https:\/\/schema.org","@graph":[{"@type":"WebPage","@id":"https:\/\/wmtbaltic.lv\/Produkts\/gravesanas-iekarta-metalam-metaza-mpx-90s\/","url":"https:\/\/wmtbaltic.lv\/Produkts\/gravesanas-iekarta-metalam-metaza-mpx-90s\/","name":"Grav\u0113\u0161anas iek\u0101rta met\u0101lam METAZA MPX-90S - WMT Baltic","isPartOf":{"@id":"https:\/\/wmtbaltic.lv\/#website"},"primaryImageOfPage":{"@id":"https:\/\/wmtbaltic.lv\/Produkts\/gravesanas-iekarta-metalam-metaza-mpx-90s\/#primaryimage"},"image":{"@id":"https:\/\/wmtbaltic.lv\/Produkts\/gravesanas-iekarta-metalam-metaza-mpx-90s\/#primaryimage"},"thumbnailUrl":"https:\/\/wmtbaltic.lv\/wp-content\/uploads\/2023\/10\/MPX-90S_front-scaled.jpg","datePublished":"2023-10-20T11:56:37+00:00","dateModified":"2023-10-20T12:09:34+00:00","description":"Grav\u0113\u0161anas\u00a0METAZA MPX-90S piem\u0113rota d\u0101vanu personaliz\u0113\u0161anai, J\u016bs varat mar\u0137\u0113t zeltu, t\u0113raudu, sudrabu, tit\u0101nu un alum\u012bniju.","breadcrumb":{"@id":"https:\/\/wmtbaltic.lv\/Produkts\/gravesanas-iekarta-metalam-metaza-mpx-90s\/#breadcrumb"},"inLanguage":"en-US","potentialAction":[{"@type":"ReadAction","target":["https:\/\/wmtbaltic.lv\/Produkts\/gravesanas-iekarta-metalam-metaza-mpx-90s\/"]}]},{"@type":"ImageObject","inLanguage":"en-US","@id":"https:\/\/wmtbaltic.lv\/Produkts\/gravesanas-iekarta-metalam-metaza-mpx-90s\/#primaryimage","url":"https:\/\/wmtbaltic.lv\/wp-content\/uploads\/2023\/10\/MPX-90S_front-scaled.jpg","contentUrl":"https:\/\/wmtbaltic.lv\/wp-content\/uploads\/2023\/10\/MPX-90S_front-scaled.jpg","width":2313,"height":2560},{"@type":"BreadcrumbList","@id":"https:\/\/wmtbaltic.lv\/Produkts\/gravesanas-iekarta-metalam-metaza-mpx-90s\/#breadcrumb","itemListElement":[{"@type":"ListItem","position":1,"name":"Home","item":"https:\/\/wmtbaltic.lv\/en\/"},{"@type":"ListItem","position":2,"name":"Shop","item":"https:\/\/wmtbaltic.lv\/shop\/"},{"@type":"ListItem","position":3,"name":"Grav\u0113\u0161anas iek\u0101rta met\u0101lam METAZA MPX-90S"}]},{"@type":"WebSite","@id":"https:\/\/wmtbaltic.lv\/#website","url":"https:\/\/wmtbaltic.lv\/","name":"WMT Baltic","description":"Rekl\u0101mas produkti, pl\u0113ves","publisher":{"@id":"https:\/\/wmtbaltic.lv\/#organization"},"potentialAction":[{"@type":"SearchAction","target":{"@type":"EntryPoint","urlTemplate":"https:\/\/wmtbaltic.lv\/?s={search_term_string}"},"query-input":{"@type":"PropertyValueSpecification","valueRequired":true,"valueName":"search_term_string"}}],"inLanguage":"en-US"},{"@type":"Organization","@id":"https:\/\/wmtbaltic.lv\/#organization","name":"WMT Baltic","url":"https:\/\/wmtbaltic.lv\/","logo":{"@type":"ImageObject","inLanguage":"en-US","@id":"https:\/\/wmtbaltic.lv\/#\/schema\/logo\/image\/","url":"https:\/\/wmtbaltic.lv\/wp-content\/uploads\/2024\/12\/wmt-baltic-sia_107142_9_420x180.jpg","contentUrl":"https:\/\/wmtbaltic.lv\/wp-content\/uploads\/2024\/12\/wmt-baltic-sia_107142_9_420x180.jpg","width":420,"height":180,"caption":"WMT Baltic"},"image":{"@id":"https:\/\/wmtbaltic.lv\/#\/schema\/logo\/image\/"},"sameAs":["https:\/\/www.facebook.com\/WMT.Baltic.viscom\/?locale=lv_LV","https:\/\/www.instagram.com\/viscom_wmt\/"]}]}},"_links":{"self":[{"href":"https:\/\/wmtbaltic.lv\/en\/wp-json\/wp\/v2\/product\/15278","targetHints":{"allow":["GET"]}}],"collection":[{"href":"https:\/\/wmtbaltic.lv\/en\/wp-json\/wp\/v2\/product"}],"about":[{"href":"https:\/\/wmtbaltic.lv\/en\/wp-json\/wp\/v2\/types\/product"}],"wp:featuredmedia":[{"embeddable":true,"href":"https:\/\/wmtbaltic.lv\/en\/wp-json\/wp\/v2\/media\/15279"}],"wp:attachment":[{"href":"https:\/\/wmtbaltic.lv\/en\/wp-json\/wp\/v2\/media?parent=15278"}],"wp:term":[{"taxonomy":"product_brand","embeddable":true,"href":"https:\/\/wmtbaltic.lv\/en\/wp-json\/wp\/v2\/product_brand?post=15278"},{"taxonomy":"product_cat","embeddable":true,"href":"https:\/\/wmtbaltic.lv\/en\/wp-json\/wp\/v2\/product_cat?post=15278"},{"taxonomy":"product_tag","embeddable":true,"href":"https:\/\/wmtbaltic.lv\/en\/wp-json\/wp\/v2\/product_tag?post=15278"}],"curies":[{"name":"wp","href":"https:\/\/api.w.org\/{rel}","templated":true}]}}