{"id":15270,"date":"2023-10-20T11:39:49","date_gmt":"2023-10-20T11:39:49","guid":{"rendered":"https:\/\/wmtbaltic.lv\/?post_type=product&#038;p=15270"},"modified":"2023-10-20T11:44:10","modified_gmt":"2023-10-20T11:44:10","slug":"galda-cnc-freze-mdx-50","status":"publish","type":"product","link":"https:\/\/wmtbaltic.lv\/en\/product\/galda-cnc-freze-mdx-50\/","title":{"rendered":"Galda CNC fr\u0113ze MDX-50"},"content":{"rendered":"<p>MDX-50 galda CNC fr\u0113ze apvieno prec\u012bzu, automatiz\u0113tu fr\u0113z\u0113\u0161anu un nep\u0101rsp\u0113jamu lieto\u0161anas \u0113rtumu. MDX-50 ir ide\u0101ls risin\u0101jums prototipiem, samazina darb\u012bbas laiku un vienk\u0101r\u0161o ra\u017eo\u0161anu, lai lietot\u0101ji ar da\u017e\u0101d\u0101m sp\u0113j\u0101m var\u0113tu fr\u0113z\u0113t funkcion\u0101l\u0101s deta\u013cas ar neticamu kvalit\u0101ti no pla\u0161a materi\u0101lu kl\u0101sta.<\/p>\n<p>Galda CNC iek\u0101rta \u0101trai prototipu veido\u0161anai:<\/p>\n<ul>\n<li>Autom\u0101tiskais instrumentu main\u012bt\u0101js &#8211; nep\u0101rtraukta darb\u012bba bez apst\u0101\u0161an\u0101s, lai main\u012btu instrumentus<\/li>\n<li>Papla\u0161in\u0101ts apstr\u0101des laukums &#8211; 400 mm (X) x 305 mm (Y) x 135 mm (Z)<\/li>\n<li>Uzlabota piedzi\u0146as sist\u0113ma atbalsta izm\u0113ru stabilit\u0101ti<\/li>\n<li>Komplekt\u0101 ar lietot\u0101jam draudz\u012bgu CAM programmat\u016bru<\/li>\n<\/ul>\n<table style=\"height: 1595px;\" width=\"1497\">\n<tbody>\n<tr>\n<td colspan=\"2\"><strong>Acceptable materials<\/strong><\/td>\n<td>Resins such as chemical wood and modelling wax, wood (metal not supported)<\/td>\n<\/tr>\n<tr>\n<td colspan=\"2\"><strong>Operating range<\/strong><\/td>\n<td>X: 400 mm (15.80 in)<br \/>\nY: 305 mm (12 in)<br \/>\nZ: 135 mm (5.3 in)<\/td>\n<\/tr>\n<tr>\n<td colspan=\"2\"><strong>Table size<\/strong><\/td>\n<td>W: 400 mm (15.8 in)<br \/>\nD: 305 mm (12 in)<\/td>\n<\/tr>\n<tr>\n<td colspan=\"2\"><strong>Loadable workpiece size<\/strong><\/td>\n<td>X: 400 mm (15.8 in)<br \/>\nY: 305 mm (12 in)<br \/>\nZ: 100 mm (3.9 in)<\/td>\n<\/tr>\n<tr>\n<td colspan=\"2\"><strong>Axis drive<\/strong><\/td>\n<td>Stepper Motor<\/td>\n<\/tr>\n<tr>\n<td colspan=\"2\"><strong>Feed rate<\/strong><\/td>\n<td>XY: 7 to 3600 mm\/min<br \/>\nZ: 7 to 3000 mm\/min<\/td>\n<\/tr>\n<tr>\n<td colspan=\"2\"><strong>Software resolution<\/strong><\/td>\n<td>RML-1: 0.001 mm\/step NC code: 0.001 mm\/step<\/td>\n<\/tr>\n<tr>\n<td colspan=\"2\"><strong>Mechanical resolution<\/strong><\/td>\n<td>0.01 mm\/step<br \/>\n(0.39 mil\/step; half step)<\/td>\n<\/tr>\n<tr>\n<td colspan=\"2\"><strong>Spindle motor<\/strong><\/td>\n<td>Brushless DC motor<\/td>\n<\/tr>\n<tr>\n<td colspan=\"2\" width=\"110\"><strong>Spindle rotation speed<\/strong><\/td>\n<td>4500 \uff5e 15000 rpm<\/td>\n<\/tr>\n<tr>\n<td colspan=\"2\"><strong>Tool chuck<\/strong><\/td>\n<td>Collet<\/td>\n<\/tr>\n<tr>\n<td colspan=\"2\"><strong>Tool Change Method<\/strong><\/td>\n<td>AutomaticTool Changer (ATC)<\/td>\n<\/tr>\n<tr>\n<td colspan=\"2\"><strong>ATC Magazine Capacity<\/strong><\/td>\n<td>5 Tools + 1 Detection pin (6 Position Capacity)<\/td>\n<\/tr>\n<tr>\n<td colspan=\"2\"><strong>Tool Shank Diameter<\/strong><\/td>\n<td>6 mm, 4 mm using ZH-4 tool holder, 3 mm using ZH-3 tool holder<\/td>\n<\/tr>\n<tr>\n<td colspan=\"2\"><strong>Dust box dimmensions<\/strong><\/td>\n<td>600 x 700 x 95 mm<\/td>\n<\/tr>\n<tr>\n<td colspan=\"2\"><strong>Interface<\/strong><\/td>\n<td>USB<\/td>\n<\/tr>\n<tr>\n<td colspan=\"2\"><strong>Power requirements (VAC\/A)<\/strong><\/td>\n<td>AC 100 to 240 V \u00b110%, 50\/60 Hz, 1.2 A<br \/>\n(Overvoltage Category: II, IEC 60664-1)<\/td>\n<\/tr>\n<tr>\n<td colspan=\"2\"><strong>Power consumption<\/strong><\/td>\n<td>Approx. 95 W<\/td>\n<\/tr>\n<tr>\n<td rowspan=\"2\"><strong>Acoustic noise level (dB)<\/strong><\/td>\n<td><strong>During operation<\/strong><\/td>\n<td>60 dB (A) or less (when not cutting)<\/td>\n<\/tr>\n<tr>\n<td><strong>During standby<\/strong><\/td>\n<td>45 dB (A) or less<\/td>\n<\/tr>\n<tr>\n<td colspan=\"2\"><strong>External Dimensions<\/strong><\/td>\n<td>760 (W) \u00d7 900 (D) \u00d7 732 (H) mm (29.92 \u00d7 35.43 \u00d7 28.82 in)<\/td>\n<\/tr>\n<tr>\n<td colspan=\"2\"><strong>Weight<\/strong><\/td>\n<td>122 kg (269 lb)<\/td>\n<\/tr>\n<tr>\n<td colspan=\"2\"><strong>Installation environment<\/strong><\/td>\n<td>Indoor use, Altitude: Up to 2000 m (6562 ft.), Temperature: 5 to 40 \u2103 (41 to 104\u00b0F), Humidity: 35 to 80 % (no condensation), Ambient pollution degree: 2 (as specified by IEC 60664-1), Short-term temporary overvoltage: 1440 V, Long-term temporary overvoltage: 490 V<\/td>\n<\/tr>\n<tr>\n<td colspan=\"2\"><strong>Included items<\/strong><\/td>\n<td>Power cable, USB cable, manual, Roland DG Software Package CD, detection<br \/>\npin, hexagonal screwdriver, hexagonal wrench, wrench, tool holder, tool<br \/>\npositioner, Z0 sensor<\/td>\n<\/tr>\n<\/tbody>\n<\/table>\n<p><a href=\"http:\/\/wmtbaltic.lv\/wp-content\/uploads\/2023\/10\/Brochure_MDX-50-EN.pdf\">Bro\u0161\u016bra_MDX-50 &#8211; EN<\/a><\/p>\n<p><a href=\"http:\/\/wmtbaltic.lv\/wp-content\/uploads\/2023\/10\/Manual_MDX-50_EN.pdf\">Instrukcija_MDX-50_EN<\/a><\/p>\n","protected":false},"excerpt":{"rendered":"MDX-50 galda CNC fr\u0113ze apvieno prec\u012bzu, automatiz\u0113tu fr\u0113z\u0113\u0161anu un nep\u0101rsp\u0113jamu lieto\u0161anas \u0113rtumu. MDX-50 ir ide\u0101ls risin\u0101jums prototipiem, samazina darb\u012bbas laiku un vienk\u0101r\u0161o ra\u017eo\u0161anu, lai lietot\u0101ji ar da\u017e\u0101d\u0101m sp\u0113j\u0101m var\u0113tu fr\u0113z\u0113t funkcion\u0101l\u0101s deta\u013cas ar neticamu kvalit\u0101ti no pla\u0161a materi\u0101lu kl\u0101sta. Galda CNC iek\u0101rta \u0101trai prototipu veido\u0161anai: Autom\u0101tiskais instrumentu main\u012bt\u0101js - nep\u0101rtraukta darb\u012bba bez apst\u0101\u0161an\u0101s, lai main\u012btu [...]","protected":false},"featured_media":15271,"comment_status":"closed","ping_status":"closed","template":"","meta":[],"product_brand":[],"product_cat":[1285,258],"product_tag":[1290,1291,1289,1292,497],"class_list":{"0":"post-15270","1":"product","2":"type-product","3":"status-publish","4":"has-post-thumbnail","6":"product_cat-gravesanas-iekartas","7":"product_cat-iekartas-un-izejmateriali","8":"product_tag-cnc","9":"product_tag-freze","10":"product_tag-galda","11":"product_tag-mdx-50","12":"product_tag-roland","14":"first","15":"instock","16":"shipping-taxable","17":"product-type-simple"},"yoast_head":"<!-- This site is optimized with the Yoast SEO plugin v27.4 - https:\/\/yoast.com\/product\/yoast-seo-wordpress\/ -->\n<title>Galda CNC fr\u0113ze MDX-50 - WMT Baltic<\/title>\n<meta name=\"description\" content=\"Roland MDX-50 galda CNC fr\u0113ze apvieno prec\u012bzu, automatiz\u0113tu fr\u0113z\u0113\u0161anu un nep\u0101rsp\u0113jamu lieto\u0161anas \u0113rtumu.\" \/>\n<meta name=\"robots\" content=\"index, follow, max-snippet:-1, max-image-preview:large, max-video-preview:-1\" \/>\n<link rel=\"canonical\" href=\"https:\/\/wmtbaltic.lv\/Produkts\/galda-cnc-freze-mdx-50\/\" \/>\n<meta property=\"og:locale\" content=\"en_US\" \/>\n<meta property=\"og:type\" content=\"article\" \/>\n<meta property=\"og:title\" content=\"Galda CNC fr\u0113ze MDX-50 - WMT Baltic\" \/>\n<meta property=\"og:description\" content=\"Roland MDX-50 galda CNC fr\u0113ze apvieno prec\u012bzu, automatiz\u0113tu fr\u0113z\u0113\u0161anu un nep\u0101rsp\u0113jamu lieto\u0161anas \u0113rtumu.\" \/>\n<meta property=\"og:url\" content=\"https:\/\/wmtbaltic.lv\/Produkts\/galda-cnc-freze-mdx-50\/\" \/>\n<meta property=\"og:site_name\" content=\"WMT Baltic\" \/>\n<meta property=\"article:publisher\" content=\"https:\/\/www.facebook.com\/WMT.Baltic.viscom\/?locale=lv_LV\" \/>\n<meta property=\"article:modified_time\" content=\"2023-10-20T11:44:10+00:00\" \/>\n<meta property=\"og:image\" content=\"http:\/\/wmtbaltic.lv\/wp-content\/uploads\/2023\/10\/MDX-50-1_64.jpg\" \/>\n\t<meta property=\"og:image:width\" content=\"1400\" \/>\n\t<meta property=\"og:image:height\" content=\"1050\" \/>\n\t<meta property=\"og:image:type\" content=\"image\/jpeg\" \/>\n<meta name=\"twitter:card\" content=\"summary_large_image\" \/>\n<meta name=\"twitter:label1\" content=\"Est. reading time\" \/>\n\t<meta name=\"twitter:data1\" content=\"2 minutes\" \/>\n<script type=\"application\/ld+json\" class=\"yoast-schema-graph\">{\"@context\":\"https:\\\/\\\/schema.org\",\"@graph\":[{\"@type\":\"WebPage\",\"@id\":\"https:\\\/\\\/wmtbaltic.lv\\\/Produkts\\\/galda-cnc-freze-mdx-50\\\/\",\"url\":\"https:\\\/\\\/wmtbaltic.lv\\\/Produkts\\\/galda-cnc-freze-mdx-50\\\/\",\"name\":\"Galda CNC fr\u0113ze MDX-50 - WMT Baltic\",\"isPartOf\":{\"@id\":\"https:\\\/\\\/wmtbaltic.lv\\\/#website\"},\"primaryImageOfPage\":{\"@id\":\"https:\\\/\\\/wmtbaltic.lv\\\/Produkts\\\/galda-cnc-freze-mdx-50\\\/#primaryimage\"},\"image\":{\"@id\":\"https:\\\/\\\/wmtbaltic.lv\\\/Produkts\\\/galda-cnc-freze-mdx-50\\\/#primaryimage\"},\"thumbnailUrl\":\"https:\\\/\\\/wmtbaltic.lv\\\/wp-content\\\/uploads\\\/2023\\\/10\\\/MDX-50-1_64.jpg\",\"datePublished\":\"2023-10-20T11:39:49+00:00\",\"dateModified\":\"2023-10-20T11:44:10+00:00\",\"description\":\"Roland MDX-50 galda CNC fr\u0113ze apvieno prec\u012bzu, automatiz\u0113tu fr\u0113z\u0113\u0161anu un nep\u0101rsp\u0113jamu lieto\u0161anas \u0113rtumu.\",\"breadcrumb\":{\"@id\":\"https:\\\/\\\/wmtbaltic.lv\\\/Produkts\\\/galda-cnc-freze-mdx-50\\\/#breadcrumb\"},\"inLanguage\":\"en-US\",\"potentialAction\":[{\"@type\":\"ReadAction\",\"target\":[\"https:\\\/\\\/wmtbaltic.lv\\\/Produkts\\\/galda-cnc-freze-mdx-50\\\/\"]}]},{\"@type\":\"ImageObject\",\"inLanguage\":\"en-US\",\"@id\":\"https:\\\/\\\/wmtbaltic.lv\\\/Produkts\\\/galda-cnc-freze-mdx-50\\\/#primaryimage\",\"url\":\"https:\\\/\\\/wmtbaltic.lv\\\/wp-content\\\/uploads\\\/2023\\\/10\\\/MDX-50-1_64.jpg\",\"contentUrl\":\"https:\\\/\\\/wmtbaltic.lv\\\/wp-content\\\/uploads\\\/2023\\\/10\\\/MDX-50-1_64.jpg\",\"width\":1400,\"height\":1050},{\"@type\":\"BreadcrumbList\",\"@id\":\"https:\\\/\\\/wmtbaltic.lv\\\/Produkts\\\/galda-cnc-freze-mdx-50\\\/#breadcrumb\",\"itemListElement\":[{\"@type\":\"ListItem\",\"position\":1,\"name\":\"Home\",\"item\":\"https:\\\/\\\/wmtbaltic.lv\\\/en\\\/\"},{\"@type\":\"ListItem\",\"position\":2,\"name\":\"Products\",\"item\":\"https:\\\/\\\/wmtbaltic.lv\\\/en\\\/shop\\\/\"},{\"@type\":\"ListItem\",\"position\":3,\"name\":\"Galda CNC fr\u0113ze MDX-50\"}]},{\"@type\":\"WebSite\",\"@id\":\"https:\\\/\\\/wmtbaltic.lv\\\/#website\",\"url\":\"https:\\\/\\\/wmtbaltic.lv\\\/\",\"name\":\"WMT Baltic\",\"description\":\"Rekl\u0101mas produkti, pl\u0113ves\",\"publisher\":{\"@id\":\"https:\\\/\\\/wmtbaltic.lv\\\/#organization\"},\"potentialAction\":[{\"@type\":\"SearchAction\",\"target\":{\"@type\":\"EntryPoint\",\"urlTemplate\":\"https:\\\/\\\/wmtbaltic.lv\\\/?s={search_term_string}\"},\"query-input\":{\"@type\":\"PropertyValueSpecification\",\"valueRequired\":true,\"valueName\":\"search_term_string\"}}],\"inLanguage\":\"en-US\"},{\"@type\":\"Organization\",\"@id\":\"https:\\\/\\\/wmtbaltic.lv\\\/#organization\",\"name\":\"WMT Baltic\",\"url\":\"https:\\\/\\\/wmtbaltic.lv\\\/\",\"logo\":{\"@type\":\"ImageObject\",\"inLanguage\":\"en-US\",\"@id\":\"https:\\\/\\\/wmtbaltic.lv\\\/#\\\/schema\\\/logo\\\/image\\\/\",\"url\":\"https:\\\/\\\/wmtbaltic.lv\\\/wp-content\\\/uploads\\\/2024\\\/12\\\/wmt-baltic-sia_107142_9_420x180.jpg\",\"contentUrl\":\"https:\\\/\\\/wmtbaltic.lv\\\/wp-content\\\/uploads\\\/2024\\\/12\\\/wmt-baltic-sia_107142_9_420x180.jpg\",\"width\":420,\"height\":180,\"caption\":\"WMT Baltic\"},\"image\":{\"@id\":\"https:\\\/\\\/wmtbaltic.lv\\\/#\\\/schema\\\/logo\\\/image\\\/\"},\"sameAs\":[\"https:\\\/\\\/www.facebook.com\\\/WMT.Baltic.viscom\\\/?locale=lv_LV\",\"https:\\\/\\\/www.instagram.com\\\/viscom_wmt\\\/\"]}]}<\/script>\n<!-- \/ Yoast SEO plugin. -->","yoast_head_json":{"title":"Galda CNC fr\u0113ze MDX-50 - WMT Baltic","description":"Roland MDX-50 galda CNC fr\u0113ze apvieno prec\u012bzu, automatiz\u0113tu fr\u0113z\u0113\u0161anu un nep\u0101rsp\u0113jamu lieto\u0161anas \u0113rtumu.","robots":{"index":"index","follow":"follow","max-snippet":"max-snippet:-1","max-image-preview":"max-image-preview:large","max-video-preview":"max-video-preview:-1"},"canonical":"https:\/\/wmtbaltic.lv\/Produkts\/galda-cnc-freze-mdx-50\/","og_locale":"en_US","og_type":"article","og_title":"Galda CNC fr\u0113ze MDX-50 - WMT Baltic","og_description":"Roland MDX-50 galda CNC fr\u0113ze apvieno prec\u012bzu, automatiz\u0113tu fr\u0113z\u0113\u0161anu un nep\u0101rsp\u0113jamu lieto\u0161anas \u0113rtumu.","og_url":"https:\/\/wmtbaltic.lv\/Produkts\/galda-cnc-freze-mdx-50\/","og_site_name":"WMT Baltic","article_publisher":"https:\/\/www.facebook.com\/WMT.Baltic.viscom\/?locale=lv_LV","article_modified_time":"2023-10-20T11:44:10+00:00","og_image":[{"width":1400,"height":1050,"url":"http:\/\/wmtbaltic.lv\/wp-content\/uploads\/2023\/10\/MDX-50-1_64.jpg","type":"image\/jpeg"}],"twitter_card":"summary_large_image","twitter_misc":{"Est. reading time":"2 minutes"},"schema":{"@context":"https:\/\/schema.org","@graph":[{"@type":"WebPage","@id":"https:\/\/wmtbaltic.lv\/Produkts\/galda-cnc-freze-mdx-50\/","url":"https:\/\/wmtbaltic.lv\/Produkts\/galda-cnc-freze-mdx-50\/","name":"Galda CNC fr\u0113ze MDX-50 - WMT Baltic","isPartOf":{"@id":"https:\/\/wmtbaltic.lv\/#website"},"primaryImageOfPage":{"@id":"https:\/\/wmtbaltic.lv\/Produkts\/galda-cnc-freze-mdx-50\/#primaryimage"},"image":{"@id":"https:\/\/wmtbaltic.lv\/Produkts\/galda-cnc-freze-mdx-50\/#primaryimage"},"thumbnailUrl":"https:\/\/wmtbaltic.lv\/wp-content\/uploads\/2023\/10\/MDX-50-1_64.jpg","datePublished":"2023-10-20T11:39:49+00:00","dateModified":"2023-10-20T11:44:10+00:00","description":"Roland MDX-50 galda CNC fr\u0113ze apvieno prec\u012bzu, automatiz\u0113tu fr\u0113z\u0113\u0161anu un nep\u0101rsp\u0113jamu lieto\u0161anas \u0113rtumu.","breadcrumb":{"@id":"https:\/\/wmtbaltic.lv\/Produkts\/galda-cnc-freze-mdx-50\/#breadcrumb"},"inLanguage":"en-US","potentialAction":[{"@type":"ReadAction","target":["https:\/\/wmtbaltic.lv\/Produkts\/galda-cnc-freze-mdx-50\/"]}]},{"@type":"ImageObject","inLanguage":"en-US","@id":"https:\/\/wmtbaltic.lv\/Produkts\/galda-cnc-freze-mdx-50\/#primaryimage","url":"https:\/\/wmtbaltic.lv\/wp-content\/uploads\/2023\/10\/MDX-50-1_64.jpg","contentUrl":"https:\/\/wmtbaltic.lv\/wp-content\/uploads\/2023\/10\/MDX-50-1_64.jpg","width":1400,"height":1050},{"@type":"BreadcrumbList","@id":"https:\/\/wmtbaltic.lv\/Produkts\/galda-cnc-freze-mdx-50\/#breadcrumb","itemListElement":[{"@type":"ListItem","position":1,"name":"Home","item":"https:\/\/wmtbaltic.lv\/en\/"},{"@type":"ListItem","position":2,"name":"Products","item":"https:\/\/wmtbaltic.lv\/en\/shop\/"},{"@type":"ListItem","position":3,"name":"Galda CNC fr\u0113ze MDX-50"}]},{"@type":"WebSite","@id":"https:\/\/wmtbaltic.lv\/#website","url":"https:\/\/wmtbaltic.lv\/","name":"WMT Baltic","description":"Rekl\u0101mas produkti, pl\u0113ves","publisher":{"@id":"https:\/\/wmtbaltic.lv\/#organization"},"potentialAction":[{"@type":"SearchAction","target":{"@type":"EntryPoint","urlTemplate":"https:\/\/wmtbaltic.lv\/?s={search_term_string}"},"query-input":{"@type":"PropertyValueSpecification","valueRequired":true,"valueName":"search_term_string"}}],"inLanguage":"en-US"},{"@type":"Organization","@id":"https:\/\/wmtbaltic.lv\/#organization","name":"WMT Baltic","url":"https:\/\/wmtbaltic.lv\/","logo":{"@type":"ImageObject","inLanguage":"en-US","@id":"https:\/\/wmtbaltic.lv\/#\/schema\/logo\/image\/","url":"https:\/\/wmtbaltic.lv\/wp-content\/uploads\/2024\/12\/wmt-baltic-sia_107142_9_420x180.jpg","contentUrl":"https:\/\/wmtbaltic.lv\/wp-content\/uploads\/2024\/12\/wmt-baltic-sia_107142_9_420x180.jpg","width":420,"height":180,"caption":"WMT Baltic"},"image":{"@id":"https:\/\/wmtbaltic.lv\/#\/schema\/logo\/image\/"},"sameAs":["https:\/\/www.facebook.com\/WMT.Baltic.viscom\/?locale=lv_LV","https:\/\/www.instagram.com\/viscom_wmt\/"]}]}},"_links":{"self":[{"href":"https:\/\/wmtbaltic.lv\/en\/wp-json\/wp\/v2\/product\/15270","targetHints":{"allow":["GET"]}}],"collection":[{"href":"https:\/\/wmtbaltic.lv\/en\/wp-json\/wp\/v2\/product"}],"about":[{"href":"https:\/\/wmtbaltic.lv\/en\/wp-json\/wp\/v2\/types\/product"}],"replies":[{"embeddable":true,"href":"https:\/\/wmtbaltic.lv\/en\/wp-json\/wp\/v2\/comments?post=15270"}],"wp:featuredmedia":[{"embeddable":true,"href":"https:\/\/wmtbaltic.lv\/en\/wp-json\/wp\/v2\/media\/15271"}],"wp:attachment":[{"href":"https:\/\/wmtbaltic.lv\/en\/wp-json\/wp\/v2\/media?parent=15270"}],"wp:term":[{"taxonomy":"product_brand","embeddable":true,"href":"https:\/\/wmtbaltic.lv\/en\/wp-json\/wp\/v2\/product_brand?post=15270"},{"taxonomy":"product_cat","embeddable":true,"href":"https:\/\/wmtbaltic.lv\/en\/wp-json\/wp\/v2\/product_cat?post=15270"},{"taxonomy":"product_tag","embeddable":true,"href":"https:\/\/wmtbaltic.lv\/en\/wp-json\/wp\/v2\/product_tag?post=15270"}],"curies":[{"name":"wp","href":"https:\/\/api.w.org\/{rel}","templated":true}]}}