{"id":15264,"date":"2023-10-20T11:19:11","date_gmt":"2023-10-20T11:19:11","guid":{"rendered":"https:\/\/wmtbaltic.lv\/?post_type=product&#038;p=15264"},"modified":"2023-10-20T11:28:08","modified_gmt":"2023-10-20T11:28:08","slug":"frezesas-iekarta-srm-20","status":"publish","type":"product","link":"https:\/\/wmtbaltic.lv\/en\/product\/frezesas-iekarta-srm-20\/","title":{"rendered":"Fr\u0113z\u0113\u0161as iek\u0101rta SRM-20"},"content":{"rendered":"<p>K\u0101 maza fr\u0113z\u0113\u0161as iek\u0101rta SRM-20 pied\u0101v\u0101 kompaktus izm\u0113rus un jaud\u012bgu funkcionalit\u0101ti par pie\u0146emamu cenu. Re\u0101listisku deta\u013cu un prototipu izgatavo\u0161ana ir vienk\u0101r\u0161a un \u0113rta ar iek\u0101rtu, kas iederas jebkur\u0101 biroja, studijas vai klases vid\u0113. Lietot\u0101jiem, kas mekl\u0113 uzlabotas fr\u0113z\u0113\u0161anas iesp\u0113jas bez profesion\u0101lu darb\u012bbas prasm\u0113m, SRM-20 ir viena no vienk\u0101r\u0161\u0101kaj\u0101m un prec\u012bz\u0101kaj\u0101m CNC fr\u0113z\u0113m sav\u0101 klas\u0113.<\/p>\n<ul>\n<li>M\u016bsdien\u012bgs industri\u0101lais dizains<\/li>\n<li>Jaud\u012bgs v\u0101rpstas motors<\/li>\n<li>Uzlabota v\u0101rpstas un uzmavas sist\u0113ma<\/li>\n<li>Samazin\u0101ta trok\u0161\u0146a un putek\u013cu nov\u0113r\u0161ana<\/li>\n<li>Iek\u013cauta SRP Player CAM programmat\u016bra<\/li>\n<\/ul>\n<p><strong>Cuttable Material: <\/strong>Modelling Wax, Chemical Wood, Foam, Acrylic, Poly acetate, ABS, PC board<\/p>\n<p><strong>X, Y, and Z Operation Strokes<\/strong>\u00a0\u00a0\u00a0\u00a0 203.2 (X) x 152.4 (Y) x 60.5 (Z) mm<\/p>\n<p><strong>Workpiece table size<\/strong>: 232.2 (X) x 156.6 (Y) mm<\/p>\n<p><strong>Distance From Collet Tip to Table<\/strong>: Max, 130.75mm (5.15 in)<\/p>\n<p><strong>Loadable Workpiece Weight<\/strong>:\u00a0\u00a0\u00a0 2 kg (4.4 lb)<\/p>\n<p><strong>X-, Y-, and Z-Axis Drive System<\/strong>: Stepping motor<\/p>\n<p><strong>Operating Speed<\/strong>\u00a0\u00a0\u00a0\u00a0\u00a0\u00a0\u00a0\u00a0\u00a0\u00a0\u00a0\u00a0\u00a0 6 &#8211; 1800mm\/min,\u00a0 0.24 &#8211; 70.87inch\/min<\/p>\n<p><strong>Software Resolution<\/strong> \u00a0\u00a0\u00a0\u00a0 0.01 mm\/step (RML-1), 0.001mm\/step (NC code) 0.000039 inches\/step (RML-1), 0.000039 inches\/step (NC code)<\/p>\n<p><strong>Mechanical Resolution<\/strong> 0.000998594 mm\/step 0.0000393 inches\/step<\/p>\n<p><strong>Spindle Motor<\/strong>\u00a0\u00a0 DC motor Type 380<\/p>\n<p><strong>Spindle Rotation Speed<\/strong> Adjustable 3000 &#8211; 7000 rpm<\/p>\n<p><strong>Cutting Tool Chuck<\/strong>\u00a0\u00a0\u00a0\u00a0\u00a0\u00a0\u00a0\u00a0\u00a0 Collet method<\/p>\n<p><strong>Interface\u00a0\u00a0\u00a0\u00a0\u00a0\u00a0\u00a0\u00a0\u00a0\u00a0\u00a0\u00a0 <\/strong>USB<\/p>\n<p><strong>Control Command Sets <\/strong>RML-1, NC code<\/p>\n<p><strong>Power Requirements<\/strong>\u00a0\u00a0\u00a0 Machine: DC24V, 2.5A,Dedicated AC adapter: AC 100-240 V \u00b110%, 50\/60 Hz<\/p>\n<p><strong>Power Consumption<\/strong>\u00a0\u00a0\u00a0\u00a0\u00a0 Approx. 50 W<\/p>\n<p><strong>Operating Noise<\/strong>: During operation: 65 dB (A) or less (when not cutting),During standby: 45 dB (A) or less<\/p>\n<p><strong>External Dimensions<\/strong>:451.0 (W) x 426.6 (D) x 426.2 (H) mm<\/p>\n<p><strong>Weigh<\/strong>t: 19.6 kg (43.2 lb)<\/p>\n<p><strong>Installation Environment<\/strong> :Temperature of 5 to 40\u00b0C (41 to 104 \u00b0F) 35 to 80% relative humidity (no condensation)<\/p>\n<p><strong>Included Items\u00a0 <\/strong>USB cable, AC adapter, Power cable, Cutting tool, Collet, Set screw, Spanners (7,10mm), Hexagonal wrench (size 2,3 mm), Positioning pins, Double-sided tape, Start-up page guidance card<\/p>\n<p><a href=\"http:\/\/wmtbaltic.lv\/wp-content\/uploads\/2023\/10\/ARM-10-SRM-20_Brochures_ALL_ALL_EN.pdf\"> Bro\u0161\u016bra ARM-10-SRM-20<\/a><\/p>\n","protected":false},"excerpt":{"rendered":"K\u0101 maza fr\u0113z\u0113\u0161as iek\u0101rta SRM-20 pied\u0101v\u0101 kompaktus izm\u0113rus un jaud\u012bgu funkcionalit\u0101ti par pie\u0146emamu cenu. Re\u0101listisku deta\u013cu un prototipu izgatavo\u0161ana ir vienk\u0101r\u0161a un \u0113rta ar iek\u0101rtu, kas iederas jebkur\u0101 biroja, studijas vai klases vid\u0113. Lietot\u0101jiem, kas mekl\u0113 uzlabotas fr\u0113z\u0113\u0161anas iesp\u0113jas bez profesion\u0101lu darb\u012bbas prasm\u0113m, SRM-20 ir viena no vienk\u0101r\u0161\u0101kaj\u0101m un prec\u012bz\u0101kaj\u0101m CNC fr\u0113z\u0113m sav\u0101 klas\u0113. M\u016bsdien\u012bgs [...]","protected":false},"featured_media":15265,"comment_status":"closed","ping_status":"closed","template":"","meta":[],"product_brand":[],"product_cat":[1285],"product_tag":[1286,1288,1287],"class_list":{"0":"post-15264","1":"product","2":"type-product","3":"status-publish","4":"has-post-thumbnail","6":"product_cat-gravesanas-iekartas","7":"product_tag-frezesas-iekarta","8":"product_tag-gravesana","9":"product_tag-srm-20","11":"first","12":"instock","13":"shipping-taxable","14":"product-type-simple"},"yoast_head":"<!-- This site is optimized with the Yoast SEO plugin v27.4 - https:\/\/yoast.com\/product\/yoast-seo-wordpress\/ -->\n<title>Fr\u0113z\u0113\u0161as iek\u0101rta SRM-20 - WMT Baltic<\/title>\n<meta name=\"description\" content=\"SRM-20 ir viena no vienk\u0101r\u0161\u0101kaj\u0101m un prec\u012bz\u0101kaj\u0101m CNC fr\u0113z\u0113m sav\u0101 klas\u0113. SRM-20 pied\u0101v\u0101 kompaktus izm\u0113rus un jaud\u012bgu funkcionalit\u0101ti par pie\u0146emamu cenu.\" \/>\n<meta name=\"robots\" content=\"index, follow, max-snippet:-1, max-image-preview:large, max-video-preview:-1\" \/>\n<link rel=\"canonical\" href=\"https:\/\/wmtbaltic.lv\/Produkts\/frezesas-iekarta-srm-20\/\" \/>\n<meta property=\"og:locale\" content=\"en_US\" \/>\n<meta property=\"og:type\" content=\"article\" \/>\n<meta property=\"og:title\" content=\"Fr\u0113z\u0113\u0161as iek\u0101rta SRM-20 - WMT Baltic\" \/>\n<meta property=\"og:description\" content=\"SRM-20 ir viena no vienk\u0101r\u0161\u0101kaj\u0101m un prec\u012bz\u0101kaj\u0101m CNC fr\u0113z\u0113m sav\u0101 klas\u0113. SRM-20 pied\u0101v\u0101 kompaktus izm\u0113rus un jaud\u012bgu funkcionalit\u0101ti par pie\u0146emamu cenu.\" \/>\n<meta property=\"og:url\" content=\"https:\/\/wmtbaltic.lv\/Produkts\/frezesas-iekarta-srm-20\/\" \/>\n<meta property=\"og:site_name\" content=\"WMT Baltic\" \/>\n<meta property=\"article:publisher\" content=\"https:\/\/www.facebook.com\/WMT.Baltic.viscom\/?locale=lv_LV\" \/>\n<meta property=\"article:modified_time\" content=\"2023-10-20T11:28:08+00:00\" \/>\n<meta property=\"og:image\" content=\"http:\/\/wmtbaltic.lv\/wp-content\/uploads\/2023\/10\/SRM-20-1_64.jpg\" \/>\n\t<meta property=\"og:image:width\" content=\"1400\" \/>\n\t<meta property=\"og:image:height\" content=\"1050\" \/>\n\t<meta property=\"og:image:type\" content=\"image\/jpeg\" \/>\n<meta name=\"twitter:card\" content=\"summary_large_image\" \/>\n<meta name=\"twitter:label1\" content=\"Est. reading time\" \/>\n\t<meta name=\"twitter:data1\" content=\"2 minutes\" \/>\n<script type=\"application\/ld+json\" class=\"yoast-schema-graph\">{\"@context\":\"https:\\\/\\\/schema.org\",\"@graph\":[{\"@type\":\"WebPage\",\"@id\":\"https:\\\/\\\/wmtbaltic.lv\\\/Produkts\\\/frezesas-iekarta-srm-20\\\/\",\"url\":\"https:\\\/\\\/wmtbaltic.lv\\\/Produkts\\\/frezesas-iekarta-srm-20\\\/\",\"name\":\"Fr\u0113z\u0113\u0161as iek\u0101rta SRM-20 - WMT Baltic\",\"isPartOf\":{\"@id\":\"https:\\\/\\\/wmtbaltic.lv\\\/#website\"},\"primaryImageOfPage\":{\"@id\":\"https:\\\/\\\/wmtbaltic.lv\\\/Produkts\\\/frezesas-iekarta-srm-20\\\/#primaryimage\"},\"image\":{\"@id\":\"https:\\\/\\\/wmtbaltic.lv\\\/Produkts\\\/frezesas-iekarta-srm-20\\\/#primaryimage\"},\"thumbnailUrl\":\"https:\\\/\\\/wmtbaltic.lv\\\/wp-content\\\/uploads\\\/2023\\\/10\\\/SRM-20-1_64.jpg\",\"datePublished\":\"2023-10-20T11:19:11+00:00\",\"dateModified\":\"2023-10-20T11:28:08+00:00\",\"description\":\"SRM-20 ir viena no vienk\u0101r\u0161\u0101kaj\u0101m un prec\u012bz\u0101kaj\u0101m CNC fr\u0113z\u0113m sav\u0101 klas\u0113. SRM-20 pied\u0101v\u0101 kompaktus izm\u0113rus un jaud\u012bgu funkcionalit\u0101ti par pie\u0146emamu cenu.\",\"breadcrumb\":{\"@id\":\"https:\\\/\\\/wmtbaltic.lv\\\/Produkts\\\/frezesas-iekarta-srm-20\\\/#breadcrumb\"},\"inLanguage\":\"en-US\",\"potentialAction\":[{\"@type\":\"ReadAction\",\"target\":[\"https:\\\/\\\/wmtbaltic.lv\\\/Produkts\\\/frezesas-iekarta-srm-20\\\/\"]}]},{\"@type\":\"ImageObject\",\"inLanguage\":\"en-US\",\"@id\":\"https:\\\/\\\/wmtbaltic.lv\\\/Produkts\\\/frezesas-iekarta-srm-20\\\/#primaryimage\",\"url\":\"https:\\\/\\\/wmtbaltic.lv\\\/wp-content\\\/uploads\\\/2023\\\/10\\\/SRM-20-1_64.jpg\",\"contentUrl\":\"https:\\\/\\\/wmtbaltic.lv\\\/wp-content\\\/uploads\\\/2023\\\/10\\\/SRM-20-1_64.jpg\",\"width\":1400,\"height\":1050},{\"@type\":\"BreadcrumbList\",\"@id\":\"https:\\\/\\\/wmtbaltic.lv\\\/Produkts\\\/frezesas-iekarta-srm-20\\\/#breadcrumb\",\"itemListElement\":[{\"@type\":\"ListItem\",\"position\":1,\"name\":\"Home\",\"item\":\"https:\\\/\\\/wmtbaltic.lv\\\/en\\\/\"},{\"@type\":\"ListItem\",\"position\":2,\"name\":\"Products\",\"item\":\"https:\\\/\\\/wmtbaltic.lv\\\/en\\\/shop\\\/\"},{\"@type\":\"ListItem\",\"position\":3,\"name\":\"Fr\u0113z\u0113\u0161as iek\u0101rta SRM-20\"}]},{\"@type\":\"WebSite\",\"@id\":\"https:\\\/\\\/wmtbaltic.lv\\\/#website\",\"url\":\"https:\\\/\\\/wmtbaltic.lv\\\/\",\"name\":\"WMT Baltic\",\"description\":\"Rekl\u0101mas produkti, pl\u0113ves\",\"publisher\":{\"@id\":\"https:\\\/\\\/wmtbaltic.lv\\\/#organization\"},\"potentialAction\":[{\"@type\":\"SearchAction\",\"target\":{\"@type\":\"EntryPoint\",\"urlTemplate\":\"https:\\\/\\\/wmtbaltic.lv\\\/?s={search_term_string}\"},\"query-input\":{\"@type\":\"PropertyValueSpecification\",\"valueRequired\":true,\"valueName\":\"search_term_string\"}}],\"inLanguage\":\"en-US\"},{\"@type\":\"Organization\",\"@id\":\"https:\\\/\\\/wmtbaltic.lv\\\/#organization\",\"name\":\"WMT Baltic\",\"url\":\"https:\\\/\\\/wmtbaltic.lv\\\/\",\"logo\":{\"@type\":\"ImageObject\",\"inLanguage\":\"en-US\",\"@id\":\"https:\\\/\\\/wmtbaltic.lv\\\/#\\\/schema\\\/logo\\\/image\\\/\",\"url\":\"https:\\\/\\\/wmtbaltic.lv\\\/wp-content\\\/uploads\\\/2024\\\/12\\\/wmt-baltic-sia_107142_9_420x180.jpg\",\"contentUrl\":\"https:\\\/\\\/wmtbaltic.lv\\\/wp-content\\\/uploads\\\/2024\\\/12\\\/wmt-baltic-sia_107142_9_420x180.jpg\",\"width\":420,\"height\":180,\"caption\":\"WMT Baltic\"},\"image\":{\"@id\":\"https:\\\/\\\/wmtbaltic.lv\\\/#\\\/schema\\\/logo\\\/image\\\/\"},\"sameAs\":[\"https:\\\/\\\/www.facebook.com\\\/WMT.Baltic.viscom\\\/?locale=lv_LV\",\"https:\\\/\\\/www.instagram.com\\\/viscom_wmt\\\/\"]}]}<\/script>\n<!-- \/ Yoast SEO plugin. -->","yoast_head_json":{"title":"Fr\u0113z\u0113\u0161as iek\u0101rta SRM-20 - WMT Baltic","description":"SRM-20 ir viena no vienk\u0101r\u0161\u0101kaj\u0101m un prec\u012bz\u0101kaj\u0101m CNC fr\u0113z\u0113m sav\u0101 klas\u0113. SRM-20 pied\u0101v\u0101 kompaktus izm\u0113rus un jaud\u012bgu funkcionalit\u0101ti par pie\u0146emamu cenu.","robots":{"index":"index","follow":"follow","max-snippet":"max-snippet:-1","max-image-preview":"max-image-preview:large","max-video-preview":"max-video-preview:-1"},"canonical":"https:\/\/wmtbaltic.lv\/Produkts\/frezesas-iekarta-srm-20\/","og_locale":"en_US","og_type":"article","og_title":"Fr\u0113z\u0113\u0161as iek\u0101rta SRM-20 - WMT Baltic","og_description":"SRM-20 ir viena no vienk\u0101r\u0161\u0101kaj\u0101m un prec\u012bz\u0101kaj\u0101m CNC fr\u0113z\u0113m sav\u0101 klas\u0113. SRM-20 pied\u0101v\u0101 kompaktus izm\u0113rus un jaud\u012bgu funkcionalit\u0101ti par pie\u0146emamu cenu.","og_url":"https:\/\/wmtbaltic.lv\/Produkts\/frezesas-iekarta-srm-20\/","og_site_name":"WMT Baltic","article_publisher":"https:\/\/www.facebook.com\/WMT.Baltic.viscom\/?locale=lv_LV","article_modified_time":"2023-10-20T11:28:08+00:00","og_image":[{"width":1400,"height":1050,"url":"http:\/\/wmtbaltic.lv\/wp-content\/uploads\/2023\/10\/SRM-20-1_64.jpg","type":"image\/jpeg"}],"twitter_card":"summary_large_image","twitter_misc":{"Est. reading time":"2 minutes"},"schema":{"@context":"https:\/\/schema.org","@graph":[{"@type":"WebPage","@id":"https:\/\/wmtbaltic.lv\/Produkts\/frezesas-iekarta-srm-20\/","url":"https:\/\/wmtbaltic.lv\/Produkts\/frezesas-iekarta-srm-20\/","name":"Fr\u0113z\u0113\u0161as iek\u0101rta SRM-20 - WMT Baltic","isPartOf":{"@id":"https:\/\/wmtbaltic.lv\/#website"},"primaryImageOfPage":{"@id":"https:\/\/wmtbaltic.lv\/Produkts\/frezesas-iekarta-srm-20\/#primaryimage"},"image":{"@id":"https:\/\/wmtbaltic.lv\/Produkts\/frezesas-iekarta-srm-20\/#primaryimage"},"thumbnailUrl":"https:\/\/wmtbaltic.lv\/wp-content\/uploads\/2023\/10\/SRM-20-1_64.jpg","datePublished":"2023-10-20T11:19:11+00:00","dateModified":"2023-10-20T11:28:08+00:00","description":"SRM-20 ir viena no vienk\u0101r\u0161\u0101kaj\u0101m un prec\u012bz\u0101kaj\u0101m CNC fr\u0113z\u0113m sav\u0101 klas\u0113. SRM-20 pied\u0101v\u0101 kompaktus izm\u0113rus un jaud\u012bgu funkcionalit\u0101ti par pie\u0146emamu cenu.","breadcrumb":{"@id":"https:\/\/wmtbaltic.lv\/Produkts\/frezesas-iekarta-srm-20\/#breadcrumb"},"inLanguage":"en-US","potentialAction":[{"@type":"ReadAction","target":["https:\/\/wmtbaltic.lv\/Produkts\/frezesas-iekarta-srm-20\/"]}]},{"@type":"ImageObject","inLanguage":"en-US","@id":"https:\/\/wmtbaltic.lv\/Produkts\/frezesas-iekarta-srm-20\/#primaryimage","url":"https:\/\/wmtbaltic.lv\/wp-content\/uploads\/2023\/10\/SRM-20-1_64.jpg","contentUrl":"https:\/\/wmtbaltic.lv\/wp-content\/uploads\/2023\/10\/SRM-20-1_64.jpg","width":1400,"height":1050},{"@type":"BreadcrumbList","@id":"https:\/\/wmtbaltic.lv\/Produkts\/frezesas-iekarta-srm-20\/#breadcrumb","itemListElement":[{"@type":"ListItem","position":1,"name":"Home","item":"https:\/\/wmtbaltic.lv\/en\/"},{"@type":"ListItem","position":2,"name":"Products","item":"https:\/\/wmtbaltic.lv\/en\/shop\/"},{"@type":"ListItem","position":3,"name":"Fr\u0113z\u0113\u0161as iek\u0101rta SRM-20"}]},{"@type":"WebSite","@id":"https:\/\/wmtbaltic.lv\/#website","url":"https:\/\/wmtbaltic.lv\/","name":"WMT Baltic","description":"Rekl\u0101mas produkti, pl\u0113ves","publisher":{"@id":"https:\/\/wmtbaltic.lv\/#organization"},"potentialAction":[{"@type":"SearchAction","target":{"@type":"EntryPoint","urlTemplate":"https:\/\/wmtbaltic.lv\/?s={search_term_string}"},"query-input":{"@type":"PropertyValueSpecification","valueRequired":true,"valueName":"search_term_string"}}],"inLanguage":"en-US"},{"@type":"Organization","@id":"https:\/\/wmtbaltic.lv\/#organization","name":"WMT Baltic","url":"https:\/\/wmtbaltic.lv\/","logo":{"@type":"ImageObject","inLanguage":"en-US","@id":"https:\/\/wmtbaltic.lv\/#\/schema\/logo\/image\/","url":"https:\/\/wmtbaltic.lv\/wp-content\/uploads\/2024\/12\/wmt-baltic-sia_107142_9_420x180.jpg","contentUrl":"https:\/\/wmtbaltic.lv\/wp-content\/uploads\/2024\/12\/wmt-baltic-sia_107142_9_420x180.jpg","width":420,"height":180,"caption":"WMT Baltic"},"image":{"@id":"https:\/\/wmtbaltic.lv\/#\/schema\/logo\/image\/"},"sameAs":["https:\/\/www.facebook.com\/WMT.Baltic.viscom\/?locale=lv_LV","https:\/\/www.instagram.com\/viscom_wmt\/"]}]}},"_links":{"self":[{"href":"https:\/\/wmtbaltic.lv\/en\/wp-json\/wp\/v2\/product\/15264","targetHints":{"allow":["GET"]}}],"collection":[{"href":"https:\/\/wmtbaltic.lv\/en\/wp-json\/wp\/v2\/product"}],"about":[{"href":"https:\/\/wmtbaltic.lv\/en\/wp-json\/wp\/v2\/types\/product"}],"replies":[{"embeddable":true,"href":"https:\/\/wmtbaltic.lv\/en\/wp-json\/wp\/v2\/comments?post=15264"}],"wp:featuredmedia":[{"embeddable":true,"href":"https:\/\/wmtbaltic.lv\/en\/wp-json\/wp\/v2\/media\/15265"}],"wp:attachment":[{"href":"https:\/\/wmtbaltic.lv\/en\/wp-json\/wp\/v2\/media?parent=15264"}],"wp:term":[{"taxonomy":"product_brand","embeddable":true,"href":"https:\/\/wmtbaltic.lv\/en\/wp-json\/wp\/v2\/product_brand?post=15264"},{"taxonomy":"product_cat","embeddable":true,"href":"https:\/\/wmtbaltic.lv\/en\/wp-json\/wp\/v2\/product_cat?post=15264"},{"taxonomy":"product_tag","embeddable":true,"href":"https:\/\/wmtbaltic.lv\/en\/wp-json\/wp\/v2\/product_tag?post=15264"}],"curies":[{"name":"wp","href":"https:\/\/api.w.org\/{rel}","templated":true}]}}