{"id":15243,"date":"2023-10-19T11:44:18","date_gmt":"2023-10-19T11:44:18","guid":{"rendered":"https:\/\/wmtbaltic.lv\/?post_type=product&#038;p=15243"},"modified":"2023-10-19T11:50:59","modified_gmt":"2023-10-19T11:50:59","slug":"eiropas-savienibas-karogs-150-x-300-cm","status":"publish","type":"product","link":"https:\/\/wmtbaltic.lv\/en\/product\/eiropas-savienibas-karogs-150-x-300-cm\/","title":{"rendered":"Eiropas Savien\u012bbas karogs 150 x 300 cm"},"content":{"rendered":"<p><strong>Eiropas Savien\u012bbas karogs<\/strong><\/p>\n<p><span lang=\"DE\">M\u0113s pied\u0101v\u0101jam Eiropas Savien\u012bbas karogus, R\u012bgas pils\u0113tas karogus, Latvijas valsts karogus\u00a0ar speci\u0101l\u0101m stiprin\u0101\u0161anas sist\u0113m\u0101m karoga uzvilk\u0161anai, izgatavotus no augstas kvalit\u0101tes materi\u0101la.<\/span><\/p>\n<p class=\"western\"><b>Eiropas Savien\u012bbas karoga\u00a0apraksts<\/b><\/p>\n<p>Tas ir taisnst\u016bra formas, malu attiec\u012bba ir 2:3, tam uz zila fona ir 12 apl\u012b izvietotas piecstaru zelta (dzeltenas) zvaigznes. Bie\u017ei karogs tiek izmantots ar\u012b eirozonas valstu nor\u0101d\u012b\u0161anai. Zvaig\u017e\u0146u skaits netiek main\u012bts atkar\u012bb\u0101 no organiz\u0101ciju dal\u012bbnieku skaita, t\u0101s tika paredz\u0113tas, lai p\u0101rst\u0101v\u0113tu visu Eiropas tautu.<\/p>\n<p class=\"western\"><span lang=\"DE\">\u00a0 Izgatavojam karogus p\u0113c klienta skices (ar logotipiem, brenda z\u012bm\u0113m, att\u0113liem).<\/span><\/p>\n<p>Eiropas Savien\u012bbas karogs \u0113ku fas\u0101d\u0113m.<\/p>\n<p>Izm\u0113rs: 150 x 300 cm<\/p>\n<p><strong>Ieskaties ar\u012b \u0161eit:\u00a0<a href=\"http:\/\/www.karogumasti.lv\/\">www.karogumasti.lv<\/a>\u00a0un\u00a0<a href=\"http:\/\/www.flags.lv\/lv\/flags\/\">www.flags.lv<\/a><\/strong><\/p>\n","protected":false},"excerpt":{"rendered":"Eiropas Savien\u012bbas karogs M\u0113s pied\u0101v\u0101jam Eiropas Savien\u012bbas karogus, R\u012bgas pils\u0113tas karogus, Latvijas valsts karogus\u00a0ar speci\u0101l\u0101m stiprin\u0101\u0161anas sist\u0113m\u0101m karoga uzvilk\u0161anai, izgatavotus no augstas kvalit\u0101tes materi\u0101la. Eiropas Savien\u012bbas karoga\u00a0apraksts Tas ir taisnst\u016bra formas, malu attiec\u012bba ir 2:3, tam uz zila fona ir 12 apl\u012b izvietotas piecstaru zelta (dzeltenas) zvaigznes. Bie\u017ei karogs tiek izmantots ar\u012b eirozonas valstu nor\u0101d\u012b\u0161anai. [...]","protected":false},"featured_media":15236,"template":"","meta":[],"product_brand":[],"product_cat":[160,54,229],"product_tag":[1275,623,622],"class_list":{"0":"post-15243","1":"product","2":"type-product","3":"status-publish","4":"has-post-thumbnail","6":"product_cat-karogi","7":"product_cat-karogu-masti","8":"product_cat-norazu-sistemas-telpam-un-teritorijam","9":"product_tag-karogi","10":"product_tag-karogs","11":"product_tag-karogu-masti","13":"first","14":"instock","15":"shipping-taxable","16":"purchasable","17":"product-type-simple"},"yoast_head":"<!-- This site is optimized with the Yoast SEO plugin v27.4 - https:\/\/yoast.com\/product\/yoast-seo-wordpress\/ -->\n<title>Eiropas Savien\u012bbas karogs 150 x 300 cm - WMT Baltic<\/title>\n<meta name=\"robots\" content=\"index, follow, max-snippet:-1, max-image-preview:large, max-video-preview:-1\" \/>\n<link rel=\"canonical\" href=\"https:\/\/wmtbaltic.lv\/Produkts\/eiropas-savienibas-karogs-150-x-300-cm\/\" \/>\n<meta property=\"og:locale\" content=\"en_US\" \/>\n<meta property=\"og:type\" content=\"article\" \/>\n<meta property=\"og:title\" content=\"Eiropas Savien\u012bbas karogs 150 x 300 cm - WMT Baltic\" \/>\n<meta property=\"og:url\" content=\"https:\/\/wmtbaltic.lv\/Produkts\/eiropas-savienibas-karogs-150-x-300-cm\/\" \/>\n<meta property=\"og:site_name\" content=\"WMT Baltic\" \/>\n<meta property=\"article:publisher\" content=\"https:\/\/www.facebook.com\/WMT.Baltic.viscom\/?locale=lv_LV\" \/>\n<meta property=\"article:modified_time\" content=\"2023-10-19T11:50:59+00:00\" \/>\n<meta property=\"og:image\" content=\"http:\/\/wmtbaltic.lv\/wp-content\/uploads\/2023\/10\/pic-1.jpg\" \/>\n\t<meta property=\"og:image:width\" content=\"500\" \/>\n\t<meta property=\"og:image:height\" content=\"334\" \/>\n\t<meta property=\"og:image:type\" content=\"image\/jpeg\" \/>\n<meta name=\"twitter:card\" content=\"summary_large_image\" \/>\n<meta name=\"twitter:label1\" content=\"Est. reading time\" \/>\n\t<meta name=\"twitter:data1\" content=\"1 minute\" \/>\n<script type=\"application\/ld+json\" class=\"yoast-schema-graph\">{\"@context\":\"https:\\\/\\\/schema.org\",\"@graph\":[{\"@type\":\"WebPage\",\"@id\":\"https:\\\/\\\/wmtbaltic.lv\\\/Produkts\\\/eiropas-savienibas-karogs-150-x-300-cm\\\/\",\"url\":\"https:\\\/\\\/wmtbaltic.lv\\\/Produkts\\\/eiropas-savienibas-karogs-150-x-300-cm\\\/\",\"name\":\"Eiropas Savien\u012bbas karogs 150 x 300 cm - WMT Baltic\",\"isPartOf\":{\"@id\":\"https:\\\/\\\/wmtbaltic.lv\\\/#website\"},\"primaryImageOfPage\":{\"@id\":\"https:\\\/\\\/wmtbaltic.lv\\\/Produkts\\\/eiropas-savienibas-karogs-150-x-300-cm\\\/#primaryimage\"},\"image\":{\"@id\":\"https:\\\/\\\/wmtbaltic.lv\\\/Produkts\\\/eiropas-savienibas-karogs-150-x-300-cm\\\/#primaryimage\"},\"thumbnailUrl\":\"https:\\\/\\\/wmtbaltic.lv\\\/wp-content\\\/uploads\\\/2023\\\/10\\\/pic-1.jpg\",\"datePublished\":\"2023-10-19T11:44:18+00:00\",\"dateModified\":\"2023-10-19T11:50:59+00:00\",\"breadcrumb\":{\"@id\":\"https:\\\/\\\/wmtbaltic.lv\\\/Produkts\\\/eiropas-savienibas-karogs-150-x-300-cm\\\/#breadcrumb\"},\"inLanguage\":\"en-US\",\"potentialAction\":[{\"@type\":\"ReadAction\",\"target\":[\"https:\\\/\\\/wmtbaltic.lv\\\/Produkts\\\/eiropas-savienibas-karogs-150-x-300-cm\\\/\"]}]},{\"@type\":\"ImageObject\",\"inLanguage\":\"en-US\",\"@id\":\"https:\\\/\\\/wmtbaltic.lv\\\/Produkts\\\/eiropas-savienibas-karogs-150-x-300-cm\\\/#primaryimage\",\"url\":\"https:\\\/\\\/wmtbaltic.lv\\\/wp-content\\\/uploads\\\/2023\\\/10\\\/pic-1.jpg\",\"contentUrl\":\"https:\\\/\\\/wmtbaltic.lv\\\/wp-content\\\/uploads\\\/2023\\\/10\\\/pic-1.jpg\",\"width\":500,\"height\":334},{\"@type\":\"BreadcrumbList\",\"@id\":\"https:\\\/\\\/wmtbaltic.lv\\\/Produkts\\\/eiropas-savienibas-karogs-150-x-300-cm\\\/#breadcrumb\",\"itemListElement\":[{\"@type\":\"ListItem\",\"position\":1,\"name\":\"Home\",\"item\":\"https:\\\/\\\/wmtbaltic.lv\\\/en\\\/\"},{\"@type\":\"ListItem\",\"position\":2,\"name\":\"Shop\",\"item\":\"https:\\\/\\\/wmtbaltic.lv\\\/shop\\\/\"},{\"@type\":\"ListItem\",\"position\":3,\"name\":\"Eiropas Savien\u012bbas karogs 150 x 300 cm\"}]},{\"@type\":\"WebSite\",\"@id\":\"https:\\\/\\\/wmtbaltic.lv\\\/#website\",\"url\":\"https:\\\/\\\/wmtbaltic.lv\\\/\",\"name\":\"WMT Baltic\",\"description\":\"Rekl\u0101mas produkti, pl\u0113ves\",\"publisher\":{\"@id\":\"https:\\\/\\\/wmtbaltic.lv\\\/#organization\"},\"potentialAction\":[{\"@type\":\"SearchAction\",\"target\":{\"@type\":\"EntryPoint\",\"urlTemplate\":\"https:\\\/\\\/wmtbaltic.lv\\\/?s={search_term_string}\"},\"query-input\":{\"@type\":\"PropertyValueSpecification\",\"valueRequired\":true,\"valueName\":\"search_term_string\"}}],\"inLanguage\":\"en-US\"},{\"@type\":\"Organization\",\"@id\":\"https:\\\/\\\/wmtbaltic.lv\\\/#organization\",\"name\":\"WMT Baltic\",\"url\":\"https:\\\/\\\/wmtbaltic.lv\\\/\",\"logo\":{\"@type\":\"ImageObject\",\"inLanguage\":\"en-US\",\"@id\":\"https:\\\/\\\/wmtbaltic.lv\\\/#\\\/schema\\\/logo\\\/image\\\/\",\"url\":\"https:\\\/\\\/wmtbaltic.lv\\\/wp-content\\\/uploads\\\/2024\\\/12\\\/wmt-baltic-sia_107142_9_420x180.jpg\",\"contentUrl\":\"https:\\\/\\\/wmtbaltic.lv\\\/wp-content\\\/uploads\\\/2024\\\/12\\\/wmt-baltic-sia_107142_9_420x180.jpg\",\"width\":420,\"height\":180,\"caption\":\"WMT Baltic\"},\"image\":{\"@id\":\"https:\\\/\\\/wmtbaltic.lv\\\/#\\\/schema\\\/logo\\\/image\\\/\"},\"sameAs\":[\"https:\\\/\\\/www.facebook.com\\\/WMT.Baltic.viscom\\\/?locale=lv_LV\",\"https:\\\/\\\/www.instagram.com\\\/viscom_wmt\\\/\"]}]}<\/script>\n<!-- \/ Yoast SEO plugin. -->","yoast_head_json":{"title":"Eiropas Savien\u012bbas karogs 150 x 300 cm - WMT Baltic","robots":{"index":"index","follow":"follow","max-snippet":"max-snippet:-1","max-image-preview":"max-image-preview:large","max-video-preview":"max-video-preview:-1"},"canonical":"https:\/\/wmtbaltic.lv\/Produkts\/eiropas-savienibas-karogs-150-x-300-cm\/","og_locale":"en_US","og_type":"article","og_title":"Eiropas Savien\u012bbas karogs 150 x 300 cm - WMT Baltic","og_url":"https:\/\/wmtbaltic.lv\/Produkts\/eiropas-savienibas-karogs-150-x-300-cm\/","og_site_name":"WMT Baltic","article_publisher":"https:\/\/www.facebook.com\/WMT.Baltic.viscom\/?locale=lv_LV","article_modified_time":"2023-10-19T11:50:59+00:00","og_image":[{"width":500,"height":334,"url":"http:\/\/wmtbaltic.lv\/wp-content\/uploads\/2023\/10\/pic-1.jpg","type":"image\/jpeg"}],"twitter_card":"summary_large_image","twitter_misc":{"Est. reading time":"1 minute"},"schema":{"@context":"https:\/\/schema.org","@graph":[{"@type":"WebPage","@id":"https:\/\/wmtbaltic.lv\/Produkts\/eiropas-savienibas-karogs-150-x-300-cm\/","url":"https:\/\/wmtbaltic.lv\/Produkts\/eiropas-savienibas-karogs-150-x-300-cm\/","name":"Eiropas Savien\u012bbas karogs 150 x 300 cm - WMT Baltic","isPartOf":{"@id":"https:\/\/wmtbaltic.lv\/#website"},"primaryImageOfPage":{"@id":"https:\/\/wmtbaltic.lv\/Produkts\/eiropas-savienibas-karogs-150-x-300-cm\/#primaryimage"},"image":{"@id":"https:\/\/wmtbaltic.lv\/Produkts\/eiropas-savienibas-karogs-150-x-300-cm\/#primaryimage"},"thumbnailUrl":"https:\/\/wmtbaltic.lv\/wp-content\/uploads\/2023\/10\/pic-1.jpg","datePublished":"2023-10-19T11:44:18+00:00","dateModified":"2023-10-19T11:50:59+00:00","breadcrumb":{"@id":"https:\/\/wmtbaltic.lv\/Produkts\/eiropas-savienibas-karogs-150-x-300-cm\/#breadcrumb"},"inLanguage":"en-US","potentialAction":[{"@type":"ReadAction","target":["https:\/\/wmtbaltic.lv\/Produkts\/eiropas-savienibas-karogs-150-x-300-cm\/"]}]},{"@type":"ImageObject","inLanguage":"en-US","@id":"https:\/\/wmtbaltic.lv\/Produkts\/eiropas-savienibas-karogs-150-x-300-cm\/#primaryimage","url":"https:\/\/wmtbaltic.lv\/wp-content\/uploads\/2023\/10\/pic-1.jpg","contentUrl":"https:\/\/wmtbaltic.lv\/wp-content\/uploads\/2023\/10\/pic-1.jpg","width":500,"height":334},{"@type":"BreadcrumbList","@id":"https:\/\/wmtbaltic.lv\/Produkts\/eiropas-savienibas-karogs-150-x-300-cm\/#breadcrumb","itemListElement":[{"@type":"ListItem","position":1,"name":"Home","item":"https:\/\/wmtbaltic.lv\/en\/"},{"@type":"ListItem","position":2,"name":"Shop","item":"https:\/\/wmtbaltic.lv\/shop\/"},{"@type":"ListItem","position":3,"name":"Eiropas Savien\u012bbas karogs 150 x 300 cm"}]},{"@type":"WebSite","@id":"https:\/\/wmtbaltic.lv\/#website","url":"https:\/\/wmtbaltic.lv\/","name":"WMT Baltic","description":"Rekl\u0101mas produkti, pl\u0113ves","publisher":{"@id":"https:\/\/wmtbaltic.lv\/#organization"},"potentialAction":[{"@type":"SearchAction","target":{"@type":"EntryPoint","urlTemplate":"https:\/\/wmtbaltic.lv\/?s={search_term_string}"},"query-input":{"@type":"PropertyValueSpecification","valueRequired":true,"valueName":"search_term_string"}}],"inLanguage":"en-US"},{"@type":"Organization","@id":"https:\/\/wmtbaltic.lv\/#organization","name":"WMT Baltic","url":"https:\/\/wmtbaltic.lv\/","logo":{"@type":"ImageObject","inLanguage":"en-US","@id":"https:\/\/wmtbaltic.lv\/#\/schema\/logo\/image\/","url":"https:\/\/wmtbaltic.lv\/wp-content\/uploads\/2024\/12\/wmt-baltic-sia_107142_9_420x180.jpg","contentUrl":"https:\/\/wmtbaltic.lv\/wp-content\/uploads\/2024\/12\/wmt-baltic-sia_107142_9_420x180.jpg","width":420,"height":180,"caption":"WMT Baltic"},"image":{"@id":"https:\/\/wmtbaltic.lv\/#\/schema\/logo\/image\/"},"sameAs":["https:\/\/www.facebook.com\/WMT.Baltic.viscom\/?locale=lv_LV","https:\/\/www.instagram.com\/viscom_wmt\/"]}]}},"_links":{"self":[{"href":"https:\/\/wmtbaltic.lv\/en\/wp-json\/wp\/v2\/product\/15243","targetHints":{"allow":["GET"]}}],"collection":[{"href":"https:\/\/wmtbaltic.lv\/en\/wp-json\/wp\/v2\/product"}],"about":[{"href":"https:\/\/wmtbaltic.lv\/en\/wp-json\/wp\/v2\/types\/product"}],"wp:featuredmedia":[{"embeddable":true,"href":"https:\/\/wmtbaltic.lv\/en\/wp-json\/wp\/v2\/media\/15236"}],"wp:attachment":[{"href":"https:\/\/wmtbaltic.lv\/en\/wp-json\/wp\/v2\/media?parent=15243"}],"wp:term":[{"taxonomy":"product_brand","embeddable":true,"href":"https:\/\/wmtbaltic.lv\/en\/wp-json\/wp\/v2\/product_brand?post=15243"},{"taxonomy":"product_cat","embeddable":true,"href":"https:\/\/wmtbaltic.lv\/en\/wp-json\/wp\/v2\/product_cat?post=15243"},{"taxonomy":"product_tag","embeddable":true,"href":"https:\/\/wmtbaltic.lv\/en\/wp-json\/wp\/v2\/product_tag?post=15243"}],"curies":[{"name":"wp","href":"https:\/\/api.w.org\/{rel}","templated":true}]}}