{"id":15228,"date":"2023-10-18T13:41:15","date_gmt":"2023-10-18T13:41:15","guid":{"rendered":"https:\/\/wmtbaltic.lv\/?post_type=product&#038;p=15228"},"modified":"2023-10-18T13:41:23","modified_gmt":"2023-10-18T13:41:23","slug":"latvijas-valsts-karogs-75-x-150-cm","status":"publish","type":"product","link":"https:\/\/wmtbaltic.lv\/en\/product\/latvijas-valsts-karogs-75-x-150-cm\/","title":{"rendered":"Latvijas Valsts karogs  75 x 150 cm"},"content":{"rendered":"<p><strong>Latvijas Valsts karogs<\/strong><\/p>\n<p>M\u0113s pied\u0101v\u0101jam Latvijas valsts karogus, ES karogus ar speci\u0101l\u0101m stiprin\u0101\u0161anas sist\u0113m\u0101m karoga uzvilk\u0161anai, izgatavotus no augstas kvalit\u0101tes materi\u0101la.<\/p>\n<p>Latvijas valsts karogs ir sarkans ar baltu sv\u012btru. Sarkanbaltsarkano sv\u012btru attiec\u012bba 2:1:2. Karoga garuma un platuma attiec\u012bba ir 2:1.<\/p>\n<p>Latvijas karoga sarkan\u0101 kr\u0101sa ir \u012bpa\u0161i tum\u0161i sarkan\u0101 ton\u012b (karm\u012bnkr\u0101sa), ko pasaul\u0113 m\u0113dz d\u0113v\u0113t ar\u012b par &#8220;latvie\u0161u sarkano&#8221;. Heraldikas komisija 1995.gada 11.apr\u012bl\u012b vienoj\u0101s par Latvijas valsts karoga kr\u0101su atbilst\u012bbu PANTONE skalas parametriem: sarkan\u0101 &#8211; PANTONE 1807C, balt\u0101 &#8211; PANTONE White.<\/p>\n<p><strong>M\u0113s izgatavojam karogus p\u0113c klienta skices (ar logo, z\u012bmola z\u012bm\u0113m, att\u0113liem).<\/strong><\/p>\n<p><strong>Pied\u0101v\u0101jam ar\u012b Valsts karogus \u0113ku fas\u0101d\u0113m. <\/strong><\/p>\n<p>Vair\u0101k inform\u0101cijas: <strong>www.karogumasti.lv<\/strong> un <strong>www.flags.lv<\/strong><\/p>\n","protected":false},"excerpt":{"rendered":"Latvijas Valsts karogs M\u0113s pied\u0101v\u0101jam Latvijas valsts karogus, ES karogus ar speci\u0101l\u0101m stiprin\u0101\u0161anas sist\u0113m\u0101m karoga uzvilk\u0161anai, izgatavotus no augstas kvalit\u0101tes materi\u0101la. Latvijas valsts karogs ir sarkans ar baltu sv\u012btru. Sarkanbaltsarkano sv\u012btru attiec\u012bba 2:1:2. Karoga garuma un platuma attiec\u012bba ir 2:1. Latvijas karoga sarkan\u0101 kr\u0101sa ir \u012bpa\u0161i tum\u0161i sarkan\u0101 ton\u012b (karm\u012bnkr\u0101sa), ko pasaul\u0113 m\u0113dz d\u0113v\u0113t ar\u012b [...]","protected":false},"featured_media":15232,"comment_status":"closed","ping_status":"closed","template":"","meta":[],"product_brand":[],"product_cat":[160,54],"product_tag":[1281,623,1279,1280],"class_list":{"0":"post-15228","1":"product","2":"type-product","3":"status-publish","4":"has-post-thumbnail","6":"product_cat-karogi","7":"product_cat-karogu-masti","8":"product_tag-es","9":"product_tag-karogs","10":"product_tag-latvijas","11":"product_tag-valsts","13":"first","14":"instock","15":"shipping-taxable","16":"purchasable","17":"product-type-simple"},"yoast_head":"<!-- This site is optimized with the Yoast SEO plugin v27.4 - https:\/\/yoast.com\/product\/yoast-seo-wordpress\/ -->\n<title>Latvijas Valsts karogs 75 x 150 cm - WMT Baltic<\/title>\n<meta name=\"description\" content=\"M\u0113s pied\u0101v\u0101jam Latvijas valsts karogus, ES karogus ar speci\u0101l\u0101m stiprin\u0101\u0161anas sist\u0113m\u0101m karoga uzvilk\u0161anai, izgatavotus no augstas kvalit\u0101tes materi\u0101la.\" \/>\n<meta name=\"robots\" content=\"index, follow, max-snippet:-1, max-image-preview:large, max-video-preview:-1\" \/>\n<link rel=\"canonical\" href=\"https:\/\/wmtbaltic.lv\/Produkts\/latvijas-valsts-karogs-75-x-150-cm\/\" \/>\n<meta property=\"og:locale\" content=\"en_US\" \/>\n<meta property=\"og:type\" content=\"article\" \/>\n<meta property=\"og:title\" content=\"Latvijas Valsts karogs 75 x 150 cm - WMT Baltic\" \/>\n<meta property=\"og:description\" content=\"M\u0113s pied\u0101v\u0101jam Latvijas valsts karogus, ES karogus ar speci\u0101l\u0101m stiprin\u0101\u0161anas sist\u0113m\u0101m karoga uzvilk\u0161anai, izgatavotus no augstas kvalit\u0101tes materi\u0101la.\" \/>\n<meta property=\"og:url\" content=\"https:\/\/wmtbaltic.lv\/Produkts\/latvijas-valsts-karogs-75-x-150-cm\/\" \/>\n<meta property=\"og:site_name\" content=\"WMT Baltic\" \/>\n<meta property=\"article:publisher\" content=\"https:\/\/www.facebook.com\/WMT.Baltic.viscom\/?locale=lv_LV\" \/>\n<meta property=\"article:modified_time\" content=\"2023-10-18T13:41:23+00:00\" \/>\n<meta property=\"og:image\" content=\"http:\/\/wmtbaltic.lv\/wp-content\/uploads\/2023\/10\/Latvijas_karogs.jpg\" \/>\n\t<meta property=\"og:image:width\" content=\"500\" \/>\n\t<meta property=\"og:image:height\" content=\"374\" \/>\n\t<meta property=\"og:image:type\" content=\"image\/jpeg\" \/>\n<meta name=\"twitter:card\" content=\"summary_large_image\" \/>\n<meta name=\"twitter:label1\" content=\"Est. reading time\" \/>\n\t<meta name=\"twitter:data1\" content=\"1 minute\" \/>\n<script type=\"application\/ld+json\" class=\"yoast-schema-graph\">{\"@context\":\"https:\\\/\\\/schema.org\",\"@graph\":[{\"@type\":\"WebPage\",\"@id\":\"https:\\\/\\\/wmtbaltic.lv\\\/Produkts\\\/latvijas-valsts-karogs-75-x-150-cm\\\/\",\"url\":\"https:\\\/\\\/wmtbaltic.lv\\\/Produkts\\\/latvijas-valsts-karogs-75-x-150-cm\\\/\",\"name\":\"Latvijas Valsts karogs 75 x 150 cm - WMT Baltic\",\"isPartOf\":{\"@id\":\"https:\\\/\\\/wmtbaltic.lv\\\/#website\"},\"primaryImageOfPage\":{\"@id\":\"https:\\\/\\\/wmtbaltic.lv\\\/Produkts\\\/latvijas-valsts-karogs-75-x-150-cm\\\/#primaryimage\"},\"image\":{\"@id\":\"https:\\\/\\\/wmtbaltic.lv\\\/Produkts\\\/latvijas-valsts-karogs-75-x-150-cm\\\/#primaryimage\"},\"thumbnailUrl\":\"https:\\\/\\\/wmtbaltic.lv\\\/wp-content\\\/uploads\\\/2023\\\/10\\\/Latvijas_karogs.jpg\",\"datePublished\":\"2023-10-18T13:41:15+00:00\",\"dateModified\":\"2023-10-18T13:41:23+00:00\",\"description\":\"M\u0113s pied\u0101v\u0101jam Latvijas valsts karogus, ES karogus ar speci\u0101l\u0101m stiprin\u0101\u0161anas sist\u0113m\u0101m karoga uzvilk\u0161anai, izgatavotus no augstas kvalit\u0101tes materi\u0101la.\",\"breadcrumb\":{\"@id\":\"https:\\\/\\\/wmtbaltic.lv\\\/Produkts\\\/latvijas-valsts-karogs-75-x-150-cm\\\/#breadcrumb\"},\"inLanguage\":\"en-US\",\"potentialAction\":[{\"@type\":\"ReadAction\",\"target\":[\"https:\\\/\\\/wmtbaltic.lv\\\/Produkts\\\/latvijas-valsts-karogs-75-x-150-cm\\\/\"]}]},{\"@type\":\"ImageObject\",\"inLanguage\":\"en-US\",\"@id\":\"https:\\\/\\\/wmtbaltic.lv\\\/Produkts\\\/latvijas-valsts-karogs-75-x-150-cm\\\/#primaryimage\",\"url\":\"https:\\\/\\\/wmtbaltic.lv\\\/wp-content\\\/uploads\\\/2023\\\/10\\\/Latvijas_karogs.jpg\",\"contentUrl\":\"https:\\\/\\\/wmtbaltic.lv\\\/wp-content\\\/uploads\\\/2023\\\/10\\\/Latvijas_karogs.jpg\",\"width\":500,\"height\":374},{\"@type\":\"BreadcrumbList\",\"@id\":\"https:\\\/\\\/wmtbaltic.lv\\\/Produkts\\\/latvijas-valsts-karogs-75-x-150-cm\\\/#breadcrumb\",\"itemListElement\":[{\"@type\":\"ListItem\",\"position\":1,\"name\":\"Home\",\"item\":\"https:\\\/\\\/wmtbaltic.lv\\\/en\\\/\"},{\"@type\":\"ListItem\",\"position\":2,\"name\":\"Products\",\"item\":\"https:\\\/\\\/wmtbaltic.lv\\\/en\\\/shop\\\/\"},{\"@type\":\"ListItem\",\"position\":3,\"name\":\"Latvijas Valsts karogs 75 x 150 cm\"}]},{\"@type\":\"WebSite\",\"@id\":\"https:\\\/\\\/wmtbaltic.lv\\\/#website\",\"url\":\"https:\\\/\\\/wmtbaltic.lv\\\/\",\"name\":\"WMT Baltic\",\"description\":\"Rekl\u0101mas produkti, pl\u0113ves\",\"publisher\":{\"@id\":\"https:\\\/\\\/wmtbaltic.lv\\\/#organization\"},\"potentialAction\":[{\"@type\":\"SearchAction\",\"target\":{\"@type\":\"EntryPoint\",\"urlTemplate\":\"https:\\\/\\\/wmtbaltic.lv\\\/?s={search_term_string}\"},\"query-input\":{\"@type\":\"PropertyValueSpecification\",\"valueRequired\":true,\"valueName\":\"search_term_string\"}}],\"inLanguage\":\"en-US\"},{\"@type\":\"Organization\",\"@id\":\"https:\\\/\\\/wmtbaltic.lv\\\/#organization\",\"name\":\"WMT Baltic\",\"url\":\"https:\\\/\\\/wmtbaltic.lv\\\/\",\"logo\":{\"@type\":\"ImageObject\",\"inLanguage\":\"en-US\",\"@id\":\"https:\\\/\\\/wmtbaltic.lv\\\/#\\\/schema\\\/logo\\\/image\\\/\",\"url\":\"https:\\\/\\\/wmtbaltic.lv\\\/wp-content\\\/uploads\\\/2024\\\/12\\\/wmt-baltic-sia_107142_9_420x180.jpg\",\"contentUrl\":\"https:\\\/\\\/wmtbaltic.lv\\\/wp-content\\\/uploads\\\/2024\\\/12\\\/wmt-baltic-sia_107142_9_420x180.jpg\",\"width\":420,\"height\":180,\"caption\":\"WMT Baltic\"},\"image\":{\"@id\":\"https:\\\/\\\/wmtbaltic.lv\\\/#\\\/schema\\\/logo\\\/image\\\/\"},\"sameAs\":[\"https:\\\/\\\/www.facebook.com\\\/WMT.Baltic.viscom\\\/?locale=lv_LV\",\"https:\\\/\\\/www.instagram.com\\\/viscom_wmt\\\/\"]}]}<\/script>\n<!-- \/ Yoast SEO plugin. -->","yoast_head_json":{"title":"Latvijas Valsts karogs 75 x 150 cm - WMT Baltic","description":"M\u0113s pied\u0101v\u0101jam Latvijas valsts karogus, ES karogus ar speci\u0101l\u0101m stiprin\u0101\u0161anas sist\u0113m\u0101m karoga uzvilk\u0161anai, izgatavotus no augstas kvalit\u0101tes materi\u0101la.","robots":{"index":"index","follow":"follow","max-snippet":"max-snippet:-1","max-image-preview":"max-image-preview:large","max-video-preview":"max-video-preview:-1"},"canonical":"https:\/\/wmtbaltic.lv\/Produkts\/latvijas-valsts-karogs-75-x-150-cm\/","og_locale":"en_US","og_type":"article","og_title":"Latvijas Valsts karogs 75 x 150 cm - WMT Baltic","og_description":"M\u0113s pied\u0101v\u0101jam Latvijas valsts karogus, ES karogus ar speci\u0101l\u0101m stiprin\u0101\u0161anas sist\u0113m\u0101m karoga uzvilk\u0161anai, izgatavotus no augstas kvalit\u0101tes materi\u0101la.","og_url":"https:\/\/wmtbaltic.lv\/Produkts\/latvijas-valsts-karogs-75-x-150-cm\/","og_site_name":"WMT Baltic","article_publisher":"https:\/\/www.facebook.com\/WMT.Baltic.viscom\/?locale=lv_LV","article_modified_time":"2023-10-18T13:41:23+00:00","og_image":[{"width":500,"height":374,"url":"http:\/\/wmtbaltic.lv\/wp-content\/uploads\/2023\/10\/Latvijas_karogs.jpg","type":"image\/jpeg"}],"twitter_card":"summary_large_image","twitter_misc":{"Est. reading time":"1 minute"},"schema":{"@context":"https:\/\/schema.org","@graph":[{"@type":"WebPage","@id":"https:\/\/wmtbaltic.lv\/Produkts\/latvijas-valsts-karogs-75-x-150-cm\/","url":"https:\/\/wmtbaltic.lv\/Produkts\/latvijas-valsts-karogs-75-x-150-cm\/","name":"Latvijas Valsts karogs 75 x 150 cm - WMT Baltic","isPartOf":{"@id":"https:\/\/wmtbaltic.lv\/#website"},"primaryImageOfPage":{"@id":"https:\/\/wmtbaltic.lv\/Produkts\/latvijas-valsts-karogs-75-x-150-cm\/#primaryimage"},"image":{"@id":"https:\/\/wmtbaltic.lv\/Produkts\/latvijas-valsts-karogs-75-x-150-cm\/#primaryimage"},"thumbnailUrl":"https:\/\/wmtbaltic.lv\/wp-content\/uploads\/2023\/10\/Latvijas_karogs.jpg","datePublished":"2023-10-18T13:41:15+00:00","dateModified":"2023-10-18T13:41:23+00:00","description":"M\u0113s pied\u0101v\u0101jam Latvijas valsts karogus, ES karogus ar speci\u0101l\u0101m stiprin\u0101\u0161anas sist\u0113m\u0101m karoga uzvilk\u0161anai, izgatavotus no augstas kvalit\u0101tes materi\u0101la.","breadcrumb":{"@id":"https:\/\/wmtbaltic.lv\/Produkts\/latvijas-valsts-karogs-75-x-150-cm\/#breadcrumb"},"inLanguage":"en-US","potentialAction":[{"@type":"ReadAction","target":["https:\/\/wmtbaltic.lv\/Produkts\/latvijas-valsts-karogs-75-x-150-cm\/"]}]},{"@type":"ImageObject","inLanguage":"en-US","@id":"https:\/\/wmtbaltic.lv\/Produkts\/latvijas-valsts-karogs-75-x-150-cm\/#primaryimage","url":"https:\/\/wmtbaltic.lv\/wp-content\/uploads\/2023\/10\/Latvijas_karogs.jpg","contentUrl":"https:\/\/wmtbaltic.lv\/wp-content\/uploads\/2023\/10\/Latvijas_karogs.jpg","width":500,"height":374},{"@type":"BreadcrumbList","@id":"https:\/\/wmtbaltic.lv\/Produkts\/latvijas-valsts-karogs-75-x-150-cm\/#breadcrumb","itemListElement":[{"@type":"ListItem","position":1,"name":"Home","item":"https:\/\/wmtbaltic.lv\/en\/"},{"@type":"ListItem","position":2,"name":"Products","item":"https:\/\/wmtbaltic.lv\/en\/shop\/"},{"@type":"ListItem","position":3,"name":"Latvijas Valsts karogs 75 x 150 cm"}]},{"@type":"WebSite","@id":"https:\/\/wmtbaltic.lv\/#website","url":"https:\/\/wmtbaltic.lv\/","name":"WMT Baltic","description":"Rekl\u0101mas produkti, pl\u0113ves","publisher":{"@id":"https:\/\/wmtbaltic.lv\/#organization"},"potentialAction":[{"@type":"SearchAction","target":{"@type":"EntryPoint","urlTemplate":"https:\/\/wmtbaltic.lv\/?s={search_term_string}"},"query-input":{"@type":"PropertyValueSpecification","valueRequired":true,"valueName":"search_term_string"}}],"inLanguage":"en-US"},{"@type":"Organization","@id":"https:\/\/wmtbaltic.lv\/#organization","name":"WMT Baltic","url":"https:\/\/wmtbaltic.lv\/","logo":{"@type":"ImageObject","inLanguage":"en-US","@id":"https:\/\/wmtbaltic.lv\/#\/schema\/logo\/image\/","url":"https:\/\/wmtbaltic.lv\/wp-content\/uploads\/2024\/12\/wmt-baltic-sia_107142_9_420x180.jpg","contentUrl":"https:\/\/wmtbaltic.lv\/wp-content\/uploads\/2024\/12\/wmt-baltic-sia_107142_9_420x180.jpg","width":420,"height":180,"caption":"WMT Baltic"},"image":{"@id":"https:\/\/wmtbaltic.lv\/#\/schema\/logo\/image\/"},"sameAs":["https:\/\/www.facebook.com\/WMT.Baltic.viscom\/?locale=lv_LV","https:\/\/www.instagram.com\/viscom_wmt\/"]}]}},"_links":{"self":[{"href":"https:\/\/wmtbaltic.lv\/en\/wp-json\/wp\/v2\/product\/15228","targetHints":{"allow":["GET"]}}],"collection":[{"href":"https:\/\/wmtbaltic.lv\/en\/wp-json\/wp\/v2\/product"}],"about":[{"href":"https:\/\/wmtbaltic.lv\/en\/wp-json\/wp\/v2\/types\/product"}],"replies":[{"embeddable":true,"href":"https:\/\/wmtbaltic.lv\/en\/wp-json\/wp\/v2\/comments?post=15228"}],"wp:featuredmedia":[{"embeddable":true,"href":"https:\/\/wmtbaltic.lv\/en\/wp-json\/wp\/v2\/media\/15232"}],"wp:attachment":[{"href":"https:\/\/wmtbaltic.lv\/en\/wp-json\/wp\/v2\/media?parent=15228"}],"wp:term":[{"taxonomy":"product_brand","embeddable":true,"href":"https:\/\/wmtbaltic.lv\/en\/wp-json\/wp\/v2\/product_brand?post=15228"},{"taxonomy":"product_cat","embeddable":true,"href":"https:\/\/wmtbaltic.lv\/en\/wp-json\/wp\/v2\/product_cat?post=15228"},{"taxonomy":"product_tag","embeddable":true,"href":"https:\/\/wmtbaltic.lv\/en\/wp-json\/wp\/v2\/product_tag?post=15228"}],"curies":[{"name":"wp","href":"https:\/\/api.w.org\/{rel}","templated":true}]}}