{"id":15217,"date":"2023-10-18T13:34:53","date_gmt":"2023-10-18T13:34:53","guid":{"rendered":"https:\/\/wmtbaltic.lv\/?post_type=product&#038;p=15217"},"modified":"2023-10-19T12:40:49","modified_gmt":"2023-10-19T12:40:49","slug":"pie-ekas-uzstadamie-stiklskiedras-karogu-masti-garums-3m-cokola-diametrs-103mm","status":"publish","type":"product","link":"https:\/\/wmtbaltic.lv\/en\/product\/pie-ekas-uzstadamie-stiklskiedras-karogu-masti-garums-3m-cokola-diametrs-103mm\/","title":{"rendered":"Pie \u0113kas uzst\u0101d\u0101mie stikl\u0161\u0137iedras karogu masti 3m. D 103mm."},"content":{"rendered":"<p><strong><span style=\"font-size: medium;\">Pie \u0113kas uzst\u0101d\u0101mie stikl\u0161\u0137iedras karogu masti<\/span><\/strong><\/p>\n<p><strong>Pielietojums:<\/strong><\/p>\n<p><span style=\"color: #666666; font-family: Arial;\">Lielisks risin\u0101jums, ja nav pietiekami daudz vietas karoga novieto\u0161anai &#8211; karoga k\u0101tu ar karogu var izvietot pie \u0113kas sienas vai uz jumta. \u0160is karoga masta izvieto\u0161anas veids ir \u013coti efekt\u012bvs, jo neaiz\u0146em daudz vietas, turkl\u0101t karogs b\u016bs \u013coti labi redzams ar\u012b bezv\u0113ja apst\u0101k\u013cos.\u00a0<\/span><\/p>\n<p><span style=\"color: #666666; font-family: Arial;\"><span style=\"font-family: Arial, sans-serif;\"><span style=\"color: #666666; font-size: small;\"><strong>Sl\u012bpuma le\u0146\u0137i:<\/strong>\u00a0<span style=\"color: #666666;\"><span style=\"font-size: small;\"><span lang=\"ru-RU\">0<\/span>\u00b0<span lang=\"ru-RU\">,<\/span>\u00a045\u00b0, 60\u00b0, 75\u00b0<\/span><\/span><\/span><\/span><\/span><\/p>\n<p>Pie sienas uzst\u0101d\u0101ms<br \/>\n<strong>Garums<\/strong>: 3m<br \/>\n<strong>Cokola diametrs<\/strong>: 103mm<\/p>\n","protected":false},"excerpt":{"rendered":"Pie \u0113kas uzst\u0101d\u0101mie stikl\u0161\u0137iedras karogu masti Pielietojums: Lielisks risin\u0101jums, ja nav pietiekami daudz vietas karoga novieto\u0161anai - karoga k\u0101tu ar karogu var izvietot pie \u0113kas sienas vai uz jumta. \u0160is karoga masta izvieto\u0161anas veids ir \u013coti efekt\u012bvs, jo neaiz\u0146em daudz vietas, turkl\u0101t karogs b\u016bs \u013coti labi redzams ar\u012b bezv\u0113ja apst\u0101k\u013cos.\u00a0 Sl\u012bpuma le\u0146\u0137i:\u00a00\u00b0,\u00a045\u00b0, 60\u00b0, 75\u00b0 Pie [...]","protected":false},"featured_media":15229,"template":"","meta":[],"product_brand":[],"product_cat":[160,54,229],"product_tag":[1275,623,622],"class_list":{"0":"post-15217","1":"product","2":"type-product","3":"status-publish","4":"has-post-thumbnail","6":"product_cat-karogi","7":"product_cat-karogu-masti","8":"product_cat-norazu-sistemas-telpam-un-teritorijam","9":"product_tag-karogi","10":"product_tag-karogs","11":"product_tag-karogu-masti","13":"first","14":"instock","15":"shipping-taxable","16":"purchasable","17":"product-type-simple"},"yoast_head":"<!-- This site is optimized with the Yoast SEO plugin v27.4 - https:\/\/yoast.com\/product\/yoast-seo-wordpress\/ -->\n<title>Pie \u0113kas uzst\u0101d\u0101mie stikl\u0161\u0137iedras karogu masti 3m. D 103mm. - WMT Baltic<\/title>\n<meta name=\"description\" content=\"Lielisks risin\u0101jums, ja nav pietiekami daudz vietas karoga novieto\u0161anai - karoga k\u0101tu ar karogu var izvietot pie \u0113kas sienas vai uz jumta.\" \/>\n<meta name=\"robots\" content=\"index, follow, max-snippet:-1, max-image-preview:large, max-video-preview:-1\" \/>\n<link rel=\"canonical\" href=\"https:\/\/wmtbaltic.lv\/Produkts\/pie-ekas-uzstadamie-stiklskiedras-karogu-masti-garums-3m-cokola-diametrs-103mm\/\" \/>\n<meta property=\"og:locale\" content=\"en_US\" \/>\n<meta property=\"og:type\" content=\"article\" \/>\n<meta property=\"og:title\" content=\"Pie \u0113kas uzst\u0101d\u0101mie stikl\u0161\u0137iedras karogu masti 3m. D 103mm. - WMT Baltic\" \/>\n<meta property=\"og:description\" content=\"Lielisks risin\u0101jums, ja nav pietiekami daudz vietas karoga novieto\u0161anai - karoga k\u0101tu ar karogu var izvietot pie \u0113kas sienas vai uz jumta.\" \/>\n<meta property=\"og:url\" content=\"https:\/\/wmtbaltic.lv\/Produkts\/pie-ekas-uzstadamie-stiklskiedras-karogu-masti-garums-3m-cokola-diametrs-103mm\/\" \/>\n<meta property=\"og:site_name\" content=\"WMT Baltic\" \/>\n<meta property=\"article:publisher\" content=\"https:\/\/www.facebook.com\/WMT.Baltic.viscom\/?locale=lv_LV\" \/>\n<meta property=\"article:modified_time\" content=\"2023-10-19T12:40:49+00:00\" \/>\n<meta property=\"og:image\" content=\"http:\/\/wmtbaltic.lv\/wp-content\/uploads\/2023\/10\/pic.jpg\" \/>\n\t<meta property=\"og:image:width\" content=\"440\" \/>\n\t<meta property=\"og:image:height\" content=\"330\" \/>\n\t<meta property=\"og:image:type\" content=\"image\/jpeg\" \/>\n<meta name=\"twitter:card\" content=\"summary_large_image\" \/>\n<meta name=\"twitter:label1\" content=\"Est. reading time\" \/>\n\t<meta name=\"twitter:data1\" content=\"1 minute\" \/>\n<script type=\"application\/ld+json\" class=\"yoast-schema-graph\">{\"@context\":\"https:\\\/\\\/schema.org\",\"@graph\":[{\"@type\":\"WebPage\",\"@id\":\"https:\\\/\\\/wmtbaltic.lv\\\/Produkts\\\/pie-ekas-uzstadamie-stiklskiedras-karogu-masti-garums-3m-cokola-diametrs-103mm\\\/\",\"url\":\"https:\\\/\\\/wmtbaltic.lv\\\/Produkts\\\/pie-ekas-uzstadamie-stiklskiedras-karogu-masti-garums-3m-cokola-diametrs-103mm\\\/\",\"name\":\"Pie \u0113kas uzst\u0101d\u0101mie stikl\u0161\u0137iedras karogu masti 3m. D 103mm. - WMT Baltic\",\"isPartOf\":{\"@id\":\"https:\\\/\\\/wmtbaltic.lv\\\/#website\"},\"primaryImageOfPage\":{\"@id\":\"https:\\\/\\\/wmtbaltic.lv\\\/Produkts\\\/pie-ekas-uzstadamie-stiklskiedras-karogu-masti-garums-3m-cokola-diametrs-103mm\\\/#primaryimage\"},\"image\":{\"@id\":\"https:\\\/\\\/wmtbaltic.lv\\\/Produkts\\\/pie-ekas-uzstadamie-stiklskiedras-karogu-masti-garums-3m-cokola-diametrs-103mm\\\/#primaryimage\"},\"thumbnailUrl\":\"https:\\\/\\\/wmtbaltic.lv\\\/wp-content\\\/uploads\\\/2023\\\/10\\\/pic.jpg\",\"datePublished\":\"2023-10-18T13:34:53+00:00\",\"dateModified\":\"2023-10-19T12:40:49+00:00\",\"description\":\"Lielisks risin\u0101jums, ja nav pietiekami daudz vietas karoga novieto\u0161anai - karoga k\u0101tu ar karogu var izvietot pie \u0113kas sienas vai uz jumta.\",\"breadcrumb\":{\"@id\":\"https:\\\/\\\/wmtbaltic.lv\\\/Produkts\\\/pie-ekas-uzstadamie-stiklskiedras-karogu-masti-garums-3m-cokola-diametrs-103mm\\\/#breadcrumb\"},\"inLanguage\":\"en-US\",\"potentialAction\":[{\"@type\":\"ReadAction\",\"target\":[\"https:\\\/\\\/wmtbaltic.lv\\\/Produkts\\\/pie-ekas-uzstadamie-stiklskiedras-karogu-masti-garums-3m-cokola-diametrs-103mm\\\/\"]}]},{\"@type\":\"ImageObject\",\"inLanguage\":\"en-US\",\"@id\":\"https:\\\/\\\/wmtbaltic.lv\\\/Produkts\\\/pie-ekas-uzstadamie-stiklskiedras-karogu-masti-garums-3m-cokola-diametrs-103mm\\\/#primaryimage\",\"url\":\"https:\\\/\\\/wmtbaltic.lv\\\/wp-content\\\/uploads\\\/2023\\\/10\\\/pic.jpg\",\"contentUrl\":\"https:\\\/\\\/wmtbaltic.lv\\\/wp-content\\\/uploads\\\/2023\\\/10\\\/pic.jpg\",\"width\":440,\"height\":330},{\"@type\":\"BreadcrumbList\",\"@id\":\"https:\\\/\\\/wmtbaltic.lv\\\/Produkts\\\/pie-ekas-uzstadamie-stiklskiedras-karogu-masti-garums-3m-cokola-diametrs-103mm\\\/#breadcrumb\",\"itemListElement\":[{\"@type\":\"ListItem\",\"position\":1,\"name\":\"Home\",\"item\":\"https:\\\/\\\/wmtbaltic.lv\\\/en\\\/\"},{\"@type\":\"ListItem\",\"position\":2,\"name\":\"Shop\",\"item\":\"https:\\\/\\\/wmtbaltic.lv\\\/shop\\\/\"},{\"@type\":\"ListItem\",\"position\":3,\"name\":\"Pie \u0113kas uzst\u0101d\u0101mie stikl\u0161\u0137iedras karogu masti 3m. D 103mm.\"}]},{\"@type\":\"WebSite\",\"@id\":\"https:\\\/\\\/wmtbaltic.lv\\\/#website\",\"url\":\"https:\\\/\\\/wmtbaltic.lv\\\/\",\"name\":\"WMT Baltic\",\"description\":\"Rekl\u0101mas produkti, pl\u0113ves\",\"publisher\":{\"@id\":\"https:\\\/\\\/wmtbaltic.lv\\\/#organization\"},\"potentialAction\":[{\"@type\":\"SearchAction\",\"target\":{\"@type\":\"EntryPoint\",\"urlTemplate\":\"https:\\\/\\\/wmtbaltic.lv\\\/?s={search_term_string}\"},\"query-input\":{\"@type\":\"PropertyValueSpecification\",\"valueRequired\":true,\"valueName\":\"search_term_string\"}}],\"inLanguage\":\"en-US\"},{\"@type\":\"Organization\",\"@id\":\"https:\\\/\\\/wmtbaltic.lv\\\/#organization\",\"name\":\"WMT Baltic\",\"url\":\"https:\\\/\\\/wmtbaltic.lv\\\/\",\"logo\":{\"@type\":\"ImageObject\",\"inLanguage\":\"en-US\",\"@id\":\"https:\\\/\\\/wmtbaltic.lv\\\/#\\\/schema\\\/logo\\\/image\\\/\",\"url\":\"https:\\\/\\\/wmtbaltic.lv\\\/wp-content\\\/uploads\\\/2024\\\/12\\\/wmt-baltic-sia_107142_9_420x180.jpg\",\"contentUrl\":\"https:\\\/\\\/wmtbaltic.lv\\\/wp-content\\\/uploads\\\/2024\\\/12\\\/wmt-baltic-sia_107142_9_420x180.jpg\",\"width\":420,\"height\":180,\"caption\":\"WMT Baltic\"},\"image\":{\"@id\":\"https:\\\/\\\/wmtbaltic.lv\\\/#\\\/schema\\\/logo\\\/image\\\/\"},\"sameAs\":[\"https:\\\/\\\/www.facebook.com\\\/WMT.Baltic.viscom\\\/?locale=lv_LV\",\"https:\\\/\\\/www.instagram.com\\\/viscom_wmt\\\/\"]}]}<\/script>\n<!-- \/ Yoast SEO plugin. -->","yoast_head_json":{"title":"Pie \u0113kas uzst\u0101d\u0101mie stikl\u0161\u0137iedras karogu masti 3m. D 103mm. - WMT Baltic","description":"Lielisks risin\u0101jums, ja nav pietiekami daudz vietas karoga novieto\u0161anai - karoga k\u0101tu ar karogu var izvietot pie \u0113kas sienas vai uz jumta.","robots":{"index":"index","follow":"follow","max-snippet":"max-snippet:-1","max-image-preview":"max-image-preview:large","max-video-preview":"max-video-preview:-1"},"canonical":"https:\/\/wmtbaltic.lv\/Produkts\/pie-ekas-uzstadamie-stiklskiedras-karogu-masti-garums-3m-cokola-diametrs-103mm\/","og_locale":"en_US","og_type":"article","og_title":"Pie \u0113kas uzst\u0101d\u0101mie stikl\u0161\u0137iedras karogu masti 3m. D 103mm. - WMT Baltic","og_description":"Lielisks risin\u0101jums, ja nav pietiekami daudz vietas karoga novieto\u0161anai - karoga k\u0101tu ar karogu var izvietot pie \u0113kas sienas vai uz jumta.","og_url":"https:\/\/wmtbaltic.lv\/Produkts\/pie-ekas-uzstadamie-stiklskiedras-karogu-masti-garums-3m-cokola-diametrs-103mm\/","og_site_name":"WMT Baltic","article_publisher":"https:\/\/www.facebook.com\/WMT.Baltic.viscom\/?locale=lv_LV","article_modified_time":"2023-10-19T12:40:49+00:00","og_image":[{"width":440,"height":330,"url":"http:\/\/wmtbaltic.lv\/wp-content\/uploads\/2023\/10\/pic.jpg","type":"image\/jpeg"}],"twitter_card":"summary_large_image","twitter_misc":{"Est. reading time":"1 minute"},"schema":{"@context":"https:\/\/schema.org","@graph":[{"@type":"WebPage","@id":"https:\/\/wmtbaltic.lv\/Produkts\/pie-ekas-uzstadamie-stiklskiedras-karogu-masti-garums-3m-cokola-diametrs-103mm\/","url":"https:\/\/wmtbaltic.lv\/Produkts\/pie-ekas-uzstadamie-stiklskiedras-karogu-masti-garums-3m-cokola-diametrs-103mm\/","name":"Pie \u0113kas uzst\u0101d\u0101mie stikl\u0161\u0137iedras karogu masti 3m. D 103mm. - WMT Baltic","isPartOf":{"@id":"https:\/\/wmtbaltic.lv\/#website"},"primaryImageOfPage":{"@id":"https:\/\/wmtbaltic.lv\/Produkts\/pie-ekas-uzstadamie-stiklskiedras-karogu-masti-garums-3m-cokola-diametrs-103mm\/#primaryimage"},"image":{"@id":"https:\/\/wmtbaltic.lv\/Produkts\/pie-ekas-uzstadamie-stiklskiedras-karogu-masti-garums-3m-cokola-diametrs-103mm\/#primaryimage"},"thumbnailUrl":"https:\/\/wmtbaltic.lv\/wp-content\/uploads\/2023\/10\/pic.jpg","datePublished":"2023-10-18T13:34:53+00:00","dateModified":"2023-10-19T12:40:49+00:00","description":"Lielisks risin\u0101jums, ja nav pietiekami daudz vietas karoga novieto\u0161anai - karoga k\u0101tu ar karogu var izvietot pie \u0113kas sienas vai uz jumta.","breadcrumb":{"@id":"https:\/\/wmtbaltic.lv\/Produkts\/pie-ekas-uzstadamie-stiklskiedras-karogu-masti-garums-3m-cokola-diametrs-103mm\/#breadcrumb"},"inLanguage":"en-US","potentialAction":[{"@type":"ReadAction","target":["https:\/\/wmtbaltic.lv\/Produkts\/pie-ekas-uzstadamie-stiklskiedras-karogu-masti-garums-3m-cokola-diametrs-103mm\/"]}]},{"@type":"ImageObject","inLanguage":"en-US","@id":"https:\/\/wmtbaltic.lv\/Produkts\/pie-ekas-uzstadamie-stiklskiedras-karogu-masti-garums-3m-cokola-diametrs-103mm\/#primaryimage","url":"https:\/\/wmtbaltic.lv\/wp-content\/uploads\/2023\/10\/pic.jpg","contentUrl":"https:\/\/wmtbaltic.lv\/wp-content\/uploads\/2023\/10\/pic.jpg","width":440,"height":330},{"@type":"BreadcrumbList","@id":"https:\/\/wmtbaltic.lv\/Produkts\/pie-ekas-uzstadamie-stiklskiedras-karogu-masti-garums-3m-cokola-diametrs-103mm\/#breadcrumb","itemListElement":[{"@type":"ListItem","position":1,"name":"Home","item":"https:\/\/wmtbaltic.lv\/en\/"},{"@type":"ListItem","position":2,"name":"Shop","item":"https:\/\/wmtbaltic.lv\/shop\/"},{"@type":"ListItem","position":3,"name":"Pie \u0113kas uzst\u0101d\u0101mie stikl\u0161\u0137iedras karogu masti 3m. D 103mm."}]},{"@type":"WebSite","@id":"https:\/\/wmtbaltic.lv\/#website","url":"https:\/\/wmtbaltic.lv\/","name":"WMT Baltic","description":"Rekl\u0101mas produkti, pl\u0113ves","publisher":{"@id":"https:\/\/wmtbaltic.lv\/#organization"},"potentialAction":[{"@type":"SearchAction","target":{"@type":"EntryPoint","urlTemplate":"https:\/\/wmtbaltic.lv\/?s={search_term_string}"},"query-input":{"@type":"PropertyValueSpecification","valueRequired":true,"valueName":"search_term_string"}}],"inLanguage":"en-US"},{"@type":"Organization","@id":"https:\/\/wmtbaltic.lv\/#organization","name":"WMT Baltic","url":"https:\/\/wmtbaltic.lv\/","logo":{"@type":"ImageObject","inLanguage":"en-US","@id":"https:\/\/wmtbaltic.lv\/#\/schema\/logo\/image\/","url":"https:\/\/wmtbaltic.lv\/wp-content\/uploads\/2024\/12\/wmt-baltic-sia_107142_9_420x180.jpg","contentUrl":"https:\/\/wmtbaltic.lv\/wp-content\/uploads\/2024\/12\/wmt-baltic-sia_107142_9_420x180.jpg","width":420,"height":180,"caption":"WMT Baltic"},"image":{"@id":"https:\/\/wmtbaltic.lv\/#\/schema\/logo\/image\/"},"sameAs":["https:\/\/www.facebook.com\/WMT.Baltic.viscom\/?locale=lv_LV","https:\/\/www.instagram.com\/viscom_wmt\/"]}]}},"_links":{"self":[{"href":"https:\/\/wmtbaltic.lv\/en\/wp-json\/wp\/v2\/product\/15217","targetHints":{"allow":["GET"]}}],"collection":[{"href":"https:\/\/wmtbaltic.lv\/en\/wp-json\/wp\/v2\/product"}],"about":[{"href":"https:\/\/wmtbaltic.lv\/en\/wp-json\/wp\/v2\/types\/product"}],"wp:featuredmedia":[{"embeddable":true,"href":"https:\/\/wmtbaltic.lv\/en\/wp-json\/wp\/v2\/media\/15229"}],"wp:attachment":[{"href":"https:\/\/wmtbaltic.lv\/en\/wp-json\/wp\/v2\/media?parent=15217"}],"wp:term":[{"taxonomy":"product_brand","embeddable":true,"href":"https:\/\/wmtbaltic.lv\/en\/wp-json\/wp\/v2\/product_brand?post=15217"},{"taxonomy":"product_cat","embeddable":true,"href":"https:\/\/wmtbaltic.lv\/en\/wp-json\/wp\/v2\/product_cat?post=15217"},{"taxonomy":"product_tag","embeddable":true,"href":"https:\/\/wmtbaltic.lv\/en\/wp-json\/wp\/v2\/product_tag?post=15217"}],"curies":[{"name":"wp","href":"https:\/\/api.w.org\/{rel}","templated":true}]}}