{"id":15203,"date":"2023-10-18T12:50:31","date_gmt":"2023-10-18T12:50:31","guid":{"rendered":"https:\/\/wmtbaltic.lv\/?post_type=product&#038;p=15203"},"modified":"2023-10-18T13:02:35","modified_gmt":"2023-10-18T13:02:35","slug":"rigas-pilsetas-karogs","status":"publish","type":"product","link":"https:\/\/wmtbaltic.lv\/en\/product\/rigas-pilsetas-karogs\/","title":{"rendered":"R\u012bgas pils\u0113tas karogs 75 x150 cm"},"content":{"rendered":"<p><strong>R\u012bgas pils\u0113tas karogs<\/strong><\/p>\n<p>M\u0113s pied\u0101v\u0101jam R\u012bgas pils\u0113tas karogus, Latvijas valsts karogus,\u00a0ES karogus\u00a0ar speci\u0101l\u0101m stiprin\u0101\u0161anas sist\u0113m\u0101m karoga uzvilk\u0161anai, izgatavotus no augstas kvalit\u0101tes materi\u0101la.<\/p>\n<p><strong>R\u012bgas pils\u0113tas karoga\u00a0apraksts<\/strong><\/p>\n<p>R\u012bgas karogs ir taisnst\u016bra audums ar div\u0101m vien\u0101da platuma horizont\u0101laj\u0101m josl\u0101m &#8211; aug\u0161\u0113j\u0101 josla ir gai\u0161i zil\u0101 kr\u0101s\u0101, apak\u0161\u0113j\u0101 &#8211; balt\u0101 kr\u0101s\u0101. Karoga vid\u016b ab\u0101s pus\u0113s att\u0113lots kr\u0101sains R\u012bgas lielais \u0123erbonis, kura augstums ir 2\/5 no karoga platuma. Karoga platuma un garuma attiec\u012bba ir 1:2. Karoga izm\u0113ri &#8211; 75 x 150 cm, 100 x 200 cm un 150 x 300 cm.<\/p>\n<p>Izgatavojam karogus p\u0113c klienta skices (ar logotipiem, brenda z\u012bm\u0113m, att\u0113liem).<\/p>\n<p>R\u012bgas pils\u0113tas karogs \u0113ku fas\u0101d\u0113m.<\/p>\n<p>Izm\u0113rs: 750 x 1500 mm<\/p>\n<p><strong>Ieskaties ar\u012b \u0161eit:\u00a0<a href=\"http:\/\/www.karogumasti.lv\/\">www.karogumasti.lv<\/a>\u00a0un\u00a0<a href=\"http:\/\/www.flags.lv\/lv\/flags\/\">www.flags.lv<\/a><\/strong><\/p>\n","protected":false},"excerpt":{"rendered":"R\u012bgas pils\u0113tas karogs M\u0113s pied\u0101v\u0101jam R\u012bgas pils\u0113tas karogus, Latvijas valsts karogus,\u00a0ES karogus\u00a0ar speci\u0101l\u0101m stiprin\u0101\u0161anas sist\u0113m\u0101m karoga uzvilk\u0161anai, izgatavotus no augstas kvalit\u0101tes materi\u0101la. R\u012bgas pils\u0113tas karoga\u00a0apraksts R\u012bgas karogs ir taisnst\u016bra audums ar div\u0101m vien\u0101da platuma horizont\u0101laj\u0101m josl\u0101m - aug\u0161\u0113j\u0101 josla ir gai\u0161i zil\u0101 kr\u0101s\u0101, apak\u0161\u0113j\u0101 - balt\u0101 kr\u0101s\u0101. Karoga vid\u016b ab\u0101s pus\u0113s att\u0113lots kr\u0101sains R\u012bgas lielais [...]","protected":false},"featured_media":15204,"comment_status":"closed","ping_status":"closed","template":"","meta":[],"product_brand":[],"product_cat":[160,54,229],"product_tag":[623,551,1274],"class_list":{"0":"post-15203","1":"product","2":"type-product","3":"status-publish","4":"has-post-thumbnail","6":"product_cat-karogi","7":"product_cat-karogu-masti","8":"product_cat-norazu-sistemas-telpam-un-teritorijam","9":"product_tag-karogs","10":"product_tag-riga","11":"product_tag-rigas-pilsetas-karogs","13":"first","14":"instock","15":"shipping-taxable","16":"purchasable","17":"product-type-simple"},"yoast_head":"<!-- This site is optimized with the Yoast SEO plugin v27.4 - https:\/\/yoast.com\/product\/yoast-seo-wordpress\/ -->\n<title>R\u012bgas pils\u0113tas karogs 75 x150 cm - WMT Baltic<\/title>\n<meta name=\"description\" content=\"M\u0113s pied\u0101v\u0101jam R\u012bgas pils\u0113tas karogus, Latvijas valsts karogus,ES karogus\u00a0\" \/>\n<meta name=\"robots\" content=\"index, follow, max-snippet:-1, max-image-preview:large, max-video-preview:-1\" \/>\n<link rel=\"canonical\" href=\"https:\/\/wmtbaltic.lv\/Produkts\/rigas-pilsetas-karogs\/\" \/>\n<meta property=\"og:locale\" content=\"en_US\" \/>\n<meta property=\"og:type\" content=\"article\" \/>\n<meta property=\"og:title\" content=\"R\u012bgas pils\u0113tas karogs 75 x150 cm - WMT Baltic\" \/>\n<meta property=\"og:description\" content=\"M\u0113s pied\u0101v\u0101jam R\u012bgas pils\u0113tas karogus, Latvijas valsts karogus,ES karogus\u00a0\" \/>\n<meta property=\"og:url\" content=\"https:\/\/wmtbaltic.lv\/Produkts\/rigas-pilsetas-karogs\/\" \/>\n<meta property=\"og:site_name\" content=\"WMT Baltic\" \/>\n<meta property=\"article:publisher\" content=\"https:\/\/www.facebook.com\/WMT.Baltic.viscom\/?locale=lv_LV\" \/>\n<meta property=\"article:modified_time\" content=\"2023-10-18T13:02:35+00:00\" \/>\n<meta property=\"og:image\" content=\"http:\/\/wmtbaltic.lv\/wp-content\/uploads\/2023\/10\/rigas-_karogs.jpg\" \/>\n\t<meta property=\"og:image:width\" content=\"430\" \/>\n\t<meta property=\"og:image:height\" content=\"266\" \/>\n\t<meta property=\"og:image:type\" content=\"image\/jpeg\" \/>\n<meta name=\"twitter:card\" content=\"summary_large_image\" \/>\n<meta name=\"twitter:label1\" content=\"Est. reading time\" \/>\n\t<meta name=\"twitter:data1\" content=\"1 minute\" \/>\n<script type=\"application\/ld+json\" class=\"yoast-schema-graph\">{\"@context\":\"https:\\\/\\\/schema.org\",\"@graph\":[{\"@type\":\"WebPage\",\"@id\":\"https:\\\/\\\/wmtbaltic.lv\\\/Produkts\\\/rigas-pilsetas-karogs\\\/\",\"url\":\"https:\\\/\\\/wmtbaltic.lv\\\/Produkts\\\/rigas-pilsetas-karogs\\\/\",\"name\":\"R\u012bgas pils\u0113tas karogs 75 x150 cm - WMT Baltic\",\"isPartOf\":{\"@id\":\"https:\\\/\\\/wmtbaltic.lv\\\/#website\"},\"primaryImageOfPage\":{\"@id\":\"https:\\\/\\\/wmtbaltic.lv\\\/Produkts\\\/rigas-pilsetas-karogs\\\/#primaryimage\"},\"image\":{\"@id\":\"https:\\\/\\\/wmtbaltic.lv\\\/Produkts\\\/rigas-pilsetas-karogs\\\/#primaryimage\"},\"thumbnailUrl\":\"https:\\\/\\\/wmtbaltic.lv\\\/wp-content\\\/uploads\\\/2023\\\/10\\\/rigas-_karogs.jpg\",\"datePublished\":\"2023-10-18T12:50:31+00:00\",\"dateModified\":\"2023-10-18T13:02:35+00:00\",\"description\":\"M\u0113s pied\u0101v\u0101jam R\u012bgas pils\u0113tas karogus, Latvijas valsts karogus,ES karogus\u00a0\",\"breadcrumb\":{\"@id\":\"https:\\\/\\\/wmtbaltic.lv\\\/Produkts\\\/rigas-pilsetas-karogs\\\/#breadcrumb\"},\"inLanguage\":\"en-US\",\"potentialAction\":[{\"@type\":\"ReadAction\",\"target\":[\"https:\\\/\\\/wmtbaltic.lv\\\/Produkts\\\/rigas-pilsetas-karogs\\\/\"]}]},{\"@type\":\"ImageObject\",\"inLanguage\":\"en-US\",\"@id\":\"https:\\\/\\\/wmtbaltic.lv\\\/Produkts\\\/rigas-pilsetas-karogs\\\/#primaryimage\",\"url\":\"https:\\\/\\\/wmtbaltic.lv\\\/wp-content\\\/uploads\\\/2023\\\/10\\\/rigas-_karogs.jpg\",\"contentUrl\":\"https:\\\/\\\/wmtbaltic.lv\\\/wp-content\\\/uploads\\\/2023\\\/10\\\/rigas-_karogs.jpg\",\"width\":430,\"height\":266},{\"@type\":\"BreadcrumbList\",\"@id\":\"https:\\\/\\\/wmtbaltic.lv\\\/Produkts\\\/rigas-pilsetas-karogs\\\/#breadcrumb\",\"itemListElement\":[{\"@type\":\"ListItem\",\"position\":1,\"name\":\"Home\",\"item\":\"https:\\\/\\\/wmtbaltic.lv\\\/en\\\/\"},{\"@type\":\"ListItem\",\"position\":2,\"name\":\"Products\",\"item\":\"https:\\\/\\\/wmtbaltic.lv\\\/en\\\/shop\\\/\"},{\"@type\":\"ListItem\",\"position\":3,\"name\":\"R\u012bgas pils\u0113tas karogs 75 x150 cm\"}]},{\"@type\":\"WebSite\",\"@id\":\"https:\\\/\\\/wmtbaltic.lv\\\/#website\",\"url\":\"https:\\\/\\\/wmtbaltic.lv\\\/\",\"name\":\"WMT Baltic\",\"description\":\"Rekl\u0101mas produkti, pl\u0113ves\",\"publisher\":{\"@id\":\"https:\\\/\\\/wmtbaltic.lv\\\/#organization\"},\"potentialAction\":[{\"@type\":\"SearchAction\",\"target\":{\"@type\":\"EntryPoint\",\"urlTemplate\":\"https:\\\/\\\/wmtbaltic.lv\\\/?s={search_term_string}\"},\"query-input\":{\"@type\":\"PropertyValueSpecification\",\"valueRequired\":true,\"valueName\":\"search_term_string\"}}],\"inLanguage\":\"en-US\"},{\"@type\":\"Organization\",\"@id\":\"https:\\\/\\\/wmtbaltic.lv\\\/#organization\",\"name\":\"WMT Baltic\",\"url\":\"https:\\\/\\\/wmtbaltic.lv\\\/\",\"logo\":{\"@type\":\"ImageObject\",\"inLanguage\":\"en-US\",\"@id\":\"https:\\\/\\\/wmtbaltic.lv\\\/#\\\/schema\\\/logo\\\/image\\\/\",\"url\":\"https:\\\/\\\/wmtbaltic.lv\\\/wp-content\\\/uploads\\\/2024\\\/12\\\/wmt-baltic-sia_107142_9_420x180.jpg\",\"contentUrl\":\"https:\\\/\\\/wmtbaltic.lv\\\/wp-content\\\/uploads\\\/2024\\\/12\\\/wmt-baltic-sia_107142_9_420x180.jpg\",\"width\":420,\"height\":180,\"caption\":\"WMT Baltic\"},\"image\":{\"@id\":\"https:\\\/\\\/wmtbaltic.lv\\\/#\\\/schema\\\/logo\\\/image\\\/\"},\"sameAs\":[\"https:\\\/\\\/www.facebook.com\\\/WMT.Baltic.viscom\\\/?locale=lv_LV\",\"https:\\\/\\\/www.instagram.com\\\/viscom_wmt\\\/\"]}]}<\/script>\n<!-- \/ Yoast SEO plugin. -->","yoast_head_json":{"title":"R\u012bgas pils\u0113tas karogs 75 x150 cm - WMT Baltic","description":"M\u0113s pied\u0101v\u0101jam R\u012bgas pils\u0113tas karogus, Latvijas valsts karogus,ES karogus\u00a0","robots":{"index":"index","follow":"follow","max-snippet":"max-snippet:-1","max-image-preview":"max-image-preview:large","max-video-preview":"max-video-preview:-1"},"canonical":"https:\/\/wmtbaltic.lv\/Produkts\/rigas-pilsetas-karogs\/","og_locale":"en_US","og_type":"article","og_title":"R\u012bgas pils\u0113tas karogs 75 x150 cm - WMT Baltic","og_description":"M\u0113s pied\u0101v\u0101jam R\u012bgas pils\u0113tas karogus, Latvijas valsts karogus,ES karogus\u00a0","og_url":"https:\/\/wmtbaltic.lv\/Produkts\/rigas-pilsetas-karogs\/","og_site_name":"WMT Baltic","article_publisher":"https:\/\/www.facebook.com\/WMT.Baltic.viscom\/?locale=lv_LV","article_modified_time":"2023-10-18T13:02:35+00:00","og_image":[{"width":430,"height":266,"url":"http:\/\/wmtbaltic.lv\/wp-content\/uploads\/2023\/10\/rigas-_karogs.jpg","type":"image\/jpeg"}],"twitter_card":"summary_large_image","twitter_misc":{"Est. reading time":"1 minute"},"schema":{"@context":"https:\/\/schema.org","@graph":[{"@type":"WebPage","@id":"https:\/\/wmtbaltic.lv\/Produkts\/rigas-pilsetas-karogs\/","url":"https:\/\/wmtbaltic.lv\/Produkts\/rigas-pilsetas-karogs\/","name":"R\u012bgas pils\u0113tas karogs 75 x150 cm - WMT Baltic","isPartOf":{"@id":"https:\/\/wmtbaltic.lv\/#website"},"primaryImageOfPage":{"@id":"https:\/\/wmtbaltic.lv\/Produkts\/rigas-pilsetas-karogs\/#primaryimage"},"image":{"@id":"https:\/\/wmtbaltic.lv\/Produkts\/rigas-pilsetas-karogs\/#primaryimage"},"thumbnailUrl":"https:\/\/wmtbaltic.lv\/wp-content\/uploads\/2023\/10\/rigas-_karogs.jpg","datePublished":"2023-10-18T12:50:31+00:00","dateModified":"2023-10-18T13:02:35+00:00","description":"M\u0113s pied\u0101v\u0101jam R\u012bgas pils\u0113tas karogus, Latvijas valsts karogus,ES karogus\u00a0","breadcrumb":{"@id":"https:\/\/wmtbaltic.lv\/Produkts\/rigas-pilsetas-karogs\/#breadcrumb"},"inLanguage":"en-US","potentialAction":[{"@type":"ReadAction","target":["https:\/\/wmtbaltic.lv\/Produkts\/rigas-pilsetas-karogs\/"]}]},{"@type":"ImageObject","inLanguage":"en-US","@id":"https:\/\/wmtbaltic.lv\/Produkts\/rigas-pilsetas-karogs\/#primaryimage","url":"https:\/\/wmtbaltic.lv\/wp-content\/uploads\/2023\/10\/rigas-_karogs.jpg","contentUrl":"https:\/\/wmtbaltic.lv\/wp-content\/uploads\/2023\/10\/rigas-_karogs.jpg","width":430,"height":266},{"@type":"BreadcrumbList","@id":"https:\/\/wmtbaltic.lv\/Produkts\/rigas-pilsetas-karogs\/#breadcrumb","itemListElement":[{"@type":"ListItem","position":1,"name":"Home","item":"https:\/\/wmtbaltic.lv\/en\/"},{"@type":"ListItem","position":2,"name":"Products","item":"https:\/\/wmtbaltic.lv\/en\/shop\/"},{"@type":"ListItem","position":3,"name":"R\u012bgas pils\u0113tas karogs 75 x150 cm"}]},{"@type":"WebSite","@id":"https:\/\/wmtbaltic.lv\/#website","url":"https:\/\/wmtbaltic.lv\/","name":"WMT Baltic","description":"Rekl\u0101mas produkti, pl\u0113ves","publisher":{"@id":"https:\/\/wmtbaltic.lv\/#organization"},"potentialAction":[{"@type":"SearchAction","target":{"@type":"EntryPoint","urlTemplate":"https:\/\/wmtbaltic.lv\/?s={search_term_string}"},"query-input":{"@type":"PropertyValueSpecification","valueRequired":true,"valueName":"search_term_string"}}],"inLanguage":"en-US"},{"@type":"Organization","@id":"https:\/\/wmtbaltic.lv\/#organization","name":"WMT Baltic","url":"https:\/\/wmtbaltic.lv\/","logo":{"@type":"ImageObject","inLanguage":"en-US","@id":"https:\/\/wmtbaltic.lv\/#\/schema\/logo\/image\/","url":"https:\/\/wmtbaltic.lv\/wp-content\/uploads\/2024\/12\/wmt-baltic-sia_107142_9_420x180.jpg","contentUrl":"https:\/\/wmtbaltic.lv\/wp-content\/uploads\/2024\/12\/wmt-baltic-sia_107142_9_420x180.jpg","width":420,"height":180,"caption":"WMT Baltic"},"image":{"@id":"https:\/\/wmtbaltic.lv\/#\/schema\/logo\/image\/"},"sameAs":["https:\/\/www.facebook.com\/WMT.Baltic.viscom\/?locale=lv_LV","https:\/\/www.instagram.com\/viscom_wmt\/"]}]}},"_links":{"self":[{"href":"https:\/\/wmtbaltic.lv\/en\/wp-json\/wp\/v2\/product\/15203","targetHints":{"allow":["GET"]}}],"collection":[{"href":"https:\/\/wmtbaltic.lv\/en\/wp-json\/wp\/v2\/product"}],"about":[{"href":"https:\/\/wmtbaltic.lv\/en\/wp-json\/wp\/v2\/types\/product"}],"replies":[{"embeddable":true,"href":"https:\/\/wmtbaltic.lv\/en\/wp-json\/wp\/v2\/comments?post=15203"}],"wp:featuredmedia":[{"embeddable":true,"href":"https:\/\/wmtbaltic.lv\/en\/wp-json\/wp\/v2\/media\/15204"}],"wp:attachment":[{"href":"https:\/\/wmtbaltic.lv\/en\/wp-json\/wp\/v2\/media?parent=15203"}],"wp:term":[{"taxonomy":"product_brand","embeddable":true,"href":"https:\/\/wmtbaltic.lv\/en\/wp-json\/wp\/v2\/product_brand?post=15203"},{"taxonomy":"product_cat","embeddable":true,"href":"https:\/\/wmtbaltic.lv\/en\/wp-json\/wp\/v2\/product_cat?post=15203"},{"taxonomy":"product_tag","embeddable":true,"href":"https:\/\/wmtbaltic.lv\/en\/wp-json\/wp\/v2\/product_tag?post=15203"}],"curies":[{"name":"wp","href":"https:\/\/api.w.org\/{rel}","templated":true}]}}