{"id":15016,"date":"2023-08-11T07:20:27","date_gmt":"2023-08-11T07:20:27","guid":{"rendered":"https:\/\/wmtbaltic.lv\/?post_type=product&#038;p=15016"},"modified":"2023-10-26T13:02:31","modified_gmt":"2023-10-26T13:02:31","slug":"cyklos-sturu-apalotajs-ccr-40","status":"publish","type":"product","link":"https:\/\/wmtbaltic.lv\/en\/product\/cyklos-sturu-apalotajs-ccr-40\/","title":{"rendered":"CYKLOS st\u016bru apa\u013cot\u0101js CCR 40"},"content":{"rendered":"<p>Ier\u012bce st\u016br\u012b\u0161u apa\u013co\u0161anai CCR 40<\/p>\n<p>St\u016br\u012b\u0161u apa\u013co\u0161anas ier\u012bce CCR 40 nodro\u0161ina multi\u2013\u0161tanc\u0113\u0161anas iesp\u0113jas, izmantojot da\u017e\u0101dus main\u0101mus griez\u0113jinstrumentus. \u0160\u012b ier\u012bce viegli nogrie\u017e dokumentu kantainos st\u016brus gludus un apa\u013cus. Ide\u0101li piem\u0113rota viz\u012btkart\u0113m, sp\u0113\u013cu k\u0101rt\u012bm, bro\u0161\u016br\u0101m u.c.. St\u016br\u012b\u0161u apa\u013co\u0161anas ier\u012bce var griezt ar\u012b vieglo met\u0101lu, PVC, kartonu, poliesteru, \u0101du un t\u0101 ir apr\u012bkota ar vienu standarta grie\u0161anas ier\u012bci p\u0113c J\u016bsu izv\u0113les (r\u0101diuss 4, 6, 9, 12, 18 mm un taisns nazis 28 mm).<\/p>\n<p>\u012apa\u0161\u012bbas:<\/p>\n<ul>\n<li>Iztur\u012bga met\u0101la konstrukcija<\/li>\n<li>Viegli main\u0101mi st\u016bru apa\u013co\u0161anas instrumenti<\/li>\n<li>Rokasgr\u0101matas akur\u0101tai st\u016bru noapa\u013co\u0161anai<\/li>\n<li>Liela darba virsma un atvilktne atgriezumiem<\/li>\n<li>Atsperu saspraudes ier\u012bce<\/li>\n<li>Viegli str\u0101d\u0101t<\/li>\n<\/ul>\n<p>Tehnisk\u0101 inform\u0101cija:<\/p>\n<p>R\u0101diuss: 4, 6, 9, 12, 18 mm taisns nazis 28 mm 45o le\u0146\u0137a grie\u0161anai<\/p>\n<p>Max. grie\u0161anas biezums: 40 mm<\/p>\n<p>Izm\u0113rs: 700 x 400 x 800 mm<\/p>\n<p>Svars: 16,5 Kg<\/p>\n<p><a href=\"http:\/\/wmtbaltic.lv\/wp-content\/uploads\/2023\/08\/Brosura_ccr_40.pdf\">Bro\u0161\u016bra_ccr_40<\/a><\/p>\n<p><a href=\"http:\/\/wmtbaltic.lv\/wp-content\/uploads\/2023\/08\/Lietosanas-instrukcija-CCR-40.pdf\">Lieto\u0161anas instrukcija CCR 40<\/a><\/p>\n<iframe loading=\"lazy\"  id=\"_ytid_88438\"  width=\"780\" height=\"439\"  data-origwidth=\"780\" data-origheight=\"439\" src=\"https:\/\/www.youtube.com\/embed\/OR5kdN6w59E?enablejsapi=1&autoplay=0&cc_load_policy=0&cc_lang_pref=&iv_load_policy=1&loop=0&rel=1&fs=1&playsinline=0&autohide=2&theme=dark&color=red&controls=1&disablekb=0&\" class=\"__youtube_prefs__  no-lazyload\" title=\"YouTube player\"  allow=\"fullscreen; accelerometer; autoplay; clipboard-write; encrypted-media; gyroscope; picture-in-picture; web-share\" referrerpolicy=\"strict-origin-when-cross-origin\" allowfullscreen data-no-lazy=\"1\" data-skipgform_ajax_framebjll=\"\"><\/iframe>\n","protected":false},"excerpt":{"rendered":"Ier\u012bce st\u016br\u012b\u0161u apa\u013co\u0161anai CCR 40 St\u016br\u012b\u0161u apa\u013co\u0161anas ier\u012bce CCR 40 nodro\u0161ina multi\u2013\u0161tanc\u0113\u0161anas iesp\u0113jas, izmantojot da\u017e\u0101dus main\u0101mus griez\u0113jinstrumentus. \u0160\u012b ier\u012bce viegli nogrie\u017e dokumentu kantainos st\u016brus gludus un apa\u013cus. Ide\u0101li piem\u0113rota viz\u012btkart\u0113m, sp\u0113\u013cu k\u0101rt\u012bm, bro\u0161\u016br\u0101m u.c.. St\u016br\u012b\u0161u apa\u013co\u0161anas ier\u012bce var griezt ar\u012b vieglo met\u0101lu, PVC, kartonu, poliesteru, \u0101du un t\u0101 ir apr\u012bkota ar vienu standarta grie\u0161anas ier\u012bci [...]","protected":false},"featured_media":15019,"comment_status":"closed","ping_status":"closed","template":"","meta":[],"product_brand":[],"product_cat":[426,71,258],"product_tag":[1252,719,718,721],"class_list":{"0":"post-15016","1":"product","2":"type-product","3":"status-publish","4":"has-post-thumbnail","6":"product_cat-cyklos","7":"product_cat-griesana-locisana-rievosana","8":"product_cat-iekartas-un-izejmateriali","9":"product_tag-ccr-40","10":"product_tag-cyklos","11":"product_tag-ierice","12":"product_tag-sturu-apalotajs","14":"first","15":"instock","16":"shipping-taxable","17":"purchasable","18":"product-type-simple"},"yoast_head":"<!-- This site is optimized with the Yoast SEO plugin v27.4 - https:\/\/yoast.com\/product\/yoast-seo-wordpress\/ -->\n<title>CYKLOS st\u016bru apa\u013cot\u0101js CCR 40 - WMT Baltic<\/title>\n<meta name=\"description\" content=\"Vienk\u0101r\u0161s, bet efekt\u012bvs instruments dokumentu st\u016bru noapa\u013co\u0161anai.\" \/>\n<meta name=\"robots\" content=\"index, follow, max-snippet:-1, max-image-preview:large, max-video-preview:-1\" \/>\n<link rel=\"canonical\" href=\"https:\/\/wmtbaltic.lv\/Produkts\/cyklos-sturu-apalotajs-ccr-40\/\" \/>\n<meta property=\"og:locale\" content=\"en_US\" \/>\n<meta property=\"og:type\" content=\"article\" \/>\n<meta property=\"og:title\" content=\"CYKLOS st\u016bru apa\u013cot\u0101js CCR 40 - WMT Baltic\" \/>\n<meta property=\"og:description\" content=\"Vienk\u0101r\u0161s, bet efekt\u012bvs instruments dokumentu st\u016bru noapa\u013co\u0161anai.\" \/>\n<meta property=\"og:url\" content=\"https:\/\/wmtbaltic.lv\/Produkts\/cyklos-sturu-apalotajs-ccr-40\/\" \/>\n<meta property=\"og:site_name\" content=\"WMT Baltic\" \/>\n<meta property=\"article:publisher\" content=\"https:\/\/www.facebook.com\/WMT.Baltic.viscom\/?locale=lv_LV\" \/>\n<meta property=\"article:modified_time\" content=\"2023-10-26T13:02:31+00:00\" \/>\n<meta property=\"og:image\" content=\"http:\/\/wmtbaltic.lv\/wp-content\/uploads\/2023\/08\/Corner-Rounder-CCR-40-835839bf-1.jpg\" \/>\n\t<meta property=\"og:image:width\" content=\"803\" \/>\n\t<meta property=\"og:image:height\" content=\"746\" \/>\n\t<meta property=\"og:image:type\" content=\"image\/jpeg\" \/>\n<meta name=\"twitter:card\" content=\"summary_large_image\" \/>\n<meta name=\"twitter:label1\" content=\"Est. reading time\" \/>\n\t<meta name=\"twitter:data1\" content=\"1 minute\" \/>\n<script type=\"application\/ld+json\" class=\"yoast-schema-graph\">{\"@context\":\"https:\\\/\\\/schema.org\",\"@graph\":[{\"@type\":\"WebPage\",\"@id\":\"https:\\\/\\\/wmtbaltic.lv\\\/Produkts\\\/cyklos-sturu-apalotajs-ccr-40\\\/\",\"url\":\"https:\\\/\\\/wmtbaltic.lv\\\/Produkts\\\/cyklos-sturu-apalotajs-ccr-40\\\/\",\"name\":\"CYKLOS st\u016bru apa\u013cot\u0101js CCR 40 - WMT Baltic\",\"isPartOf\":{\"@id\":\"https:\\\/\\\/wmtbaltic.lv\\\/#website\"},\"primaryImageOfPage\":{\"@id\":\"https:\\\/\\\/wmtbaltic.lv\\\/Produkts\\\/cyklos-sturu-apalotajs-ccr-40\\\/#primaryimage\"},\"image\":{\"@id\":\"https:\\\/\\\/wmtbaltic.lv\\\/Produkts\\\/cyklos-sturu-apalotajs-ccr-40\\\/#primaryimage\"},\"thumbnailUrl\":\"https:\\\/\\\/wmtbaltic.lv\\\/wp-content\\\/uploads\\\/2023\\\/08\\\/Corner-Rounder-CCR-40-835839bf-1.jpg\",\"datePublished\":\"2023-08-11T07:20:27+00:00\",\"dateModified\":\"2023-10-26T13:02:31+00:00\",\"description\":\"Vienk\u0101r\u0161s, bet efekt\u012bvs instruments dokumentu st\u016bru noapa\u013co\u0161anai.\",\"breadcrumb\":{\"@id\":\"https:\\\/\\\/wmtbaltic.lv\\\/Produkts\\\/cyklos-sturu-apalotajs-ccr-40\\\/#breadcrumb\"},\"inLanguage\":\"en-US\",\"potentialAction\":[{\"@type\":\"ReadAction\",\"target\":[\"https:\\\/\\\/wmtbaltic.lv\\\/Produkts\\\/cyklos-sturu-apalotajs-ccr-40\\\/\"]}]},{\"@type\":\"ImageObject\",\"inLanguage\":\"en-US\",\"@id\":\"https:\\\/\\\/wmtbaltic.lv\\\/Produkts\\\/cyklos-sturu-apalotajs-ccr-40\\\/#primaryimage\",\"url\":\"https:\\\/\\\/wmtbaltic.lv\\\/wp-content\\\/uploads\\\/2023\\\/08\\\/Corner-Rounder-CCR-40-835839bf-1.jpg\",\"contentUrl\":\"https:\\\/\\\/wmtbaltic.lv\\\/wp-content\\\/uploads\\\/2023\\\/08\\\/Corner-Rounder-CCR-40-835839bf-1.jpg\",\"width\":803,\"height\":746},{\"@type\":\"BreadcrumbList\",\"@id\":\"https:\\\/\\\/wmtbaltic.lv\\\/Produkts\\\/cyklos-sturu-apalotajs-ccr-40\\\/#breadcrumb\",\"itemListElement\":[{\"@type\":\"ListItem\",\"position\":1,\"name\":\"Home\",\"item\":\"https:\\\/\\\/wmtbaltic.lv\\\/en\\\/\"},{\"@type\":\"ListItem\",\"position\":2,\"name\":\"Products\",\"item\":\"https:\\\/\\\/wmtbaltic.lv\\\/en\\\/shop\\\/\"},{\"@type\":\"ListItem\",\"position\":3,\"name\":\"CYKLOS st\u016bru apa\u013cot\u0101js CCR 40\"}]},{\"@type\":\"WebSite\",\"@id\":\"https:\\\/\\\/wmtbaltic.lv\\\/#website\",\"url\":\"https:\\\/\\\/wmtbaltic.lv\\\/\",\"name\":\"WMT Baltic\",\"description\":\"Rekl\u0101mas produkti, pl\u0113ves\",\"publisher\":{\"@id\":\"https:\\\/\\\/wmtbaltic.lv\\\/#organization\"},\"potentialAction\":[{\"@type\":\"SearchAction\",\"target\":{\"@type\":\"EntryPoint\",\"urlTemplate\":\"https:\\\/\\\/wmtbaltic.lv\\\/?s={search_term_string}\"},\"query-input\":{\"@type\":\"PropertyValueSpecification\",\"valueRequired\":true,\"valueName\":\"search_term_string\"}}],\"inLanguage\":\"en-US\"},{\"@type\":\"Organization\",\"@id\":\"https:\\\/\\\/wmtbaltic.lv\\\/#organization\",\"name\":\"WMT Baltic\",\"url\":\"https:\\\/\\\/wmtbaltic.lv\\\/\",\"logo\":{\"@type\":\"ImageObject\",\"inLanguage\":\"en-US\",\"@id\":\"https:\\\/\\\/wmtbaltic.lv\\\/#\\\/schema\\\/logo\\\/image\\\/\",\"url\":\"https:\\\/\\\/wmtbaltic.lv\\\/wp-content\\\/uploads\\\/2024\\\/12\\\/wmt-baltic-sia_107142_9_420x180.jpg\",\"contentUrl\":\"https:\\\/\\\/wmtbaltic.lv\\\/wp-content\\\/uploads\\\/2024\\\/12\\\/wmt-baltic-sia_107142_9_420x180.jpg\",\"width\":420,\"height\":180,\"caption\":\"WMT Baltic\"},\"image\":{\"@id\":\"https:\\\/\\\/wmtbaltic.lv\\\/#\\\/schema\\\/logo\\\/image\\\/\"},\"sameAs\":[\"https:\\\/\\\/www.facebook.com\\\/WMT.Baltic.viscom\\\/?locale=lv_LV\",\"https:\\\/\\\/www.instagram.com\\\/viscom_wmt\\\/\"]}]}<\/script>\n<!-- \/ Yoast SEO plugin. -->","yoast_head_json":{"title":"CYKLOS st\u016bru apa\u013cot\u0101js CCR 40 - WMT Baltic","description":"Vienk\u0101r\u0161s, bet efekt\u012bvs instruments dokumentu st\u016bru noapa\u013co\u0161anai.","robots":{"index":"index","follow":"follow","max-snippet":"max-snippet:-1","max-image-preview":"max-image-preview:large","max-video-preview":"max-video-preview:-1"},"canonical":"https:\/\/wmtbaltic.lv\/Produkts\/cyklos-sturu-apalotajs-ccr-40\/","og_locale":"en_US","og_type":"article","og_title":"CYKLOS st\u016bru apa\u013cot\u0101js CCR 40 - WMT Baltic","og_description":"Vienk\u0101r\u0161s, bet efekt\u012bvs instruments dokumentu st\u016bru noapa\u013co\u0161anai.","og_url":"https:\/\/wmtbaltic.lv\/Produkts\/cyklos-sturu-apalotajs-ccr-40\/","og_site_name":"WMT Baltic","article_publisher":"https:\/\/www.facebook.com\/WMT.Baltic.viscom\/?locale=lv_LV","article_modified_time":"2023-10-26T13:02:31+00:00","og_image":[{"width":803,"height":746,"url":"http:\/\/wmtbaltic.lv\/wp-content\/uploads\/2023\/08\/Corner-Rounder-CCR-40-835839bf-1.jpg","type":"image\/jpeg"}],"twitter_card":"summary_large_image","twitter_misc":{"Est. reading time":"1 minute"},"schema":{"@context":"https:\/\/schema.org","@graph":[{"@type":"WebPage","@id":"https:\/\/wmtbaltic.lv\/Produkts\/cyklos-sturu-apalotajs-ccr-40\/","url":"https:\/\/wmtbaltic.lv\/Produkts\/cyklos-sturu-apalotajs-ccr-40\/","name":"CYKLOS st\u016bru apa\u013cot\u0101js CCR 40 - WMT Baltic","isPartOf":{"@id":"https:\/\/wmtbaltic.lv\/#website"},"primaryImageOfPage":{"@id":"https:\/\/wmtbaltic.lv\/Produkts\/cyklos-sturu-apalotajs-ccr-40\/#primaryimage"},"image":{"@id":"https:\/\/wmtbaltic.lv\/Produkts\/cyklos-sturu-apalotajs-ccr-40\/#primaryimage"},"thumbnailUrl":"https:\/\/wmtbaltic.lv\/wp-content\/uploads\/2023\/08\/Corner-Rounder-CCR-40-835839bf-1.jpg","datePublished":"2023-08-11T07:20:27+00:00","dateModified":"2023-10-26T13:02:31+00:00","description":"Vienk\u0101r\u0161s, bet efekt\u012bvs instruments dokumentu st\u016bru noapa\u013co\u0161anai.","breadcrumb":{"@id":"https:\/\/wmtbaltic.lv\/Produkts\/cyklos-sturu-apalotajs-ccr-40\/#breadcrumb"},"inLanguage":"en-US","potentialAction":[{"@type":"ReadAction","target":["https:\/\/wmtbaltic.lv\/Produkts\/cyklos-sturu-apalotajs-ccr-40\/"]}]},{"@type":"ImageObject","inLanguage":"en-US","@id":"https:\/\/wmtbaltic.lv\/Produkts\/cyklos-sturu-apalotajs-ccr-40\/#primaryimage","url":"https:\/\/wmtbaltic.lv\/wp-content\/uploads\/2023\/08\/Corner-Rounder-CCR-40-835839bf-1.jpg","contentUrl":"https:\/\/wmtbaltic.lv\/wp-content\/uploads\/2023\/08\/Corner-Rounder-CCR-40-835839bf-1.jpg","width":803,"height":746},{"@type":"BreadcrumbList","@id":"https:\/\/wmtbaltic.lv\/Produkts\/cyklos-sturu-apalotajs-ccr-40\/#breadcrumb","itemListElement":[{"@type":"ListItem","position":1,"name":"Home","item":"https:\/\/wmtbaltic.lv\/en\/"},{"@type":"ListItem","position":2,"name":"Products","item":"https:\/\/wmtbaltic.lv\/en\/shop\/"},{"@type":"ListItem","position":3,"name":"CYKLOS st\u016bru apa\u013cot\u0101js CCR 40"}]},{"@type":"WebSite","@id":"https:\/\/wmtbaltic.lv\/#website","url":"https:\/\/wmtbaltic.lv\/","name":"WMT Baltic","description":"Rekl\u0101mas produkti, pl\u0113ves","publisher":{"@id":"https:\/\/wmtbaltic.lv\/#organization"},"potentialAction":[{"@type":"SearchAction","target":{"@type":"EntryPoint","urlTemplate":"https:\/\/wmtbaltic.lv\/?s={search_term_string}"},"query-input":{"@type":"PropertyValueSpecification","valueRequired":true,"valueName":"search_term_string"}}],"inLanguage":"en-US"},{"@type":"Organization","@id":"https:\/\/wmtbaltic.lv\/#organization","name":"WMT Baltic","url":"https:\/\/wmtbaltic.lv\/","logo":{"@type":"ImageObject","inLanguage":"en-US","@id":"https:\/\/wmtbaltic.lv\/#\/schema\/logo\/image\/","url":"https:\/\/wmtbaltic.lv\/wp-content\/uploads\/2024\/12\/wmt-baltic-sia_107142_9_420x180.jpg","contentUrl":"https:\/\/wmtbaltic.lv\/wp-content\/uploads\/2024\/12\/wmt-baltic-sia_107142_9_420x180.jpg","width":420,"height":180,"caption":"WMT Baltic"},"image":{"@id":"https:\/\/wmtbaltic.lv\/#\/schema\/logo\/image\/"},"sameAs":["https:\/\/www.facebook.com\/WMT.Baltic.viscom\/?locale=lv_LV","https:\/\/www.instagram.com\/viscom_wmt\/"]}]}},"_links":{"self":[{"href":"https:\/\/wmtbaltic.lv\/en\/wp-json\/wp\/v2\/product\/15016","targetHints":{"allow":["GET"]}}],"collection":[{"href":"https:\/\/wmtbaltic.lv\/en\/wp-json\/wp\/v2\/product"}],"about":[{"href":"https:\/\/wmtbaltic.lv\/en\/wp-json\/wp\/v2\/types\/product"}],"replies":[{"embeddable":true,"href":"https:\/\/wmtbaltic.lv\/en\/wp-json\/wp\/v2\/comments?post=15016"}],"wp:featuredmedia":[{"embeddable":true,"href":"https:\/\/wmtbaltic.lv\/en\/wp-json\/wp\/v2\/media\/15019"}],"wp:attachment":[{"href":"https:\/\/wmtbaltic.lv\/en\/wp-json\/wp\/v2\/media?parent=15016"}],"wp:term":[{"taxonomy":"product_brand","embeddable":true,"href":"https:\/\/wmtbaltic.lv\/en\/wp-json\/wp\/v2\/product_brand?post=15016"},{"taxonomy":"product_cat","embeddable":true,"href":"https:\/\/wmtbaltic.lv\/en\/wp-json\/wp\/v2\/product_cat?post=15016"},{"taxonomy":"product_tag","embeddable":true,"href":"https:\/\/wmtbaltic.lv\/en\/wp-json\/wp\/v2\/product_tag?post=15016"}],"curies":[{"name":"wp","href":"https:\/\/api.w.org\/{rel}","templated":true}]}}