{"id":14997,"date":"2023-08-11T06:40:44","date_gmt":"2023-08-11T06:40:44","guid":{"rendered":"https:\/\/wmtbaltic.lv\/?post_type=product&#038;p=14997"},"modified":"2023-08-11T07:08:34","modified_gmt":"2023-08-11T07:08:34","slug":"cyklos-elektriskais-sturu-apalotajs-ecr-40","status":"publish","type":"product","link":"https:\/\/wmtbaltic.lv\/en\/product\/cyklos-elektriskais-sturu-apalotajs-ecr-40\/","title":{"rendered":"CYKLOS  elektriskais st\u016bru apa\u013cot\u0101js ECR 40"},"content":{"rendered":"<p><strong>CYKLOS\u00a0 elektruskais st\u016bru apa\u013cot\u0101js ECR 40<\/strong><\/p>\n<p>Elektrisk\u0101 st\u016bra noapa\u013co\u0161anas iek\u0101rta, kas apvienota ar kalend\u0101ra pusm\u0113ness perforatoru ERC40<\/p>\n<p>T\u0101 balst\u0101s uz veiksm\u012bgo CCR 40 manu\u0101lo noapa\u013co\u0161anas iek\u0101rtu, m\u0113s uzlabojam \u0161o elektrisko versiju, pievienojot \u012bpsa\u0161i izstr\u0101d\u0101tu pusm\u0113ness r\u012bku, ko izmanto kalend\u0101ra ra\u017eo\u0161an\u0101.<\/p>\n<p><strong>Tehniskie parametri:<\/strong><\/p>\n<ul>\n<li>Darba platums 520 mm<\/li>\n<li>Min.\/ max. pap\u012bra izm\u0113rs 85 x55 mm (viz\u012btkarte)<\/li>\n<li>Max. kalend\u0101ra\u00a0 platums\u00a0 500 mm<\/li>\n<li>R\u0101diuss: 4mm, 6mm, 9mm, 12mm, 18mm<\/li>\n<li>Iek\u0101rtas izm\u0113ri: 570 X965 X385 cm<\/li>\n<li>Svars:54kg (netto) \/ 58 (brutto)<\/li>\n<\/ul>\n<p>&nbsp;<\/p>\n<iframe loading=\"lazy\"  id=\"_ytid_80255\"  width=\"780\" height=\"439\"  data-origwidth=\"780\" data-origheight=\"439\" src=\"https:\/\/www.youtube.com\/embed\/F9g2J3m8hqo?enablejsapi=1&autoplay=0&cc_load_policy=0&cc_lang_pref=&iv_load_policy=1&loop=0&rel=1&fs=1&playsinline=0&autohide=2&theme=dark&color=red&controls=1&disablekb=0&\" class=\"__youtube_prefs__  no-lazyload\" title=\"YouTube player\"  allow=\"fullscreen; accelerometer; autoplay; clipboard-write; encrypted-media; gyroscope; picture-in-picture; web-share\" referrerpolicy=\"strict-origin-when-cross-origin\" allowfullscreen data-no-lazy=\"1\" data-skipgform_ajax_framebjll=\"\"><\/iframe>\n","protected":false},"excerpt":{"rendered":"CYKLOS\u00a0 elektruskais st\u016bru apa\u013cot\u0101js ECR 40 Elektrisk\u0101 st\u016bra noapa\u013co\u0161anas iek\u0101rta, kas apvienota ar kalend\u0101ra pusm\u0113ness perforatoru ERC40 T\u0101 balst\u0101s uz veiksm\u012bgo CCR 40 manu\u0101lo noapa\u013co\u0161anas iek\u0101rtu, m\u0113s uzlabojam \u0161o elektrisko versiju, pievienojot \u012bpsa\u0161i izstr\u0101d\u0101tu pusm\u0113ness r\u012bku, ko izmanto kalend\u0101ra ra\u017eo\u0161an\u0101. Tehniskie parametri: Darba platums 520 mm Min.\/ max. pap\u012bra izm\u0113rs 85 x55 mm (viz\u012btkarte) Max. [...]","protected":false},"featured_media":15000,"comment_status":"closed","ping_status":"closed","template":"","meta":[],"product_brand":[],"product_cat":[426,71,258],"product_tag":[719,718,721],"class_list":{"0":"post-14997","1":"product","2":"type-product","3":"status-publish","4":"has-post-thumbnail","6":"product_cat-cyklos","7":"product_cat-griesana-locisana-rievosana","8":"product_cat-iekartas-un-izejmateriali","9":"product_tag-cyklos","10":"product_tag-ierice","11":"product_tag-sturu-apalotajs","13":"first","14":"instock","15":"shipping-taxable","16":"purchasable","17":"product-type-simple"},"yoast_head":"<!-- This site is optimized with the Yoast SEO plugin v27.4 - https:\/\/yoast.com\/product\/yoast-seo-wordpress\/ -->\n<title>CYKLOS elektriskais st\u016bru apa\u013cot\u0101js ECR 40 - WMT Baltic<\/title>\n<meta name=\"description\" content=\"Elektrisk\u0101 st\u016bra noapa\u013co\u0161anas iek\u0101rta, kas apvienota ar kalend\u0101ra pusm\u0113ness perforatoru ERC40\" \/>\n<meta name=\"robots\" content=\"index, follow, max-snippet:-1, max-image-preview:large, max-video-preview:-1\" \/>\n<link rel=\"canonical\" href=\"https:\/\/wmtbaltic.lv\/Produkts\/cyklos-elektriskais-sturu-apalotajs-ecr-40\/\" \/>\n<meta property=\"og:locale\" content=\"en_US\" \/>\n<meta property=\"og:type\" content=\"article\" \/>\n<meta property=\"og:title\" content=\"CYKLOS elektriskais st\u016bru apa\u013cot\u0101js ECR 40 - WMT Baltic\" \/>\n<meta property=\"og:description\" content=\"Elektrisk\u0101 st\u016bra noapa\u013co\u0161anas iek\u0101rta, kas apvienota ar kalend\u0101ra pusm\u0113ness perforatoru ERC40\" \/>\n<meta property=\"og:url\" content=\"https:\/\/wmtbaltic.lv\/Produkts\/cyklos-elektriskais-sturu-apalotajs-ecr-40\/\" \/>\n<meta property=\"og:site_name\" content=\"WMT Baltic\" \/>\n<meta property=\"article:publisher\" content=\"https:\/\/www.facebook.com\/WMT.Baltic.viscom\/?locale=lv_LV\" \/>\n<meta property=\"article:modified_time\" content=\"2023-08-11T07:08:34+00:00\" \/>\n<meta property=\"og:image\" content=\"http:\/\/wmtbaltic.lv\/wp-content\/uploads\/2023\/08\/ECR-40-2f45cb5d-1.jpg\" \/>\n\t<meta property=\"og:image:width\" content=\"824\" \/>\n\t<meta property=\"og:image:height\" content=\"572\" \/>\n\t<meta property=\"og:image:type\" content=\"image\/jpeg\" \/>\n<meta name=\"twitter:card\" content=\"summary_large_image\" \/>\n<meta name=\"twitter:label1\" content=\"Est. reading time\" \/>\n\t<meta name=\"twitter:data1\" content=\"1 minute\" \/>\n<script type=\"application\/ld+json\" class=\"yoast-schema-graph\">{\"@context\":\"https:\\\/\\\/schema.org\",\"@graph\":[{\"@type\":\"WebPage\",\"@id\":\"https:\\\/\\\/wmtbaltic.lv\\\/Produkts\\\/cyklos-elektriskais-sturu-apalotajs-ecr-40\\\/\",\"url\":\"https:\\\/\\\/wmtbaltic.lv\\\/Produkts\\\/cyklos-elektriskais-sturu-apalotajs-ecr-40\\\/\",\"name\":\"CYKLOS elektriskais st\u016bru apa\u013cot\u0101js ECR 40 - WMT Baltic\",\"isPartOf\":{\"@id\":\"https:\\\/\\\/wmtbaltic.lv\\\/#website\"},\"primaryImageOfPage\":{\"@id\":\"https:\\\/\\\/wmtbaltic.lv\\\/Produkts\\\/cyklos-elektriskais-sturu-apalotajs-ecr-40\\\/#primaryimage\"},\"image\":{\"@id\":\"https:\\\/\\\/wmtbaltic.lv\\\/Produkts\\\/cyklos-elektriskais-sturu-apalotajs-ecr-40\\\/#primaryimage\"},\"thumbnailUrl\":\"https:\\\/\\\/wmtbaltic.lv\\\/wp-content\\\/uploads\\\/2023\\\/08\\\/ECR-40-2f45cb5d-1.jpg\",\"datePublished\":\"2023-08-11T06:40:44+00:00\",\"dateModified\":\"2023-08-11T07:08:34+00:00\",\"description\":\"Elektrisk\u0101 st\u016bra noapa\u013co\u0161anas iek\u0101rta, kas apvienota ar kalend\u0101ra pusm\u0113ness perforatoru ERC40\",\"breadcrumb\":{\"@id\":\"https:\\\/\\\/wmtbaltic.lv\\\/Produkts\\\/cyklos-elektriskais-sturu-apalotajs-ecr-40\\\/#breadcrumb\"},\"inLanguage\":\"en-US\",\"potentialAction\":[{\"@type\":\"ReadAction\",\"target\":[\"https:\\\/\\\/wmtbaltic.lv\\\/Produkts\\\/cyklos-elektriskais-sturu-apalotajs-ecr-40\\\/\"]}]},{\"@type\":\"ImageObject\",\"inLanguage\":\"en-US\",\"@id\":\"https:\\\/\\\/wmtbaltic.lv\\\/Produkts\\\/cyklos-elektriskais-sturu-apalotajs-ecr-40\\\/#primaryimage\",\"url\":\"https:\\\/\\\/wmtbaltic.lv\\\/wp-content\\\/uploads\\\/2023\\\/08\\\/ECR-40-2f45cb5d-1.jpg\",\"contentUrl\":\"https:\\\/\\\/wmtbaltic.lv\\\/wp-content\\\/uploads\\\/2023\\\/08\\\/ECR-40-2f45cb5d-1.jpg\",\"width\":824,\"height\":572},{\"@type\":\"BreadcrumbList\",\"@id\":\"https:\\\/\\\/wmtbaltic.lv\\\/Produkts\\\/cyklos-elektriskais-sturu-apalotajs-ecr-40\\\/#breadcrumb\",\"itemListElement\":[{\"@type\":\"ListItem\",\"position\":1,\"name\":\"Home\",\"item\":\"https:\\\/\\\/wmtbaltic.lv\\\/en\\\/\"},{\"@type\":\"ListItem\",\"position\":2,\"name\":\"Products\",\"item\":\"https:\\\/\\\/wmtbaltic.lv\\\/en\\\/shop\\\/\"},{\"@type\":\"ListItem\",\"position\":3,\"name\":\"CYKLOS elektriskais st\u016bru apa\u013cot\u0101js ECR 40\"}]},{\"@type\":\"WebSite\",\"@id\":\"https:\\\/\\\/wmtbaltic.lv\\\/#website\",\"url\":\"https:\\\/\\\/wmtbaltic.lv\\\/\",\"name\":\"WMT Baltic\",\"description\":\"Rekl\u0101mas produkti, pl\u0113ves\",\"publisher\":{\"@id\":\"https:\\\/\\\/wmtbaltic.lv\\\/#organization\"},\"potentialAction\":[{\"@type\":\"SearchAction\",\"target\":{\"@type\":\"EntryPoint\",\"urlTemplate\":\"https:\\\/\\\/wmtbaltic.lv\\\/?s={search_term_string}\"},\"query-input\":{\"@type\":\"PropertyValueSpecification\",\"valueRequired\":true,\"valueName\":\"search_term_string\"}}],\"inLanguage\":\"en-US\"},{\"@type\":\"Organization\",\"@id\":\"https:\\\/\\\/wmtbaltic.lv\\\/#organization\",\"name\":\"WMT Baltic\",\"url\":\"https:\\\/\\\/wmtbaltic.lv\\\/\",\"logo\":{\"@type\":\"ImageObject\",\"inLanguage\":\"en-US\",\"@id\":\"https:\\\/\\\/wmtbaltic.lv\\\/#\\\/schema\\\/logo\\\/image\\\/\",\"url\":\"https:\\\/\\\/wmtbaltic.lv\\\/wp-content\\\/uploads\\\/2024\\\/12\\\/wmt-baltic-sia_107142_9_420x180.jpg\",\"contentUrl\":\"https:\\\/\\\/wmtbaltic.lv\\\/wp-content\\\/uploads\\\/2024\\\/12\\\/wmt-baltic-sia_107142_9_420x180.jpg\",\"width\":420,\"height\":180,\"caption\":\"WMT Baltic\"},\"image\":{\"@id\":\"https:\\\/\\\/wmtbaltic.lv\\\/#\\\/schema\\\/logo\\\/image\\\/\"},\"sameAs\":[\"https:\\\/\\\/www.facebook.com\\\/WMT.Baltic.viscom\\\/?locale=lv_LV\",\"https:\\\/\\\/www.instagram.com\\\/viscom_wmt\\\/\"]}]}<\/script>\n<!-- \/ Yoast SEO plugin. -->","yoast_head_json":{"title":"CYKLOS elektriskais st\u016bru apa\u013cot\u0101js ECR 40 - WMT Baltic","description":"Elektrisk\u0101 st\u016bra noapa\u013co\u0161anas iek\u0101rta, kas apvienota ar kalend\u0101ra pusm\u0113ness perforatoru ERC40","robots":{"index":"index","follow":"follow","max-snippet":"max-snippet:-1","max-image-preview":"max-image-preview:large","max-video-preview":"max-video-preview:-1"},"canonical":"https:\/\/wmtbaltic.lv\/Produkts\/cyklos-elektriskais-sturu-apalotajs-ecr-40\/","og_locale":"en_US","og_type":"article","og_title":"CYKLOS elektriskais st\u016bru apa\u013cot\u0101js ECR 40 - WMT Baltic","og_description":"Elektrisk\u0101 st\u016bra noapa\u013co\u0161anas iek\u0101rta, kas apvienota ar kalend\u0101ra pusm\u0113ness perforatoru ERC40","og_url":"https:\/\/wmtbaltic.lv\/Produkts\/cyklos-elektriskais-sturu-apalotajs-ecr-40\/","og_site_name":"WMT Baltic","article_publisher":"https:\/\/www.facebook.com\/WMT.Baltic.viscom\/?locale=lv_LV","article_modified_time":"2023-08-11T07:08:34+00:00","og_image":[{"width":824,"height":572,"url":"http:\/\/wmtbaltic.lv\/wp-content\/uploads\/2023\/08\/ECR-40-2f45cb5d-1.jpg","type":"image\/jpeg"}],"twitter_card":"summary_large_image","twitter_misc":{"Est. reading time":"1 minute"},"schema":{"@context":"https:\/\/schema.org","@graph":[{"@type":"WebPage","@id":"https:\/\/wmtbaltic.lv\/Produkts\/cyklos-elektriskais-sturu-apalotajs-ecr-40\/","url":"https:\/\/wmtbaltic.lv\/Produkts\/cyklos-elektriskais-sturu-apalotajs-ecr-40\/","name":"CYKLOS elektriskais st\u016bru apa\u013cot\u0101js ECR 40 - WMT Baltic","isPartOf":{"@id":"https:\/\/wmtbaltic.lv\/#website"},"primaryImageOfPage":{"@id":"https:\/\/wmtbaltic.lv\/Produkts\/cyklos-elektriskais-sturu-apalotajs-ecr-40\/#primaryimage"},"image":{"@id":"https:\/\/wmtbaltic.lv\/Produkts\/cyklos-elektriskais-sturu-apalotajs-ecr-40\/#primaryimage"},"thumbnailUrl":"https:\/\/wmtbaltic.lv\/wp-content\/uploads\/2023\/08\/ECR-40-2f45cb5d-1.jpg","datePublished":"2023-08-11T06:40:44+00:00","dateModified":"2023-08-11T07:08:34+00:00","description":"Elektrisk\u0101 st\u016bra noapa\u013co\u0161anas iek\u0101rta, kas apvienota ar kalend\u0101ra pusm\u0113ness perforatoru ERC40","breadcrumb":{"@id":"https:\/\/wmtbaltic.lv\/Produkts\/cyklos-elektriskais-sturu-apalotajs-ecr-40\/#breadcrumb"},"inLanguage":"en-US","potentialAction":[{"@type":"ReadAction","target":["https:\/\/wmtbaltic.lv\/Produkts\/cyklos-elektriskais-sturu-apalotajs-ecr-40\/"]}]},{"@type":"ImageObject","inLanguage":"en-US","@id":"https:\/\/wmtbaltic.lv\/Produkts\/cyklos-elektriskais-sturu-apalotajs-ecr-40\/#primaryimage","url":"https:\/\/wmtbaltic.lv\/wp-content\/uploads\/2023\/08\/ECR-40-2f45cb5d-1.jpg","contentUrl":"https:\/\/wmtbaltic.lv\/wp-content\/uploads\/2023\/08\/ECR-40-2f45cb5d-1.jpg","width":824,"height":572},{"@type":"BreadcrumbList","@id":"https:\/\/wmtbaltic.lv\/Produkts\/cyklos-elektriskais-sturu-apalotajs-ecr-40\/#breadcrumb","itemListElement":[{"@type":"ListItem","position":1,"name":"Home","item":"https:\/\/wmtbaltic.lv\/en\/"},{"@type":"ListItem","position":2,"name":"Products","item":"https:\/\/wmtbaltic.lv\/en\/shop\/"},{"@type":"ListItem","position":3,"name":"CYKLOS elektriskais st\u016bru apa\u013cot\u0101js ECR 40"}]},{"@type":"WebSite","@id":"https:\/\/wmtbaltic.lv\/#website","url":"https:\/\/wmtbaltic.lv\/","name":"WMT Baltic","description":"Rekl\u0101mas produkti, pl\u0113ves","publisher":{"@id":"https:\/\/wmtbaltic.lv\/#organization"},"potentialAction":[{"@type":"SearchAction","target":{"@type":"EntryPoint","urlTemplate":"https:\/\/wmtbaltic.lv\/?s={search_term_string}"},"query-input":{"@type":"PropertyValueSpecification","valueRequired":true,"valueName":"search_term_string"}}],"inLanguage":"en-US"},{"@type":"Organization","@id":"https:\/\/wmtbaltic.lv\/#organization","name":"WMT Baltic","url":"https:\/\/wmtbaltic.lv\/","logo":{"@type":"ImageObject","inLanguage":"en-US","@id":"https:\/\/wmtbaltic.lv\/#\/schema\/logo\/image\/","url":"https:\/\/wmtbaltic.lv\/wp-content\/uploads\/2024\/12\/wmt-baltic-sia_107142_9_420x180.jpg","contentUrl":"https:\/\/wmtbaltic.lv\/wp-content\/uploads\/2024\/12\/wmt-baltic-sia_107142_9_420x180.jpg","width":420,"height":180,"caption":"WMT Baltic"},"image":{"@id":"https:\/\/wmtbaltic.lv\/#\/schema\/logo\/image\/"},"sameAs":["https:\/\/www.facebook.com\/WMT.Baltic.viscom\/?locale=lv_LV","https:\/\/www.instagram.com\/viscom_wmt\/"]}]}},"_links":{"self":[{"href":"https:\/\/wmtbaltic.lv\/en\/wp-json\/wp\/v2\/product\/14997","targetHints":{"allow":["GET"]}}],"collection":[{"href":"https:\/\/wmtbaltic.lv\/en\/wp-json\/wp\/v2\/product"}],"about":[{"href":"https:\/\/wmtbaltic.lv\/en\/wp-json\/wp\/v2\/types\/product"}],"replies":[{"embeddable":true,"href":"https:\/\/wmtbaltic.lv\/en\/wp-json\/wp\/v2\/comments?post=14997"}],"wp:featuredmedia":[{"embeddable":true,"href":"https:\/\/wmtbaltic.lv\/en\/wp-json\/wp\/v2\/media\/15000"}],"wp:attachment":[{"href":"https:\/\/wmtbaltic.lv\/en\/wp-json\/wp\/v2\/media?parent=14997"}],"wp:term":[{"taxonomy":"product_brand","embeddable":true,"href":"https:\/\/wmtbaltic.lv\/en\/wp-json\/wp\/v2\/product_brand?post=14997"},{"taxonomy":"product_cat","embeddable":true,"href":"https:\/\/wmtbaltic.lv\/en\/wp-json\/wp\/v2\/product_cat?post=14997"},{"taxonomy":"product_tag","embeddable":true,"href":"https:\/\/wmtbaltic.lv\/en\/wp-json\/wp\/v2\/product_tag?post=14997"}],"curies":[{"name":"wp","href":"https:\/\/api.w.org\/{rel}","templated":true}]}}