{"id":1478,"date":"2020-07-23T09:10:19","date_gmt":"2020-07-23T09:10:19","guid":{"rendered":"http:\/\/wmtbaltic.lv\/\/?post_type=product&#038;p=1478"},"modified":"2025-04-04T09:41:54","modified_gmt":"2025-04-04T09:41:54","slug":"komacel-pvh-loksnes-ar-glanceto-cieto-virsmu-19mm-3000x1560mm","status":"publish","type":"product","link":"https:\/\/wmtbaltic.lv\/en\/product\/komacel-pvh-loksnes-ar-glanceto-cieto-virsmu-19mm-3000x1560mm\/","title":{"rendered":"K\u00f6maCEL PVC loksnes ar glanc\u0113to virsmu. 3000x1560x19mm"},"content":{"rendered":"<p align=\"justify\"><strong>Materi\u0101la pielietojums<\/strong><\/p>\n<p align=\"justify\">R\u0101d\u012bt\u0101ju, pl\u0101k\u0161\u0146u un telpisko burtu izgatavo\u0161ana. Interjera, skatlogu un izst\u0101\u017eu stendu noform\u0113\u0161ana, iek\u0161telpu un telpu ar paaugstin\u0101tu mitrumu apdare, ai\u013cu aizpild\u012b\u0161ana. Telpisko mode\u013cu izgatavo\u0161ana, m\u0113be\u013cu ra\u017eo\u0161ana, ra\u017eo\u0161anas un diagnostisko iek\u0101rtu izgatavo\u0161ana.<\/p>\n<p align=\"justify\"><strong>Materi\u0101la kr\u0101sa <\/strong>balta<\/p>\n<div><strong><a href=\"http:\/\/wmtbaltic.lv\/\/wp-content\/uploads\/2020\/07\/KOMACEL.pdf\" target=\"_blank\" rel=\"noopener noreferrer\"><img loading=\"lazy\" decoding=\"async\" class=\"alignnone size-full wp-image-914\" src=\"http:\/\/wmtbaltic.lv\/\/wp-content\/uploads\/2020\/07\/pdf-1.png\" alt=\"\" width=\"30\" height=\"36\" \/><\/a><a href=\"http:\/\/wmtbaltic.lv\/\/wp-content\/uploads\/2020\/07\/KOMACEL.pdf\" target=\"_blank\" rel=\"noopener noreferrer\">Tehniskais apraksts<\/a><\/strong><\/div>\n","protected":false},"excerpt":{"rendered":"<p align=\"justify\"><strong><span style=\"font-size: small;\">K\u00f6maCel putotas PVH loksnes ar glanc\u0113tu virsmu<\/span><\/strong><\/p>\r\n<p align=\"justify\">Balts sint\u0113tisks PVC materi\u0101ls ar putotu iek\u0161\u0113jo strukt\u016bru un abpus\u0113ji piepres\u0113tu stingru, glanc\u0113tu virsmu. Materi\u0101lam piem\u012bt izcila notur\u012bba pret mitruma, \u0137imik\u0101liju, un UV starojuma iedarb\u012bbu. PVC K\u00f6maCel loksn\u0113m ir labas ska\u0146as un siltumizol\u0101cijas \u012bpa\u0161\u012bbas.<\/p>\r\n&nbsp;","protected":false},"featured_media":13785,"comment_status":"closed","ping_status":"closed","template":"","meta":[],"product_brand":[],"product_cat":[105],"product_tag":[1205,1206,595,1207,1208,1152,844,1166,1165,1069],"class_list":{"0":"post-1478","1":"product","2":"type-product","3":"status-publish","4":"has-post-thumbnail","6":"product_cat-putotais-pvh-balts","7":"product_tag-19mm","8":"product_tag-biezs-plastikats","9":"product_tag-buvplastikati","10":"product_tag-celtnicibai","11":"product_tag-komacel","12":"product_tag-loksnes","13":"product_tag-pvc","14":"product_tag-pvc-komacel","15":"product_tag-pvc-materials","16":"product_tag-pvh","18":"first","19":"instock","20":"shipping-taxable","21":"purchasable","22":"product-type-simple"},"yoast_head":"<!-- This site is optimized with the Yoast SEO plugin v27.4 - https:\/\/yoast.com\/product\/yoast-seo-wordpress\/ -->\n<title>K\u00f6maCEL PVC loksnes ar glanc\u0113to virsmu 19mm, 3000x1560mm<\/title>\n<meta name=\"description\" content=\"Balts sint\u0113tisks PVC materi\u0101ls ar putotu iek\u0161\u0113jo strukt\u016bru un abpus\u0113ji piepres\u0113tu stingru, glanc\u0113tu virsmu. Materi\u0101lam piem\u012bt izcila notur\u012bba pret mitruma, \u0137imik\u0101liju, un UV starojuma iedarb\u012bbu. PVC K\u00f6maCel loksn\u0113m ir labas ska\u0146as un siltumizol\u0101cijas \u012bpa\u0161\u012bbas.\" \/>\n<meta name=\"robots\" content=\"index, follow, max-snippet:-1, max-image-preview:large, max-video-preview:-1\" \/>\n<link rel=\"canonical\" href=\"https:\/\/wmtbaltic.lv\/product\/komacel-pvh-loksnes-ar-glanceto-cieto-virsmu-19mm-3000x1560mm\/\" \/>\n<meta property=\"og:locale\" content=\"en_US\" \/>\n<meta property=\"og:type\" content=\"article\" \/>\n<meta property=\"og:title\" content=\"K\u00f6maCEL PVC loksnes ar glanc\u0113to virsmu 19mm, 3000x1560mm\" \/>\n<meta property=\"og:description\" content=\"Balts sint\u0113tisks PVC materi\u0101ls ar putotu iek\u0161\u0113jo strukt\u016bru un abpus\u0113ji piepres\u0113tu stingru, glanc\u0113tu virsmu. Materi\u0101lam piem\u012bt izcila notur\u012bba pret mitruma, \u0137imik\u0101liju, un UV starojuma iedarb\u012bbu. PVC K\u00f6maCel loksn\u0113m ir labas ska\u0146as un siltumizol\u0101cijas \u012bpa\u0161\u012bbas.\" \/>\n<meta property=\"og:url\" content=\"https:\/\/wmtbaltic.lv\/product\/komacel-pvh-loksnes-ar-glanceto-cieto-virsmu-19mm-3000x1560mm\/\" \/>\n<meta property=\"og:site_name\" content=\"WMT Baltic\" \/>\n<meta property=\"article:publisher\" content=\"https:\/\/www.facebook.com\/WMT.Baltic.viscom\/?locale=lv_LV\" \/>\n<meta property=\"article:modified_time\" content=\"2025-04-04T09:41:54+00:00\" \/>\n<meta property=\"og:image\" content=\"http:\/\/wmtbaltic.lv\/wp-content\/uploads\/2020\/07\/pvh_-wmtbaltic.jpg\" \/>\n\t<meta property=\"og:image:width\" content=\"440\" \/>\n\t<meta property=\"og:image:height\" content=\"330\" \/>\n\t<meta property=\"og:image:type\" content=\"image\/jpeg\" \/>\n<meta name=\"twitter:card\" content=\"summary_large_image\" \/>\n<meta name=\"twitter:label1\" content=\"Est. reading time\" \/>\n\t<meta name=\"twitter:data1\" content=\"1 minute\" \/>\n<script type=\"application\/ld+json\" class=\"yoast-schema-graph\">{\"@context\":\"https:\\\/\\\/schema.org\",\"@graph\":[{\"@type\":\"WebPage\",\"@id\":\"https:\\\/\\\/wmtbaltic.lv\\\/product\\\/komacel-pvh-loksnes-ar-glanceto-cieto-virsmu-19mm-3000x1560mm\\\/\",\"url\":\"https:\\\/\\\/wmtbaltic.lv\\\/product\\\/komacel-pvh-loksnes-ar-glanceto-cieto-virsmu-19mm-3000x1560mm\\\/\",\"name\":\"K\u00f6maCEL PVC loksnes ar glanc\u0113to virsmu 19mm, 3000x1560mm\",\"isPartOf\":{\"@id\":\"https:\\\/\\\/wmtbaltic.lv\\\/#website\"},\"primaryImageOfPage\":{\"@id\":\"https:\\\/\\\/wmtbaltic.lv\\\/product\\\/komacel-pvh-loksnes-ar-glanceto-cieto-virsmu-19mm-3000x1560mm\\\/#primaryimage\"},\"image\":{\"@id\":\"https:\\\/\\\/wmtbaltic.lv\\\/product\\\/komacel-pvh-loksnes-ar-glanceto-cieto-virsmu-19mm-3000x1560mm\\\/#primaryimage\"},\"thumbnailUrl\":\"https:\\\/\\\/wmtbaltic.lv\\\/wp-content\\\/uploads\\\/2020\\\/07\\\/pvh_-wmtbaltic.jpg\",\"datePublished\":\"2020-07-23T09:10:19+00:00\",\"dateModified\":\"2025-04-04T09:41:54+00:00\",\"description\":\"Balts sint\u0113tisks PVC materi\u0101ls ar putotu iek\u0161\u0113jo strukt\u016bru un abpus\u0113ji piepres\u0113tu stingru, glanc\u0113tu virsmu. Materi\u0101lam piem\u012bt izcila notur\u012bba pret mitruma, \u0137imik\u0101liju, un UV starojuma iedarb\u012bbu. PVC K\u00f6maCel loksn\u0113m ir labas ska\u0146as un siltumizol\u0101cijas \u012bpa\u0161\u012bbas.\",\"breadcrumb\":{\"@id\":\"https:\\\/\\\/wmtbaltic.lv\\\/product\\\/komacel-pvh-loksnes-ar-glanceto-cieto-virsmu-19mm-3000x1560mm\\\/#breadcrumb\"},\"inLanguage\":\"en-US\",\"potentialAction\":[{\"@type\":\"ReadAction\",\"target\":[\"https:\\\/\\\/wmtbaltic.lv\\\/product\\\/komacel-pvh-loksnes-ar-glanceto-cieto-virsmu-19mm-3000x1560mm\\\/\"]}]},{\"@type\":\"ImageObject\",\"inLanguage\":\"en-US\",\"@id\":\"https:\\\/\\\/wmtbaltic.lv\\\/product\\\/komacel-pvh-loksnes-ar-glanceto-cieto-virsmu-19mm-3000x1560mm\\\/#primaryimage\",\"url\":\"https:\\\/\\\/wmtbaltic.lv\\\/wp-content\\\/uploads\\\/2020\\\/07\\\/pvh_-wmtbaltic.jpg\",\"contentUrl\":\"https:\\\/\\\/wmtbaltic.lv\\\/wp-content\\\/uploads\\\/2020\\\/07\\\/pvh_-wmtbaltic.jpg\",\"width\":440,\"height\":330},{\"@type\":\"BreadcrumbList\",\"@id\":\"https:\\\/\\\/wmtbaltic.lv\\\/product\\\/komacel-pvh-loksnes-ar-glanceto-cieto-virsmu-19mm-3000x1560mm\\\/#breadcrumb\",\"itemListElement\":[{\"@type\":\"ListItem\",\"position\":1,\"name\":\"Home\",\"item\":\"https:\\\/\\\/wmtbaltic.lv\\\/en\\\/\"},{\"@type\":\"ListItem\",\"position\":2,\"name\":\"Products\",\"item\":\"https:\\\/\\\/wmtbaltic.lv\\\/en\\\/shop\\\/\"},{\"@type\":\"ListItem\",\"position\":3,\"name\":\"K\u00f6maCEL PVC loksnes ar glanc\u0113to virsmu. 3000x1560x19mm\"}]},{\"@type\":\"WebSite\",\"@id\":\"https:\\\/\\\/wmtbaltic.lv\\\/#website\",\"url\":\"https:\\\/\\\/wmtbaltic.lv\\\/\",\"name\":\"WMT Baltic\",\"description\":\"Rekl\u0101mas produkti, pl\u0113ves\",\"publisher\":{\"@id\":\"https:\\\/\\\/wmtbaltic.lv\\\/#organization\"},\"potentialAction\":[{\"@type\":\"SearchAction\",\"target\":{\"@type\":\"EntryPoint\",\"urlTemplate\":\"https:\\\/\\\/wmtbaltic.lv\\\/?s={search_term_string}\"},\"query-input\":{\"@type\":\"PropertyValueSpecification\",\"valueRequired\":true,\"valueName\":\"search_term_string\"}}],\"inLanguage\":\"en-US\"},{\"@type\":\"Organization\",\"@id\":\"https:\\\/\\\/wmtbaltic.lv\\\/#organization\",\"name\":\"WMT Baltic\",\"url\":\"https:\\\/\\\/wmtbaltic.lv\\\/\",\"logo\":{\"@type\":\"ImageObject\",\"inLanguage\":\"en-US\",\"@id\":\"https:\\\/\\\/wmtbaltic.lv\\\/#\\\/schema\\\/logo\\\/image\\\/\",\"url\":\"https:\\\/\\\/wmtbaltic.lv\\\/wp-content\\\/uploads\\\/2024\\\/12\\\/wmt-baltic-sia_107142_9_420x180.jpg\",\"contentUrl\":\"https:\\\/\\\/wmtbaltic.lv\\\/wp-content\\\/uploads\\\/2024\\\/12\\\/wmt-baltic-sia_107142_9_420x180.jpg\",\"width\":420,\"height\":180,\"caption\":\"WMT Baltic\"},\"image\":{\"@id\":\"https:\\\/\\\/wmtbaltic.lv\\\/#\\\/schema\\\/logo\\\/image\\\/\"},\"sameAs\":[\"https:\\\/\\\/www.facebook.com\\\/WMT.Baltic.viscom\\\/?locale=lv_LV\",\"https:\\\/\\\/www.instagram.com\\\/viscom_wmt\\\/\"]}]}<\/script>\n<!-- \/ Yoast SEO plugin. -->","yoast_head_json":{"title":"K\u00f6maCEL PVC loksnes ar glanc\u0113to virsmu 19mm, 3000x1560mm","description":"Balts sint\u0113tisks PVC materi\u0101ls ar putotu iek\u0161\u0113jo strukt\u016bru un abpus\u0113ji piepres\u0113tu stingru, glanc\u0113tu virsmu. Materi\u0101lam piem\u012bt izcila notur\u012bba pret mitruma, \u0137imik\u0101liju, un UV starojuma iedarb\u012bbu. PVC K\u00f6maCel loksn\u0113m ir labas ska\u0146as un siltumizol\u0101cijas \u012bpa\u0161\u012bbas.","robots":{"index":"index","follow":"follow","max-snippet":"max-snippet:-1","max-image-preview":"max-image-preview:large","max-video-preview":"max-video-preview:-1"},"canonical":"https:\/\/wmtbaltic.lv\/product\/komacel-pvh-loksnes-ar-glanceto-cieto-virsmu-19mm-3000x1560mm\/","og_locale":"en_US","og_type":"article","og_title":"K\u00f6maCEL PVC loksnes ar glanc\u0113to virsmu 19mm, 3000x1560mm","og_description":"Balts sint\u0113tisks PVC materi\u0101ls ar putotu iek\u0161\u0113jo strukt\u016bru un abpus\u0113ji piepres\u0113tu stingru, glanc\u0113tu virsmu. Materi\u0101lam piem\u012bt izcila notur\u012bba pret mitruma, \u0137imik\u0101liju, un UV starojuma iedarb\u012bbu. PVC K\u00f6maCel loksn\u0113m ir labas ska\u0146as un siltumizol\u0101cijas \u012bpa\u0161\u012bbas.","og_url":"https:\/\/wmtbaltic.lv\/product\/komacel-pvh-loksnes-ar-glanceto-cieto-virsmu-19mm-3000x1560mm\/","og_site_name":"WMT Baltic","article_publisher":"https:\/\/www.facebook.com\/WMT.Baltic.viscom\/?locale=lv_LV","article_modified_time":"2025-04-04T09:41:54+00:00","og_image":[{"width":440,"height":330,"url":"http:\/\/wmtbaltic.lv\/wp-content\/uploads\/2020\/07\/pvh_-wmtbaltic.jpg","type":"image\/jpeg"}],"twitter_card":"summary_large_image","twitter_misc":{"Est. reading time":"1 minute"},"schema":{"@context":"https:\/\/schema.org","@graph":[{"@type":"WebPage","@id":"https:\/\/wmtbaltic.lv\/product\/komacel-pvh-loksnes-ar-glanceto-cieto-virsmu-19mm-3000x1560mm\/","url":"https:\/\/wmtbaltic.lv\/product\/komacel-pvh-loksnes-ar-glanceto-cieto-virsmu-19mm-3000x1560mm\/","name":"K\u00f6maCEL PVC loksnes ar glanc\u0113to virsmu 19mm, 3000x1560mm","isPartOf":{"@id":"https:\/\/wmtbaltic.lv\/#website"},"primaryImageOfPage":{"@id":"https:\/\/wmtbaltic.lv\/product\/komacel-pvh-loksnes-ar-glanceto-cieto-virsmu-19mm-3000x1560mm\/#primaryimage"},"image":{"@id":"https:\/\/wmtbaltic.lv\/product\/komacel-pvh-loksnes-ar-glanceto-cieto-virsmu-19mm-3000x1560mm\/#primaryimage"},"thumbnailUrl":"https:\/\/wmtbaltic.lv\/wp-content\/uploads\/2020\/07\/pvh_-wmtbaltic.jpg","datePublished":"2020-07-23T09:10:19+00:00","dateModified":"2025-04-04T09:41:54+00:00","description":"Balts sint\u0113tisks PVC materi\u0101ls ar putotu iek\u0161\u0113jo strukt\u016bru un abpus\u0113ji piepres\u0113tu stingru, glanc\u0113tu virsmu. Materi\u0101lam piem\u012bt izcila notur\u012bba pret mitruma, \u0137imik\u0101liju, un UV starojuma iedarb\u012bbu. PVC K\u00f6maCel loksn\u0113m ir labas ska\u0146as un siltumizol\u0101cijas \u012bpa\u0161\u012bbas.","breadcrumb":{"@id":"https:\/\/wmtbaltic.lv\/product\/komacel-pvh-loksnes-ar-glanceto-cieto-virsmu-19mm-3000x1560mm\/#breadcrumb"},"inLanguage":"en-US","potentialAction":[{"@type":"ReadAction","target":["https:\/\/wmtbaltic.lv\/product\/komacel-pvh-loksnes-ar-glanceto-cieto-virsmu-19mm-3000x1560mm\/"]}]},{"@type":"ImageObject","inLanguage":"en-US","@id":"https:\/\/wmtbaltic.lv\/product\/komacel-pvh-loksnes-ar-glanceto-cieto-virsmu-19mm-3000x1560mm\/#primaryimage","url":"https:\/\/wmtbaltic.lv\/wp-content\/uploads\/2020\/07\/pvh_-wmtbaltic.jpg","contentUrl":"https:\/\/wmtbaltic.lv\/wp-content\/uploads\/2020\/07\/pvh_-wmtbaltic.jpg","width":440,"height":330},{"@type":"BreadcrumbList","@id":"https:\/\/wmtbaltic.lv\/product\/komacel-pvh-loksnes-ar-glanceto-cieto-virsmu-19mm-3000x1560mm\/#breadcrumb","itemListElement":[{"@type":"ListItem","position":1,"name":"Home","item":"https:\/\/wmtbaltic.lv\/en\/"},{"@type":"ListItem","position":2,"name":"Products","item":"https:\/\/wmtbaltic.lv\/en\/shop\/"},{"@type":"ListItem","position":3,"name":"K\u00f6maCEL PVC loksnes ar glanc\u0113to virsmu. 3000x1560x19mm"}]},{"@type":"WebSite","@id":"https:\/\/wmtbaltic.lv\/#website","url":"https:\/\/wmtbaltic.lv\/","name":"WMT Baltic","description":"Rekl\u0101mas produkti, pl\u0113ves","publisher":{"@id":"https:\/\/wmtbaltic.lv\/#organization"},"potentialAction":[{"@type":"SearchAction","target":{"@type":"EntryPoint","urlTemplate":"https:\/\/wmtbaltic.lv\/?s={search_term_string}"},"query-input":{"@type":"PropertyValueSpecification","valueRequired":true,"valueName":"search_term_string"}}],"inLanguage":"en-US"},{"@type":"Organization","@id":"https:\/\/wmtbaltic.lv\/#organization","name":"WMT Baltic","url":"https:\/\/wmtbaltic.lv\/","logo":{"@type":"ImageObject","inLanguage":"en-US","@id":"https:\/\/wmtbaltic.lv\/#\/schema\/logo\/image\/","url":"https:\/\/wmtbaltic.lv\/wp-content\/uploads\/2024\/12\/wmt-baltic-sia_107142_9_420x180.jpg","contentUrl":"https:\/\/wmtbaltic.lv\/wp-content\/uploads\/2024\/12\/wmt-baltic-sia_107142_9_420x180.jpg","width":420,"height":180,"caption":"WMT Baltic"},"image":{"@id":"https:\/\/wmtbaltic.lv\/#\/schema\/logo\/image\/"},"sameAs":["https:\/\/www.facebook.com\/WMT.Baltic.viscom\/?locale=lv_LV","https:\/\/www.instagram.com\/viscom_wmt\/"]}]}},"_links":{"self":[{"href":"https:\/\/wmtbaltic.lv\/en\/wp-json\/wp\/v2\/product\/1478","targetHints":{"allow":["GET"]}}],"collection":[{"href":"https:\/\/wmtbaltic.lv\/en\/wp-json\/wp\/v2\/product"}],"about":[{"href":"https:\/\/wmtbaltic.lv\/en\/wp-json\/wp\/v2\/types\/product"}],"replies":[{"embeddable":true,"href":"https:\/\/wmtbaltic.lv\/en\/wp-json\/wp\/v2\/comments?post=1478"}],"wp:featuredmedia":[{"embeddable":true,"href":"https:\/\/wmtbaltic.lv\/en\/wp-json\/wp\/v2\/media\/13785"}],"wp:attachment":[{"href":"https:\/\/wmtbaltic.lv\/en\/wp-json\/wp\/v2\/media?parent=1478"}],"wp:term":[{"taxonomy":"product_brand","embeddable":true,"href":"https:\/\/wmtbaltic.lv\/en\/wp-json\/wp\/v2\/product_brand?post=1478"},{"taxonomy":"product_cat","embeddable":true,"href":"https:\/\/wmtbaltic.lv\/en\/wp-json\/wp\/v2\/product_cat?post=1478"},{"taxonomy":"product_tag","embeddable":true,"href":"https:\/\/wmtbaltic.lv\/en\/wp-json\/wp\/v2\/product_tag?post=1478"}],"curies":[{"name":"wp","href":"https:\/\/api.w.org\/{rel}","templated":true}]}}