{"id":14677,"date":"2023-05-16T12:37:21","date_gmt":"2023-05-16T12:37:21","guid":{"rendered":"https:\/\/wmtbaltic.lv\/?post_type=product&#038;p=14677"},"modified":"2024-02-02T14:13:31","modified_gmt":"2024-02-02T14:13:31","slug":"l-30-finger-guard-nazis","status":"publish","type":"product","link":"https:\/\/wmtbaltic.lv\/en\/product\/l-30-finger-guard-nazis\/","title":{"rendered":"Finger Guard nazis"},"content":{"rendered":"<p>Nazis ar ergonomisku rokturi pirkstu aizsardz\u012bbai un grie\u0161anas dzi\u013cuma regul\u0113\u0161anai.<\/p>\n<p>Ar asme\u0146a fiks\u0101cijas meh\u0101nismu.<\/p>\n<p>Roktur\u012b 2 rezerves asme\u0146i.<\/p>\n","protected":false},"excerpt":{"rendered":"Nazis ar ergonomisku rokturi pirkstu aizsardz\u012bbai un grie\u0161anas dzi\u013cuma regul\u0113\u0161anai. Ar asme\u0146a fiks\u0101cijas meh\u0101nismu. Roktur\u012b 2 rezerves asme\u0146i.","protected":false},"featured_media":14681,"comment_status":"closed","ping_status":"closed","template":"","meta":[],"product_brand":[],"product_cat":[305,1361,206,309],"product_tag":[1233,1232,461],"class_list":{"0":"post-14677","1":"product","2":"type-product","3":"status-publish","4":"has-post-thumbnail","6":"product_cat-instrumenti-materialu-nonemsanai","7":"product_cat-izpardosana","8":"product_cat-nazi","9":"product_cat-nazi-un-lineali","10":"product_tag-finger-guard","11":"product_tag-l-30","12":"product_tag-nazis","14":"first","15":"instock","16":"sale","17":"shipping-taxable","18":"purchasable","19":"product-type-simple"},"yoast_head":"<!-- This site is optimized with the Yoast SEO plugin v27.4 - https:\/\/yoast.com\/product\/yoast-seo-wordpress\/ -->\n<title>Finger Guard nazis - WMT Baltic<\/title>\n<meta name=\"description\" content=\"Nazis ar ergonomisku rokturi pirkstu aizsardz\u012bbai un grie\u0161anas dzi\u013cuma regul\u0113\u0161anai.Ar asme\u0146a fiks\u0101cijas meh\u0101nismu.Roktur\u012b 2 rezerves asme\u0146i.\" \/>\n<meta name=\"robots\" content=\"index, follow, max-snippet:-1, max-image-preview:large, max-video-preview:-1\" \/>\n<link rel=\"canonical\" href=\"https:\/\/wmtbaltic.lv\/Produkts\/l-30-finger-guard-nazis\/\" \/>\n<meta property=\"og:locale\" content=\"en_US\" \/>\n<meta property=\"og:type\" content=\"article\" \/>\n<meta property=\"og:title\" content=\"Finger Guard nazis - WMT Baltic\" \/>\n<meta property=\"og:description\" content=\"Nazis ar ergonomisku rokturi pirkstu aizsardz\u012bbai un grie\u0161anas dzi\u013cuma regul\u0113\u0161anai.Ar asme\u0146a fiks\u0101cijas meh\u0101nismu.Roktur\u012b 2 rezerves asme\u0146i.\" \/>\n<meta property=\"og:url\" content=\"https:\/\/wmtbaltic.lv\/Produkts\/l-30-finger-guard-nazis\/\" \/>\n<meta property=\"og:site_name\" content=\"WMT Baltic\" \/>\n<meta property=\"article:publisher\" content=\"https:\/\/www.facebook.com\/WMT.Baltic.viscom\/?locale=lv_LV\" \/>\n<meta property=\"article:modified_time\" content=\"2024-02-02T14:13:31+00:00\" \/>\n<meta property=\"og:image\" content=\"http:\/\/wmtbaltic.lv\/wp-content\/uploads\/2023\/05\/L-30-1.jpg\" \/>\n\t<meta property=\"og:image:width\" content=\"976\" \/>\n\t<meta property=\"og:image:height\" content=\"711\" \/>\n\t<meta property=\"og:image:type\" content=\"image\/jpeg\" \/>\n<meta name=\"twitter:card\" content=\"summary_large_image\" \/>\n<meta name=\"twitter:label1\" content=\"Est. reading time\" \/>\n\t<meta name=\"twitter:data1\" content=\"1 minute\" \/>\n<script type=\"application\/ld+json\" class=\"yoast-schema-graph\">{\"@context\":\"https:\\\/\\\/schema.org\",\"@graph\":[{\"@type\":\"WebPage\",\"@id\":\"https:\\\/\\\/wmtbaltic.lv\\\/Produkts\\\/l-30-finger-guard-nazis\\\/\",\"url\":\"https:\\\/\\\/wmtbaltic.lv\\\/Produkts\\\/l-30-finger-guard-nazis\\\/\",\"name\":\"Finger Guard nazis - WMT Baltic\",\"isPartOf\":{\"@id\":\"https:\\\/\\\/wmtbaltic.lv\\\/#website\"},\"primaryImageOfPage\":{\"@id\":\"https:\\\/\\\/wmtbaltic.lv\\\/Produkts\\\/l-30-finger-guard-nazis\\\/#primaryimage\"},\"image\":{\"@id\":\"https:\\\/\\\/wmtbaltic.lv\\\/Produkts\\\/l-30-finger-guard-nazis\\\/#primaryimage\"},\"thumbnailUrl\":\"https:\\\/\\\/wmtbaltic.lv\\\/wp-content\\\/uploads\\\/2023\\\/05\\\/L-30-1.jpg\",\"datePublished\":\"2023-05-16T12:37:21+00:00\",\"dateModified\":\"2024-02-02T14:13:31+00:00\",\"description\":\"Nazis ar ergonomisku rokturi pirkstu aizsardz\u012bbai un grie\u0161anas dzi\u013cuma regul\u0113\u0161anai.Ar asme\u0146a fiks\u0101cijas meh\u0101nismu.Roktur\u012b 2 rezerves asme\u0146i.\",\"breadcrumb\":{\"@id\":\"https:\\\/\\\/wmtbaltic.lv\\\/Produkts\\\/l-30-finger-guard-nazis\\\/#breadcrumb\"},\"inLanguage\":\"en-US\",\"potentialAction\":[{\"@type\":\"ReadAction\",\"target\":[\"https:\\\/\\\/wmtbaltic.lv\\\/Produkts\\\/l-30-finger-guard-nazis\\\/\"]}]},{\"@type\":\"ImageObject\",\"inLanguage\":\"en-US\",\"@id\":\"https:\\\/\\\/wmtbaltic.lv\\\/Produkts\\\/l-30-finger-guard-nazis\\\/#primaryimage\",\"url\":\"https:\\\/\\\/wmtbaltic.lv\\\/wp-content\\\/uploads\\\/2023\\\/05\\\/L-30-1.jpg\",\"contentUrl\":\"https:\\\/\\\/wmtbaltic.lv\\\/wp-content\\\/uploads\\\/2023\\\/05\\\/L-30-1.jpg\",\"width\":976,\"height\":711},{\"@type\":\"BreadcrumbList\",\"@id\":\"https:\\\/\\\/wmtbaltic.lv\\\/Produkts\\\/l-30-finger-guard-nazis\\\/#breadcrumb\",\"itemListElement\":[{\"@type\":\"ListItem\",\"position\":1,\"name\":\"Home\",\"item\":\"https:\\\/\\\/wmtbaltic.lv\\\/en\\\/\"},{\"@type\":\"ListItem\",\"position\":2,\"name\":\"Products\",\"item\":\"https:\\\/\\\/wmtbaltic.lv\\\/en\\\/shop\\\/\"},{\"@type\":\"ListItem\",\"position\":3,\"name\":\"Finger Guard nazis\"}]},{\"@type\":\"WebSite\",\"@id\":\"https:\\\/\\\/wmtbaltic.lv\\\/#website\",\"url\":\"https:\\\/\\\/wmtbaltic.lv\\\/\",\"name\":\"WMT Baltic\",\"description\":\"Rekl\u0101mas produkti, pl\u0113ves\",\"publisher\":{\"@id\":\"https:\\\/\\\/wmtbaltic.lv\\\/#organization\"},\"potentialAction\":[{\"@type\":\"SearchAction\",\"target\":{\"@type\":\"EntryPoint\",\"urlTemplate\":\"https:\\\/\\\/wmtbaltic.lv\\\/?s={search_term_string}\"},\"query-input\":{\"@type\":\"PropertyValueSpecification\",\"valueRequired\":true,\"valueName\":\"search_term_string\"}}],\"inLanguage\":\"en-US\"},{\"@type\":\"Organization\",\"@id\":\"https:\\\/\\\/wmtbaltic.lv\\\/#organization\",\"name\":\"WMT Baltic\",\"url\":\"https:\\\/\\\/wmtbaltic.lv\\\/\",\"logo\":{\"@type\":\"ImageObject\",\"inLanguage\":\"en-US\",\"@id\":\"https:\\\/\\\/wmtbaltic.lv\\\/#\\\/schema\\\/logo\\\/image\\\/\",\"url\":\"https:\\\/\\\/wmtbaltic.lv\\\/wp-content\\\/uploads\\\/2024\\\/12\\\/wmt-baltic-sia_107142_9_420x180.jpg\",\"contentUrl\":\"https:\\\/\\\/wmtbaltic.lv\\\/wp-content\\\/uploads\\\/2024\\\/12\\\/wmt-baltic-sia_107142_9_420x180.jpg\",\"width\":420,\"height\":180,\"caption\":\"WMT Baltic\"},\"image\":{\"@id\":\"https:\\\/\\\/wmtbaltic.lv\\\/#\\\/schema\\\/logo\\\/image\\\/\"},\"sameAs\":[\"https:\\\/\\\/www.facebook.com\\\/WMT.Baltic.viscom\\\/?locale=lv_LV\",\"https:\\\/\\\/www.instagram.com\\\/viscom_wmt\\\/\"]}]}<\/script>\n<!-- \/ Yoast SEO plugin. -->","yoast_head_json":{"title":"Finger Guard nazis - WMT Baltic","description":"Nazis ar ergonomisku rokturi pirkstu aizsardz\u012bbai un grie\u0161anas dzi\u013cuma regul\u0113\u0161anai.Ar asme\u0146a fiks\u0101cijas meh\u0101nismu.Roktur\u012b 2 rezerves asme\u0146i.","robots":{"index":"index","follow":"follow","max-snippet":"max-snippet:-1","max-image-preview":"max-image-preview:large","max-video-preview":"max-video-preview:-1"},"canonical":"https:\/\/wmtbaltic.lv\/Produkts\/l-30-finger-guard-nazis\/","og_locale":"en_US","og_type":"article","og_title":"Finger Guard nazis - WMT Baltic","og_description":"Nazis ar ergonomisku rokturi pirkstu aizsardz\u012bbai un grie\u0161anas dzi\u013cuma regul\u0113\u0161anai.Ar asme\u0146a fiks\u0101cijas meh\u0101nismu.Roktur\u012b 2 rezerves asme\u0146i.","og_url":"https:\/\/wmtbaltic.lv\/Produkts\/l-30-finger-guard-nazis\/","og_site_name":"WMT Baltic","article_publisher":"https:\/\/www.facebook.com\/WMT.Baltic.viscom\/?locale=lv_LV","article_modified_time":"2024-02-02T14:13:31+00:00","og_image":[{"width":976,"height":711,"url":"http:\/\/wmtbaltic.lv\/wp-content\/uploads\/2023\/05\/L-30-1.jpg","type":"image\/jpeg"}],"twitter_card":"summary_large_image","twitter_misc":{"Est. reading time":"1 minute"},"schema":{"@context":"https:\/\/schema.org","@graph":[{"@type":"WebPage","@id":"https:\/\/wmtbaltic.lv\/Produkts\/l-30-finger-guard-nazis\/","url":"https:\/\/wmtbaltic.lv\/Produkts\/l-30-finger-guard-nazis\/","name":"Finger Guard nazis - WMT Baltic","isPartOf":{"@id":"https:\/\/wmtbaltic.lv\/#website"},"primaryImageOfPage":{"@id":"https:\/\/wmtbaltic.lv\/Produkts\/l-30-finger-guard-nazis\/#primaryimage"},"image":{"@id":"https:\/\/wmtbaltic.lv\/Produkts\/l-30-finger-guard-nazis\/#primaryimage"},"thumbnailUrl":"https:\/\/wmtbaltic.lv\/wp-content\/uploads\/2023\/05\/L-30-1.jpg","datePublished":"2023-05-16T12:37:21+00:00","dateModified":"2024-02-02T14:13:31+00:00","description":"Nazis ar ergonomisku rokturi pirkstu aizsardz\u012bbai un grie\u0161anas dzi\u013cuma regul\u0113\u0161anai.Ar asme\u0146a fiks\u0101cijas meh\u0101nismu.Roktur\u012b 2 rezerves asme\u0146i.","breadcrumb":{"@id":"https:\/\/wmtbaltic.lv\/Produkts\/l-30-finger-guard-nazis\/#breadcrumb"},"inLanguage":"en-US","potentialAction":[{"@type":"ReadAction","target":["https:\/\/wmtbaltic.lv\/Produkts\/l-30-finger-guard-nazis\/"]}]},{"@type":"ImageObject","inLanguage":"en-US","@id":"https:\/\/wmtbaltic.lv\/Produkts\/l-30-finger-guard-nazis\/#primaryimage","url":"https:\/\/wmtbaltic.lv\/wp-content\/uploads\/2023\/05\/L-30-1.jpg","contentUrl":"https:\/\/wmtbaltic.lv\/wp-content\/uploads\/2023\/05\/L-30-1.jpg","width":976,"height":711},{"@type":"BreadcrumbList","@id":"https:\/\/wmtbaltic.lv\/Produkts\/l-30-finger-guard-nazis\/#breadcrumb","itemListElement":[{"@type":"ListItem","position":1,"name":"Home","item":"https:\/\/wmtbaltic.lv\/en\/"},{"@type":"ListItem","position":2,"name":"Products","item":"https:\/\/wmtbaltic.lv\/en\/shop\/"},{"@type":"ListItem","position":3,"name":"Finger Guard nazis"}]},{"@type":"WebSite","@id":"https:\/\/wmtbaltic.lv\/#website","url":"https:\/\/wmtbaltic.lv\/","name":"WMT Baltic","description":"Rekl\u0101mas produkti, pl\u0113ves","publisher":{"@id":"https:\/\/wmtbaltic.lv\/#organization"},"potentialAction":[{"@type":"SearchAction","target":{"@type":"EntryPoint","urlTemplate":"https:\/\/wmtbaltic.lv\/?s={search_term_string}"},"query-input":{"@type":"PropertyValueSpecification","valueRequired":true,"valueName":"search_term_string"}}],"inLanguage":"en-US"},{"@type":"Organization","@id":"https:\/\/wmtbaltic.lv\/#organization","name":"WMT Baltic","url":"https:\/\/wmtbaltic.lv\/","logo":{"@type":"ImageObject","inLanguage":"en-US","@id":"https:\/\/wmtbaltic.lv\/#\/schema\/logo\/image\/","url":"https:\/\/wmtbaltic.lv\/wp-content\/uploads\/2024\/12\/wmt-baltic-sia_107142_9_420x180.jpg","contentUrl":"https:\/\/wmtbaltic.lv\/wp-content\/uploads\/2024\/12\/wmt-baltic-sia_107142_9_420x180.jpg","width":420,"height":180,"caption":"WMT Baltic"},"image":{"@id":"https:\/\/wmtbaltic.lv\/#\/schema\/logo\/image\/"},"sameAs":["https:\/\/www.facebook.com\/WMT.Baltic.viscom\/?locale=lv_LV","https:\/\/www.instagram.com\/viscom_wmt\/"]}]}},"_links":{"self":[{"href":"https:\/\/wmtbaltic.lv\/en\/wp-json\/wp\/v2\/product\/14677","targetHints":{"allow":["GET"]}}],"collection":[{"href":"https:\/\/wmtbaltic.lv\/en\/wp-json\/wp\/v2\/product"}],"about":[{"href":"https:\/\/wmtbaltic.lv\/en\/wp-json\/wp\/v2\/types\/product"}],"replies":[{"embeddable":true,"href":"https:\/\/wmtbaltic.lv\/en\/wp-json\/wp\/v2\/comments?post=14677"}],"wp:featuredmedia":[{"embeddable":true,"href":"https:\/\/wmtbaltic.lv\/en\/wp-json\/wp\/v2\/media\/14681"}],"wp:attachment":[{"href":"https:\/\/wmtbaltic.lv\/en\/wp-json\/wp\/v2\/media?parent=14677"}],"wp:term":[{"taxonomy":"product_brand","embeddable":true,"href":"https:\/\/wmtbaltic.lv\/en\/wp-json\/wp\/v2\/product_brand?post=14677"},{"taxonomy":"product_cat","embeddable":true,"href":"https:\/\/wmtbaltic.lv\/en\/wp-json\/wp\/v2\/product_cat?post=14677"},{"taxonomy":"product_tag","embeddable":true,"href":"https:\/\/wmtbaltic.lv\/en\/wp-json\/wp\/v2\/product_tag?post=14677"}],"curies":[{"name":"wp","href":"https:\/\/api.w.org\/{rel}","templated":true}]}}