{"id":14611,"date":"2023-04-04T07:31:32","date_gmt":"2023-04-04T07:31:32","guid":{"rendered":"https:\/\/wmtbaltic.lv\/?post_type=product&#038;p=14611"},"modified":"2023-04-04T07:31:34","modified_gmt":"2023-04-04T07:31:34","slug":"pvh-caurspidigs-antirefleks-mat-mat-biezums-030-mm-izmers-1000-%d1%85-1400mm","status":"publish","type":"product","link":"https:\/\/wmtbaltic.lv\/en\/product\/pvh-caurspidigs-antirefleks-mat-mat-biezums-030-mm-izmers-1000-%d1%85-1400mm\/","title":{"rendered":"PVH caursp\u012bd\u012bgs antirefleks mat.\/mat., Biezums 0,30 mm Izm\u0113rs 1000 \u0445 1400mm"},"content":{"rendered":"<p align=\"justify\">Caursp\u012bd\u012bgas, baltas vai kr\u0101sainas, mat\u0113tas vai glanc\u0113tas PVH vai PP loksnes. Ide\u0101ls materi\u0101ls iepakojuma izgatavo\u0161anai ar iesp\u0113jamo digit\u0101lo vai ofsetapdruku. Materi\u0101lam ir zems \u012bpatsvars un augsta termisk\u0101 iztur\u012bba, tas ir notur\u012bgs pret agres\u012bvo vielu iedarb\u012bbu, iztur vair\u0101kus miljonus loc\u012bjumu.<\/p>\n<p align=\"justify\"><strong>Materi\u0101la pielietojums<\/strong><\/p>\n<p align=\"justify\">Suven\u012bru, kancelejas pre\u010du, viz\u012btkar\u0161u un atlai\u017eu kar\u0161u ra\u017eo\u0161ana. Rekl\u0101mas produkcijas, plak\u0101tu, dekor\u0101ciju , cenr\u0101\u017eu un iepakojuma izgatavo\u0161ana.<\/p>\n<p align=\"justify\">\n","protected":false},"excerpt":{"rendered":"Caursp\u012bd\u012bgas, baltas vai kr\u0101sainas, mat\u0113tas vai glanc\u0113tas PVH vai PP loksnes. Ide\u0101ls materi\u0101ls iepakojuma izgatavo\u0161anai ar iesp\u0113jamo digit\u0101lo vai ofsetapdruku. Materi\u0101lam ir zems \u012bpatsvars un augsta termisk\u0101 iztur\u012bba, tas ir notur\u012bgs pret agres\u012bvo vielu iedarb\u012bbu, iztur vair\u0101kus miljonus loc\u012bjumu. Materi\u0101la pielietojums Suven\u012bru, kancelejas pre\u010du, viz\u012btkar\u0161u un atlai\u017eu kar\u0161u ra\u017eo\u0161ana. Rekl\u0101mas produkcijas, plak\u0101tu, dekor\u0101ciju , cenr\u0101\u017eu [...]","protected":false},"featured_media":14612,"comment_status":"closed","ping_status":"closed","template":"","meta":[],"product_brand":[],"product_cat":[31,100],"product_tag":[1231,1172,1069],"class_list":{"0":"post-14611","1":"product","2":"type-product","3":"status-publish","4":"has-post-thumbnail","6":"product_cat-loksnu-plastikati","7":"product_cat-planie-plastikati","8":"product_tag-loksnu-polipropilens","9":"product_tag-pp","10":"product_tag-pvh","12":"first","13":"instock","14":"shipping-taxable","15":"purchasable","16":"product-type-simple"},"yoast_head":"<!-- This site is optimized with the Yoast SEO plugin v27.4 - https:\/\/yoast.com\/product\/yoast-seo-wordpress\/ -->\n<title>PVH caursp\u012bd\u012bgs antirefleks mat.\/mat., Biezums 0,30 mm Izm\u0113rs 1000 \u0445 1400mm - WMT Baltic<\/title>\n<meta name=\"description\" content=\"Caursp\u012bd\u012bgas, baltas vai kr\u0101sainas, mat\u0113tas vai glanc\u0113tas PVH vai PP loksnes.\" \/>\n<meta name=\"robots\" content=\"index, follow, max-snippet:-1, max-image-preview:large, max-video-preview:-1\" \/>\n<link rel=\"canonical\" href=\"https:\/\/wmtbaltic.lv\/Produkts\/pvh-caurspidigs-antirefleks-mat-mat-biezums-030-mm-izmers-1000-\u0445-1400mm\/\" \/>\n<meta property=\"og:locale\" content=\"en_US\" \/>\n<meta property=\"og:type\" content=\"article\" \/>\n<meta property=\"og:title\" content=\"PVH caursp\u012bd\u012bgs antirefleks mat.\/mat., Biezums 0,30 mm Izm\u0113rs 1000 \u0445 1400mm - WMT Baltic\" \/>\n<meta property=\"og:description\" content=\"Caursp\u012bd\u012bgas, baltas vai kr\u0101sainas, mat\u0113tas vai glanc\u0113tas PVH vai PP loksnes.\" \/>\n<meta property=\"og:url\" content=\"https:\/\/wmtbaltic.lv\/Produkts\/pvh-caurspidigs-antirefleks-mat-mat-biezums-030-mm-izmers-1000-\u0445-1400mm\/\" \/>\n<meta property=\"og:site_name\" content=\"WMT Baltic\" \/>\n<meta property=\"article:publisher\" content=\"https:\/\/www.facebook.com\/WMT.Baltic.viscom\/?locale=lv_LV\" \/>\n<meta property=\"article:modified_time\" content=\"2023-04-04T07:31:34+00:00\" \/>\n<meta property=\"og:image\" content=\"http:\/\/wmtbaltic.lv\/wp-content\/uploads\/2023\/04\/easy_and_pack_PVC_pentaprint_planie_materiali.jpg\" \/>\n\t<meta property=\"og:image:width\" content=\"440\" \/>\n\t<meta property=\"og:image:height\" content=\"330\" \/>\n\t<meta property=\"og:image:type\" content=\"image\/jpeg\" \/>\n<meta name=\"twitter:card\" content=\"summary_large_image\" \/>\n<script type=\"application\/ld+json\" class=\"yoast-schema-graph\">{\"@context\":\"https:\\\/\\\/schema.org\",\"@graph\":[{\"@type\":\"WebPage\",\"@id\":\"https:\\\/\\\/wmtbaltic.lv\\\/Produkts\\\/pvh-caurspidigs-antirefleks-mat-mat-biezums-030-mm-izmers-1000-%d1%85-1400mm\\\/\",\"url\":\"https:\\\/\\\/wmtbaltic.lv\\\/Produkts\\\/pvh-caurspidigs-antirefleks-mat-mat-biezums-030-mm-izmers-1000-%d1%85-1400mm\\\/\",\"name\":\"PVH caursp\u012bd\u012bgs antirefleks mat.\\\/mat., Biezums 0,30 mm Izm\u0113rs 1000 \u0445 1400mm - WMT Baltic\",\"isPartOf\":{\"@id\":\"https:\\\/\\\/wmtbaltic.lv\\\/#website\"},\"primaryImageOfPage\":{\"@id\":\"https:\\\/\\\/wmtbaltic.lv\\\/Produkts\\\/pvh-caurspidigs-antirefleks-mat-mat-biezums-030-mm-izmers-1000-%d1%85-1400mm\\\/#primaryimage\"},\"image\":{\"@id\":\"https:\\\/\\\/wmtbaltic.lv\\\/Produkts\\\/pvh-caurspidigs-antirefleks-mat-mat-biezums-030-mm-izmers-1000-%d1%85-1400mm\\\/#primaryimage\"},\"thumbnailUrl\":\"https:\\\/\\\/wmtbaltic.lv\\\/wp-content\\\/uploads\\\/2023\\\/04\\\/easy_and_pack_PVC_pentaprint_planie_materiali.jpg\",\"datePublished\":\"2023-04-04T07:31:32+00:00\",\"dateModified\":\"2023-04-04T07:31:34+00:00\",\"description\":\"Caursp\u012bd\u012bgas, baltas vai kr\u0101sainas, mat\u0113tas vai glanc\u0113tas PVH vai PP loksnes.\",\"breadcrumb\":{\"@id\":\"https:\\\/\\\/wmtbaltic.lv\\\/Produkts\\\/pvh-caurspidigs-antirefleks-mat-mat-biezums-030-mm-izmers-1000-%d1%85-1400mm\\\/#breadcrumb\"},\"inLanguage\":\"en-US\",\"potentialAction\":[{\"@type\":\"ReadAction\",\"target\":[\"https:\\\/\\\/wmtbaltic.lv\\\/Produkts\\\/pvh-caurspidigs-antirefleks-mat-mat-biezums-030-mm-izmers-1000-%d1%85-1400mm\\\/\"]}]},{\"@type\":\"ImageObject\",\"inLanguage\":\"en-US\",\"@id\":\"https:\\\/\\\/wmtbaltic.lv\\\/Produkts\\\/pvh-caurspidigs-antirefleks-mat-mat-biezums-030-mm-izmers-1000-%d1%85-1400mm\\\/#primaryimage\",\"url\":\"https:\\\/\\\/wmtbaltic.lv\\\/wp-content\\\/uploads\\\/2023\\\/04\\\/easy_and_pack_PVC_pentaprint_planie_materiali.jpg\",\"contentUrl\":\"https:\\\/\\\/wmtbaltic.lv\\\/wp-content\\\/uploads\\\/2023\\\/04\\\/easy_and_pack_PVC_pentaprint_planie_materiali.jpg\",\"width\":440,\"height\":330},{\"@type\":\"BreadcrumbList\",\"@id\":\"https:\\\/\\\/wmtbaltic.lv\\\/Produkts\\\/pvh-caurspidigs-antirefleks-mat-mat-biezums-030-mm-izmers-1000-%d1%85-1400mm\\\/#breadcrumb\",\"itemListElement\":[{\"@type\":\"ListItem\",\"position\":1,\"name\":\"Home\",\"item\":\"https:\\\/\\\/wmtbaltic.lv\\\/en\\\/\"},{\"@type\":\"ListItem\",\"position\":2,\"name\":\"Products\",\"item\":\"https:\\\/\\\/wmtbaltic.lv\\\/en\\\/shop\\\/\"},{\"@type\":\"ListItem\",\"position\":3,\"name\":\"PVH caursp\u012bd\u012bgs antirefleks mat.\\\/mat., Biezums 0,30 mm Izm\u0113rs 1000 \u0445 1400mm\"}]},{\"@type\":\"WebSite\",\"@id\":\"https:\\\/\\\/wmtbaltic.lv\\\/#website\",\"url\":\"https:\\\/\\\/wmtbaltic.lv\\\/\",\"name\":\"WMT Baltic\",\"description\":\"Rekl\u0101mas produkti, pl\u0113ves\",\"publisher\":{\"@id\":\"https:\\\/\\\/wmtbaltic.lv\\\/#organization\"},\"potentialAction\":[{\"@type\":\"SearchAction\",\"target\":{\"@type\":\"EntryPoint\",\"urlTemplate\":\"https:\\\/\\\/wmtbaltic.lv\\\/?s={search_term_string}\"},\"query-input\":{\"@type\":\"PropertyValueSpecification\",\"valueRequired\":true,\"valueName\":\"search_term_string\"}}],\"inLanguage\":\"en-US\"},{\"@type\":\"Organization\",\"@id\":\"https:\\\/\\\/wmtbaltic.lv\\\/#organization\",\"name\":\"WMT Baltic\",\"url\":\"https:\\\/\\\/wmtbaltic.lv\\\/\",\"logo\":{\"@type\":\"ImageObject\",\"inLanguage\":\"en-US\",\"@id\":\"https:\\\/\\\/wmtbaltic.lv\\\/#\\\/schema\\\/logo\\\/image\\\/\",\"url\":\"https:\\\/\\\/wmtbaltic.lv\\\/wp-content\\\/uploads\\\/2024\\\/12\\\/wmt-baltic-sia_107142_9_420x180.jpg\",\"contentUrl\":\"https:\\\/\\\/wmtbaltic.lv\\\/wp-content\\\/uploads\\\/2024\\\/12\\\/wmt-baltic-sia_107142_9_420x180.jpg\",\"width\":420,\"height\":180,\"caption\":\"WMT Baltic\"},\"image\":{\"@id\":\"https:\\\/\\\/wmtbaltic.lv\\\/#\\\/schema\\\/logo\\\/image\\\/\"},\"sameAs\":[\"https:\\\/\\\/www.facebook.com\\\/WMT.Baltic.viscom\\\/?locale=lv_LV\",\"https:\\\/\\\/www.instagram.com\\\/viscom_wmt\\\/\"]}]}<\/script>\n<!-- \/ Yoast SEO plugin. -->","yoast_head_json":{"title":"PVH caursp\u012bd\u012bgs antirefleks mat.\/mat., Biezums 0,30 mm Izm\u0113rs 1000 \u0445 1400mm - WMT Baltic","description":"Caursp\u012bd\u012bgas, baltas vai kr\u0101sainas, mat\u0113tas vai glanc\u0113tas PVH vai PP loksnes.","robots":{"index":"index","follow":"follow","max-snippet":"max-snippet:-1","max-image-preview":"max-image-preview:large","max-video-preview":"max-video-preview:-1"},"canonical":"https:\/\/wmtbaltic.lv\/Produkts\/pvh-caurspidigs-antirefleks-mat-mat-biezums-030-mm-izmers-1000-\u0445-1400mm\/","og_locale":"en_US","og_type":"article","og_title":"PVH caursp\u012bd\u012bgs antirefleks mat.\/mat., Biezums 0,30 mm Izm\u0113rs 1000 \u0445 1400mm - WMT Baltic","og_description":"Caursp\u012bd\u012bgas, baltas vai kr\u0101sainas, mat\u0113tas vai glanc\u0113tas PVH vai PP loksnes.","og_url":"https:\/\/wmtbaltic.lv\/Produkts\/pvh-caurspidigs-antirefleks-mat-mat-biezums-030-mm-izmers-1000-\u0445-1400mm\/","og_site_name":"WMT Baltic","article_publisher":"https:\/\/www.facebook.com\/WMT.Baltic.viscom\/?locale=lv_LV","article_modified_time":"2023-04-04T07:31:34+00:00","og_image":[{"width":440,"height":330,"url":"http:\/\/wmtbaltic.lv\/wp-content\/uploads\/2023\/04\/easy_and_pack_PVC_pentaprint_planie_materiali.jpg","type":"image\/jpeg"}],"twitter_card":"summary_large_image","schema":{"@context":"https:\/\/schema.org","@graph":[{"@type":"WebPage","@id":"https:\/\/wmtbaltic.lv\/Produkts\/pvh-caurspidigs-antirefleks-mat-mat-biezums-030-mm-izmers-1000-%d1%85-1400mm\/","url":"https:\/\/wmtbaltic.lv\/Produkts\/pvh-caurspidigs-antirefleks-mat-mat-biezums-030-mm-izmers-1000-%d1%85-1400mm\/","name":"PVH caursp\u012bd\u012bgs antirefleks mat.\/mat., Biezums 0,30 mm Izm\u0113rs 1000 \u0445 1400mm - WMT Baltic","isPartOf":{"@id":"https:\/\/wmtbaltic.lv\/#website"},"primaryImageOfPage":{"@id":"https:\/\/wmtbaltic.lv\/Produkts\/pvh-caurspidigs-antirefleks-mat-mat-biezums-030-mm-izmers-1000-%d1%85-1400mm\/#primaryimage"},"image":{"@id":"https:\/\/wmtbaltic.lv\/Produkts\/pvh-caurspidigs-antirefleks-mat-mat-biezums-030-mm-izmers-1000-%d1%85-1400mm\/#primaryimage"},"thumbnailUrl":"https:\/\/wmtbaltic.lv\/wp-content\/uploads\/2023\/04\/easy_and_pack_PVC_pentaprint_planie_materiali.jpg","datePublished":"2023-04-04T07:31:32+00:00","dateModified":"2023-04-04T07:31:34+00:00","description":"Caursp\u012bd\u012bgas, baltas vai kr\u0101sainas, mat\u0113tas vai glanc\u0113tas PVH vai PP loksnes.","breadcrumb":{"@id":"https:\/\/wmtbaltic.lv\/Produkts\/pvh-caurspidigs-antirefleks-mat-mat-biezums-030-mm-izmers-1000-%d1%85-1400mm\/#breadcrumb"},"inLanguage":"en-US","potentialAction":[{"@type":"ReadAction","target":["https:\/\/wmtbaltic.lv\/Produkts\/pvh-caurspidigs-antirefleks-mat-mat-biezums-030-mm-izmers-1000-%d1%85-1400mm\/"]}]},{"@type":"ImageObject","inLanguage":"en-US","@id":"https:\/\/wmtbaltic.lv\/Produkts\/pvh-caurspidigs-antirefleks-mat-mat-biezums-030-mm-izmers-1000-%d1%85-1400mm\/#primaryimage","url":"https:\/\/wmtbaltic.lv\/wp-content\/uploads\/2023\/04\/easy_and_pack_PVC_pentaprint_planie_materiali.jpg","contentUrl":"https:\/\/wmtbaltic.lv\/wp-content\/uploads\/2023\/04\/easy_and_pack_PVC_pentaprint_planie_materiali.jpg","width":440,"height":330},{"@type":"BreadcrumbList","@id":"https:\/\/wmtbaltic.lv\/Produkts\/pvh-caurspidigs-antirefleks-mat-mat-biezums-030-mm-izmers-1000-%d1%85-1400mm\/#breadcrumb","itemListElement":[{"@type":"ListItem","position":1,"name":"Home","item":"https:\/\/wmtbaltic.lv\/en\/"},{"@type":"ListItem","position":2,"name":"Products","item":"https:\/\/wmtbaltic.lv\/en\/shop\/"},{"@type":"ListItem","position":3,"name":"PVH caursp\u012bd\u012bgs antirefleks mat.\/mat., Biezums 0,30 mm Izm\u0113rs 1000 \u0445 1400mm"}]},{"@type":"WebSite","@id":"https:\/\/wmtbaltic.lv\/#website","url":"https:\/\/wmtbaltic.lv\/","name":"WMT Baltic","description":"Rekl\u0101mas produkti, pl\u0113ves","publisher":{"@id":"https:\/\/wmtbaltic.lv\/#organization"},"potentialAction":[{"@type":"SearchAction","target":{"@type":"EntryPoint","urlTemplate":"https:\/\/wmtbaltic.lv\/?s={search_term_string}"},"query-input":{"@type":"PropertyValueSpecification","valueRequired":true,"valueName":"search_term_string"}}],"inLanguage":"en-US"},{"@type":"Organization","@id":"https:\/\/wmtbaltic.lv\/#organization","name":"WMT Baltic","url":"https:\/\/wmtbaltic.lv\/","logo":{"@type":"ImageObject","inLanguage":"en-US","@id":"https:\/\/wmtbaltic.lv\/#\/schema\/logo\/image\/","url":"https:\/\/wmtbaltic.lv\/wp-content\/uploads\/2024\/12\/wmt-baltic-sia_107142_9_420x180.jpg","contentUrl":"https:\/\/wmtbaltic.lv\/wp-content\/uploads\/2024\/12\/wmt-baltic-sia_107142_9_420x180.jpg","width":420,"height":180,"caption":"WMT Baltic"},"image":{"@id":"https:\/\/wmtbaltic.lv\/#\/schema\/logo\/image\/"},"sameAs":["https:\/\/www.facebook.com\/WMT.Baltic.viscom\/?locale=lv_LV","https:\/\/www.instagram.com\/viscom_wmt\/"]}]}},"_links":{"self":[{"href":"https:\/\/wmtbaltic.lv\/en\/wp-json\/wp\/v2\/product\/14611","targetHints":{"allow":["GET"]}}],"collection":[{"href":"https:\/\/wmtbaltic.lv\/en\/wp-json\/wp\/v2\/product"}],"about":[{"href":"https:\/\/wmtbaltic.lv\/en\/wp-json\/wp\/v2\/types\/product"}],"replies":[{"embeddable":true,"href":"https:\/\/wmtbaltic.lv\/en\/wp-json\/wp\/v2\/comments?post=14611"}],"wp:featuredmedia":[{"embeddable":true,"href":"https:\/\/wmtbaltic.lv\/en\/wp-json\/wp\/v2\/media\/14612"}],"wp:attachment":[{"href":"https:\/\/wmtbaltic.lv\/en\/wp-json\/wp\/v2\/media?parent=14611"}],"wp:term":[{"taxonomy":"product_brand","embeddable":true,"href":"https:\/\/wmtbaltic.lv\/en\/wp-json\/wp\/v2\/product_brand?post=14611"},{"taxonomy":"product_cat","embeddable":true,"href":"https:\/\/wmtbaltic.lv\/en\/wp-json\/wp\/v2\/product_cat?post=14611"},{"taxonomy":"product_tag","embeddable":true,"href":"https:\/\/wmtbaltic.lv\/en\/wp-json\/wp\/v2\/product_tag?post=14611"}],"curies":[{"name":"wp","href":"https:\/\/api.w.org\/{rel}","templated":true}]}}