{"id":14595,"date":"2023-04-04T06:59:16","date_gmt":"2023-04-04T06:59:16","guid":{"rendered":"https:\/\/wmtbaltic.lv\/?post_type=product&#038;p=14595"},"modified":"2023-04-04T06:59:18","modified_gmt":"2023-04-04T06:59:18","slug":"kapa-line-paneli-no-cietam-pur-putam","status":"publish","type":"product","link":"https:\/\/wmtbaltic.lv\/en\/product\/kapa-line-paneli-no-cietam-pur-putam\/","title":{"rendered":"KAPA-LINE pane\u013ci no ciet\u0101m PUR put\u0101m"},"content":{"rendered":"<p align=\"justify\"><strong>Materi\u0101la apraksts<\/strong><\/p>\n<p align=\"justify\">Kapa-line \u2013 viegli pane\u013ci no poliuret\u0101na put\u0101m, kuras sav\u0101 starp\u0101 no ab\u0101m pus\u0113m sapres\u0113tas ar baltas kr\u0101sas kartonu. Materi\u0101ls ir ugunsnedro\u0161s (kategorija B3), neuzs\u016bc mitrumu, notur\u012bgs pret \u0161\u0137\u012bdin\u0101t\u0101ju un l\u012bmju iedarb\u012bbu.<\/p>\n<p align=\"justify\"><strong>Materi\u0101la pilietojums<\/strong><\/p>\n<p align=\"justify\">Kapa-line piem\u0113rots skatlogu un izst\u0101\u017eu stendu noform\u0113\u0161anai, mobilo stendu, te\u0101tra dekor\u0101ciju izgatavo\u0161anai, arhitektoniskai model\u0113\u0161anai. Materi\u0101ls var tikt izmantots l\u012bmpl\u0113vju aplik\u0101cijai, apdrukai, k\u0101 ar\u012b k\u0101 pamatne poligr\u0101fijas produkcijai.<\/p>\n<p align=\"justify\"><strong>IZM\u0112RS: <\/strong>A3 (297 x 420mm)<\/p>\n<p><span style=\"font-size: 10.0pt;\"><strong>BIEZUMS :<\/strong> 3 mm<b><\/b><\/span><\/p>\n<p align=\"justify\"><strong>KAPA\u00b0fix-1<\/strong><\/p>\n<p align=\"justify\">KAPA\u00b0fix-1 ir unik\u0101li \u012bpa\u0161i viegli sendvi\u010da pane\u013ci ar pa\u0161l\u012bm\u0113jo\u0161o sl\u0101ni no vienas puses, kas atvieglo fotogr\u0101fiju, bil\u017eu un att\u0113lu uzl\u012bm\u0113\u0161anu uz pane\u013ca virsmas.<\/p>\n<p align=\"justify\"><span style=\"font-family: Tahoma, sans-serif;\"><span style=\"font-size: small;\"><b>M\u0113s pied\u0101v\u0101jam ar\u012b:<\/b><\/span><\/span><span style=\"font-family: Tahoma, sans-serif;\"><span style=\"font-size: small;\">\u00a0putots lok\u0161\u0146u materi\u0101ls; triecieniztur\u012bgs materi\u0101ls; liets materi\u0101ls; \u0161\u016bnu polikarbon\u0101ts rekl\u0101mai; monopolikarbon\u0101ts; \u0161\u016bnu polikarbon\u0101ta aksesu\u0101ri; kompoz\u012btmateri\u0101ls; poliesters;\u00a0<\/span><\/span><span style=\"font-family: Tahoma, sans-serif;\"><span style=\"font-size: small;\"><span lang=\"en-US\">org<\/span><\/span><\/span><span style=\"font-family: Tahoma, sans-serif;\"><span style=\"font-size: small;\">stikls; polietil\u0113ns; \u0161\u016bnu polipropil\u0113ns; profili lok\u0161\u0146u plastik\u0101tiem; pl\u0101nie plastik\u0101ti; iepakojuma plastik\u0101ti; kompoz\u012btpane\u013ci; kr\u0101saini plastik\u0101ti; materi\u0101li tirdzniec\u012bbas vietu noform\u0113\u0161anai; stikl\u0161\u0137iedras karogu masti; plastik\u0101tu izstr\u0101d\u0101jumi; iepakojums; rekl\u0101mas materi\u0101li; polikarbon\u0101ts siltumn\u012bc\u0101m; materi\u0101li nojum\u0113m; plastik\u0101ti starpsien\u0101m; mat\u0113ts organiskais stikls;\u00a0 PET; PETG; PP; PS; PVC; PC; PE; PMMA; ABS; plastik\u0101ti noform\u0113\u0161anai; plastik\u0101ti grav\u0113\u0161anai; plastik\u0101ti apdrukai; plastik\u0101ts balkona marg\u0101m; ton\u0113ts organiskais stikls; plastik\u0101ts digit\u0101lajai drukai; apdares materi\u0101ls; celtniec\u012bbas materi\u0101li; plastik\u0101tu grie\u0161ana; plastik\u0101tu loc\u012b\u0161ana; karogu masti; karogi; \u0161\u016bnu polikarbon\u0101ts.<\/span><\/span><\/p>\n","protected":false},"excerpt":{"rendered":"Materi\u0101la apraksts Kapa-line \u2013 viegli pane\u013ci no poliuret\u0101na put\u0101m, kuras sav\u0101 starp\u0101 no ab\u0101m pus\u0113m sapres\u0113tas ar baltas kr\u0101sas kartonu. Materi\u0101ls ir ugunsnedro\u0161s (kategorija B3), neuzs\u016bc mitrumu, notur\u012bgs pret \u0161\u0137\u012bdin\u0101t\u0101ju un l\u012bmju iedarb\u012bbu. Materi\u0101la pilietojums Kapa-line piem\u0113rots skatlogu un izst\u0101\u017eu stendu noform\u0113\u0161anai, mobilo stendu, te\u0101tra dekor\u0101ciju izgatavo\u0161anai, arhitektoniskai model\u0113\u0161anai. Materi\u0101ls var tikt izmantots l\u012bmpl\u0113vju aplik\u0101cijai, [...]","protected":false},"featured_media":14602,"comment_status":"closed","ping_status":"closed","template":"","meta":[],"product_brand":[],"product_cat":[130],"product_tag":[1228,1230,1229],"class_list":{"0":"post-14595","1":"product","2":"type-product","3":"status-publish","4":"has-post-thumbnail","6":"product_cat-pvh-loksnes-pp-loksnes","7":"product_tag-kapa-line","8":"product_tag-kapafix-1","9":"product_tag-pur","11":"first","12":"instock","13":"shipping-taxable","14":"purchasable","15":"product-type-simple"},"yoast_head":"<!-- This site is optimized with the Yoast SEO plugin v27.4 - https:\/\/yoast.com\/product\/yoast-seo-wordpress\/ -->\n<title>KAPA-LINE pane\u013ci no ciet\u0101m PUR put\u0101m - WMT Baltic<\/title>\n<meta name=\"description\" content=\"Kapa-line \u2013 viegli pane\u013ci no poliuret\u0101na put\u0101m, kuras sav\u0101 starp\u0101 no ab\u0101m pus\u0113m sapres\u0113tas ar baltas kr\u0101sas kartonu.\" \/>\n<meta name=\"robots\" content=\"index, follow, max-snippet:-1, max-image-preview:large, max-video-preview:-1\" \/>\n<link rel=\"canonical\" href=\"https:\/\/wmtbaltic.lv\/Produkts\/kapa-line-paneli-no-cietam-pur-putam\/\" \/>\n<meta property=\"og:locale\" content=\"en_US\" \/>\n<meta property=\"og:type\" content=\"article\" \/>\n<meta property=\"og:title\" content=\"KAPA-LINE pane\u013ci no ciet\u0101m PUR put\u0101m - WMT Baltic\" \/>\n<meta property=\"og:description\" content=\"Kapa-line \u2013 viegli pane\u013ci no poliuret\u0101na put\u0101m, kuras sav\u0101 starp\u0101 no ab\u0101m pus\u0113m sapres\u0113tas ar baltas kr\u0101sas kartonu.\" \/>\n<meta property=\"og:url\" content=\"https:\/\/wmtbaltic.lv\/Produkts\/kapa-line-paneli-no-cietam-pur-putam\/\" \/>\n<meta property=\"og:site_name\" content=\"WMT Baltic\" \/>\n<meta property=\"article:publisher\" content=\"https:\/\/www.facebook.com\/WMT.Baltic.viscom\/?locale=lv_LV\" \/>\n<meta property=\"article:modified_time\" content=\"2023-04-04T06:59:18+00:00\" \/>\n<meta property=\"og:image\" content=\"http:\/\/wmtbaltic.lv\/wp-content\/uploads\/2023\/04\/KAPA-LINE.jpg\" \/>\n\t<meta property=\"og:image:width\" content=\"440\" \/>\n\t<meta property=\"og:image:height\" content=\"330\" \/>\n\t<meta property=\"og:image:type\" content=\"image\/jpeg\" \/>\n<meta name=\"twitter:card\" content=\"summary_large_image\" \/>\n<meta name=\"twitter:label1\" content=\"Est. reading time\" \/>\n\t<meta name=\"twitter:data1\" content=\"1 minute\" \/>\n<script type=\"application\/ld+json\" class=\"yoast-schema-graph\">{\"@context\":\"https:\\\/\\\/schema.org\",\"@graph\":[{\"@type\":\"WebPage\",\"@id\":\"https:\\\/\\\/wmtbaltic.lv\\\/Produkts\\\/kapa-line-paneli-no-cietam-pur-putam\\\/\",\"url\":\"https:\\\/\\\/wmtbaltic.lv\\\/Produkts\\\/kapa-line-paneli-no-cietam-pur-putam\\\/\",\"name\":\"KAPA-LINE pane\u013ci no ciet\u0101m PUR put\u0101m - WMT Baltic\",\"isPartOf\":{\"@id\":\"https:\\\/\\\/wmtbaltic.lv\\\/#website\"},\"primaryImageOfPage\":{\"@id\":\"https:\\\/\\\/wmtbaltic.lv\\\/Produkts\\\/kapa-line-paneli-no-cietam-pur-putam\\\/#primaryimage\"},\"image\":{\"@id\":\"https:\\\/\\\/wmtbaltic.lv\\\/Produkts\\\/kapa-line-paneli-no-cietam-pur-putam\\\/#primaryimage\"},\"thumbnailUrl\":\"https:\\\/\\\/wmtbaltic.lv\\\/wp-content\\\/uploads\\\/2023\\\/04\\\/KAPA-LINE.jpg\",\"datePublished\":\"2023-04-04T06:59:16+00:00\",\"dateModified\":\"2023-04-04T06:59:18+00:00\",\"description\":\"Kapa-line \u2013 viegli pane\u013ci no poliuret\u0101na put\u0101m, kuras sav\u0101 starp\u0101 no ab\u0101m pus\u0113m sapres\u0113tas ar baltas kr\u0101sas kartonu.\",\"breadcrumb\":{\"@id\":\"https:\\\/\\\/wmtbaltic.lv\\\/Produkts\\\/kapa-line-paneli-no-cietam-pur-putam\\\/#breadcrumb\"},\"inLanguage\":\"en-US\",\"potentialAction\":[{\"@type\":\"ReadAction\",\"target\":[\"https:\\\/\\\/wmtbaltic.lv\\\/Produkts\\\/kapa-line-paneli-no-cietam-pur-putam\\\/\"]}]},{\"@type\":\"ImageObject\",\"inLanguage\":\"en-US\",\"@id\":\"https:\\\/\\\/wmtbaltic.lv\\\/Produkts\\\/kapa-line-paneli-no-cietam-pur-putam\\\/#primaryimage\",\"url\":\"https:\\\/\\\/wmtbaltic.lv\\\/wp-content\\\/uploads\\\/2023\\\/04\\\/KAPA-LINE.jpg\",\"contentUrl\":\"https:\\\/\\\/wmtbaltic.lv\\\/wp-content\\\/uploads\\\/2023\\\/04\\\/KAPA-LINE.jpg\",\"width\":440,\"height\":330},{\"@type\":\"BreadcrumbList\",\"@id\":\"https:\\\/\\\/wmtbaltic.lv\\\/Produkts\\\/kapa-line-paneli-no-cietam-pur-putam\\\/#breadcrumb\",\"itemListElement\":[{\"@type\":\"ListItem\",\"position\":1,\"name\":\"Home\",\"item\":\"https:\\\/\\\/wmtbaltic.lv\\\/en\\\/\"},{\"@type\":\"ListItem\",\"position\":2,\"name\":\"Products\",\"item\":\"https:\\\/\\\/wmtbaltic.lv\\\/en\\\/shop\\\/\"},{\"@type\":\"ListItem\",\"position\":3,\"name\":\"KAPA-LINE pane\u013ci no ciet\u0101m PUR put\u0101m\"}]},{\"@type\":\"WebSite\",\"@id\":\"https:\\\/\\\/wmtbaltic.lv\\\/#website\",\"url\":\"https:\\\/\\\/wmtbaltic.lv\\\/\",\"name\":\"WMT Baltic\",\"description\":\"Rekl\u0101mas produkti, pl\u0113ves\",\"publisher\":{\"@id\":\"https:\\\/\\\/wmtbaltic.lv\\\/#organization\"},\"potentialAction\":[{\"@type\":\"SearchAction\",\"target\":{\"@type\":\"EntryPoint\",\"urlTemplate\":\"https:\\\/\\\/wmtbaltic.lv\\\/?s={search_term_string}\"},\"query-input\":{\"@type\":\"PropertyValueSpecification\",\"valueRequired\":true,\"valueName\":\"search_term_string\"}}],\"inLanguage\":\"en-US\"},{\"@type\":\"Organization\",\"@id\":\"https:\\\/\\\/wmtbaltic.lv\\\/#organization\",\"name\":\"WMT Baltic\",\"url\":\"https:\\\/\\\/wmtbaltic.lv\\\/\",\"logo\":{\"@type\":\"ImageObject\",\"inLanguage\":\"en-US\",\"@id\":\"https:\\\/\\\/wmtbaltic.lv\\\/#\\\/schema\\\/logo\\\/image\\\/\",\"url\":\"https:\\\/\\\/wmtbaltic.lv\\\/wp-content\\\/uploads\\\/2024\\\/12\\\/wmt-baltic-sia_107142_9_420x180.jpg\",\"contentUrl\":\"https:\\\/\\\/wmtbaltic.lv\\\/wp-content\\\/uploads\\\/2024\\\/12\\\/wmt-baltic-sia_107142_9_420x180.jpg\",\"width\":420,\"height\":180,\"caption\":\"WMT Baltic\"},\"image\":{\"@id\":\"https:\\\/\\\/wmtbaltic.lv\\\/#\\\/schema\\\/logo\\\/image\\\/\"},\"sameAs\":[\"https:\\\/\\\/www.facebook.com\\\/WMT.Baltic.viscom\\\/?locale=lv_LV\",\"https:\\\/\\\/www.instagram.com\\\/viscom_wmt\\\/\"]}]}<\/script>\n<!-- \/ Yoast SEO plugin. -->","yoast_head_json":{"title":"KAPA-LINE pane\u013ci no ciet\u0101m PUR put\u0101m - WMT Baltic","description":"Kapa-line \u2013 viegli pane\u013ci no poliuret\u0101na put\u0101m, kuras sav\u0101 starp\u0101 no ab\u0101m pus\u0113m sapres\u0113tas ar baltas kr\u0101sas kartonu.","robots":{"index":"index","follow":"follow","max-snippet":"max-snippet:-1","max-image-preview":"max-image-preview:large","max-video-preview":"max-video-preview:-1"},"canonical":"https:\/\/wmtbaltic.lv\/Produkts\/kapa-line-paneli-no-cietam-pur-putam\/","og_locale":"en_US","og_type":"article","og_title":"KAPA-LINE pane\u013ci no ciet\u0101m PUR put\u0101m - WMT Baltic","og_description":"Kapa-line \u2013 viegli pane\u013ci no poliuret\u0101na put\u0101m, kuras sav\u0101 starp\u0101 no ab\u0101m pus\u0113m sapres\u0113tas ar baltas kr\u0101sas kartonu.","og_url":"https:\/\/wmtbaltic.lv\/Produkts\/kapa-line-paneli-no-cietam-pur-putam\/","og_site_name":"WMT Baltic","article_publisher":"https:\/\/www.facebook.com\/WMT.Baltic.viscom\/?locale=lv_LV","article_modified_time":"2023-04-04T06:59:18+00:00","og_image":[{"width":440,"height":330,"url":"http:\/\/wmtbaltic.lv\/wp-content\/uploads\/2023\/04\/KAPA-LINE.jpg","type":"image\/jpeg"}],"twitter_card":"summary_large_image","twitter_misc":{"Est. reading time":"1 minute"},"schema":{"@context":"https:\/\/schema.org","@graph":[{"@type":"WebPage","@id":"https:\/\/wmtbaltic.lv\/Produkts\/kapa-line-paneli-no-cietam-pur-putam\/","url":"https:\/\/wmtbaltic.lv\/Produkts\/kapa-line-paneli-no-cietam-pur-putam\/","name":"KAPA-LINE pane\u013ci no ciet\u0101m PUR put\u0101m - WMT Baltic","isPartOf":{"@id":"https:\/\/wmtbaltic.lv\/#website"},"primaryImageOfPage":{"@id":"https:\/\/wmtbaltic.lv\/Produkts\/kapa-line-paneli-no-cietam-pur-putam\/#primaryimage"},"image":{"@id":"https:\/\/wmtbaltic.lv\/Produkts\/kapa-line-paneli-no-cietam-pur-putam\/#primaryimage"},"thumbnailUrl":"https:\/\/wmtbaltic.lv\/wp-content\/uploads\/2023\/04\/KAPA-LINE.jpg","datePublished":"2023-04-04T06:59:16+00:00","dateModified":"2023-04-04T06:59:18+00:00","description":"Kapa-line \u2013 viegli pane\u013ci no poliuret\u0101na put\u0101m, kuras sav\u0101 starp\u0101 no ab\u0101m pus\u0113m sapres\u0113tas ar baltas kr\u0101sas kartonu.","breadcrumb":{"@id":"https:\/\/wmtbaltic.lv\/Produkts\/kapa-line-paneli-no-cietam-pur-putam\/#breadcrumb"},"inLanguage":"en-US","potentialAction":[{"@type":"ReadAction","target":["https:\/\/wmtbaltic.lv\/Produkts\/kapa-line-paneli-no-cietam-pur-putam\/"]}]},{"@type":"ImageObject","inLanguage":"en-US","@id":"https:\/\/wmtbaltic.lv\/Produkts\/kapa-line-paneli-no-cietam-pur-putam\/#primaryimage","url":"https:\/\/wmtbaltic.lv\/wp-content\/uploads\/2023\/04\/KAPA-LINE.jpg","contentUrl":"https:\/\/wmtbaltic.lv\/wp-content\/uploads\/2023\/04\/KAPA-LINE.jpg","width":440,"height":330},{"@type":"BreadcrumbList","@id":"https:\/\/wmtbaltic.lv\/Produkts\/kapa-line-paneli-no-cietam-pur-putam\/#breadcrumb","itemListElement":[{"@type":"ListItem","position":1,"name":"Home","item":"https:\/\/wmtbaltic.lv\/en\/"},{"@type":"ListItem","position":2,"name":"Products","item":"https:\/\/wmtbaltic.lv\/en\/shop\/"},{"@type":"ListItem","position":3,"name":"KAPA-LINE pane\u013ci no ciet\u0101m PUR put\u0101m"}]},{"@type":"WebSite","@id":"https:\/\/wmtbaltic.lv\/#website","url":"https:\/\/wmtbaltic.lv\/","name":"WMT Baltic","description":"Rekl\u0101mas produkti, pl\u0113ves","publisher":{"@id":"https:\/\/wmtbaltic.lv\/#organization"},"potentialAction":[{"@type":"SearchAction","target":{"@type":"EntryPoint","urlTemplate":"https:\/\/wmtbaltic.lv\/?s={search_term_string}"},"query-input":{"@type":"PropertyValueSpecification","valueRequired":true,"valueName":"search_term_string"}}],"inLanguage":"en-US"},{"@type":"Organization","@id":"https:\/\/wmtbaltic.lv\/#organization","name":"WMT Baltic","url":"https:\/\/wmtbaltic.lv\/","logo":{"@type":"ImageObject","inLanguage":"en-US","@id":"https:\/\/wmtbaltic.lv\/#\/schema\/logo\/image\/","url":"https:\/\/wmtbaltic.lv\/wp-content\/uploads\/2024\/12\/wmt-baltic-sia_107142_9_420x180.jpg","contentUrl":"https:\/\/wmtbaltic.lv\/wp-content\/uploads\/2024\/12\/wmt-baltic-sia_107142_9_420x180.jpg","width":420,"height":180,"caption":"WMT Baltic"},"image":{"@id":"https:\/\/wmtbaltic.lv\/#\/schema\/logo\/image\/"},"sameAs":["https:\/\/www.facebook.com\/WMT.Baltic.viscom\/?locale=lv_LV","https:\/\/www.instagram.com\/viscom_wmt\/"]}]}},"_links":{"self":[{"href":"https:\/\/wmtbaltic.lv\/en\/wp-json\/wp\/v2\/product\/14595","targetHints":{"allow":["GET"]}}],"collection":[{"href":"https:\/\/wmtbaltic.lv\/en\/wp-json\/wp\/v2\/product"}],"about":[{"href":"https:\/\/wmtbaltic.lv\/en\/wp-json\/wp\/v2\/types\/product"}],"replies":[{"embeddable":true,"href":"https:\/\/wmtbaltic.lv\/en\/wp-json\/wp\/v2\/comments?post=14595"}],"wp:featuredmedia":[{"embeddable":true,"href":"https:\/\/wmtbaltic.lv\/en\/wp-json\/wp\/v2\/media\/14602"}],"wp:attachment":[{"href":"https:\/\/wmtbaltic.lv\/en\/wp-json\/wp\/v2\/media?parent=14595"}],"wp:term":[{"taxonomy":"product_brand","embeddable":true,"href":"https:\/\/wmtbaltic.lv\/en\/wp-json\/wp\/v2\/product_brand?post=14595"},{"taxonomy":"product_cat","embeddable":true,"href":"https:\/\/wmtbaltic.lv\/en\/wp-json\/wp\/v2\/product_cat?post=14595"},{"taxonomy":"product_tag","embeddable":true,"href":"https:\/\/wmtbaltic.lv\/en\/wp-json\/wp\/v2\/product_tag?post=14595"}],"curies":[{"name":"wp","href":"https:\/\/api.w.org\/{rel}","templated":true}]}}