{"id":1456,"date":"2020-07-22T13:49:35","date_gmt":"2020-07-22T13:49:35","guid":{"rendered":"http:\/\/wmtbaltic.lv\/\/?post_type=product&#038;p=1456"},"modified":"2023-01-17T12:36:48","modified_gmt":"2023-01-17T12:36:48","slug":"komadur-pvh-monolitas-loksnes","status":"publish","type":"product","link":"https:\/\/wmtbaltic.lv\/en\/product\/komadur-pvh-monolitas-loksnes\/","title":{"rendered":"K\u00f6maDUR PVH monol\u012bt\u0101s loksnes"},"content":{"rendered":"<p align=\"justify\"><strong>Materi\u0101la pielietojums<\/strong><\/p>\n<p align=\"justify\">Izk\u0101rt\u0146u, pl\u0101k\u0161\u0146u izgatavo\u0161ana, skatlogu un izst\u0101\u017eu stendu noform\u0113\u0161ana. Iek\u0161telpu un telpu ar paaugstin\u0101tu mitrumu apdare. Logu r\u0101mju, palod\u017eu, durvju pane\u013cu, interjera dekorat\u012bvo elementu izgatavo\u0161ana. Tirdzniec\u012bbas iek\u0101rtu, agreg\u0101tu korpusu, vad\u012bbas pultu un pane\u013cu, gaisa att\u012br\u012b\u0161anas, un kondicion\u0113\u0161anas sist\u0113mu, k\u0101 ar\u012b siltuma un ska\u0146as izol\u0101cijas sist\u0113mu ra\u017eo\u0161ana. Att\u012br\u012b\u0161anas sist\u0113mu un iek\u0101rtu, kas str\u0101d\u0101 ar agres\u012bv\u0101m viel\u0101m, ra\u017eo\u0161ana.<\/p>\n<p align=\"justify\"><strong>Materi\u0101la kr\u0101sas:\u00a0<\/strong>Balta, sarkana, dzeltena, za\u013ca, zila, melna<\/p>\n<p>&nbsp;<\/p>\n<p align=\"justify\"><span style=\"color: #990000;\">PVH lok\u0161\u0146u sal\u012bm\u0113\u0161anai m\u0113s rekomend\u0113jam izmantot l\u012bmi:<\/span><\/p>\n<p dir=\"ltr\" align=\"justify\"><span style=\"color: #990000;\">\u00a0\u00a0&#8211;\u00a0<\/span><span style=\"color: #990000;\">Cianakril\u0101ta l\u012bmes ar moment\u0101lo iedarb\u012bbu<\/span><\/p>\n<p dir=\"ltr\" align=\"justify\"><span style=\"color: #990000;\">\u00a0\u00a0&#8211;\u00a0<\/span><span style=\"color: #990000;\">COSMOFEN PMMA organisk\u0101 stikla sal\u012bm\u0113\u0161ana<\/span><\/p>\n<p dir=\"ltr\" align=\"justify\"><span style=\"color: #990000;\">\u00a0 &#8211;\u00a0<\/span><span style=\"color: #990000;\">COSMOFEN PLUS PVH lok\u0161\u0146u sal\u012bm\u0113\u0161anai<\/span><\/p>\n<p dir=\"ltr\" align=\"justify\"><span style=\"color: #990000;\">\u00a0 &#8211;\u00a0COSMOFEN 345 PVH sal\u012bm\u0113\u0161anai ar citiem materi\u0101liem<\/span><\/p>\n<p class=\"western\"><span style=\"font-family: Tahoma, sans-serif;\"><span style=\"font-size: small;\"><b>M\u0113s pied\u0101v\u0101jam ar\u012b:<\/b><\/span><\/span><span style=\"font-family: Tahoma, sans-serif;\"><span style=\"font-size: small;\">\u00a0putots lok\u0161\u0146u materi\u0101ls; triecieniztur\u012bgs materi\u0101ls; liets materi\u0101ls; \u0161\u016bnu polikarbon\u0101ts rekl\u0101mai; monopolikarbon\u0101ts; \u0161\u016bnu polikarbon\u0101ta aksesu\u0101ri; kompoz\u012btmateri\u0101ls; poliesters;\u00a0<\/span><\/span><span style=\"font-family: Tahoma, sans-serif;\"><span style=\"font-size: small;\"><span lang=\"en-US\">org<\/span><\/span><\/span><span style=\"font-family: Tahoma, sans-serif;\"><span style=\"font-size: small;\">stikls; polietil\u0113ns; \u0161\u016bnu polipropil\u0113ns; profili lok\u0161\u0146u plastik\u0101tiem; pl\u0101nie plastik\u0101ti; iepakojuma plastik\u0101ti; kompoz\u012btpane\u013ci; kr\u0101saini plastik\u0101ti; materi\u0101li tirdzniec\u012bbas vietu noform\u0113\u0161anai; stikl\u0161\u0137iedras karogu masti; plastik\u0101tu izstr\u0101d\u0101jumi; iepakojums; rekl\u0101mas materi\u0101li; polikarbon\u0101ts siltumn\u012bc\u0101m; materi\u0101li nojum\u0113m; plastik\u0101ti starpsien\u0101m; mat\u0113ts organiskais stikls;\u00a0 PET; PETG; PP; PS; PVC; PC; PE; PMMA; ABS; plastik\u0101ti noform\u0113\u0161anai; plastik\u0101ti grav\u0113\u0161anai; plastik\u0101ti apdrukai; plastik\u0101ts balkona marg\u0101m; ton\u0113ts organiskais stikls; plastik\u0101ts digit\u0101lajai drukai; apdares materi\u0101ls; celtniec\u012bbas materi\u0101li; plastik\u0101tu grie\u0161ana; plastik\u0101tu loc\u012b\u0161ana; karogu masti; karogi; \u0161\u016bnu polikarbon\u0101ts.<\/span><\/span><\/p>\n<div><\/div>\n","protected":false},"excerpt":{"rendered":"<p align=\"left\"><strong><span style=\"font-size: medium;\">K\u00f6maDur monol\u012bts PVH, triecieniztur\u012bgs<\/span><\/strong><\/p>\r\n&nbsp;\r\n<p align=\"justify\">Materi\u0101ls ar viendab\u012bgu virsmu un augstu triecieniztur\u012bbu, ar izcilu notur\u012bbu pret apk\u0101rt\u0113j\u0101s vides, \u0137\u012bmisko vielu, un UV starojuma iedarb\u012bbu.\r\nViegli un \u0101tri apstr\u0101d\u0101jams ar standarta instrumentiem paredz\u0113tiem kokam un met\u0101lam.\u00a0\u00a0 K\u00f6maDur ir iesp\u0113jams griezt, z\u0101\u0123\u0113t, urbt, fr\u0113z\u0113t, pul\u0113t, l\u012bm\u0113t, un metin\u0101t, k\u0101 ar\u012b, izmantojot termoform\u0113\u0161anas metodes, veidot da\u017e\u0101das formas.<\/p>\r\n&nbsp;\r\n\r\n&nbsp;\r\n\r\n[Product_Table id='1497' name='sssss']","protected":false},"featured_media":13792,"comment_status":"closed","ping_status":"closed","template":"","meta":[],"product_brand":[],"product_cat":[51],"product_tag":[1169],"class_list":{"0":"post-1456","1":"product","2":"type-product","3":"status-publish","4":"has-post-thumbnail","6":"product_cat-liets-pvh-hard-pvc","7":"product_tag-monolits-pvh","9":"first","10":"instock","11":"shipping-taxable","12":"purchasable","13":"product-type-variable"},"yoast_head":"<!-- This site is optimized with the Yoast SEO plugin v27.4 - https:\/\/yoast.com\/product\/yoast-seo-wordpress\/ -->\n<title>K\u00f6maDUR PVH monol\u012bt\u0101s loksnes - WMT Baltic<\/title>\n<meta name=\"robots\" content=\"index, follow, max-snippet:-1, max-image-preview:large, max-video-preview:-1\" \/>\n<link rel=\"canonical\" href=\"https:\/\/wmtbaltic.lv\/Produkts\/komadur-pvh-monolitas-loksnes\/\" \/>\n<meta property=\"og:locale\" content=\"en_US\" \/>\n<meta property=\"og:type\" content=\"article\" \/>\n<meta property=\"og:title\" content=\"K\u00f6maDUR PVH monol\u012bt\u0101s loksnes - WMT Baltic\" \/>\n<meta property=\"og:description\" content=\"K\u00f6maDur monol\u012bts PVH, triecieniztur\u012bgs &nbsp; Materi\u0101ls ar viendab\u012bgu virsmu un augstu triecieniztur\u012bbu, ar izcilu notur\u012bbu pret apk\u0101rt\u0113j\u0101s vides, \u0137\u012bmisko vielu, un UV starojuma iedarb\u012bbu. Viegli un \u0101tri apstr\u0101d\u0101jams ar standarta instrumentiem paredz\u0113tiem kokam un met\u0101lam.\u00a0\u00a0 K\u00f6maDur ir iesp\u0113jams griezt, z\u0101\u0123\u0113t, urbt, fr\u0113z\u0113t, pul\u0113t, l\u012bm\u0113t, un metin\u0101t, k\u0101 ar\u012b, izmantojot termoform\u0113\u0161anas metodes, veidot da\u017e\u0101das formas. &nbsp;  &nbsp;  [Product_Table id=&#039;1497&#039; name=&#039;sssss&#039;]\" \/>\n<meta property=\"og:url\" content=\"https:\/\/wmtbaltic.lv\/Produkts\/komadur-pvh-monolitas-loksnes\/\" \/>\n<meta property=\"og:site_name\" content=\"WMT Baltic\" \/>\n<meta property=\"article:publisher\" content=\"https:\/\/www.facebook.com\/WMT.Baltic.viscom\/?locale=lv_LV\" \/>\n<meta property=\"article:modified_time\" content=\"2023-01-17T12:36:48+00:00\" \/>\n<meta property=\"og:image\" content=\"http:\/\/wmtbaltic.lv\/wp-content\/uploads\/2020\/07\/momolits-pvh-wmtbaltic.jpg\" \/>\n\t<meta property=\"og:image:width\" content=\"440\" \/>\n\t<meta property=\"og:image:height\" content=\"330\" \/>\n\t<meta property=\"og:image:type\" content=\"image\/jpeg\" \/>\n<meta name=\"twitter:card\" content=\"summary_large_image\" \/>\n<meta name=\"twitter:label1\" content=\"Est. reading time\" \/>\n\t<meta name=\"twitter:data1\" content=\"2 minutes\" \/>\n<script type=\"application\/ld+json\" class=\"yoast-schema-graph\">{\"@context\":\"https:\\\/\\\/schema.org\",\"@graph\":[{\"@type\":\"WebPage\",\"@id\":\"https:\\\/\\\/wmtbaltic.lv\\\/Produkts\\\/komadur-pvh-monolitas-loksnes\\\/\",\"url\":\"https:\\\/\\\/wmtbaltic.lv\\\/Produkts\\\/komadur-pvh-monolitas-loksnes\\\/\",\"name\":\"K\u00f6maDUR PVH monol\u012bt\u0101s loksnes - WMT Baltic\",\"isPartOf\":{\"@id\":\"https:\\\/\\\/wmtbaltic.lv\\\/#website\"},\"primaryImageOfPage\":{\"@id\":\"https:\\\/\\\/wmtbaltic.lv\\\/Produkts\\\/komadur-pvh-monolitas-loksnes\\\/#primaryimage\"},\"image\":{\"@id\":\"https:\\\/\\\/wmtbaltic.lv\\\/Produkts\\\/komadur-pvh-monolitas-loksnes\\\/#primaryimage\"},\"thumbnailUrl\":\"https:\\\/\\\/wmtbaltic.lv\\\/wp-content\\\/uploads\\\/2020\\\/07\\\/momolits-pvh-wmtbaltic.jpg\",\"datePublished\":\"2020-07-22T13:49:35+00:00\",\"dateModified\":\"2023-01-17T12:36:48+00:00\",\"breadcrumb\":{\"@id\":\"https:\\\/\\\/wmtbaltic.lv\\\/Produkts\\\/komadur-pvh-monolitas-loksnes\\\/#breadcrumb\"},\"inLanguage\":\"en-US\",\"potentialAction\":[{\"@type\":\"ReadAction\",\"target\":[\"https:\\\/\\\/wmtbaltic.lv\\\/Produkts\\\/komadur-pvh-monolitas-loksnes\\\/\"]}]},{\"@type\":\"ImageObject\",\"inLanguage\":\"en-US\",\"@id\":\"https:\\\/\\\/wmtbaltic.lv\\\/Produkts\\\/komadur-pvh-monolitas-loksnes\\\/#primaryimage\",\"url\":\"https:\\\/\\\/wmtbaltic.lv\\\/wp-content\\\/uploads\\\/2020\\\/07\\\/momolits-pvh-wmtbaltic.jpg\",\"contentUrl\":\"https:\\\/\\\/wmtbaltic.lv\\\/wp-content\\\/uploads\\\/2020\\\/07\\\/momolits-pvh-wmtbaltic.jpg\",\"width\":440,\"height\":330},{\"@type\":\"BreadcrumbList\",\"@id\":\"https:\\\/\\\/wmtbaltic.lv\\\/Produkts\\\/komadur-pvh-monolitas-loksnes\\\/#breadcrumb\",\"itemListElement\":[{\"@type\":\"ListItem\",\"position\":1,\"name\":\"Home\",\"item\":\"https:\\\/\\\/wmtbaltic.lv\\\/en\\\/\"},{\"@type\":\"ListItem\",\"position\":2,\"name\":\"Products\",\"item\":\"https:\\\/\\\/wmtbaltic.lv\\\/en\\\/shop\\\/\"},{\"@type\":\"ListItem\",\"position\":3,\"name\":\"K\u00f6maDUR PVH monol\u012bt\u0101s loksnes\"}]},{\"@type\":\"WebSite\",\"@id\":\"https:\\\/\\\/wmtbaltic.lv\\\/#website\",\"url\":\"https:\\\/\\\/wmtbaltic.lv\\\/\",\"name\":\"WMT Baltic\",\"description\":\"Rekl\u0101mas produkti, pl\u0113ves\",\"publisher\":{\"@id\":\"https:\\\/\\\/wmtbaltic.lv\\\/#organization\"},\"potentialAction\":[{\"@type\":\"SearchAction\",\"target\":{\"@type\":\"EntryPoint\",\"urlTemplate\":\"https:\\\/\\\/wmtbaltic.lv\\\/?s={search_term_string}\"},\"query-input\":{\"@type\":\"PropertyValueSpecification\",\"valueRequired\":true,\"valueName\":\"search_term_string\"}}],\"inLanguage\":\"en-US\"},{\"@type\":\"Organization\",\"@id\":\"https:\\\/\\\/wmtbaltic.lv\\\/#organization\",\"name\":\"WMT Baltic\",\"url\":\"https:\\\/\\\/wmtbaltic.lv\\\/\",\"logo\":{\"@type\":\"ImageObject\",\"inLanguage\":\"en-US\",\"@id\":\"https:\\\/\\\/wmtbaltic.lv\\\/#\\\/schema\\\/logo\\\/image\\\/\",\"url\":\"https:\\\/\\\/wmtbaltic.lv\\\/wp-content\\\/uploads\\\/2024\\\/12\\\/wmt-baltic-sia_107142_9_420x180.jpg\",\"contentUrl\":\"https:\\\/\\\/wmtbaltic.lv\\\/wp-content\\\/uploads\\\/2024\\\/12\\\/wmt-baltic-sia_107142_9_420x180.jpg\",\"width\":420,\"height\":180,\"caption\":\"WMT Baltic\"},\"image\":{\"@id\":\"https:\\\/\\\/wmtbaltic.lv\\\/#\\\/schema\\\/logo\\\/image\\\/\"},\"sameAs\":[\"https:\\\/\\\/www.facebook.com\\\/WMT.Baltic.viscom\\\/?locale=lv_LV\",\"https:\\\/\\\/www.instagram.com\\\/viscom_wmt\\\/\"]}]}<\/script>\n<!-- \/ Yoast SEO plugin. -->","yoast_head_json":{"title":"K\u00f6maDUR PVH monol\u012bt\u0101s loksnes - WMT Baltic","robots":{"index":"index","follow":"follow","max-snippet":"max-snippet:-1","max-image-preview":"max-image-preview:large","max-video-preview":"max-video-preview:-1"},"canonical":"https:\/\/wmtbaltic.lv\/Produkts\/komadur-pvh-monolitas-loksnes\/","og_locale":"en_US","og_type":"article","og_title":"K\u00f6maDUR PVH monol\u012bt\u0101s loksnes - WMT Baltic","og_description":"K\u00f6maDur monol\u012bts PVH, triecieniztur\u012bgs &nbsp; Materi\u0101ls ar viendab\u012bgu virsmu un augstu triecieniztur\u012bbu, ar izcilu notur\u012bbu pret apk\u0101rt\u0113j\u0101s vides, \u0137\u012bmisko vielu, un UV starojuma iedarb\u012bbu. Viegli un \u0101tri apstr\u0101d\u0101jams ar standarta instrumentiem paredz\u0113tiem kokam un met\u0101lam.\u00a0\u00a0 K\u00f6maDur ir iesp\u0113jams griezt, z\u0101\u0123\u0113t, urbt, fr\u0113z\u0113t, pul\u0113t, l\u012bm\u0113t, un metin\u0101t, k\u0101 ar\u012b, izmantojot termoform\u0113\u0161anas metodes, veidot da\u017e\u0101das formas. &nbsp;  &nbsp;  [Product_Table id='1497' name='sssss']","og_url":"https:\/\/wmtbaltic.lv\/Produkts\/komadur-pvh-monolitas-loksnes\/","og_site_name":"WMT Baltic","article_publisher":"https:\/\/www.facebook.com\/WMT.Baltic.viscom\/?locale=lv_LV","article_modified_time":"2023-01-17T12:36:48+00:00","og_image":[{"width":440,"height":330,"url":"http:\/\/wmtbaltic.lv\/wp-content\/uploads\/2020\/07\/momolits-pvh-wmtbaltic.jpg","type":"image\/jpeg"}],"twitter_card":"summary_large_image","twitter_misc":{"Est. reading time":"2 minutes"},"schema":{"@context":"https:\/\/schema.org","@graph":[{"@type":"WebPage","@id":"https:\/\/wmtbaltic.lv\/Produkts\/komadur-pvh-monolitas-loksnes\/","url":"https:\/\/wmtbaltic.lv\/Produkts\/komadur-pvh-monolitas-loksnes\/","name":"K\u00f6maDUR PVH monol\u012bt\u0101s loksnes - WMT Baltic","isPartOf":{"@id":"https:\/\/wmtbaltic.lv\/#website"},"primaryImageOfPage":{"@id":"https:\/\/wmtbaltic.lv\/Produkts\/komadur-pvh-monolitas-loksnes\/#primaryimage"},"image":{"@id":"https:\/\/wmtbaltic.lv\/Produkts\/komadur-pvh-monolitas-loksnes\/#primaryimage"},"thumbnailUrl":"https:\/\/wmtbaltic.lv\/wp-content\/uploads\/2020\/07\/momolits-pvh-wmtbaltic.jpg","datePublished":"2020-07-22T13:49:35+00:00","dateModified":"2023-01-17T12:36:48+00:00","breadcrumb":{"@id":"https:\/\/wmtbaltic.lv\/Produkts\/komadur-pvh-monolitas-loksnes\/#breadcrumb"},"inLanguage":"en-US","potentialAction":[{"@type":"ReadAction","target":["https:\/\/wmtbaltic.lv\/Produkts\/komadur-pvh-monolitas-loksnes\/"]}]},{"@type":"ImageObject","inLanguage":"en-US","@id":"https:\/\/wmtbaltic.lv\/Produkts\/komadur-pvh-monolitas-loksnes\/#primaryimage","url":"https:\/\/wmtbaltic.lv\/wp-content\/uploads\/2020\/07\/momolits-pvh-wmtbaltic.jpg","contentUrl":"https:\/\/wmtbaltic.lv\/wp-content\/uploads\/2020\/07\/momolits-pvh-wmtbaltic.jpg","width":440,"height":330},{"@type":"BreadcrumbList","@id":"https:\/\/wmtbaltic.lv\/Produkts\/komadur-pvh-monolitas-loksnes\/#breadcrumb","itemListElement":[{"@type":"ListItem","position":1,"name":"Home","item":"https:\/\/wmtbaltic.lv\/en\/"},{"@type":"ListItem","position":2,"name":"Products","item":"https:\/\/wmtbaltic.lv\/en\/shop\/"},{"@type":"ListItem","position":3,"name":"K\u00f6maDUR PVH monol\u012bt\u0101s loksnes"}]},{"@type":"WebSite","@id":"https:\/\/wmtbaltic.lv\/#website","url":"https:\/\/wmtbaltic.lv\/","name":"WMT Baltic","description":"Rekl\u0101mas produkti, pl\u0113ves","publisher":{"@id":"https:\/\/wmtbaltic.lv\/#organization"},"potentialAction":[{"@type":"SearchAction","target":{"@type":"EntryPoint","urlTemplate":"https:\/\/wmtbaltic.lv\/?s={search_term_string}"},"query-input":{"@type":"PropertyValueSpecification","valueRequired":true,"valueName":"search_term_string"}}],"inLanguage":"en-US"},{"@type":"Organization","@id":"https:\/\/wmtbaltic.lv\/#organization","name":"WMT Baltic","url":"https:\/\/wmtbaltic.lv\/","logo":{"@type":"ImageObject","inLanguage":"en-US","@id":"https:\/\/wmtbaltic.lv\/#\/schema\/logo\/image\/","url":"https:\/\/wmtbaltic.lv\/wp-content\/uploads\/2024\/12\/wmt-baltic-sia_107142_9_420x180.jpg","contentUrl":"https:\/\/wmtbaltic.lv\/wp-content\/uploads\/2024\/12\/wmt-baltic-sia_107142_9_420x180.jpg","width":420,"height":180,"caption":"WMT Baltic"},"image":{"@id":"https:\/\/wmtbaltic.lv\/#\/schema\/logo\/image\/"},"sameAs":["https:\/\/www.facebook.com\/WMT.Baltic.viscom\/?locale=lv_LV","https:\/\/www.instagram.com\/viscom_wmt\/"]}]}},"_links":{"self":[{"href":"https:\/\/wmtbaltic.lv\/en\/wp-json\/wp\/v2\/product\/1456","targetHints":{"allow":["GET"]}}],"collection":[{"href":"https:\/\/wmtbaltic.lv\/en\/wp-json\/wp\/v2\/product"}],"about":[{"href":"https:\/\/wmtbaltic.lv\/en\/wp-json\/wp\/v2\/types\/product"}],"replies":[{"embeddable":true,"href":"https:\/\/wmtbaltic.lv\/en\/wp-json\/wp\/v2\/comments?post=1456"}],"wp:featuredmedia":[{"embeddable":true,"href":"https:\/\/wmtbaltic.lv\/en\/wp-json\/wp\/v2\/media\/13792"}],"wp:attachment":[{"href":"https:\/\/wmtbaltic.lv\/en\/wp-json\/wp\/v2\/media?parent=1456"}],"wp:term":[{"taxonomy":"product_brand","embeddable":true,"href":"https:\/\/wmtbaltic.lv\/en\/wp-json\/wp\/v2\/product_brand?post=1456"},{"taxonomy":"product_cat","embeddable":true,"href":"https:\/\/wmtbaltic.lv\/en\/wp-json\/wp\/v2\/product_cat?post=1456"},{"taxonomy":"product_tag","embeddable":true,"href":"https:\/\/wmtbaltic.lv\/en\/wp-json\/wp\/v2\/product_tag?post=1456"}],"curies":[{"name":"wp","href":"https:\/\/api.w.org\/{rel}","templated":true}]}}