{"id":14463,"date":"2023-02-20T11:16:42","date_gmt":"2023-02-20T11:16:42","guid":{"rendered":"https:\/\/wmtbaltic.lv\/?post_type=product&#038;p=14463"},"modified":"2024-01-17T14:36:19","modified_gmt":"2024-01-17T14:36:19","slug":"roland-dg-soljet-ej-640","status":"publish","type":"product","link":"https:\/\/wmtbaltic.lv\/en\/product\/roland-dg-soljet-ej-640\/","title":{"rendered":"Roland DG SOLJET EJ-640 colour lielform\u0101ta printeris"},"content":{"rendered":"<p>Roland DG SOLJET Ej-640 ar nep\u0101rsp\u0113jamu stabilit\u0101ti un uzticam\u012bbu, ir izstr\u0101d\u0101ts t\u0101, lai iztur\u0113tu visgar\u0101k\u0101s drukas tir\u0101\u017eas, pied\u0101v\u0101jot uzlabotu drukas \u0101trumu un augst\u0101ku grafikas un kr\u0101su reproduc\u0113\u0161anas kvalit\u0101ti.<\/p>\n<p>EJ-640 patent\u0113t\u0101 tr\u012bsda\u013c\u012bg\u0101 t\u012br\u012b\u0161anas sist\u0113ma ir izstr\u0101d\u0101ta t\u0101, lai iev\u0113rojami samazin\u0101tu tintes uzkr\u0101\u0161anos ap drukas galvi\u0146as malu, t\u0101d\u0113j\u0101di samazinot nodilumu, l\u012bdz minimumam samazinot lietot\u0101ja uztur\u0113\u0161anu un pagarinot drukas galvi\u0146as kalpo\u0161anas laiku. EJ-640 \u0101tri \u017e\u0101v\u0113 izdrukas, pat \u0101trgaitas re\u017e\u012bm\u0101, lai t\u0101s var\u0113tu nekav\u0113joties apstr\u0101d\u0101t, uzst\u0101d\u012bt vai sav\u0101kt pie\u0146em\u0161anas sist\u0113m\u0101.EJ-640 nodro\u0161ina augstu kr\u0101su kvalit\u0101ti un izcilus att\u0113lus un tekstu, kas bez lamin\u0113\u0161anas saglab\u0101jas l\u012bdz pat trim gadiem \u0101rpus telp\u0101m.Izcilas ra\u017eo\u0161anas iesp\u0113jas, izcila att\u0113la kvalit\u0101te un nep\u0101rsp\u0113jama uzticam\u012bba padara EJ-640 par ide\u0101lu r\u012bku automobi\u013cu grafikas izgatavo\u0161anai, baneru un plak\u0101tu noform\u0113\u0161anai.<\/p>\n<p><strong>\u012apa\u0161\u012bbas:<\/strong><\/p>\n<ul>\n<li>Printing technology: Piezoelectric inkjet<\/li>\n<li>Media width: 259 to 1625 mm<\/li>\n<li>Core diameter: *1 76.2 mm\u00a0 or 50.8 mm<\/li>\n<li>Roll weight: 40 kg<\/li>\n<li>Roll diameter: maximum 210 mm<\/li>\n<li>\u00a0Thickness: maximum 1mm with liner<\/li>\n<li>Weight (with stand): 220 kg<\/li>\n<li>Print resolution: max. 1440 dpi<\/li>\n<li>Included items: VersaWorks 6 RIP Software, Bulk Ink system, take-up system, dedicated stands, power cable, media clamps, media holders, replacement blade for separating, User&#8217;s Manual, etc.<\/li>\n<li>Dimensions (with stand): 2750 (W) x 785 (D) x 1520 (H) mm<\/li>\n<\/ul>\n<p><span lang=\"lv\"><span class=\"hps\" title=\"Noklik\u0161\u0137iniet, lai ieg\u016btu citus tulkojumus\">Divu tin\u0161u konfigur\u0101cijas:<\/span><\/span><\/p>\n<p><span lang=\"lv\"><span class=\"hps\" title=\"Noklik\u0161\u0137iniet, lai ieg\u016btu citus tulkojumus\">\u00a0\u00a0\u00a0\u00a0\u00a0\u00a0\u00a0\u00a0\u00a0\u00a0\u00a0\u00a0\u00a0\u00a0\u00a0 &#8211; CMYK;<\/span><\/span><\/p>\n<p><span lang=\"lv\"><span class=\"hps\" title=\"Noklik\u0161\u0137iniet, lai ieg\u016btu citus tulkojumus\">\u00a0\u00a0\u00a0\u00a0\u00a0\u00a0\u00a0\u00a0\u00a0\u00a0\u00a0\u00a0\u00a0\u00a0\u00a0 &#8211; CMYK + Light Cyan, Light Magenta, Light Black<\/span><\/span><\/p>\n<p><span lang=\"lv\"><span class=\"hps\" title=\"Noklik\u0161\u0137iniet, lai ieg\u016btu citus tulkojumus\"><iframe loading=\"lazy\"  id=\"_ytid_75742\"  width=\"780\" height=\"439\"  data-origwidth=\"780\" data-origheight=\"439\" src=\"https:\/\/www.youtube.com\/embed\/XymB4zSVq4Y?enablejsapi=1&autoplay=0&cc_load_policy=0&cc_lang_pref=&iv_load_policy=1&loop=0&rel=1&fs=1&playsinline=0&autohide=2&theme=dark&color=red&controls=1&disablekb=0&\" class=\"__youtube_prefs__  no-lazyload\" title=\"YouTube player\"  allow=\"fullscreen; accelerometer; autoplay; clipboard-write; encrypted-media; gyroscope; picture-in-picture; web-share\" referrerpolicy=\"strict-origin-when-cross-origin\" allowfullscreen data-no-lazy=\"1\" data-skipgform_ajax_framebjll=\"\"><\/iframe>\u00a0 \u00a0 \u00a0<\/span><\/span><\/p>\n<p><span lang=\"lv\"><span class=\"hps\" title=\"Noklik\u0161\u0137iniet, lai ieg\u016btu citus tulkojumus\"> \u00a0 \u00a0 <a href=\"http:\/\/wmtbaltic.lv\/wp-content\/uploads\/2023\/02\/soljetej640_brochure_230217.pdf\">SOLJET_640_BROSHURE<\/a><\/span><\/span><\/p>\n","protected":false},"excerpt":{"rendered":"Roland DG SOLJET Ej-640 ar nep\u0101rsp\u0113jamu stabilit\u0101ti un uzticam\u012bbu, ir izstr\u0101d\u0101ts t\u0101, lai iztur\u0113tu visgar\u0101k\u0101s drukas tir\u0101\u017eas, pied\u0101v\u0101jot uzlabotu drukas \u0101trumu un augst\u0101ku grafikas un kr\u0101su reproduc\u0113\u0161anas kvalit\u0101ti. EJ-640 patent\u0113t\u0101 tr\u012bsda\u013c\u012bg\u0101 t\u012br\u012b\u0161anas sist\u0113ma ir izstr\u0101d\u0101ta t\u0101, lai iev\u0113rojami samazin\u0101tu tintes uzkr\u0101\u0161anos ap drukas galvi\u0146as malu, t\u0101d\u0113j\u0101di samazinot nodilumu, l\u012bdz minimumam samazinot lietot\u0101ja uztur\u0113\u0161anu un pagarinot [...]","protected":false},"featured_media":14468,"comment_status":"closed","ping_status":"closed","template":"","meta":[],"product_brand":[],"product_cat":[83],"product_tag":[498,429,502,501,500,497,1226],"class_list":{"0":"post-14463","1":"product","2":"type-product","3":"status-publish","4":"has-post-thumbnail","6":"product_cat-uncategorized-lv","7":"product_tag-dg","8":"product_tag-druka","9":"product_tag-griesana","10":"product_tag-ploteris","11":"product_tag-printeris","12":"product_tag-roland","13":"product_tag-soljet","15":"first","16":"instock","17":"shipping-taxable","18":"product-type-simple"},"yoast_head":"<!-- This site is optimized with the Yoast SEO plugin v27.4 - https:\/\/yoast.com\/product\/yoast-seo-wordpress\/ -->\n<title>Roland DG SOLJET EJ-640 COLOUR, nopirkt R\u012bg\u0101, Latvija<\/title>\n<meta name=\"description\" content=\"Roland DG SOLJET EJ-640 COLOUR, ploteris, R\u012bga, veikals, WMT Baltic, interneta veikals, tehnika, iek\u0101rtas\" \/>\n<meta name=\"robots\" content=\"index, follow, max-snippet:-1, max-image-preview:large, max-video-preview:-1\" \/>\n<link rel=\"canonical\" href=\"https:\/\/wmtbaltic.lv\/Produkts\/roland-dg-soljet-ej-640\/\" \/>\n<meta property=\"og:locale\" content=\"en_US\" \/>\n<meta property=\"og:type\" content=\"article\" \/>\n<meta property=\"og:title\" content=\"Roland DG SOLJET EJ-640 COLOUR, nopirkt R\u012bg\u0101, Latvija\" \/>\n<meta property=\"og:description\" content=\"Roland DG SOLJET EJ-640 COLOUR, ploteris, R\u012bga, veikals, WMT Baltic, interneta veikals, tehnika, iek\u0101rtas\" \/>\n<meta property=\"og:url\" content=\"https:\/\/wmtbaltic.lv\/Produkts\/roland-dg-soljet-ej-640\/\" \/>\n<meta property=\"og:site_name\" content=\"WMT Baltic\" \/>\n<meta property=\"article:publisher\" content=\"https:\/\/www.facebook.com\/WMT.Baltic.viscom\/?locale=lv_LV\" \/>\n<meta property=\"article:modified_time\" content=\"2024-01-17T14:36:19+00:00\" \/>\n<meta property=\"og:image\" content=\"http:\/\/wmtbaltic.lv\/wp-content\/uploads\/2023\/02\/ej_nav-2.png\" \/>\n\t<meta property=\"og:image:width\" content=\"318\" \/>\n\t<meta property=\"og:image:height\" content=\"200\" \/>\n\t<meta property=\"og:image:type\" content=\"image\/png\" \/>\n<meta name=\"twitter:card\" content=\"summary_large_image\" \/>\n<meta name=\"twitter:label1\" content=\"Est. reading time\" \/>\n\t<meta name=\"twitter:data1\" content=\"1 minute\" \/>\n<script type=\"application\/ld+json\" class=\"yoast-schema-graph\">{\"@context\":\"https:\\\/\\\/schema.org\",\"@graph\":[{\"@type\":\"WebPage\",\"@id\":\"https:\\\/\\\/wmtbaltic.lv\\\/Produkts\\\/roland-dg-soljet-ej-640\\\/\",\"url\":\"https:\\\/\\\/wmtbaltic.lv\\\/Produkts\\\/roland-dg-soljet-ej-640\\\/\",\"name\":\"Roland DG SOLJET EJ-640 COLOUR, nopirkt R\u012bg\u0101, Latvija\",\"isPartOf\":{\"@id\":\"https:\\\/\\\/wmtbaltic.lv\\\/#website\"},\"primaryImageOfPage\":{\"@id\":\"https:\\\/\\\/wmtbaltic.lv\\\/Produkts\\\/roland-dg-soljet-ej-640\\\/#primaryimage\"},\"image\":{\"@id\":\"https:\\\/\\\/wmtbaltic.lv\\\/Produkts\\\/roland-dg-soljet-ej-640\\\/#primaryimage\"},\"thumbnailUrl\":\"https:\\\/\\\/wmtbaltic.lv\\\/wp-content\\\/uploads\\\/2023\\\/02\\\/ej_nav-2.png\",\"datePublished\":\"2023-02-20T11:16:42+00:00\",\"dateModified\":\"2024-01-17T14:36:19+00:00\",\"description\":\"Roland DG SOLJET EJ-640 COLOUR, ploteris, R\u012bga, veikals, WMT Baltic, interneta veikals, tehnika, iek\u0101rtas\",\"breadcrumb\":{\"@id\":\"https:\\\/\\\/wmtbaltic.lv\\\/Produkts\\\/roland-dg-soljet-ej-640\\\/#breadcrumb\"},\"inLanguage\":\"en-US\",\"potentialAction\":[{\"@type\":\"ReadAction\",\"target\":[\"https:\\\/\\\/wmtbaltic.lv\\\/Produkts\\\/roland-dg-soljet-ej-640\\\/\"]}]},{\"@type\":\"ImageObject\",\"inLanguage\":\"en-US\",\"@id\":\"https:\\\/\\\/wmtbaltic.lv\\\/Produkts\\\/roland-dg-soljet-ej-640\\\/#primaryimage\",\"url\":\"https:\\\/\\\/wmtbaltic.lv\\\/wp-content\\\/uploads\\\/2023\\\/02\\\/ej_nav-2.png\",\"contentUrl\":\"https:\\\/\\\/wmtbaltic.lv\\\/wp-content\\\/uploads\\\/2023\\\/02\\\/ej_nav-2.png\",\"width\":318,\"height\":200},{\"@type\":\"BreadcrumbList\",\"@id\":\"https:\\\/\\\/wmtbaltic.lv\\\/Produkts\\\/roland-dg-soljet-ej-640\\\/#breadcrumb\",\"itemListElement\":[{\"@type\":\"ListItem\",\"position\":1,\"name\":\"Home\",\"item\":\"https:\\\/\\\/wmtbaltic.lv\\\/en\\\/\"},{\"@type\":\"ListItem\",\"position\":2,\"name\":\"Products\",\"item\":\"https:\\\/\\\/wmtbaltic.lv\\\/en\\\/shop\\\/\"},{\"@type\":\"ListItem\",\"position\":3,\"name\":\"Roland DG SOLJET EJ-640 colour lielform\u0101ta printeris\"}]},{\"@type\":\"WebSite\",\"@id\":\"https:\\\/\\\/wmtbaltic.lv\\\/#website\",\"url\":\"https:\\\/\\\/wmtbaltic.lv\\\/\",\"name\":\"WMT Baltic\",\"description\":\"Rekl\u0101mas produkti, pl\u0113ves\",\"publisher\":{\"@id\":\"https:\\\/\\\/wmtbaltic.lv\\\/#organization\"},\"potentialAction\":[{\"@type\":\"SearchAction\",\"target\":{\"@type\":\"EntryPoint\",\"urlTemplate\":\"https:\\\/\\\/wmtbaltic.lv\\\/?s={search_term_string}\"},\"query-input\":{\"@type\":\"PropertyValueSpecification\",\"valueRequired\":true,\"valueName\":\"search_term_string\"}}],\"inLanguage\":\"en-US\"},{\"@type\":\"Organization\",\"@id\":\"https:\\\/\\\/wmtbaltic.lv\\\/#organization\",\"name\":\"WMT Baltic\",\"url\":\"https:\\\/\\\/wmtbaltic.lv\\\/\",\"logo\":{\"@type\":\"ImageObject\",\"inLanguage\":\"en-US\",\"@id\":\"https:\\\/\\\/wmtbaltic.lv\\\/#\\\/schema\\\/logo\\\/image\\\/\",\"url\":\"https:\\\/\\\/wmtbaltic.lv\\\/wp-content\\\/uploads\\\/2024\\\/12\\\/wmt-baltic-sia_107142_9_420x180.jpg\",\"contentUrl\":\"https:\\\/\\\/wmtbaltic.lv\\\/wp-content\\\/uploads\\\/2024\\\/12\\\/wmt-baltic-sia_107142_9_420x180.jpg\",\"width\":420,\"height\":180,\"caption\":\"WMT Baltic\"},\"image\":{\"@id\":\"https:\\\/\\\/wmtbaltic.lv\\\/#\\\/schema\\\/logo\\\/image\\\/\"},\"sameAs\":[\"https:\\\/\\\/www.facebook.com\\\/WMT.Baltic.viscom\\\/?locale=lv_LV\",\"https:\\\/\\\/www.instagram.com\\\/viscom_wmt\\\/\"]}]}<\/script>\n<!-- \/ Yoast SEO plugin. -->","yoast_head_json":{"title":"Roland DG SOLJET EJ-640 COLOUR, nopirkt R\u012bg\u0101, Latvija","description":"Roland DG SOLJET EJ-640 COLOUR, ploteris, R\u012bga, veikals, WMT Baltic, interneta veikals, tehnika, iek\u0101rtas","robots":{"index":"index","follow":"follow","max-snippet":"max-snippet:-1","max-image-preview":"max-image-preview:large","max-video-preview":"max-video-preview:-1"},"canonical":"https:\/\/wmtbaltic.lv\/Produkts\/roland-dg-soljet-ej-640\/","og_locale":"en_US","og_type":"article","og_title":"Roland DG SOLJET EJ-640 COLOUR, nopirkt R\u012bg\u0101, Latvija","og_description":"Roland DG SOLJET EJ-640 COLOUR, ploteris, R\u012bga, veikals, WMT Baltic, interneta veikals, tehnika, iek\u0101rtas","og_url":"https:\/\/wmtbaltic.lv\/Produkts\/roland-dg-soljet-ej-640\/","og_site_name":"WMT Baltic","article_publisher":"https:\/\/www.facebook.com\/WMT.Baltic.viscom\/?locale=lv_LV","article_modified_time":"2024-01-17T14:36:19+00:00","og_image":[{"width":318,"height":200,"url":"http:\/\/wmtbaltic.lv\/wp-content\/uploads\/2023\/02\/ej_nav-2.png","type":"image\/png"}],"twitter_card":"summary_large_image","twitter_misc":{"Est. reading time":"1 minute"},"schema":{"@context":"https:\/\/schema.org","@graph":[{"@type":"WebPage","@id":"https:\/\/wmtbaltic.lv\/Produkts\/roland-dg-soljet-ej-640\/","url":"https:\/\/wmtbaltic.lv\/Produkts\/roland-dg-soljet-ej-640\/","name":"Roland DG SOLJET EJ-640 COLOUR, nopirkt R\u012bg\u0101, Latvija","isPartOf":{"@id":"https:\/\/wmtbaltic.lv\/#website"},"primaryImageOfPage":{"@id":"https:\/\/wmtbaltic.lv\/Produkts\/roland-dg-soljet-ej-640\/#primaryimage"},"image":{"@id":"https:\/\/wmtbaltic.lv\/Produkts\/roland-dg-soljet-ej-640\/#primaryimage"},"thumbnailUrl":"https:\/\/wmtbaltic.lv\/wp-content\/uploads\/2023\/02\/ej_nav-2.png","datePublished":"2023-02-20T11:16:42+00:00","dateModified":"2024-01-17T14:36:19+00:00","description":"Roland DG SOLJET EJ-640 COLOUR, ploteris, R\u012bga, veikals, WMT Baltic, interneta veikals, tehnika, iek\u0101rtas","breadcrumb":{"@id":"https:\/\/wmtbaltic.lv\/Produkts\/roland-dg-soljet-ej-640\/#breadcrumb"},"inLanguage":"en-US","potentialAction":[{"@type":"ReadAction","target":["https:\/\/wmtbaltic.lv\/Produkts\/roland-dg-soljet-ej-640\/"]}]},{"@type":"ImageObject","inLanguage":"en-US","@id":"https:\/\/wmtbaltic.lv\/Produkts\/roland-dg-soljet-ej-640\/#primaryimage","url":"https:\/\/wmtbaltic.lv\/wp-content\/uploads\/2023\/02\/ej_nav-2.png","contentUrl":"https:\/\/wmtbaltic.lv\/wp-content\/uploads\/2023\/02\/ej_nav-2.png","width":318,"height":200},{"@type":"BreadcrumbList","@id":"https:\/\/wmtbaltic.lv\/Produkts\/roland-dg-soljet-ej-640\/#breadcrumb","itemListElement":[{"@type":"ListItem","position":1,"name":"Home","item":"https:\/\/wmtbaltic.lv\/en\/"},{"@type":"ListItem","position":2,"name":"Products","item":"https:\/\/wmtbaltic.lv\/en\/shop\/"},{"@type":"ListItem","position":3,"name":"Roland DG SOLJET EJ-640 colour lielform\u0101ta printeris"}]},{"@type":"WebSite","@id":"https:\/\/wmtbaltic.lv\/#website","url":"https:\/\/wmtbaltic.lv\/","name":"WMT Baltic","description":"Rekl\u0101mas produkti, pl\u0113ves","publisher":{"@id":"https:\/\/wmtbaltic.lv\/#organization"},"potentialAction":[{"@type":"SearchAction","target":{"@type":"EntryPoint","urlTemplate":"https:\/\/wmtbaltic.lv\/?s={search_term_string}"},"query-input":{"@type":"PropertyValueSpecification","valueRequired":true,"valueName":"search_term_string"}}],"inLanguage":"en-US"},{"@type":"Organization","@id":"https:\/\/wmtbaltic.lv\/#organization","name":"WMT Baltic","url":"https:\/\/wmtbaltic.lv\/","logo":{"@type":"ImageObject","inLanguage":"en-US","@id":"https:\/\/wmtbaltic.lv\/#\/schema\/logo\/image\/","url":"https:\/\/wmtbaltic.lv\/wp-content\/uploads\/2024\/12\/wmt-baltic-sia_107142_9_420x180.jpg","contentUrl":"https:\/\/wmtbaltic.lv\/wp-content\/uploads\/2024\/12\/wmt-baltic-sia_107142_9_420x180.jpg","width":420,"height":180,"caption":"WMT Baltic"},"image":{"@id":"https:\/\/wmtbaltic.lv\/#\/schema\/logo\/image\/"},"sameAs":["https:\/\/www.facebook.com\/WMT.Baltic.viscom\/?locale=lv_LV","https:\/\/www.instagram.com\/viscom_wmt\/"]}]}},"_links":{"self":[{"href":"https:\/\/wmtbaltic.lv\/en\/wp-json\/wp\/v2\/product\/14463","targetHints":{"allow":["GET"]}}],"collection":[{"href":"https:\/\/wmtbaltic.lv\/en\/wp-json\/wp\/v2\/product"}],"about":[{"href":"https:\/\/wmtbaltic.lv\/en\/wp-json\/wp\/v2\/types\/product"}],"replies":[{"embeddable":true,"href":"https:\/\/wmtbaltic.lv\/en\/wp-json\/wp\/v2\/comments?post=14463"}],"wp:featuredmedia":[{"embeddable":true,"href":"https:\/\/wmtbaltic.lv\/en\/wp-json\/wp\/v2\/media\/14468"}],"wp:attachment":[{"href":"https:\/\/wmtbaltic.lv\/en\/wp-json\/wp\/v2\/media?parent=14463"}],"wp:term":[{"taxonomy":"product_brand","embeddable":true,"href":"https:\/\/wmtbaltic.lv\/en\/wp-json\/wp\/v2\/product_brand?post=14463"},{"taxonomy":"product_cat","embeddable":true,"href":"https:\/\/wmtbaltic.lv\/en\/wp-json\/wp\/v2\/product_cat?post=14463"},{"taxonomy":"product_tag","embeddable":true,"href":"https:\/\/wmtbaltic.lv\/en\/wp-json\/wp\/v2\/product_tag?post=14463"}],"curies":[{"name":"wp","href":"https:\/\/api.w.org\/{rel}","templated":true}]}}