{"id":14428,"date":"2023-02-20T07:33:50","date_gmt":"2023-02-20T07:33:50","guid":{"rendered":"https:\/\/wmtbaltic.lv\/?post_type=product&#038;p=14428"},"modified":"2023-10-20T07:04:52","modified_gmt":"2023-10-20T07:04:52","slug":"roland_iu-1000f_large_format_uv_printer","status":"publish","type":"product","link":"https:\/\/wmtbaltic.lv\/en\/product\/roland_iu-1000f_large_format_uv_printer\/","title":{"rendered":"IU-1000F Large Format UV Flatbed printeris"},"content":{"rendered":"<p>Lai nodro\u0161in\u0101tu maksim\u0101lu produktivit\u0101ti un neierobe\u017eotas druk\u0101\u0161anas iesp\u0113jas, IU-1000F UV plakanais printeris nodro\u0161ina \u0101trumu, \u012bpa\u0161i prec\u012bzu kr\u0101su atveidi un rado\u0161u drukas izteiksmi.IU-1000F pied\u0101v\u0101 CMYK, k\u0101 ar\u012b baltas, glanc\u0113tas un gruntskr\u0101sas kr\u0101sas vien\u0101 jaud\u012bg\u0101 ier\u012bc\u0113, kas nodro\u0161ina iespaid\u012bgu lietojumu kl\u0101stu. Printeris Jums var pal\u012bdz\u0113t noform\u0113t izk\u0101rtnes, izst\u0101\u017eu grafikas, iek\u0161telpu dekorus, apgaismotus displejus, sienas grafikas uz audekla un daudz ko citu.<\/p>\n<p>Augsta bl\u012bvuma, augstas adh\u0113zijas UV kr\u0101sas ir sader\u012bgas ar pla\u0161u materi\u0101lu kl\u0101stu, tostarp akrilu, PETG, PVC, putuplastu, polikarbon\u0101tu, koku, gofr\u0113to polipropil\u0113nu, alum\u012bnija kompoz\u012btmateri\u0101lu pl\u0101ksn\u0113m, met\u0101lu un stiklu.<\/p>\n<p><strong>\u012apa\u0161\u012bbas:<\/strong><\/p>\n<p>\u2013 Printing method: Piezo ink-jet method<br \/>\n\u2013 Colour: six colours (Cyan, Magenta, Yellow, Black, White and Gloss) and Primer<br \/>\n<strong>\u2013 <\/strong>Print resolution: max. 635 \u00d7 1800 dpi<br \/>\n\u2013 Dimensions: 4812 (W) \u00d7 2200 (D) \u00d7 1580 (H) mm<br \/>\n\u2013 Weight: 1436 kg<br \/>\n\u2013 Media maximum size: 2510 mm (W) \u00d7 1310 (L) mm<br \/>\n\u2013 Media maximum thickness: 110 mm<br \/>\n\u2013 Media maximum weight: 45 kg<br \/>\n\u2013 Maximum printing area: 2500 mm (W) \u00d7 1300 mm (L) mm<br \/>\n\u2013 Included items: print Control software, USB cable, cleaning kit, CD manuals, etc.<\/p>\n<p><a href=\"http:\/\/wmtbaltic.lv\/wp-content\/uploads\/2023\/02\/roland_dg_iu1000f_brochure_web.pdf\">Roland_DG_IU_1000F_broshure<\/a><\/p>\n<iframe loading=\"lazy\"  id=\"_ytid_54339\"  width=\"780\" height=\"439\"  data-origwidth=\"780\" data-origheight=\"439\" src=\"https:\/\/www.youtube.com\/embed\/McXgSOj3G9k?enablejsapi=1&autoplay=0&cc_load_policy=0&cc_lang_pref=&iv_load_policy=1&loop=0&rel=1&fs=1&playsinline=0&autohide=2&theme=dark&color=red&controls=1&disablekb=0&\" class=\"__youtube_prefs__  no-lazyload\" title=\"YouTube player\"  allow=\"fullscreen; accelerometer; autoplay; clipboard-write; encrypted-media; gyroscope; picture-in-picture; web-share\" referrerpolicy=\"strict-origin-when-cross-origin\" allowfullscreen data-no-lazy=\"1\" data-skipgform_ajax_framebjll=\"\"><\/iframe>\n<p>&nbsp;<\/p>\n","protected":false},"excerpt":{"rendered":"Lai nodro\u0161in\u0101tu maksim\u0101lu produktivit\u0101ti un neierobe\u017eotas druk\u0101\u0161anas iesp\u0113jas, IU-1000F UV plakanais printeris nodro\u0161ina \u0101trumu, \u012bpa\u0161i prec\u012bzu kr\u0101su atveidi un rado\u0161u drukas izteiksmi.IU-1000F pied\u0101v\u0101 CMYK, k\u0101 ar\u012b baltas, glanc\u0113tas un gruntskr\u0101sas kr\u0101sas vien\u0101 jaud\u012bg\u0101 ier\u012bc\u0113, kas nodro\u0161ina iespaid\u012bgu lietojumu kl\u0101stu. Printeris Jums var pal\u012bdz\u0113t noform\u0113t izk\u0101rtnes, izst\u0101\u017eu grafikas, iek\u0161telpu dekorus, apgaismotus displejus, sienas grafikas uz audekla [...]","protected":false},"featured_media":14461,"comment_status":"closed","ping_status":"closed","template":"","meta":[],"product_brand":[],"product_cat":[258,1272],"product_tag":[755,1225,756,497],"class_list":{"0":"post-14428","1":"product","2":"type-product","3":"status-publish","4":"has-post-thumbnail","6":"product_cat-iekartas-un-izejmateriali","7":"product_cat-uv-printeri","8":"product_tag-griezejis","9":"product_tag-iu_1000f","10":"product_tag-lielformata-printeri","11":"product_tag-roland","13":"first","14":"instock","15":"shipping-taxable","16":"product-type-simple"},"yoast_head":"<!-- This site is optimized with the Yoast SEO plugin v27.4 - https:\/\/yoast.com\/product\/yoast-seo-wordpress\/ -->\n<title>IU-1000F Large Format UV Flatbed printeris - WMT Baltic<\/title>\n<meta name=\"robots\" content=\"index, follow, max-snippet:-1, max-image-preview:large, max-video-preview:-1\" \/>\n<link rel=\"canonical\" href=\"https:\/\/wmtbaltic.lv\/Produkts\/roland_iu-1000f_large_format_uv_printer\/\" \/>\n<meta property=\"og:locale\" content=\"en_US\" \/>\n<meta property=\"og:type\" content=\"article\" \/>\n<meta property=\"og:title\" content=\"IU-1000F Large Format UV Flatbed printeris - WMT Baltic\" \/>\n<meta property=\"og:url\" content=\"https:\/\/wmtbaltic.lv\/Produkts\/roland_iu-1000f_large_format_uv_printer\/\" \/>\n<meta property=\"og:site_name\" content=\"WMT Baltic\" \/>\n<meta property=\"article:publisher\" content=\"https:\/\/www.facebook.com\/WMT.Baltic.viscom\/?locale=lv_LV\" \/>\n<meta property=\"article:modified_time\" content=\"2023-10-20T07:04:52+00:00\" \/>\n<meta property=\"og:image\" content=\"http:\/\/wmtbaltic.lv\/wp-content\/uploads\/2023\/02\/10000000000000000.jpg\" \/>\n\t<meta property=\"og:image:width\" content=\"318\" \/>\n\t<meta property=\"og:image:height\" content=\"200\" \/>\n\t<meta property=\"og:image:type\" content=\"image\/jpeg\" \/>\n<meta name=\"twitter:card\" content=\"summary_large_image\" \/>\n<meta name=\"twitter:label1\" content=\"Est. reading time\" \/>\n\t<meta name=\"twitter:data1\" content=\"1 minute\" \/>\n<script type=\"application\/ld+json\" class=\"yoast-schema-graph\">{\"@context\":\"https:\\\/\\\/schema.org\",\"@graph\":[{\"@type\":\"WebPage\",\"@id\":\"https:\\\/\\\/wmtbaltic.lv\\\/Produkts\\\/roland_iu-1000f_large_format_uv_printer\\\/\",\"url\":\"https:\\\/\\\/wmtbaltic.lv\\\/Produkts\\\/roland_iu-1000f_large_format_uv_printer\\\/\",\"name\":\"IU-1000F Large Format UV Flatbed printeris - WMT Baltic\",\"isPartOf\":{\"@id\":\"https:\\\/\\\/wmtbaltic.lv\\\/#website\"},\"primaryImageOfPage\":{\"@id\":\"https:\\\/\\\/wmtbaltic.lv\\\/Produkts\\\/roland_iu-1000f_large_format_uv_printer\\\/#primaryimage\"},\"image\":{\"@id\":\"https:\\\/\\\/wmtbaltic.lv\\\/Produkts\\\/roland_iu-1000f_large_format_uv_printer\\\/#primaryimage\"},\"thumbnailUrl\":\"https:\\\/\\\/wmtbaltic.lv\\\/wp-content\\\/uploads\\\/2023\\\/02\\\/10000000000000000.jpg\",\"datePublished\":\"2023-02-20T07:33:50+00:00\",\"dateModified\":\"2023-10-20T07:04:52+00:00\",\"breadcrumb\":{\"@id\":\"https:\\\/\\\/wmtbaltic.lv\\\/Produkts\\\/roland_iu-1000f_large_format_uv_printer\\\/#breadcrumb\"},\"inLanguage\":\"en-US\",\"potentialAction\":[{\"@type\":\"ReadAction\",\"target\":[\"https:\\\/\\\/wmtbaltic.lv\\\/Produkts\\\/roland_iu-1000f_large_format_uv_printer\\\/\"]}]},{\"@type\":\"ImageObject\",\"inLanguage\":\"en-US\",\"@id\":\"https:\\\/\\\/wmtbaltic.lv\\\/Produkts\\\/roland_iu-1000f_large_format_uv_printer\\\/#primaryimage\",\"url\":\"https:\\\/\\\/wmtbaltic.lv\\\/wp-content\\\/uploads\\\/2023\\\/02\\\/10000000000000000.jpg\",\"contentUrl\":\"https:\\\/\\\/wmtbaltic.lv\\\/wp-content\\\/uploads\\\/2023\\\/02\\\/10000000000000000.jpg\",\"width\":318,\"height\":200},{\"@type\":\"BreadcrumbList\",\"@id\":\"https:\\\/\\\/wmtbaltic.lv\\\/Produkts\\\/roland_iu-1000f_large_format_uv_printer\\\/#breadcrumb\",\"itemListElement\":[{\"@type\":\"ListItem\",\"position\":1,\"name\":\"Home\",\"item\":\"https:\\\/\\\/wmtbaltic.lv\\\/en\\\/\"},{\"@type\":\"ListItem\",\"position\":2,\"name\":\"Products\",\"item\":\"https:\\\/\\\/wmtbaltic.lv\\\/en\\\/shop\\\/\"},{\"@type\":\"ListItem\",\"position\":3,\"name\":\"IU-1000F Large Format UV Flatbed printeris\"}]},{\"@type\":\"WebSite\",\"@id\":\"https:\\\/\\\/wmtbaltic.lv\\\/#website\",\"url\":\"https:\\\/\\\/wmtbaltic.lv\\\/\",\"name\":\"WMT Baltic\",\"description\":\"Rekl\u0101mas produkti, pl\u0113ves\",\"publisher\":{\"@id\":\"https:\\\/\\\/wmtbaltic.lv\\\/#organization\"},\"potentialAction\":[{\"@type\":\"SearchAction\",\"target\":{\"@type\":\"EntryPoint\",\"urlTemplate\":\"https:\\\/\\\/wmtbaltic.lv\\\/?s={search_term_string}\"},\"query-input\":{\"@type\":\"PropertyValueSpecification\",\"valueRequired\":true,\"valueName\":\"search_term_string\"}}],\"inLanguage\":\"en-US\"},{\"@type\":\"Organization\",\"@id\":\"https:\\\/\\\/wmtbaltic.lv\\\/#organization\",\"name\":\"WMT Baltic\",\"url\":\"https:\\\/\\\/wmtbaltic.lv\\\/\",\"logo\":{\"@type\":\"ImageObject\",\"inLanguage\":\"en-US\",\"@id\":\"https:\\\/\\\/wmtbaltic.lv\\\/#\\\/schema\\\/logo\\\/image\\\/\",\"url\":\"https:\\\/\\\/wmtbaltic.lv\\\/wp-content\\\/uploads\\\/2024\\\/12\\\/wmt-baltic-sia_107142_9_420x180.jpg\",\"contentUrl\":\"https:\\\/\\\/wmtbaltic.lv\\\/wp-content\\\/uploads\\\/2024\\\/12\\\/wmt-baltic-sia_107142_9_420x180.jpg\",\"width\":420,\"height\":180,\"caption\":\"WMT Baltic\"},\"image\":{\"@id\":\"https:\\\/\\\/wmtbaltic.lv\\\/#\\\/schema\\\/logo\\\/image\\\/\"},\"sameAs\":[\"https:\\\/\\\/www.facebook.com\\\/WMT.Baltic.viscom\\\/?locale=lv_LV\",\"https:\\\/\\\/www.instagram.com\\\/viscom_wmt\\\/\"]}]}<\/script>\n<!-- \/ Yoast SEO plugin. -->","yoast_head_json":{"title":"IU-1000F Large Format UV Flatbed printeris - WMT Baltic","robots":{"index":"index","follow":"follow","max-snippet":"max-snippet:-1","max-image-preview":"max-image-preview:large","max-video-preview":"max-video-preview:-1"},"canonical":"https:\/\/wmtbaltic.lv\/Produkts\/roland_iu-1000f_large_format_uv_printer\/","og_locale":"en_US","og_type":"article","og_title":"IU-1000F Large Format UV Flatbed printeris - WMT Baltic","og_url":"https:\/\/wmtbaltic.lv\/Produkts\/roland_iu-1000f_large_format_uv_printer\/","og_site_name":"WMT Baltic","article_publisher":"https:\/\/www.facebook.com\/WMT.Baltic.viscom\/?locale=lv_LV","article_modified_time":"2023-10-20T07:04:52+00:00","og_image":[{"width":318,"height":200,"url":"http:\/\/wmtbaltic.lv\/wp-content\/uploads\/2023\/02\/10000000000000000.jpg","type":"image\/jpeg"}],"twitter_card":"summary_large_image","twitter_misc":{"Est. reading time":"1 minute"},"schema":{"@context":"https:\/\/schema.org","@graph":[{"@type":"WebPage","@id":"https:\/\/wmtbaltic.lv\/Produkts\/roland_iu-1000f_large_format_uv_printer\/","url":"https:\/\/wmtbaltic.lv\/Produkts\/roland_iu-1000f_large_format_uv_printer\/","name":"IU-1000F Large Format UV Flatbed printeris - WMT Baltic","isPartOf":{"@id":"https:\/\/wmtbaltic.lv\/#website"},"primaryImageOfPage":{"@id":"https:\/\/wmtbaltic.lv\/Produkts\/roland_iu-1000f_large_format_uv_printer\/#primaryimage"},"image":{"@id":"https:\/\/wmtbaltic.lv\/Produkts\/roland_iu-1000f_large_format_uv_printer\/#primaryimage"},"thumbnailUrl":"https:\/\/wmtbaltic.lv\/wp-content\/uploads\/2023\/02\/10000000000000000.jpg","datePublished":"2023-02-20T07:33:50+00:00","dateModified":"2023-10-20T07:04:52+00:00","breadcrumb":{"@id":"https:\/\/wmtbaltic.lv\/Produkts\/roland_iu-1000f_large_format_uv_printer\/#breadcrumb"},"inLanguage":"en-US","potentialAction":[{"@type":"ReadAction","target":["https:\/\/wmtbaltic.lv\/Produkts\/roland_iu-1000f_large_format_uv_printer\/"]}]},{"@type":"ImageObject","inLanguage":"en-US","@id":"https:\/\/wmtbaltic.lv\/Produkts\/roland_iu-1000f_large_format_uv_printer\/#primaryimage","url":"https:\/\/wmtbaltic.lv\/wp-content\/uploads\/2023\/02\/10000000000000000.jpg","contentUrl":"https:\/\/wmtbaltic.lv\/wp-content\/uploads\/2023\/02\/10000000000000000.jpg","width":318,"height":200},{"@type":"BreadcrumbList","@id":"https:\/\/wmtbaltic.lv\/Produkts\/roland_iu-1000f_large_format_uv_printer\/#breadcrumb","itemListElement":[{"@type":"ListItem","position":1,"name":"Home","item":"https:\/\/wmtbaltic.lv\/en\/"},{"@type":"ListItem","position":2,"name":"Products","item":"https:\/\/wmtbaltic.lv\/en\/shop\/"},{"@type":"ListItem","position":3,"name":"IU-1000F Large Format UV Flatbed printeris"}]},{"@type":"WebSite","@id":"https:\/\/wmtbaltic.lv\/#website","url":"https:\/\/wmtbaltic.lv\/","name":"WMT Baltic","description":"Rekl\u0101mas produkti, pl\u0113ves","publisher":{"@id":"https:\/\/wmtbaltic.lv\/#organization"},"potentialAction":[{"@type":"SearchAction","target":{"@type":"EntryPoint","urlTemplate":"https:\/\/wmtbaltic.lv\/?s={search_term_string}"},"query-input":{"@type":"PropertyValueSpecification","valueRequired":true,"valueName":"search_term_string"}}],"inLanguage":"en-US"},{"@type":"Organization","@id":"https:\/\/wmtbaltic.lv\/#organization","name":"WMT Baltic","url":"https:\/\/wmtbaltic.lv\/","logo":{"@type":"ImageObject","inLanguage":"en-US","@id":"https:\/\/wmtbaltic.lv\/#\/schema\/logo\/image\/","url":"https:\/\/wmtbaltic.lv\/wp-content\/uploads\/2024\/12\/wmt-baltic-sia_107142_9_420x180.jpg","contentUrl":"https:\/\/wmtbaltic.lv\/wp-content\/uploads\/2024\/12\/wmt-baltic-sia_107142_9_420x180.jpg","width":420,"height":180,"caption":"WMT Baltic"},"image":{"@id":"https:\/\/wmtbaltic.lv\/#\/schema\/logo\/image\/"},"sameAs":["https:\/\/www.facebook.com\/WMT.Baltic.viscom\/?locale=lv_LV","https:\/\/www.instagram.com\/viscom_wmt\/"]}]}},"_links":{"self":[{"href":"https:\/\/wmtbaltic.lv\/en\/wp-json\/wp\/v2\/product\/14428","targetHints":{"allow":["GET"]}}],"collection":[{"href":"https:\/\/wmtbaltic.lv\/en\/wp-json\/wp\/v2\/product"}],"about":[{"href":"https:\/\/wmtbaltic.lv\/en\/wp-json\/wp\/v2\/types\/product"}],"replies":[{"embeddable":true,"href":"https:\/\/wmtbaltic.lv\/en\/wp-json\/wp\/v2\/comments?post=14428"}],"wp:featuredmedia":[{"embeddable":true,"href":"https:\/\/wmtbaltic.lv\/en\/wp-json\/wp\/v2\/media\/14461"}],"wp:attachment":[{"href":"https:\/\/wmtbaltic.lv\/en\/wp-json\/wp\/v2\/media?parent=14428"}],"wp:term":[{"taxonomy":"product_brand","embeddable":true,"href":"https:\/\/wmtbaltic.lv\/en\/wp-json\/wp\/v2\/product_brand?post=14428"},{"taxonomy":"product_cat","embeddable":true,"href":"https:\/\/wmtbaltic.lv\/en\/wp-json\/wp\/v2\/product_cat?post=14428"},{"taxonomy":"product_tag","embeddable":true,"href":"https:\/\/wmtbaltic.lv\/en\/wp-json\/wp\/v2\/product_tag?post=14428"}],"curies":[{"name":"wp","href":"https:\/\/api.w.org\/{rel}","templated":true}]}}