{"id":14411,"date":"2023-02-17T14:46:01","date_gmt":"2023-02-17T14:46:01","guid":{"rendered":"https:\/\/wmtbaltic.lv\/?post_type=product&#038;p=14411"},"modified":"2026-04-24T13:39:56","modified_gmt":"2026-04-24T13:39:56","slug":"roland-truevisnew-ap-640-printer","status":"publish","type":"product","link":"https:\/\/wmtbaltic.lv\/en\/product\/roland-truevisnew-ap-640-printer\/","title":{"rendered":"Roland TrueVISNEW AP-640 printeris"},"content":{"rendered":"<p data-path-to-node=\"2\">TrueVIS AP-640 no jauna nosaka standartus drukai, nodro\u0161inot augstu kr\u0101su pies\u0101tin\u0101jumu uz da\u017e\u0101diem materi\u0101liem. Iek\u0101rta ir apr\u012bkota ar jaun\u0101m TrueVIS lateksa tint\u0113m un uzlabot\u0101m funkcij\u0101m, kas optimiz\u0113 kr\u0101su atveidi un drukas kvalit\u0101ti pla\u0161am lietojumu kl\u0101stam. Printeris ir ide\u0101li piem\u0113rots interjera noform\u0113\u0161anai. Ar TrueVIS AP-640 varat dekor\u0113t sienas ar izteiksm\u012bg\u0101m tapet\u0113m. Iek\u0101rta sniedz iesp\u0113ju druk\u0101t spilgtas kr\u0101sas un detaliz\u0113tus att\u0113lus uz transportl\u012bdzek\u013cu apl\u012bm\u0113\u0161anas materi\u0101liem, izmantojot lateksa tintes, kas no\u017e\u016bst uzreiz un \u013cauj \u0101tri veikt darbus.<\/p>\n<p data-path-to-node=\"3\">TrueVIS \u016bdens b\u0101zes sve\u0137u tintes nodro\u0161ina \u0101tri \u017e\u016bsto\u0161us, skr\u0101p\u0113jumiztur\u012bgus un dro\u0161us rezult\u0101tus. TrueVIS sve\u0137u tintes pied\u0101v\u0101 augst\u0101ku kr\u0101su pies\u0101tin\u0101jumu uz materi\u0101liem bez PVC nek\u0101 parast\u0101s lateksa tintes.<\/p>\n<p><strong>Specifik\u0101cija:<\/strong><\/p>\n<ul>\n<li>Drukas metode: Piezo ink-jet method<\/li>\n<li>Izm\u0113rs: 2,886 mm \u00d7 836 mm \u00d71,550mm<\/li>\n<li>Svars: 266 kg<\/li>\n<li>Tintes: \u010cetras kr\u0101sas (Cyan, Magenta, Yellow, and Black) un optimizators<\/li>\n<li>Drukas platums: max. 1,615 mm<\/li>\n<li>Iek\u013cautais apr\u012bkojums: speci\u0101lais stat\u012bvs, str\u0101vas vadi, \u017e\u0101v\u0113t\u0101ji, materi\u0101la uzt\u012b\u0161anas iek\u0101rta, materi\u0101la tur\u0113t\u0101ji, grie\u0161anas nazis, rezerves asmens, t\u012br\u012b\u0161anas \u0161\u0137idrums, atkritumu pudele, lietot\u0101ja rokasgr\u0101mata, programmat\u016bra (VersaWorks, Roland DG Connect) u.c<\/li>\n<li><\/li>\n<\/ul>\n<p><strong>Vair\u0101k inform\u0101cijas:<\/strong><\/p>\n<p><a href=\"http:\/\/wmtbaltic.lv\/wp-content\/uploads\/2023\/02\/datasheet_truevis_ap640_en.pdf\">Roland_TrueVis_AP_640_broshure<\/a><\/p>\n<p>&nbsp;<\/p>\n","protected":false},"excerpt":{"rendered":"TrueVIS AP-640 no jauna nosaka standartus drukai, nodro\u0161inot augstu kr\u0101su pies\u0101tin\u0101jumu uz da\u017e\u0101diem materi\u0101liem. Iek\u0101rta ir apr\u012bkota ar jaun\u0101m TrueVIS lateksa tint\u0113m un uzlabot\u0101m funkcij\u0101m, kas optimiz\u0113 kr\u0101su atveidi un drukas kvalit\u0101ti pla\u0161am lietojumu kl\u0101stam. Printeris ir ide\u0101li piem\u0113rots interjera noform\u0113\u0161anai. Ar TrueVIS AP-640 varat dekor\u0113t sienas ar izteiksm\u012bg\u0101m tapet\u0113m. Iek\u0101rta sniedz iesp\u0113ju druk\u0101t spilgtas [...]","protected":false},"featured_media":14426,"template":"","meta":[],"product_brand":[],"product_cat":[1273],"product_tag":[500,497,1224],"class_list":{"0":"post-14411","1":"product","2":"type-product","3":"status-publish","4":"has-post-thumbnail","6":"product_cat-eko-solventa-printeri","7":"product_tag-printeris","8":"product_tag-roland","9":"product_tag-truevis_640","11":"first","12":"instock","13":"shipping-taxable","14":"purchasable","15":"product-type-simple"},"yoast_head":"<!-- This site is optimized with the Yoast SEO plugin v27.5 - https:\/\/yoast.com\/product\/yoast-seo-wordpress\/ -->\n<title>Roland TrueVISNEW AP-640 printer, WMT Baltic, R\u012bga, Latvija<\/title>\n<meta name=\"robots\" content=\"index, follow, max-snippet:-1, max-image-preview:large, max-video-preview:-1\" \/>\n<link rel=\"canonical\" href=\"https:\/\/wmtbaltic.lv\/product\/roland-truevisnew-ap-640-printer\/\" \/>\n<meta property=\"og:locale\" content=\"en_US\" \/>\n<meta property=\"og:type\" content=\"article\" \/>\n<meta property=\"og:title\" content=\"Roland TrueVISNEW AP-640 printer, WMT Baltic, R\u012bga, Latvija\" \/>\n<meta property=\"og:url\" content=\"https:\/\/wmtbaltic.lv\/product\/roland-truevisnew-ap-640-printer\/\" \/>\n<meta property=\"og:site_name\" content=\"WMT Baltic\" \/>\n<meta property=\"article:publisher\" content=\"https:\/\/www.facebook.com\/WMT.Baltic.viscom\/?locale=lv_LV\" \/>\n<meta property=\"article:modified_time\" content=\"2026-04-24T13:39:56+00:00\" \/>\n<meta property=\"og:image\" content=\"http:\/\/wmtbaltic.lv\/wp-content\/uploads\/2023\/02\/ap_640_thumbnail.jpg\" \/>\n\t<meta property=\"og:image:width\" content=\"801\" \/>\n\t<meta property=\"og:image:height\" content=\"534\" \/>\n\t<meta property=\"og:image:type\" content=\"image\/jpeg\" \/>\n<meta name=\"twitter:card\" content=\"summary_large_image\" \/>\n<meta name=\"twitter:label1\" content=\"Est. reading time\" \/>\n\t<meta name=\"twitter:data1\" content=\"1 minute\" \/>\n<script type=\"application\/ld+json\" class=\"yoast-schema-graph\">{\"@context\":\"https:\\\/\\\/schema.org\",\"@graph\":[{\"@type\":\"WebPage\",\"@id\":\"https:\\\/\\\/wmtbaltic.lv\\\/product\\\/roland-truevisnew-ap-640-printer\\\/\",\"url\":\"https:\\\/\\\/wmtbaltic.lv\\\/product\\\/roland-truevisnew-ap-640-printer\\\/\",\"name\":\"Roland TrueVISNEW AP-640 printer, WMT Baltic, R\u012bga, Latvija\",\"isPartOf\":{\"@id\":\"https:\\\/\\\/wmtbaltic.lv\\\/#website\"},\"primaryImageOfPage\":{\"@id\":\"https:\\\/\\\/wmtbaltic.lv\\\/product\\\/roland-truevisnew-ap-640-printer\\\/#primaryimage\"},\"image\":{\"@id\":\"https:\\\/\\\/wmtbaltic.lv\\\/product\\\/roland-truevisnew-ap-640-printer\\\/#primaryimage\"},\"thumbnailUrl\":\"https:\\\/\\\/wmtbaltic.lv\\\/wp-content\\\/uploads\\\/2023\\\/02\\\/ap_640_thumbnail.jpg\",\"datePublished\":\"2023-02-17T14:46:01+00:00\",\"dateModified\":\"2026-04-24T13:39:56+00:00\",\"breadcrumb\":{\"@id\":\"https:\\\/\\\/wmtbaltic.lv\\\/product\\\/roland-truevisnew-ap-640-printer\\\/#breadcrumb\"},\"inLanguage\":\"en-US\",\"potentialAction\":[{\"@type\":\"ReadAction\",\"target\":[\"https:\\\/\\\/wmtbaltic.lv\\\/product\\\/roland-truevisnew-ap-640-printer\\\/\"]}]},{\"@type\":\"ImageObject\",\"inLanguage\":\"en-US\",\"@id\":\"https:\\\/\\\/wmtbaltic.lv\\\/product\\\/roland-truevisnew-ap-640-printer\\\/#primaryimage\",\"url\":\"https:\\\/\\\/wmtbaltic.lv\\\/wp-content\\\/uploads\\\/2023\\\/02\\\/ap_640_thumbnail.jpg\",\"contentUrl\":\"https:\\\/\\\/wmtbaltic.lv\\\/wp-content\\\/uploads\\\/2023\\\/02\\\/ap_640_thumbnail.jpg\",\"width\":801,\"height\":534},{\"@type\":\"BreadcrumbList\",\"@id\":\"https:\\\/\\\/wmtbaltic.lv\\\/product\\\/roland-truevisnew-ap-640-printer\\\/#breadcrumb\",\"itemListElement\":[{\"@type\":\"ListItem\",\"position\":1,\"name\":\"Home\",\"item\":\"https:\\\/\\\/wmtbaltic.lv\\\/en\\\/\"},{\"@type\":\"ListItem\",\"position\":2,\"name\":\"Shop\",\"item\":\"https:\\\/\\\/wmtbaltic.lv\\\/shop\\\/\"},{\"@type\":\"ListItem\",\"position\":3,\"name\":\"Roland TrueVISNEW AP-640 printeris\"}]},{\"@type\":\"WebSite\",\"@id\":\"https:\\\/\\\/wmtbaltic.lv\\\/#website\",\"url\":\"https:\\\/\\\/wmtbaltic.lv\\\/\",\"name\":\"WMT Baltic\",\"description\":\"Rekl\u0101mas produkti, pl\u0113ves\",\"publisher\":{\"@id\":\"https:\\\/\\\/wmtbaltic.lv\\\/#organization\"},\"potentialAction\":[{\"@type\":\"SearchAction\",\"target\":{\"@type\":\"EntryPoint\",\"urlTemplate\":\"https:\\\/\\\/wmtbaltic.lv\\\/?s={search_term_string}\"},\"query-input\":{\"@type\":\"PropertyValueSpecification\",\"valueRequired\":true,\"valueName\":\"search_term_string\"}}],\"inLanguage\":\"en-US\"},{\"@type\":\"Organization\",\"@id\":\"https:\\\/\\\/wmtbaltic.lv\\\/#organization\",\"name\":\"WMT Baltic\",\"url\":\"https:\\\/\\\/wmtbaltic.lv\\\/\",\"logo\":{\"@type\":\"ImageObject\",\"inLanguage\":\"en-US\",\"@id\":\"https:\\\/\\\/wmtbaltic.lv\\\/#\\\/schema\\\/logo\\\/image\\\/\",\"url\":\"https:\\\/\\\/wmtbaltic.lv\\\/wp-content\\\/uploads\\\/2024\\\/12\\\/wmt-baltic-sia_107142_9_420x180.jpg\",\"contentUrl\":\"https:\\\/\\\/wmtbaltic.lv\\\/wp-content\\\/uploads\\\/2024\\\/12\\\/wmt-baltic-sia_107142_9_420x180.jpg\",\"width\":420,\"height\":180,\"caption\":\"WMT Baltic\"},\"image\":{\"@id\":\"https:\\\/\\\/wmtbaltic.lv\\\/#\\\/schema\\\/logo\\\/image\\\/\"},\"sameAs\":[\"https:\\\/\\\/www.facebook.com\\\/WMT.Baltic.viscom\\\/?locale=lv_LV\",\"https:\\\/\\\/www.instagram.com\\\/viscom_wmt\\\/\"]}]}<\/script>\n<!-- \/ Yoast SEO plugin. -->","yoast_head_json":{"title":"Roland TrueVISNEW AP-640 printer, WMT Baltic, R\u012bga, Latvija","robots":{"index":"index","follow":"follow","max-snippet":"max-snippet:-1","max-image-preview":"max-image-preview:large","max-video-preview":"max-video-preview:-1"},"canonical":"https:\/\/wmtbaltic.lv\/product\/roland-truevisnew-ap-640-printer\/","og_locale":"en_US","og_type":"article","og_title":"Roland TrueVISNEW AP-640 printer, WMT Baltic, R\u012bga, Latvija","og_url":"https:\/\/wmtbaltic.lv\/product\/roland-truevisnew-ap-640-printer\/","og_site_name":"WMT Baltic","article_publisher":"https:\/\/www.facebook.com\/WMT.Baltic.viscom\/?locale=lv_LV","article_modified_time":"2026-04-24T13:39:56+00:00","og_image":[{"width":801,"height":534,"url":"http:\/\/wmtbaltic.lv\/wp-content\/uploads\/2023\/02\/ap_640_thumbnail.jpg","type":"image\/jpeg"}],"twitter_card":"summary_large_image","twitter_misc":{"Est. reading time":"1 minute"},"schema":{"@context":"https:\/\/schema.org","@graph":[{"@type":"WebPage","@id":"https:\/\/wmtbaltic.lv\/product\/roland-truevisnew-ap-640-printer\/","url":"https:\/\/wmtbaltic.lv\/product\/roland-truevisnew-ap-640-printer\/","name":"Roland TrueVISNEW AP-640 printer, WMT Baltic, R\u012bga, Latvija","isPartOf":{"@id":"https:\/\/wmtbaltic.lv\/#website"},"primaryImageOfPage":{"@id":"https:\/\/wmtbaltic.lv\/product\/roland-truevisnew-ap-640-printer\/#primaryimage"},"image":{"@id":"https:\/\/wmtbaltic.lv\/product\/roland-truevisnew-ap-640-printer\/#primaryimage"},"thumbnailUrl":"https:\/\/wmtbaltic.lv\/wp-content\/uploads\/2023\/02\/ap_640_thumbnail.jpg","datePublished":"2023-02-17T14:46:01+00:00","dateModified":"2026-04-24T13:39:56+00:00","breadcrumb":{"@id":"https:\/\/wmtbaltic.lv\/product\/roland-truevisnew-ap-640-printer\/#breadcrumb"},"inLanguage":"en-US","potentialAction":[{"@type":"ReadAction","target":["https:\/\/wmtbaltic.lv\/product\/roland-truevisnew-ap-640-printer\/"]}]},{"@type":"ImageObject","inLanguage":"en-US","@id":"https:\/\/wmtbaltic.lv\/product\/roland-truevisnew-ap-640-printer\/#primaryimage","url":"https:\/\/wmtbaltic.lv\/wp-content\/uploads\/2023\/02\/ap_640_thumbnail.jpg","contentUrl":"https:\/\/wmtbaltic.lv\/wp-content\/uploads\/2023\/02\/ap_640_thumbnail.jpg","width":801,"height":534},{"@type":"BreadcrumbList","@id":"https:\/\/wmtbaltic.lv\/product\/roland-truevisnew-ap-640-printer\/#breadcrumb","itemListElement":[{"@type":"ListItem","position":1,"name":"Home","item":"https:\/\/wmtbaltic.lv\/en\/"},{"@type":"ListItem","position":2,"name":"Shop","item":"https:\/\/wmtbaltic.lv\/shop\/"},{"@type":"ListItem","position":3,"name":"Roland TrueVISNEW AP-640 printeris"}]},{"@type":"WebSite","@id":"https:\/\/wmtbaltic.lv\/#website","url":"https:\/\/wmtbaltic.lv\/","name":"WMT Baltic","description":"Rekl\u0101mas produkti, pl\u0113ves","publisher":{"@id":"https:\/\/wmtbaltic.lv\/#organization"},"potentialAction":[{"@type":"SearchAction","target":{"@type":"EntryPoint","urlTemplate":"https:\/\/wmtbaltic.lv\/?s={search_term_string}"},"query-input":{"@type":"PropertyValueSpecification","valueRequired":true,"valueName":"search_term_string"}}],"inLanguage":"en-US"},{"@type":"Organization","@id":"https:\/\/wmtbaltic.lv\/#organization","name":"WMT Baltic","url":"https:\/\/wmtbaltic.lv\/","logo":{"@type":"ImageObject","inLanguage":"en-US","@id":"https:\/\/wmtbaltic.lv\/#\/schema\/logo\/image\/","url":"https:\/\/wmtbaltic.lv\/wp-content\/uploads\/2024\/12\/wmt-baltic-sia_107142_9_420x180.jpg","contentUrl":"https:\/\/wmtbaltic.lv\/wp-content\/uploads\/2024\/12\/wmt-baltic-sia_107142_9_420x180.jpg","width":420,"height":180,"caption":"WMT Baltic"},"image":{"@id":"https:\/\/wmtbaltic.lv\/#\/schema\/logo\/image\/"},"sameAs":["https:\/\/www.facebook.com\/WMT.Baltic.viscom\/?locale=lv_LV","https:\/\/www.instagram.com\/viscom_wmt\/"]}]}},"_links":{"self":[{"href":"https:\/\/wmtbaltic.lv\/en\/wp-json\/wp\/v2\/product\/14411","targetHints":{"allow":["GET"]}}],"collection":[{"href":"https:\/\/wmtbaltic.lv\/en\/wp-json\/wp\/v2\/product"}],"about":[{"href":"https:\/\/wmtbaltic.lv\/en\/wp-json\/wp\/v2\/types\/product"}],"wp:featuredmedia":[{"embeddable":true,"href":"https:\/\/wmtbaltic.lv\/en\/wp-json\/wp\/v2\/media\/14426"}],"wp:attachment":[{"href":"https:\/\/wmtbaltic.lv\/en\/wp-json\/wp\/v2\/media?parent=14411"}],"wp:term":[{"taxonomy":"product_brand","embeddable":true,"href":"https:\/\/wmtbaltic.lv\/en\/wp-json\/wp\/v2\/product_brand?post=14411"},{"taxonomy":"product_cat","embeddable":true,"href":"https:\/\/wmtbaltic.lv\/en\/wp-json\/wp\/v2\/product_cat?post=14411"},{"taxonomy":"product_tag","embeddable":true,"href":"https:\/\/wmtbaltic.lv\/en\/wp-json\/wp\/v2\/product_tag?post=14411"}],"curies":[{"name":"wp","href":"https:\/\/api.w.org\/{rel}","templated":true}]}}