{"id":14319,"date":"2023-02-15T09:27:37","date_gmt":"2023-02-15T09:27:37","guid":{"rendered":"https:\/\/wmtbaltic.lv\/?post_type=product&#038;p=14319"},"modified":"2023-10-20T10:54:02","modified_gmt":"2023-10-20T10:54:02","slug":"roland-bn-20d-printeris","status":"publish","type":"product","link":"https:\/\/wmtbaltic.lv\/en\/product\/roland-bn-20d-printeris\/","title":{"rendered":"Roland VersaSTUDIO BN-20D DTF"},"content":{"rendered":"<p>BN-20D printeris pied\u0101v\u0101 vienk\u0101r\u0161u darb\u012bbu, izcilu drukas kvalit\u0101ti un slaveno Roland DG uzticam\u012bbu.Pilns DTF risin\u0101jums, kas ietver S-PG tintes, S-F164 pl\u0113vi un S-POWDER. BN-20D Direct-to-Film sist\u0113ma \u013cauj \u0101tri un vienk\u0101r\u0161i personaliz\u0113t T-kreklus un citus\u00a0ap\u0123\u0113rbus ar kr\u0101sainiem, detaliz\u0113tiem att\u0113liem.<\/p>\n<p>Nodro\u0161ina vienk\u0101r\u0161u ap\u0123\u0113rba un piederumu piel\u0101go\u0161anas procesu ar uzkr\u012bto\u0161u grafiku \u2013, ieskaitot detaliz\u0113tus att\u0113lus un tekstu. Pat sare\u017e\u0123\u012btu dizainu\/att\u0113lu un sare\u017e\u0123\u012bta teksta p\u0101rne\u0161ana ir \u0101tra un vienk\u0101r\u0161a. Iek\u0101rta, kas no J\u016bsu m\u0101j\u0101m, biroja vai darbn\u012bcas var izgatavot da\u017e\u0101das augstas kvalit\u0101tes drukas materi\u0101lus.<\/p>\n<p>Komplekt\u0101 ir iek\u013cauta VersaWorks, kas tiek uzskat\u012bta par jaud\u012bg\u0101ko RIP programmat\u016bru tirg\u016b.<\/p>\n<p><strong>\u012apa\u0161\u012bbas:<\/strong><\/p>\n<ul>\n<li>Printing method:\u00a0 piezoelectric inkjet \/ Grit roller feed<\/li>\n<li>Media roll weight:\u00a0 max. weight 6 kg<\/li>\n<li>Roll\/core diameter: max. outer diameter 150 mm \/ Core diameter: 50.8 mm or 76.2 mm<\/li>\n<li>Capacity: 220 ml cartridge<\/li>\n<li>Colours:\u00a0 5 Colour \u2013 CMYK+Wh (Cyan, Magenta, Yellow, Black, White)<\/li>\n<li>Cutting speed: 10 mm\/s to 150 mm\/s<\/li>\n<li>Printing resolution: maximum 1440 dpi<\/li>\n<li>Printer dimensions: 1009 W x 582 D x 293 H mm \/ 36 kg<\/li>\n<li>Included items: power cable, USB cable, blade, blade holder, User\u2019s Manual, etc<\/li>\n<li>Consumables (DTF): S-F164 film, S-Powder<\/li>\n<\/ul>\n<p><a href=\"http:\/\/wmtbaltic.lv\/wp-content\/uploads\/2023\/02\/Datasheet_BN-20D_2023-01_hd.pdf\">Roland_BN-20D_broshure<\/a><\/p>\n<p><img loading=\"lazy\" decoding=\"async\" class=\"alignnone wp-image-14369\" src=\"http:\/\/wmtbaltic.lv\/wp-content\/uploads\/2023\/02\/Roland-BN20D-1024x883.jpg\" alt=\"\" width=\"338\" height=\"291\" srcset=\"https:\/\/wmtbaltic.lv\/wp-content\/uploads\/2023\/02\/Roland-BN20D-1024x883.jpg 1024w, https:\/\/wmtbaltic.lv\/wp-content\/uploads\/2023\/02\/Roland-BN20D-300x259.jpg 300w, https:\/\/wmtbaltic.lv\/wp-content\/uploads\/2023\/02\/Roland-BN20D-768x662.jpg 768w, https:\/\/wmtbaltic.lv\/wp-content\/uploads\/2023\/02\/Roland-BN20D-1536x1325.jpg 1536w, https:\/\/wmtbaltic.lv\/wp-content\/uploads\/2023\/02\/Roland-BN20D-600x517.jpg 600w, https:\/\/wmtbaltic.lv\/wp-content\/uploads\/2023\/02\/Roland-BN20D.jpg 1875w\" sizes=\"auto, (max-width: 338px) 100vw, 338px\" \/><\/p>\n<p>&nbsp;<\/p>\n<p>&nbsp;<\/p>\n","protected":false},"excerpt":{"rendered":"BN-20D printeris pied\u0101v\u0101 vienk\u0101r\u0161u darb\u012bbu, izcilu drukas kvalit\u0101ti un slaveno Roland DG uzticam\u012bbu.Pilns DTF risin\u0101jums, kas ietver S-PG tintes, S-F164 pl\u0113vi un S-POWDER. BN-20D Direct-to-Film sist\u0113ma \u013cauj \u0101tri un vienk\u0101r\u0161i personaliz\u0113t T-kreklus un citus\u00a0ap\u0123\u0113rbus ar kr\u0101sainiem, detaliz\u0113tiem att\u0113liem. Nodro\u0161ina vienk\u0101r\u0161u ap\u0123\u0113rba un piederumu piel\u0101go\u0161anas procesu ar uzkr\u012bto\u0161u grafiku \u2013, ieskaitot detaliz\u0113tus att\u0113lus un tekstu. Pat [...]","protected":false},"featured_media":14371,"comment_status":"closed","ping_status":"closed","template":"","meta":[],"product_brand":[],"product_cat":[1273,258],"product_tag":[499,500,497],"class_list":{"0":"post-14319","1":"product","2":"type-product","3":"status-publish","4":"has-post-thumbnail","6":"product_cat-eko-solventa-printeri","7":"product_cat-iekartas-un-izejmateriali","8":"product_tag-bn-20","9":"product_tag-printeris","10":"product_tag-roland","12":"first","13":"instock","14":"shipping-taxable","15":"product-type-simple"},"yoast_head":"<!-- This site is optimized with the Yoast SEO plugin v27.4 - https:\/\/yoast.com\/product\/yoast-seo-wordpress\/ -->\n<title>Roland VersaSTUDIO BN-20D DTF - WMT Baltic<\/title>\n<meta name=\"description\" content=\"BN-20D printeris pied\u0101v\u0101 vienk\u0101r\u0161u darb\u012bbu, izcilu drukas kvalit\u0101ti un slaveno Roland DG uzticam\u012bbu.\" \/>\n<meta name=\"robots\" content=\"index, follow, max-snippet:-1, max-image-preview:large, max-video-preview:-1\" \/>\n<link rel=\"canonical\" href=\"https:\/\/wmtbaltic.lv\/Produkts\/roland-bn-20d-printeris\/\" \/>\n<meta property=\"og:locale\" content=\"en_US\" \/>\n<meta property=\"og:type\" content=\"article\" \/>\n<meta property=\"og:title\" content=\"Roland VersaSTUDIO BN-20D DTF - WMT Baltic\" \/>\n<meta property=\"og:description\" content=\"BN-20D printeris pied\u0101v\u0101 vienk\u0101r\u0161u darb\u012bbu, izcilu drukas kvalit\u0101ti un slaveno Roland DG uzticam\u012bbu.\" \/>\n<meta property=\"og:url\" content=\"https:\/\/wmtbaltic.lv\/Produkts\/roland-bn-20d-printeris\/\" \/>\n<meta property=\"og:site_name\" content=\"WMT Baltic\" \/>\n<meta property=\"article:publisher\" content=\"https:\/\/www.facebook.com\/WMT.Baltic.viscom\/?locale=lv_LV\" \/>\n<meta property=\"article:modified_time\" content=\"2023-10-20T10:54:02+00:00\" \/>\n<meta property=\"og:image\" content=\"http:\/\/wmtbaltic.lv\/wp-content\/uploads\/2023\/02\/bn-20s-catalog-image-1400x1050-3.jpg\" \/>\n\t<meta property=\"og:image:width\" content=\"1826\" \/>\n\t<meta property=\"og:image:height\" content=\"1380\" \/>\n\t<meta property=\"og:image:type\" content=\"image\/jpeg\" \/>\n<meta name=\"twitter:card\" content=\"summary_large_image\" \/>\n<meta name=\"twitter:label1\" content=\"Est. reading time\" \/>\n\t<meta name=\"twitter:data1\" content=\"1 minute\" \/>\n<script type=\"application\/ld+json\" class=\"yoast-schema-graph\">{\"@context\":\"https:\\\/\\\/schema.org\",\"@graph\":[{\"@type\":\"WebPage\",\"@id\":\"https:\\\/\\\/wmtbaltic.lv\\\/Produkts\\\/roland-bn-20d-printeris\\\/\",\"url\":\"https:\\\/\\\/wmtbaltic.lv\\\/Produkts\\\/roland-bn-20d-printeris\\\/\",\"name\":\"Roland VersaSTUDIO BN-20D DTF - WMT Baltic\",\"isPartOf\":{\"@id\":\"https:\\\/\\\/wmtbaltic.lv\\\/#website\"},\"primaryImageOfPage\":{\"@id\":\"https:\\\/\\\/wmtbaltic.lv\\\/Produkts\\\/roland-bn-20d-printeris\\\/#primaryimage\"},\"image\":{\"@id\":\"https:\\\/\\\/wmtbaltic.lv\\\/Produkts\\\/roland-bn-20d-printeris\\\/#primaryimage\"},\"thumbnailUrl\":\"https:\\\/\\\/wmtbaltic.lv\\\/wp-content\\\/uploads\\\/2023\\\/02\\\/bn-20s-catalog-image-1400x1050-3.jpg\",\"datePublished\":\"2023-02-15T09:27:37+00:00\",\"dateModified\":\"2023-10-20T10:54:02+00:00\",\"description\":\"BN-20D printeris pied\u0101v\u0101 vienk\u0101r\u0161u darb\u012bbu, izcilu drukas kvalit\u0101ti un slaveno Roland DG uzticam\u012bbu.\",\"breadcrumb\":{\"@id\":\"https:\\\/\\\/wmtbaltic.lv\\\/Produkts\\\/roland-bn-20d-printeris\\\/#breadcrumb\"},\"inLanguage\":\"en-US\",\"potentialAction\":[{\"@type\":\"ReadAction\",\"target\":[\"https:\\\/\\\/wmtbaltic.lv\\\/Produkts\\\/roland-bn-20d-printeris\\\/\"]}]},{\"@type\":\"ImageObject\",\"inLanguage\":\"en-US\",\"@id\":\"https:\\\/\\\/wmtbaltic.lv\\\/Produkts\\\/roland-bn-20d-printeris\\\/#primaryimage\",\"url\":\"https:\\\/\\\/wmtbaltic.lv\\\/wp-content\\\/uploads\\\/2023\\\/02\\\/bn-20s-catalog-image-1400x1050-3.jpg\",\"contentUrl\":\"https:\\\/\\\/wmtbaltic.lv\\\/wp-content\\\/uploads\\\/2023\\\/02\\\/bn-20s-catalog-image-1400x1050-3.jpg\",\"width\":1826,\"height\":1380},{\"@type\":\"BreadcrumbList\",\"@id\":\"https:\\\/\\\/wmtbaltic.lv\\\/Produkts\\\/roland-bn-20d-printeris\\\/#breadcrumb\",\"itemListElement\":[{\"@type\":\"ListItem\",\"position\":1,\"name\":\"Home\",\"item\":\"https:\\\/\\\/wmtbaltic.lv\\\/en\\\/\"},{\"@type\":\"ListItem\",\"position\":2,\"name\":\"Products\",\"item\":\"https:\\\/\\\/wmtbaltic.lv\\\/en\\\/shop\\\/\"},{\"@type\":\"ListItem\",\"position\":3,\"name\":\"Roland VersaSTUDIO BN-20D DTF\"}]},{\"@type\":\"WebSite\",\"@id\":\"https:\\\/\\\/wmtbaltic.lv\\\/#website\",\"url\":\"https:\\\/\\\/wmtbaltic.lv\\\/\",\"name\":\"WMT Baltic\",\"description\":\"Rekl\u0101mas produkti, pl\u0113ves\",\"publisher\":{\"@id\":\"https:\\\/\\\/wmtbaltic.lv\\\/#organization\"},\"potentialAction\":[{\"@type\":\"SearchAction\",\"target\":{\"@type\":\"EntryPoint\",\"urlTemplate\":\"https:\\\/\\\/wmtbaltic.lv\\\/?s={search_term_string}\"},\"query-input\":{\"@type\":\"PropertyValueSpecification\",\"valueRequired\":true,\"valueName\":\"search_term_string\"}}],\"inLanguage\":\"en-US\"},{\"@type\":\"Organization\",\"@id\":\"https:\\\/\\\/wmtbaltic.lv\\\/#organization\",\"name\":\"WMT Baltic\",\"url\":\"https:\\\/\\\/wmtbaltic.lv\\\/\",\"logo\":{\"@type\":\"ImageObject\",\"inLanguage\":\"en-US\",\"@id\":\"https:\\\/\\\/wmtbaltic.lv\\\/#\\\/schema\\\/logo\\\/image\\\/\",\"url\":\"https:\\\/\\\/wmtbaltic.lv\\\/wp-content\\\/uploads\\\/2024\\\/12\\\/wmt-baltic-sia_107142_9_420x180.jpg\",\"contentUrl\":\"https:\\\/\\\/wmtbaltic.lv\\\/wp-content\\\/uploads\\\/2024\\\/12\\\/wmt-baltic-sia_107142_9_420x180.jpg\",\"width\":420,\"height\":180,\"caption\":\"WMT Baltic\"},\"image\":{\"@id\":\"https:\\\/\\\/wmtbaltic.lv\\\/#\\\/schema\\\/logo\\\/image\\\/\"},\"sameAs\":[\"https:\\\/\\\/www.facebook.com\\\/WMT.Baltic.viscom\\\/?locale=lv_LV\",\"https:\\\/\\\/www.instagram.com\\\/viscom_wmt\\\/\"]}]}<\/script>\n<!-- \/ Yoast SEO plugin. -->","yoast_head_json":{"title":"Roland VersaSTUDIO BN-20D DTF - WMT Baltic","description":"BN-20D printeris pied\u0101v\u0101 vienk\u0101r\u0161u darb\u012bbu, izcilu drukas kvalit\u0101ti un slaveno Roland DG uzticam\u012bbu.","robots":{"index":"index","follow":"follow","max-snippet":"max-snippet:-1","max-image-preview":"max-image-preview:large","max-video-preview":"max-video-preview:-1"},"canonical":"https:\/\/wmtbaltic.lv\/Produkts\/roland-bn-20d-printeris\/","og_locale":"en_US","og_type":"article","og_title":"Roland VersaSTUDIO BN-20D DTF - WMT Baltic","og_description":"BN-20D printeris pied\u0101v\u0101 vienk\u0101r\u0161u darb\u012bbu, izcilu drukas kvalit\u0101ti un slaveno Roland DG uzticam\u012bbu.","og_url":"https:\/\/wmtbaltic.lv\/Produkts\/roland-bn-20d-printeris\/","og_site_name":"WMT Baltic","article_publisher":"https:\/\/www.facebook.com\/WMT.Baltic.viscom\/?locale=lv_LV","article_modified_time":"2023-10-20T10:54:02+00:00","og_image":[{"width":1826,"height":1380,"url":"http:\/\/wmtbaltic.lv\/wp-content\/uploads\/2023\/02\/bn-20s-catalog-image-1400x1050-3.jpg","type":"image\/jpeg"}],"twitter_card":"summary_large_image","twitter_misc":{"Est. reading time":"1 minute"},"schema":{"@context":"https:\/\/schema.org","@graph":[{"@type":"WebPage","@id":"https:\/\/wmtbaltic.lv\/Produkts\/roland-bn-20d-printeris\/","url":"https:\/\/wmtbaltic.lv\/Produkts\/roland-bn-20d-printeris\/","name":"Roland VersaSTUDIO BN-20D DTF - WMT Baltic","isPartOf":{"@id":"https:\/\/wmtbaltic.lv\/#website"},"primaryImageOfPage":{"@id":"https:\/\/wmtbaltic.lv\/Produkts\/roland-bn-20d-printeris\/#primaryimage"},"image":{"@id":"https:\/\/wmtbaltic.lv\/Produkts\/roland-bn-20d-printeris\/#primaryimage"},"thumbnailUrl":"https:\/\/wmtbaltic.lv\/wp-content\/uploads\/2023\/02\/bn-20s-catalog-image-1400x1050-3.jpg","datePublished":"2023-02-15T09:27:37+00:00","dateModified":"2023-10-20T10:54:02+00:00","description":"BN-20D printeris pied\u0101v\u0101 vienk\u0101r\u0161u darb\u012bbu, izcilu drukas kvalit\u0101ti un slaveno Roland DG uzticam\u012bbu.","breadcrumb":{"@id":"https:\/\/wmtbaltic.lv\/Produkts\/roland-bn-20d-printeris\/#breadcrumb"},"inLanguage":"en-US","potentialAction":[{"@type":"ReadAction","target":["https:\/\/wmtbaltic.lv\/Produkts\/roland-bn-20d-printeris\/"]}]},{"@type":"ImageObject","inLanguage":"en-US","@id":"https:\/\/wmtbaltic.lv\/Produkts\/roland-bn-20d-printeris\/#primaryimage","url":"https:\/\/wmtbaltic.lv\/wp-content\/uploads\/2023\/02\/bn-20s-catalog-image-1400x1050-3.jpg","contentUrl":"https:\/\/wmtbaltic.lv\/wp-content\/uploads\/2023\/02\/bn-20s-catalog-image-1400x1050-3.jpg","width":1826,"height":1380},{"@type":"BreadcrumbList","@id":"https:\/\/wmtbaltic.lv\/Produkts\/roland-bn-20d-printeris\/#breadcrumb","itemListElement":[{"@type":"ListItem","position":1,"name":"Home","item":"https:\/\/wmtbaltic.lv\/en\/"},{"@type":"ListItem","position":2,"name":"Products","item":"https:\/\/wmtbaltic.lv\/en\/shop\/"},{"@type":"ListItem","position":3,"name":"Roland VersaSTUDIO BN-20D DTF"}]},{"@type":"WebSite","@id":"https:\/\/wmtbaltic.lv\/#website","url":"https:\/\/wmtbaltic.lv\/","name":"WMT Baltic","description":"Rekl\u0101mas produkti, pl\u0113ves","publisher":{"@id":"https:\/\/wmtbaltic.lv\/#organization"},"potentialAction":[{"@type":"SearchAction","target":{"@type":"EntryPoint","urlTemplate":"https:\/\/wmtbaltic.lv\/?s={search_term_string}"},"query-input":{"@type":"PropertyValueSpecification","valueRequired":true,"valueName":"search_term_string"}}],"inLanguage":"en-US"},{"@type":"Organization","@id":"https:\/\/wmtbaltic.lv\/#organization","name":"WMT Baltic","url":"https:\/\/wmtbaltic.lv\/","logo":{"@type":"ImageObject","inLanguage":"en-US","@id":"https:\/\/wmtbaltic.lv\/#\/schema\/logo\/image\/","url":"https:\/\/wmtbaltic.lv\/wp-content\/uploads\/2024\/12\/wmt-baltic-sia_107142_9_420x180.jpg","contentUrl":"https:\/\/wmtbaltic.lv\/wp-content\/uploads\/2024\/12\/wmt-baltic-sia_107142_9_420x180.jpg","width":420,"height":180,"caption":"WMT Baltic"},"image":{"@id":"https:\/\/wmtbaltic.lv\/#\/schema\/logo\/image\/"},"sameAs":["https:\/\/www.facebook.com\/WMT.Baltic.viscom\/?locale=lv_LV","https:\/\/www.instagram.com\/viscom_wmt\/"]}]}},"_links":{"self":[{"href":"https:\/\/wmtbaltic.lv\/en\/wp-json\/wp\/v2\/product\/14319","targetHints":{"allow":["GET"]}}],"collection":[{"href":"https:\/\/wmtbaltic.lv\/en\/wp-json\/wp\/v2\/product"}],"about":[{"href":"https:\/\/wmtbaltic.lv\/en\/wp-json\/wp\/v2\/types\/product"}],"replies":[{"embeddable":true,"href":"https:\/\/wmtbaltic.lv\/en\/wp-json\/wp\/v2\/comments?post=14319"}],"wp:featuredmedia":[{"embeddable":true,"href":"https:\/\/wmtbaltic.lv\/en\/wp-json\/wp\/v2\/media\/14371"}],"wp:attachment":[{"href":"https:\/\/wmtbaltic.lv\/en\/wp-json\/wp\/v2\/media?parent=14319"}],"wp:term":[{"taxonomy":"product_brand","embeddable":true,"href":"https:\/\/wmtbaltic.lv\/en\/wp-json\/wp\/v2\/product_brand?post=14319"},{"taxonomy":"product_cat","embeddable":true,"href":"https:\/\/wmtbaltic.lv\/en\/wp-json\/wp\/v2\/product_cat?post=14319"},{"taxonomy":"product_tag","embeddable":true,"href":"https:\/\/wmtbaltic.lv\/en\/wp-json\/wp\/v2\/product_tag?post=14319"}],"curies":[{"name":"wp","href":"https:\/\/api.w.org\/{rel}","templated":true}]}}