{"id":1428,"date":"2020-07-22T11:41:20","date_gmt":"2020-07-22T11:41:20","guid":{"rendered":"http:\/\/wmtbaltic.lv\/\/?post_type=product&#038;p=1428"},"modified":"2023-01-17T12:22:27","modified_gmt":"2023-01-17T12:22:27","slug":"komatex-1mm-3050x1220mm","status":"publish","type":"product","link":"https:\/\/wmtbaltic.lv\/en\/product\/komatex-1mm-3050x1220mm\/","title":{"rendered":"K\u00f6maTEX PVH loksnes 1mm, 3050x1220mm"},"content":{"rendered":"<p align=\"justify\"><strong>Materi\u0101la pielietojums<\/strong><\/p>\n<p align=\"justify\">Griestu un sienu apdare, ai\u013cu aizpild\u012b\u0161ana, starpsienu, tirdzniec\u012bbas un izst\u0101\u017eu stendu izgatavo\u0161ana, m\u0113be\u013cu ra\u017eo\u0161ana, interjera dizains. R\u0101d\u012bt\u0101ju, izk\u0101rt\u0146u un rekl\u0101mas pl\u0101k\u0161\u0146u izgatavo\u0161ana.<\/p>\n<p>&nbsp;<\/p>\n<p><strong>Materi\u0101la kr\u0101sas:\u00a0<\/strong>balta<\/p>\n<p>&nbsp;<\/p>\n<p><span style=\"color: #990000;\">Ja\u00a0Jums ir nepiecie\u0161ams materi\u0101ls\u00a0loksn\u0113s spiediet\u00a0<\/span><a href=\"#url\"><strong><span style=\"color: #990000;\">\u0161eit<\/span><\/strong><\/a><\/p>\n<p align=\"justify\"><span style=\"color: #990000;\">PVH lok\u0161\u0146u sal\u012bm\u0113\u0161anai m\u0113s iesakam izmantot l\u012bmi:<\/span><\/p>\n<p dir=\"ltr\" align=\"justify\"><span style=\"color: #990000;\">\u00a0\u00a0&#8211;\u00a0Cianakril\u0101ta l\u012bmes ar moment\u0101lo iedarb\u012bbu<\/span><\/p>\n<p dir=\"ltr\" align=\"justify\"><span style=\"color: #990000;\">\u00a0\u00a0&#8211;\u00a0COSMOFEN PMMA organisk\u0101 stikla sal\u012bm\u0113\u0161anai<\/span><\/p>\n<p dir=\"ltr\" align=\"justify\"><span style=\"color: #990000;\">\u00a0 &#8211;\u00a0COSMOFEN PLUS PVH lok\u0161\u0146u sal\u012bm\u0113\u0161anai<\/span><\/p>\n<p dir=\"ltr\" align=\"justify\"><span style=\"color: #990000;\">\u00a0 &#8211;\u00a0COSMOFEN 345 PVH sal\u012bm\u0113\u0161anai ar citiem materi\u0101liem<\/span><\/p>\n<p class=\"western\"><span style=\"font-family: Tahoma, sans-serif;\"><span style=\"font-size: small;\"><b>M\u0113s pied\u0101v\u0101jam ar\u012b:<\/b><\/span><\/span><span style=\"font-family: Tahoma, sans-serif;\"><span style=\"font-size: small;\">\u00a0putots lok\u0161\u0146u materi\u0101ls; triecieniztur\u012bgs materi\u0101ls; liets materi\u0101ls; \u0161\u016bnu polikarbon\u0101ts rekl\u0101mai; monopolikarbon\u0101ts; \u0161\u016bnu polikarbon\u0101ta aksesu\u0101ri; kompoz\u012btmateri\u0101ls; poliesters;\u00a0<\/span><\/span><span style=\"font-family: Tahoma, sans-serif;\"><span style=\"font-size: small;\"><span lang=\"en-US\">org<\/span><\/span><\/span><span style=\"font-family: Tahoma, sans-serif;\"><span style=\"font-size: small;\">stikls; polietil\u0113ns; \u0161\u016bnu polipropil\u0113ns; profili lok\u0161\u0146u plastik\u0101tiem; pl\u0101nie plastik\u0101ti; iepakojuma plastik\u0101ti; kompoz\u012btpane\u013ci; kr\u0101saini plastik\u0101ti; materi\u0101li tirdzniec\u012bbas vietu noform\u0113\u0161anai; stikl\u0161\u0137iedras karogu masti; plastik\u0101tu izstr\u0101d\u0101jumi; iepakojums; rekl\u0101mas materi\u0101li; polikarbon\u0101ts siltumn\u012bc\u0101m; materi\u0101li nojum\u0113m; plastik\u0101ti starpsien\u0101m; mat\u0113ts organiskais stikls;\u00a0 PET; PETG; PP; PS; PVC; PC; PE; PMMA; ABS; plastik\u0101ti noform\u0113\u0161anai; plastik\u0101ti grav\u0113\u0161anai; plastik\u0101ti apdrukai; plastik\u0101ts balkona marg\u0101m; ton\u0113ts organiskais stikls; plastik\u0101ts digit\u0101lajai drukai; apdares materi\u0101ls; celtniec\u012bbas materi\u0101li; plastik\u0101tu grie\u0161ana; plastik\u0101tu loc\u012b\u0161ana; karogu masti; karogi; \u0161\u016bnu polikarbon\u0101ts.<\/span><\/span><\/p>\n<div><strong><a href=\"http:\/\/wmtbaltic.lv\/\/wp-content\/uploads\/2020\/07\/KOMATEX_New-1-1.pdf\" target=\"_blank\" rel=\"noopener noreferrer\"><img loading=\"lazy\" decoding=\"async\" class=\"alignnone size-full wp-image-914\" src=\"http:\/\/wmtbaltic.lv\/\/wp-content\/uploads\/2020\/07\/pdf-1.png\" alt=\"\" width=\"30\" height=\"36\" \/><\/a><a href=\"http:\/\/wmtbaltic.lv\/\/wp-content\/uploads\/2020\/07\/KOMATEX_New-1-1.pdf\" target=\"_blank\" rel=\"noopener noreferrer\">Tehniskais apraksts<\/a><\/strong><\/div>\n","protected":false},"excerpt":{"rendered":"<p align=\"left\"><strong><span style=\"font-size: medium;\">K\u00f6maTEX<\/span><\/strong><\/p>\r\n<p align=\"justify\">Putotas PVH loksnes ar mat\u0113tu virsmu<\/p>\r\n<p align=\"justify\">Izgatavotas no stingr\u0101m PVC put\u0101m, sint\u0113tisks lok\u0161\u0146u materi\u0101ls ar s\u012bkporainu strukt\u016bru un mat\u0113tu virsmu. Notur\u012bgs pret \u0137\u012bmisko vielu un UV starojuma iedarb\u012bbas, ir pie\u013caujama materi\u0101la saskare ar p\u0101rtikas produktiem. Materi\u0101ls ir piem\u0113rots digit\u0101lai apdrukai, to var kr\u0101sot un apl\u012bm\u0113t ar l\u012bmpl\u0113v\u0113m. PVC K\u00f6maTex loksn\u0113m ir labas ska\u0146as un siltumizol\u0101cijas \u012bpa\u0161\u012bbas.<\/p>","protected":false},"featured_media":14221,"template":"","meta":[],"product_brand":[],"product_cat":[105],"product_tag":[1200,1196,1170,1201,631,844,1069,293],"class_list":{"0":"post-1428","1":"product","2":"type-product","3":"status-publish","4":"has-post-thumbnail","6":"product_cat-putotais-pvh-balts","7":"product_tag-1mm","8":"product_tag-komateks","9":"product_tag-komatex","10":"product_tag-plastics","11":"product_tag-plastikats","12":"product_tag-pvc","13":"product_tag-pvh","14":"product_tag-reklamai","16":"first","17":"instock","18":"shipping-taxable","19":"purchasable","20":"product-type-simple"},"yoast_head":"<!-- This site is optimized with the Yoast SEO plugin v27.4 - https:\/\/yoast.com\/product\/yoast-seo-wordpress\/ -->\n<title>K\u00f6maTEX PVH loksnes 1mm, 3050x1220mm<\/title>\n<meta name=\"description\" content=\"Putotas PVH loksnes ar mat\u0113tu virsmuIzgatavotas no stingr\u0101m PVC put\u0101m, sint\u0113tisks lok\u0161\u0146u materi\u0101ls ar s\u012bkporainu strukt\u016bru un mat\u0113tu virsmu. Notur\u012bgs pret \u0137\u012bmisko vielu un UV starojuma iedarb\u012bbas, ir pie\u013caujama materi\u0101la saskare ar p\u0101rtikas produktiem. Materi\u0101ls ir piem\u0113rots digit\u0101lai apdrukai, to var kr\u0101sot un apl\u012bm\u0113t ar l\u012bmpl\u0113v\u0113m. PVC K\u00f6maTex loksn\u0113m ir labas ska\u0146as un siltumizol\u0101cijas \u012bpa\u0161\u012bbas.\" \/>\n<meta name=\"robots\" content=\"index, follow, max-snippet:-1, max-image-preview:large, max-video-preview:-1\" \/>\n<link rel=\"canonical\" href=\"https:\/\/wmtbaltic.lv\/Produkts\/komatex-1mm-3050x1220mm\/\" \/>\n<meta property=\"og:locale\" content=\"en_US\" \/>\n<meta property=\"og:type\" content=\"article\" \/>\n<meta property=\"og:title\" content=\"K\u00f6maTEX PVH loksnes 1mm, 3050x1220mm\" \/>\n<meta property=\"og:description\" content=\"Putotas PVH loksnes ar mat\u0113tu virsmuIzgatavotas no stingr\u0101m PVC put\u0101m, sint\u0113tisks lok\u0161\u0146u materi\u0101ls ar s\u012bkporainu strukt\u016bru un mat\u0113tu virsmu. Notur\u012bgs pret \u0137\u012bmisko vielu un UV starojuma iedarb\u012bbas, ir pie\u013caujama materi\u0101la saskare ar p\u0101rtikas produktiem. Materi\u0101ls ir piem\u0113rots digit\u0101lai apdrukai, to var kr\u0101sot un apl\u012bm\u0113t ar l\u012bmpl\u0113v\u0113m. PVC K\u00f6maTex loksn\u0113m ir labas ska\u0146as un siltumizol\u0101cijas \u012bpa\u0161\u012bbas.\" \/>\n<meta property=\"og:url\" content=\"https:\/\/wmtbaltic.lv\/Produkts\/komatex-1mm-3050x1220mm\/\" \/>\n<meta property=\"og:site_name\" content=\"WMT Baltic\" \/>\n<meta property=\"article:publisher\" content=\"https:\/\/www.facebook.com\/WMT.Baltic.viscom\/?locale=lv_LV\" \/>\n<meta property=\"article:modified_time\" content=\"2023-01-17T12:22:27+00:00\" \/>\n<meta property=\"og:image\" content=\"http:\/\/wmtbaltic.lv\/wp-content\/uploads\/2023\/01\/wmt_komatex_1mm-scaled.jpg\" \/>\n\t<meta property=\"og:image:width\" content=\"2098\" \/>\n\t<meta property=\"og:image:height\" content=\"2560\" \/>\n\t<meta property=\"og:image:type\" content=\"image\/jpeg\" \/>\n<meta name=\"twitter:card\" content=\"summary_large_image\" \/>\n<meta name=\"twitter:label1\" content=\"Est. reading time\" \/>\n\t<meta name=\"twitter:data1\" content=\"1 minute\" \/>\n<script type=\"application\/ld+json\" class=\"yoast-schema-graph\">{\"@context\":\"https:\\\/\\\/schema.org\",\"@graph\":[{\"@type\":\"WebPage\",\"@id\":\"https:\\\/\\\/wmtbaltic.lv\\\/Produkts\\\/komatex-1mm-3050x1220mm\\\/\",\"url\":\"https:\\\/\\\/wmtbaltic.lv\\\/Produkts\\\/komatex-1mm-3050x1220mm\\\/\",\"name\":\"K\u00f6maTEX PVH loksnes 1mm, 3050x1220mm\",\"isPartOf\":{\"@id\":\"https:\\\/\\\/wmtbaltic.lv\\\/#website\"},\"primaryImageOfPage\":{\"@id\":\"https:\\\/\\\/wmtbaltic.lv\\\/Produkts\\\/komatex-1mm-3050x1220mm\\\/#primaryimage\"},\"image\":{\"@id\":\"https:\\\/\\\/wmtbaltic.lv\\\/Produkts\\\/komatex-1mm-3050x1220mm\\\/#primaryimage\"},\"thumbnailUrl\":\"https:\\\/\\\/wmtbaltic.lv\\\/wp-content\\\/uploads\\\/2023\\\/01\\\/wmt_komatex_1mm-scaled.jpg\",\"datePublished\":\"2020-07-22T11:41:20+00:00\",\"dateModified\":\"2023-01-17T12:22:27+00:00\",\"description\":\"Putotas PVH loksnes ar mat\u0113tu virsmuIzgatavotas no stingr\u0101m PVC put\u0101m, sint\u0113tisks lok\u0161\u0146u materi\u0101ls ar s\u012bkporainu strukt\u016bru un mat\u0113tu virsmu. Notur\u012bgs pret \u0137\u012bmisko vielu un UV starojuma iedarb\u012bbas, ir pie\u013caujama materi\u0101la saskare ar p\u0101rtikas produktiem. Materi\u0101ls ir piem\u0113rots digit\u0101lai apdrukai, to var kr\u0101sot un apl\u012bm\u0113t ar l\u012bmpl\u0113v\u0113m. PVC K\u00f6maTex loksn\u0113m ir labas ska\u0146as un siltumizol\u0101cijas \u012bpa\u0161\u012bbas.\",\"breadcrumb\":{\"@id\":\"https:\\\/\\\/wmtbaltic.lv\\\/Produkts\\\/komatex-1mm-3050x1220mm\\\/#breadcrumb\"},\"inLanguage\":\"en-US\",\"potentialAction\":[{\"@type\":\"ReadAction\",\"target\":[\"https:\\\/\\\/wmtbaltic.lv\\\/Produkts\\\/komatex-1mm-3050x1220mm\\\/\"]}]},{\"@type\":\"ImageObject\",\"inLanguage\":\"en-US\",\"@id\":\"https:\\\/\\\/wmtbaltic.lv\\\/Produkts\\\/komatex-1mm-3050x1220mm\\\/#primaryimage\",\"url\":\"https:\\\/\\\/wmtbaltic.lv\\\/wp-content\\\/uploads\\\/2023\\\/01\\\/wmt_komatex_1mm-scaled.jpg\",\"contentUrl\":\"https:\\\/\\\/wmtbaltic.lv\\\/wp-content\\\/uploads\\\/2023\\\/01\\\/wmt_komatex_1mm-scaled.jpg\",\"width\":2098,\"height\":2560,\"caption\":\"dav\"},{\"@type\":\"BreadcrumbList\",\"@id\":\"https:\\\/\\\/wmtbaltic.lv\\\/Produkts\\\/komatex-1mm-3050x1220mm\\\/#breadcrumb\",\"itemListElement\":[{\"@type\":\"ListItem\",\"position\":1,\"name\":\"Home\",\"item\":\"https:\\\/\\\/wmtbaltic.lv\\\/en\\\/\"},{\"@type\":\"ListItem\",\"position\":2,\"name\":\"Shop\",\"item\":\"https:\\\/\\\/wmtbaltic.lv\\\/shop\\\/\"},{\"@type\":\"ListItem\",\"position\":3,\"name\":\"K\u00f6maTEX PVH loksnes 1mm, 3050x1220mm\"}]},{\"@type\":\"WebSite\",\"@id\":\"https:\\\/\\\/wmtbaltic.lv\\\/#website\",\"url\":\"https:\\\/\\\/wmtbaltic.lv\\\/\",\"name\":\"WMT Baltic\",\"description\":\"Rekl\u0101mas produkti, pl\u0113ves\",\"publisher\":{\"@id\":\"https:\\\/\\\/wmtbaltic.lv\\\/#organization\"},\"potentialAction\":[{\"@type\":\"SearchAction\",\"target\":{\"@type\":\"EntryPoint\",\"urlTemplate\":\"https:\\\/\\\/wmtbaltic.lv\\\/?s={search_term_string}\"},\"query-input\":{\"@type\":\"PropertyValueSpecification\",\"valueRequired\":true,\"valueName\":\"search_term_string\"}}],\"inLanguage\":\"en-US\"},{\"@type\":\"Organization\",\"@id\":\"https:\\\/\\\/wmtbaltic.lv\\\/#organization\",\"name\":\"WMT Baltic\",\"url\":\"https:\\\/\\\/wmtbaltic.lv\\\/\",\"logo\":{\"@type\":\"ImageObject\",\"inLanguage\":\"en-US\",\"@id\":\"https:\\\/\\\/wmtbaltic.lv\\\/#\\\/schema\\\/logo\\\/image\\\/\",\"url\":\"https:\\\/\\\/wmtbaltic.lv\\\/wp-content\\\/uploads\\\/2024\\\/12\\\/wmt-baltic-sia_107142_9_420x180.jpg\",\"contentUrl\":\"https:\\\/\\\/wmtbaltic.lv\\\/wp-content\\\/uploads\\\/2024\\\/12\\\/wmt-baltic-sia_107142_9_420x180.jpg\",\"width\":420,\"height\":180,\"caption\":\"WMT Baltic\"},\"image\":{\"@id\":\"https:\\\/\\\/wmtbaltic.lv\\\/#\\\/schema\\\/logo\\\/image\\\/\"},\"sameAs\":[\"https:\\\/\\\/www.facebook.com\\\/WMT.Baltic.viscom\\\/?locale=lv_LV\",\"https:\\\/\\\/www.instagram.com\\\/viscom_wmt\\\/\"]}]}<\/script>\n<!-- \/ Yoast SEO plugin. -->","yoast_head_json":{"title":"K\u00f6maTEX PVH loksnes 1mm, 3050x1220mm","description":"Putotas PVH loksnes ar mat\u0113tu virsmuIzgatavotas no stingr\u0101m PVC put\u0101m, sint\u0113tisks lok\u0161\u0146u materi\u0101ls ar s\u012bkporainu strukt\u016bru un mat\u0113tu virsmu. Notur\u012bgs pret \u0137\u012bmisko vielu un UV starojuma iedarb\u012bbas, ir pie\u013caujama materi\u0101la saskare ar p\u0101rtikas produktiem. Materi\u0101ls ir piem\u0113rots digit\u0101lai apdrukai, to var kr\u0101sot un apl\u012bm\u0113t ar l\u012bmpl\u0113v\u0113m. PVC K\u00f6maTex loksn\u0113m ir labas ska\u0146as un siltumizol\u0101cijas \u012bpa\u0161\u012bbas.","robots":{"index":"index","follow":"follow","max-snippet":"max-snippet:-1","max-image-preview":"max-image-preview:large","max-video-preview":"max-video-preview:-1"},"canonical":"https:\/\/wmtbaltic.lv\/Produkts\/komatex-1mm-3050x1220mm\/","og_locale":"en_US","og_type":"article","og_title":"K\u00f6maTEX PVH loksnes 1mm, 3050x1220mm","og_description":"Putotas PVH loksnes ar mat\u0113tu virsmuIzgatavotas no stingr\u0101m PVC put\u0101m, sint\u0113tisks lok\u0161\u0146u materi\u0101ls ar s\u012bkporainu strukt\u016bru un mat\u0113tu virsmu. Notur\u012bgs pret \u0137\u012bmisko vielu un UV starojuma iedarb\u012bbas, ir pie\u013caujama materi\u0101la saskare ar p\u0101rtikas produktiem. Materi\u0101ls ir piem\u0113rots digit\u0101lai apdrukai, to var kr\u0101sot un apl\u012bm\u0113t ar l\u012bmpl\u0113v\u0113m. PVC K\u00f6maTex loksn\u0113m ir labas ska\u0146as un siltumizol\u0101cijas \u012bpa\u0161\u012bbas.","og_url":"https:\/\/wmtbaltic.lv\/Produkts\/komatex-1mm-3050x1220mm\/","og_site_name":"WMT Baltic","article_publisher":"https:\/\/www.facebook.com\/WMT.Baltic.viscom\/?locale=lv_LV","article_modified_time":"2023-01-17T12:22:27+00:00","og_image":[{"width":2098,"height":2560,"url":"http:\/\/wmtbaltic.lv\/wp-content\/uploads\/2023\/01\/wmt_komatex_1mm-scaled.jpg","type":"image\/jpeg"}],"twitter_card":"summary_large_image","twitter_misc":{"Est. reading time":"1 minute"},"schema":{"@context":"https:\/\/schema.org","@graph":[{"@type":"WebPage","@id":"https:\/\/wmtbaltic.lv\/Produkts\/komatex-1mm-3050x1220mm\/","url":"https:\/\/wmtbaltic.lv\/Produkts\/komatex-1mm-3050x1220mm\/","name":"K\u00f6maTEX PVH loksnes 1mm, 3050x1220mm","isPartOf":{"@id":"https:\/\/wmtbaltic.lv\/#website"},"primaryImageOfPage":{"@id":"https:\/\/wmtbaltic.lv\/Produkts\/komatex-1mm-3050x1220mm\/#primaryimage"},"image":{"@id":"https:\/\/wmtbaltic.lv\/Produkts\/komatex-1mm-3050x1220mm\/#primaryimage"},"thumbnailUrl":"https:\/\/wmtbaltic.lv\/wp-content\/uploads\/2023\/01\/wmt_komatex_1mm-scaled.jpg","datePublished":"2020-07-22T11:41:20+00:00","dateModified":"2023-01-17T12:22:27+00:00","description":"Putotas PVH loksnes ar mat\u0113tu virsmuIzgatavotas no stingr\u0101m PVC put\u0101m, sint\u0113tisks lok\u0161\u0146u materi\u0101ls ar s\u012bkporainu strukt\u016bru un mat\u0113tu virsmu. Notur\u012bgs pret \u0137\u012bmisko vielu un UV starojuma iedarb\u012bbas, ir pie\u013caujama materi\u0101la saskare ar p\u0101rtikas produktiem. Materi\u0101ls ir piem\u0113rots digit\u0101lai apdrukai, to var kr\u0101sot un apl\u012bm\u0113t ar l\u012bmpl\u0113v\u0113m. PVC K\u00f6maTex loksn\u0113m ir labas ska\u0146as un siltumizol\u0101cijas \u012bpa\u0161\u012bbas.","breadcrumb":{"@id":"https:\/\/wmtbaltic.lv\/Produkts\/komatex-1mm-3050x1220mm\/#breadcrumb"},"inLanguage":"en-US","potentialAction":[{"@type":"ReadAction","target":["https:\/\/wmtbaltic.lv\/Produkts\/komatex-1mm-3050x1220mm\/"]}]},{"@type":"ImageObject","inLanguage":"en-US","@id":"https:\/\/wmtbaltic.lv\/Produkts\/komatex-1mm-3050x1220mm\/#primaryimage","url":"https:\/\/wmtbaltic.lv\/wp-content\/uploads\/2023\/01\/wmt_komatex_1mm-scaled.jpg","contentUrl":"https:\/\/wmtbaltic.lv\/wp-content\/uploads\/2023\/01\/wmt_komatex_1mm-scaled.jpg","width":2098,"height":2560,"caption":"dav"},{"@type":"BreadcrumbList","@id":"https:\/\/wmtbaltic.lv\/Produkts\/komatex-1mm-3050x1220mm\/#breadcrumb","itemListElement":[{"@type":"ListItem","position":1,"name":"Home","item":"https:\/\/wmtbaltic.lv\/en\/"},{"@type":"ListItem","position":2,"name":"Shop","item":"https:\/\/wmtbaltic.lv\/shop\/"},{"@type":"ListItem","position":3,"name":"K\u00f6maTEX PVH loksnes 1mm, 3050x1220mm"}]},{"@type":"WebSite","@id":"https:\/\/wmtbaltic.lv\/#website","url":"https:\/\/wmtbaltic.lv\/","name":"WMT Baltic","description":"Rekl\u0101mas produkti, pl\u0113ves","publisher":{"@id":"https:\/\/wmtbaltic.lv\/#organization"},"potentialAction":[{"@type":"SearchAction","target":{"@type":"EntryPoint","urlTemplate":"https:\/\/wmtbaltic.lv\/?s={search_term_string}"},"query-input":{"@type":"PropertyValueSpecification","valueRequired":true,"valueName":"search_term_string"}}],"inLanguage":"en-US"},{"@type":"Organization","@id":"https:\/\/wmtbaltic.lv\/#organization","name":"WMT Baltic","url":"https:\/\/wmtbaltic.lv\/","logo":{"@type":"ImageObject","inLanguage":"en-US","@id":"https:\/\/wmtbaltic.lv\/#\/schema\/logo\/image\/","url":"https:\/\/wmtbaltic.lv\/wp-content\/uploads\/2024\/12\/wmt-baltic-sia_107142_9_420x180.jpg","contentUrl":"https:\/\/wmtbaltic.lv\/wp-content\/uploads\/2024\/12\/wmt-baltic-sia_107142_9_420x180.jpg","width":420,"height":180,"caption":"WMT Baltic"},"image":{"@id":"https:\/\/wmtbaltic.lv\/#\/schema\/logo\/image\/"},"sameAs":["https:\/\/www.facebook.com\/WMT.Baltic.viscom\/?locale=lv_LV","https:\/\/www.instagram.com\/viscom_wmt\/"]}]}},"_links":{"self":[{"href":"https:\/\/wmtbaltic.lv\/en\/wp-json\/wp\/v2\/product\/1428","targetHints":{"allow":["GET"]}}],"collection":[{"href":"https:\/\/wmtbaltic.lv\/en\/wp-json\/wp\/v2\/product"}],"about":[{"href":"https:\/\/wmtbaltic.lv\/en\/wp-json\/wp\/v2\/types\/product"}],"wp:featuredmedia":[{"embeddable":true,"href":"https:\/\/wmtbaltic.lv\/en\/wp-json\/wp\/v2\/media\/14221"}],"wp:attachment":[{"href":"https:\/\/wmtbaltic.lv\/en\/wp-json\/wp\/v2\/media?parent=1428"}],"wp:term":[{"taxonomy":"product_brand","embeddable":true,"href":"https:\/\/wmtbaltic.lv\/en\/wp-json\/wp\/v2\/product_brand?post=1428"},{"taxonomy":"product_cat","embeddable":true,"href":"https:\/\/wmtbaltic.lv\/en\/wp-json\/wp\/v2\/product_cat?post=1428"},{"taxonomy":"product_tag","embeddable":true,"href":"https:\/\/wmtbaltic.lv\/en\/wp-json\/wp\/v2\/product_tag?post=1428"}],"curies":[{"name":"wp","href":"https:\/\/api.w.org\/{rel}","templated":true}]}}