{"id":1425,"date":"2020-07-22T11:20:24","date_gmt":"2020-07-22T11:20:24","guid":{"rendered":"http:\/\/wmtbaltic.lv\/\/?post_type=product&#038;p=1425"},"modified":"2022-09-26T07:34:24","modified_gmt":"2022-09-26T07:34:24","slug":"alustyle-kompozitpaneli","status":"publish","type":"product","link":"https:\/\/wmtbaltic.lv\/en\/product\/alustyle-kompozitpaneli\/","title":{"rendered":"Alustyle kompoz\u012btpane\u013ci"},"content":{"rendered":"<p class=\"western\"><span style=\"font-family: Tahoma, sans-serif;\"><span style=\"font-size: small;\"><b>M\u0113s pied\u0101v\u0101jam ar\u012b:<\/b><\/span><\/span><span style=\"font-family: Tahoma, sans-serif;\"><span style=\"font-size: small;\">\u00a0putots lok\u0161\u0146u materi\u0101ls; triecieniztur\u012bgs materi\u0101ls; liets materi\u0101ls; \u0161\u016bnu polikarbon\u0101ts rekl\u0101mai; monopolikarbon\u0101ts; \u0161\u016bnu polikarbon\u0101ta aksesu\u0101ri; kompoz\u012btmateri\u0101ls; poliesters;\u00a0<\/span><\/span><span style=\"font-family: Tahoma, sans-serif;\"><span style=\"font-size: small;\"><span lang=\"en-US\">org<\/span><\/span><\/span><span style=\"font-family: Tahoma, sans-serif;\"><span style=\"font-size: small;\">stikls; polietil\u0113ns; \u0161\u016bnu polipropil\u0113ns; profili lok\u0161\u0146u plastik\u0101tiem; pl\u0101nie plastik\u0101ti; iepakojuma plastik\u0101ti; kompoz\u012btpane\u013ci; kr\u0101saini plastik\u0101ti; materi\u0101li tirdzniec\u012bbas vietu noform\u0113\u0161anai; stikl\u0161\u0137iedras karogu masti; plastik\u0101tu izstr\u0101d\u0101jumi; iepakojums; rekl\u0101mas materi\u0101li; polikarbon\u0101ts siltumn\u012bc\u0101m; materi\u0101li nojum\u0113m; plastik\u0101ti starpsien\u0101m; mat\u0113ts organiskais stikls;\u00a0 PET; PETG; PP; PS; PVC; PC; PE; PMMA; ABS; plastik\u0101ti noform\u0113\u0161anai; plastik\u0101ti grav\u0113\u0161anai; plastik\u0101ti apdrukai; plastik\u0101ts balkona marg\u0101m; ton\u0113ts organiskais stikls; plastik\u0101ts digit\u0101lajai drukai; apdares materi\u0101ls; celtniec\u012bbas materi\u0101li; plastik\u0101tu grie\u0161ana; plastik\u0101tu loc\u012b\u0161ana; karogu masti; karogi; \u0161\u016bnu polikarbon\u0101ts.<\/span><\/span><\/p>\n","protected":false},"excerpt":{"rendered":"<p style=\"font-weight: 400;\"><strong>Alustyle kompoz\u012btpane\u013ci<\/strong><strong>\r\n<\/strong><strong>\r\n<\/strong>Kompoz\u012btie alum\u012bnija pane\u013ci sast\u0101v no iek\u0161\u0113j\u0101 polietil\u0113na sl\u0101\u0146a un div\u0101m alum\u012bnija loksn\u0113m (katra 0,3 mm biezum\u0101), un ir nokr\u0101soti ar karst\u0101s lako\u0161anas metodi.<\/p>\r\n<p style=\"font-weight: 400;\">Kompoz\u012btpane\u013ciem piem\u012bt augsta ciet\u012bba, triecieniztur\u012bba, iztur\u012bba pret l\u016bzumiem, var tikt izmantots temperat\u016bras diapazon\u0101 no -50\u00b0C l\u012bdz +50\u00b0C. To saliecot, kr\u0101sot\u0101 virsma nesaplais\u0101. Sp\u0113c\u012bga aizsardz\u012bba pret UV starojumu, nodro\u0161ina visu p\u0101rkl\u0101juma \u012bpa\u0161\u012bbu saglab\u0101\u0161anos 5 gadus.<\/p>\r\n<p style=\"font-weight: 400;\">Kompoz\u012bts tiek uzskat\u012bts par lielisku dekorat\u012bvu materi\u0101lu gan izmanto\u0161anai iek\u0161telp\u0101s, gan \u0101r\u0101: digit\u0101lajai drukai, sietspiedei, foto aplik\u0101cij\u0101, rekl\u0101mas stendos, fas\u0101\u017eu kaset\u0113s, liela izm\u0113ra elementos, iek\u0161telpu sienu un griestu apdar\u0113, da\u017e\u0101du konstrukciju izgatavo\u0161an\u0101, balkonu un karn\u012b\u017eu apdar\u0113, elektronisko tablo ietvaros.<\/p>\r\n<p style=\"font-weight: 400;\"><strong>*<\/strong><\/p>","protected":false},"featured_media":13811,"comment_status":"closed","ping_status":"closed","template":"","meta":[],"product_brand":[],"product_cat":[104],"product_tag":[],"class_list":{"0":"post-1425","1":"product","2":"type-product","3":"status-publish","4":"has-post-thumbnail","6":"product_cat-aluminija-kompozitpaneli","8":"first","9":"instock","10":"shipping-taxable","11":"product-type-simple"},"yoast_head":"<!-- This site is optimized with the Yoast SEO plugin v27.4 - https:\/\/yoast.com\/product\/yoast-seo-wordpress\/ -->\n<title>Alustyle kompoz\u012btpane\u013ci - WMT Baltic<\/title>\n<meta name=\"robots\" content=\"index, follow, max-snippet:-1, max-image-preview:large, max-video-preview:-1\" \/>\n<link rel=\"canonical\" href=\"https:\/\/wmtbaltic.lv\/Produkts\/alustyle-kompozitpaneli\/\" \/>\n<meta property=\"og:locale\" content=\"en_US\" \/>\n<meta property=\"og:type\" content=\"article\" \/>\n<meta property=\"og:title\" content=\"Alustyle kompoz\u012btpane\u013ci - WMT Baltic\" \/>\n<meta property=\"og:description\" content=\"Alustyle kompoz\u012btpane\u013ci  Kompoz\u012btie alum\u012bnija pane\u013ci sast\u0101v no iek\u0161\u0113j\u0101 polietil\u0113na sl\u0101\u0146a un div\u0101m alum\u012bnija loksn\u0113m (katra 0,3 mm biezum\u0101), un ir nokr\u0101soti ar karst\u0101s lako\u0161anas metodi. Kompoz\u012btpane\u013ciem piem\u012bt augsta ciet\u012bba, triecieniztur\u012bba, iztur\u012bba pret l\u016bzumiem, var tikt izmantots temperat\u016bras diapazon\u0101 no -50\u00b0C l\u012bdz +50\u00b0C. To saliecot, kr\u0101sot\u0101 virsma nesaplais\u0101. Sp\u0113c\u012bga aizsardz\u012bba pret UV starojumu, nodro\u0161ina visu p\u0101rkl\u0101juma \u012bpa\u0161\u012bbu saglab\u0101\u0161anos 5 gadus. Kompoz\u012bts tiek uzskat\u012bts par lielisku dekorat\u012bvu materi\u0101lu gan izmanto\u0161anai iek\u0161telp\u0101s, gan \u0101r\u0101: digit\u0101lajai drukai, sietspiedei, foto aplik\u0101cij\u0101, rekl\u0101mas stendos, fas\u0101\u017eu kaset\u0113s, liela izm\u0113ra elementos, iek\u0161telpu sienu un griestu apdar\u0113, da\u017e\u0101du konstrukciju izgatavo\u0161an\u0101, balkonu un karn\u012b\u017eu apdar\u0113, elektronisko tablo ietvaros. *\" \/>\n<meta property=\"og:url\" content=\"https:\/\/wmtbaltic.lv\/Produkts\/alustyle-kompozitpaneli\/\" \/>\n<meta property=\"og:site_name\" content=\"WMT Baltic\" \/>\n<meta property=\"article:publisher\" content=\"https:\/\/www.facebook.com\/WMT.Baltic.viscom\/?locale=lv_LV\" \/>\n<meta property=\"article:modified_time\" content=\"2022-09-26T07:34:24+00:00\" \/>\n<meta property=\"og:image\" content=\"http:\/\/wmtbaltic.lv\/wp-content\/uploads\/2020\/07\/Alustyle-kompozitpaneli-.jpg\" \/>\n\t<meta property=\"og:image:width\" content=\"315\" \/>\n\t<meta property=\"og:image:height\" content=\"271\" \/>\n\t<meta property=\"og:image:type\" content=\"image\/jpeg\" \/>\n<meta name=\"twitter:card\" content=\"summary_large_image\" \/>\n<meta name=\"twitter:label1\" content=\"Est. reading time\" \/>\n\t<meta name=\"twitter:data1\" content=\"1 minute\" \/>\n<script type=\"application\/ld+json\" class=\"yoast-schema-graph\">{\"@context\":\"https:\\\/\\\/schema.org\",\"@graph\":[{\"@type\":\"WebPage\",\"@id\":\"https:\\\/\\\/wmtbaltic.lv\\\/Produkts\\\/alustyle-kompozitpaneli\\\/\",\"url\":\"https:\\\/\\\/wmtbaltic.lv\\\/Produkts\\\/alustyle-kompozitpaneli\\\/\",\"name\":\"Alustyle kompoz\u012btpane\u013ci - WMT Baltic\",\"isPartOf\":{\"@id\":\"https:\\\/\\\/wmtbaltic.lv\\\/#website\"},\"primaryImageOfPage\":{\"@id\":\"https:\\\/\\\/wmtbaltic.lv\\\/Produkts\\\/alustyle-kompozitpaneli\\\/#primaryimage\"},\"image\":{\"@id\":\"https:\\\/\\\/wmtbaltic.lv\\\/Produkts\\\/alustyle-kompozitpaneli\\\/#primaryimage\"},\"thumbnailUrl\":\"https:\\\/\\\/wmtbaltic.lv\\\/wp-content\\\/uploads\\\/2020\\\/07\\\/Alustyle-kompozitpaneli-.jpg\",\"datePublished\":\"2020-07-22T11:20:24+00:00\",\"dateModified\":\"2022-09-26T07:34:24+00:00\",\"breadcrumb\":{\"@id\":\"https:\\\/\\\/wmtbaltic.lv\\\/Produkts\\\/alustyle-kompozitpaneli\\\/#breadcrumb\"},\"inLanguage\":\"en-US\",\"potentialAction\":[{\"@type\":\"ReadAction\",\"target\":[\"https:\\\/\\\/wmtbaltic.lv\\\/Produkts\\\/alustyle-kompozitpaneli\\\/\"]}]},{\"@type\":\"ImageObject\",\"inLanguage\":\"en-US\",\"@id\":\"https:\\\/\\\/wmtbaltic.lv\\\/Produkts\\\/alustyle-kompozitpaneli\\\/#primaryimage\",\"url\":\"https:\\\/\\\/wmtbaltic.lv\\\/wp-content\\\/uploads\\\/2020\\\/07\\\/Alustyle-kompozitpaneli-.jpg\",\"contentUrl\":\"https:\\\/\\\/wmtbaltic.lv\\\/wp-content\\\/uploads\\\/2020\\\/07\\\/Alustyle-kompozitpaneli-.jpg\",\"width\":315,\"height\":271},{\"@type\":\"BreadcrumbList\",\"@id\":\"https:\\\/\\\/wmtbaltic.lv\\\/Produkts\\\/alustyle-kompozitpaneli\\\/#breadcrumb\",\"itemListElement\":[{\"@type\":\"ListItem\",\"position\":1,\"name\":\"Home\",\"item\":\"https:\\\/\\\/wmtbaltic.lv\\\/en\\\/\"},{\"@type\":\"ListItem\",\"position\":2,\"name\":\"Products\",\"item\":\"https:\\\/\\\/wmtbaltic.lv\\\/en\\\/shop\\\/\"},{\"@type\":\"ListItem\",\"position\":3,\"name\":\"Alustyle kompoz\u012btpane\u013ci\"}]},{\"@type\":\"WebSite\",\"@id\":\"https:\\\/\\\/wmtbaltic.lv\\\/#website\",\"url\":\"https:\\\/\\\/wmtbaltic.lv\\\/\",\"name\":\"WMT Baltic\",\"description\":\"Rekl\u0101mas produkti, pl\u0113ves\",\"publisher\":{\"@id\":\"https:\\\/\\\/wmtbaltic.lv\\\/#organization\"},\"potentialAction\":[{\"@type\":\"SearchAction\",\"target\":{\"@type\":\"EntryPoint\",\"urlTemplate\":\"https:\\\/\\\/wmtbaltic.lv\\\/?s={search_term_string}\"},\"query-input\":{\"@type\":\"PropertyValueSpecification\",\"valueRequired\":true,\"valueName\":\"search_term_string\"}}],\"inLanguage\":\"en-US\"},{\"@type\":\"Organization\",\"@id\":\"https:\\\/\\\/wmtbaltic.lv\\\/#organization\",\"name\":\"WMT Baltic\",\"url\":\"https:\\\/\\\/wmtbaltic.lv\\\/\",\"logo\":{\"@type\":\"ImageObject\",\"inLanguage\":\"en-US\",\"@id\":\"https:\\\/\\\/wmtbaltic.lv\\\/#\\\/schema\\\/logo\\\/image\\\/\",\"url\":\"https:\\\/\\\/wmtbaltic.lv\\\/wp-content\\\/uploads\\\/2024\\\/12\\\/wmt-baltic-sia_107142_9_420x180.jpg\",\"contentUrl\":\"https:\\\/\\\/wmtbaltic.lv\\\/wp-content\\\/uploads\\\/2024\\\/12\\\/wmt-baltic-sia_107142_9_420x180.jpg\",\"width\":420,\"height\":180,\"caption\":\"WMT Baltic\"},\"image\":{\"@id\":\"https:\\\/\\\/wmtbaltic.lv\\\/#\\\/schema\\\/logo\\\/image\\\/\"},\"sameAs\":[\"https:\\\/\\\/www.facebook.com\\\/WMT.Baltic.viscom\\\/?locale=lv_LV\",\"https:\\\/\\\/www.instagram.com\\\/viscom_wmt\\\/\"]}]}<\/script>\n<!-- \/ Yoast SEO plugin. -->","yoast_head_json":{"title":"Alustyle kompoz\u012btpane\u013ci - WMT Baltic","robots":{"index":"index","follow":"follow","max-snippet":"max-snippet:-1","max-image-preview":"max-image-preview:large","max-video-preview":"max-video-preview:-1"},"canonical":"https:\/\/wmtbaltic.lv\/Produkts\/alustyle-kompozitpaneli\/","og_locale":"en_US","og_type":"article","og_title":"Alustyle kompoz\u012btpane\u013ci - WMT Baltic","og_description":"Alustyle kompoz\u012btpane\u013ci  Kompoz\u012btie alum\u012bnija pane\u013ci sast\u0101v no iek\u0161\u0113j\u0101 polietil\u0113na sl\u0101\u0146a un div\u0101m alum\u012bnija loksn\u0113m (katra 0,3 mm biezum\u0101), un ir nokr\u0101soti ar karst\u0101s lako\u0161anas metodi. Kompoz\u012btpane\u013ciem piem\u012bt augsta ciet\u012bba, triecieniztur\u012bba, iztur\u012bba pret l\u016bzumiem, var tikt izmantots temperat\u016bras diapazon\u0101 no -50\u00b0C l\u012bdz +50\u00b0C. To saliecot, kr\u0101sot\u0101 virsma nesaplais\u0101. Sp\u0113c\u012bga aizsardz\u012bba pret UV starojumu, nodro\u0161ina visu p\u0101rkl\u0101juma \u012bpa\u0161\u012bbu saglab\u0101\u0161anos 5 gadus. Kompoz\u012bts tiek uzskat\u012bts par lielisku dekorat\u012bvu materi\u0101lu gan izmanto\u0161anai iek\u0161telp\u0101s, gan \u0101r\u0101: digit\u0101lajai drukai, sietspiedei, foto aplik\u0101cij\u0101, rekl\u0101mas stendos, fas\u0101\u017eu kaset\u0113s, liela izm\u0113ra elementos, iek\u0161telpu sienu un griestu apdar\u0113, da\u017e\u0101du konstrukciju izgatavo\u0161an\u0101, balkonu un karn\u012b\u017eu apdar\u0113, elektronisko tablo ietvaros. *","og_url":"https:\/\/wmtbaltic.lv\/Produkts\/alustyle-kompozitpaneli\/","og_site_name":"WMT Baltic","article_publisher":"https:\/\/www.facebook.com\/WMT.Baltic.viscom\/?locale=lv_LV","article_modified_time":"2022-09-26T07:34:24+00:00","og_image":[{"width":315,"height":271,"url":"http:\/\/wmtbaltic.lv\/wp-content\/uploads\/2020\/07\/Alustyle-kompozitpaneli-.jpg","type":"image\/jpeg"}],"twitter_card":"summary_large_image","twitter_misc":{"Est. reading time":"1 minute"},"schema":{"@context":"https:\/\/schema.org","@graph":[{"@type":"WebPage","@id":"https:\/\/wmtbaltic.lv\/Produkts\/alustyle-kompozitpaneli\/","url":"https:\/\/wmtbaltic.lv\/Produkts\/alustyle-kompozitpaneli\/","name":"Alustyle kompoz\u012btpane\u013ci - WMT Baltic","isPartOf":{"@id":"https:\/\/wmtbaltic.lv\/#website"},"primaryImageOfPage":{"@id":"https:\/\/wmtbaltic.lv\/Produkts\/alustyle-kompozitpaneli\/#primaryimage"},"image":{"@id":"https:\/\/wmtbaltic.lv\/Produkts\/alustyle-kompozitpaneli\/#primaryimage"},"thumbnailUrl":"https:\/\/wmtbaltic.lv\/wp-content\/uploads\/2020\/07\/Alustyle-kompozitpaneli-.jpg","datePublished":"2020-07-22T11:20:24+00:00","dateModified":"2022-09-26T07:34:24+00:00","breadcrumb":{"@id":"https:\/\/wmtbaltic.lv\/Produkts\/alustyle-kompozitpaneli\/#breadcrumb"},"inLanguage":"en-US","potentialAction":[{"@type":"ReadAction","target":["https:\/\/wmtbaltic.lv\/Produkts\/alustyle-kompozitpaneli\/"]}]},{"@type":"ImageObject","inLanguage":"en-US","@id":"https:\/\/wmtbaltic.lv\/Produkts\/alustyle-kompozitpaneli\/#primaryimage","url":"https:\/\/wmtbaltic.lv\/wp-content\/uploads\/2020\/07\/Alustyle-kompozitpaneli-.jpg","contentUrl":"https:\/\/wmtbaltic.lv\/wp-content\/uploads\/2020\/07\/Alustyle-kompozitpaneli-.jpg","width":315,"height":271},{"@type":"BreadcrumbList","@id":"https:\/\/wmtbaltic.lv\/Produkts\/alustyle-kompozitpaneli\/#breadcrumb","itemListElement":[{"@type":"ListItem","position":1,"name":"Home","item":"https:\/\/wmtbaltic.lv\/en\/"},{"@type":"ListItem","position":2,"name":"Products","item":"https:\/\/wmtbaltic.lv\/en\/shop\/"},{"@type":"ListItem","position":3,"name":"Alustyle kompoz\u012btpane\u013ci"}]},{"@type":"WebSite","@id":"https:\/\/wmtbaltic.lv\/#website","url":"https:\/\/wmtbaltic.lv\/","name":"WMT Baltic","description":"Rekl\u0101mas produkti, pl\u0113ves","publisher":{"@id":"https:\/\/wmtbaltic.lv\/#organization"},"potentialAction":[{"@type":"SearchAction","target":{"@type":"EntryPoint","urlTemplate":"https:\/\/wmtbaltic.lv\/?s={search_term_string}"},"query-input":{"@type":"PropertyValueSpecification","valueRequired":true,"valueName":"search_term_string"}}],"inLanguage":"en-US"},{"@type":"Organization","@id":"https:\/\/wmtbaltic.lv\/#organization","name":"WMT Baltic","url":"https:\/\/wmtbaltic.lv\/","logo":{"@type":"ImageObject","inLanguage":"en-US","@id":"https:\/\/wmtbaltic.lv\/#\/schema\/logo\/image\/","url":"https:\/\/wmtbaltic.lv\/wp-content\/uploads\/2024\/12\/wmt-baltic-sia_107142_9_420x180.jpg","contentUrl":"https:\/\/wmtbaltic.lv\/wp-content\/uploads\/2024\/12\/wmt-baltic-sia_107142_9_420x180.jpg","width":420,"height":180,"caption":"WMT Baltic"},"image":{"@id":"https:\/\/wmtbaltic.lv\/#\/schema\/logo\/image\/"},"sameAs":["https:\/\/www.facebook.com\/WMT.Baltic.viscom\/?locale=lv_LV","https:\/\/www.instagram.com\/viscom_wmt\/"]}]}},"_links":{"self":[{"href":"https:\/\/wmtbaltic.lv\/en\/wp-json\/wp\/v2\/product\/1425","targetHints":{"allow":["GET"]}}],"collection":[{"href":"https:\/\/wmtbaltic.lv\/en\/wp-json\/wp\/v2\/product"}],"about":[{"href":"https:\/\/wmtbaltic.lv\/en\/wp-json\/wp\/v2\/types\/product"}],"replies":[{"embeddable":true,"href":"https:\/\/wmtbaltic.lv\/en\/wp-json\/wp\/v2\/comments?post=1425"}],"wp:featuredmedia":[{"embeddable":true,"href":"https:\/\/wmtbaltic.lv\/en\/wp-json\/wp\/v2\/media\/13811"}],"wp:attachment":[{"href":"https:\/\/wmtbaltic.lv\/en\/wp-json\/wp\/v2\/media?parent=1425"}],"wp:term":[{"taxonomy":"product_brand","embeddable":true,"href":"https:\/\/wmtbaltic.lv\/en\/wp-json\/wp\/v2\/product_brand?post=1425"},{"taxonomy":"product_cat","embeddable":true,"href":"https:\/\/wmtbaltic.lv\/en\/wp-json\/wp\/v2\/product_cat?post=1425"},{"taxonomy":"product_tag","embeddable":true,"href":"https:\/\/wmtbaltic.lv\/en\/wp-json\/wp\/v2\/product_tag?post=1425"}],"curies":[{"name":"wp","href":"https:\/\/api.w.org\/{rel}","templated":true}]}}