{"id":14216,"date":"2023-01-17T11:15:07","date_gmt":"2023-01-17T11:15:07","guid":{"rendered":"https:\/\/wmtbaltic.lv\/?post_type=product&#038;p=14216"},"modified":"2023-01-17T11:17:11","modified_gmt":"2023-01-17T11:17:11","slug":"komapluss-pvh-loksnes-10mm-3050x2050mm","status":"publish","type":"product","link":"https:\/\/wmtbaltic.lv\/en\/product\/komapluss-pvh-loksnes-10mm-3050x2050mm\/","title":{"rendered":"K\u00f6maPLUSS PVH loksnes 10mm, 3050x2050mm"},"content":{"rendered":"<p><strong>Materi\u0101la izmanto\u0161ana:<\/strong><\/p>\n<p>&#8211; digit\u0101l\u0101 druka, sietspiede;<\/p>\n<p>&#8211; stendi, izk\u0101rtnes, model\u0113\u0161ana;<\/p>\n<p>&#8211;\u00a0b\u016bvniec\u012bba (ni\u0161u aizpild\u012b\u0161ana u.t.t.);<\/p>\n<p>&#8211; tirdzniec\u012bbas iek\u0101rtas;<\/p>\n<p align=\"justify\"><strong>Materi\u0101la kr\u0101sa: <\/strong>Balta<\/p>\n<p align=\"justify\"><span style=\"color: #990000;\">* Materi\u0101lus grie\u017eam p\u0113c klienta piepras\u012bjuma<\/span><\/p>\n<p align=\"justify\"><span style=\"color: #990000;\">PVH lok\u0161\u0146u sal\u012bm\u0113\u0161anai m\u0113s rekomend\u0113jam izmantot l\u012bmi:<\/span><\/p>\n<p dir=\"ltr\" align=\"justify\">\u00a0\u00a0&#8211; Cianakril\u0101ta l\u012bmes ar moment\u0101lo iedarb\u012bbu<\/p>\n<p dir=\"ltr\" align=\"justify\">\u00a0\u00a0&#8211;\u00a0COSMOFEN PMMA organisk\u0101 stikla sal\u012bm\u0113\u0161anai<\/p>\n<p dir=\"ltr\" align=\"justify\">\u00a0 &#8211; COSMOFEN PLUS PVH lok\u0161\u0146u sal\u012bm\u0113\u0161anai<\/p>\n<p dir=\"ltr\" align=\"justify\">\u00a0 &#8211; COSMOFEN 345 PVH sal\u012bm\u0113\u0161anai ar citiem materi\u0101liem<\/p>\n<p class=\"western\"><span style=\"font-family: Tahoma, sans-serif;\"><span style=\"font-size: small;\"><b>M\u0113s pied\u0101v\u0101jam ar\u012b:<\/b><\/span><\/span><span style=\"font-family: Tahoma, sans-serif;\"><span style=\"font-size: small;\"> putots lok\u0161\u0146u materi\u0101ls; triecieniztur\u012bgs materi\u0101ls; liets materi\u0101ls; \u0161\u016bnu polikarbon\u0101ts rekl\u0101mai; monopolikarbon\u0101ts; \u0161\u016bnu polikarbon\u0101ta aksesu\u0101ri; kompoz\u012btmateri\u0101ls; poliesters; <\/span><\/span><span style=\"font-family: Tahoma, sans-serif;\"><span style=\"font-size: small;\"><span lang=\"en-US\">org<\/span><\/span><\/span><span style=\"font-family: Tahoma, sans-serif;\"><span style=\"font-size: small;\">stikls; polietil\u0113ns; \u0161\u016bnu polipropil\u0113ns; profili lok\u0161\u0146u plastik\u0101tiem; pl\u0101nie plastik\u0101ti; iepakojuma plastik\u0101ti; kompoz\u012btpane\u013ci; kr\u0101saini plastik\u0101ti; materi\u0101li tirdzniec\u012bbas vietu noform\u0113\u0161anai; stikl\u0161\u0137iedras karogu masti; plastik\u0101tu izstr\u0101d\u0101jumi; iepakojums; rekl\u0101mas materi\u0101li; polikarbon\u0101ts siltumn\u012bc\u0101m; materi\u0101li nojum\u0113m; plastik\u0101ti starpsien\u0101m; mat\u0113ts organiskais stikls;\u00a0 PET; PETG; PP; PS; PVC; PC; PE; PMMA; ABS; plastik\u0101ti noform\u0113\u0161anai; plastik\u0101ti grav\u0113\u0161anai; plastik\u0101ti apdrukai; plastik\u0101ts balkona marg\u0101m; ton\u0113ts organiskais stikls; plastik\u0101ts digit\u0101lajai drukai; apdares materi\u0101ls; celtniec\u012bbas materi\u0101li; plastik\u0101tu grie\u0161ana; plastik\u0101tu loc\u012b\u0161ana; karogu masti; karogi; \u0161\u016bnu polikarbon\u0101ts.<\/span><\/span><\/p>\n","protected":false},"excerpt":{"rendered":"<p align=\"justify\"><strong>Materi\u0101la apraksts:<\/strong><\/p>\r\n<p align=\"justify\">Viendab\u012bgas putotas PVC loksnes, balt\u0101 kr\u0101s\u0101, ar mat\u0113tu virsmu.<\/p>\r\n<p align=\"justify\">K\u00d6MATEX atvieglotais variants - biezums K\u00d6MAPLUSS 0.45 g\/cm\u00b3, ar UV aizsardz\u012bbu, viegli apstr\u0101d\u0101jams ar parastiem instrumentiem.<\/p>\r\n<p align=\"justify\"><\/p>","protected":false},"featured_media":13807,"comment_status":"closed","ping_status":"closed","template":"","meta":[],"product_brand":[],"product_cat":[105],"product_tag":[884,1197,1198,1192,1196,1170,1194,844,1069,293],"class_list":{"0":"post-14216","1":"product","2":"type-product","3":"status-publish","4":"has-post-thumbnail","6":"product_cat-putotais-pvh-balts","7":"product_tag-aplimesanai","8":"product_tag-balts-plastikats","9":"product_tag-drukai","10":"product_tag-komaplus","11":"product_tag-komateks","12":"product_tag-komatex","13":"product_tag-plastic","14":"product_tag-pvc","15":"product_tag-pvh","16":"product_tag-reklamai","18":"first","19":"instock","20":"shipping-taxable","21":"purchasable","22":"product-type-simple"},"yoast_head":"<!-- This site is optimized with the Yoast SEO plugin v27.4 - https:\/\/yoast.com\/product\/yoast-seo-wordpress\/ -->\n<title>K\u00f6maPLUSS PVH loksnes 10mm, 3050x2050mm<\/title>\n<meta name=\"description\" content=\"Materi\u0101la apraksts:Viendab\u012bgas putotas PVC loksnes, balt\u0101 kr\u0101s\u0101, ar mat\u0113tu virsmu.K\u00d6MATEX atvieglotais variants - biezums K\u00d6MAPLUSS 0.45 g\/cm\u00b3, ar UV aizsardz\u012bbu, viegli apstr\u0101d\u0101jams ar parastiem instrumentiem.\" \/>\n<meta name=\"robots\" content=\"index, follow, max-snippet:-1, max-image-preview:large, max-video-preview:-1\" \/>\n<link rel=\"canonical\" href=\"https:\/\/wmtbaltic.lv\/Produkts\/komapluss-pvh-loksnes-10mm-3050x2050mm\/\" \/>\n<meta property=\"og:locale\" content=\"en_US\" \/>\n<meta property=\"og:type\" content=\"article\" \/>\n<meta property=\"og:title\" content=\"K\u00f6maPLUSS PVH loksnes 10mm, 3050x2050mm\" \/>\n<meta property=\"og:description\" content=\"Materi\u0101la apraksts:Viendab\u012bgas putotas PVC loksnes, balt\u0101 kr\u0101s\u0101, ar mat\u0113tu virsmu.K\u00d6MATEX atvieglotais variants - biezums K\u00d6MAPLUSS 0.45 g\/cm\u00b3, ar UV aizsardz\u012bbu, viegli apstr\u0101d\u0101jams ar parastiem instrumentiem.\" \/>\n<meta property=\"og:url\" content=\"https:\/\/wmtbaltic.lv\/Produkts\/komapluss-pvh-loksnes-10mm-3050x2050mm\/\" \/>\n<meta property=\"og:site_name\" content=\"WMT Baltic\" \/>\n<meta property=\"article:publisher\" content=\"https:\/\/www.facebook.com\/WMT.Baltic.viscom\/?locale=lv_LV\" \/>\n<meta property=\"article:modified_time\" content=\"2023-01-17T11:17:11+00:00\" \/>\n<meta property=\"og:image\" content=\"http:\/\/wmtbaltic.lv\/wp-content\/uploads\/2020\/07\/koma-plus-pvc-1-1.jpg\" \/>\n\t<meta property=\"og:image:width\" content=\"1462\" \/>\n\t<meta property=\"og:image:height\" content=\"1647\" \/>\n\t<meta property=\"og:image:type\" content=\"image\/jpeg\" \/>\n<meta name=\"twitter:card\" content=\"summary_large_image\" \/>\n<meta name=\"twitter:label1\" content=\"Est. reading time\" \/>\n\t<meta name=\"twitter:data1\" content=\"1 minute\" \/>\n<script type=\"application\/ld+json\" class=\"yoast-schema-graph\">{\"@context\":\"https:\\\/\\\/schema.org\",\"@graph\":[{\"@type\":\"WebPage\",\"@id\":\"https:\\\/\\\/wmtbaltic.lv\\\/Produkts\\\/komapluss-pvh-loksnes-10mm-3050x2050mm\\\/\",\"url\":\"https:\\\/\\\/wmtbaltic.lv\\\/Produkts\\\/komapluss-pvh-loksnes-10mm-3050x2050mm\\\/\",\"name\":\"K\u00f6maPLUSS PVH loksnes 10mm, 3050x2050mm\",\"isPartOf\":{\"@id\":\"https:\\\/\\\/wmtbaltic.lv\\\/#website\"},\"primaryImageOfPage\":{\"@id\":\"https:\\\/\\\/wmtbaltic.lv\\\/Produkts\\\/komapluss-pvh-loksnes-10mm-3050x2050mm\\\/#primaryimage\"},\"image\":{\"@id\":\"https:\\\/\\\/wmtbaltic.lv\\\/Produkts\\\/komapluss-pvh-loksnes-10mm-3050x2050mm\\\/#primaryimage\"},\"thumbnailUrl\":\"https:\\\/\\\/wmtbaltic.lv\\\/wp-content\\\/uploads\\\/2020\\\/07\\\/koma-plus-pvc-1-1.jpg\",\"datePublished\":\"2023-01-17T11:15:07+00:00\",\"dateModified\":\"2023-01-17T11:17:11+00:00\",\"description\":\"Materi\u0101la apraksts:Viendab\u012bgas putotas PVC loksnes, balt\u0101 kr\u0101s\u0101, ar mat\u0113tu virsmu.K\u00d6MATEX atvieglotais variants - biezums K\u00d6MAPLUSS 0.45 g\\\/cm\u00b3, ar UV aizsardz\u012bbu, viegli apstr\u0101d\u0101jams ar parastiem instrumentiem.\",\"breadcrumb\":{\"@id\":\"https:\\\/\\\/wmtbaltic.lv\\\/Produkts\\\/komapluss-pvh-loksnes-10mm-3050x2050mm\\\/#breadcrumb\"},\"inLanguage\":\"en-US\",\"potentialAction\":[{\"@type\":\"ReadAction\",\"target\":[\"https:\\\/\\\/wmtbaltic.lv\\\/Produkts\\\/komapluss-pvh-loksnes-10mm-3050x2050mm\\\/\"]}]},{\"@type\":\"ImageObject\",\"inLanguage\":\"en-US\",\"@id\":\"https:\\\/\\\/wmtbaltic.lv\\\/Produkts\\\/komapluss-pvh-loksnes-10mm-3050x2050mm\\\/#primaryimage\",\"url\":\"https:\\\/\\\/wmtbaltic.lv\\\/wp-content\\\/uploads\\\/2020\\\/07\\\/koma-plus-pvc-1-1.jpg\",\"contentUrl\":\"https:\\\/\\\/wmtbaltic.lv\\\/wp-content\\\/uploads\\\/2020\\\/07\\\/koma-plus-pvc-1-1.jpg\",\"width\":1462,\"height\":1647},{\"@type\":\"BreadcrumbList\",\"@id\":\"https:\\\/\\\/wmtbaltic.lv\\\/Produkts\\\/komapluss-pvh-loksnes-10mm-3050x2050mm\\\/#breadcrumb\",\"itemListElement\":[{\"@type\":\"ListItem\",\"position\":1,\"name\":\"Home\",\"item\":\"https:\\\/\\\/wmtbaltic.lv\\\/en\\\/\"},{\"@type\":\"ListItem\",\"position\":2,\"name\":\"Products\",\"item\":\"https:\\\/\\\/wmtbaltic.lv\\\/en\\\/shop\\\/\"},{\"@type\":\"ListItem\",\"position\":3,\"name\":\"K\u00f6maPLUSS PVH loksnes 10mm, 3050x2050mm\"}]},{\"@type\":\"WebSite\",\"@id\":\"https:\\\/\\\/wmtbaltic.lv\\\/#website\",\"url\":\"https:\\\/\\\/wmtbaltic.lv\\\/\",\"name\":\"WMT Baltic\",\"description\":\"Rekl\u0101mas produkti, pl\u0113ves\",\"publisher\":{\"@id\":\"https:\\\/\\\/wmtbaltic.lv\\\/#organization\"},\"potentialAction\":[{\"@type\":\"SearchAction\",\"target\":{\"@type\":\"EntryPoint\",\"urlTemplate\":\"https:\\\/\\\/wmtbaltic.lv\\\/?s={search_term_string}\"},\"query-input\":{\"@type\":\"PropertyValueSpecification\",\"valueRequired\":true,\"valueName\":\"search_term_string\"}}],\"inLanguage\":\"en-US\"},{\"@type\":\"Organization\",\"@id\":\"https:\\\/\\\/wmtbaltic.lv\\\/#organization\",\"name\":\"WMT Baltic\",\"url\":\"https:\\\/\\\/wmtbaltic.lv\\\/\",\"logo\":{\"@type\":\"ImageObject\",\"inLanguage\":\"en-US\",\"@id\":\"https:\\\/\\\/wmtbaltic.lv\\\/#\\\/schema\\\/logo\\\/image\\\/\",\"url\":\"https:\\\/\\\/wmtbaltic.lv\\\/wp-content\\\/uploads\\\/2024\\\/12\\\/wmt-baltic-sia_107142_9_420x180.jpg\",\"contentUrl\":\"https:\\\/\\\/wmtbaltic.lv\\\/wp-content\\\/uploads\\\/2024\\\/12\\\/wmt-baltic-sia_107142_9_420x180.jpg\",\"width\":420,\"height\":180,\"caption\":\"WMT Baltic\"},\"image\":{\"@id\":\"https:\\\/\\\/wmtbaltic.lv\\\/#\\\/schema\\\/logo\\\/image\\\/\"},\"sameAs\":[\"https:\\\/\\\/www.facebook.com\\\/WMT.Baltic.viscom\\\/?locale=lv_LV\",\"https:\\\/\\\/www.instagram.com\\\/viscom_wmt\\\/\"]}]}<\/script>\n<!-- \/ Yoast SEO plugin. -->","yoast_head_json":{"title":"K\u00f6maPLUSS PVH loksnes 10mm, 3050x2050mm","description":"Materi\u0101la apraksts:Viendab\u012bgas putotas PVC loksnes, balt\u0101 kr\u0101s\u0101, ar mat\u0113tu virsmu.K\u00d6MATEX atvieglotais variants - biezums K\u00d6MAPLUSS 0.45 g\/cm\u00b3, ar UV aizsardz\u012bbu, viegli apstr\u0101d\u0101jams ar parastiem instrumentiem.","robots":{"index":"index","follow":"follow","max-snippet":"max-snippet:-1","max-image-preview":"max-image-preview:large","max-video-preview":"max-video-preview:-1"},"canonical":"https:\/\/wmtbaltic.lv\/Produkts\/komapluss-pvh-loksnes-10mm-3050x2050mm\/","og_locale":"en_US","og_type":"article","og_title":"K\u00f6maPLUSS PVH loksnes 10mm, 3050x2050mm","og_description":"Materi\u0101la apraksts:Viendab\u012bgas putotas PVC loksnes, balt\u0101 kr\u0101s\u0101, ar mat\u0113tu virsmu.K\u00d6MATEX atvieglotais variants - biezums K\u00d6MAPLUSS 0.45 g\/cm\u00b3, ar UV aizsardz\u012bbu, viegli apstr\u0101d\u0101jams ar parastiem instrumentiem.","og_url":"https:\/\/wmtbaltic.lv\/Produkts\/komapluss-pvh-loksnes-10mm-3050x2050mm\/","og_site_name":"WMT Baltic","article_publisher":"https:\/\/www.facebook.com\/WMT.Baltic.viscom\/?locale=lv_LV","article_modified_time":"2023-01-17T11:17:11+00:00","og_image":[{"width":1462,"height":1647,"url":"http:\/\/wmtbaltic.lv\/wp-content\/uploads\/2020\/07\/koma-plus-pvc-1-1.jpg","type":"image\/jpeg"}],"twitter_card":"summary_large_image","twitter_misc":{"Est. reading time":"1 minute"},"schema":{"@context":"https:\/\/schema.org","@graph":[{"@type":"WebPage","@id":"https:\/\/wmtbaltic.lv\/Produkts\/komapluss-pvh-loksnes-10mm-3050x2050mm\/","url":"https:\/\/wmtbaltic.lv\/Produkts\/komapluss-pvh-loksnes-10mm-3050x2050mm\/","name":"K\u00f6maPLUSS PVH loksnes 10mm, 3050x2050mm","isPartOf":{"@id":"https:\/\/wmtbaltic.lv\/#website"},"primaryImageOfPage":{"@id":"https:\/\/wmtbaltic.lv\/Produkts\/komapluss-pvh-loksnes-10mm-3050x2050mm\/#primaryimage"},"image":{"@id":"https:\/\/wmtbaltic.lv\/Produkts\/komapluss-pvh-loksnes-10mm-3050x2050mm\/#primaryimage"},"thumbnailUrl":"https:\/\/wmtbaltic.lv\/wp-content\/uploads\/2020\/07\/koma-plus-pvc-1-1.jpg","datePublished":"2023-01-17T11:15:07+00:00","dateModified":"2023-01-17T11:17:11+00:00","description":"Materi\u0101la apraksts:Viendab\u012bgas putotas PVC loksnes, balt\u0101 kr\u0101s\u0101, ar mat\u0113tu virsmu.K\u00d6MATEX atvieglotais variants - biezums K\u00d6MAPLUSS 0.45 g\/cm\u00b3, ar UV aizsardz\u012bbu, viegli apstr\u0101d\u0101jams ar parastiem instrumentiem.","breadcrumb":{"@id":"https:\/\/wmtbaltic.lv\/Produkts\/komapluss-pvh-loksnes-10mm-3050x2050mm\/#breadcrumb"},"inLanguage":"en-US","potentialAction":[{"@type":"ReadAction","target":["https:\/\/wmtbaltic.lv\/Produkts\/komapluss-pvh-loksnes-10mm-3050x2050mm\/"]}]},{"@type":"ImageObject","inLanguage":"en-US","@id":"https:\/\/wmtbaltic.lv\/Produkts\/komapluss-pvh-loksnes-10mm-3050x2050mm\/#primaryimage","url":"https:\/\/wmtbaltic.lv\/wp-content\/uploads\/2020\/07\/koma-plus-pvc-1-1.jpg","contentUrl":"https:\/\/wmtbaltic.lv\/wp-content\/uploads\/2020\/07\/koma-plus-pvc-1-1.jpg","width":1462,"height":1647},{"@type":"BreadcrumbList","@id":"https:\/\/wmtbaltic.lv\/Produkts\/komapluss-pvh-loksnes-10mm-3050x2050mm\/#breadcrumb","itemListElement":[{"@type":"ListItem","position":1,"name":"Home","item":"https:\/\/wmtbaltic.lv\/en\/"},{"@type":"ListItem","position":2,"name":"Products","item":"https:\/\/wmtbaltic.lv\/en\/shop\/"},{"@type":"ListItem","position":3,"name":"K\u00f6maPLUSS PVH loksnes 10mm, 3050x2050mm"}]},{"@type":"WebSite","@id":"https:\/\/wmtbaltic.lv\/#website","url":"https:\/\/wmtbaltic.lv\/","name":"WMT Baltic","description":"Rekl\u0101mas produkti, pl\u0113ves","publisher":{"@id":"https:\/\/wmtbaltic.lv\/#organization"},"potentialAction":[{"@type":"SearchAction","target":{"@type":"EntryPoint","urlTemplate":"https:\/\/wmtbaltic.lv\/?s={search_term_string}"},"query-input":{"@type":"PropertyValueSpecification","valueRequired":true,"valueName":"search_term_string"}}],"inLanguage":"en-US"},{"@type":"Organization","@id":"https:\/\/wmtbaltic.lv\/#organization","name":"WMT Baltic","url":"https:\/\/wmtbaltic.lv\/","logo":{"@type":"ImageObject","inLanguage":"en-US","@id":"https:\/\/wmtbaltic.lv\/#\/schema\/logo\/image\/","url":"https:\/\/wmtbaltic.lv\/wp-content\/uploads\/2024\/12\/wmt-baltic-sia_107142_9_420x180.jpg","contentUrl":"https:\/\/wmtbaltic.lv\/wp-content\/uploads\/2024\/12\/wmt-baltic-sia_107142_9_420x180.jpg","width":420,"height":180,"caption":"WMT Baltic"},"image":{"@id":"https:\/\/wmtbaltic.lv\/#\/schema\/logo\/image\/"},"sameAs":["https:\/\/www.facebook.com\/WMT.Baltic.viscom\/?locale=lv_LV","https:\/\/www.instagram.com\/viscom_wmt\/"]}]}},"_links":{"self":[{"href":"https:\/\/wmtbaltic.lv\/en\/wp-json\/wp\/v2\/product\/14216","targetHints":{"allow":["GET"]}}],"collection":[{"href":"https:\/\/wmtbaltic.lv\/en\/wp-json\/wp\/v2\/product"}],"about":[{"href":"https:\/\/wmtbaltic.lv\/en\/wp-json\/wp\/v2\/types\/product"}],"replies":[{"embeddable":true,"href":"https:\/\/wmtbaltic.lv\/en\/wp-json\/wp\/v2\/comments?post=14216"}],"wp:featuredmedia":[{"embeddable":true,"href":"https:\/\/wmtbaltic.lv\/en\/wp-json\/wp\/v2\/media\/13807"}],"wp:attachment":[{"href":"https:\/\/wmtbaltic.lv\/en\/wp-json\/wp\/v2\/media?parent=14216"}],"wp:term":[{"taxonomy":"product_brand","embeddable":true,"href":"https:\/\/wmtbaltic.lv\/en\/wp-json\/wp\/v2\/product_brand?post=14216"},{"taxonomy":"product_cat","embeddable":true,"href":"https:\/\/wmtbaltic.lv\/en\/wp-json\/wp\/v2\/product_cat?post=14216"},{"taxonomy":"product_tag","embeddable":true,"href":"https:\/\/wmtbaltic.lv\/en\/wp-json\/wp\/v2\/product_tag?post=14216"}],"curies":[{"name":"wp","href":"https:\/\/api.w.org\/{rel}","templated":true}]}}