{"id":1417,"date":"2020-07-22T11:16:42","date_gmt":"2020-07-22T11:16:42","guid":{"rendered":"http:\/\/wmtbaltic.lv\/\/?post_type=product&#038;p=1417"},"modified":"2022-09-26T13:13:24","modified_gmt":"2022-09-26T13:13:24","slug":"hylite-dibond-kompozitpaneli-2","status":"publish","type":"product","link":"https:\/\/wmtbaltic.lv\/en\/product\/hylite-dibond-kompozitpaneli-2\/","title":{"rendered":"HYLITE DIBOND kompoz\u012btpane\u013ci"},"content":{"rendered":"<p><span lang=\"lv-LV\"><b>Izmanto\u0161anas sf\u0113ra<\/b><\/span><b>\u00a0\u2013\u00a0<\/b><span lang=\"lv-LV\"><b>visur<\/b><\/span><b>,\u00a0<\/b><span lang=\"lv-LV\"><b>kur nepiecie\u0161ami izsmalcin\u0101ti un smalki izstr\u0101d\u0101jumi hai-tek stil\u0101<\/b><\/span><b>:<\/b><\/p>\n<p>&nbsp;<\/p>\n<p>&#8211;\u00a0<span lang=\"lv-LV\">prezentrekl\u0101ma<\/span>\u00a0\u2013\u00a0<span lang=\"lv-LV\">ekskluz\u012bvas mapes<\/span>,\u00a0<span lang=\"lv-LV\">viz\u012btkar\u0161u etvijas<\/span>,\u00a0<span lang=\"lv-LV\">apbalvojumi sport\u0101;<\/span><\/p>\n<p>&#8211;\u00a0<span lang=\"lv-LV\">d\u0101vanu komplektu noform\u0113\u0161ana<\/span>,\u00a0<span lang=\"lv-LV\">etvijas<\/span>,\u00a0<span lang=\"lv-LV\">izsmalcin\u0101ts iepakojums luksusa prec\u0113m un ekskluz\u012bviem produktiem;<\/span><\/p>\n<p><span lang=\"en-US\">&#8211;\u00a0<\/span><span lang=\"lv-LV\">tirdzniec\u012bbas vietu noform\u0113\u0161ana<\/span><span lang=\"en-US\">\u00a0\u2013\u00a0<\/span><span lang=\"lv-LV\">stendi<\/span><span lang=\"en-US\">,\u00a0<\/span><span lang=\"lv-LV\">palikt\u0146i<\/span><span lang=\"en-US\">,\u00a0<\/span><span lang=\"lv-LV\">cenr\u0101\u017ei;<\/span><\/p>\n<p><span lang=\"lv-LV\">&#8211; koorporat\u012bvais dizains \u2013 ori\u0123in\u0101las d\u0101vanas un suven\u012bri, projektu un diplomdarbu noform\u0113\u0161ana, identit\u0101tes piespraudes;<\/span><\/p>\n<p><span lang=\"en-US\">&#8211;\u00a0<\/span><span lang=\"lv-LV\">dekorat\u012bvi elementi biroju un dz\u012bvok\u013cu interjeram;<\/span><\/p>\n<p><span lang=\"en-US\">&#8211;\u00a0<\/span><span lang=\"lv-LV\">nestandarta deta\u013cas m\u0113bel\u0113m<\/span><span lang=\"en-US\">,\u00a0<\/span><span lang=\"lv-LV\">gaismas \u0137erme\u0146iem<\/span><span lang=\"en-US\">, un t.t.<\/span><\/p>\n<p>&nbsp;<\/p>\n<p class=\"western\"><span style=\"font-family: Tahoma, sans-serif;\"><span style=\"font-size: small;\"><b>M\u0113s pied\u0101v\u0101jam ar\u012b:<\/b><\/span><\/span><span style=\"font-family: Tahoma, sans-serif;\"><span style=\"font-size: small;\">\u00a0putots lok\u0161\u0146u materi\u0101ls; triecieniztur\u012bgs materi\u0101ls; liets materi\u0101ls; \u0161\u016bnu polikarbon\u0101ts rekl\u0101mai; monopolikarbon\u0101ts; \u0161\u016bnu polikarbon\u0101ta aksesu\u0101ri; kompoz\u012btmateri\u0101ls; poliesters;\u00a0<\/span><\/span><span style=\"font-family: Tahoma, sans-serif;\"><span style=\"font-size: small;\"><span lang=\"en-US\">org<\/span><\/span><\/span><span style=\"font-family: Tahoma, sans-serif;\"><span style=\"font-size: small;\">stikls; polietil\u0113ns; \u0161\u016bnu polipropil\u0113ns; profili lok\u0161\u0146u plastik\u0101tiem; pl\u0101nie plastik\u0101ti; iepakojuma plastik\u0101ti; kompoz\u012btpane\u013ci; kr\u0101saini plastik\u0101ti; materi\u0101li tirdzniec\u012bbas vietu noform\u0113\u0161anai; stikl\u0161\u0137iedras karogu masti; plastik\u0101tu izstr\u0101d\u0101jumi; iepakojums; rekl\u0101mas materi\u0101li; polikarbon\u0101ts siltumn\u012bc\u0101m; materi\u0101li nojum\u0113m; plastik\u0101ti starpsien\u0101m; mat\u0113ts organiskais stikls;\u00a0 PET; PETG; PP; PS; PVC; PC; PE; PMMA; ABS; plastik\u0101ti noform\u0113\u0161anai; plastik\u0101ti grav\u0113\u0161anai; plastik\u0101ti apdrukai; plastik\u0101ts balkona marg\u0101m; ton\u0113ts organiskais stikls; plastik\u0101ts digit\u0101lajai drukai; apdares materi\u0101ls; celtniec\u012bbas materi\u0101li; plastik\u0101tu grie\u0161ana; plastik\u0101tu loc\u012b\u0161ana; karogu masti; karogi; \u0161\u016bnu polikarbon\u0101ts.<\/span><\/span><\/p>\n","protected":false},"excerpt":{"rendered":"<span style=\"font-size: small;\"><span lang=\"en-US\"><b>Jaun<\/b><\/span><b>\u0101<\/b><span lang=\"en-US\"><b>s<\/b><\/span><b>\u00a0<\/b><span lang=\"en-US\"><b>paaudzes<\/b><\/span><b>\u00a0<\/b><span lang=\"en-US\"><b>inovat<\/b><\/span><span lang=\"lv-LV\"><b>\u012bvie<\/b><\/span><b>\u00a0<\/b><span lang=\"lv-LV\"><b>alum\u012bnija kompoz\u012btpane\u013ci<\/b><\/span><b>!<\/b><\/span>\r\n\r\n<span lang=\"lv-LV\"><b>Jaun\u0101 kompoz\u012btmateri\u0101la iek\u0161\u0113jais sl\u0101nis<\/b><\/span><b>,\u00a0<\/b><span lang=\"lv-LV\"><b>dod<\/b><\/span><b>\u00a0jaunas apstr\u0101des un pielietojuma iesp\u0113jas:<\/b>\r\n\r\n&nbsp;\r\n\r\n-\u00a0<span lang=\"lv-LV\">p\u0113c divpus\u0113j\u0101s fr\u0113z\u0113\u0161anas materi\u0101lu ir iesp\u0113jams neierobe\u017eot\u0101 daudzum\u0101 loc\u012bt \u2013 atloc\u012bt<\/span>\r\n\r\n<span lang=\"en-US\">- at\u013cauts izmantot pulvera kr\u0101su (materi\u0101la iztur<\/span><span lang=\"lv-LV\">\u012bba<\/span><span lang=\"en-US\">\u00a0l\u012bdz 160\u00b0C)<\/span>\r\n\r\n<span lang=\"en-US\">-\u00a0<\/span><span lang=\"en-US\">visas zin\u0101m\u0101s apstr\u0101des metodes kompoz\u012btmateri\u0101liem<\/span>","protected":false},"featured_media":13838,"comment_status":"closed","ping_status":"closed","template":"","meta":[],"product_brand":[],"product_cat":[104],"product_tag":[],"class_list":{"0":"post-1417","1":"product","2":"type-product","3":"status-publish","4":"has-post-thumbnail","6":"product_cat-aluminija-kompozitpaneli","8":"first","9":"instock","10":"shipping-taxable","11":"product-type-simple"},"yoast_head":"<!-- This site is optimized with the Yoast SEO plugin v27.4 - https:\/\/yoast.com\/product\/yoast-seo-wordpress\/ -->\n<title>HYLITE DIBOND kompoz\u012btpane\u013ci - WMT Baltic<\/title>\n<meta name=\"robots\" content=\"index, follow, max-snippet:-1, max-image-preview:large, max-video-preview:-1\" \/>\n<link rel=\"canonical\" href=\"https:\/\/wmtbaltic.lv\/Produkts\/hylite-dibond-kompozitpaneli-2\/\" \/>\n<meta property=\"og:locale\" content=\"en_US\" \/>\n<meta property=\"og:type\" content=\"article\" \/>\n<meta property=\"og:title\" content=\"HYLITE DIBOND kompoz\u012btpane\u013ci - WMT Baltic\" \/>\n<meta property=\"og:description\" content=\"Jaun\u0101s\u00a0paaudzes\u00a0inovat\u012bvie\u00a0alum\u012bnija kompoz\u012btpane\u013ci!  Jaun\u0101 kompoz\u012btmateri\u0101la iek\u0161\u0113jais sl\u0101nis,\u00a0dod\u00a0jaunas apstr\u0101des un pielietojuma iesp\u0113jas:  &nbsp;  -\u00a0p\u0113c divpus\u0113j\u0101s fr\u0113z\u0113\u0161anas materi\u0101lu ir iesp\u0113jams neierobe\u017eot\u0101 daudzum\u0101 loc\u012bt \u2013 atloc\u012bt  - at\u013cauts izmantot pulvera kr\u0101su (materi\u0101la iztur\u012bba\u00a0l\u012bdz 160\u00b0C)  -\u00a0visas zin\u0101m\u0101s apstr\u0101des metodes kompoz\u012btmateri\u0101liem\" \/>\n<meta property=\"og:url\" content=\"https:\/\/wmtbaltic.lv\/Produkts\/hylite-dibond-kompozitpaneli-2\/\" \/>\n<meta property=\"og:site_name\" content=\"WMT Baltic\" \/>\n<meta property=\"article:publisher\" content=\"https:\/\/www.facebook.com\/WMT.Baltic.viscom\/?locale=lv_LV\" \/>\n<meta property=\"article:modified_time\" content=\"2022-09-26T13:13:24+00:00\" \/>\n<meta property=\"og:image\" content=\"http:\/\/wmtbaltic.lv\/wp-content\/uploads\/2020\/08\/pic-8-2.jpg\" \/>\n\t<meta property=\"og:image:width\" content=\"500\" \/>\n\t<meta property=\"og:image:height\" content=\"375\" \/>\n\t<meta property=\"og:image:type\" content=\"image\/jpeg\" \/>\n<meta name=\"twitter:card\" content=\"summary_large_image\" \/>\n<meta name=\"twitter:label1\" content=\"Est. reading time\" \/>\n\t<meta name=\"twitter:data1\" content=\"1 minute\" \/>\n<script type=\"application\/ld+json\" class=\"yoast-schema-graph\">{\"@context\":\"https:\\\/\\\/schema.org\",\"@graph\":[{\"@type\":\"WebPage\",\"@id\":\"https:\\\/\\\/wmtbaltic.lv\\\/Produkts\\\/hylite-dibond-kompozitpaneli-2\\\/\",\"url\":\"https:\\\/\\\/wmtbaltic.lv\\\/Produkts\\\/hylite-dibond-kompozitpaneli-2\\\/\",\"name\":\"HYLITE DIBOND kompoz\u012btpane\u013ci - WMT Baltic\",\"isPartOf\":{\"@id\":\"https:\\\/\\\/wmtbaltic.lv\\\/#website\"},\"primaryImageOfPage\":{\"@id\":\"https:\\\/\\\/wmtbaltic.lv\\\/Produkts\\\/hylite-dibond-kompozitpaneli-2\\\/#primaryimage\"},\"image\":{\"@id\":\"https:\\\/\\\/wmtbaltic.lv\\\/Produkts\\\/hylite-dibond-kompozitpaneli-2\\\/#primaryimage\"},\"thumbnailUrl\":\"https:\\\/\\\/wmtbaltic.lv\\\/wp-content\\\/uploads\\\/2020\\\/08\\\/pic-8-2.jpg\",\"datePublished\":\"2020-07-22T11:16:42+00:00\",\"dateModified\":\"2022-09-26T13:13:24+00:00\",\"breadcrumb\":{\"@id\":\"https:\\\/\\\/wmtbaltic.lv\\\/Produkts\\\/hylite-dibond-kompozitpaneli-2\\\/#breadcrumb\"},\"inLanguage\":\"en-US\",\"potentialAction\":[{\"@type\":\"ReadAction\",\"target\":[\"https:\\\/\\\/wmtbaltic.lv\\\/Produkts\\\/hylite-dibond-kompozitpaneli-2\\\/\"]}]},{\"@type\":\"ImageObject\",\"inLanguage\":\"en-US\",\"@id\":\"https:\\\/\\\/wmtbaltic.lv\\\/Produkts\\\/hylite-dibond-kompozitpaneli-2\\\/#primaryimage\",\"url\":\"https:\\\/\\\/wmtbaltic.lv\\\/wp-content\\\/uploads\\\/2020\\\/08\\\/pic-8-2.jpg\",\"contentUrl\":\"https:\\\/\\\/wmtbaltic.lv\\\/wp-content\\\/uploads\\\/2020\\\/08\\\/pic-8-2.jpg\",\"width\":500,\"height\":375,\"caption\":\"OLYMPUS DIGITAL CAMERA\"},{\"@type\":\"BreadcrumbList\",\"@id\":\"https:\\\/\\\/wmtbaltic.lv\\\/Produkts\\\/hylite-dibond-kompozitpaneli-2\\\/#breadcrumb\",\"itemListElement\":[{\"@type\":\"ListItem\",\"position\":1,\"name\":\"Home\",\"item\":\"https:\\\/\\\/wmtbaltic.lv\\\/en\\\/\"},{\"@type\":\"ListItem\",\"position\":2,\"name\":\"Products\",\"item\":\"https:\\\/\\\/wmtbaltic.lv\\\/en\\\/shop\\\/\"},{\"@type\":\"ListItem\",\"position\":3,\"name\":\"HYLITE DIBOND kompoz\u012btpane\u013ci\"}]},{\"@type\":\"WebSite\",\"@id\":\"https:\\\/\\\/wmtbaltic.lv\\\/#website\",\"url\":\"https:\\\/\\\/wmtbaltic.lv\\\/\",\"name\":\"WMT Baltic\",\"description\":\"Rekl\u0101mas produkti, pl\u0113ves\",\"publisher\":{\"@id\":\"https:\\\/\\\/wmtbaltic.lv\\\/#organization\"},\"potentialAction\":[{\"@type\":\"SearchAction\",\"target\":{\"@type\":\"EntryPoint\",\"urlTemplate\":\"https:\\\/\\\/wmtbaltic.lv\\\/?s={search_term_string}\"},\"query-input\":{\"@type\":\"PropertyValueSpecification\",\"valueRequired\":true,\"valueName\":\"search_term_string\"}}],\"inLanguage\":\"en-US\"},{\"@type\":\"Organization\",\"@id\":\"https:\\\/\\\/wmtbaltic.lv\\\/#organization\",\"name\":\"WMT Baltic\",\"url\":\"https:\\\/\\\/wmtbaltic.lv\\\/\",\"logo\":{\"@type\":\"ImageObject\",\"inLanguage\":\"en-US\",\"@id\":\"https:\\\/\\\/wmtbaltic.lv\\\/#\\\/schema\\\/logo\\\/image\\\/\",\"url\":\"https:\\\/\\\/wmtbaltic.lv\\\/wp-content\\\/uploads\\\/2024\\\/12\\\/wmt-baltic-sia_107142_9_420x180.jpg\",\"contentUrl\":\"https:\\\/\\\/wmtbaltic.lv\\\/wp-content\\\/uploads\\\/2024\\\/12\\\/wmt-baltic-sia_107142_9_420x180.jpg\",\"width\":420,\"height\":180,\"caption\":\"WMT Baltic\"},\"image\":{\"@id\":\"https:\\\/\\\/wmtbaltic.lv\\\/#\\\/schema\\\/logo\\\/image\\\/\"},\"sameAs\":[\"https:\\\/\\\/www.facebook.com\\\/WMT.Baltic.viscom\\\/?locale=lv_LV\",\"https:\\\/\\\/www.instagram.com\\\/viscom_wmt\\\/\"]}]}<\/script>\n<!-- \/ Yoast SEO plugin. -->","yoast_head_json":{"title":"HYLITE DIBOND kompoz\u012btpane\u013ci - WMT Baltic","robots":{"index":"index","follow":"follow","max-snippet":"max-snippet:-1","max-image-preview":"max-image-preview:large","max-video-preview":"max-video-preview:-1"},"canonical":"https:\/\/wmtbaltic.lv\/Produkts\/hylite-dibond-kompozitpaneli-2\/","og_locale":"en_US","og_type":"article","og_title":"HYLITE DIBOND kompoz\u012btpane\u013ci - WMT Baltic","og_description":"Jaun\u0101s\u00a0paaudzes\u00a0inovat\u012bvie\u00a0alum\u012bnija kompoz\u012btpane\u013ci!  Jaun\u0101 kompoz\u012btmateri\u0101la iek\u0161\u0113jais sl\u0101nis,\u00a0dod\u00a0jaunas apstr\u0101des un pielietojuma iesp\u0113jas:  &nbsp;  -\u00a0p\u0113c divpus\u0113j\u0101s fr\u0113z\u0113\u0161anas materi\u0101lu ir iesp\u0113jams neierobe\u017eot\u0101 daudzum\u0101 loc\u012bt \u2013 atloc\u012bt  - at\u013cauts izmantot pulvera kr\u0101su (materi\u0101la iztur\u012bba\u00a0l\u012bdz 160\u00b0C)  -\u00a0visas zin\u0101m\u0101s apstr\u0101des metodes kompoz\u012btmateri\u0101liem","og_url":"https:\/\/wmtbaltic.lv\/Produkts\/hylite-dibond-kompozitpaneli-2\/","og_site_name":"WMT Baltic","article_publisher":"https:\/\/www.facebook.com\/WMT.Baltic.viscom\/?locale=lv_LV","article_modified_time":"2022-09-26T13:13:24+00:00","og_image":[{"width":500,"height":375,"url":"http:\/\/wmtbaltic.lv\/wp-content\/uploads\/2020\/08\/pic-8-2.jpg","type":"image\/jpeg"}],"twitter_card":"summary_large_image","twitter_misc":{"Est. reading time":"1 minute"},"schema":{"@context":"https:\/\/schema.org","@graph":[{"@type":"WebPage","@id":"https:\/\/wmtbaltic.lv\/Produkts\/hylite-dibond-kompozitpaneli-2\/","url":"https:\/\/wmtbaltic.lv\/Produkts\/hylite-dibond-kompozitpaneli-2\/","name":"HYLITE DIBOND kompoz\u012btpane\u013ci - WMT Baltic","isPartOf":{"@id":"https:\/\/wmtbaltic.lv\/#website"},"primaryImageOfPage":{"@id":"https:\/\/wmtbaltic.lv\/Produkts\/hylite-dibond-kompozitpaneli-2\/#primaryimage"},"image":{"@id":"https:\/\/wmtbaltic.lv\/Produkts\/hylite-dibond-kompozitpaneli-2\/#primaryimage"},"thumbnailUrl":"https:\/\/wmtbaltic.lv\/wp-content\/uploads\/2020\/08\/pic-8-2.jpg","datePublished":"2020-07-22T11:16:42+00:00","dateModified":"2022-09-26T13:13:24+00:00","breadcrumb":{"@id":"https:\/\/wmtbaltic.lv\/Produkts\/hylite-dibond-kompozitpaneli-2\/#breadcrumb"},"inLanguage":"en-US","potentialAction":[{"@type":"ReadAction","target":["https:\/\/wmtbaltic.lv\/Produkts\/hylite-dibond-kompozitpaneli-2\/"]}]},{"@type":"ImageObject","inLanguage":"en-US","@id":"https:\/\/wmtbaltic.lv\/Produkts\/hylite-dibond-kompozitpaneli-2\/#primaryimage","url":"https:\/\/wmtbaltic.lv\/wp-content\/uploads\/2020\/08\/pic-8-2.jpg","contentUrl":"https:\/\/wmtbaltic.lv\/wp-content\/uploads\/2020\/08\/pic-8-2.jpg","width":500,"height":375,"caption":"OLYMPUS DIGITAL CAMERA"},{"@type":"BreadcrumbList","@id":"https:\/\/wmtbaltic.lv\/Produkts\/hylite-dibond-kompozitpaneli-2\/#breadcrumb","itemListElement":[{"@type":"ListItem","position":1,"name":"Home","item":"https:\/\/wmtbaltic.lv\/en\/"},{"@type":"ListItem","position":2,"name":"Products","item":"https:\/\/wmtbaltic.lv\/en\/shop\/"},{"@type":"ListItem","position":3,"name":"HYLITE DIBOND kompoz\u012btpane\u013ci"}]},{"@type":"WebSite","@id":"https:\/\/wmtbaltic.lv\/#website","url":"https:\/\/wmtbaltic.lv\/","name":"WMT Baltic","description":"Rekl\u0101mas produkti, pl\u0113ves","publisher":{"@id":"https:\/\/wmtbaltic.lv\/#organization"},"potentialAction":[{"@type":"SearchAction","target":{"@type":"EntryPoint","urlTemplate":"https:\/\/wmtbaltic.lv\/?s={search_term_string}"},"query-input":{"@type":"PropertyValueSpecification","valueRequired":true,"valueName":"search_term_string"}}],"inLanguage":"en-US"},{"@type":"Organization","@id":"https:\/\/wmtbaltic.lv\/#organization","name":"WMT Baltic","url":"https:\/\/wmtbaltic.lv\/","logo":{"@type":"ImageObject","inLanguage":"en-US","@id":"https:\/\/wmtbaltic.lv\/#\/schema\/logo\/image\/","url":"https:\/\/wmtbaltic.lv\/wp-content\/uploads\/2024\/12\/wmt-baltic-sia_107142_9_420x180.jpg","contentUrl":"https:\/\/wmtbaltic.lv\/wp-content\/uploads\/2024\/12\/wmt-baltic-sia_107142_9_420x180.jpg","width":420,"height":180,"caption":"WMT Baltic"},"image":{"@id":"https:\/\/wmtbaltic.lv\/#\/schema\/logo\/image\/"},"sameAs":["https:\/\/www.facebook.com\/WMT.Baltic.viscom\/?locale=lv_LV","https:\/\/www.instagram.com\/viscom_wmt\/"]}]}},"_links":{"self":[{"href":"https:\/\/wmtbaltic.lv\/en\/wp-json\/wp\/v2\/product\/1417","targetHints":{"allow":["GET"]}}],"collection":[{"href":"https:\/\/wmtbaltic.lv\/en\/wp-json\/wp\/v2\/product"}],"about":[{"href":"https:\/\/wmtbaltic.lv\/en\/wp-json\/wp\/v2\/types\/product"}],"replies":[{"embeddable":true,"href":"https:\/\/wmtbaltic.lv\/en\/wp-json\/wp\/v2\/comments?post=1417"}],"wp:featuredmedia":[{"embeddable":true,"href":"https:\/\/wmtbaltic.lv\/en\/wp-json\/wp\/v2\/media\/13838"}],"wp:attachment":[{"href":"https:\/\/wmtbaltic.lv\/en\/wp-json\/wp\/v2\/media?parent=1417"}],"wp:term":[{"taxonomy":"product_brand","embeddable":true,"href":"https:\/\/wmtbaltic.lv\/en\/wp-json\/wp\/v2\/product_brand?post=1417"},{"taxonomy":"product_cat","embeddable":true,"href":"https:\/\/wmtbaltic.lv\/en\/wp-json\/wp\/v2\/product_cat?post=1417"},{"taxonomy":"product_tag","embeddable":true,"href":"https:\/\/wmtbaltic.lv\/en\/wp-json\/wp\/v2\/product_tag?post=1417"}],"curies":[{"name":"wp","href":"https:\/\/api.w.org\/{rel}","templated":true}]}}