{"id":14080,"date":"2022-12-01T11:36:10","date_gmt":"2022-12-01T11:36:10","guid":{"rendered":"https:\/\/wmtbaltic.lv\/?post_type=product&#038;p=14080"},"modified":"2022-12-01T11:45:57","modified_gmt":"2022-12-01T11:45:57","slug":"tekstila-ramis-50-1000-x-2000","status":"publish","type":"product","link":"https:\/\/wmtbaltic.lv\/en\/product\/tekstila-ramis-50-1000-x-2000\/","title":{"rendered":"Tekstila r\u0101mis 50mm, 1000x2000mm"},"content":{"rendered":"","protected":false},"excerpt":{"rendered":"<strong>Tekstila r\u0101mis 50mm, 1000x2000mm<\/strong>\r\n\r\n<strong>Izstr\u0101d\u0101jumi var b\u016bt ar defektiem<\/strong>\r\n\r\nVienpus\u0113ja tekstila spriegojuma profilu sist\u0113ma 50 mm biezum\u0101 ar LED no anod\u0113ta alum\u012bnija, tekstils stiprin\u0101s ar kordu vai PVH lenti.\r\n\r\nIeteicams ekspluat\u0101cijai iek\u0161telp\u0101s.\r\n\r\nIzgatavojam ar\u012b nestandarta risin\u0101jumus.\r\n\r\nDro\u0161i zvaniet vai rakstiet:\r\n\r\nTalr.: + 371 67 800 829,\u00a0 +371 26 596 474\r\n\r\ne-pasts:\u00a0<a class=\"moz-txt-link-abbreviated\" href=\"mailto:support@wmt.lv\">support@wmt.lv<\/a>\r\n\r\n<strong><a href=\"https:\/\/wmtbaltic.lv\/product-category\/konstrukcijas-reklamas-izvietosanai\/tekstila-ramji-konstrukcijas-reklamas-izvietosanai\/tekstila-ramji-ar-apgaismojumu\/profils-tex-box-50\/\">VAIR\u0100K INFORM\u0100CIJAS PAR PROFILU<\/a><\/strong>","protected":false},"featured_media":14081,"comment_status":"closed","ping_status":"closed","template":"","meta":[],"product_brand":[],"product_cat":[1117],"product_tag":[573,825,814,815,299],"class_list":{"0":"post-14080","1":"product","2":"type-product","3":"status-publish","4":"has-post-thumbnail","6":"product_cat-noliktavas_un_ekspozicijas_izpardosana","7":"product_tag-aluminija-profils","8":"product_tag-clic","9":"product_tag-gaismas-panelis","10":"product_tag-izgaismots-ramis","11":"product_tag-reklama","13":"first","14":"instock","15":"shipping-taxable","16":"purchasable","17":"product-type-simple"},"yoast_head":"<!-- This site is optimized with the Yoast SEO plugin v27.6 - https:\/\/yoast.com\/product\/yoast-seo-wordpress\/ -->\n<title>Tekstila r\u0101mis 50mm, 1000x2000mm - WMT Baltic veikal\u0101 R\u012bg\u0101<\/title>\n<meta name=\"robots\" content=\"index, follow, max-snippet:-1, max-image-preview:large, max-video-preview:-1\" \/>\n<link rel=\"canonical\" href=\"https:\/\/wmtbaltic.lv\/Produkts\/tekstila-ramis-50-1000-x-2000\/\" \/>\n<meta property=\"og:locale\" content=\"en_US\" \/>\n<meta property=\"og:type\" content=\"article\" \/>\n<meta property=\"og:title\" content=\"Tekstila r\u0101mis 50mm, 1000x2000mm - WMT Baltic veikal\u0101 R\u012bg\u0101\" \/>\n<meta property=\"og:description\" content=\"Tekstila r\u0101mis 50mm, 1000x2000mm  Izstr\u0101d\u0101jumi var b\u016bt ar defektiem  Vienpus\u0113ja tekstila spriegojuma profilu sist\u0113ma 50 mm biezum\u0101 ar LED no anod\u0113ta alum\u012bnija, tekstils stiprin\u0101s ar kordu vai PVH lenti.  Ieteicams ekspluat\u0101cijai iek\u0161telp\u0101s.  Izgatavojam ar\u012b nestandarta risin\u0101jumus.  Dro\u0161i zvaniet vai rakstiet:  Talr.: + 371 67 800 829,\u00a0 +371 26 596 474  e-pasts:\u00a0support@wmt.lv  VAIR\u0100K INFORM\u0100CIJAS PAR PROFILU\" \/>\n<meta property=\"og:url\" content=\"https:\/\/wmtbaltic.lv\/Produkts\/tekstila-ramis-50-1000-x-2000\/\" \/>\n<meta property=\"og:site_name\" content=\"WMT Baltic\" \/>\n<meta property=\"article:publisher\" content=\"https:\/\/www.facebook.com\/WMT.Baltic.viscom\/?locale=lv_LV\" \/>\n<meta property=\"article:modified_time\" content=\"2022-12-01T11:45:57+00:00\" \/>\n<meta property=\"og:image\" content=\"http:\/\/wmtbaltic.lv\/wp-content\/uploads\/2022\/12\/Tex_box-50_1-300x300-1.jpg\" \/>\n\t<meta property=\"og:image:width\" content=\"300\" \/>\n\t<meta property=\"og:image:height\" content=\"300\" \/>\n\t<meta property=\"og:image:type\" content=\"image\/jpeg\" \/>\n<meta name=\"twitter:card\" content=\"summary_large_image\" \/>\n<script type=\"application\/ld+json\" class=\"yoast-schema-graph\">{\"@context\":\"https:\\\/\\\/schema.org\",\"@graph\":[{\"@type\":\"WebPage\",\"@id\":\"https:\\\/\\\/wmtbaltic.lv\\\/Produkts\\\/tekstila-ramis-50-1000-x-2000\\\/\",\"url\":\"https:\\\/\\\/wmtbaltic.lv\\\/Produkts\\\/tekstila-ramis-50-1000-x-2000\\\/\",\"name\":\"Tekstila r\u0101mis 50mm, 1000x2000mm - WMT Baltic veikal\u0101 R\u012bg\u0101\",\"isPartOf\":{\"@id\":\"https:\\\/\\\/wmtbaltic.lv\\\/#website\"},\"primaryImageOfPage\":{\"@id\":\"https:\\\/\\\/wmtbaltic.lv\\\/Produkts\\\/tekstila-ramis-50-1000-x-2000\\\/#primaryimage\"},\"image\":{\"@id\":\"https:\\\/\\\/wmtbaltic.lv\\\/Produkts\\\/tekstila-ramis-50-1000-x-2000\\\/#primaryimage\"},\"thumbnailUrl\":\"https:\\\/\\\/wmtbaltic.lv\\\/wp-content\\\/uploads\\\/2022\\\/12\\\/Tex_box-50_1-300x300-1.jpg\",\"datePublished\":\"2022-12-01T11:36:10+00:00\",\"dateModified\":\"2022-12-01T11:45:57+00:00\",\"breadcrumb\":{\"@id\":\"https:\\\/\\\/wmtbaltic.lv\\\/Produkts\\\/tekstila-ramis-50-1000-x-2000\\\/#breadcrumb\"},\"inLanguage\":\"en-US\",\"potentialAction\":[{\"@type\":\"ReadAction\",\"target\":[\"https:\\\/\\\/wmtbaltic.lv\\\/Produkts\\\/tekstila-ramis-50-1000-x-2000\\\/\"]}]},{\"@type\":\"ImageObject\",\"inLanguage\":\"en-US\",\"@id\":\"https:\\\/\\\/wmtbaltic.lv\\\/Produkts\\\/tekstila-ramis-50-1000-x-2000\\\/#primaryimage\",\"url\":\"https:\\\/\\\/wmtbaltic.lv\\\/wp-content\\\/uploads\\\/2022\\\/12\\\/Tex_box-50_1-300x300-1.jpg\",\"contentUrl\":\"https:\\\/\\\/wmtbaltic.lv\\\/wp-content\\\/uploads\\\/2022\\\/12\\\/Tex_box-50_1-300x300-1.jpg\",\"width\":300,\"height\":300},{\"@type\":\"BreadcrumbList\",\"@id\":\"https:\\\/\\\/wmtbaltic.lv\\\/Produkts\\\/tekstila-ramis-50-1000-x-2000\\\/#breadcrumb\",\"itemListElement\":[{\"@type\":\"ListItem\",\"position\":1,\"name\":\"Home\",\"item\":\"https:\\\/\\\/wmtbaltic.lv\\\/en\\\/\"},{\"@type\":\"ListItem\",\"position\":2,\"name\":\"Products\",\"item\":\"https:\\\/\\\/wmtbaltic.lv\\\/en\\\/shop\\\/\"},{\"@type\":\"ListItem\",\"position\":3,\"name\":\"Tekstila r\u0101mis 50mm, 1000x2000mm\"}]},{\"@type\":\"WebSite\",\"@id\":\"https:\\\/\\\/wmtbaltic.lv\\\/#website\",\"url\":\"https:\\\/\\\/wmtbaltic.lv\\\/\",\"name\":\"WMT Baltic\",\"description\":\"Rekl\u0101mas produkti, pl\u0113ves\",\"publisher\":{\"@id\":\"https:\\\/\\\/wmtbaltic.lv\\\/#organization\"},\"potentialAction\":[{\"@type\":\"SearchAction\",\"target\":{\"@type\":\"EntryPoint\",\"urlTemplate\":\"https:\\\/\\\/wmtbaltic.lv\\\/?s={search_term_string}\"},\"query-input\":{\"@type\":\"PropertyValueSpecification\",\"valueRequired\":true,\"valueName\":\"search_term_string\"}}],\"inLanguage\":\"en-US\"},{\"@type\":\"Organization\",\"@id\":\"https:\\\/\\\/wmtbaltic.lv\\\/#organization\",\"name\":\"WMT Baltic\",\"url\":\"https:\\\/\\\/wmtbaltic.lv\\\/\",\"logo\":{\"@type\":\"ImageObject\",\"inLanguage\":\"en-US\",\"@id\":\"https:\\\/\\\/wmtbaltic.lv\\\/#\\\/schema\\\/logo\\\/image\\\/\",\"url\":\"https:\\\/\\\/wmtbaltic.lv\\\/wp-content\\\/uploads\\\/2024\\\/12\\\/wmt-baltic-sia_107142_9_420x180.jpg\",\"contentUrl\":\"https:\\\/\\\/wmtbaltic.lv\\\/wp-content\\\/uploads\\\/2024\\\/12\\\/wmt-baltic-sia_107142_9_420x180.jpg\",\"width\":420,\"height\":180,\"caption\":\"WMT Baltic\"},\"image\":{\"@id\":\"https:\\\/\\\/wmtbaltic.lv\\\/#\\\/schema\\\/logo\\\/image\\\/\"},\"sameAs\":[\"https:\\\/\\\/www.facebook.com\\\/WMT.Baltic.viscom\\\/?locale=lv_LV\",\"https:\\\/\\\/www.instagram.com\\\/viscom_wmt\\\/\"]}]}<\/script>\n<!-- \/ Yoast SEO plugin. -->","yoast_head_json":{"title":"Tekstila r\u0101mis 50mm, 1000x2000mm - WMT Baltic veikal\u0101 R\u012bg\u0101","robots":{"index":"index","follow":"follow","max-snippet":"max-snippet:-1","max-image-preview":"max-image-preview:large","max-video-preview":"max-video-preview:-1"},"canonical":"https:\/\/wmtbaltic.lv\/Produkts\/tekstila-ramis-50-1000-x-2000\/","og_locale":"en_US","og_type":"article","og_title":"Tekstila r\u0101mis 50mm, 1000x2000mm - WMT Baltic veikal\u0101 R\u012bg\u0101","og_description":"Tekstila r\u0101mis 50mm, 1000x2000mm  Izstr\u0101d\u0101jumi var b\u016bt ar defektiem  Vienpus\u0113ja tekstila spriegojuma profilu sist\u0113ma 50 mm biezum\u0101 ar LED no anod\u0113ta alum\u012bnija, tekstils stiprin\u0101s ar kordu vai PVH lenti.  Ieteicams ekspluat\u0101cijai iek\u0161telp\u0101s.  Izgatavojam ar\u012b nestandarta risin\u0101jumus.  Dro\u0161i zvaniet vai rakstiet:  Talr.: + 371 67 800 829,\u00a0 +371 26 596 474  e-pasts:\u00a0support@wmt.lv  VAIR\u0100K INFORM\u0100CIJAS PAR PROFILU","og_url":"https:\/\/wmtbaltic.lv\/Produkts\/tekstila-ramis-50-1000-x-2000\/","og_site_name":"WMT Baltic","article_publisher":"https:\/\/www.facebook.com\/WMT.Baltic.viscom\/?locale=lv_LV","article_modified_time":"2022-12-01T11:45:57+00:00","og_image":[{"width":300,"height":300,"url":"http:\/\/wmtbaltic.lv\/wp-content\/uploads\/2022\/12\/Tex_box-50_1-300x300-1.jpg","type":"image\/jpeg"}],"twitter_card":"summary_large_image","schema":{"@context":"https:\/\/schema.org","@graph":[{"@type":"WebPage","@id":"https:\/\/wmtbaltic.lv\/Produkts\/tekstila-ramis-50-1000-x-2000\/","url":"https:\/\/wmtbaltic.lv\/Produkts\/tekstila-ramis-50-1000-x-2000\/","name":"Tekstila r\u0101mis 50mm, 1000x2000mm - WMT Baltic veikal\u0101 R\u012bg\u0101","isPartOf":{"@id":"https:\/\/wmtbaltic.lv\/#website"},"primaryImageOfPage":{"@id":"https:\/\/wmtbaltic.lv\/Produkts\/tekstila-ramis-50-1000-x-2000\/#primaryimage"},"image":{"@id":"https:\/\/wmtbaltic.lv\/Produkts\/tekstila-ramis-50-1000-x-2000\/#primaryimage"},"thumbnailUrl":"https:\/\/wmtbaltic.lv\/wp-content\/uploads\/2022\/12\/Tex_box-50_1-300x300-1.jpg","datePublished":"2022-12-01T11:36:10+00:00","dateModified":"2022-12-01T11:45:57+00:00","breadcrumb":{"@id":"https:\/\/wmtbaltic.lv\/Produkts\/tekstila-ramis-50-1000-x-2000\/#breadcrumb"},"inLanguage":"en-US","potentialAction":[{"@type":"ReadAction","target":["https:\/\/wmtbaltic.lv\/Produkts\/tekstila-ramis-50-1000-x-2000\/"]}]},{"@type":"ImageObject","inLanguage":"en-US","@id":"https:\/\/wmtbaltic.lv\/Produkts\/tekstila-ramis-50-1000-x-2000\/#primaryimage","url":"https:\/\/wmtbaltic.lv\/wp-content\/uploads\/2022\/12\/Tex_box-50_1-300x300-1.jpg","contentUrl":"https:\/\/wmtbaltic.lv\/wp-content\/uploads\/2022\/12\/Tex_box-50_1-300x300-1.jpg","width":300,"height":300},{"@type":"BreadcrumbList","@id":"https:\/\/wmtbaltic.lv\/Produkts\/tekstila-ramis-50-1000-x-2000\/#breadcrumb","itemListElement":[{"@type":"ListItem","position":1,"name":"Home","item":"https:\/\/wmtbaltic.lv\/en\/"},{"@type":"ListItem","position":2,"name":"Products","item":"https:\/\/wmtbaltic.lv\/en\/shop\/"},{"@type":"ListItem","position":3,"name":"Tekstila r\u0101mis 50mm, 1000x2000mm"}]},{"@type":"WebSite","@id":"https:\/\/wmtbaltic.lv\/#website","url":"https:\/\/wmtbaltic.lv\/","name":"WMT Baltic","description":"Rekl\u0101mas produkti, pl\u0113ves","publisher":{"@id":"https:\/\/wmtbaltic.lv\/#organization"},"potentialAction":[{"@type":"SearchAction","target":{"@type":"EntryPoint","urlTemplate":"https:\/\/wmtbaltic.lv\/?s={search_term_string}"},"query-input":{"@type":"PropertyValueSpecification","valueRequired":true,"valueName":"search_term_string"}}],"inLanguage":"en-US"},{"@type":"Organization","@id":"https:\/\/wmtbaltic.lv\/#organization","name":"WMT Baltic","url":"https:\/\/wmtbaltic.lv\/","logo":{"@type":"ImageObject","inLanguage":"en-US","@id":"https:\/\/wmtbaltic.lv\/#\/schema\/logo\/image\/","url":"https:\/\/wmtbaltic.lv\/wp-content\/uploads\/2024\/12\/wmt-baltic-sia_107142_9_420x180.jpg","contentUrl":"https:\/\/wmtbaltic.lv\/wp-content\/uploads\/2024\/12\/wmt-baltic-sia_107142_9_420x180.jpg","width":420,"height":180,"caption":"WMT Baltic"},"image":{"@id":"https:\/\/wmtbaltic.lv\/#\/schema\/logo\/image\/"},"sameAs":["https:\/\/www.facebook.com\/WMT.Baltic.viscom\/?locale=lv_LV","https:\/\/www.instagram.com\/viscom_wmt\/"]}]}},"_links":{"self":[{"href":"https:\/\/wmtbaltic.lv\/en\/wp-json\/wp\/v2\/product\/14080","targetHints":{"allow":["GET"]}}],"collection":[{"href":"https:\/\/wmtbaltic.lv\/en\/wp-json\/wp\/v2\/product"}],"about":[{"href":"https:\/\/wmtbaltic.lv\/en\/wp-json\/wp\/v2\/types\/product"}],"replies":[{"embeddable":true,"href":"https:\/\/wmtbaltic.lv\/en\/wp-json\/wp\/v2\/comments?post=14080"}],"wp:featuredmedia":[{"embeddable":true,"href":"https:\/\/wmtbaltic.lv\/en\/wp-json\/wp\/v2\/media\/14081"}],"wp:attachment":[{"href":"https:\/\/wmtbaltic.lv\/en\/wp-json\/wp\/v2\/media?parent=14080"}],"wp:term":[{"taxonomy":"product_brand","embeddable":true,"href":"https:\/\/wmtbaltic.lv\/en\/wp-json\/wp\/v2\/product_brand?post=14080"},{"taxonomy":"product_cat","embeddable":true,"href":"https:\/\/wmtbaltic.lv\/en\/wp-json\/wp\/v2\/product_cat?post=14080"},{"taxonomy":"product_tag","embeddable":true,"href":"https:\/\/wmtbaltic.lv\/en\/wp-json\/wp\/v2\/product_tag?post=14080"}],"curies":[{"name":"wp","href":"https:\/\/api.w.org\/{rel}","templated":true}]}}