{"id":1408,"date":"2020-07-22T11:10:54","date_gmt":"2020-07-22T11:10:54","guid":{"rendered":"http:\/\/wmtbaltic.lv\/\/?post_type=product&#038;p=1408"},"modified":"2022-09-26T05:50:34","modified_gmt":"2022-09-26T05:50:34","slug":"plastikats-digitalajai-drukai-un-siedspiedei-honeyprint-pp","status":"publish","type":"product","link":"https:\/\/wmtbaltic.lv\/en\/product\/plastikats-digitalajai-drukai-un-siedspiedei-honeyprint-pp\/","title":{"rendered":"Plastik\u0101ts digit\u0101lajai drukai un siedspiedei HoneyPrint PP"},"content":{"rendered":"<p>Honey print materi\u0101ls\u00a0 ir paredz\u0113ts loc\u012b\u0161anai, l\u012bm\u0113\u0161anai, metina\u0161anai, grie\u0161anai ar nazi, POLAR grie\u0161anai, l\u0101zergrie\u0161anai, \u0161tanc\u0113\u0161anai, celtniec\u012bbai vai drukai.<\/p>\n<p>Imanto\u0161ana<em>:<\/em> tirzniec\u012bbas stendi, rekl\u0101mas izk\u0101rtnes, iest\u0101\u017eu stendi , digit\u0101l drukai, iepakojumam.<\/p>\n<p>Materi\u0101la \u012bpa\u0161\u012bbas:<\/p>\n<ul>\n<li>piem\u0113rots izmanto\u0161anai gan iek\u0161telp\u0101s, gan \u0101rpus telp\u0101m<\/li>\n<li>izt\u016brigs\u00a0 pret e\u013c\u013cu, koroziju, \u0137\u012bmisk\u0101m viel\u0101m<\/li>\n<li>leliski pimerots lielform\u0101ta drukai( pieejams abpus\u0113ji apdruk\u0101jams), stendiem un cita veida reklamai<\/li>\n<li>zema \u016bdens absorb\u0101cija<\/li>\n<li>laba ska\u0146as\u00a0 izol\u0101cija<\/li>\n<li>\u00a0100%\u00a0 p\u0101rstr\u0101d\u0101jams.<\/li>\n<\/ul>\n<p>Pamatkr\u0101sa: balta<\/p>\n<p>Biezums : 2.8 mmm, 3,3 mm, 5.4 mm , 9.6mm<\/p>\n<p>Loksnes izm\u0113rs: 2000 x 3000 mm<\/p>\n<p align=\"justify\"><span lang=\"LV\" style=\"color: #ff0000;\">* Materi\u0101lus grie\u017eam p\u0113c klienta piepras\u012bjuma<\/span><\/p>\n<p align=\"justify\"><b><span style=\"color: #ff0000;\">**Cenas p\u0113c piepras\u012bjuma!<\/span><\/b><\/p>\n<p class=\"western\"><span style=\"font-family: Tahoma, sans-serif;\"><span style=\"font-size: small;\"><b>M\u0113s pied\u0101v\u0101jam ar\u012b:<\/b><\/span><\/span><span style=\"font-family: Tahoma, sans-serif;\"><span style=\"font-size: small;\">\u00a0putots lok\u0161\u0146u materi\u0101ls; triecieniztur\u012bgs materi\u0101ls; liets materi\u0101ls; \u0161\u016bnu polikarbon\u0101ts rekl\u0101mai; monopolikarbon\u0101ts; \u0161\u016bnu polikarbon\u0101ta aksesu\u0101ri; kompoz\u012btmateri\u0101ls; poliesters;\u00a0<\/span><\/span><span style=\"font-family: Tahoma, sans-serif;\"><span style=\"font-size: small;\"><span lang=\"en-US\">org<\/span><\/span><\/span><span style=\"font-family: Tahoma, sans-serif;\"><span style=\"font-size: small;\">stikls; polietil\u0113ns; \u0161\u016bnu polipropil\u0113ns; profili lok\u0161\u0146u plastik\u0101tiem; pl\u0101nie plastik\u0101ti; iepakojuma plastik\u0101ti; kompoz\u012btpane\u013ci; kr\u0101saini plastik\u0101ti; materi\u0101li tirdzniec\u012bbas vietu noform\u0113\u0161anai; stikl\u0161\u0137iedras karogu masti; plastik\u0101tu izstr\u0101d\u0101jumi; iepakojums; rekl\u0101mas materi\u0101li; polikarbon\u0101ts siltumn\u012bc\u0101m; materi\u0101li nojum\u0113m; plastik\u0101ti starpsien\u0101m; mat\u0113ts organiskais stikls;\u00a0 PET; PETG; PP; PS; PVC; PC; PE; PMMA; ABS; plastik\u0101ti noform\u0113\u0161anai; plastik\u0101ti grav\u0113\u0161anai; plastik\u0101ti apdrukai; plastik\u0101ts balkona marg\u0101m; ton\u0113ts organiskais stikls; plastik\u0101ts digit\u0101lajai drukai; apdares materi\u0101ls; celtniec\u012bbas materi\u0101li; plastik\u0101tu grie\u0161ana; plastik\u0101tu loc\u012b\u0161ana; karogu masti; karogi; \u0161\u016bnu polikarbon\u0101ts.<\/span><\/span><\/p>\n","protected":false},"excerpt":{"rendered":"<p style=\"font-weight: 400;\"><strong>HoneyPrint PP<\/strong><\/p>\r\n<p style=\"font-weight: 400;\">Jaun\u0101s paaudzes \u0161\u016bnu polipropil\u0113ns - bez reljefa, rad\u012bts pielietojot unik\u0101lu tehnolo\u0123iju.\u00a0L\u012bdzena, nedaudz mat\u0113ta virsma ide\u0101li der\u012bga gludai digit\u0101lajai drukai un sietspiedei, apstr\u0101d\u0101ta ar CORONA treatment.<\/p>\r\n<p style=\"font-weight: 400;\">Lieliski der mazbud\u017eeta prom -akcij\u0101m, izst\u0101d\u0113m, POS noform\u0113jums un k\u0101 l\u0113ts rekl\u0101mas nes\u0113js. Viegli apstr\u0101d\u0101jams, 100% p\u0101rstr\u0101d\u0101jams, higi\u0113nisks. Pietieko\u0161i iztur\u012bgs, \u016bdens notur\u012bgs, var tikt pielietots\u00a0\u00a0\u0101rpus telp\u0101m, ekspluat\u0101cijas temperat\u016bra no\u00a0-20\u00b0\u0421\u00a0l\u012bdz +90\u00b0\u0421. Z\u012bddrukai ieteicam\u0101s kr\u0101sas: MARABU, SERICOL, BRANCHET, DUBUIT.<\/p>\r\n<p style=\"font-weight: 400;\"><\/p>","protected":false},"featured_media":13771,"comment_status":"closed","ping_status":"closed","template":"","meta":[],"product_brand":[],"product_cat":[348],"product_tag":[595,1162,1163],"class_list":{"0":"post-1408","1":"product","2":"type-product","3":"status-publish","4":"has-post-thumbnail","6":"product_cat-honey-print","7":"product_tag-buvplastikati","8":"product_tag-honey-print","9":"product_tag-loksnu-plastikati","11":"first","12":"instock","13":"shipping-taxable","14":"product-type-simple"},"yoast_head":"<!-- This site is optimized with the Yoast SEO plugin v27.4 - https:\/\/yoast.com\/product\/yoast-seo-wordpress\/ -->\n<title>Plastik\u0101ts digit\u0101lajai drukai un siedspiedei HoneyPrint PP - WMT Baltic<\/title>\n<meta name=\"robots\" content=\"index, follow, max-snippet:-1, max-image-preview:large, max-video-preview:-1\" \/>\n<link rel=\"canonical\" href=\"https:\/\/wmtbaltic.lv\/Produkts\/plastikats-digitalajai-drukai-un-siedspiedei-honeyprint-pp\/\" \/>\n<meta property=\"og:locale\" content=\"en_US\" \/>\n<meta property=\"og:type\" content=\"article\" \/>\n<meta property=\"og:title\" content=\"Plastik\u0101ts digit\u0101lajai drukai un siedspiedei HoneyPrint PP - WMT Baltic\" \/>\n<meta property=\"og:description\" content=\"HoneyPrint PP Jaun\u0101s paaudzes \u0161\u016bnu polipropil\u0113ns - bez reljefa, rad\u012bts pielietojot unik\u0101lu tehnolo\u0123iju.\u00a0L\u012bdzena, nedaudz mat\u0113ta virsma ide\u0101li der\u012bga gludai digit\u0101lajai drukai un sietspiedei, apstr\u0101d\u0101ta ar CORONA treatment. Lieliski der mazbud\u017eeta prom -akcij\u0101m, izst\u0101d\u0113m, POS noform\u0113jums un k\u0101 l\u0113ts rekl\u0101mas nes\u0113js. Viegli apstr\u0101d\u0101jams, 100% p\u0101rstr\u0101d\u0101jams, higi\u0113nisks. Pietieko\u0161i iztur\u012bgs, \u016bdens notur\u012bgs, var tikt pielietots\u00a0\u00a0\u0101rpus telp\u0101m, ekspluat\u0101cijas temperat\u016bra no\u00a0-20\u00b0\u0421\u00a0l\u012bdz +90\u00b0\u0421. Z\u012bddrukai ieteicam\u0101s kr\u0101sas: MARABU, SERICOL, BRANCHET, DUBUIT.\" \/>\n<meta property=\"og:url\" content=\"https:\/\/wmtbaltic.lv\/Produkts\/plastikats-digitalajai-drukai-un-siedspiedei-honeyprint-pp\/\" \/>\n<meta property=\"og:site_name\" content=\"WMT Baltic\" \/>\n<meta property=\"article:publisher\" content=\"https:\/\/www.facebook.com\/WMT.Baltic.viscom\/?locale=lv_LV\" \/>\n<meta property=\"article:modified_time\" content=\"2022-09-26T05:50:34+00:00\" \/>\n<meta property=\"og:image\" content=\"http:\/\/wmtbaltic.lv\/wp-content\/uploads\/2020\/07\/Hony-print_plastikati.jpg\" \/>\n\t<meta property=\"og:image:width\" content=\"800\" \/>\n\t<meta property=\"og:image:height\" content=\"533\" \/>\n\t<meta property=\"og:image:type\" content=\"image\/jpeg\" \/>\n<meta name=\"twitter:card\" content=\"summary_large_image\" \/>\n<meta name=\"twitter:label1\" content=\"Est. reading time\" \/>\n\t<meta name=\"twitter:data1\" content=\"1 minute\" \/>\n<script type=\"application\/ld+json\" class=\"yoast-schema-graph\">{\"@context\":\"https:\\\/\\\/schema.org\",\"@graph\":[{\"@type\":\"WebPage\",\"@id\":\"https:\\\/\\\/wmtbaltic.lv\\\/Produkts\\\/plastikats-digitalajai-drukai-un-siedspiedei-honeyprint-pp\\\/\",\"url\":\"https:\\\/\\\/wmtbaltic.lv\\\/Produkts\\\/plastikats-digitalajai-drukai-un-siedspiedei-honeyprint-pp\\\/\",\"name\":\"Plastik\u0101ts digit\u0101lajai drukai un siedspiedei HoneyPrint PP - WMT Baltic\",\"isPartOf\":{\"@id\":\"https:\\\/\\\/wmtbaltic.lv\\\/#website\"},\"primaryImageOfPage\":{\"@id\":\"https:\\\/\\\/wmtbaltic.lv\\\/Produkts\\\/plastikats-digitalajai-drukai-un-siedspiedei-honeyprint-pp\\\/#primaryimage\"},\"image\":{\"@id\":\"https:\\\/\\\/wmtbaltic.lv\\\/Produkts\\\/plastikats-digitalajai-drukai-un-siedspiedei-honeyprint-pp\\\/#primaryimage\"},\"thumbnailUrl\":\"https:\\\/\\\/wmtbaltic.lv\\\/wp-content\\\/uploads\\\/2020\\\/07\\\/Hony-print_plastikati.jpg\",\"datePublished\":\"2020-07-22T11:10:54+00:00\",\"dateModified\":\"2022-09-26T05:50:34+00:00\",\"breadcrumb\":{\"@id\":\"https:\\\/\\\/wmtbaltic.lv\\\/Produkts\\\/plastikats-digitalajai-drukai-un-siedspiedei-honeyprint-pp\\\/#breadcrumb\"},\"inLanguage\":\"en-US\",\"potentialAction\":[{\"@type\":\"ReadAction\",\"target\":[\"https:\\\/\\\/wmtbaltic.lv\\\/Produkts\\\/plastikats-digitalajai-drukai-un-siedspiedei-honeyprint-pp\\\/\"]}]},{\"@type\":\"ImageObject\",\"inLanguage\":\"en-US\",\"@id\":\"https:\\\/\\\/wmtbaltic.lv\\\/Produkts\\\/plastikats-digitalajai-drukai-un-siedspiedei-honeyprint-pp\\\/#primaryimage\",\"url\":\"https:\\\/\\\/wmtbaltic.lv\\\/wp-content\\\/uploads\\\/2020\\\/07\\\/Hony-print_plastikati.jpg\",\"contentUrl\":\"https:\\\/\\\/wmtbaltic.lv\\\/wp-content\\\/uploads\\\/2020\\\/07\\\/Hony-print_plastikati.jpg\",\"width\":800,\"height\":533},{\"@type\":\"BreadcrumbList\",\"@id\":\"https:\\\/\\\/wmtbaltic.lv\\\/Produkts\\\/plastikats-digitalajai-drukai-un-siedspiedei-honeyprint-pp\\\/#breadcrumb\",\"itemListElement\":[{\"@type\":\"ListItem\",\"position\":1,\"name\":\"Home\",\"item\":\"https:\\\/\\\/wmtbaltic.lv\\\/en\\\/\"},{\"@type\":\"ListItem\",\"position\":2,\"name\":\"Products\",\"item\":\"https:\\\/\\\/wmtbaltic.lv\\\/en\\\/shop\\\/\"},{\"@type\":\"ListItem\",\"position\":3,\"name\":\"Plastik\u0101ts digit\u0101lajai drukai un siedspiedei HoneyPrint PP\"}]},{\"@type\":\"WebSite\",\"@id\":\"https:\\\/\\\/wmtbaltic.lv\\\/#website\",\"url\":\"https:\\\/\\\/wmtbaltic.lv\\\/\",\"name\":\"WMT Baltic\",\"description\":\"Rekl\u0101mas produkti, pl\u0113ves\",\"publisher\":{\"@id\":\"https:\\\/\\\/wmtbaltic.lv\\\/#organization\"},\"potentialAction\":[{\"@type\":\"SearchAction\",\"target\":{\"@type\":\"EntryPoint\",\"urlTemplate\":\"https:\\\/\\\/wmtbaltic.lv\\\/?s={search_term_string}\"},\"query-input\":{\"@type\":\"PropertyValueSpecification\",\"valueRequired\":true,\"valueName\":\"search_term_string\"}}],\"inLanguage\":\"en-US\"},{\"@type\":\"Organization\",\"@id\":\"https:\\\/\\\/wmtbaltic.lv\\\/#organization\",\"name\":\"WMT Baltic\",\"url\":\"https:\\\/\\\/wmtbaltic.lv\\\/\",\"logo\":{\"@type\":\"ImageObject\",\"inLanguage\":\"en-US\",\"@id\":\"https:\\\/\\\/wmtbaltic.lv\\\/#\\\/schema\\\/logo\\\/image\\\/\",\"url\":\"https:\\\/\\\/wmtbaltic.lv\\\/wp-content\\\/uploads\\\/2024\\\/12\\\/wmt-baltic-sia_107142_9_420x180.jpg\",\"contentUrl\":\"https:\\\/\\\/wmtbaltic.lv\\\/wp-content\\\/uploads\\\/2024\\\/12\\\/wmt-baltic-sia_107142_9_420x180.jpg\",\"width\":420,\"height\":180,\"caption\":\"WMT Baltic\"},\"image\":{\"@id\":\"https:\\\/\\\/wmtbaltic.lv\\\/#\\\/schema\\\/logo\\\/image\\\/\"},\"sameAs\":[\"https:\\\/\\\/www.facebook.com\\\/WMT.Baltic.viscom\\\/?locale=lv_LV\",\"https:\\\/\\\/www.instagram.com\\\/viscom_wmt\\\/\"]}]}<\/script>\n<!-- \/ Yoast SEO plugin. -->","yoast_head_json":{"title":"Plastik\u0101ts digit\u0101lajai drukai un siedspiedei HoneyPrint PP - WMT Baltic","robots":{"index":"index","follow":"follow","max-snippet":"max-snippet:-1","max-image-preview":"max-image-preview:large","max-video-preview":"max-video-preview:-1"},"canonical":"https:\/\/wmtbaltic.lv\/Produkts\/plastikats-digitalajai-drukai-un-siedspiedei-honeyprint-pp\/","og_locale":"en_US","og_type":"article","og_title":"Plastik\u0101ts digit\u0101lajai drukai un siedspiedei HoneyPrint PP - WMT Baltic","og_description":"HoneyPrint PP Jaun\u0101s paaudzes \u0161\u016bnu polipropil\u0113ns - bez reljefa, rad\u012bts pielietojot unik\u0101lu tehnolo\u0123iju.\u00a0L\u012bdzena, nedaudz mat\u0113ta virsma ide\u0101li der\u012bga gludai digit\u0101lajai drukai un sietspiedei, apstr\u0101d\u0101ta ar CORONA treatment. Lieliski der mazbud\u017eeta prom -akcij\u0101m, izst\u0101d\u0113m, POS noform\u0113jums un k\u0101 l\u0113ts rekl\u0101mas nes\u0113js. Viegli apstr\u0101d\u0101jams, 100% p\u0101rstr\u0101d\u0101jams, higi\u0113nisks. Pietieko\u0161i iztur\u012bgs, \u016bdens notur\u012bgs, var tikt pielietots\u00a0\u00a0\u0101rpus telp\u0101m, ekspluat\u0101cijas temperat\u016bra no\u00a0-20\u00b0\u0421\u00a0l\u012bdz +90\u00b0\u0421. Z\u012bddrukai ieteicam\u0101s kr\u0101sas: MARABU, SERICOL, BRANCHET, DUBUIT.","og_url":"https:\/\/wmtbaltic.lv\/Produkts\/plastikats-digitalajai-drukai-un-siedspiedei-honeyprint-pp\/","og_site_name":"WMT Baltic","article_publisher":"https:\/\/www.facebook.com\/WMT.Baltic.viscom\/?locale=lv_LV","article_modified_time":"2022-09-26T05:50:34+00:00","og_image":[{"width":800,"height":533,"url":"http:\/\/wmtbaltic.lv\/wp-content\/uploads\/2020\/07\/Hony-print_plastikati.jpg","type":"image\/jpeg"}],"twitter_card":"summary_large_image","twitter_misc":{"Est. reading time":"1 minute"},"schema":{"@context":"https:\/\/schema.org","@graph":[{"@type":"WebPage","@id":"https:\/\/wmtbaltic.lv\/Produkts\/plastikats-digitalajai-drukai-un-siedspiedei-honeyprint-pp\/","url":"https:\/\/wmtbaltic.lv\/Produkts\/plastikats-digitalajai-drukai-un-siedspiedei-honeyprint-pp\/","name":"Plastik\u0101ts digit\u0101lajai drukai un siedspiedei HoneyPrint PP - WMT Baltic","isPartOf":{"@id":"https:\/\/wmtbaltic.lv\/#website"},"primaryImageOfPage":{"@id":"https:\/\/wmtbaltic.lv\/Produkts\/plastikats-digitalajai-drukai-un-siedspiedei-honeyprint-pp\/#primaryimage"},"image":{"@id":"https:\/\/wmtbaltic.lv\/Produkts\/plastikats-digitalajai-drukai-un-siedspiedei-honeyprint-pp\/#primaryimage"},"thumbnailUrl":"https:\/\/wmtbaltic.lv\/wp-content\/uploads\/2020\/07\/Hony-print_plastikati.jpg","datePublished":"2020-07-22T11:10:54+00:00","dateModified":"2022-09-26T05:50:34+00:00","breadcrumb":{"@id":"https:\/\/wmtbaltic.lv\/Produkts\/plastikats-digitalajai-drukai-un-siedspiedei-honeyprint-pp\/#breadcrumb"},"inLanguage":"en-US","potentialAction":[{"@type":"ReadAction","target":["https:\/\/wmtbaltic.lv\/Produkts\/plastikats-digitalajai-drukai-un-siedspiedei-honeyprint-pp\/"]}]},{"@type":"ImageObject","inLanguage":"en-US","@id":"https:\/\/wmtbaltic.lv\/Produkts\/plastikats-digitalajai-drukai-un-siedspiedei-honeyprint-pp\/#primaryimage","url":"https:\/\/wmtbaltic.lv\/wp-content\/uploads\/2020\/07\/Hony-print_plastikati.jpg","contentUrl":"https:\/\/wmtbaltic.lv\/wp-content\/uploads\/2020\/07\/Hony-print_plastikati.jpg","width":800,"height":533},{"@type":"BreadcrumbList","@id":"https:\/\/wmtbaltic.lv\/Produkts\/plastikats-digitalajai-drukai-un-siedspiedei-honeyprint-pp\/#breadcrumb","itemListElement":[{"@type":"ListItem","position":1,"name":"Home","item":"https:\/\/wmtbaltic.lv\/en\/"},{"@type":"ListItem","position":2,"name":"Products","item":"https:\/\/wmtbaltic.lv\/en\/shop\/"},{"@type":"ListItem","position":3,"name":"Plastik\u0101ts digit\u0101lajai drukai un siedspiedei HoneyPrint PP"}]},{"@type":"WebSite","@id":"https:\/\/wmtbaltic.lv\/#website","url":"https:\/\/wmtbaltic.lv\/","name":"WMT Baltic","description":"Rekl\u0101mas produkti, pl\u0113ves","publisher":{"@id":"https:\/\/wmtbaltic.lv\/#organization"},"potentialAction":[{"@type":"SearchAction","target":{"@type":"EntryPoint","urlTemplate":"https:\/\/wmtbaltic.lv\/?s={search_term_string}"},"query-input":{"@type":"PropertyValueSpecification","valueRequired":true,"valueName":"search_term_string"}}],"inLanguage":"en-US"},{"@type":"Organization","@id":"https:\/\/wmtbaltic.lv\/#organization","name":"WMT Baltic","url":"https:\/\/wmtbaltic.lv\/","logo":{"@type":"ImageObject","inLanguage":"en-US","@id":"https:\/\/wmtbaltic.lv\/#\/schema\/logo\/image\/","url":"https:\/\/wmtbaltic.lv\/wp-content\/uploads\/2024\/12\/wmt-baltic-sia_107142_9_420x180.jpg","contentUrl":"https:\/\/wmtbaltic.lv\/wp-content\/uploads\/2024\/12\/wmt-baltic-sia_107142_9_420x180.jpg","width":420,"height":180,"caption":"WMT Baltic"},"image":{"@id":"https:\/\/wmtbaltic.lv\/#\/schema\/logo\/image\/"},"sameAs":["https:\/\/www.facebook.com\/WMT.Baltic.viscom\/?locale=lv_LV","https:\/\/www.instagram.com\/viscom_wmt\/"]}]}},"_links":{"self":[{"href":"https:\/\/wmtbaltic.lv\/en\/wp-json\/wp\/v2\/product\/1408","targetHints":{"allow":["GET"]}}],"collection":[{"href":"https:\/\/wmtbaltic.lv\/en\/wp-json\/wp\/v2\/product"}],"about":[{"href":"https:\/\/wmtbaltic.lv\/en\/wp-json\/wp\/v2\/types\/product"}],"replies":[{"embeddable":true,"href":"https:\/\/wmtbaltic.lv\/en\/wp-json\/wp\/v2\/comments?post=1408"}],"wp:featuredmedia":[{"embeddable":true,"href":"https:\/\/wmtbaltic.lv\/en\/wp-json\/wp\/v2\/media\/13771"}],"wp:attachment":[{"href":"https:\/\/wmtbaltic.lv\/en\/wp-json\/wp\/v2\/media?parent=1408"}],"wp:term":[{"taxonomy":"product_brand","embeddable":true,"href":"https:\/\/wmtbaltic.lv\/en\/wp-json\/wp\/v2\/product_brand?post=1408"},{"taxonomy":"product_cat","embeddable":true,"href":"https:\/\/wmtbaltic.lv\/en\/wp-json\/wp\/v2\/product_cat?post=1408"},{"taxonomy":"product_tag","embeddable":true,"href":"https:\/\/wmtbaltic.lv\/en\/wp-json\/wp\/v2\/product_tag?post=1408"}],"curies":[{"name":"wp","href":"https:\/\/api.w.org\/{rel}","templated":true}]}}