{"id":1400,"date":"2020-07-22T11:07:04","date_gmt":"2020-07-22T11:07:04","guid":{"rendered":"http:\/\/wmtbaltic.lv\/\/?post_type=product&#038;p=1400"},"modified":"2022-09-26T06:40:20","modified_gmt":"2022-09-26T06:40:20","slug":"digital-pvc-pleve-digitalajai-drukai","status":"publish","type":"product","link":"https:\/\/wmtbaltic.lv\/en\/product\/digital-pvc-pleve-digitalajai-drukai\/","title":{"rendered":"DIGITAL PVC pl\u0113ve digit\u0101lajai drukai"},"content":{"rendered":"<p align=\"left\"><span style=\"font-size: small;\"><strong>\u012apa\u0161\u012bbas:<\/strong><\/span><\/p>\n<p align=\"justify\"><u><\/u>PVC materi\u0101ls (var apdruk\u0101t no abam pus\u0113m)<\/p>\n<p>Serde: 76mm<br \/>\nBiezums:\u00a0200mkm<br \/>\nBl\u012bvums: 1,47g\/cm3 (Silk)<\/p>\n<p align=\"justify\"><img decoding=\"async\" class=\"alignleft\" style=\"text-align: -webkit-center;\" src=\"http:\/\/adv24.lv\/rtfe_images\/penta.bmp\" \/><span style=\"text-align: -webkit-center;\">\u00a0\u00a0\u00a0\u00a0\u00a0<\/span><img decoding=\"async\" class=\"aligncenter\" style=\"text-align: -webkit-center;\" src=\"http:\/\/adv24.lv\/rtfe_images\/pentaaa.bmp\" \/><span style=\"font-size: small;\"><br \/>\n<\/span><span style=\"font-size: small;\"><strong>Izmanto\u0161ana:<\/strong><\/span><\/p>\n<p align=\"justify\"><span style=\"font-size: small;\">Univers\u0101ls pielietojums, iek\u0161telpu rekl\u0101ma, vitr\u012bnu, veikalu, supermarketu\u00a0<\/span><span style=\"font-size: small;\">noform\u0113\u0161ana. Termoform\u0113\u0161ana.<br \/>\n<\/span><\/p>\n<p align=\"justify\"><span style=\"font-size: small;\"><em>Druka:<\/em>\u00a0Str\u016bklas lielform\u0101ta (solvents, lait solvents, eko solvents)<\/span><\/p>\n<p align=\"justify\"><span style=\"font-size: small;\"><em>Aizsardz\u012bba:<\/em>\u00a0Notur\u012bba pret \u0137imik\u0101liju iedarb\u012bbu<\/span><\/p>\n<p class=\"western\"><span style=\"font-family: Tahoma, sans-serif;\"><span style=\"font-size: small;\"><b>M\u0113s pied\u0101v\u0101jam ar\u012b:<\/b><\/span><\/span><span style=\"font-family: Tahoma, sans-serif;\"><span style=\"font-size: small;\">\u00a0putots lok\u0161\u0146u materi\u0101ls; triecieniztur\u012bgs materi\u0101ls; liets materi\u0101ls; \u0161\u016bnu polikarbon\u0101ts rekl\u0101mai; monopolikarbon\u0101ts; \u0161\u016bnu polikarbon\u0101ta aksesu\u0101ri; kompoz\u012btmateri\u0101ls; poliesters;\u00a0<\/span><\/span><span style=\"font-family: Tahoma, sans-serif;\"><span style=\"font-size: small;\"><span lang=\"en-US\">org<\/span><\/span><\/span><span style=\"font-family: Tahoma, sans-serif;\"><span style=\"font-size: small;\">stikls; polietil\u0113ns; \u0161\u016bnu polipropil\u0113ns; profili lok\u0161\u0146u plastik\u0101tiem; pl\u0101nie plastik\u0101ti; iepakojuma plastik\u0101ti; kompoz\u012btpane\u013ci; kr\u0101saini plastik\u0101ti; materi\u0101li tirdzniec\u012bbas vietu noform\u0113\u0161anai; stikl\u0161\u0137iedras karogu masti; plastik\u0101tu izstr\u0101d\u0101jumi; iepakojums; rekl\u0101mas materi\u0101li; polikarbon\u0101ts siltumn\u012bc\u0101m; materi\u0101li nojum\u0113m; plastik\u0101ti starpsien\u0101m; mat\u0113ts organiskais stikls;\u00a0 PET; PETG; PP; PS; PVC; PC; PE; PMMA; ABS; plastik\u0101ti noform\u0113\u0161anai; plastik\u0101ti grav\u0113\u0161anai; plastik\u0101ti apdrukai; plastik\u0101ts balkona marg\u0101m; ton\u0113ts organiskais stikls; plastik\u0101ts digit\u0101lajai drukai; apdares materi\u0101ls; celtniec\u012bbas materi\u0101li; plastik\u0101tu grie\u0161ana; plastik\u0101tu loc\u012b\u0161ana; karogu masti; karogi; \u0161\u016bnu polikarbon\u0101ts.<\/span><\/span><\/p>\n<p>&nbsp;<\/p>\n","protected":false},"excerpt":{"rendered":"<p align=\"justify\"><span style=\"font-size: small;\"><strong>DIGITAL PVC<\/strong><\/span><\/p>\r\n<p align=\"justify\"><span style=\"font-size: small;\">Pl\u0113ve no ciet\u0101 PVC ar speci\u0101lu p\u0101rkl\u0101jumu digit\u0101lajai drukai. Druka ar solventa, lait solventa un eko solventa tint\u0113m. P\u0113c \u017e\u0101v\u0113\u0161anas ekosolventa tin\u0161u druka k\u013c\u016bst \u016bdensnotur\u012bga un to var izmantot\u00a0 \u0101rpus telp\u0101m bez lamin\u0113\u0161anas. Izvairieties no saskares ar virsmu uz kuras tiek veikta druka, izmantojiet cimdus, str\u0101d\u0101jot ar materil\u0101lu. Materials ir\u00a0 notur\u012bgs pret \u0137\u012bmisku iedarb\u012bbu un UV stariem.<\/span><\/p>\r\n&nbsp;","protected":false},"featured_media":13781,"comment_status":"closed","ping_status":"closed","template":"","meta":[],"product_brand":[],"product_cat":[100],"product_tag":[],"class_list":{"0":"post-1400","1":"product","2":"type-product","3":"status-publish","4":"has-post-thumbnail","6":"product_cat-planie-plastikati","8":"first","9":"instock","10":"shipping-taxable","11":"product-type-simple"},"yoast_head":"<!-- This site is optimized with the Yoast SEO plugin v27.4 - https:\/\/yoast.com\/product\/yoast-seo-wordpress\/ -->\n<title>DIGITAL PVC pl\u0113ve digit\u0101lajai drukai - WMT Baltic<\/title>\n<meta name=\"robots\" content=\"index, follow, max-snippet:-1, max-image-preview:large, max-video-preview:-1\" \/>\n<link rel=\"canonical\" href=\"https:\/\/wmtbaltic.lv\/Produkts\/digital-pvc-pleve-digitalajai-drukai\/\" \/>\n<meta property=\"og:locale\" content=\"en_US\" \/>\n<meta property=\"og:type\" content=\"article\" \/>\n<meta property=\"og:title\" content=\"DIGITAL PVC pl\u0113ve digit\u0101lajai drukai - WMT Baltic\" \/>\n<meta property=\"og:description\" content=\"DIGITAL PVC Pl\u0113ve no ciet\u0101 PVC ar speci\u0101lu p\u0101rkl\u0101jumu digit\u0101lajai drukai. Druka ar solventa, lait solventa un eko solventa tint\u0113m. P\u0113c \u017e\u0101v\u0113\u0161anas ekosolventa tin\u0161u druka k\u013c\u016bst \u016bdensnotur\u012bga un to var izmantot\u00a0 \u0101rpus telp\u0101m bez lamin\u0113\u0161anas. Izvairieties no saskares ar virsmu uz kuras tiek veikta druka, izmantojiet cimdus, str\u0101d\u0101jot ar materil\u0101lu. Materials ir\u00a0 notur\u012bgs pret \u0137\u012bmisku iedarb\u012bbu un UV stariem. &nbsp;\" \/>\n<meta property=\"og:url\" content=\"https:\/\/wmtbaltic.lv\/Produkts\/digital-pvc-pleve-digitalajai-drukai\/\" \/>\n<meta property=\"og:site_name\" content=\"WMT Baltic\" \/>\n<meta property=\"article:publisher\" content=\"https:\/\/www.facebook.com\/WMT.Baltic.viscom\/?locale=lv_LV\" \/>\n<meta property=\"article:modified_time\" content=\"2022-09-26T06:40:20+00:00\" \/>\n<meta property=\"og:image\" content=\"http:\/\/wmtbaltic.lv\/wp-content\/uploads\/2020\/07\/pic-4.jpg\" \/>\n\t<meta property=\"og:image:width\" content=\"400\" \/>\n\t<meta property=\"og:image:height\" content=\"358\" \/>\n\t<meta property=\"og:image:type\" content=\"image\/jpeg\" \/>\n<meta name=\"twitter:card\" content=\"summary_large_image\" \/>\n<meta name=\"twitter:label1\" content=\"Est. reading time\" \/>\n\t<meta name=\"twitter:data1\" content=\"1 minute\" \/>\n<script type=\"application\/ld+json\" class=\"yoast-schema-graph\">{\"@context\":\"https:\\\/\\\/schema.org\",\"@graph\":[{\"@type\":\"WebPage\",\"@id\":\"https:\\\/\\\/wmtbaltic.lv\\\/Produkts\\\/digital-pvc-pleve-digitalajai-drukai\\\/\",\"url\":\"https:\\\/\\\/wmtbaltic.lv\\\/Produkts\\\/digital-pvc-pleve-digitalajai-drukai\\\/\",\"name\":\"DIGITAL PVC pl\u0113ve digit\u0101lajai drukai - WMT Baltic\",\"isPartOf\":{\"@id\":\"https:\\\/\\\/wmtbaltic.lv\\\/#website\"},\"primaryImageOfPage\":{\"@id\":\"https:\\\/\\\/wmtbaltic.lv\\\/Produkts\\\/digital-pvc-pleve-digitalajai-drukai\\\/#primaryimage\"},\"image\":{\"@id\":\"https:\\\/\\\/wmtbaltic.lv\\\/Produkts\\\/digital-pvc-pleve-digitalajai-drukai\\\/#primaryimage\"},\"thumbnailUrl\":\"https:\\\/\\\/wmtbaltic.lv\\\/wp-content\\\/uploads\\\/2020\\\/07\\\/pic-4.jpg\",\"datePublished\":\"2020-07-22T11:07:04+00:00\",\"dateModified\":\"2022-09-26T06:40:20+00:00\",\"breadcrumb\":{\"@id\":\"https:\\\/\\\/wmtbaltic.lv\\\/Produkts\\\/digital-pvc-pleve-digitalajai-drukai\\\/#breadcrumb\"},\"inLanguage\":\"en-US\",\"potentialAction\":[{\"@type\":\"ReadAction\",\"target\":[\"https:\\\/\\\/wmtbaltic.lv\\\/Produkts\\\/digital-pvc-pleve-digitalajai-drukai\\\/\"]}]},{\"@type\":\"ImageObject\",\"inLanguage\":\"en-US\",\"@id\":\"https:\\\/\\\/wmtbaltic.lv\\\/Produkts\\\/digital-pvc-pleve-digitalajai-drukai\\\/#primaryimage\",\"url\":\"https:\\\/\\\/wmtbaltic.lv\\\/wp-content\\\/uploads\\\/2020\\\/07\\\/pic-4.jpg\",\"contentUrl\":\"https:\\\/\\\/wmtbaltic.lv\\\/wp-content\\\/uploads\\\/2020\\\/07\\\/pic-4.jpg\",\"width\":400,\"height\":358},{\"@type\":\"BreadcrumbList\",\"@id\":\"https:\\\/\\\/wmtbaltic.lv\\\/Produkts\\\/digital-pvc-pleve-digitalajai-drukai\\\/#breadcrumb\",\"itemListElement\":[{\"@type\":\"ListItem\",\"position\":1,\"name\":\"Home\",\"item\":\"https:\\\/\\\/wmtbaltic.lv\\\/en\\\/\"},{\"@type\":\"ListItem\",\"position\":2,\"name\":\"Products\",\"item\":\"https:\\\/\\\/wmtbaltic.lv\\\/en\\\/shop\\\/\"},{\"@type\":\"ListItem\",\"position\":3,\"name\":\"DIGITAL PVC pl\u0113ve digit\u0101lajai drukai\"}]},{\"@type\":\"WebSite\",\"@id\":\"https:\\\/\\\/wmtbaltic.lv\\\/#website\",\"url\":\"https:\\\/\\\/wmtbaltic.lv\\\/\",\"name\":\"WMT Baltic\",\"description\":\"Rekl\u0101mas produkti, pl\u0113ves\",\"publisher\":{\"@id\":\"https:\\\/\\\/wmtbaltic.lv\\\/#organization\"},\"potentialAction\":[{\"@type\":\"SearchAction\",\"target\":{\"@type\":\"EntryPoint\",\"urlTemplate\":\"https:\\\/\\\/wmtbaltic.lv\\\/?s={search_term_string}\"},\"query-input\":{\"@type\":\"PropertyValueSpecification\",\"valueRequired\":true,\"valueName\":\"search_term_string\"}}],\"inLanguage\":\"en-US\"},{\"@type\":\"Organization\",\"@id\":\"https:\\\/\\\/wmtbaltic.lv\\\/#organization\",\"name\":\"WMT Baltic\",\"url\":\"https:\\\/\\\/wmtbaltic.lv\\\/\",\"logo\":{\"@type\":\"ImageObject\",\"inLanguage\":\"en-US\",\"@id\":\"https:\\\/\\\/wmtbaltic.lv\\\/#\\\/schema\\\/logo\\\/image\\\/\",\"url\":\"https:\\\/\\\/wmtbaltic.lv\\\/wp-content\\\/uploads\\\/2024\\\/12\\\/wmt-baltic-sia_107142_9_420x180.jpg\",\"contentUrl\":\"https:\\\/\\\/wmtbaltic.lv\\\/wp-content\\\/uploads\\\/2024\\\/12\\\/wmt-baltic-sia_107142_9_420x180.jpg\",\"width\":420,\"height\":180,\"caption\":\"WMT Baltic\"},\"image\":{\"@id\":\"https:\\\/\\\/wmtbaltic.lv\\\/#\\\/schema\\\/logo\\\/image\\\/\"},\"sameAs\":[\"https:\\\/\\\/www.facebook.com\\\/WMT.Baltic.viscom\\\/?locale=lv_LV\",\"https:\\\/\\\/www.instagram.com\\\/viscom_wmt\\\/\"]}]}<\/script>\n<!-- \/ Yoast SEO plugin. -->","yoast_head_json":{"title":"DIGITAL PVC pl\u0113ve digit\u0101lajai drukai - WMT Baltic","robots":{"index":"index","follow":"follow","max-snippet":"max-snippet:-1","max-image-preview":"max-image-preview:large","max-video-preview":"max-video-preview:-1"},"canonical":"https:\/\/wmtbaltic.lv\/Produkts\/digital-pvc-pleve-digitalajai-drukai\/","og_locale":"en_US","og_type":"article","og_title":"DIGITAL PVC pl\u0113ve digit\u0101lajai drukai - WMT Baltic","og_description":"DIGITAL PVC Pl\u0113ve no ciet\u0101 PVC ar speci\u0101lu p\u0101rkl\u0101jumu digit\u0101lajai drukai. Druka ar solventa, lait solventa un eko solventa tint\u0113m. P\u0113c \u017e\u0101v\u0113\u0161anas ekosolventa tin\u0161u druka k\u013c\u016bst \u016bdensnotur\u012bga un to var izmantot\u00a0 \u0101rpus telp\u0101m bez lamin\u0113\u0161anas. Izvairieties no saskares ar virsmu uz kuras tiek veikta druka, izmantojiet cimdus, str\u0101d\u0101jot ar materil\u0101lu. Materials ir\u00a0 notur\u012bgs pret \u0137\u012bmisku iedarb\u012bbu un UV stariem. &nbsp;","og_url":"https:\/\/wmtbaltic.lv\/Produkts\/digital-pvc-pleve-digitalajai-drukai\/","og_site_name":"WMT Baltic","article_publisher":"https:\/\/www.facebook.com\/WMT.Baltic.viscom\/?locale=lv_LV","article_modified_time":"2022-09-26T06:40:20+00:00","og_image":[{"width":400,"height":358,"url":"http:\/\/wmtbaltic.lv\/wp-content\/uploads\/2020\/07\/pic-4.jpg","type":"image\/jpeg"}],"twitter_card":"summary_large_image","twitter_misc":{"Est. reading time":"1 minute"},"schema":{"@context":"https:\/\/schema.org","@graph":[{"@type":"WebPage","@id":"https:\/\/wmtbaltic.lv\/Produkts\/digital-pvc-pleve-digitalajai-drukai\/","url":"https:\/\/wmtbaltic.lv\/Produkts\/digital-pvc-pleve-digitalajai-drukai\/","name":"DIGITAL PVC pl\u0113ve digit\u0101lajai drukai - WMT Baltic","isPartOf":{"@id":"https:\/\/wmtbaltic.lv\/#website"},"primaryImageOfPage":{"@id":"https:\/\/wmtbaltic.lv\/Produkts\/digital-pvc-pleve-digitalajai-drukai\/#primaryimage"},"image":{"@id":"https:\/\/wmtbaltic.lv\/Produkts\/digital-pvc-pleve-digitalajai-drukai\/#primaryimage"},"thumbnailUrl":"https:\/\/wmtbaltic.lv\/wp-content\/uploads\/2020\/07\/pic-4.jpg","datePublished":"2020-07-22T11:07:04+00:00","dateModified":"2022-09-26T06:40:20+00:00","breadcrumb":{"@id":"https:\/\/wmtbaltic.lv\/Produkts\/digital-pvc-pleve-digitalajai-drukai\/#breadcrumb"},"inLanguage":"en-US","potentialAction":[{"@type":"ReadAction","target":["https:\/\/wmtbaltic.lv\/Produkts\/digital-pvc-pleve-digitalajai-drukai\/"]}]},{"@type":"ImageObject","inLanguage":"en-US","@id":"https:\/\/wmtbaltic.lv\/Produkts\/digital-pvc-pleve-digitalajai-drukai\/#primaryimage","url":"https:\/\/wmtbaltic.lv\/wp-content\/uploads\/2020\/07\/pic-4.jpg","contentUrl":"https:\/\/wmtbaltic.lv\/wp-content\/uploads\/2020\/07\/pic-4.jpg","width":400,"height":358},{"@type":"BreadcrumbList","@id":"https:\/\/wmtbaltic.lv\/Produkts\/digital-pvc-pleve-digitalajai-drukai\/#breadcrumb","itemListElement":[{"@type":"ListItem","position":1,"name":"Home","item":"https:\/\/wmtbaltic.lv\/en\/"},{"@type":"ListItem","position":2,"name":"Products","item":"https:\/\/wmtbaltic.lv\/en\/shop\/"},{"@type":"ListItem","position":3,"name":"DIGITAL PVC pl\u0113ve digit\u0101lajai drukai"}]},{"@type":"WebSite","@id":"https:\/\/wmtbaltic.lv\/#website","url":"https:\/\/wmtbaltic.lv\/","name":"WMT Baltic","description":"Rekl\u0101mas produkti, pl\u0113ves","publisher":{"@id":"https:\/\/wmtbaltic.lv\/#organization"},"potentialAction":[{"@type":"SearchAction","target":{"@type":"EntryPoint","urlTemplate":"https:\/\/wmtbaltic.lv\/?s={search_term_string}"},"query-input":{"@type":"PropertyValueSpecification","valueRequired":true,"valueName":"search_term_string"}}],"inLanguage":"en-US"},{"@type":"Organization","@id":"https:\/\/wmtbaltic.lv\/#organization","name":"WMT Baltic","url":"https:\/\/wmtbaltic.lv\/","logo":{"@type":"ImageObject","inLanguage":"en-US","@id":"https:\/\/wmtbaltic.lv\/#\/schema\/logo\/image\/","url":"https:\/\/wmtbaltic.lv\/wp-content\/uploads\/2024\/12\/wmt-baltic-sia_107142_9_420x180.jpg","contentUrl":"https:\/\/wmtbaltic.lv\/wp-content\/uploads\/2024\/12\/wmt-baltic-sia_107142_9_420x180.jpg","width":420,"height":180,"caption":"WMT Baltic"},"image":{"@id":"https:\/\/wmtbaltic.lv\/#\/schema\/logo\/image\/"},"sameAs":["https:\/\/www.facebook.com\/WMT.Baltic.viscom\/?locale=lv_LV","https:\/\/www.instagram.com\/viscom_wmt\/"]}]}},"_links":{"self":[{"href":"https:\/\/wmtbaltic.lv\/en\/wp-json\/wp\/v2\/product\/1400","targetHints":{"allow":["GET"]}}],"collection":[{"href":"https:\/\/wmtbaltic.lv\/en\/wp-json\/wp\/v2\/product"}],"about":[{"href":"https:\/\/wmtbaltic.lv\/en\/wp-json\/wp\/v2\/types\/product"}],"replies":[{"embeddable":true,"href":"https:\/\/wmtbaltic.lv\/en\/wp-json\/wp\/v2\/comments?post=1400"}],"wp:featuredmedia":[{"embeddable":true,"href":"https:\/\/wmtbaltic.lv\/en\/wp-json\/wp\/v2\/media\/13781"}],"wp:attachment":[{"href":"https:\/\/wmtbaltic.lv\/en\/wp-json\/wp\/v2\/media?parent=1400"}],"wp:term":[{"taxonomy":"product_brand","embeddable":true,"href":"https:\/\/wmtbaltic.lv\/en\/wp-json\/wp\/v2\/product_brand?post=1400"},{"taxonomy":"product_cat","embeddable":true,"href":"https:\/\/wmtbaltic.lv\/en\/wp-json\/wp\/v2\/product_cat?post=1400"},{"taxonomy":"product_tag","embeddable":true,"href":"https:\/\/wmtbaltic.lv\/en\/wp-json\/wp\/v2\/product_tag?post=1400"}],"curies":[{"name":"wp","href":"https:\/\/api.w.org\/{rel}","templated":true}]}}