{"id":13889,"date":"2022-10-11T09:30:57","date_gmt":"2022-10-11T09:30:57","guid":{"rendered":"https:\/\/wmtbaltic.lv\/?post_type=product&#038;p=13889"},"modified":"2022-10-11T09:46:56","modified_gmt":"2022-10-11T09:46:56","slug":"showboard-stends","status":"publish","type":"product","link":"https:\/\/wmtbaltic.lv\/en\/product\/showboard-stends\/","title":{"rendered":"Showboard stends"},"content":{"rendered":"<h3 class=\"western\" lang=\"lv-LV\"><strong><span style=\"color: #202124;\"><span style=\"font-family: Arial, sans-serif;\"><span style=\"font-size: small;\">Showboard stends<\/span><\/span><\/span><\/strong><\/h3>\n<p class=\"western\" lang=\"lv-LV\"><strong><span style=\"color: #202124;\"><span style=\"font-family: Arial, sans-serif;\"><span style=\"font-size: small;\">TIKAI P\u0112C PAS\u016aT\u012aJUMA!<\/span><\/span><\/span><\/strong><\/p>\n<p class=\"western\" lang=\"lv-LV\"><span style=\"color: #202124;\"><span style=\"font-family: Arial, sans-serif;\"><span style=\"font-size: small;\"><span lang=\"lv-LV\">Univers\u0101ls, aizsl\u0113dzams stends.<\/span><\/span><\/span><\/span> <span style=\"color: #202124;\"><span style=\"font-family: Arial, sans-serif;\"><span style=\"font-size: small;\"><span lang=\"lv-LV\">Pl\u0101nais korpuss ir tikai 27 mm biezum\u0101, s\u0101nu profils ir 35 mm un sl\u0113pta sl\u0113dzene s\u0101nos. Tas ir piem\u0113rots sabiedrisk\u0101m viet\u0101m vai lieto\u0161anai \u0101rpus telp\u0101m zem nojumes. Stendam ir magn\u0113tiska pamatne.<\/span><\/span><\/span><\/span><\/p>\n<p class=\"western\" lang=\"lv-LV\"><span style=\"color: #202124;\"><span style=\"font-family: Arial, sans-serif;\"><span style=\"font-size: small;\"><span lang=\"lv-LV\">Pieejamie izm\u0113ri:<\/span><\/span><\/span><\/span><\/p>\n<p lang=\"lv-LV\">4*A4<\/p>\n<p lang=\"lv-LV\">6*A4<\/p>\n<p lang=\"lv-LV\">9*A4<\/p>\n<p lang=\"lv-LV\"><img loading=\"lazy\" decoding=\"async\" class=\"alignnone wp-image-13893 size-large\" src=\"http:\/\/wmtbaltic.lv\/wp-content\/uploads\/2022\/10\/showbox_izmeri-1024x598.jpg\" alt=\"\" width=\"780\" height=\"456\" srcset=\"https:\/\/wmtbaltic.lv\/wp-content\/uploads\/2022\/10\/showbox_izmeri-1024x598.jpg 1024w, https:\/\/wmtbaltic.lv\/wp-content\/uploads\/2022\/10\/showbox_izmeri-300x175.jpg 300w, https:\/\/wmtbaltic.lv\/wp-content\/uploads\/2022\/10\/showbox_izmeri-768x449.jpg 768w, https:\/\/wmtbaltic.lv\/wp-content\/uploads\/2022\/10\/showbox_izmeri-600x351.jpg 600w, https:\/\/wmtbaltic.lv\/wp-content\/uploads\/2022\/10\/showbox_izmeri.jpg 1501w\" sizes=\"auto, (max-width: 780px) 100vw, 780px\" \/><\/p>\n<p>&nbsp;<\/p>\n<h3><strong><a href=\"https:\/\/www.cosign.be\/universalshowboard\/\">Ra\u017eot\u0101ja inform\u0101cija<\/a><\/strong><\/h3>\n<p>Ja rodas jaut\u0101jumi, raksti:\u00a0<strong>support@wmt.lv<\/strong>\u00a0vai zvani:<strong>\u00a0+371 67 800830<\/strong><\/p>\n<p>&nbsp;<\/p>\n","protected":false},"excerpt":{"rendered":"Showboard stends TIKAI P\u0112C PAS\u016aT\u012aJUMA! Univers\u0101ls, aizsl\u0113dzams stends. Pl\u0101nais korpuss ir tikai 27 mm biezum\u0101, s\u0101nu profils ir 35 mm un sl\u0113pta sl\u0113dzene s\u0101nos. Tas ir piem\u0113rots sabiedrisk\u0101m viet\u0101m vai lieto\u0161anai \u0101rpus telp\u0101m zem nojumes. Stendam ir magn\u0113tiska pamatne. Pieejamie izm\u0113ri: 4*A4 6*A4 9*A4 &nbsp; Ra\u017eot\u0101ja inform\u0101cija Ja rodas jaut\u0101jumi, raksti:\u00a0support@wmt.lv\u00a0vai zvani:\u00a0+371 67 800830 &nbsp;","protected":false},"featured_media":13884,"template":"","meta":[],"product_brand":[],"product_cat":[1177],"product_tag":[727,614],"class_list":{"0":"post-13889","1":"product","2":"type-product","3":"status-publish","4":"has-post-thumbnail","6":"product_cat-showboard-stends","7":"product_tag-aluminija-stends","8":"product_tag-stends","10":"first","11":"instock","12":"shipping-taxable","13":"purchasable","14":"product-type-variable"},"yoast_head":"<!-- This site is optimized with the Yoast SEO plugin v27.4 - https:\/\/yoast.com\/product\/yoast-seo-wordpress\/ -->\n<title>Cosign showboard stends veikal\u0101 R\u012bg\u0101<\/title>\n<meta name=\"robots\" content=\"index, follow, max-snippet:-1, max-image-preview:large, max-video-preview:-1\" \/>\n<link rel=\"canonical\" href=\"https:\/\/wmtbaltic.lv\/Produkts\/showboard-stends\/\" \/>\n<meta property=\"og:locale\" content=\"en_US\" \/>\n<meta property=\"og:type\" content=\"article\" \/>\n<meta property=\"og:title\" content=\"Cosign showboard stends veikal\u0101 R\u012bg\u0101\" \/>\n<meta property=\"og:url\" content=\"https:\/\/wmtbaltic.lv\/Produkts\/showboard-stends\/\" \/>\n<meta property=\"og:site_name\" content=\"WMT Baltic\" \/>\n<meta property=\"article:publisher\" content=\"https:\/\/www.facebook.com\/WMT.Baltic.viscom\/?locale=lv_LV\" \/>\n<meta property=\"article:modified_time\" content=\"2022-10-11T09:46:56+00:00\" \/>\n<meta property=\"og:image\" content=\"http:\/\/wmtbaltic.lv\/wp-content\/uploads\/2022\/10\/main-universalshowboard.jpg\" \/>\n\t<meta property=\"og:image:width\" content=\"349\" \/>\n\t<meta property=\"og:image:height\" content=\"478\" \/>\n\t<meta property=\"og:image:type\" content=\"image\/jpeg\" \/>\n<meta name=\"twitter:card\" content=\"summary_large_image\" \/>\n<meta name=\"twitter:label1\" content=\"Est. reading time\" \/>\n\t<meta name=\"twitter:data1\" content=\"1 minute\" \/>\n<script type=\"application\/ld+json\" class=\"yoast-schema-graph\">{\"@context\":\"https:\\\/\\\/schema.org\",\"@graph\":[{\"@type\":\"WebPage\",\"@id\":\"https:\\\/\\\/wmtbaltic.lv\\\/Produkts\\\/showboard-stends\\\/\",\"url\":\"https:\\\/\\\/wmtbaltic.lv\\\/Produkts\\\/showboard-stends\\\/\",\"name\":\"Cosign showboard stends veikal\u0101 R\u012bg\u0101\",\"isPartOf\":{\"@id\":\"https:\\\/\\\/wmtbaltic.lv\\\/#website\"},\"primaryImageOfPage\":{\"@id\":\"https:\\\/\\\/wmtbaltic.lv\\\/Produkts\\\/showboard-stends\\\/#primaryimage\"},\"image\":{\"@id\":\"https:\\\/\\\/wmtbaltic.lv\\\/Produkts\\\/showboard-stends\\\/#primaryimage\"},\"thumbnailUrl\":\"https:\\\/\\\/wmtbaltic.lv\\\/wp-content\\\/uploads\\\/2022\\\/10\\\/main-universalshowboard.jpg\",\"datePublished\":\"2022-10-11T09:30:57+00:00\",\"dateModified\":\"2022-10-11T09:46:56+00:00\",\"breadcrumb\":{\"@id\":\"https:\\\/\\\/wmtbaltic.lv\\\/Produkts\\\/showboard-stends\\\/#breadcrumb\"},\"inLanguage\":\"en-US\",\"potentialAction\":[{\"@type\":\"ReadAction\",\"target\":[\"https:\\\/\\\/wmtbaltic.lv\\\/Produkts\\\/showboard-stends\\\/\"]}]},{\"@type\":\"ImageObject\",\"inLanguage\":\"en-US\",\"@id\":\"https:\\\/\\\/wmtbaltic.lv\\\/Produkts\\\/showboard-stends\\\/#primaryimage\",\"url\":\"https:\\\/\\\/wmtbaltic.lv\\\/wp-content\\\/uploads\\\/2022\\\/10\\\/main-universalshowboard.jpg\",\"contentUrl\":\"https:\\\/\\\/wmtbaltic.lv\\\/wp-content\\\/uploads\\\/2022\\\/10\\\/main-universalshowboard.jpg\",\"width\":349,\"height\":478},{\"@type\":\"BreadcrumbList\",\"@id\":\"https:\\\/\\\/wmtbaltic.lv\\\/Produkts\\\/showboard-stends\\\/#breadcrumb\",\"itemListElement\":[{\"@type\":\"ListItem\",\"position\":1,\"name\":\"Home\",\"item\":\"https:\\\/\\\/wmtbaltic.lv\\\/en\\\/\"},{\"@type\":\"ListItem\",\"position\":2,\"name\":\"Shop\",\"item\":\"https:\\\/\\\/wmtbaltic.lv\\\/shop\\\/\"},{\"@type\":\"ListItem\",\"position\":3,\"name\":\"Showboard stends\"}]},{\"@type\":\"WebSite\",\"@id\":\"https:\\\/\\\/wmtbaltic.lv\\\/#website\",\"url\":\"https:\\\/\\\/wmtbaltic.lv\\\/\",\"name\":\"WMT Baltic\",\"description\":\"Rekl\u0101mas produkti, pl\u0113ves\",\"publisher\":{\"@id\":\"https:\\\/\\\/wmtbaltic.lv\\\/#organization\"},\"potentialAction\":[{\"@type\":\"SearchAction\",\"target\":{\"@type\":\"EntryPoint\",\"urlTemplate\":\"https:\\\/\\\/wmtbaltic.lv\\\/?s={search_term_string}\"},\"query-input\":{\"@type\":\"PropertyValueSpecification\",\"valueRequired\":true,\"valueName\":\"search_term_string\"}}],\"inLanguage\":\"en-US\"},{\"@type\":\"Organization\",\"@id\":\"https:\\\/\\\/wmtbaltic.lv\\\/#organization\",\"name\":\"WMT Baltic\",\"url\":\"https:\\\/\\\/wmtbaltic.lv\\\/\",\"logo\":{\"@type\":\"ImageObject\",\"inLanguage\":\"en-US\",\"@id\":\"https:\\\/\\\/wmtbaltic.lv\\\/#\\\/schema\\\/logo\\\/image\\\/\",\"url\":\"https:\\\/\\\/wmtbaltic.lv\\\/wp-content\\\/uploads\\\/2024\\\/12\\\/wmt-baltic-sia_107142_9_420x180.jpg\",\"contentUrl\":\"https:\\\/\\\/wmtbaltic.lv\\\/wp-content\\\/uploads\\\/2024\\\/12\\\/wmt-baltic-sia_107142_9_420x180.jpg\",\"width\":420,\"height\":180,\"caption\":\"WMT Baltic\"},\"image\":{\"@id\":\"https:\\\/\\\/wmtbaltic.lv\\\/#\\\/schema\\\/logo\\\/image\\\/\"},\"sameAs\":[\"https:\\\/\\\/www.facebook.com\\\/WMT.Baltic.viscom\\\/?locale=lv_LV\",\"https:\\\/\\\/www.instagram.com\\\/viscom_wmt\\\/\"]}]}<\/script>\n<!-- \/ Yoast SEO plugin. -->","yoast_head_json":{"title":"Cosign showboard stends veikal\u0101 R\u012bg\u0101","robots":{"index":"index","follow":"follow","max-snippet":"max-snippet:-1","max-image-preview":"max-image-preview:large","max-video-preview":"max-video-preview:-1"},"canonical":"https:\/\/wmtbaltic.lv\/Produkts\/showboard-stends\/","og_locale":"en_US","og_type":"article","og_title":"Cosign showboard stends veikal\u0101 R\u012bg\u0101","og_url":"https:\/\/wmtbaltic.lv\/Produkts\/showboard-stends\/","og_site_name":"WMT Baltic","article_publisher":"https:\/\/www.facebook.com\/WMT.Baltic.viscom\/?locale=lv_LV","article_modified_time":"2022-10-11T09:46:56+00:00","og_image":[{"width":349,"height":478,"url":"http:\/\/wmtbaltic.lv\/wp-content\/uploads\/2022\/10\/main-universalshowboard.jpg","type":"image\/jpeg"}],"twitter_card":"summary_large_image","twitter_misc":{"Est. reading time":"1 minute"},"schema":{"@context":"https:\/\/schema.org","@graph":[{"@type":"WebPage","@id":"https:\/\/wmtbaltic.lv\/Produkts\/showboard-stends\/","url":"https:\/\/wmtbaltic.lv\/Produkts\/showboard-stends\/","name":"Cosign showboard stends veikal\u0101 R\u012bg\u0101","isPartOf":{"@id":"https:\/\/wmtbaltic.lv\/#website"},"primaryImageOfPage":{"@id":"https:\/\/wmtbaltic.lv\/Produkts\/showboard-stends\/#primaryimage"},"image":{"@id":"https:\/\/wmtbaltic.lv\/Produkts\/showboard-stends\/#primaryimage"},"thumbnailUrl":"https:\/\/wmtbaltic.lv\/wp-content\/uploads\/2022\/10\/main-universalshowboard.jpg","datePublished":"2022-10-11T09:30:57+00:00","dateModified":"2022-10-11T09:46:56+00:00","breadcrumb":{"@id":"https:\/\/wmtbaltic.lv\/Produkts\/showboard-stends\/#breadcrumb"},"inLanguage":"en-US","potentialAction":[{"@type":"ReadAction","target":["https:\/\/wmtbaltic.lv\/Produkts\/showboard-stends\/"]}]},{"@type":"ImageObject","inLanguage":"en-US","@id":"https:\/\/wmtbaltic.lv\/Produkts\/showboard-stends\/#primaryimage","url":"https:\/\/wmtbaltic.lv\/wp-content\/uploads\/2022\/10\/main-universalshowboard.jpg","contentUrl":"https:\/\/wmtbaltic.lv\/wp-content\/uploads\/2022\/10\/main-universalshowboard.jpg","width":349,"height":478},{"@type":"BreadcrumbList","@id":"https:\/\/wmtbaltic.lv\/Produkts\/showboard-stends\/#breadcrumb","itemListElement":[{"@type":"ListItem","position":1,"name":"Home","item":"https:\/\/wmtbaltic.lv\/en\/"},{"@type":"ListItem","position":2,"name":"Shop","item":"https:\/\/wmtbaltic.lv\/shop\/"},{"@type":"ListItem","position":3,"name":"Showboard stends"}]},{"@type":"WebSite","@id":"https:\/\/wmtbaltic.lv\/#website","url":"https:\/\/wmtbaltic.lv\/","name":"WMT Baltic","description":"Rekl\u0101mas produkti, pl\u0113ves","publisher":{"@id":"https:\/\/wmtbaltic.lv\/#organization"},"potentialAction":[{"@type":"SearchAction","target":{"@type":"EntryPoint","urlTemplate":"https:\/\/wmtbaltic.lv\/?s={search_term_string}"},"query-input":{"@type":"PropertyValueSpecification","valueRequired":true,"valueName":"search_term_string"}}],"inLanguage":"en-US"},{"@type":"Organization","@id":"https:\/\/wmtbaltic.lv\/#organization","name":"WMT Baltic","url":"https:\/\/wmtbaltic.lv\/","logo":{"@type":"ImageObject","inLanguage":"en-US","@id":"https:\/\/wmtbaltic.lv\/#\/schema\/logo\/image\/","url":"https:\/\/wmtbaltic.lv\/wp-content\/uploads\/2024\/12\/wmt-baltic-sia_107142_9_420x180.jpg","contentUrl":"https:\/\/wmtbaltic.lv\/wp-content\/uploads\/2024\/12\/wmt-baltic-sia_107142_9_420x180.jpg","width":420,"height":180,"caption":"WMT Baltic"},"image":{"@id":"https:\/\/wmtbaltic.lv\/#\/schema\/logo\/image\/"},"sameAs":["https:\/\/www.facebook.com\/WMT.Baltic.viscom\/?locale=lv_LV","https:\/\/www.instagram.com\/viscom_wmt\/"]}]}},"_links":{"self":[{"href":"https:\/\/wmtbaltic.lv\/en\/wp-json\/wp\/v2\/product\/13889","targetHints":{"allow":["GET"]}}],"collection":[{"href":"https:\/\/wmtbaltic.lv\/en\/wp-json\/wp\/v2\/product"}],"about":[{"href":"https:\/\/wmtbaltic.lv\/en\/wp-json\/wp\/v2\/types\/product"}],"wp:featuredmedia":[{"embeddable":true,"href":"https:\/\/wmtbaltic.lv\/en\/wp-json\/wp\/v2\/media\/13884"}],"wp:attachment":[{"href":"https:\/\/wmtbaltic.lv\/en\/wp-json\/wp\/v2\/media?parent=13889"}],"wp:term":[{"taxonomy":"product_brand","embeddable":true,"href":"https:\/\/wmtbaltic.lv\/en\/wp-json\/wp\/v2\/product_brand?post=13889"},{"taxonomy":"product_cat","embeddable":true,"href":"https:\/\/wmtbaltic.lv\/en\/wp-json\/wp\/v2\/product_cat?post=13889"},{"taxonomy":"product_tag","embeddable":true,"href":"https:\/\/wmtbaltic.lv\/en\/wp-json\/wp\/v2\/product_tag?post=13889"}],"curies":[{"name":"wp","href":"https:\/\/api.w.org\/{rel}","templated":true}]}}