{"id":1388,"date":"2020-07-22T10:58:26","date_gmt":"2020-07-22T10:58:26","guid":{"rendered":"http:\/\/wmtbaltic.lv\/\/?post_type=product&#038;p=1388"},"modified":"2020-07-22T10:58:46","modified_gmt":"2020-07-22T10:58:46","slug":"komapluss-pvc-loksnes-light","status":"publish","type":"product","link":"https:\/\/wmtbaltic.lv\/en\/product\/komapluss-pvc-loksnes-light\/","title":{"rendered":"K\u00f6maPLUSS PVC loksnes &#8220;LIGHT&#8221;"},"content":{"rendered":"<p><strong>Materi\u0101la izmanto\u0161ana:<\/strong><\/p>\n<p>&#8211; digit\u0101l\u0101 druka, sietspiede;<\/p>\n<p>&#8211; stendi, izk\u0101rtnes, model\u0113\u0161ana;<\/p>\n<p>&#8211;\u00a0b\u016bvniec\u012bba (ni\u0161u aizpild\u012b\u0161ana u.t.t.);<\/p>\n<p>&#8211; tirdzniec\u012bbas iek\u0101rtas;<\/p>\n<p align=\"justify\"><strong>Materi\u0101la kr\u0101sa:\u00a0<\/strong>Balta<\/p>\n<p align=\"justify\"><span style=\"color: #ff0000;\">* Materi\u0101lus grie\u017eam p\u0113c klienta piepras\u012bjuma<\/span><\/p>\n<p align=\"justify\"><span style=\"color: #ff0000;\">PVH lok\u0161\u0146u sal\u012bm\u0113\u0161anai m\u0113s rekomend\u0113jam izmantot l\u012bmi:<\/span><\/p>\n<p dir=\"ltr\" align=\"justify\"><span style=\"color: #ff0000;\">\u00a0\u00a0&#8211;\u00a0<\/span><span style=\"color: #ff0000;\">Cianakril\u0101ta l\u012bmes ar moment\u0101lo iedarb\u012bbu<\/span><\/p>\n<p dir=\"ltr\" align=\"justify\"><span style=\"color: #ff0000;\">\u00a0\u00a0&#8211;\u00a0<\/span><span style=\"color: #ff0000;\">COSMOFEN PMMA organisk\u0101 stikla sal\u012bm\u0113\u0161anai<\/span><\/p>\n<p dir=\"ltr\" align=\"justify\"><span style=\"color: #ff0000;\">\u00a0 &#8211;\u00a0<\/span><span style=\"color: #ff0000;\">COSMOFEN PLUS PVH lok\u0161\u0146u sal\u012bm\u0113\u0161anai<\/span><\/p>\n<p dir=\"ltr\" align=\"justify\"><span style=\"color: #ff0000;\">\u00a0 &#8211;\u00a0<\/span><span style=\"color: #ff0000;\">COSMOFEN 345 PVH sal\u012bm\u0113\u0161anai ar citiem materi\u0101liem<\/span><\/p>\n<p class=\"western\"><span style=\"font-family: Tahoma, sans-serif;\"><span style=\"font-size: small;\"><b>M\u0113s pied\u0101v\u0101jam ar\u012b:<\/b><\/span><\/span><span style=\"font-family: Tahoma, sans-serif;\"><span style=\"font-size: small;\">\u00a0putots lok\u0161\u0146u materi\u0101ls; triecieniztur\u012bgs materi\u0101ls; liets materi\u0101ls; \u0161\u016bnu polikarbon\u0101ts rekl\u0101mai; monopolikarbon\u0101ts; \u0161\u016bnu polikarbon\u0101ta aksesu\u0101ri; kompoz\u012btmateri\u0101ls; poliesters;\u00a0<\/span><\/span><span style=\"font-family: Tahoma, sans-serif;\"><span style=\"font-size: small;\"><span lang=\"en-US\">org<\/span><\/span><\/span><span style=\"font-family: Tahoma, sans-serif;\"><span style=\"font-size: small;\">stikls; polietil\u0113ns; \u0161\u016bnu polipropil\u0113ns; profili lok\u0161\u0146u plastik\u0101tiem; pl\u0101nie plastik\u0101ti; iepakojuma plastik\u0101ti; kompoz\u012btpane\u013ci; kr\u0101saini plastik\u0101ti; materi\u0101li tirdzniec\u012bbas vietu noform\u0113\u0161anai; stikl\u0161\u0137iedras karogu masti; plastik\u0101tu izstr\u0101d\u0101jumi; iepakojums; rekl\u0101mas materi\u0101li; polikarbon\u0101ts siltumn\u012bc\u0101m; materi\u0101li nojum\u0113m; plastik\u0101ti starpsien\u0101m; mat\u0113ts organiskais stikls;\u00a0 PET; PETG; PP; PS; PVC; PC; PE; PMMA; ABS; plastik\u0101ti noform\u0113\u0161anai; plastik\u0101ti grav\u0113\u0161anai; plastik\u0101ti apdrukai; plastik\u0101ts balkona marg\u0101m; ton\u0113ts organiskais stikls; plastik\u0101ts digit\u0101lajai drukai; apdares materi\u0101ls; celtniec\u012bbas materi\u0101li; plastik\u0101tu grie\u0161ana; plastik\u0101tu loc\u012b\u0161ana; karogu masti; karogi; \u0161\u016bnu polikarbon\u0101ts.<\/span><\/span><\/p>\n<div><strong><a href=\"http:\/\/wmtbaltic.lv\/\/wp-content\/uploads\/2020\/07\/KOMAPLUSS.pdf\" target=\"_blank\" rel=\"noopener noreferrer\"><img loading=\"lazy\" decoding=\"async\" class=\"alignnone wp-image-914 size-full\" src=\"http:\/\/wmtbaltic.lv\/\/wp-content\/uploads\/2020\/07\/pdf-1.png\" alt=\"\" width=\"30\" height=\"36\" \/><\/a><a href=\"http:\/\/wmtbaltic.lv\/\/wp-content\/uploads\/2020\/07\/KOMAPLUSS.pdf\" target=\"_blank\" rel=\"noopener noreferrer\">Tehniskais apraksts<\/a><\/strong><\/div>\n<p align=\"justify\">\n","protected":false},"excerpt":{"rendered":"<p align=\"left\"><strong><span style=\"font-size: medium;\">K\u00f6maPlus\u00a0PVC loksnes\u00a0(\"Light\")<\/span><\/strong><\/p>\r\n<p align=\"justify\"><strong>Materi\u0101la apraksts:<\/strong><\/p>\r\n<p align=\"justify\">Viendab\u012bgas putotas PVC loksnes, balt\u0101 kr\u0101s\u0101, ar mat\u0113tu virsmu.<\/p>\r\n<p align=\"justify\">K\u00d6MATEX atvieglotais variants - biezums K\u00d6MAPLUSS 0.45 g\/cm\u00b3, ar UV aizsardz\u012bbu, viegli apstr\u0101d\u0101jams ar parastiem instrumentiem.<\/p>","protected":false},"featured_media":1391,"template":"","meta":[],"product_brand":[],"product_cat":[83],"product_tag":[],"class_list":{"0":"post-1388","1":"product","2":"type-product","3":"status-publish","4":"has-post-thumbnail","6":"product_cat-uncategorized-lv","8":"first","9":"instock","10":"shipping-taxable","11":"product-type-simple"},"yoast_head":"<!-- This site is optimized with the Yoast SEO plugin v27.4 - https:\/\/yoast.com\/product\/yoast-seo-wordpress\/ -->\n<title>K\u00f6maPLUSS PVC loksnes &quot;LIGHT&quot; - WMT Baltic<\/title>\n<meta name=\"robots\" content=\"index, follow, max-snippet:-1, max-image-preview:large, max-video-preview:-1\" \/>\n<link rel=\"canonical\" href=\"https:\/\/wmtbaltic.lv\/Produkts\/komapluss-pvc-loksnes-light\/\" \/>\n<meta property=\"og:locale\" content=\"en_US\" \/>\n<meta property=\"og:type\" content=\"article\" \/>\n<meta property=\"og:title\" content=\"K\u00f6maPLUSS PVC loksnes &quot;LIGHT&quot; - WMT Baltic\" \/>\n<meta property=\"og:description\" content=\"K\u00f6maPlus\u00a0PVC loksnes\u00a0(&quot;Light&quot;) Materi\u0101la apraksts: Viendab\u012bgas putotas PVC loksnes, balt\u0101 kr\u0101s\u0101, ar mat\u0113tu virsmu. K\u00d6MATEX atvieglotais variants - biezums K\u00d6MAPLUSS 0.45 g\/cm\u00b3, ar UV aizsardz\u012bbu, viegli apstr\u0101d\u0101jams ar parastiem instrumentiem.\" \/>\n<meta property=\"og:url\" content=\"https:\/\/wmtbaltic.lv\/Produkts\/komapluss-pvc-loksnes-light\/\" \/>\n<meta property=\"og:site_name\" content=\"WMT Baltic\" \/>\n<meta property=\"article:publisher\" content=\"https:\/\/www.facebook.com\/WMT.Baltic.viscom\/?locale=lv_LV\" \/>\n<meta property=\"article:modified_time\" content=\"2020-07-22T10:58:46+00:00\" \/>\n<meta property=\"og:image\" content=\"https:\/\/wmtbaltic.lv\/wp-content\/uploads\/2020\/07\/K\u00f6maPLUSS-PVC-loksnes-LIGHT.gif\" \/>\n\t<meta property=\"og:image:width\" content=\"500\" \/>\n\t<meta property=\"og:image:height\" content=\"337\" \/>\n\t<meta property=\"og:image:type\" content=\"image\/gif\" \/>\n<meta name=\"twitter:card\" content=\"summary_large_image\" \/>\n<meta name=\"twitter:label1\" content=\"Est. reading time\" \/>\n\t<meta name=\"twitter:data1\" content=\"1 minute\" \/>\n<script type=\"application\/ld+json\" class=\"yoast-schema-graph\">{\"@context\":\"https:\\\/\\\/schema.org\",\"@graph\":[{\"@type\":\"WebPage\",\"@id\":\"https:\\\/\\\/wmtbaltic.lv\\\/Produkts\\\/komapluss-pvc-loksnes-light\\\/\",\"url\":\"https:\\\/\\\/wmtbaltic.lv\\\/Produkts\\\/komapluss-pvc-loksnes-light\\\/\",\"name\":\"K\u00f6maPLUSS PVC loksnes \\\"LIGHT\\\" - WMT Baltic\",\"isPartOf\":{\"@id\":\"https:\\\/\\\/wmtbaltic.lv\\\/#website\"},\"primaryImageOfPage\":{\"@id\":\"https:\\\/\\\/wmtbaltic.lv\\\/Produkts\\\/komapluss-pvc-loksnes-light\\\/#primaryimage\"},\"image\":{\"@id\":\"https:\\\/\\\/wmtbaltic.lv\\\/Produkts\\\/komapluss-pvc-loksnes-light\\\/#primaryimage\"},\"thumbnailUrl\":\"https:\\\/\\\/wmtbaltic.lv\\\/wp-content\\\/uploads\\\/2020\\\/07\\\/K\u00f6maPLUSS-PVC-loksnes-LIGHT.gif\",\"datePublished\":\"2020-07-22T10:58:26+00:00\",\"dateModified\":\"2020-07-22T10:58:46+00:00\",\"breadcrumb\":{\"@id\":\"https:\\\/\\\/wmtbaltic.lv\\\/Produkts\\\/komapluss-pvc-loksnes-light\\\/#breadcrumb\"},\"inLanguage\":\"en-US\",\"potentialAction\":[{\"@type\":\"ReadAction\",\"target\":[\"https:\\\/\\\/wmtbaltic.lv\\\/Produkts\\\/komapluss-pvc-loksnes-light\\\/\"]}]},{\"@type\":\"ImageObject\",\"inLanguage\":\"en-US\",\"@id\":\"https:\\\/\\\/wmtbaltic.lv\\\/Produkts\\\/komapluss-pvc-loksnes-light\\\/#primaryimage\",\"url\":\"https:\\\/\\\/wmtbaltic.lv\\\/wp-content\\\/uploads\\\/2020\\\/07\\\/K\u00f6maPLUSS-PVC-loksnes-LIGHT.gif\",\"contentUrl\":\"https:\\\/\\\/wmtbaltic.lv\\\/wp-content\\\/uploads\\\/2020\\\/07\\\/K\u00f6maPLUSS-PVC-loksnes-LIGHT.gif\",\"width\":500,\"height\":337},{\"@type\":\"BreadcrumbList\",\"@id\":\"https:\\\/\\\/wmtbaltic.lv\\\/Produkts\\\/komapluss-pvc-loksnes-light\\\/#breadcrumb\",\"itemListElement\":[{\"@type\":\"ListItem\",\"position\":1,\"name\":\"Home\",\"item\":\"https:\\\/\\\/wmtbaltic.lv\\\/en\\\/\"},{\"@type\":\"ListItem\",\"position\":2,\"name\":\"Shop\",\"item\":\"https:\\\/\\\/wmtbaltic.lv\\\/shop\\\/\"},{\"@type\":\"ListItem\",\"position\":3,\"name\":\"K\u00f6maPLUSS PVC loksnes &#8220;LIGHT&#8221;\"}]},{\"@type\":\"WebSite\",\"@id\":\"https:\\\/\\\/wmtbaltic.lv\\\/#website\",\"url\":\"https:\\\/\\\/wmtbaltic.lv\\\/\",\"name\":\"WMT Baltic\",\"description\":\"Rekl\u0101mas produkti, pl\u0113ves\",\"publisher\":{\"@id\":\"https:\\\/\\\/wmtbaltic.lv\\\/#organization\"},\"potentialAction\":[{\"@type\":\"SearchAction\",\"target\":{\"@type\":\"EntryPoint\",\"urlTemplate\":\"https:\\\/\\\/wmtbaltic.lv\\\/?s={search_term_string}\"},\"query-input\":{\"@type\":\"PropertyValueSpecification\",\"valueRequired\":true,\"valueName\":\"search_term_string\"}}],\"inLanguage\":\"en-US\"},{\"@type\":\"Organization\",\"@id\":\"https:\\\/\\\/wmtbaltic.lv\\\/#organization\",\"name\":\"WMT Baltic\",\"url\":\"https:\\\/\\\/wmtbaltic.lv\\\/\",\"logo\":{\"@type\":\"ImageObject\",\"inLanguage\":\"en-US\",\"@id\":\"https:\\\/\\\/wmtbaltic.lv\\\/#\\\/schema\\\/logo\\\/image\\\/\",\"url\":\"https:\\\/\\\/wmtbaltic.lv\\\/wp-content\\\/uploads\\\/2024\\\/12\\\/wmt-baltic-sia_107142_9_420x180.jpg\",\"contentUrl\":\"https:\\\/\\\/wmtbaltic.lv\\\/wp-content\\\/uploads\\\/2024\\\/12\\\/wmt-baltic-sia_107142_9_420x180.jpg\",\"width\":420,\"height\":180,\"caption\":\"WMT Baltic\"},\"image\":{\"@id\":\"https:\\\/\\\/wmtbaltic.lv\\\/#\\\/schema\\\/logo\\\/image\\\/\"},\"sameAs\":[\"https:\\\/\\\/www.facebook.com\\\/WMT.Baltic.viscom\\\/?locale=lv_LV\",\"https:\\\/\\\/www.instagram.com\\\/viscom_wmt\\\/\"]}]}<\/script>\n<!-- \/ Yoast SEO plugin. -->","yoast_head_json":{"title":"K\u00f6maPLUSS PVC loksnes \"LIGHT\" - WMT Baltic","robots":{"index":"index","follow":"follow","max-snippet":"max-snippet:-1","max-image-preview":"max-image-preview:large","max-video-preview":"max-video-preview:-1"},"canonical":"https:\/\/wmtbaltic.lv\/Produkts\/komapluss-pvc-loksnes-light\/","og_locale":"en_US","og_type":"article","og_title":"K\u00f6maPLUSS PVC loksnes \"LIGHT\" - WMT Baltic","og_description":"K\u00f6maPlus\u00a0PVC loksnes\u00a0(\"Light\") Materi\u0101la apraksts: Viendab\u012bgas putotas PVC loksnes, balt\u0101 kr\u0101s\u0101, ar mat\u0113tu virsmu. K\u00d6MATEX atvieglotais variants - biezums K\u00d6MAPLUSS 0.45 g\/cm\u00b3, ar UV aizsardz\u012bbu, viegli apstr\u0101d\u0101jams ar parastiem instrumentiem.","og_url":"https:\/\/wmtbaltic.lv\/Produkts\/komapluss-pvc-loksnes-light\/","og_site_name":"WMT Baltic","article_publisher":"https:\/\/www.facebook.com\/WMT.Baltic.viscom\/?locale=lv_LV","article_modified_time":"2020-07-22T10:58:46+00:00","og_image":[{"width":500,"height":337,"url":"https:\/\/wmtbaltic.lv\/wp-content\/uploads\/2020\/07\/K\u00f6maPLUSS-PVC-loksnes-LIGHT.gif","type":"image\/gif"}],"twitter_card":"summary_large_image","twitter_misc":{"Est. reading time":"1 minute"},"schema":{"@context":"https:\/\/schema.org","@graph":[{"@type":"WebPage","@id":"https:\/\/wmtbaltic.lv\/Produkts\/komapluss-pvc-loksnes-light\/","url":"https:\/\/wmtbaltic.lv\/Produkts\/komapluss-pvc-loksnes-light\/","name":"K\u00f6maPLUSS PVC loksnes \"LIGHT\" - WMT Baltic","isPartOf":{"@id":"https:\/\/wmtbaltic.lv\/#website"},"primaryImageOfPage":{"@id":"https:\/\/wmtbaltic.lv\/Produkts\/komapluss-pvc-loksnes-light\/#primaryimage"},"image":{"@id":"https:\/\/wmtbaltic.lv\/Produkts\/komapluss-pvc-loksnes-light\/#primaryimage"},"thumbnailUrl":"https:\/\/wmtbaltic.lv\/wp-content\/uploads\/2020\/07\/K\u00f6maPLUSS-PVC-loksnes-LIGHT.gif","datePublished":"2020-07-22T10:58:26+00:00","dateModified":"2020-07-22T10:58:46+00:00","breadcrumb":{"@id":"https:\/\/wmtbaltic.lv\/Produkts\/komapluss-pvc-loksnes-light\/#breadcrumb"},"inLanguage":"en-US","potentialAction":[{"@type":"ReadAction","target":["https:\/\/wmtbaltic.lv\/Produkts\/komapluss-pvc-loksnes-light\/"]}]},{"@type":"ImageObject","inLanguage":"en-US","@id":"https:\/\/wmtbaltic.lv\/Produkts\/komapluss-pvc-loksnes-light\/#primaryimage","url":"https:\/\/wmtbaltic.lv\/wp-content\/uploads\/2020\/07\/K\u00f6maPLUSS-PVC-loksnes-LIGHT.gif","contentUrl":"https:\/\/wmtbaltic.lv\/wp-content\/uploads\/2020\/07\/K\u00f6maPLUSS-PVC-loksnes-LIGHT.gif","width":500,"height":337},{"@type":"BreadcrumbList","@id":"https:\/\/wmtbaltic.lv\/Produkts\/komapluss-pvc-loksnes-light\/#breadcrumb","itemListElement":[{"@type":"ListItem","position":1,"name":"Home","item":"https:\/\/wmtbaltic.lv\/en\/"},{"@type":"ListItem","position":2,"name":"Shop","item":"https:\/\/wmtbaltic.lv\/shop\/"},{"@type":"ListItem","position":3,"name":"K\u00f6maPLUSS PVC loksnes &#8220;LIGHT&#8221;"}]},{"@type":"WebSite","@id":"https:\/\/wmtbaltic.lv\/#website","url":"https:\/\/wmtbaltic.lv\/","name":"WMT Baltic","description":"Rekl\u0101mas produkti, pl\u0113ves","publisher":{"@id":"https:\/\/wmtbaltic.lv\/#organization"},"potentialAction":[{"@type":"SearchAction","target":{"@type":"EntryPoint","urlTemplate":"https:\/\/wmtbaltic.lv\/?s={search_term_string}"},"query-input":{"@type":"PropertyValueSpecification","valueRequired":true,"valueName":"search_term_string"}}],"inLanguage":"en-US"},{"@type":"Organization","@id":"https:\/\/wmtbaltic.lv\/#organization","name":"WMT Baltic","url":"https:\/\/wmtbaltic.lv\/","logo":{"@type":"ImageObject","inLanguage":"en-US","@id":"https:\/\/wmtbaltic.lv\/#\/schema\/logo\/image\/","url":"https:\/\/wmtbaltic.lv\/wp-content\/uploads\/2024\/12\/wmt-baltic-sia_107142_9_420x180.jpg","contentUrl":"https:\/\/wmtbaltic.lv\/wp-content\/uploads\/2024\/12\/wmt-baltic-sia_107142_9_420x180.jpg","width":420,"height":180,"caption":"WMT Baltic"},"image":{"@id":"https:\/\/wmtbaltic.lv\/#\/schema\/logo\/image\/"},"sameAs":["https:\/\/www.facebook.com\/WMT.Baltic.viscom\/?locale=lv_LV","https:\/\/www.instagram.com\/viscom_wmt\/"]}]}},"_links":{"self":[{"href":"https:\/\/wmtbaltic.lv\/en\/wp-json\/wp\/v2\/product\/1388","targetHints":{"allow":["GET"]}}],"collection":[{"href":"https:\/\/wmtbaltic.lv\/en\/wp-json\/wp\/v2\/product"}],"about":[{"href":"https:\/\/wmtbaltic.lv\/en\/wp-json\/wp\/v2\/types\/product"}],"wp:featuredmedia":[{"embeddable":true,"href":"https:\/\/wmtbaltic.lv\/en\/wp-json\/wp\/v2\/media\/1391"}],"wp:attachment":[{"href":"https:\/\/wmtbaltic.lv\/en\/wp-json\/wp\/v2\/media?parent=1388"}],"wp:term":[{"taxonomy":"product_brand","embeddable":true,"href":"https:\/\/wmtbaltic.lv\/en\/wp-json\/wp\/v2\/product_brand?post=1388"},{"taxonomy":"product_cat","embeddable":true,"href":"https:\/\/wmtbaltic.lv\/en\/wp-json\/wp\/v2\/product_cat?post=1388"},{"taxonomy":"product_tag","embeddable":true,"href":"https:\/\/wmtbaltic.lv\/en\/wp-json\/wp\/v2\/product_tag?post=1388"}],"curies":[{"name":"wp","href":"https:\/\/api.w.org\/{rel}","templated":true}]}}