{"id":1382,"date":"2020-07-22T10:47:26","date_gmt":"2020-07-22T10:47:26","guid":{"rendered":"http:\/\/wmtbaltic.lv\/\/?post_type=product&#038;p=1382"},"modified":"2021-02-24T13:06:30","modified_gmt":"2021-02-24T13:06:30","slug":"kartons-apdrukai-2","status":"publish","type":"product","link":"https:\/\/wmtbaltic.lv\/en\/product\/kartons-apdrukai-2\/","title":{"rendered":"Kartons apdrukai"},"content":{"rendered":"<p><strong>Priek\u0161roc\u012bbas:<\/strong><\/p>\n<ul>\n<li>videi draudz\u012bgs materi\u0101ls<\/li>\n<li>p\u0101rstr\u0101d\u0101jams materi\u0101ls<\/li>\n<li>lieliskas druk\u0101\u0161anas \u012bpa\u0161\u012bbas<\/li>\n<li>druka uz ab\u0101m pus\u0113m<\/li>\n<li>augsts bl\u012bvums ar mazu svaru<\/li>\n<li>prec\u012bza, taisna grie\u0161ana<\/li>\n<li>druka ar UV plan\u0161etprinteriem<\/li>\n<\/ul>\n<p><strong>Izmanto\u0161ana:<\/strong><\/p>\n<ul>\n<li>POS displeji<\/li>\n<li>rekl\u0101ma<\/li>\n<li>dekor\u0101cijas<\/li>\n<li>nor\u0101\u017eu z\u012bmes<\/li>\n<li>iepakojums<\/li>\n<li>mode\u013cu veido\u0161ana<\/li>\n<li>interjera elementi<\/li>\n<\/ul>\n<p><strong>Katz Board kartons:<\/strong><\/p>\n<p>dabiskas kr\u0101sas nelamin\u0113ta kok\u0161\u0137iedras pl\u0101ksne, piem\u0113rota ofseta drukai, UV drukai, sietspiedei. Izmanto\u0161ana: \u00a0POS displeji, rekl\u0101ma, dekor\u0101cijas, nor\u0101\u017eu z\u012bmes, iepakojums, mode\u013cu veido\u0161ana, interjera elementi.<\/p>\n<p><strong>Katz Board Digi:\u00a0<\/strong><\/p>\n<p>balta, mat\u0113ta, lamin\u0113ta kok\u0161\u0137iedras pl\u0101ksne, piem\u0113rota ofseta drukai, UV drukai, sietspiedei. Izmanto\u0161ana: \u00a0POS displeji, rekl\u0101ma, dekor\u0101cijas, nor\u0101\u017eu z\u012bmes, iepakojums, mode\u013cu veido\u0161ana, interjera elementi.<\/p>\n<p><strong>Katz Board Black kartons:<\/strong><\/p>\n<p>melna, mat\u0113ta, lamin\u0113ta kok\u0161\u0137iedras pl\u0101ksne, piem\u0113rota ofseta drukai, UV drukai, sietspiedei. Izmanto\u0161ana: \u00a0POS displeji, rekl\u0101ma, dekor\u0101cijas, nor\u0101\u017eu z\u012bmes, iepakojums, mode\u013cu veido\u0161ana, interjera elementi.<\/p>\n<p>&nbsp;<\/p>\n<p><strong>M\u0113s pied\u0101v\u0101jam ar\u012b:<\/strong>\u00a0putots lok\u0161\u0146u materi\u0101ls; triecieniztur\u012bgs materi\u0101ls; liets materi\u0101ls; \u0161\u016bnu polikarbon\u0101ts rekl\u0101mai; monopolikarbon\u0101ts; \u0161\u016bnu polikarbon\u0101ta aksesu\u0101ri; kompoz\u012btmateri\u0101ls; poliesters;\u00a0orgstikls; polietil\u0113ns; \u0161\u016bnu polipropil\u0113ns; profili lok\u0161\u0146u plastik\u0101tiem; pl\u0101nie plastik\u0101ti; iepakojuma plastik\u0101ti; kompoz\u012btpane\u013ci; kr\u0101saini plastik\u0101ti; materi\u0101li tirdzniec\u012bbas vietu noform\u0113\u0161anai; stikl\u0161\u0137iedras karogu masti; plastik\u0101tu izstr\u0101d\u0101jumi; iepakojums; rekl\u0101mas materi\u0101li; polikarbon\u0101ts siltumn\u012bc\u0101m; materi\u0101li nojum\u0113m; plastik\u0101ti starpsien\u0101m; mat\u0113ts organiskais stikls;\u00a0 PET; PETG; PP; PS; PVC; PC; PE; PMMA; ABS; plastik\u0101ti noform\u0113\u0161anai; plastik\u0101ti grav\u0113\u0161anai; plastik\u0101ti apdrukai; plastik\u0101ts balkona marg\u0101m; ton\u0113ts organiskais stikls; plastik\u0101ts digit\u0101lajai drukai; apdares materi\u0101ls; celtniec\u012bbas materi\u0101li; plastik\u0101tu grie\u0161ana; plastik\u0101tu loc\u012b\u0161ana; karogu masti; karogi; \u0161\u016bnu polikarbon\u0101ts.<\/p>\n<p><strong><a href=\"http:\/\/wmtbaltic.lv\/\/wp-content\/uploads\/2020\/07\/Display-Board-1.pdf\" target=\"_blank\" rel=\"noopener noreferrer\"><img loading=\"lazy\" decoding=\"async\" class=\"alignnone wp-image-914 size-full\" src=\"http:\/\/wmtbaltic.lv\/\/wp-content\/uploads\/2020\/07\/pdf-1.png\" alt=\"\" width=\"30\" height=\"36\" \/><\/a><a href=\"http:\/\/wmtbaltic.lv\/\/wp-content\/uploads\/2020\/07\/Display-Board-1.pdf\" target=\"_blank\" rel=\"noopener noreferrer\">Tehniskais apraksts<\/a><\/strong><\/p>\n","protected":false},"excerpt":{"rendered":"<p style=\"font-weight: 400;\"><strong>Sazinieties ar m\u016bsu mened\u017eeri, zvanot uz\u00a0<\/strong><strong>+371 29353777<\/strong><\/p>\r\n<p style=\"font-weight: 400;\">Display Board kartons ir augstas kvalit\u0101tes produkcija, piem\u0113rota izk\u0101rt\u0146u veido\u0161anai un citiem POS risin\u0101jumiem.\u00a0Videi draudz\u012bga alternat\u012bva t\u0101diem POS materi\u0101liem, k\u0101 putukartons un PVC pl\u0101ksnes.<\/p>","protected":false},"featured_media":1383,"template":"","meta":[],"product_brand":[],"product_cat":[328],"product_tag":[],"class_list":{"0":"post-1382","1":"product","2":"type-product","3":"status-publish","4":"has-post-thumbnail","6":"product_cat-kartons-apdrukai","8":"first","9":"instock","10":"shipping-taxable","11":"product-type-simple"},"yoast_head":"<!-- This site is optimized with the Yoast SEO plugin v27.4 - https:\/\/yoast.com\/product\/yoast-seo-wordpress\/ -->\n<title>Kartons apdrukai - WMT Baltic<\/title>\n<meta name=\"robots\" content=\"index, follow, max-snippet:-1, max-image-preview:large, max-video-preview:-1\" \/>\n<link rel=\"canonical\" href=\"https:\/\/wmtbaltic.lv\/Produkts\/kartons-apdrukai-2\/\" \/>\n<meta property=\"og:locale\" content=\"en_US\" \/>\n<meta property=\"og:type\" content=\"article\" \/>\n<meta property=\"og:title\" content=\"Kartons apdrukai - WMT Baltic\" \/>\n<meta property=\"og:description\" content=\"Sazinieties ar m\u016bsu mened\u017eeri, zvanot uz\u00a0+371 29353777 Display Board kartons ir augstas kvalit\u0101tes produkcija, piem\u0113rota izk\u0101rt\u0146u veido\u0161anai un citiem POS risin\u0101jumiem.\u00a0Videi draudz\u012bga alternat\u012bva t\u0101diem POS materi\u0101liem, k\u0101 putukartons un PVC pl\u0101ksnes.\" \/>\n<meta property=\"og:url\" content=\"https:\/\/wmtbaltic.lv\/Produkts\/kartons-apdrukai-2\/\" \/>\n<meta property=\"og:site_name\" content=\"WMT Baltic\" \/>\n<meta property=\"article:publisher\" content=\"https:\/\/www.facebook.com\/WMT.Baltic.viscom\/?locale=lv_LV\" \/>\n<meta property=\"article:modified_time\" content=\"2021-02-24T13:06:30+00:00\" \/>\n<meta property=\"og:image\" content=\"https:\/\/wmtbaltic.lv\/wp-content\/uploads\/2020\/07\/Kartons-apdrukai_1-1.jpg\" \/>\n\t<meta property=\"og:image:width\" content=\"500\" \/>\n\t<meta property=\"og:image:height\" content=\"270\" \/>\n\t<meta property=\"og:image:type\" content=\"image\/jpeg\" \/>\n<meta name=\"twitter:card\" content=\"summary_large_image\" \/>\n<meta name=\"twitter:label1\" content=\"Est. reading time\" \/>\n\t<meta name=\"twitter:data1\" content=\"2 minutes\" \/>\n<script type=\"application\/ld+json\" class=\"yoast-schema-graph\">{\"@context\":\"https:\\\/\\\/schema.org\",\"@graph\":[{\"@type\":\"WebPage\",\"@id\":\"https:\\\/\\\/wmtbaltic.lv\\\/Produkts\\\/kartons-apdrukai-2\\\/\",\"url\":\"https:\\\/\\\/wmtbaltic.lv\\\/Produkts\\\/kartons-apdrukai-2\\\/\",\"name\":\"Kartons apdrukai - WMT Baltic\",\"isPartOf\":{\"@id\":\"https:\\\/\\\/wmtbaltic.lv\\\/#website\"},\"primaryImageOfPage\":{\"@id\":\"https:\\\/\\\/wmtbaltic.lv\\\/Produkts\\\/kartons-apdrukai-2\\\/#primaryimage\"},\"image\":{\"@id\":\"https:\\\/\\\/wmtbaltic.lv\\\/Produkts\\\/kartons-apdrukai-2\\\/#primaryimage\"},\"thumbnailUrl\":\"https:\\\/\\\/wmtbaltic.lv\\\/wp-content\\\/uploads\\\/2020\\\/07\\\/Kartons-apdrukai_1-1.jpg\",\"datePublished\":\"2020-07-22T10:47:26+00:00\",\"dateModified\":\"2021-02-24T13:06:30+00:00\",\"breadcrumb\":{\"@id\":\"https:\\\/\\\/wmtbaltic.lv\\\/Produkts\\\/kartons-apdrukai-2\\\/#breadcrumb\"},\"inLanguage\":\"en-US\",\"potentialAction\":[{\"@type\":\"ReadAction\",\"target\":[\"https:\\\/\\\/wmtbaltic.lv\\\/Produkts\\\/kartons-apdrukai-2\\\/\"]}]},{\"@type\":\"ImageObject\",\"inLanguage\":\"en-US\",\"@id\":\"https:\\\/\\\/wmtbaltic.lv\\\/Produkts\\\/kartons-apdrukai-2\\\/#primaryimage\",\"url\":\"https:\\\/\\\/wmtbaltic.lv\\\/wp-content\\\/uploads\\\/2020\\\/07\\\/Kartons-apdrukai_1-1.jpg\",\"contentUrl\":\"https:\\\/\\\/wmtbaltic.lv\\\/wp-content\\\/uploads\\\/2020\\\/07\\\/Kartons-apdrukai_1-1.jpg\",\"width\":500,\"height\":270},{\"@type\":\"BreadcrumbList\",\"@id\":\"https:\\\/\\\/wmtbaltic.lv\\\/Produkts\\\/kartons-apdrukai-2\\\/#breadcrumb\",\"itemListElement\":[{\"@type\":\"ListItem\",\"position\":1,\"name\":\"Home\",\"item\":\"https:\\\/\\\/wmtbaltic.lv\\\/en\\\/\"},{\"@type\":\"ListItem\",\"position\":2,\"name\":\"Shop\",\"item\":\"https:\\\/\\\/wmtbaltic.lv\\\/shop\\\/\"},{\"@type\":\"ListItem\",\"position\":3,\"name\":\"Kartons apdrukai\"}]},{\"@type\":\"WebSite\",\"@id\":\"https:\\\/\\\/wmtbaltic.lv\\\/#website\",\"url\":\"https:\\\/\\\/wmtbaltic.lv\\\/\",\"name\":\"WMT Baltic\",\"description\":\"Rekl\u0101mas produkti, pl\u0113ves\",\"publisher\":{\"@id\":\"https:\\\/\\\/wmtbaltic.lv\\\/#organization\"},\"potentialAction\":[{\"@type\":\"SearchAction\",\"target\":{\"@type\":\"EntryPoint\",\"urlTemplate\":\"https:\\\/\\\/wmtbaltic.lv\\\/?s={search_term_string}\"},\"query-input\":{\"@type\":\"PropertyValueSpecification\",\"valueRequired\":true,\"valueName\":\"search_term_string\"}}],\"inLanguage\":\"en-US\"},{\"@type\":\"Organization\",\"@id\":\"https:\\\/\\\/wmtbaltic.lv\\\/#organization\",\"name\":\"WMT Baltic\",\"url\":\"https:\\\/\\\/wmtbaltic.lv\\\/\",\"logo\":{\"@type\":\"ImageObject\",\"inLanguage\":\"en-US\",\"@id\":\"https:\\\/\\\/wmtbaltic.lv\\\/#\\\/schema\\\/logo\\\/image\\\/\",\"url\":\"https:\\\/\\\/wmtbaltic.lv\\\/wp-content\\\/uploads\\\/2024\\\/12\\\/wmt-baltic-sia_107142_9_420x180.jpg\",\"contentUrl\":\"https:\\\/\\\/wmtbaltic.lv\\\/wp-content\\\/uploads\\\/2024\\\/12\\\/wmt-baltic-sia_107142_9_420x180.jpg\",\"width\":420,\"height\":180,\"caption\":\"WMT Baltic\"},\"image\":{\"@id\":\"https:\\\/\\\/wmtbaltic.lv\\\/#\\\/schema\\\/logo\\\/image\\\/\"},\"sameAs\":[\"https:\\\/\\\/www.facebook.com\\\/WMT.Baltic.viscom\\\/?locale=lv_LV\",\"https:\\\/\\\/www.instagram.com\\\/viscom_wmt\\\/\"]}]}<\/script>\n<!-- \/ Yoast SEO plugin. -->","yoast_head_json":{"title":"Kartons apdrukai - WMT Baltic","robots":{"index":"index","follow":"follow","max-snippet":"max-snippet:-1","max-image-preview":"max-image-preview:large","max-video-preview":"max-video-preview:-1"},"canonical":"https:\/\/wmtbaltic.lv\/Produkts\/kartons-apdrukai-2\/","og_locale":"en_US","og_type":"article","og_title":"Kartons apdrukai - WMT Baltic","og_description":"Sazinieties ar m\u016bsu mened\u017eeri, zvanot uz\u00a0+371 29353777 Display Board kartons ir augstas kvalit\u0101tes produkcija, piem\u0113rota izk\u0101rt\u0146u veido\u0161anai un citiem POS risin\u0101jumiem.\u00a0Videi draudz\u012bga alternat\u012bva t\u0101diem POS materi\u0101liem, k\u0101 putukartons un PVC pl\u0101ksnes.","og_url":"https:\/\/wmtbaltic.lv\/Produkts\/kartons-apdrukai-2\/","og_site_name":"WMT Baltic","article_publisher":"https:\/\/www.facebook.com\/WMT.Baltic.viscom\/?locale=lv_LV","article_modified_time":"2021-02-24T13:06:30+00:00","og_image":[{"width":500,"height":270,"url":"https:\/\/wmtbaltic.lv\/wp-content\/uploads\/2020\/07\/Kartons-apdrukai_1-1.jpg","type":"image\/jpeg"}],"twitter_card":"summary_large_image","twitter_misc":{"Est. reading time":"2 minutes"},"schema":{"@context":"https:\/\/schema.org","@graph":[{"@type":"WebPage","@id":"https:\/\/wmtbaltic.lv\/Produkts\/kartons-apdrukai-2\/","url":"https:\/\/wmtbaltic.lv\/Produkts\/kartons-apdrukai-2\/","name":"Kartons apdrukai - WMT Baltic","isPartOf":{"@id":"https:\/\/wmtbaltic.lv\/#website"},"primaryImageOfPage":{"@id":"https:\/\/wmtbaltic.lv\/Produkts\/kartons-apdrukai-2\/#primaryimage"},"image":{"@id":"https:\/\/wmtbaltic.lv\/Produkts\/kartons-apdrukai-2\/#primaryimage"},"thumbnailUrl":"https:\/\/wmtbaltic.lv\/wp-content\/uploads\/2020\/07\/Kartons-apdrukai_1-1.jpg","datePublished":"2020-07-22T10:47:26+00:00","dateModified":"2021-02-24T13:06:30+00:00","breadcrumb":{"@id":"https:\/\/wmtbaltic.lv\/Produkts\/kartons-apdrukai-2\/#breadcrumb"},"inLanguage":"en-US","potentialAction":[{"@type":"ReadAction","target":["https:\/\/wmtbaltic.lv\/Produkts\/kartons-apdrukai-2\/"]}]},{"@type":"ImageObject","inLanguage":"en-US","@id":"https:\/\/wmtbaltic.lv\/Produkts\/kartons-apdrukai-2\/#primaryimage","url":"https:\/\/wmtbaltic.lv\/wp-content\/uploads\/2020\/07\/Kartons-apdrukai_1-1.jpg","contentUrl":"https:\/\/wmtbaltic.lv\/wp-content\/uploads\/2020\/07\/Kartons-apdrukai_1-1.jpg","width":500,"height":270},{"@type":"BreadcrumbList","@id":"https:\/\/wmtbaltic.lv\/Produkts\/kartons-apdrukai-2\/#breadcrumb","itemListElement":[{"@type":"ListItem","position":1,"name":"Home","item":"https:\/\/wmtbaltic.lv\/en\/"},{"@type":"ListItem","position":2,"name":"Shop","item":"https:\/\/wmtbaltic.lv\/shop\/"},{"@type":"ListItem","position":3,"name":"Kartons apdrukai"}]},{"@type":"WebSite","@id":"https:\/\/wmtbaltic.lv\/#website","url":"https:\/\/wmtbaltic.lv\/","name":"WMT Baltic","description":"Rekl\u0101mas produkti, pl\u0113ves","publisher":{"@id":"https:\/\/wmtbaltic.lv\/#organization"},"potentialAction":[{"@type":"SearchAction","target":{"@type":"EntryPoint","urlTemplate":"https:\/\/wmtbaltic.lv\/?s={search_term_string}"},"query-input":{"@type":"PropertyValueSpecification","valueRequired":true,"valueName":"search_term_string"}}],"inLanguage":"en-US"},{"@type":"Organization","@id":"https:\/\/wmtbaltic.lv\/#organization","name":"WMT Baltic","url":"https:\/\/wmtbaltic.lv\/","logo":{"@type":"ImageObject","inLanguage":"en-US","@id":"https:\/\/wmtbaltic.lv\/#\/schema\/logo\/image\/","url":"https:\/\/wmtbaltic.lv\/wp-content\/uploads\/2024\/12\/wmt-baltic-sia_107142_9_420x180.jpg","contentUrl":"https:\/\/wmtbaltic.lv\/wp-content\/uploads\/2024\/12\/wmt-baltic-sia_107142_9_420x180.jpg","width":420,"height":180,"caption":"WMT Baltic"},"image":{"@id":"https:\/\/wmtbaltic.lv\/#\/schema\/logo\/image\/"},"sameAs":["https:\/\/www.facebook.com\/WMT.Baltic.viscom\/?locale=lv_LV","https:\/\/www.instagram.com\/viscom_wmt\/"]}]}},"_links":{"self":[{"href":"https:\/\/wmtbaltic.lv\/en\/wp-json\/wp\/v2\/product\/1382","targetHints":{"allow":["GET"]}}],"collection":[{"href":"https:\/\/wmtbaltic.lv\/en\/wp-json\/wp\/v2\/product"}],"about":[{"href":"https:\/\/wmtbaltic.lv\/en\/wp-json\/wp\/v2\/types\/product"}],"wp:featuredmedia":[{"embeddable":true,"href":"https:\/\/wmtbaltic.lv\/en\/wp-json\/wp\/v2\/media\/1383"}],"wp:attachment":[{"href":"https:\/\/wmtbaltic.lv\/en\/wp-json\/wp\/v2\/media?parent=1382"}],"wp:term":[{"taxonomy":"product_brand","embeddable":true,"href":"https:\/\/wmtbaltic.lv\/en\/wp-json\/wp\/v2\/product_brand?post=1382"},{"taxonomy":"product_cat","embeddable":true,"href":"https:\/\/wmtbaltic.lv\/en\/wp-json\/wp\/v2\/product_cat?post=1382"},{"taxonomy":"product_tag","embeddable":true,"href":"https:\/\/wmtbaltic.lv\/en\/wp-json\/wp\/v2\/product_tag?post=1382"}],"curies":[{"name":"wp","href":"https:\/\/api.w.org\/{rel}","templated":true}]}}