{"id":13801,"date":"2022-09-26T06:57:28","date_gmt":"2022-09-26T06:57:28","guid":{"rendered":"https:\/\/wmtbaltic.lv\/?post_type=product&#038;p=13801"},"modified":"2022-09-26T07:10:11","modified_gmt":"2022-09-26T07:10:11","slug":"sunu-polipropilens-pp","status":"publish","type":"product","link":"https:\/\/wmtbaltic.lv\/en\/product\/sunu-polipropilens-pp\/","title":{"rendered":"\u0160\u016bnu polipropil\u0113ns (PP)"},"content":{"rendered":"<p><strong><span style=\"font-size: medium;\">\u0160\u016bnu polipropil\u0113ns<br \/>\n<\/span><\/strong><strong><br \/>\nMateri\u0101la pielietojums:<\/strong><\/p>\n<p align=\"justify\">\u0160\u016bnu polipropil\u0113nu pielieto starpsien\u0101m, piekaramiem griestiem, apdares pane\u013cu izgatavo\u0161an\u0101. Polipropil\u0113ns ir piem\u0113rots \u012bslaic\u012bgu konstrukciju veido\u0161an\u0101, paredz\u0113ts jumtu un gr\u012bdu p\u0101rkl\u0101jumiem.<br \/>\n\u0160\u016bnu polipropil\u0113ns ir daudzk\u0101rt\u0113ji izmantojams taras ra\u017eo\u0161an\u0101, iepakojuma ra\u017eo\u0161an\u0101, liela gabar\u012bta krav\u0101m, starplik\u0101m trauslu izstr\u0101d\u0101jumu p\u0101rvad\u0101\u0161anai. Ilgsto\u0161ai lieto\u0161anai tiek izmantots gofr\u0113ta kartona viet\u0101. Polipropil\u0113ns tiek izmantots poligr\u0101fij\u0101, sietspied\u0113 un litogr\u0101fij\u0101.<\/p>\n<p align=\"justify\"><strong>\u0160\u016bnu polipropil\u0113na apraksts:<\/strong><\/p>\n<p align=\"justify\">Polipropil\u0113ns ir viegls, elast\u012bgs,\u00a0l\u0113ts lok\u0161\u0146u materi\u0101ls, kam ir pla\u0161s pielietojuma kl\u0101sts, to izmanto k\u0101 tradicion\u0101lo materi\u0101lu aizst\u0101j\u0113ju.<\/p>\n<p align=\"justify\"><span style=\"color: #ff0000;\">* Materi\u0101lus grie\u017eam p\u0113c klienta piepras\u012bjuma<\/span><\/p>\n<p align=\"justify\"><span style=\"color: #ff0000;\"><b>**Cenas p\u0113c piepras\u012bjuma!<\/b><\/span><\/p>\n<p class=\"western\"><span style=\"font-family: Tahoma, sans-serif;\"><span style=\"font-size: small;\"><b>M\u0113s pied\u0101v\u0101jam ar\u012b:<\/b><\/span><\/span><span style=\"font-family: Tahoma, sans-serif;\"><span style=\"font-size: small;\">\u00a0putots lok\u0161\u0146u materi\u0101ls; triecieniztur\u012bgs materi\u0101ls; liets materi\u0101ls; \u0161\u016bnu polikarbon\u0101ts rekl\u0101mai; monopolikarbon\u0101ts; \u0161\u016bnu polikarbon\u0101ta aksesu\u0101ri; kompoz\u012btmateri\u0101ls; poliesters;\u00a0<\/span><\/span><span style=\"font-family: Tahoma, sans-serif;\"><span style=\"font-size: small;\"><span lang=\"en-US\">org<\/span><\/span><\/span><span style=\"font-family: Tahoma, sans-serif;\"><span style=\"font-size: small;\">stikls; polietil\u0113ns; \u0161\u016bnu polipropil\u0113ns; profili lok\u0161\u0146u plastik\u0101tiem; pl\u0101nie plastik\u0101ti; iepakojuma plastik\u0101ti; kompoz\u012btpane\u013ci; kr\u0101saini plastik\u0101ti; materi\u0101li tirdzniec\u012bbas vietu noform\u0113\u0161anai; stikl\u0161\u0137iedras karogu masti; plastik\u0101tu izstr\u0101d\u0101jumi; iepakojums; rekl\u0101mas materi\u0101li; polikarbon\u0101ts siltumn\u012bc\u0101m; materi\u0101li nojum\u0113m; plastik\u0101ti starpsien\u0101m; mat\u0113ts organiskais stikls;\u00a0 PET; PETG; PP; PS; PVC; PC; PE; PMMA; ABS; plastik\u0101ti noform\u0113\u0161anai; plastik\u0101ti grav\u0113\u0161anai; plastik\u0101ti apdrukai; plastik\u0101ts balkona marg\u0101m; ton\u0113ts organiskais stikls; plastik\u0101ts digit\u0101lajai drukai; apdares materi\u0101ls; celtniec\u012bbas materi\u0101li; plastik\u0101tu grie\u0161ana; plastik\u0101tu loc\u012b\u0161ana; karogu masti; karogi; \u0161\u016bnu polikarbon\u0101ts.<\/span><\/span><\/p>\n","protected":false},"excerpt":{"rendered":"\u0160\u016bnu polipropil\u0113ns Materi\u0101la pielietojums: \u0160\u016bnu polipropil\u0113nu pielieto starpsien\u0101m, piekaramiem griestiem, apdares pane\u013cu izgatavo\u0161an\u0101. Polipropil\u0113ns ir piem\u0113rots \u012bslaic\u012bgu konstrukciju veido\u0161an\u0101, paredz\u0113ts jumtu un gr\u012bdu p\u0101rkl\u0101jumiem. \u0160\u016bnu polipropil\u0113ns ir daudzk\u0101rt\u0113ji izmantojams taras ra\u017eo\u0161an\u0101, iepakojuma ra\u017eo\u0161an\u0101, liela gabar\u012bta krav\u0101m, starplik\u0101m trauslu izstr\u0101d\u0101jumu p\u0101rvad\u0101\u0161anai. Ilgsto\u0161ai lieto\u0161anai tiek izmantots gofr\u0113ta kartona viet\u0101. Polipropil\u0113ns tiek izmantots poligr\u0101fij\u0101, sietspied\u0113 un litogr\u0101fij\u0101. \u0160\u016bnu [...]","protected":false},"featured_media":13802,"comment_status":"closed","ping_status":"closed","template":"","meta":[],"product_brand":[],"product_cat":[31,130,358],"product_tag":[1152,1172,1173],"class_list":{"0":"post-13801","1":"product","2":"type-product","3":"status-publish","4":"has-post-thumbnail","6":"product_cat-loksnu-plastikati","7":"product_cat-pvh-loksnes-pp-loksnes","8":"product_cat-sunu-polipropilens","9":"product_tag-loksnes","10":"product_tag-pp","11":"product_tag-sunu-polipropilens","13":"first","14":"instock","15":"shipping-taxable","16":"product-type-simple"},"yoast_head":"<!-- This site is optimized with the Yoast SEO plugin v27.4 - https:\/\/yoast.com\/product\/yoast-seo-wordpress\/ -->\n<title>\u0160\u016bnu polipropil\u0113ns (PP) - WMT Baltic<\/title>\n<meta name=\"description\" content=\"\u0160\u016bnu polipropil\u0113nu pielieto starpsien\u0101m, piekaramiem griestiem, apdares pane\u013cu izgatavo\u0161an\u0101.\" \/>\n<meta name=\"robots\" content=\"index, follow, max-snippet:-1, max-image-preview:large, max-video-preview:-1\" \/>\n<link rel=\"canonical\" href=\"https:\/\/wmtbaltic.lv\/Produkts\/sunu-polipropilens-pp\/\" \/>\n<meta property=\"og:locale\" content=\"en_US\" \/>\n<meta property=\"og:type\" content=\"article\" \/>\n<meta property=\"og:title\" content=\"\u0160\u016bnu polipropil\u0113ns (PP) - WMT Baltic\" \/>\n<meta property=\"og:description\" content=\"\u0160\u016bnu polipropil\u0113nu pielieto starpsien\u0101m, piekaramiem griestiem, apdares pane\u013cu izgatavo\u0161an\u0101.\" \/>\n<meta property=\"og:url\" content=\"https:\/\/wmtbaltic.lv\/Produkts\/sunu-polipropilens-pp\/\" \/>\n<meta property=\"og:site_name\" content=\"WMT Baltic\" \/>\n<meta property=\"article:publisher\" content=\"https:\/\/www.facebook.com\/WMT.Baltic.viscom\/?locale=lv_LV\" \/>\n<meta property=\"article:modified_time\" content=\"2022-09-26T07:10:11+00:00\" \/>\n<meta property=\"og:image\" content=\"http:\/\/wmtbaltic.lv\/wp-content\/uploads\/2022\/09\/sunu-polipropilens.jpg\" \/>\n\t<meta property=\"og:image:width\" content=\"440\" \/>\n\t<meta property=\"og:image:height\" content=\"330\" \/>\n\t<meta property=\"og:image:type\" content=\"image\/jpeg\" \/>\n<meta name=\"twitter:card\" content=\"summary_large_image\" \/>\n<meta name=\"twitter:label1\" content=\"Est. reading time\" \/>\n\t<meta name=\"twitter:data1\" content=\"1 minute\" \/>\n<script type=\"application\/ld+json\" class=\"yoast-schema-graph\">{\"@context\":\"https:\\\/\\\/schema.org\",\"@graph\":[{\"@type\":\"WebPage\",\"@id\":\"https:\\\/\\\/wmtbaltic.lv\\\/Produkts\\\/sunu-polipropilens-pp\\\/\",\"url\":\"https:\\\/\\\/wmtbaltic.lv\\\/Produkts\\\/sunu-polipropilens-pp\\\/\",\"name\":\"\u0160\u016bnu polipropil\u0113ns (PP) - WMT Baltic\",\"isPartOf\":{\"@id\":\"https:\\\/\\\/wmtbaltic.lv\\\/#website\"},\"primaryImageOfPage\":{\"@id\":\"https:\\\/\\\/wmtbaltic.lv\\\/Produkts\\\/sunu-polipropilens-pp\\\/#primaryimage\"},\"image\":{\"@id\":\"https:\\\/\\\/wmtbaltic.lv\\\/Produkts\\\/sunu-polipropilens-pp\\\/#primaryimage\"},\"thumbnailUrl\":\"https:\\\/\\\/wmtbaltic.lv\\\/wp-content\\\/uploads\\\/2022\\\/09\\\/sunu-polipropilens.jpg\",\"datePublished\":\"2022-09-26T06:57:28+00:00\",\"dateModified\":\"2022-09-26T07:10:11+00:00\",\"description\":\"\u0160\u016bnu polipropil\u0113nu pielieto starpsien\u0101m, piekaramiem griestiem, apdares pane\u013cu izgatavo\u0161an\u0101.\",\"breadcrumb\":{\"@id\":\"https:\\\/\\\/wmtbaltic.lv\\\/Produkts\\\/sunu-polipropilens-pp\\\/#breadcrumb\"},\"inLanguage\":\"en-US\",\"potentialAction\":[{\"@type\":\"ReadAction\",\"target\":[\"https:\\\/\\\/wmtbaltic.lv\\\/Produkts\\\/sunu-polipropilens-pp\\\/\"]}]},{\"@type\":\"ImageObject\",\"inLanguage\":\"en-US\",\"@id\":\"https:\\\/\\\/wmtbaltic.lv\\\/Produkts\\\/sunu-polipropilens-pp\\\/#primaryimage\",\"url\":\"https:\\\/\\\/wmtbaltic.lv\\\/wp-content\\\/uploads\\\/2022\\\/09\\\/sunu-polipropilens.jpg\",\"contentUrl\":\"https:\\\/\\\/wmtbaltic.lv\\\/wp-content\\\/uploads\\\/2022\\\/09\\\/sunu-polipropilens.jpg\",\"width\":440,\"height\":330},{\"@type\":\"BreadcrumbList\",\"@id\":\"https:\\\/\\\/wmtbaltic.lv\\\/Produkts\\\/sunu-polipropilens-pp\\\/#breadcrumb\",\"itemListElement\":[{\"@type\":\"ListItem\",\"position\":1,\"name\":\"Home\",\"item\":\"https:\\\/\\\/wmtbaltic.lv\\\/en\\\/\"},{\"@type\":\"ListItem\",\"position\":2,\"name\":\"Products\",\"item\":\"https:\\\/\\\/wmtbaltic.lv\\\/en\\\/shop\\\/\"},{\"@type\":\"ListItem\",\"position\":3,\"name\":\"\u0160\u016bnu polipropil\u0113ns (PP)\"}]},{\"@type\":\"WebSite\",\"@id\":\"https:\\\/\\\/wmtbaltic.lv\\\/#website\",\"url\":\"https:\\\/\\\/wmtbaltic.lv\\\/\",\"name\":\"WMT Baltic\",\"description\":\"Rekl\u0101mas produkti, pl\u0113ves\",\"publisher\":{\"@id\":\"https:\\\/\\\/wmtbaltic.lv\\\/#organization\"},\"potentialAction\":[{\"@type\":\"SearchAction\",\"target\":{\"@type\":\"EntryPoint\",\"urlTemplate\":\"https:\\\/\\\/wmtbaltic.lv\\\/?s={search_term_string}\"},\"query-input\":{\"@type\":\"PropertyValueSpecification\",\"valueRequired\":true,\"valueName\":\"search_term_string\"}}],\"inLanguage\":\"en-US\"},{\"@type\":\"Organization\",\"@id\":\"https:\\\/\\\/wmtbaltic.lv\\\/#organization\",\"name\":\"WMT Baltic\",\"url\":\"https:\\\/\\\/wmtbaltic.lv\\\/\",\"logo\":{\"@type\":\"ImageObject\",\"inLanguage\":\"en-US\",\"@id\":\"https:\\\/\\\/wmtbaltic.lv\\\/#\\\/schema\\\/logo\\\/image\\\/\",\"url\":\"https:\\\/\\\/wmtbaltic.lv\\\/wp-content\\\/uploads\\\/2024\\\/12\\\/wmt-baltic-sia_107142_9_420x180.jpg\",\"contentUrl\":\"https:\\\/\\\/wmtbaltic.lv\\\/wp-content\\\/uploads\\\/2024\\\/12\\\/wmt-baltic-sia_107142_9_420x180.jpg\",\"width\":420,\"height\":180,\"caption\":\"WMT Baltic\"},\"image\":{\"@id\":\"https:\\\/\\\/wmtbaltic.lv\\\/#\\\/schema\\\/logo\\\/image\\\/\"},\"sameAs\":[\"https:\\\/\\\/www.facebook.com\\\/WMT.Baltic.viscom\\\/?locale=lv_LV\",\"https:\\\/\\\/www.instagram.com\\\/viscom_wmt\\\/\"]}]}<\/script>\n<!-- \/ Yoast SEO plugin. -->","yoast_head_json":{"title":"\u0160\u016bnu polipropil\u0113ns (PP) - WMT Baltic","description":"\u0160\u016bnu polipropil\u0113nu pielieto starpsien\u0101m, piekaramiem griestiem, apdares pane\u013cu izgatavo\u0161an\u0101.","robots":{"index":"index","follow":"follow","max-snippet":"max-snippet:-1","max-image-preview":"max-image-preview:large","max-video-preview":"max-video-preview:-1"},"canonical":"https:\/\/wmtbaltic.lv\/Produkts\/sunu-polipropilens-pp\/","og_locale":"en_US","og_type":"article","og_title":"\u0160\u016bnu polipropil\u0113ns (PP) - WMT Baltic","og_description":"\u0160\u016bnu polipropil\u0113nu pielieto starpsien\u0101m, piekaramiem griestiem, apdares pane\u013cu izgatavo\u0161an\u0101.","og_url":"https:\/\/wmtbaltic.lv\/Produkts\/sunu-polipropilens-pp\/","og_site_name":"WMT Baltic","article_publisher":"https:\/\/www.facebook.com\/WMT.Baltic.viscom\/?locale=lv_LV","article_modified_time":"2022-09-26T07:10:11+00:00","og_image":[{"width":440,"height":330,"url":"http:\/\/wmtbaltic.lv\/wp-content\/uploads\/2022\/09\/sunu-polipropilens.jpg","type":"image\/jpeg"}],"twitter_card":"summary_large_image","twitter_misc":{"Est. reading time":"1 minute"},"schema":{"@context":"https:\/\/schema.org","@graph":[{"@type":"WebPage","@id":"https:\/\/wmtbaltic.lv\/Produkts\/sunu-polipropilens-pp\/","url":"https:\/\/wmtbaltic.lv\/Produkts\/sunu-polipropilens-pp\/","name":"\u0160\u016bnu polipropil\u0113ns (PP) - WMT Baltic","isPartOf":{"@id":"https:\/\/wmtbaltic.lv\/#website"},"primaryImageOfPage":{"@id":"https:\/\/wmtbaltic.lv\/Produkts\/sunu-polipropilens-pp\/#primaryimage"},"image":{"@id":"https:\/\/wmtbaltic.lv\/Produkts\/sunu-polipropilens-pp\/#primaryimage"},"thumbnailUrl":"https:\/\/wmtbaltic.lv\/wp-content\/uploads\/2022\/09\/sunu-polipropilens.jpg","datePublished":"2022-09-26T06:57:28+00:00","dateModified":"2022-09-26T07:10:11+00:00","description":"\u0160\u016bnu polipropil\u0113nu pielieto starpsien\u0101m, piekaramiem griestiem, apdares pane\u013cu izgatavo\u0161an\u0101.","breadcrumb":{"@id":"https:\/\/wmtbaltic.lv\/Produkts\/sunu-polipropilens-pp\/#breadcrumb"},"inLanguage":"en-US","potentialAction":[{"@type":"ReadAction","target":["https:\/\/wmtbaltic.lv\/Produkts\/sunu-polipropilens-pp\/"]}]},{"@type":"ImageObject","inLanguage":"en-US","@id":"https:\/\/wmtbaltic.lv\/Produkts\/sunu-polipropilens-pp\/#primaryimage","url":"https:\/\/wmtbaltic.lv\/wp-content\/uploads\/2022\/09\/sunu-polipropilens.jpg","contentUrl":"https:\/\/wmtbaltic.lv\/wp-content\/uploads\/2022\/09\/sunu-polipropilens.jpg","width":440,"height":330},{"@type":"BreadcrumbList","@id":"https:\/\/wmtbaltic.lv\/Produkts\/sunu-polipropilens-pp\/#breadcrumb","itemListElement":[{"@type":"ListItem","position":1,"name":"Home","item":"https:\/\/wmtbaltic.lv\/en\/"},{"@type":"ListItem","position":2,"name":"Products","item":"https:\/\/wmtbaltic.lv\/en\/shop\/"},{"@type":"ListItem","position":3,"name":"\u0160\u016bnu polipropil\u0113ns (PP)"}]},{"@type":"WebSite","@id":"https:\/\/wmtbaltic.lv\/#website","url":"https:\/\/wmtbaltic.lv\/","name":"WMT Baltic","description":"Rekl\u0101mas produkti, pl\u0113ves","publisher":{"@id":"https:\/\/wmtbaltic.lv\/#organization"},"potentialAction":[{"@type":"SearchAction","target":{"@type":"EntryPoint","urlTemplate":"https:\/\/wmtbaltic.lv\/?s={search_term_string}"},"query-input":{"@type":"PropertyValueSpecification","valueRequired":true,"valueName":"search_term_string"}}],"inLanguage":"en-US"},{"@type":"Organization","@id":"https:\/\/wmtbaltic.lv\/#organization","name":"WMT Baltic","url":"https:\/\/wmtbaltic.lv\/","logo":{"@type":"ImageObject","inLanguage":"en-US","@id":"https:\/\/wmtbaltic.lv\/#\/schema\/logo\/image\/","url":"https:\/\/wmtbaltic.lv\/wp-content\/uploads\/2024\/12\/wmt-baltic-sia_107142_9_420x180.jpg","contentUrl":"https:\/\/wmtbaltic.lv\/wp-content\/uploads\/2024\/12\/wmt-baltic-sia_107142_9_420x180.jpg","width":420,"height":180,"caption":"WMT Baltic"},"image":{"@id":"https:\/\/wmtbaltic.lv\/#\/schema\/logo\/image\/"},"sameAs":["https:\/\/www.facebook.com\/WMT.Baltic.viscom\/?locale=lv_LV","https:\/\/www.instagram.com\/viscom_wmt\/"]}]}},"_links":{"self":[{"href":"https:\/\/wmtbaltic.lv\/en\/wp-json\/wp\/v2\/product\/13801","targetHints":{"allow":["GET"]}}],"collection":[{"href":"https:\/\/wmtbaltic.lv\/en\/wp-json\/wp\/v2\/product"}],"about":[{"href":"https:\/\/wmtbaltic.lv\/en\/wp-json\/wp\/v2\/types\/product"}],"replies":[{"embeddable":true,"href":"https:\/\/wmtbaltic.lv\/en\/wp-json\/wp\/v2\/comments?post=13801"}],"wp:featuredmedia":[{"embeddable":true,"href":"https:\/\/wmtbaltic.lv\/en\/wp-json\/wp\/v2\/media\/13802"}],"wp:attachment":[{"href":"https:\/\/wmtbaltic.lv\/en\/wp-json\/wp\/v2\/media?parent=13801"}],"wp:term":[{"taxonomy":"product_brand","embeddable":true,"href":"https:\/\/wmtbaltic.lv\/en\/wp-json\/wp\/v2\/product_brand?post=13801"},{"taxonomy":"product_cat","embeddable":true,"href":"https:\/\/wmtbaltic.lv\/en\/wp-json\/wp\/v2\/product_cat?post=13801"},{"taxonomy":"product_tag","embeddable":true,"href":"https:\/\/wmtbaltic.lv\/en\/wp-json\/wp\/v2\/product_tag?post=13801"}],"curies":[{"name":"wp","href":"https:\/\/api.w.org\/{rel}","templated":true}]}}