{"id":1378,"date":"2020-07-22T10:41:54","date_gmt":"2020-07-22T10:41:54","guid":{"rendered":"http:\/\/wmtbaltic.lv\/\/?post_type=product&#038;p=1378"},"modified":"2020-07-22T10:42:34","modified_gmt":"2020-07-22T10:42:34","slug":"graflux-materials-gravesanai","status":"publish","type":"product","link":"https:\/\/wmtbaltic.lv\/en\/product\/graflux-materials-gravesanai\/","title":{"rendered":"GRAFLUX materi\u0101ls grav\u0113\u0161anai"},"content":{"rendered":"<p><strong>Materi\u0101la pielietojums<\/strong><\/p>\n<p align=\"justify\">Pl\u0101ksn\u012btes ar uzrakstiem un z\u012bm\u0113jumiem, r\u016bpniecisk\u0101 grav\u0113\u0161ana, r\u0101d\u012bt\u0101ji, z\u012bmes, sporta apbalvojumu z\u012bmes. Atsevi\u0161\u0137os gad\u012bjumos materi\u0101lu var izmantot ielu nosaukumu r\u0101d\u012bt\u0101ju izgatavo\u0161anai.<\/p>\n<table border=\"1\" width=\"100%\" cellpadding=\"2\">\n<colgroup>\n<col width=\"14%\" \/>\n<col width=\"14%\" \/>\n<col width=\"14%\" \/>\n<col width=\"14%\" \/>\n<col width=\"14%\" \/>\n<col width=\"14%\" \/><\/colgroup>\n<tbody>\n<tr>\n<td><\/td>\n<td><\/td>\n<td><\/td>\n<td><\/td>\n<td><\/td>\n<td><\/td>\n<\/tr>\n<tr>\n<td>\u00a0<img decoding=\"async\" src=\"http:\/\/www.adv24.lv\/rtfe_images\/l223_icon.jpg\" \/><\/td>\n<td width=\"14%\">\n<p align=\"left\"><img decoding=\"async\" src=\"http:\/\/www.adv24.lv\/rtfe_images\/l224_icon.jpg\" \/><\/p>\n<\/td>\n<td><img decoding=\"async\" src=\"http:\/\/www.adv24.lv\/rtfe_images\/l225_icon.jpg\" \/><\/td>\n<td><img decoding=\"async\" src=\"http:\/\/www.adv24.lv\/rtfe_images\/l226_icon.jpg\" \/><\/td>\n<td width=\"14%\"><img decoding=\"async\" src=\"http:\/\/www.adv24.lv\/rtfe_images\/l227_icon.jpg\" \/><\/td>\n<td><img decoding=\"async\" src=\"http:\/\/www.adv24.lv\/rtfe_images\/l263_icon.jpg\" \/><\/td>\n<\/tr>\n<tr>\n<td><span style=\"font-size: xx-small;\">L223<\/span><\/p>\n<p><span style=\"font-size: xx-small;\">zelts\/<\/span><span style=\"font-size: xx-small;\">melns<\/span><\/td>\n<td width=\"14%\"><span style=\"font-size: xx-small;\">L224<\/span><\/p>\n<p><span style=\"font-size: xx-small;\">sudrabs\/<\/span><span style=\"font-size: xx-small;\">melns<\/span><\/td>\n<td><span style=\"font-size: xx-small;\">L225<\/span><span style=\"font-size: xx-small;\">&#8220;brushed&#8221;<\/span><\/p>\n<p><span style=\"font-size: xx-small;\">zelts\/melns<\/span><\/td>\n<td><span style=\"font-size: xx-small;\">\u00a0L226<\/span><span style=\"font-size: xx-small;\">&#8220;brushed&#8221;<\/span><\/p>\n<p><span style=\"font-size: xx-small;\">sudrabs\/melns<\/span><\/td>\n<td><span style=\"font-size: xx-small;\">\u00a0L227<\/span><span style=\"font-size: xx-small;\">&#8220;brushed&#8221;<\/span><\/p>\n<p><span style=\"font-size: xx-small;\">bronza\/melns<\/span><\/td>\n<td width=\"14%\"><span style=\"font-size: xx-small;\">\u00a0L263<\/span><span style=\"font-size: xx-small;\">&#8220;brushed&#8221; gl.<\/span><\/p>\n<p><span style=\"font-size: xx-small;\">zelts\/melns<\/span><\/td>\n<\/tr>\n<tr>\n<td><\/td>\n<td><\/td>\n<td><\/td>\n<td><\/td>\n<td><\/td>\n<td><\/td>\n<\/tr>\n<tr>\n<td><img decoding=\"async\" src=\"http:\/\/www.adv24.lv\/rtfe_images\/l264_icon.jpg\" \/><\/td>\n<td><img decoding=\"async\" src=\"http:\/\/www.adv24.lv\/rtfe_images\/l216_icon.jpg\" \/><\/td>\n<td>\u00a0<img decoding=\"async\" src=\"http:\/\/www.adv24.lv\/rtfe_images\/l276_icon.jpg\" \/><\/td>\n<td>\u00a0<img decoding=\"async\" src=\"http:\/\/www.adv24.lv\/rtfe_images\/l201_icon.jpg\" \/><\/td>\n<td>\u00a0<img decoding=\"async\" src=\"http:\/\/www.adv24.lv\/rtfe_images\/l202_icon.jpg\" \/><\/td>\n<td><\/td>\n<\/tr>\n<tr>\n<td width=\"14%\">\u00a0<span style=\"font-size: xx-small;\">L264<\/span><span style=\"font-size: xx-small;\">&#8220;brushed&#8221; gl.<\/span><\/p>\n<p><span style=\"font-size: xx-small;\">sudrabs\/melns<\/span><\/td>\n<td><span style=\"font-size: xx-small;\">L216<\/span><span style=\"font-size: xx-small;\">zils<\/span><span style=\"font-size: xx-small;\">\/balts<\/span><\/td>\n<td><span style=\"font-size: xx-small;\">L276<\/span><span style=\"font-size: xx-small;\">sudrabs\/zils<\/span><\/td>\n<td width=\"14%\"><span style=\"font-size: xx-small;\">L202<\/span><span style=\"font-size: xx-small;\">melns\/balts<\/span><\/td>\n<td><span style=\"font-size: xx-small;\">L201<\/span><span style=\"font-size: xx-small;\">balts\/melns<\/span><\/td>\n<td><\/td>\n<\/tr>\n<\/tbody>\n<\/table>\n<table border=\"1\" width=\"100%\" cellpadding=\"2\">\n<colgroup>\n<col width=\"33%\" \/>\n<col width=\"33%\" \/>\n<col width=\"33%\" \/><\/colgroup>\n<\/table>\n<p>&nbsp;<\/p>\n<p><span style=\"color: #ff0000;\"><b>* Cenas p\u0113c piepras\u012bjuma!<\/b><\/span><\/p>\n<p class=\"western\"><span style=\"font-family: Tahoma, sans-serif;\"><span style=\"font-size: small;\"><b>M\u0113s pied\u0101v\u0101jam ar\u012b:<\/b><\/span><\/span><span style=\"font-family: Tahoma, sans-serif;\"><span style=\"font-size: small;\">\u00a0putots lok\u0161\u0146u materi\u0101ls; triecieniztur\u012bgs materi\u0101ls; liets materi\u0101ls; \u0161\u016bnu polikarbon\u0101ts rekl\u0101mai; monopolikarbon\u0101ts; \u0161\u016bnu polikarbon\u0101ta aksesu\u0101ri; kompoz\u012btmateri\u0101ls; poliesters;\u00a0<\/span><\/span><span style=\"font-family: Tahoma, sans-serif;\"><span style=\"font-size: small;\"><span lang=\"en-US\">org<\/span><\/span><\/span><span style=\"font-family: Tahoma, sans-serif;\"><span style=\"font-size: small;\">stikls; polietil\u0113ns; \u0161\u016bnu polipropil\u0113ns; profili lok\u0161\u0146u plastik\u0101tiem; pl\u0101nie plastik\u0101ti; iepakojuma plastik\u0101ti; kompoz\u012btpane\u013ci; kr\u0101saini plastik\u0101ti; materi\u0101li tirdzniec\u012bbas vietu noform\u0113\u0161anai; stikl\u0161\u0137iedras karogu masti; plastik\u0101tu izstr\u0101d\u0101jumi; iepakojums; rekl\u0101mas materi\u0101li; polikarbon\u0101ts siltumn\u012bc\u0101m; materi\u0101li nojum\u0113m; plastik\u0101ti starpsien\u0101m; mat\u0113ts organiskais stikls;\u00a0 PET; PETG; PP; PS; PVC; PC; PE; PMMA; ABS; plastik\u0101ti noform\u0113\u0161anai; plastik\u0101ti grav\u0113\u0161anai; plastik\u0101ti apdrukai; plastik\u0101ts balkona marg\u0101m; ton\u0113ts organiskais stikls; plastik\u0101ts digit\u0101lajai drukai; apdares materi\u0101ls; celtniec\u012bbas materi\u0101li; plastik\u0101tu grie\u0161ana; plastik\u0101tu loc\u012b\u0161ana; karogu masti; karogi; \u0161\u016bnu polikarbon\u0101ts.<\/span><\/span><\/p>\n<p>&nbsp;<\/p>\n","protected":false},"excerpt":{"rendered":"<strong><span style=\"font-size: small;\">GRAFLUX divsl\u0101\u0146u pane\u013ci grav\u0113\u0161anai<\/span><\/strong>\r\n\r\n&nbsp;\r\n\r\nCiets, elast\u012bgs divsl\u0101\u0146u materi\u0101ls ar da\u017e\u0101du kr\u0101su kombin\u0101ciju grav\u0113jam\u0101 un apak\u0161\u0113j\u0101 sl\u0101n\u012b. Grav\u0113jam\u0101 virsma ir pasarg\u0101ta ar pa\u0161l\u012bm\u0113jo\u0161o pl\u0113vi. Triecieniztur\u012bgs, mitrumiztur\u012bgs, notur\u012bgs pret \u0137\u012bmisko vielu ietekmi. Ugunsnedro\u0161s.","protected":false},"featured_media":1380,"template":"","meta":[],"product_brand":[],"product_cat":[83],"product_tag":[],"class_list":{"0":"post-1378","1":"product","2":"type-product","3":"status-publish","4":"has-post-thumbnail","6":"product_cat-uncategorized-lv","8":"first","9":"instock","10":"shipping-taxable","11":"product-type-simple"},"yoast_head":"<!-- This site is optimized with the Yoast SEO plugin v27.4 - https:\/\/yoast.com\/product\/yoast-seo-wordpress\/ -->\n<title>GRAFLUX materi\u0101ls grav\u0113\u0161anai - WMT Baltic<\/title>\n<meta name=\"robots\" content=\"index, follow, max-snippet:-1, max-image-preview:large, max-video-preview:-1\" \/>\n<link rel=\"canonical\" href=\"https:\/\/wmtbaltic.lv\/Produkts\/graflux-materials-gravesanai\/\" \/>\n<meta property=\"og:locale\" content=\"en_US\" \/>\n<meta property=\"og:type\" content=\"article\" \/>\n<meta property=\"og:title\" content=\"GRAFLUX materi\u0101ls grav\u0113\u0161anai - WMT Baltic\" \/>\n<meta property=\"og:description\" content=\"GRAFLUX divsl\u0101\u0146u pane\u013ci grav\u0113\u0161anai  &nbsp;  Ciets, elast\u012bgs divsl\u0101\u0146u materi\u0101ls ar da\u017e\u0101du kr\u0101su kombin\u0101ciju grav\u0113jam\u0101 un apak\u0161\u0113j\u0101 sl\u0101n\u012b. Grav\u0113jam\u0101 virsma ir pasarg\u0101ta ar pa\u0161l\u012bm\u0113jo\u0161o pl\u0113vi. Triecieniztur\u012bgs, mitrumiztur\u012bgs, notur\u012bgs pret \u0137\u012bmisko vielu ietekmi. Ugunsnedro\u0161s.\" \/>\n<meta property=\"og:url\" content=\"https:\/\/wmtbaltic.lv\/Produkts\/graflux-materials-gravesanai\/\" \/>\n<meta property=\"og:site_name\" content=\"WMT Baltic\" \/>\n<meta property=\"article:publisher\" content=\"https:\/\/www.facebook.com\/WMT.Baltic.viscom\/?locale=lv_LV\" \/>\n<meta property=\"article:modified_time\" content=\"2020-07-22T10:42:34+00:00\" \/>\n<meta property=\"og:image\" content=\"https:\/\/wmtbaltic.lv\/wp-content\/uploads\/2020\/07\/GRAFLUX-materi\u0101ls-grav\u0113\u0161anai.jpg\" \/>\n\t<meta property=\"og:image:width\" content=\"416\" \/>\n\t<meta property=\"og:image:height\" content=\"269\" \/>\n\t<meta property=\"og:image:type\" content=\"image\/jpeg\" \/>\n<meta name=\"twitter:card\" content=\"summary_large_image\" \/>\n<meta name=\"twitter:label1\" content=\"Est. reading time\" \/>\n\t<meta name=\"twitter:data1\" content=\"1 minute\" \/>\n<script type=\"application\/ld+json\" class=\"yoast-schema-graph\">{\"@context\":\"https:\\\/\\\/schema.org\",\"@graph\":[{\"@type\":\"WebPage\",\"@id\":\"https:\\\/\\\/wmtbaltic.lv\\\/Produkts\\\/graflux-materials-gravesanai\\\/\",\"url\":\"https:\\\/\\\/wmtbaltic.lv\\\/Produkts\\\/graflux-materials-gravesanai\\\/\",\"name\":\"GRAFLUX materi\u0101ls grav\u0113\u0161anai - WMT Baltic\",\"isPartOf\":{\"@id\":\"https:\\\/\\\/wmtbaltic.lv\\\/#website\"},\"primaryImageOfPage\":{\"@id\":\"https:\\\/\\\/wmtbaltic.lv\\\/Produkts\\\/graflux-materials-gravesanai\\\/#primaryimage\"},\"image\":{\"@id\":\"https:\\\/\\\/wmtbaltic.lv\\\/Produkts\\\/graflux-materials-gravesanai\\\/#primaryimage\"},\"thumbnailUrl\":\"https:\\\/\\\/wmtbaltic.lv\\\/wp-content\\\/uploads\\\/2020\\\/07\\\/GRAFLUX-materi\u0101ls-grav\u0113\u0161anai.jpg\",\"datePublished\":\"2020-07-22T10:41:54+00:00\",\"dateModified\":\"2020-07-22T10:42:34+00:00\",\"breadcrumb\":{\"@id\":\"https:\\\/\\\/wmtbaltic.lv\\\/Produkts\\\/graflux-materials-gravesanai\\\/#breadcrumb\"},\"inLanguage\":\"en-US\",\"potentialAction\":[{\"@type\":\"ReadAction\",\"target\":[\"https:\\\/\\\/wmtbaltic.lv\\\/Produkts\\\/graflux-materials-gravesanai\\\/\"]}]},{\"@type\":\"ImageObject\",\"inLanguage\":\"en-US\",\"@id\":\"https:\\\/\\\/wmtbaltic.lv\\\/Produkts\\\/graflux-materials-gravesanai\\\/#primaryimage\",\"url\":\"https:\\\/\\\/wmtbaltic.lv\\\/wp-content\\\/uploads\\\/2020\\\/07\\\/GRAFLUX-materi\u0101ls-grav\u0113\u0161anai.jpg\",\"contentUrl\":\"https:\\\/\\\/wmtbaltic.lv\\\/wp-content\\\/uploads\\\/2020\\\/07\\\/GRAFLUX-materi\u0101ls-grav\u0113\u0161anai.jpg\",\"width\":416,\"height\":269},{\"@type\":\"BreadcrumbList\",\"@id\":\"https:\\\/\\\/wmtbaltic.lv\\\/Produkts\\\/graflux-materials-gravesanai\\\/#breadcrumb\",\"itemListElement\":[{\"@type\":\"ListItem\",\"position\":1,\"name\":\"Home\",\"item\":\"https:\\\/\\\/wmtbaltic.lv\\\/en\\\/\"},{\"@type\":\"ListItem\",\"position\":2,\"name\":\"Shop\",\"item\":\"https:\\\/\\\/wmtbaltic.lv\\\/shop\\\/\"},{\"@type\":\"ListItem\",\"position\":3,\"name\":\"GRAFLUX materi\u0101ls grav\u0113\u0161anai\"}]},{\"@type\":\"WebSite\",\"@id\":\"https:\\\/\\\/wmtbaltic.lv\\\/#website\",\"url\":\"https:\\\/\\\/wmtbaltic.lv\\\/\",\"name\":\"WMT Baltic\",\"description\":\"Rekl\u0101mas produkti, pl\u0113ves\",\"publisher\":{\"@id\":\"https:\\\/\\\/wmtbaltic.lv\\\/#organization\"},\"potentialAction\":[{\"@type\":\"SearchAction\",\"target\":{\"@type\":\"EntryPoint\",\"urlTemplate\":\"https:\\\/\\\/wmtbaltic.lv\\\/?s={search_term_string}\"},\"query-input\":{\"@type\":\"PropertyValueSpecification\",\"valueRequired\":true,\"valueName\":\"search_term_string\"}}],\"inLanguage\":\"en-US\"},{\"@type\":\"Organization\",\"@id\":\"https:\\\/\\\/wmtbaltic.lv\\\/#organization\",\"name\":\"WMT Baltic\",\"url\":\"https:\\\/\\\/wmtbaltic.lv\\\/\",\"logo\":{\"@type\":\"ImageObject\",\"inLanguage\":\"en-US\",\"@id\":\"https:\\\/\\\/wmtbaltic.lv\\\/#\\\/schema\\\/logo\\\/image\\\/\",\"url\":\"https:\\\/\\\/wmtbaltic.lv\\\/wp-content\\\/uploads\\\/2024\\\/12\\\/wmt-baltic-sia_107142_9_420x180.jpg\",\"contentUrl\":\"https:\\\/\\\/wmtbaltic.lv\\\/wp-content\\\/uploads\\\/2024\\\/12\\\/wmt-baltic-sia_107142_9_420x180.jpg\",\"width\":420,\"height\":180,\"caption\":\"WMT Baltic\"},\"image\":{\"@id\":\"https:\\\/\\\/wmtbaltic.lv\\\/#\\\/schema\\\/logo\\\/image\\\/\"},\"sameAs\":[\"https:\\\/\\\/www.facebook.com\\\/WMT.Baltic.viscom\\\/?locale=lv_LV\",\"https:\\\/\\\/www.instagram.com\\\/viscom_wmt\\\/\"]}]}<\/script>\n<!-- \/ Yoast SEO plugin. -->","yoast_head_json":{"title":"GRAFLUX materi\u0101ls grav\u0113\u0161anai - WMT Baltic","robots":{"index":"index","follow":"follow","max-snippet":"max-snippet:-1","max-image-preview":"max-image-preview:large","max-video-preview":"max-video-preview:-1"},"canonical":"https:\/\/wmtbaltic.lv\/Produkts\/graflux-materials-gravesanai\/","og_locale":"en_US","og_type":"article","og_title":"GRAFLUX materi\u0101ls grav\u0113\u0161anai - WMT Baltic","og_description":"GRAFLUX divsl\u0101\u0146u pane\u013ci grav\u0113\u0161anai  &nbsp;  Ciets, elast\u012bgs divsl\u0101\u0146u materi\u0101ls ar da\u017e\u0101du kr\u0101su kombin\u0101ciju grav\u0113jam\u0101 un apak\u0161\u0113j\u0101 sl\u0101n\u012b. Grav\u0113jam\u0101 virsma ir pasarg\u0101ta ar pa\u0161l\u012bm\u0113jo\u0161o pl\u0113vi. Triecieniztur\u012bgs, mitrumiztur\u012bgs, notur\u012bgs pret \u0137\u012bmisko vielu ietekmi. Ugunsnedro\u0161s.","og_url":"https:\/\/wmtbaltic.lv\/Produkts\/graflux-materials-gravesanai\/","og_site_name":"WMT Baltic","article_publisher":"https:\/\/www.facebook.com\/WMT.Baltic.viscom\/?locale=lv_LV","article_modified_time":"2020-07-22T10:42:34+00:00","og_image":[{"width":416,"height":269,"url":"https:\/\/wmtbaltic.lv\/wp-content\/uploads\/2020\/07\/GRAFLUX-materi\u0101ls-grav\u0113\u0161anai.jpg","type":"image\/jpeg"}],"twitter_card":"summary_large_image","twitter_misc":{"Est. reading time":"1 minute"},"schema":{"@context":"https:\/\/schema.org","@graph":[{"@type":"WebPage","@id":"https:\/\/wmtbaltic.lv\/Produkts\/graflux-materials-gravesanai\/","url":"https:\/\/wmtbaltic.lv\/Produkts\/graflux-materials-gravesanai\/","name":"GRAFLUX materi\u0101ls grav\u0113\u0161anai - WMT Baltic","isPartOf":{"@id":"https:\/\/wmtbaltic.lv\/#website"},"primaryImageOfPage":{"@id":"https:\/\/wmtbaltic.lv\/Produkts\/graflux-materials-gravesanai\/#primaryimage"},"image":{"@id":"https:\/\/wmtbaltic.lv\/Produkts\/graflux-materials-gravesanai\/#primaryimage"},"thumbnailUrl":"https:\/\/wmtbaltic.lv\/wp-content\/uploads\/2020\/07\/GRAFLUX-materi\u0101ls-grav\u0113\u0161anai.jpg","datePublished":"2020-07-22T10:41:54+00:00","dateModified":"2020-07-22T10:42:34+00:00","breadcrumb":{"@id":"https:\/\/wmtbaltic.lv\/Produkts\/graflux-materials-gravesanai\/#breadcrumb"},"inLanguage":"en-US","potentialAction":[{"@type":"ReadAction","target":["https:\/\/wmtbaltic.lv\/Produkts\/graflux-materials-gravesanai\/"]}]},{"@type":"ImageObject","inLanguage":"en-US","@id":"https:\/\/wmtbaltic.lv\/Produkts\/graflux-materials-gravesanai\/#primaryimage","url":"https:\/\/wmtbaltic.lv\/wp-content\/uploads\/2020\/07\/GRAFLUX-materi\u0101ls-grav\u0113\u0161anai.jpg","contentUrl":"https:\/\/wmtbaltic.lv\/wp-content\/uploads\/2020\/07\/GRAFLUX-materi\u0101ls-grav\u0113\u0161anai.jpg","width":416,"height":269},{"@type":"BreadcrumbList","@id":"https:\/\/wmtbaltic.lv\/Produkts\/graflux-materials-gravesanai\/#breadcrumb","itemListElement":[{"@type":"ListItem","position":1,"name":"Home","item":"https:\/\/wmtbaltic.lv\/en\/"},{"@type":"ListItem","position":2,"name":"Shop","item":"https:\/\/wmtbaltic.lv\/shop\/"},{"@type":"ListItem","position":3,"name":"GRAFLUX materi\u0101ls grav\u0113\u0161anai"}]},{"@type":"WebSite","@id":"https:\/\/wmtbaltic.lv\/#website","url":"https:\/\/wmtbaltic.lv\/","name":"WMT Baltic","description":"Rekl\u0101mas produkti, pl\u0113ves","publisher":{"@id":"https:\/\/wmtbaltic.lv\/#organization"},"potentialAction":[{"@type":"SearchAction","target":{"@type":"EntryPoint","urlTemplate":"https:\/\/wmtbaltic.lv\/?s={search_term_string}"},"query-input":{"@type":"PropertyValueSpecification","valueRequired":true,"valueName":"search_term_string"}}],"inLanguage":"en-US"},{"@type":"Organization","@id":"https:\/\/wmtbaltic.lv\/#organization","name":"WMT Baltic","url":"https:\/\/wmtbaltic.lv\/","logo":{"@type":"ImageObject","inLanguage":"en-US","@id":"https:\/\/wmtbaltic.lv\/#\/schema\/logo\/image\/","url":"https:\/\/wmtbaltic.lv\/wp-content\/uploads\/2024\/12\/wmt-baltic-sia_107142_9_420x180.jpg","contentUrl":"https:\/\/wmtbaltic.lv\/wp-content\/uploads\/2024\/12\/wmt-baltic-sia_107142_9_420x180.jpg","width":420,"height":180,"caption":"WMT Baltic"},"image":{"@id":"https:\/\/wmtbaltic.lv\/#\/schema\/logo\/image\/"},"sameAs":["https:\/\/www.facebook.com\/WMT.Baltic.viscom\/?locale=lv_LV","https:\/\/www.instagram.com\/viscom_wmt\/"]}]}},"_links":{"self":[{"href":"https:\/\/wmtbaltic.lv\/en\/wp-json\/wp\/v2\/product\/1378","targetHints":{"allow":["GET"]}}],"collection":[{"href":"https:\/\/wmtbaltic.lv\/en\/wp-json\/wp\/v2\/product"}],"about":[{"href":"https:\/\/wmtbaltic.lv\/en\/wp-json\/wp\/v2\/types\/product"}],"wp:featuredmedia":[{"embeddable":true,"href":"https:\/\/wmtbaltic.lv\/en\/wp-json\/wp\/v2\/media\/1380"}],"wp:attachment":[{"href":"https:\/\/wmtbaltic.lv\/en\/wp-json\/wp\/v2\/media?parent=1378"}],"wp:term":[{"taxonomy":"product_brand","embeddable":true,"href":"https:\/\/wmtbaltic.lv\/en\/wp-json\/wp\/v2\/product_brand?post=1378"},{"taxonomy":"product_cat","embeddable":true,"href":"https:\/\/wmtbaltic.lv\/en\/wp-json\/wp\/v2\/product_cat?post=1378"},{"taxonomy":"product_tag","embeddable":true,"href":"https:\/\/wmtbaltic.lv\/en\/wp-json\/wp\/v2\/product_tag?post=1378"}],"curies":[{"name":"wp","href":"https:\/\/api.w.org\/{rel}","templated":true}]}}