{"id":13708,"date":"2022-09-23T06:25:38","date_gmt":"2022-09-23T06:25:38","guid":{"rendered":"https:\/\/wmtbaltic.lv\/?post_type=product&#038;p=13708"},"modified":"2025-07-17T06:40:57","modified_gmt":"2025-07-17T06:40:57","slug":"universala-lime-grandflsh-gf-25","status":"publish","type":"product","link":"https:\/\/wmtbaltic.lv\/en\/product\/universala-lime-grandflsh-gf-25\/","title":{"rendered":"Univers\u0101la l\u012bme GRANDFLSH GF-25"},"content":{"rendered":"<p>\u0160\u0137idra univers\u0101la vienkomponenta l\u012bme\u00a0 uz cianakril\u0101ta b\u0101zes ar moment\u0101lu iedarb\u012bbu. Galvenok\u0101rt \u0161\u012bs l\u012bmes paredz\u0113tas\u00a0 gumijas, plastik\u0101tu virsmu sal\u012bm\u0113\u0161anai, bet paredz\u0113ts ar\u012b\u00a0 met\u0101la virsmam.<\/p>\n<p>Piem\u012bt augsta\u00a0 notur\u012bba pret temperat\u016bras un laika apstak\u013cu izmai\u0146\u0101m.<\/p>\n<p>Fiks\u0101cijas laiks no\u00a0 3 l\u012bdz 10 sek.<\/p>\n<p>Tilpums: 20gr<\/p>\n","protected":false},"excerpt":{"rendered":"\u0160\u0137idra univers\u0101la vienkomponenta l\u012bme\u00a0 uz cianakril\u0101ta b\u0101zes ar moment\u0101lu iedarb\u012bbu. Galvenok\u0101rt \u0161\u012bs l\u012bmes paredz\u0113tas\u00a0 gumijas, plastik\u0101tu virsmu sal\u012bm\u0113\u0161anai, bet paredz\u0113ts ar\u012b\u00a0 met\u0101la virsmam. Piem\u012bt augsta\u00a0 notur\u012bba pret temperat\u016bras un laika apstak\u013cu izmai\u0146\u0101m. Fiks\u0101cijas laiks no\u00a0 3 l\u012bdz 10 sek. Tilpums: 20gr","protected":false},"featured_media":13713,"comment_status":"closed","ping_status":"closed","template":"","meta":[],"product_brand":[],"product_cat":[112,31],"product_tag":[1144,1128,1145,1146],"class_list":{"0":"post-13708","1":"product","2":"type-product","3":"status-publish","4":"has-post-thumbnail","6":"product_cat-limes-un-attirisanas-lidzekli","7":"product_cat-loksnu-plastikati","8":"product_tag-gf25","9":"product_tag-grandflash","10":"product_tag-lime","11":"product_tag-universala","13":"first","14":"instock","15":"shipping-taxable","16":"purchasable","17":"product-type-simple"},"yoast_head":"<!-- This site is optimized with the Yoast SEO plugin v27.4 - https:\/\/yoast.com\/product\/yoast-seo-wordpress\/ -->\n<title>Univers\u0101la l\u012bme GRANDFLSH GF-25 - WMT Baltic<\/title>\n<meta name=\"description\" content=\"\u0160\u0137idra vienkomponenta l\u012bme paredz\u0113ta PVC , gumijas , met\u0101la, pap\u012bra , kartona un plastik\u0101tu virsmu sal\u012bm\u0113\u0161anai.\" \/>\n<meta name=\"robots\" content=\"index, follow, max-snippet:-1, max-image-preview:large, max-video-preview:-1\" \/>\n<link rel=\"canonical\" href=\"https:\/\/wmtbaltic.lv\/product\/universala-lime-grandflsh-gf-25\/\" \/>\n<meta property=\"og:locale\" content=\"en_US\" \/>\n<meta property=\"og:type\" content=\"article\" \/>\n<meta property=\"og:title\" content=\"Univers\u0101la l\u012bme GRANDFLSH GF-25 - WMT Baltic\" \/>\n<meta property=\"og:description\" content=\"\u0160\u0137idra vienkomponenta l\u012bme paredz\u0113ta PVC , gumijas , met\u0101la, pap\u012bra , kartona un plastik\u0101tu virsmu sal\u012bm\u0113\u0161anai.\" \/>\n<meta property=\"og:url\" content=\"https:\/\/wmtbaltic.lv\/product\/universala-lime-grandflsh-gf-25\/\" \/>\n<meta property=\"og:site_name\" content=\"WMT Baltic\" \/>\n<meta property=\"article:publisher\" content=\"https:\/\/www.facebook.com\/WMT.Baltic.viscom\/?locale=lv_LV\" \/>\n<meta property=\"article:modified_time\" content=\"2025-07-17T06:40:57+00:00\" \/>\n<meta property=\"og:image\" content=\"http:\/\/wmtbaltic.lv\/wp-content\/uploads\/2022\/09\/09ae50c7-d0f7-4865-b4af-2fafa742c330-2.jpg\" \/>\n\t<meta property=\"og:image:width\" content=\"1828\" \/>\n\t<meta property=\"og:image:height\" content=\"2264\" \/>\n\t<meta property=\"og:image:type\" content=\"image\/jpeg\" \/>\n<meta name=\"twitter:card\" content=\"summary_large_image\" \/>\n<meta name=\"twitter:label1\" content=\"Est. reading time\" \/>\n\t<meta name=\"twitter:data1\" content=\"1 minute\" \/>\n<script type=\"application\/ld+json\" class=\"yoast-schema-graph\">{\"@context\":\"https:\\\/\\\/schema.org\",\"@graph\":[{\"@type\":\"WebPage\",\"@id\":\"https:\\\/\\\/wmtbaltic.lv\\\/product\\\/universala-lime-grandflsh-gf-25\\\/\",\"url\":\"https:\\\/\\\/wmtbaltic.lv\\\/product\\\/universala-lime-grandflsh-gf-25\\\/\",\"name\":\"Univers\u0101la l\u012bme GRANDFLSH GF-25 - WMT Baltic\",\"isPartOf\":{\"@id\":\"https:\\\/\\\/wmtbaltic.lv\\\/#website\"},\"primaryImageOfPage\":{\"@id\":\"https:\\\/\\\/wmtbaltic.lv\\\/product\\\/universala-lime-grandflsh-gf-25\\\/#primaryimage\"},\"image\":{\"@id\":\"https:\\\/\\\/wmtbaltic.lv\\\/product\\\/universala-lime-grandflsh-gf-25\\\/#primaryimage\"},\"thumbnailUrl\":\"https:\\\/\\\/wmtbaltic.lv\\\/wp-content\\\/uploads\\\/2022\\\/09\\\/09ae50c7-d0f7-4865-b4af-2fafa742c330-2.jpg\",\"datePublished\":\"2022-09-23T06:25:38+00:00\",\"dateModified\":\"2025-07-17T06:40:57+00:00\",\"description\":\"\u0160\u0137idra vienkomponenta l\u012bme paredz\u0113ta PVC , gumijas , met\u0101la, pap\u012bra , kartona un plastik\u0101tu virsmu sal\u012bm\u0113\u0161anai.\",\"breadcrumb\":{\"@id\":\"https:\\\/\\\/wmtbaltic.lv\\\/product\\\/universala-lime-grandflsh-gf-25\\\/#breadcrumb\"},\"inLanguage\":\"en-US\",\"potentialAction\":[{\"@type\":\"ReadAction\",\"target\":[\"https:\\\/\\\/wmtbaltic.lv\\\/product\\\/universala-lime-grandflsh-gf-25\\\/\"]}]},{\"@type\":\"ImageObject\",\"inLanguage\":\"en-US\",\"@id\":\"https:\\\/\\\/wmtbaltic.lv\\\/product\\\/universala-lime-grandflsh-gf-25\\\/#primaryimage\",\"url\":\"https:\\\/\\\/wmtbaltic.lv\\\/wp-content\\\/uploads\\\/2022\\\/09\\\/09ae50c7-d0f7-4865-b4af-2fafa742c330-2.jpg\",\"contentUrl\":\"https:\\\/\\\/wmtbaltic.lv\\\/wp-content\\\/uploads\\\/2022\\\/09\\\/09ae50c7-d0f7-4865-b4af-2fafa742c330-2.jpg\",\"width\":1828,\"height\":2264},{\"@type\":\"BreadcrumbList\",\"@id\":\"https:\\\/\\\/wmtbaltic.lv\\\/product\\\/universala-lime-grandflsh-gf-25\\\/#breadcrumb\",\"itemListElement\":[{\"@type\":\"ListItem\",\"position\":1,\"name\":\"Home\",\"item\":\"https:\\\/\\\/wmtbaltic.lv\\\/en\\\/\"},{\"@type\":\"ListItem\",\"position\":2,\"name\":\"Products\",\"item\":\"https:\\\/\\\/wmtbaltic.lv\\\/en\\\/shop\\\/\"},{\"@type\":\"ListItem\",\"position\":3,\"name\":\"Univers\u0101la l\u012bme GRANDFLSH GF-25\"}]},{\"@type\":\"WebSite\",\"@id\":\"https:\\\/\\\/wmtbaltic.lv\\\/#website\",\"url\":\"https:\\\/\\\/wmtbaltic.lv\\\/\",\"name\":\"WMT Baltic\",\"description\":\"Rekl\u0101mas produkti, pl\u0113ves\",\"publisher\":{\"@id\":\"https:\\\/\\\/wmtbaltic.lv\\\/#organization\"},\"potentialAction\":[{\"@type\":\"SearchAction\",\"target\":{\"@type\":\"EntryPoint\",\"urlTemplate\":\"https:\\\/\\\/wmtbaltic.lv\\\/?s={search_term_string}\"},\"query-input\":{\"@type\":\"PropertyValueSpecification\",\"valueRequired\":true,\"valueName\":\"search_term_string\"}}],\"inLanguage\":\"en-US\"},{\"@type\":\"Organization\",\"@id\":\"https:\\\/\\\/wmtbaltic.lv\\\/#organization\",\"name\":\"WMT Baltic\",\"url\":\"https:\\\/\\\/wmtbaltic.lv\\\/\",\"logo\":{\"@type\":\"ImageObject\",\"inLanguage\":\"en-US\",\"@id\":\"https:\\\/\\\/wmtbaltic.lv\\\/#\\\/schema\\\/logo\\\/image\\\/\",\"url\":\"https:\\\/\\\/wmtbaltic.lv\\\/wp-content\\\/uploads\\\/2024\\\/12\\\/wmt-baltic-sia_107142_9_420x180.jpg\",\"contentUrl\":\"https:\\\/\\\/wmtbaltic.lv\\\/wp-content\\\/uploads\\\/2024\\\/12\\\/wmt-baltic-sia_107142_9_420x180.jpg\",\"width\":420,\"height\":180,\"caption\":\"WMT Baltic\"},\"image\":{\"@id\":\"https:\\\/\\\/wmtbaltic.lv\\\/#\\\/schema\\\/logo\\\/image\\\/\"},\"sameAs\":[\"https:\\\/\\\/www.facebook.com\\\/WMT.Baltic.viscom\\\/?locale=lv_LV\",\"https:\\\/\\\/www.instagram.com\\\/viscom_wmt\\\/\"]}]}<\/script>\n<!-- \/ Yoast SEO plugin. -->","yoast_head_json":{"title":"Univers\u0101la l\u012bme GRANDFLSH GF-25 - WMT Baltic","description":"\u0160\u0137idra vienkomponenta l\u012bme paredz\u0113ta PVC , gumijas , met\u0101la, pap\u012bra , kartona un plastik\u0101tu virsmu sal\u012bm\u0113\u0161anai.","robots":{"index":"index","follow":"follow","max-snippet":"max-snippet:-1","max-image-preview":"max-image-preview:large","max-video-preview":"max-video-preview:-1"},"canonical":"https:\/\/wmtbaltic.lv\/product\/universala-lime-grandflsh-gf-25\/","og_locale":"en_US","og_type":"article","og_title":"Univers\u0101la l\u012bme GRANDFLSH GF-25 - WMT Baltic","og_description":"\u0160\u0137idra vienkomponenta l\u012bme paredz\u0113ta PVC , gumijas , met\u0101la, pap\u012bra , kartona un plastik\u0101tu virsmu sal\u012bm\u0113\u0161anai.","og_url":"https:\/\/wmtbaltic.lv\/product\/universala-lime-grandflsh-gf-25\/","og_site_name":"WMT Baltic","article_publisher":"https:\/\/www.facebook.com\/WMT.Baltic.viscom\/?locale=lv_LV","article_modified_time":"2025-07-17T06:40:57+00:00","og_image":[{"width":1828,"height":2264,"url":"http:\/\/wmtbaltic.lv\/wp-content\/uploads\/2022\/09\/09ae50c7-d0f7-4865-b4af-2fafa742c330-2.jpg","type":"image\/jpeg"}],"twitter_card":"summary_large_image","twitter_misc":{"Est. reading time":"1 minute"},"schema":{"@context":"https:\/\/schema.org","@graph":[{"@type":"WebPage","@id":"https:\/\/wmtbaltic.lv\/product\/universala-lime-grandflsh-gf-25\/","url":"https:\/\/wmtbaltic.lv\/product\/universala-lime-grandflsh-gf-25\/","name":"Univers\u0101la l\u012bme GRANDFLSH GF-25 - WMT Baltic","isPartOf":{"@id":"https:\/\/wmtbaltic.lv\/#website"},"primaryImageOfPage":{"@id":"https:\/\/wmtbaltic.lv\/product\/universala-lime-grandflsh-gf-25\/#primaryimage"},"image":{"@id":"https:\/\/wmtbaltic.lv\/product\/universala-lime-grandflsh-gf-25\/#primaryimage"},"thumbnailUrl":"https:\/\/wmtbaltic.lv\/wp-content\/uploads\/2022\/09\/09ae50c7-d0f7-4865-b4af-2fafa742c330-2.jpg","datePublished":"2022-09-23T06:25:38+00:00","dateModified":"2025-07-17T06:40:57+00:00","description":"\u0160\u0137idra vienkomponenta l\u012bme paredz\u0113ta PVC , gumijas , met\u0101la, pap\u012bra , kartona un plastik\u0101tu virsmu sal\u012bm\u0113\u0161anai.","breadcrumb":{"@id":"https:\/\/wmtbaltic.lv\/product\/universala-lime-grandflsh-gf-25\/#breadcrumb"},"inLanguage":"en-US","potentialAction":[{"@type":"ReadAction","target":["https:\/\/wmtbaltic.lv\/product\/universala-lime-grandflsh-gf-25\/"]}]},{"@type":"ImageObject","inLanguage":"en-US","@id":"https:\/\/wmtbaltic.lv\/product\/universala-lime-grandflsh-gf-25\/#primaryimage","url":"https:\/\/wmtbaltic.lv\/wp-content\/uploads\/2022\/09\/09ae50c7-d0f7-4865-b4af-2fafa742c330-2.jpg","contentUrl":"https:\/\/wmtbaltic.lv\/wp-content\/uploads\/2022\/09\/09ae50c7-d0f7-4865-b4af-2fafa742c330-2.jpg","width":1828,"height":2264},{"@type":"BreadcrumbList","@id":"https:\/\/wmtbaltic.lv\/product\/universala-lime-grandflsh-gf-25\/#breadcrumb","itemListElement":[{"@type":"ListItem","position":1,"name":"Home","item":"https:\/\/wmtbaltic.lv\/en\/"},{"@type":"ListItem","position":2,"name":"Products","item":"https:\/\/wmtbaltic.lv\/en\/shop\/"},{"@type":"ListItem","position":3,"name":"Univers\u0101la l\u012bme GRANDFLSH GF-25"}]},{"@type":"WebSite","@id":"https:\/\/wmtbaltic.lv\/#website","url":"https:\/\/wmtbaltic.lv\/","name":"WMT Baltic","description":"Rekl\u0101mas produkti, pl\u0113ves","publisher":{"@id":"https:\/\/wmtbaltic.lv\/#organization"},"potentialAction":[{"@type":"SearchAction","target":{"@type":"EntryPoint","urlTemplate":"https:\/\/wmtbaltic.lv\/?s={search_term_string}"},"query-input":{"@type":"PropertyValueSpecification","valueRequired":true,"valueName":"search_term_string"}}],"inLanguage":"en-US"},{"@type":"Organization","@id":"https:\/\/wmtbaltic.lv\/#organization","name":"WMT Baltic","url":"https:\/\/wmtbaltic.lv\/","logo":{"@type":"ImageObject","inLanguage":"en-US","@id":"https:\/\/wmtbaltic.lv\/#\/schema\/logo\/image\/","url":"https:\/\/wmtbaltic.lv\/wp-content\/uploads\/2024\/12\/wmt-baltic-sia_107142_9_420x180.jpg","contentUrl":"https:\/\/wmtbaltic.lv\/wp-content\/uploads\/2024\/12\/wmt-baltic-sia_107142_9_420x180.jpg","width":420,"height":180,"caption":"WMT Baltic"},"image":{"@id":"https:\/\/wmtbaltic.lv\/#\/schema\/logo\/image\/"},"sameAs":["https:\/\/www.facebook.com\/WMT.Baltic.viscom\/?locale=lv_LV","https:\/\/www.instagram.com\/viscom_wmt\/"]}]}},"_links":{"self":[{"href":"https:\/\/wmtbaltic.lv\/en\/wp-json\/wp\/v2\/product\/13708","targetHints":{"allow":["GET"]}}],"collection":[{"href":"https:\/\/wmtbaltic.lv\/en\/wp-json\/wp\/v2\/product"}],"about":[{"href":"https:\/\/wmtbaltic.lv\/en\/wp-json\/wp\/v2\/types\/product"}],"replies":[{"embeddable":true,"href":"https:\/\/wmtbaltic.lv\/en\/wp-json\/wp\/v2\/comments?post=13708"}],"wp:featuredmedia":[{"embeddable":true,"href":"https:\/\/wmtbaltic.lv\/en\/wp-json\/wp\/v2\/media\/13713"}],"wp:attachment":[{"href":"https:\/\/wmtbaltic.lv\/en\/wp-json\/wp\/v2\/media?parent=13708"}],"wp:term":[{"taxonomy":"product_brand","embeddable":true,"href":"https:\/\/wmtbaltic.lv\/en\/wp-json\/wp\/v2\/product_brand?post=13708"},{"taxonomy":"product_cat","embeddable":true,"href":"https:\/\/wmtbaltic.lv\/en\/wp-json\/wp\/v2\/product_cat?post=13708"},{"taxonomy":"product_tag","embeddable":true,"href":"https:\/\/wmtbaltic.lv\/en\/wp-json\/wp\/v2\/product_tag?post=13708"}],"curies":[{"name":"wp","href":"https:\/\/api.w.org\/{rel}","templated":true}]}}