{"id":13694,"date":"2022-09-22T13:01:09","date_gmt":"2022-09-22T13:01:09","guid":{"rendered":"https:\/\/wmtbaltic.lv\/?post_type=product&#038;p=13694"},"modified":"2025-07-17T07:50:41","modified_gmt":"2025-07-17T07:50:41","slug":"lime-grandflash-plus-hv","status":"publish","type":"product","link":"https:\/\/wmtbaltic.lv\/en\/product\/lime-grandflash-plus-hv\/","title":{"rendered":"GRANDFLASH PLUS HV l\u012bme cieto un putoto PVH sal\u012bm\u0113\u0161anai."},"content":{"rendered":"<p>GRANDFLASH PLUS HV l\u012bme\u00a0 cieto un putoto PVH \u0101trai sal\u012bm\u0113\u0161anai.<\/p>\n<p>Pirms izmanto\u0161anas att\u012brit virsmu. Uzlikt l\u012bmi uz vienas\u00a0 no virsm\u0101m, alikot kop\u0101 un\u00a0 paturet 30-60sek. Fiks\u0101cijas laiks\u00a0 no 2 l\u012bdz 4 min. Nav der\u012bgs met\u0101la profiliem.<\/p>\n<p>Tilpums: 200ml (180g.)<\/p>\n","protected":false},"excerpt":{"rendered":"GRANDFLASH PLUS HV l\u012bme\u00a0 cieto un putoto PVH \u0101trai sal\u012bm\u0113\u0161anai. Pirms izmanto\u0161anas att\u012brit virsmu. Uzlikt l\u012bmi uz vienas\u00a0 no virsm\u0101m, alikot kop\u0101 un\u00a0 paturet 30-60sek. Fiks\u0101cijas laiks\u00a0 no 2 l\u012bdz 4 min. Nav der\u012bgs met\u0101la profiliem. Tilpums: 200ml (180g.)","protected":false},"featured_media":13696,"comment_status":"closed","ping_status":"closed","template":"","meta":[],"product_brand":[],"product_cat":[112,31],"product_tag":[1139,844,1140],"class_list":{"0":"post-13694","1":"product","2":"type-product","3":"status-publish","4":"has-post-thumbnail","6":"product_cat-limes-un-attirisanas-lidzekli","7":"product_cat-loksnu-plastikati","8":"product_tag-gf-pvc-adhesive","9":"product_tag-pvc","10":"product_tag-pvh-lime","12":"first","13":"instock","14":"shipping-taxable","15":"purchasable","16":"product-type-simple"},"yoast_head":"<!-- This site is optimized with the Yoast SEO plugin v27.4 - https:\/\/yoast.com\/product\/yoast-seo-wordpress\/ -->\n<title>GRANDFLASH PLUS HV l\u012bme cieto un putoto PVH sal\u012bm\u0113\u0161anai. - WMT Baltic<\/title>\n<meta name=\"description\" content=\"GRANDFLASH PLUS HV l\u012bme\u00a0 cieto un putoto PVH \u0101trai sal\u012bm\u0113\u0161anai Uzlikt l\u012bmi uz vienas\u00a0 no virsm\u0101m, alikot kop\u0101 un\u00a0paturet 30-60sek.\" \/>\n<meta name=\"robots\" content=\"index, follow, max-snippet:-1, max-image-preview:large, max-video-preview:-1\" \/>\n<link rel=\"canonical\" href=\"https:\/\/wmtbaltic.lv\/product\/lime-grandflash-plus-hv\/\" \/>\n<meta property=\"og:locale\" content=\"en_US\" \/>\n<meta property=\"og:type\" content=\"article\" \/>\n<meta property=\"og:title\" content=\"GRANDFLASH PLUS HV l\u012bme cieto un putoto PVH sal\u012bm\u0113\u0161anai. - WMT Baltic\" \/>\n<meta property=\"og:description\" content=\"GRANDFLASH PLUS HV l\u012bme\u00a0 cieto un putoto PVH \u0101trai sal\u012bm\u0113\u0161anai Uzlikt l\u012bmi uz vienas\u00a0 no virsm\u0101m, alikot kop\u0101 un\u00a0paturet 30-60sek.\" \/>\n<meta property=\"og:url\" content=\"https:\/\/wmtbaltic.lv\/product\/lime-grandflash-plus-hv\/\" \/>\n<meta property=\"og:site_name\" content=\"WMT Baltic\" \/>\n<meta property=\"article:publisher\" content=\"https:\/\/www.facebook.com\/WMT.Baltic.viscom\/?locale=lv_LV\" \/>\n<meta property=\"article:modified_time\" content=\"2025-07-17T07:50:41+00:00\" \/>\n<meta property=\"og:image\" content=\"http:\/\/wmtbaltic.lv\/wp-content\/uploads\/2022\/09\/13abc456-ec4e-42e7-a6fa-754afcc4a5bc-1.jpg\" \/>\n\t<meta property=\"og:image:width\" content=\"2048\" \/>\n\t<meta property=\"og:image:height\" content=\"1536\" \/>\n\t<meta property=\"og:image:type\" content=\"image\/jpeg\" \/>\n<meta name=\"twitter:card\" content=\"summary_large_image\" \/>\n<meta name=\"twitter:label1\" content=\"Est. reading time\" \/>\n\t<meta name=\"twitter:data1\" content=\"1 minute\" \/>\n<script type=\"application\/ld+json\" class=\"yoast-schema-graph\">{\"@context\":\"https:\\\/\\\/schema.org\",\"@graph\":[{\"@type\":\"WebPage\",\"@id\":\"https:\\\/\\\/wmtbaltic.lv\\\/product\\\/lime-grandflash-plus-hv\\\/\",\"url\":\"https:\\\/\\\/wmtbaltic.lv\\\/product\\\/lime-grandflash-plus-hv\\\/\",\"name\":\"GRANDFLASH PLUS HV l\u012bme cieto un putoto PVH sal\u012bm\u0113\u0161anai. - WMT Baltic\",\"isPartOf\":{\"@id\":\"https:\\\/\\\/wmtbaltic.lv\\\/#website\"},\"primaryImageOfPage\":{\"@id\":\"https:\\\/\\\/wmtbaltic.lv\\\/product\\\/lime-grandflash-plus-hv\\\/#primaryimage\"},\"image\":{\"@id\":\"https:\\\/\\\/wmtbaltic.lv\\\/product\\\/lime-grandflash-plus-hv\\\/#primaryimage\"},\"thumbnailUrl\":\"https:\\\/\\\/wmtbaltic.lv\\\/wp-content\\\/uploads\\\/2022\\\/09\\\/13abc456-ec4e-42e7-a6fa-754afcc4a5bc-1.jpg\",\"datePublished\":\"2022-09-22T13:01:09+00:00\",\"dateModified\":\"2025-07-17T07:50:41+00:00\",\"description\":\"GRANDFLASH PLUS HV l\u012bme\u00a0 cieto un putoto PVH \u0101trai sal\u012bm\u0113\u0161anai Uzlikt l\u012bmi uz vienas\u00a0 no virsm\u0101m, alikot kop\u0101 un\u00a0paturet 30-60sek.\",\"breadcrumb\":{\"@id\":\"https:\\\/\\\/wmtbaltic.lv\\\/product\\\/lime-grandflash-plus-hv\\\/#breadcrumb\"},\"inLanguage\":\"en-US\",\"potentialAction\":[{\"@type\":\"ReadAction\",\"target\":[\"https:\\\/\\\/wmtbaltic.lv\\\/product\\\/lime-grandflash-plus-hv\\\/\"]}]},{\"@type\":\"ImageObject\",\"inLanguage\":\"en-US\",\"@id\":\"https:\\\/\\\/wmtbaltic.lv\\\/product\\\/lime-grandflash-plus-hv\\\/#primaryimage\",\"url\":\"https:\\\/\\\/wmtbaltic.lv\\\/wp-content\\\/uploads\\\/2022\\\/09\\\/13abc456-ec4e-42e7-a6fa-754afcc4a5bc-1.jpg\",\"contentUrl\":\"https:\\\/\\\/wmtbaltic.lv\\\/wp-content\\\/uploads\\\/2022\\\/09\\\/13abc456-ec4e-42e7-a6fa-754afcc4a5bc-1.jpg\",\"width\":2048,\"height\":1536},{\"@type\":\"BreadcrumbList\",\"@id\":\"https:\\\/\\\/wmtbaltic.lv\\\/product\\\/lime-grandflash-plus-hv\\\/#breadcrumb\",\"itemListElement\":[{\"@type\":\"ListItem\",\"position\":1,\"name\":\"Home\",\"item\":\"https:\\\/\\\/wmtbaltic.lv\\\/en\\\/\"},{\"@type\":\"ListItem\",\"position\":2,\"name\":\"Products\",\"item\":\"https:\\\/\\\/wmtbaltic.lv\\\/en\\\/shop\\\/\"},{\"@type\":\"ListItem\",\"position\":3,\"name\":\"GRANDFLASH PLUS HV l\u012bme cieto un putoto PVH sal\u012bm\u0113\u0161anai.\"}]},{\"@type\":\"WebSite\",\"@id\":\"https:\\\/\\\/wmtbaltic.lv\\\/#website\",\"url\":\"https:\\\/\\\/wmtbaltic.lv\\\/\",\"name\":\"WMT Baltic\",\"description\":\"Rekl\u0101mas produkti, pl\u0113ves\",\"publisher\":{\"@id\":\"https:\\\/\\\/wmtbaltic.lv\\\/#organization\"},\"potentialAction\":[{\"@type\":\"SearchAction\",\"target\":{\"@type\":\"EntryPoint\",\"urlTemplate\":\"https:\\\/\\\/wmtbaltic.lv\\\/?s={search_term_string}\"},\"query-input\":{\"@type\":\"PropertyValueSpecification\",\"valueRequired\":true,\"valueName\":\"search_term_string\"}}],\"inLanguage\":\"en-US\"},{\"@type\":\"Organization\",\"@id\":\"https:\\\/\\\/wmtbaltic.lv\\\/#organization\",\"name\":\"WMT Baltic\",\"url\":\"https:\\\/\\\/wmtbaltic.lv\\\/\",\"logo\":{\"@type\":\"ImageObject\",\"inLanguage\":\"en-US\",\"@id\":\"https:\\\/\\\/wmtbaltic.lv\\\/#\\\/schema\\\/logo\\\/image\\\/\",\"url\":\"https:\\\/\\\/wmtbaltic.lv\\\/wp-content\\\/uploads\\\/2024\\\/12\\\/wmt-baltic-sia_107142_9_420x180.jpg\",\"contentUrl\":\"https:\\\/\\\/wmtbaltic.lv\\\/wp-content\\\/uploads\\\/2024\\\/12\\\/wmt-baltic-sia_107142_9_420x180.jpg\",\"width\":420,\"height\":180,\"caption\":\"WMT Baltic\"},\"image\":{\"@id\":\"https:\\\/\\\/wmtbaltic.lv\\\/#\\\/schema\\\/logo\\\/image\\\/\"},\"sameAs\":[\"https:\\\/\\\/www.facebook.com\\\/WMT.Baltic.viscom\\\/?locale=lv_LV\",\"https:\\\/\\\/www.instagram.com\\\/viscom_wmt\\\/\"]}]}<\/script>\n<!-- \/ Yoast SEO plugin. -->","yoast_head_json":{"title":"GRANDFLASH PLUS HV l\u012bme cieto un putoto PVH sal\u012bm\u0113\u0161anai. - WMT Baltic","description":"GRANDFLASH PLUS HV l\u012bme\u00a0 cieto un putoto PVH \u0101trai sal\u012bm\u0113\u0161anai Uzlikt l\u012bmi uz vienas\u00a0 no virsm\u0101m, alikot kop\u0101 un\u00a0paturet 30-60sek.","robots":{"index":"index","follow":"follow","max-snippet":"max-snippet:-1","max-image-preview":"max-image-preview:large","max-video-preview":"max-video-preview:-1"},"canonical":"https:\/\/wmtbaltic.lv\/product\/lime-grandflash-plus-hv\/","og_locale":"en_US","og_type":"article","og_title":"GRANDFLASH PLUS HV l\u012bme cieto un putoto PVH sal\u012bm\u0113\u0161anai. - WMT Baltic","og_description":"GRANDFLASH PLUS HV l\u012bme\u00a0 cieto un putoto PVH \u0101trai sal\u012bm\u0113\u0161anai Uzlikt l\u012bmi uz vienas\u00a0 no virsm\u0101m, alikot kop\u0101 un\u00a0paturet 30-60sek.","og_url":"https:\/\/wmtbaltic.lv\/product\/lime-grandflash-plus-hv\/","og_site_name":"WMT Baltic","article_publisher":"https:\/\/www.facebook.com\/WMT.Baltic.viscom\/?locale=lv_LV","article_modified_time":"2025-07-17T07:50:41+00:00","og_image":[{"width":2048,"height":1536,"url":"http:\/\/wmtbaltic.lv\/wp-content\/uploads\/2022\/09\/13abc456-ec4e-42e7-a6fa-754afcc4a5bc-1.jpg","type":"image\/jpeg"}],"twitter_card":"summary_large_image","twitter_misc":{"Est. reading time":"1 minute"},"schema":{"@context":"https:\/\/schema.org","@graph":[{"@type":"WebPage","@id":"https:\/\/wmtbaltic.lv\/product\/lime-grandflash-plus-hv\/","url":"https:\/\/wmtbaltic.lv\/product\/lime-grandflash-plus-hv\/","name":"GRANDFLASH PLUS HV l\u012bme cieto un putoto PVH sal\u012bm\u0113\u0161anai. - WMT Baltic","isPartOf":{"@id":"https:\/\/wmtbaltic.lv\/#website"},"primaryImageOfPage":{"@id":"https:\/\/wmtbaltic.lv\/product\/lime-grandflash-plus-hv\/#primaryimage"},"image":{"@id":"https:\/\/wmtbaltic.lv\/product\/lime-grandflash-plus-hv\/#primaryimage"},"thumbnailUrl":"https:\/\/wmtbaltic.lv\/wp-content\/uploads\/2022\/09\/13abc456-ec4e-42e7-a6fa-754afcc4a5bc-1.jpg","datePublished":"2022-09-22T13:01:09+00:00","dateModified":"2025-07-17T07:50:41+00:00","description":"GRANDFLASH PLUS HV l\u012bme\u00a0 cieto un putoto PVH \u0101trai sal\u012bm\u0113\u0161anai Uzlikt l\u012bmi uz vienas\u00a0 no virsm\u0101m, alikot kop\u0101 un\u00a0paturet 30-60sek.","breadcrumb":{"@id":"https:\/\/wmtbaltic.lv\/product\/lime-grandflash-plus-hv\/#breadcrumb"},"inLanguage":"en-US","potentialAction":[{"@type":"ReadAction","target":["https:\/\/wmtbaltic.lv\/product\/lime-grandflash-plus-hv\/"]}]},{"@type":"ImageObject","inLanguage":"en-US","@id":"https:\/\/wmtbaltic.lv\/product\/lime-grandflash-plus-hv\/#primaryimage","url":"https:\/\/wmtbaltic.lv\/wp-content\/uploads\/2022\/09\/13abc456-ec4e-42e7-a6fa-754afcc4a5bc-1.jpg","contentUrl":"https:\/\/wmtbaltic.lv\/wp-content\/uploads\/2022\/09\/13abc456-ec4e-42e7-a6fa-754afcc4a5bc-1.jpg","width":2048,"height":1536},{"@type":"BreadcrumbList","@id":"https:\/\/wmtbaltic.lv\/product\/lime-grandflash-plus-hv\/#breadcrumb","itemListElement":[{"@type":"ListItem","position":1,"name":"Home","item":"https:\/\/wmtbaltic.lv\/en\/"},{"@type":"ListItem","position":2,"name":"Products","item":"https:\/\/wmtbaltic.lv\/en\/shop\/"},{"@type":"ListItem","position":3,"name":"GRANDFLASH PLUS HV l\u012bme cieto un putoto PVH sal\u012bm\u0113\u0161anai."}]},{"@type":"WebSite","@id":"https:\/\/wmtbaltic.lv\/#website","url":"https:\/\/wmtbaltic.lv\/","name":"WMT Baltic","description":"Rekl\u0101mas produkti, pl\u0113ves","publisher":{"@id":"https:\/\/wmtbaltic.lv\/#organization"},"potentialAction":[{"@type":"SearchAction","target":{"@type":"EntryPoint","urlTemplate":"https:\/\/wmtbaltic.lv\/?s={search_term_string}"},"query-input":{"@type":"PropertyValueSpecification","valueRequired":true,"valueName":"search_term_string"}}],"inLanguage":"en-US"},{"@type":"Organization","@id":"https:\/\/wmtbaltic.lv\/#organization","name":"WMT Baltic","url":"https:\/\/wmtbaltic.lv\/","logo":{"@type":"ImageObject","inLanguage":"en-US","@id":"https:\/\/wmtbaltic.lv\/#\/schema\/logo\/image\/","url":"https:\/\/wmtbaltic.lv\/wp-content\/uploads\/2024\/12\/wmt-baltic-sia_107142_9_420x180.jpg","contentUrl":"https:\/\/wmtbaltic.lv\/wp-content\/uploads\/2024\/12\/wmt-baltic-sia_107142_9_420x180.jpg","width":420,"height":180,"caption":"WMT Baltic"},"image":{"@id":"https:\/\/wmtbaltic.lv\/#\/schema\/logo\/image\/"},"sameAs":["https:\/\/www.facebook.com\/WMT.Baltic.viscom\/?locale=lv_LV","https:\/\/www.instagram.com\/viscom_wmt\/"]}]}},"_links":{"self":[{"href":"https:\/\/wmtbaltic.lv\/en\/wp-json\/wp\/v2\/product\/13694","targetHints":{"allow":["GET"]}}],"collection":[{"href":"https:\/\/wmtbaltic.lv\/en\/wp-json\/wp\/v2\/product"}],"about":[{"href":"https:\/\/wmtbaltic.lv\/en\/wp-json\/wp\/v2\/types\/product"}],"replies":[{"embeddable":true,"href":"https:\/\/wmtbaltic.lv\/en\/wp-json\/wp\/v2\/comments?post=13694"}],"wp:featuredmedia":[{"embeddable":true,"href":"https:\/\/wmtbaltic.lv\/en\/wp-json\/wp\/v2\/media\/13696"}],"wp:attachment":[{"href":"https:\/\/wmtbaltic.lv\/en\/wp-json\/wp\/v2\/media?parent=13694"}],"wp:term":[{"taxonomy":"product_brand","embeddable":true,"href":"https:\/\/wmtbaltic.lv\/en\/wp-json\/wp\/v2\/product_brand?post=13694"},{"taxonomy":"product_cat","embeddable":true,"href":"https:\/\/wmtbaltic.lv\/en\/wp-json\/wp\/v2\/product_cat?post=13694"},{"taxonomy":"product_tag","embeddable":true,"href":"https:\/\/wmtbaltic.lv\/en\/wp-json\/wp\/v2\/product_tag?post=13694"}],"curies":[{"name":"wp","href":"https:\/\/api.w.org\/{rel}","templated":true}]}}