{"id":13693,"date":"2022-09-22T13:29:24","date_gmt":"2022-09-22T13:29:24","guid":{"rendered":"https:\/\/wmtbaltic.lv\/?post_type=product&#038;p=13693"},"modified":"2025-07-17T07:48:10","modified_gmt":"2025-07-17T07:48:10","slug":"grandflash-gf-pmma-lime-organiska-stikla-salimesanai","status":"publish","type":"product","link":"https:\/\/wmtbaltic.lv\/en\/product\/grandflash-gf-pmma-lime-organiska-stikla-salimesanai\/","title":{"rendered":"GRANDFLASH GF PMMA l\u012bme organisk\u0101 stikla sal\u012bm\u0113\u0161anai."},"content":{"rendered":"<p>GRANDFLASH GF PMMA speci\u0101la l\u012bme uz metilakril\u0101ta b\u0101zes organisk\u0101 stikla un PVH lok\u0161\u0146\u016b\u00a0 sal\u012bm\u0113\u0161anai.<\/p>\n<p>Tilpums: 200 ml.<\/p>\n","protected":false},"excerpt":{"rendered":"GRANDFLASH GF PMMA speci\u0101la l\u012bme uz metilakril\u0101ta b\u0101zes organisk\u0101 stikla un PVH lok\u0161\u0146\u016b\u00a0 sal\u012bm\u0113\u0161anai. Tilpums: 200 ml.","protected":false},"featured_media":13703,"comment_status":"closed","ping_status":"closed","template":"","meta":[],"product_brand":[],"product_cat":[112,31],"product_tag":[1141,1128,1143,1142],"class_list":{"0":"post-13693","1":"product","2":"type-product","3":"status-publish","4":"has-post-thumbnail","6":"product_cat-limes-un-attirisanas-lidzekli","7":"product_cat-loksnu-plastikati","8":"product_tag-gf-pmmma","9":"product_tag-grandflash","10":"product_tag-orgstikla-lime","11":"product_tag-stikla-salimesana","13":"first","14":"instock","15":"shipping-taxable","16":"purchasable","17":"product-type-simple"},"yoast_head":"<!-- This site is optimized with the Yoast SEO plugin v27.4 - https:\/\/yoast.com\/product\/yoast-seo-wordpress\/ -->\n<title>GRANDFLASH GF PMMA l\u012bme organisk\u0101 stikla sal\u012bm\u0113\u0161anai. - WMT Baltic<\/title>\n<meta name=\"description\" content=\"Grandflash vienkomponenta l\u012bme balst\u012bta uz metilakril\u0101ta b\u0101zes akrilstikla sal\u012bm\u0113\u0161anai. WMTBaltic sia veikals R\u012bga.\" \/>\n<meta name=\"robots\" content=\"index, follow, max-snippet:-1, max-image-preview:large, max-video-preview:-1\" \/>\n<link rel=\"canonical\" href=\"https:\/\/wmtbaltic.lv\/product\/grandflash-gf-pmma-lime-organiska-stikla-salimesanai\/\" \/>\n<meta property=\"og:locale\" content=\"en_US\" \/>\n<meta property=\"og:type\" content=\"article\" \/>\n<meta property=\"og:title\" content=\"GRANDFLASH GF PMMA l\u012bme organisk\u0101 stikla sal\u012bm\u0113\u0161anai. - WMT Baltic\" \/>\n<meta property=\"og:description\" content=\"Grandflash vienkomponenta l\u012bme balst\u012bta uz metilakril\u0101ta b\u0101zes akrilstikla sal\u012bm\u0113\u0161anai. WMTBaltic sia veikals R\u012bga.\" \/>\n<meta property=\"og:url\" content=\"https:\/\/wmtbaltic.lv\/product\/grandflash-gf-pmma-lime-organiska-stikla-salimesanai\/\" \/>\n<meta property=\"og:site_name\" content=\"WMT Baltic\" \/>\n<meta property=\"article:publisher\" content=\"https:\/\/www.facebook.com\/WMT.Baltic.viscom\/?locale=lv_LV\" \/>\n<meta property=\"article:modified_time\" content=\"2025-07-17T07:48:10+00:00\" \/>\n<meta property=\"og:image\" content=\"http:\/\/wmtbaltic.lv\/wp-content\/uploads\/2022\/09\/9eb2d3d9-fd74-41f6-9875-460ecf79bf44-2.jpg\" \/>\n\t<meta property=\"og:image:width\" content=\"2096\" \/>\n\t<meta property=\"og:image:height\" content=\"1538\" \/>\n\t<meta property=\"og:image:type\" content=\"image\/jpeg\" \/>\n<meta name=\"twitter:card\" content=\"summary_large_image\" \/>\n<script type=\"application\/ld+json\" class=\"yoast-schema-graph\">{\"@context\":\"https:\\\/\\\/schema.org\",\"@graph\":[{\"@type\":\"WebPage\",\"@id\":\"https:\\\/\\\/wmtbaltic.lv\\\/product\\\/grandflash-gf-pmma-lime-organiska-stikla-salimesanai\\\/\",\"url\":\"https:\\\/\\\/wmtbaltic.lv\\\/product\\\/grandflash-gf-pmma-lime-organiska-stikla-salimesanai\\\/\",\"name\":\"GRANDFLASH GF PMMA l\u012bme organisk\u0101 stikla sal\u012bm\u0113\u0161anai. - WMT Baltic\",\"isPartOf\":{\"@id\":\"https:\\\/\\\/wmtbaltic.lv\\\/#website\"},\"primaryImageOfPage\":{\"@id\":\"https:\\\/\\\/wmtbaltic.lv\\\/product\\\/grandflash-gf-pmma-lime-organiska-stikla-salimesanai\\\/#primaryimage\"},\"image\":{\"@id\":\"https:\\\/\\\/wmtbaltic.lv\\\/product\\\/grandflash-gf-pmma-lime-organiska-stikla-salimesanai\\\/#primaryimage\"},\"thumbnailUrl\":\"https:\\\/\\\/wmtbaltic.lv\\\/wp-content\\\/uploads\\\/2022\\\/09\\\/9eb2d3d9-fd74-41f6-9875-460ecf79bf44-2.jpg\",\"datePublished\":\"2022-09-22T13:29:24+00:00\",\"dateModified\":\"2025-07-17T07:48:10+00:00\",\"description\":\"Grandflash vienkomponenta l\u012bme balst\u012bta uz metilakril\u0101ta b\u0101zes akrilstikla sal\u012bm\u0113\u0161anai. WMTBaltic sia veikals R\u012bga.\",\"breadcrumb\":{\"@id\":\"https:\\\/\\\/wmtbaltic.lv\\\/product\\\/grandflash-gf-pmma-lime-organiska-stikla-salimesanai\\\/#breadcrumb\"},\"inLanguage\":\"en-US\",\"potentialAction\":[{\"@type\":\"ReadAction\",\"target\":[\"https:\\\/\\\/wmtbaltic.lv\\\/product\\\/grandflash-gf-pmma-lime-organiska-stikla-salimesanai\\\/\"]}]},{\"@type\":\"ImageObject\",\"inLanguage\":\"en-US\",\"@id\":\"https:\\\/\\\/wmtbaltic.lv\\\/product\\\/grandflash-gf-pmma-lime-organiska-stikla-salimesanai\\\/#primaryimage\",\"url\":\"https:\\\/\\\/wmtbaltic.lv\\\/wp-content\\\/uploads\\\/2022\\\/09\\\/9eb2d3d9-fd74-41f6-9875-460ecf79bf44-2.jpg\",\"contentUrl\":\"https:\\\/\\\/wmtbaltic.lv\\\/wp-content\\\/uploads\\\/2022\\\/09\\\/9eb2d3d9-fd74-41f6-9875-460ecf79bf44-2.jpg\",\"width\":2096,\"height\":1538},{\"@type\":\"BreadcrumbList\",\"@id\":\"https:\\\/\\\/wmtbaltic.lv\\\/product\\\/grandflash-gf-pmma-lime-organiska-stikla-salimesanai\\\/#breadcrumb\",\"itemListElement\":[{\"@type\":\"ListItem\",\"position\":1,\"name\":\"Home\",\"item\":\"https:\\\/\\\/wmtbaltic.lv\\\/en\\\/\"},{\"@type\":\"ListItem\",\"position\":2,\"name\":\"Products\",\"item\":\"https:\\\/\\\/wmtbaltic.lv\\\/en\\\/shop\\\/\"},{\"@type\":\"ListItem\",\"position\":3,\"name\":\"GRANDFLASH GF PMMA l\u012bme organisk\u0101 stikla sal\u012bm\u0113\u0161anai.\"}]},{\"@type\":\"WebSite\",\"@id\":\"https:\\\/\\\/wmtbaltic.lv\\\/#website\",\"url\":\"https:\\\/\\\/wmtbaltic.lv\\\/\",\"name\":\"WMT Baltic\",\"description\":\"Rekl\u0101mas produkti, pl\u0113ves\",\"publisher\":{\"@id\":\"https:\\\/\\\/wmtbaltic.lv\\\/#organization\"},\"potentialAction\":[{\"@type\":\"SearchAction\",\"target\":{\"@type\":\"EntryPoint\",\"urlTemplate\":\"https:\\\/\\\/wmtbaltic.lv\\\/?s={search_term_string}\"},\"query-input\":{\"@type\":\"PropertyValueSpecification\",\"valueRequired\":true,\"valueName\":\"search_term_string\"}}],\"inLanguage\":\"en-US\"},{\"@type\":\"Organization\",\"@id\":\"https:\\\/\\\/wmtbaltic.lv\\\/#organization\",\"name\":\"WMT Baltic\",\"url\":\"https:\\\/\\\/wmtbaltic.lv\\\/\",\"logo\":{\"@type\":\"ImageObject\",\"inLanguage\":\"en-US\",\"@id\":\"https:\\\/\\\/wmtbaltic.lv\\\/#\\\/schema\\\/logo\\\/image\\\/\",\"url\":\"https:\\\/\\\/wmtbaltic.lv\\\/wp-content\\\/uploads\\\/2024\\\/12\\\/wmt-baltic-sia_107142_9_420x180.jpg\",\"contentUrl\":\"https:\\\/\\\/wmtbaltic.lv\\\/wp-content\\\/uploads\\\/2024\\\/12\\\/wmt-baltic-sia_107142_9_420x180.jpg\",\"width\":420,\"height\":180,\"caption\":\"WMT Baltic\"},\"image\":{\"@id\":\"https:\\\/\\\/wmtbaltic.lv\\\/#\\\/schema\\\/logo\\\/image\\\/\"},\"sameAs\":[\"https:\\\/\\\/www.facebook.com\\\/WMT.Baltic.viscom\\\/?locale=lv_LV\",\"https:\\\/\\\/www.instagram.com\\\/viscom_wmt\\\/\"]}]}<\/script>\n<!-- \/ Yoast SEO plugin. -->","yoast_head_json":{"title":"GRANDFLASH GF PMMA l\u012bme organisk\u0101 stikla sal\u012bm\u0113\u0161anai. - WMT Baltic","description":"Grandflash vienkomponenta l\u012bme balst\u012bta uz metilakril\u0101ta b\u0101zes akrilstikla sal\u012bm\u0113\u0161anai. WMTBaltic sia veikals R\u012bga.","robots":{"index":"index","follow":"follow","max-snippet":"max-snippet:-1","max-image-preview":"max-image-preview:large","max-video-preview":"max-video-preview:-1"},"canonical":"https:\/\/wmtbaltic.lv\/product\/grandflash-gf-pmma-lime-organiska-stikla-salimesanai\/","og_locale":"en_US","og_type":"article","og_title":"GRANDFLASH GF PMMA l\u012bme organisk\u0101 stikla sal\u012bm\u0113\u0161anai. - WMT Baltic","og_description":"Grandflash vienkomponenta l\u012bme balst\u012bta uz metilakril\u0101ta b\u0101zes akrilstikla sal\u012bm\u0113\u0161anai. WMTBaltic sia veikals R\u012bga.","og_url":"https:\/\/wmtbaltic.lv\/product\/grandflash-gf-pmma-lime-organiska-stikla-salimesanai\/","og_site_name":"WMT Baltic","article_publisher":"https:\/\/www.facebook.com\/WMT.Baltic.viscom\/?locale=lv_LV","article_modified_time":"2025-07-17T07:48:10+00:00","og_image":[{"width":2096,"height":1538,"url":"http:\/\/wmtbaltic.lv\/wp-content\/uploads\/2022\/09\/9eb2d3d9-fd74-41f6-9875-460ecf79bf44-2.jpg","type":"image\/jpeg"}],"twitter_card":"summary_large_image","schema":{"@context":"https:\/\/schema.org","@graph":[{"@type":"WebPage","@id":"https:\/\/wmtbaltic.lv\/product\/grandflash-gf-pmma-lime-organiska-stikla-salimesanai\/","url":"https:\/\/wmtbaltic.lv\/product\/grandflash-gf-pmma-lime-organiska-stikla-salimesanai\/","name":"GRANDFLASH GF PMMA l\u012bme organisk\u0101 stikla sal\u012bm\u0113\u0161anai. - WMT Baltic","isPartOf":{"@id":"https:\/\/wmtbaltic.lv\/#website"},"primaryImageOfPage":{"@id":"https:\/\/wmtbaltic.lv\/product\/grandflash-gf-pmma-lime-organiska-stikla-salimesanai\/#primaryimage"},"image":{"@id":"https:\/\/wmtbaltic.lv\/product\/grandflash-gf-pmma-lime-organiska-stikla-salimesanai\/#primaryimage"},"thumbnailUrl":"https:\/\/wmtbaltic.lv\/wp-content\/uploads\/2022\/09\/9eb2d3d9-fd74-41f6-9875-460ecf79bf44-2.jpg","datePublished":"2022-09-22T13:29:24+00:00","dateModified":"2025-07-17T07:48:10+00:00","description":"Grandflash vienkomponenta l\u012bme balst\u012bta uz metilakril\u0101ta b\u0101zes akrilstikla sal\u012bm\u0113\u0161anai. WMTBaltic sia veikals R\u012bga.","breadcrumb":{"@id":"https:\/\/wmtbaltic.lv\/product\/grandflash-gf-pmma-lime-organiska-stikla-salimesanai\/#breadcrumb"},"inLanguage":"en-US","potentialAction":[{"@type":"ReadAction","target":["https:\/\/wmtbaltic.lv\/product\/grandflash-gf-pmma-lime-organiska-stikla-salimesanai\/"]}]},{"@type":"ImageObject","inLanguage":"en-US","@id":"https:\/\/wmtbaltic.lv\/product\/grandflash-gf-pmma-lime-organiska-stikla-salimesanai\/#primaryimage","url":"https:\/\/wmtbaltic.lv\/wp-content\/uploads\/2022\/09\/9eb2d3d9-fd74-41f6-9875-460ecf79bf44-2.jpg","contentUrl":"https:\/\/wmtbaltic.lv\/wp-content\/uploads\/2022\/09\/9eb2d3d9-fd74-41f6-9875-460ecf79bf44-2.jpg","width":2096,"height":1538},{"@type":"BreadcrumbList","@id":"https:\/\/wmtbaltic.lv\/product\/grandflash-gf-pmma-lime-organiska-stikla-salimesanai\/#breadcrumb","itemListElement":[{"@type":"ListItem","position":1,"name":"Home","item":"https:\/\/wmtbaltic.lv\/en\/"},{"@type":"ListItem","position":2,"name":"Products","item":"https:\/\/wmtbaltic.lv\/en\/shop\/"},{"@type":"ListItem","position":3,"name":"GRANDFLASH GF PMMA l\u012bme organisk\u0101 stikla sal\u012bm\u0113\u0161anai."}]},{"@type":"WebSite","@id":"https:\/\/wmtbaltic.lv\/#website","url":"https:\/\/wmtbaltic.lv\/","name":"WMT Baltic","description":"Rekl\u0101mas produkti, pl\u0113ves","publisher":{"@id":"https:\/\/wmtbaltic.lv\/#organization"},"potentialAction":[{"@type":"SearchAction","target":{"@type":"EntryPoint","urlTemplate":"https:\/\/wmtbaltic.lv\/?s={search_term_string}"},"query-input":{"@type":"PropertyValueSpecification","valueRequired":true,"valueName":"search_term_string"}}],"inLanguage":"en-US"},{"@type":"Organization","@id":"https:\/\/wmtbaltic.lv\/#organization","name":"WMT Baltic","url":"https:\/\/wmtbaltic.lv\/","logo":{"@type":"ImageObject","inLanguage":"en-US","@id":"https:\/\/wmtbaltic.lv\/#\/schema\/logo\/image\/","url":"https:\/\/wmtbaltic.lv\/wp-content\/uploads\/2024\/12\/wmt-baltic-sia_107142_9_420x180.jpg","contentUrl":"https:\/\/wmtbaltic.lv\/wp-content\/uploads\/2024\/12\/wmt-baltic-sia_107142_9_420x180.jpg","width":420,"height":180,"caption":"WMT Baltic"},"image":{"@id":"https:\/\/wmtbaltic.lv\/#\/schema\/logo\/image\/"},"sameAs":["https:\/\/www.facebook.com\/WMT.Baltic.viscom\/?locale=lv_LV","https:\/\/www.instagram.com\/viscom_wmt\/"]}]}},"_links":{"self":[{"href":"https:\/\/wmtbaltic.lv\/en\/wp-json\/wp\/v2\/product\/13693","targetHints":{"allow":["GET"]}}],"collection":[{"href":"https:\/\/wmtbaltic.lv\/en\/wp-json\/wp\/v2\/product"}],"about":[{"href":"https:\/\/wmtbaltic.lv\/en\/wp-json\/wp\/v2\/types\/product"}],"replies":[{"embeddable":true,"href":"https:\/\/wmtbaltic.lv\/en\/wp-json\/wp\/v2\/comments?post=13693"}],"wp:featuredmedia":[{"embeddable":true,"href":"https:\/\/wmtbaltic.lv\/en\/wp-json\/wp\/v2\/media\/13703"}],"wp:attachment":[{"href":"https:\/\/wmtbaltic.lv\/en\/wp-json\/wp\/v2\/media?parent=13693"}],"wp:term":[{"taxonomy":"product_brand","embeddable":true,"href":"https:\/\/wmtbaltic.lv\/en\/wp-json\/wp\/v2\/product_brand?post=13693"},{"taxonomy":"product_cat","embeddable":true,"href":"https:\/\/wmtbaltic.lv\/en\/wp-json\/wp\/v2\/product_cat?post=13693"},{"taxonomy":"product_tag","embeddable":true,"href":"https:\/\/wmtbaltic.lv\/en\/wp-json\/wp\/v2\/product_tag?post=13693"}],"curies":[{"name":"wp","href":"https:\/\/api.w.org\/{rel}","templated":true}]}}