{"id":13679,"date":"2022-09-22T12:18:20","date_gmt":"2022-09-22T12:18:20","guid":{"rendered":"https:\/\/wmtbaltic.lv\/?post_type=product&#038;p=13679"},"modified":"2026-04-22T10:52:35","modified_gmt":"2026-04-22T10:52:35","slug":"attirisanas-lidzeklis-grandflash-gf-pvc20","status":"publish","type":"product","link":"https:\/\/wmtbaltic.lv\/en\/product\/attirisanas-lidzeklis-grandflash-gf-pvc20\/","title":{"rendered":"Att\u012br\u012b\u0161anas\u00a0l\u012bdzeklis\u00a0 GRANDFLASH GF PVC20"},"content":{"rendered":"<p>Att\u012br\u012b\u0161anas\u00a0 l\u012bdzeklis\u00a0 &#8220;bez \u0161\u0137\u012bdin\u0101t\u0101ja&#8221; un vienlaic\u012bgi antistati\u0137is ar pat\u012bkamu smar\u017e\u016b &#8211; piem\u0113rots cietajiem PVH, ABS, PMMA, k\u0101 ar\u012b materi\u0101liem ar sant\u0113tisk\u0101m virsm\u0101m.<\/p>\n<p>Tilpums 1000 ml.<\/p>\n<p>&nbsp;<\/p>\n","protected":false},"excerpt":{"rendered":"Att\u012br\u012b\u0161anas\u00a0 l\u012bdzeklis\u00a0 \"bez \u0161\u0137\u012bdin\u0101t\u0101ja\" un vienlaic\u012bgi antistati\u0137is ar pat\u012bkamu smar\u017e\u016b - piem\u0113rots cietajiem PVH, ABS, PMMA, k\u0101 ar\u012b materi\u0101liem ar sant\u0113tisk\u0101m virsm\u0101m. Tilpums 1000 ml. &nbsp;","protected":false},"featured_media":13680,"comment_status":"closed","ping_status":"closed","template":"","meta":[],"product_brand":[],"product_cat":[112,31],"product_tag":[1131,1133,1130,1134,1132,1069],"class_list":{"0":"post-13679","1":"product","2":"type-product","3":"status-publish","4":"has-post-thumbnail","6":"product_cat-limes-un-attirisanas-lidzekli","7":"product_cat-loksnu-plastikati","8":"product_tag-abs","9":"product_tag-antistatikis","10":"product_tag-attirisanas-lidzekli","11":"product_tag-gf-pvc20","12":"product_tag-pmma","13":"product_tag-pvh","15":"first","16":"instock","17":"shipping-taxable","18":"purchasable","19":"product-type-simple"},"yoast_head":"<!-- This site is optimized with the Yoast SEO plugin v27.4 - https:\/\/yoast.com\/product\/yoast-seo-wordpress\/ -->\n<title>Att\u012br\u012b\u0161anas\u00a0l\u012bdzeklis\u00a0 GRANDFLASH GF PVC20 - WMT Baltic<\/title>\n<meta name=\"description\" content=\"Att\u012br\u012b\u0161anas\u00a0 l\u012bdzeklis\u00a0&quot;bez \u0161\u0137\u012bdin\u0101t\u0101ja&quot; piem\u0113rots cietajiem PVH, ABS, PMMA, k\u0101 ar\u012b materi\u0101liem ar sant\u0113tisk\u0101m virsm\u0101m.\" \/>\n<meta name=\"robots\" content=\"index, follow, max-snippet:-1, max-image-preview:large, max-video-preview:-1\" \/>\n<link rel=\"canonical\" href=\"https:\/\/wmtbaltic.lv\/product\/attirisanas-lidzeklis-grandflash-gf-pvc20\/\" \/>\n<meta property=\"og:locale\" content=\"en_US\" \/>\n<meta property=\"og:type\" content=\"article\" \/>\n<meta property=\"og:title\" content=\"Att\u012br\u012b\u0161anas\u00a0l\u012bdzeklis\u00a0 GRANDFLASH GF PVC20 - WMT Baltic\" \/>\n<meta property=\"og:description\" content=\"Att\u012br\u012b\u0161anas\u00a0 l\u012bdzeklis\u00a0&quot;bez \u0161\u0137\u012bdin\u0101t\u0101ja&quot; piem\u0113rots cietajiem PVH, ABS, PMMA, k\u0101 ar\u012b materi\u0101liem ar sant\u0113tisk\u0101m virsm\u0101m.\" \/>\n<meta property=\"og:url\" content=\"https:\/\/wmtbaltic.lv\/product\/attirisanas-lidzeklis-grandflash-gf-pvc20\/\" \/>\n<meta property=\"og:site_name\" content=\"WMT Baltic\" \/>\n<meta property=\"article:publisher\" content=\"https:\/\/www.facebook.com\/WMT.Baltic.viscom\/?locale=lv_LV\" \/>\n<meta property=\"article:modified_time\" content=\"2026-04-22T10:52:35+00:00\" \/>\n<meta property=\"og:image\" content=\"http:\/\/wmtbaltic.lv\/wp-content\/uploads\/2022\/09\/c0705345bff950aed0fbcd81fedcef05.jpg\" \/>\n\t<meta property=\"og:image:width\" content=\"340\" \/>\n\t<meta property=\"og:image:height\" content=\"290\" \/>\n\t<meta property=\"og:image:type\" content=\"image\/jpeg\" \/>\n<meta name=\"twitter:card\" content=\"summary_large_image\" \/>\n<meta name=\"twitter:label1\" content=\"Est. reading time\" \/>\n\t<meta name=\"twitter:data1\" content=\"1 minute\" \/>\n<script type=\"application\/ld+json\" class=\"yoast-schema-graph\">{\"@context\":\"https:\\\/\\\/schema.org\",\"@graph\":[{\"@type\":\"WebPage\",\"@id\":\"https:\\\/\\\/wmtbaltic.lv\\\/product\\\/attirisanas-lidzeklis-grandflash-gf-pvc20\\\/\",\"url\":\"https:\\\/\\\/wmtbaltic.lv\\\/product\\\/attirisanas-lidzeklis-grandflash-gf-pvc20\\\/\",\"name\":\"Att\u012br\u012b\u0161anas\u00a0l\u012bdzeklis\u00a0 GRANDFLASH GF PVC20 - WMT Baltic\",\"isPartOf\":{\"@id\":\"https:\\\/\\\/wmtbaltic.lv\\\/#website\"},\"primaryImageOfPage\":{\"@id\":\"https:\\\/\\\/wmtbaltic.lv\\\/product\\\/attirisanas-lidzeklis-grandflash-gf-pvc20\\\/#primaryimage\"},\"image\":{\"@id\":\"https:\\\/\\\/wmtbaltic.lv\\\/product\\\/attirisanas-lidzeklis-grandflash-gf-pvc20\\\/#primaryimage\"},\"thumbnailUrl\":\"https:\\\/\\\/wmtbaltic.lv\\\/wp-content\\\/uploads\\\/2022\\\/09\\\/c0705345bff950aed0fbcd81fedcef05.jpg\",\"datePublished\":\"2022-09-22T12:18:20+00:00\",\"dateModified\":\"2026-04-22T10:52:35+00:00\",\"description\":\"Att\u012br\u012b\u0161anas\u00a0 l\u012bdzeklis\u00a0\\\"bez \u0161\u0137\u012bdin\u0101t\u0101ja\\\" piem\u0113rots cietajiem PVH, ABS, PMMA, k\u0101 ar\u012b materi\u0101liem ar sant\u0113tisk\u0101m virsm\u0101m.\",\"breadcrumb\":{\"@id\":\"https:\\\/\\\/wmtbaltic.lv\\\/product\\\/attirisanas-lidzeklis-grandflash-gf-pvc20\\\/#breadcrumb\"},\"inLanguage\":\"en-US\",\"potentialAction\":[{\"@type\":\"ReadAction\",\"target\":[\"https:\\\/\\\/wmtbaltic.lv\\\/product\\\/attirisanas-lidzeklis-grandflash-gf-pvc20\\\/\"]}]},{\"@type\":\"ImageObject\",\"inLanguage\":\"en-US\",\"@id\":\"https:\\\/\\\/wmtbaltic.lv\\\/product\\\/attirisanas-lidzeklis-grandflash-gf-pvc20\\\/#primaryimage\",\"url\":\"https:\\\/\\\/wmtbaltic.lv\\\/wp-content\\\/uploads\\\/2022\\\/09\\\/c0705345bff950aed0fbcd81fedcef05.jpg\",\"contentUrl\":\"https:\\\/\\\/wmtbaltic.lv\\\/wp-content\\\/uploads\\\/2022\\\/09\\\/c0705345bff950aed0fbcd81fedcef05.jpg\",\"width\":340,\"height\":290},{\"@type\":\"BreadcrumbList\",\"@id\":\"https:\\\/\\\/wmtbaltic.lv\\\/product\\\/attirisanas-lidzeklis-grandflash-gf-pvc20\\\/#breadcrumb\",\"itemListElement\":[{\"@type\":\"ListItem\",\"position\":1,\"name\":\"Home\",\"item\":\"https:\\\/\\\/wmtbaltic.lv\\\/en\\\/\"},{\"@type\":\"ListItem\",\"position\":2,\"name\":\"Products\",\"item\":\"https:\\\/\\\/wmtbaltic.lv\\\/en\\\/shop\\\/\"},{\"@type\":\"ListItem\",\"position\":3,\"name\":\"Att\u012br\u012b\u0161anas\u00a0l\u012bdzeklis\u00a0 GRANDFLASH GF PVC20\"}]},{\"@type\":\"WebSite\",\"@id\":\"https:\\\/\\\/wmtbaltic.lv\\\/#website\",\"url\":\"https:\\\/\\\/wmtbaltic.lv\\\/\",\"name\":\"WMT Baltic\",\"description\":\"Rekl\u0101mas produkti, pl\u0113ves\",\"publisher\":{\"@id\":\"https:\\\/\\\/wmtbaltic.lv\\\/#organization\"},\"potentialAction\":[{\"@type\":\"SearchAction\",\"target\":{\"@type\":\"EntryPoint\",\"urlTemplate\":\"https:\\\/\\\/wmtbaltic.lv\\\/?s={search_term_string}\"},\"query-input\":{\"@type\":\"PropertyValueSpecification\",\"valueRequired\":true,\"valueName\":\"search_term_string\"}}],\"inLanguage\":\"en-US\"},{\"@type\":\"Organization\",\"@id\":\"https:\\\/\\\/wmtbaltic.lv\\\/#organization\",\"name\":\"WMT Baltic\",\"url\":\"https:\\\/\\\/wmtbaltic.lv\\\/\",\"logo\":{\"@type\":\"ImageObject\",\"inLanguage\":\"en-US\",\"@id\":\"https:\\\/\\\/wmtbaltic.lv\\\/#\\\/schema\\\/logo\\\/image\\\/\",\"url\":\"https:\\\/\\\/wmtbaltic.lv\\\/wp-content\\\/uploads\\\/2024\\\/12\\\/wmt-baltic-sia_107142_9_420x180.jpg\",\"contentUrl\":\"https:\\\/\\\/wmtbaltic.lv\\\/wp-content\\\/uploads\\\/2024\\\/12\\\/wmt-baltic-sia_107142_9_420x180.jpg\",\"width\":420,\"height\":180,\"caption\":\"WMT Baltic\"},\"image\":{\"@id\":\"https:\\\/\\\/wmtbaltic.lv\\\/#\\\/schema\\\/logo\\\/image\\\/\"},\"sameAs\":[\"https:\\\/\\\/www.facebook.com\\\/WMT.Baltic.viscom\\\/?locale=lv_LV\",\"https:\\\/\\\/www.instagram.com\\\/viscom_wmt\\\/\"]}]}<\/script>\n<!-- \/ Yoast SEO plugin. -->","yoast_head_json":{"title":"Att\u012br\u012b\u0161anas\u00a0l\u012bdzeklis\u00a0 GRANDFLASH GF PVC20 - WMT Baltic","description":"Att\u012br\u012b\u0161anas\u00a0 l\u012bdzeklis\u00a0\"bez \u0161\u0137\u012bdin\u0101t\u0101ja\" piem\u0113rots cietajiem PVH, ABS, PMMA, k\u0101 ar\u012b materi\u0101liem ar sant\u0113tisk\u0101m virsm\u0101m.","robots":{"index":"index","follow":"follow","max-snippet":"max-snippet:-1","max-image-preview":"max-image-preview:large","max-video-preview":"max-video-preview:-1"},"canonical":"https:\/\/wmtbaltic.lv\/product\/attirisanas-lidzeklis-grandflash-gf-pvc20\/","og_locale":"en_US","og_type":"article","og_title":"Att\u012br\u012b\u0161anas\u00a0l\u012bdzeklis\u00a0 GRANDFLASH GF PVC20 - WMT Baltic","og_description":"Att\u012br\u012b\u0161anas\u00a0 l\u012bdzeklis\u00a0\"bez \u0161\u0137\u012bdin\u0101t\u0101ja\" piem\u0113rots cietajiem PVH, ABS, PMMA, k\u0101 ar\u012b materi\u0101liem ar sant\u0113tisk\u0101m virsm\u0101m.","og_url":"https:\/\/wmtbaltic.lv\/product\/attirisanas-lidzeklis-grandflash-gf-pvc20\/","og_site_name":"WMT Baltic","article_publisher":"https:\/\/www.facebook.com\/WMT.Baltic.viscom\/?locale=lv_LV","article_modified_time":"2026-04-22T10:52:35+00:00","og_image":[{"width":340,"height":290,"url":"http:\/\/wmtbaltic.lv\/wp-content\/uploads\/2022\/09\/c0705345bff950aed0fbcd81fedcef05.jpg","type":"image\/jpeg"}],"twitter_card":"summary_large_image","twitter_misc":{"Est. reading time":"1 minute"},"schema":{"@context":"https:\/\/schema.org","@graph":[{"@type":"WebPage","@id":"https:\/\/wmtbaltic.lv\/product\/attirisanas-lidzeklis-grandflash-gf-pvc20\/","url":"https:\/\/wmtbaltic.lv\/product\/attirisanas-lidzeklis-grandflash-gf-pvc20\/","name":"Att\u012br\u012b\u0161anas\u00a0l\u012bdzeklis\u00a0 GRANDFLASH GF PVC20 - WMT Baltic","isPartOf":{"@id":"https:\/\/wmtbaltic.lv\/#website"},"primaryImageOfPage":{"@id":"https:\/\/wmtbaltic.lv\/product\/attirisanas-lidzeklis-grandflash-gf-pvc20\/#primaryimage"},"image":{"@id":"https:\/\/wmtbaltic.lv\/product\/attirisanas-lidzeklis-grandflash-gf-pvc20\/#primaryimage"},"thumbnailUrl":"https:\/\/wmtbaltic.lv\/wp-content\/uploads\/2022\/09\/c0705345bff950aed0fbcd81fedcef05.jpg","datePublished":"2022-09-22T12:18:20+00:00","dateModified":"2026-04-22T10:52:35+00:00","description":"Att\u012br\u012b\u0161anas\u00a0 l\u012bdzeklis\u00a0\"bez \u0161\u0137\u012bdin\u0101t\u0101ja\" piem\u0113rots cietajiem PVH, ABS, PMMA, k\u0101 ar\u012b materi\u0101liem ar sant\u0113tisk\u0101m virsm\u0101m.","breadcrumb":{"@id":"https:\/\/wmtbaltic.lv\/product\/attirisanas-lidzeklis-grandflash-gf-pvc20\/#breadcrumb"},"inLanguage":"en-US","potentialAction":[{"@type":"ReadAction","target":["https:\/\/wmtbaltic.lv\/product\/attirisanas-lidzeklis-grandflash-gf-pvc20\/"]}]},{"@type":"ImageObject","inLanguage":"en-US","@id":"https:\/\/wmtbaltic.lv\/product\/attirisanas-lidzeklis-grandflash-gf-pvc20\/#primaryimage","url":"https:\/\/wmtbaltic.lv\/wp-content\/uploads\/2022\/09\/c0705345bff950aed0fbcd81fedcef05.jpg","contentUrl":"https:\/\/wmtbaltic.lv\/wp-content\/uploads\/2022\/09\/c0705345bff950aed0fbcd81fedcef05.jpg","width":340,"height":290},{"@type":"BreadcrumbList","@id":"https:\/\/wmtbaltic.lv\/product\/attirisanas-lidzeklis-grandflash-gf-pvc20\/#breadcrumb","itemListElement":[{"@type":"ListItem","position":1,"name":"Home","item":"https:\/\/wmtbaltic.lv\/en\/"},{"@type":"ListItem","position":2,"name":"Products","item":"https:\/\/wmtbaltic.lv\/en\/shop\/"},{"@type":"ListItem","position":3,"name":"Att\u012br\u012b\u0161anas\u00a0l\u012bdzeklis\u00a0 GRANDFLASH GF PVC20"}]},{"@type":"WebSite","@id":"https:\/\/wmtbaltic.lv\/#website","url":"https:\/\/wmtbaltic.lv\/","name":"WMT Baltic","description":"Rekl\u0101mas produkti, pl\u0113ves","publisher":{"@id":"https:\/\/wmtbaltic.lv\/#organization"},"potentialAction":[{"@type":"SearchAction","target":{"@type":"EntryPoint","urlTemplate":"https:\/\/wmtbaltic.lv\/?s={search_term_string}"},"query-input":{"@type":"PropertyValueSpecification","valueRequired":true,"valueName":"search_term_string"}}],"inLanguage":"en-US"},{"@type":"Organization","@id":"https:\/\/wmtbaltic.lv\/#organization","name":"WMT Baltic","url":"https:\/\/wmtbaltic.lv\/","logo":{"@type":"ImageObject","inLanguage":"en-US","@id":"https:\/\/wmtbaltic.lv\/#\/schema\/logo\/image\/","url":"https:\/\/wmtbaltic.lv\/wp-content\/uploads\/2024\/12\/wmt-baltic-sia_107142_9_420x180.jpg","contentUrl":"https:\/\/wmtbaltic.lv\/wp-content\/uploads\/2024\/12\/wmt-baltic-sia_107142_9_420x180.jpg","width":420,"height":180,"caption":"WMT Baltic"},"image":{"@id":"https:\/\/wmtbaltic.lv\/#\/schema\/logo\/image\/"},"sameAs":["https:\/\/www.facebook.com\/WMT.Baltic.viscom\/?locale=lv_LV","https:\/\/www.instagram.com\/viscom_wmt\/"]}]}},"_links":{"self":[{"href":"https:\/\/wmtbaltic.lv\/en\/wp-json\/wp\/v2\/product\/13679","targetHints":{"allow":["GET"]}}],"collection":[{"href":"https:\/\/wmtbaltic.lv\/en\/wp-json\/wp\/v2\/product"}],"about":[{"href":"https:\/\/wmtbaltic.lv\/en\/wp-json\/wp\/v2\/types\/product"}],"replies":[{"embeddable":true,"href":"https:\/\/wmtbaltic.lv\/en\/wp-json\/wp\/v2\/comments?post=13679"}],"wp:featuredmedia":[{"embeddable":true,"href":"https:\/\/wmtbaltic.lv\/en\/wp-json\/wp\/v2\/media\/13680"}],"wp:attachment":[{"href":"https:\/\/wmtbaltic.lv\/en\/wp-json\/wp\/v2\/media?parent=13679"}],"wp:term":[{"taxonomy":"product_brand","embeddable":true,"href":"https:\/\/wmtbaltic.lv\/en\/wp-json\/wp\/v2\/product_brand?post=13679"},{"taxonomy":"product_cat","embeddable":true,"href":"https:\/\/wmtbaltic.lv\/en\/wp-json\/wp\/v2\/product_cat?post=13679"},{"taxonomy":"product_tag","embeddable":true,"href":"https:\/\/wmtbaltic.lv\/en\/wp-json\/wp\/v2\/product_tag?post=13679"}],"curies":[{"name":"wp","href":"https:\/\/api.w.org\/{rel}","templated":true}]}}