{"id":13669,"date":"2022-09-22T11:53:56","date_gmt":"2022-09-22T11:53:56","guid":{"rendered":"https:\/\/wmtbaltic.lv\/?post_type=product&#038;p=13669"},"modified":"2022-09-22T12:48:18","modified_gmt":"2022-09-22T12:48:18","slug":"grandflash-gf-ca-gels","status":"publish","type":"product","link":"https:\/\/wmtbaltic.lv\/en\/product\/grandflash-gf-ca-gels\/","title":{"rendered":"L\u012bmes G\u0113ls GRANDFLASH GF CA"},"content":{"rendered":"<p>Vienkomponenta cianakril\u0101ta \u012bpa\u0161i bieza l\u012bme da\u017e\u0101du veidu plastik\u0101ta sal\u012bm\u0113\u0161anai, k\u0101 ar\u012b absorb\u0113jo\u0161o materi\u0101lu, t\u0101du k\u0101 \u0101da, koksne, HPL kartonlamin\u0101ts, MDF.\u00a0 \u012apa\u0161i bieza (\u017eelejveid\u012bga). Neizpl\u016bst un nepil. Piem\u0113rots vertik\u0101lai sal\u012bm\u0113\u0161anai. \u012apa\u0161i \u012bss fiks\u0113\u0161anas laiks. Piem\u0113rots sal\u012bm\u0113\u0161anai materi\u0101lu ar da\u017e\u0101d\u0101m temperat\u016br\u0101m.<\/p>\n<p>&nbsp;<\/p>\n","protected":false},"excerpt":{"rendered":"Vienkomponenta cianakril\u0101ta \u012bpa\u0161i bieza l\u012bme da\u017e\u0101du veidu plastik\u0101ta sal\u012bm\u0113\u0161anai, k\u0101 ar\u012b absorb\u0113jo\u0161o materi\u0101lu, t\u0101du k\u0101 \u0101da, koksne, HPL kartonlamin\u0101ts, MDF.\u00a0 \u012apa\u0161i bieza (\u017eelejveid\u012bga). Neizpl\u016bst un nepil. Piem\u0113rots vertik\u0101lai sal\u012bm\u0113\u0161anai. \u012apa\u0161i \u012bss fiks\u0113\u0161anas laiks. Piem\u0113rots sal\u012bm\u0113\u0161anai materi\u0101lu ar da\u017e\u0101d\u0101m temperat\u016br\u0101m. &nbsp;","protected":false},"featured_media":13672,"comment_status":"closed","ping_status":"closed","template":"","meta":[],"product_brand":[],"product_cat":[112,31],"product_tag":[1126,1129,1128,1127,1125],"class_list":{"0":"post-13669","1":"product","2":"type-product","3":"status-publish","4":"has-post-thumbnail","6":"product_cat-limes-un-attirisanas-lidzekli","7":"product_cat-loksnu-plastikati","8":"product_tag-abs-lime","9":"product_tag-cosmoplast555","10":"product_tag-grandflash","11":"product_tag-ps-salimesana","12":"product_tag-pvc-lime","14":"first","15":"instock","16":"shipping-taxable","17":"purchasable","18":"product-type-simple"},"yoast_head":"<!-- This site is optimized with the Yoast SEO plugin v27.4 - https:\/\/yoast.com\/product\/yoast-seo-wordpress\/ -->\n<title>L\u012bmes G\u0113ls GRANDFLASH GF CA - WMT Baltic<\/title>\n<meta name=\"description\" content=\"Universals tiksotropa produkt, priek\u0161 \u0101tras l\u012bmm\u0113\u0161anas uz horizont\u0101l\u0101m virsm\u0101m. \u012apa\u0161i bieza (\u017eelejveid\u012bga).\" \/>\n<meta name=\"robots\" content=\"index, follow, max-snippet:-1, max-image-preview:large, max-video-preview:-1\" \/>\n<link rel=\"canonical\" href=\"https:\/\/wmtbaltic.lv\/Produkts\/grandflash-gf-ca-gels\/\" \/>\n<meta property=\"og:locale\" content=\"en_US\" \/>\n<meta property=\"og:type\" content=\"article\" \/>\n<meta property=\"og:title\" content=\"L\u012bmes G\u0113ls GRANDFLASH GF CA - WMT Baltic\" \/>\n<meta property=\"og:description\" content=\"Universals tiksotropa produkt, priek\u0161 \u0101tras l\u012bmm\u0113\u0161anas uz horizont\u0101l\u0101m virsm\u0101m. \u012apa\u0161i bieza (\u017eelejveid\u012bga).\" \/>\n<meta property=\"og:url\" content=\"https:\/\/wmtbaltic.lv\/Produkts\/grandflash-gf-ca-gels\/\" \/>\n<meta property=\"og:site_name\" content=\"WMT Baltic\" \/>\n<meta property=\"article:publisher\" content=\"https:\/\/www.facebook.com\/WMT.Baltic.viscom\/?locale=lv_LV\" \/>\n<meta property=\"article:modified_time\" content=\"2022-09-22T12:48:18+00:00\" \/>\n<meta property=\"og:image\" content=\"http:\/\/wmtbaltic.lv\/wp-content\/uploads\/2022\/09\/7c199180-be6d-4c07-9ed3-cc26ebe6f547.jpg\" \/>\n\t<meta property=\"og:image:width\" content=\"1196\" \/>\n\t<meta property=\"og:image:height\" content=\"1600\" \/>\n\t<meta property=\"og:image:type\" content=\"image\/jpeg\" \/>\n<meta name=\"twitter:card\" content=\"summary_large_image\" \/>\n<meta name=\"twitter:label1\" content=\"Est. reading time\" \/>\n\t<meta name=\"twitter:data1\" content=\"1 minute\" \/>\n<script type=\"application\/ld+json\" class=\"yoast-schema-graph\">{\"@context\":\"https:\\\/\\\/schema.org\",\"@graph\":[{\"@type\":\"WebPage\",\"@id\":\"https:\\\/\\\/wmtbaltic.lv\\\/Produkts\\\/grandflash-gf-ca-gels\\\/\",\"url\":\"https:\\\/\\\/wmtbaltic.lv\\\/Produkts\\\/grandflash-gf-ca-gels\\\/\",\"name\":\"L\u012bmes G\u0113ls GRANDFLASH GF CA - WMT Baltic\",\"isPartOf\":{\"@id\":\"https:\\\/\\\/wmtbaltic.lv\\\/#website\"},\"primaryImageOfPage\":{\"@id\":\"https:\\\/\\\/wmtbaltic.lv\\\/Produkts\\\/grandflash-gf-ca-gels\\\/#primaryimage\"},\"image\":{\"@id\":\"https:\\\/\\\/wmtbaltic.lv\\\/Produkts\\\/grandflash-gf-ca-gels\\\/#primaryimage\"},\"thumbnailUrl\":\"https:\\\/\\\/wmtbaltic.lv\\\/wp-content\\\/uploads\\\/2022\\\/09\\\/7c199180-be6d-4c07-9ed3-cc26ebe6f547.jpg\",\"datePublished\":\"2022-09-22T11:53:56+00:00\",\"dateModified\":\"2022-09-22T12:48:18+00:00\",\"description\":\"Universals tiksotropa produkt, priek\u0161 \u0101tras l\u012bmm\u0113\u0161anas uz horizont\u0101l\u0101m virsm\u0101m. \u012apa\u0161i bieza (\u017eelejveid\u012bga).\",\"breadcrumb\":{\"@id\":\"https:\\\/\\\/wmtbaltic.lv\\\/Produkts\\\/grandflash-gf-ca-gels\\\/#breadcrumb\"},\"inLanguage\":\"en-US\",\"potentialAction\":[{\"@type\":\"ReadAction\",\"target\":[\"https:\\\/\\\/wmtbaltic.lv\\\/Produkts\\\/grandflash-gf-ca-gels\\\/\"]}]},{\"@type\":\"ImageObject\",\"inLanguage\":\"en-US\",\"@id\":\"https:\\\/\\\/wmtbaltic.lv\\\/Produkts\\\/grandflash-gf-ca-gels\\\/#primaryimage\",\"url\":\"https:\\\/\\\/wmtbaltic.lv\\\/wp-content\\\/uploads\\\/2022\\\/09\\\/7c199180-be6d-4c07-9ed3-cc26ebe6f547.jpg\",\"contentUrl\":\"https:\\\/\\\/wmtbaltic.lv\\\/wp-content\\\/uploads\\\/2022\\\/09\\\/7c199180-be6d-4c07-9ed3-cc26ebe6f547.jpg\",\"width\":1196,\"height\":1600},{\"@type\":\"BreadcrumbList\",\"@id\":\"https:\\\/\\\/wmtbaltic.lv\\\/Produkts\\\/grandflash-gf-ca-gels\\\/#breadcrumb\",\"itemListElement\":[{\"@type\":\"ListItem\",\"position\":1,\"name\":\"Home\",\"item\":\"https:\\\/\\\/wmtbaltic.lv\\\/en\\\/\"},{\"@type\":\"ListItem\",\"position\":2,\"name\":\"Products\",\"item\":\"https:\\\/\\\/wmtbaltic.lv\\\/en\\\/shop\\\/\"},{\"@type\":\"ListItem\",\"position\":3,\"name\":\"L\u012bmes G\u0113ls GRANDFLASH GF CA\"}]},{\"@type\":\"WebSite\",\"@id\":\"https:\\\/\\\/wmtbaltic.lv\\\/#website\",\"url\":\"https:\\\/\\\/wmtbaltic.lv\\\/\",\"name\":\"WMT Baltic\",\"description\":\"Rekl\u0101mas produkti, pl\u0113ves\",\"publisher\":{\"@id\":\"https:\\\/\\\/wmtbaltic.lv\\\/#organization\"},\"potentialAction\":[{\"@type\":\"SearchAction\",\"target\":{\"@type\":\"EntryPoint\",\"urlTemplate\":\"https:\\\/\\\/wmtbaltic.lv\\\/?s={search_term_string}\"},\"query-input\":{\"@type\":\"PropertyValueSpecification\",\"valueRequired\":true,\"valueName\":\"search_term_string\"}}],\"inLanguage\":\"en-US\"},{\"@type\":\"Organization\",\"@id\":\"https:\\\/\\\/wmtbaltic.lv\\\/#organization\",\"name\":\"WMT Baltic\",\"url\":\"https:\\\/\\\/wmtbaltic.lv\\\/\",\"logo\":{\"@type\":\"ImageObject\",\"inLanguage\":\"en-US\",\"@id\":\"https:\\\/\\\/wmtbaltic.lv\\\/#\\\/schema\\\/logo\\\/image\\\/\",\"url\":\"https:\\\/\\\/wmtbaltic.lv\\\/wp-content\\\/uploads\\\/2024\\\/12\\\/wmt-baltic-sia_107142_9_420x180.jpg\",\"contentUrl\":\"https:\\\/\\\/wmtbaltic.lv\\\/wp-content\\\/uploads\\\/2024\\\/12\\\/wmt-baltic-sia_107142_9_420x180.jpg\",\"width\":420,\"height\":180,\"caption\":\"WMT Baltic\"},\"image\":{\"@id\":\"https:\\\/\\\/wmtbaltic.lv\\\/#\\\/schema\\\/logo\\\/image\\\/\"},\"sameAs\":[\"https:\\\/\\\/www.facebook.com\\\/WMT.Baltic.viscom\\\/?locale=lv_LV\",\"https:\\\/\\\/www.instagram.com\\\/viscom_wmt\\\/\"]}]}<\/script>\n<!-- \/ Yoast SEO plugin. -->","yoast_head_json":{"title":"L\u012bmes G\u0113ls GRANDFLASH GF CA - WMT Baltic","description":"Universals tiksotropa produkt, priek\u0161 \u0101tras l\u012bmm\u0113\u0161anas uz horizont\u0101l\u0101m virsm\u0101m. \u012apa\u0161i bieza (\u017eelejveid\u012bga).","robots":{"index":"index","follow":"follow","max-snippet":"max-snippet:-1","max-image-preview":"max-image-preview:large","max-video-preview":"max-video-preview:-1"},"canonical":"https:\/\/wmtbaltic.lv\/Produkts\/grandflash-gf-ca-gels\/","og_locale":"en_US","og_type":"article","og_title":"L\u012bmes G\u0113ls GRANDFLASH GF CA - WMT Baltic","og_description":"Universals tiksotropa produkt, priek\u0161 \u0101tras l\u012bmm\u0113\u0161anas uz horizont\u0101l\u0101m virsm\u0101m. \u012apa\u0161i bieza (\u017eelejveid\u012bga).","og_url":"https:\/\/wmtbaltic.lv\/Produkts\/grandflash-gf-ca-gels\/","og_site_name":"WMT Baltic","article_publisher":"https:\/\/www.facebook.com\/WMT.Baltic.viscom\/?locale=lv_LV","article_modified_time":"2022-09-22T12:48:18+00:00","og_image":[{"width":1196,"height":1600,"url":"http:\/\/wmtbaltic.lv\/wp-content\/uploads\/2022\/09\/7c199180-be6d-4c07-9ed3-cc26ebe6f547.jpg","type":"image\/jpeg"}],"twitter_card":"summary_large_image","twitter_misc":{"Est. reading time":"1 minute"},"schema":{"@context":"https:\/\/schema.org","@graph":[{"@type":"WebPage","@id":"https:\/\/wmtbaltic.lv\/Produkts\/grandflash-gf-ca-gels\/","url":"https:\/\/wmtbaltic.lv\/Produkts\/grandflash-gf-ca-gels\/","name":"L\u012bmes G\u0113ls GRANDFLASH GF CA - WMT Baltic","isPartOf":{"@id":"https:\/\/wmtbaltic.lv\/#website"},"primaryImageOfPage":{"@id":"https:\/\/wmtbaltic.lv\/Produkts\/grandflash-gf-ca-gels\/#primaryimage"},"image":{"@id":"https:\/\/wmtbaltic.lv\/Produkts\/grandflash-gf-ca-gels\/#primaryimage"},"thumbnailUrl":"https:\/\/wmtbaltic.lv\/wp-content\/uploads\/2022\/09\/7c199180-be6d-4c07-9ed3-cc26ebe6f547.jpg","datePublished":"2022-09-22T11:53:56+00:00","dateModified":"2022-09-22T12:48:18+00:00","description":"Universals tiksotropa produkt, priek\u0161 \u0101tras l\u012bmm\u0113\u0161anas uz horizont\u0101l\u0101m virsm\u0101m. \u012apa\u0161i bieza (\u017eelejveid\u012bga).","breadcrumb":{"@id":"https:\/\/wmtbaltic.lv\/Produkts\/grandflash-gf-ca-gels\/#breadcrumb"},"inLanguage":"en-US","potentialAction":[{"@type":"ReadAction","target":["https:\/\/wmtbaltic.lv\/Produkts\/grandflash-gf-ca-gels\/"]}]},{"@type":"ImageObject","inLanguage":"en-US","@id":"https:\/\/wmtbaltic.lv\/Produkts\/grandflash-gf-ca-gels\/#primaryimage","url":"https:\/\/wmtbaltic.lv\/wp-content\/uploads\/2022\/09\/7c199180-be6d-4c07-9ed3-cc26ebe6f547.jpg","contentUrl":"https:\/\/wmtbaltic.lv\/wp-content\/uploads\/2022\/09\/7c199180-be6d-4c07-9ed3-cc26ebe6f547.jpg","width":1196,"height":1600},{"@type":"BreadcrumbList","@id":"https:\/\/wmtbaltic.lv\/Produkts\/grandflash-gf-ca-gels\/#breadcrumb","itemListElement":[{"@type":"ListItem","position":1,"name":"Home","item":"https:\/\/wmtbaltic.lv\/en\/"},{"@type":"ListItem","position":2,"name":"Products","item":"https:\/\/wmtbaltic.lv\/en\/shop\/"},{"@type":"ListItem","position":3,"name":"L\u012bmes G\u0113ls GRANDFLASH GF CA"}]},{"@type":"WebSite","@id":"https:\/\/wmtbaltic.lv\/#website","url":"https:\/\/wmtbaltic.lv\/","name":"WMT Baltic","description":"Rekl\u0101mas produkti, pl\u0113ves","publisher":{"@id":"https:\/\/wmtbaltic.lv\/#organization"},"potentialAction":[{"@type":"SearchAction","target":{"@type":"EntryPoint","urlTemplate":"https:\/\/wmtbaltic.lv\/?s={search_term_string}"},"query-input":{"@type":"PropertyValueSpecification","valueRequired":true,"valueName":"search_term_string"}}],"inLanguage":"en-US"},{"@type":"Organization","@id":"https:\/\/wmtbaltic.lv\/#organization","name":"WMT Baltic","url":"https:\/\/wmtbaltic.lv\/","logo":{"@type":"ImageObject","inLanguage":"en-US","@id":"https:\/\/wmtbaltic.lv\/#\/schema\/logo\/image\/","url":"https:\/\/wmtbaltic.lv\/wp-content\/uploads\/2024\/12\/wmt-baltic-sia_107142_9_420x180.jpg","contentUrl":"https:\/\/wmtbaltic.lv\/wp-content\/uploads\/2024\/12\/wmt-baltic-sia_107142_9_420x180.jpg","width":420,"height":180,"caption":"WMT Baltic"},"image":{"@id":"https:\/\/wmtbaltic.lv\/#\/schema\/logo\/image\/"},"sameAs":["https:\/\/www.facebook.com\/WMT.Baltic.viscom\/?locale=lv_LV","https:\/\/www.instagram.com\/viscom_wmt\/"]}]}},"_links":{"self":[{"href":"https:\/\/wmtbaltic.lv\/en\/wp-json\/wp\/v2\/product\/13669","targetHints":{"allow":["GET"]}}],"collection":[{"href":"https:\/\/wmtbaltic.lv\/en\/wp-json\/wp\/v2\/product"}],"about":[{"href":"https:\/\/wmtbaltic.lv\/en\/wp-json\/wp\/v2\/types\/product"}],"replies":[{"embeddable":true,"href":"https:\/\/wmtbaltic.lv\/en\/wp-json\/wp\/v2\/comments?post=13669"}],"wp:featuredmedia":[{"embeddable":true,"href":"https:\/\/wmtbaltic.lv\/en\/wp-json\/wp\/v2\/media\/13672"}],"wp:attachment":[{"href":"https:\/\/wmtbaltic.lv\/en\/wp-json\/wp\/v2\/media?parent=13669"}],"wp:term":[{"taxonomy":"product_brand","embeddable":true,"href":"https:\/\/wmtbaltic.lv\/en\/wp-json\/wp\/v2\/product_brand?post=13669"},{"taxonomy":"product_cat","embeddable":true,"href":"https:\/\/wmtbaltic.lv\/en\/wp-json\/wp\/v2\/product_cat?post=13669"},{"taxonomy":"product_tag","embeddable":true,"href":"https:\/\/wmtbaltic.lv\/en\/wp-json\/wp\/v2\/product_tag?post=13669"}],"curies":[{"name":"wp","href":"https:\/\/api.w.org\/{rel}","templated":true}]}}