{"id":1363,"date":"2020-07-22T07:39:17","date_gmt":"2020-07-22T07:39:17","guid":{"rendered":"http:\/\/wmtbaltic.lv\/\/?post_type=product&#038;p=1363"},"modified":"2021-02-24T13:10:28","modified_gmt":"2021-02-24T13:10:28","slug":"easy-pack-loksnu-polipropilens-pp-un-pvh","status":"publish","type":"product","link":"https:\/\/wmtbaltic.lv\/en\/product\/easy-pack-loksnu-polipropilens-pp-un-pvh\/","title":{"rendered":"EASY &#038; PACK lok\u0161\u0146u polipropil\u0113ns (PP) un PVH"},"content":{"rendered":"<p align=\"justify\"><strong>Materi\u0101la pielietojums<\/strong><\/p>\n<p align=\"justify\">Suven\u012bru, kancelejas pre\u010du, viz\u012btkar\u0161u un atlai\u017eu kar\u0161u ra\u017eo\u0161ana. Rekl\u0101mas produkcijas, plak\u0101tu, dekor\u0101ciju , cenr\u0101\u017eu un iepakojuma izgatavo\u0161ana.<\/p>\n<p align=\"justify\"><span style=\"color: #990000;\">* Materi\u0101lus grie\u017eam p\u0113c klienta piepras\u012bjuma<\/span><\/p>\n<p><span style=\"color: #ff0000;\"><b>**Cenas p\u0113c piepras\u012bjuma!<\/b><\/span><\/p>\n<p class=\"western\"><span style=\"font-family: Tahoma, sans-serif;\"><span style=\"font-size: small;\"><b>M\u0113s pied\u0101v\u0101jam ar\u012b:<\/b><\/span><\/span><span style=\"font-family: Tahoma, sans-serif;\"><span style=\"font-size: small;\">\u00a0putots lok\u0161\u0146u materi\u0101ls; triecieniztur\u012bgs materi\u0101ls; liets materi\u0101ls; \u0161\u016bnu polikarbon\u0101ts rekl\u0101mai; monopolikarbon\u0101ts; \u0161\u016bnu polikarbon\u0101ta aksesu\u0101ri; kompoz\u012btmateri\u0101ls; poliesters;\u00a0<\/span><\/span><span style=\"font-family: Tahoma, sans-serif;\"><span style=\"font-size: small;\"><span lang=\"en-US\">org<\/span><\/span><\/span><span style=\"font-family: Tahoma, sans-serif;\"><span style=\"font-size: small;\">stikls; polietil\u0113ns; \u0161\u016bnu polipropil\u0113ns; profili lok\u0161\u0146u plastik\u0101tiem; pl\u0101nie plastik\u0101ti; iepakojuma plastik\u0101ti; kompoz\u012btpane\u013ci; kr\u0101saini plastik\u0101ti; materi\u0101li tirdzniec\u012bbas vietu noform\u0113\u0161anai; stikl\u0161\u0137iedras karogu masti; plastik\u0101tu izstr\u0101d\u0101jumi; iepakojums; rekl\u0101mas materi\u0101li; polikarbon\u0101ts siltumn\u012bc\u0101m; materi\u0101li nojum\u0113m; plastik\u0101ti starpsien\u0101m; mat\u0113ts organiskais stikls;\u00a0 PET; PETG; PP; PS; PVC; PC; PE; PMMA; ABS; plastik\u0101ti noform\u0113\u0161anai; plastik\u0101ti grav\u0113\u0161anai; plastik\u0101ti apdrukai; plastik\u0101ts balkona marg\u0101m; ton\u0113ts organiskais stikls; plastik\u0101ts digit\u0101lajai drukai; apdares materi\u0101ls; celtniec\u012bbas materi\u0101li; plastik\u0101tu grie\u0161ana; plastik\u0101tu loc\u012b\u0161ana; karogu masti; karogi; \u0161\u016bnu polikarbon\u0101ts.<\/span><\/span><\/p>\n<p>&nbsp;<\/p>\n","protected":false},"excerpt":{"rendered":"<strong><span style=\"font-size: small;\">EASY &amp; PACK lok\u0161\u0146u polipropil\u0113ns (PP) un PVH<\/span><\/strong>\r\n\r\n&nbsp;\r\n<p align=\"justify\">Caursp\u012bd\u012bgas, baltas vai kr\u0101sainas, mat\u0113tas vai glanc\u0113tas PVH vai PP loksnes. Ide\u0101ls materi\u0101ls iepakojuma izgatavo\u0161anai ar iesp\u0113jamo digit\u0101lo vai ofsetapdruku. Materi\u0101lam ir zems \u012bpatsvars un augsta termisk\u0101 iztur\u012bba, tas ir notur\u012bgs pret agres\u012bvo vielu iedarb\u012bbu, iztur vair\u0101kus miljonus loc\u012bjumu.<\/p>","protected":false},"featured_media":1364,"comment_status":"closed","ping_status":"closed","template":"","meta":[],"product_brand":[],"product_cat":[340],"product_tag":[],"class_list":{"0":"post-1363","1":"product","2":"type-product","3":"status-publish","4":"has-post-thumbnail","6":"product_cat-planais-pvh-pentaprint-planais-pp","8":"first","9":"instock","10":"shipping-taxable","11":"product-type-simple"},"yoast_head":"<!-- This site is optimized with the Yoast SEO plugin v27.4 - https:\/\/yoast.com\/product\/yoast-seo-wordpress\/ -->\n<title>EASY &amp; PACK lok\u0161\u0146u polipropil\u0113ns (PP) un PVH - WMT Baltic<\/title>\n<meta name=\"robots\" content=\"index, follow, max-snippet:-1, max-image-preview:large, max-video-preview:-1\" \/>\n<link rel=\"canonical\" href=\"https:\/\/wmtbaltic.lv\/Produkts\/easy-pack-loksnu-polipropilens-pp-un-pvh\/\" \/>\n<meta property=\"og:locale\" content=\"en_US\" \/>\n<meta property=\"og:type\" content=\"article\" \/>\n<meta property=\"og:title\" content=\"EASY &amp; PACK lok\u0161\u0146u polipropil\u0113ns (PP) un PVH - WMT Baltic\" \/>\n<meta property=\"og:description\" content=\"EASY &amp; PACK lok\u0161\u0146u polipropil\u0113ns (PP) un PVH  &nbsp; Caursp\u012bd\u012bgas, baltas vai kr\u0101sainas, mat\u0113tas vai glanc\u0113tas PVH vai PP loksnes. Ide\u0101ls materi\u0101ls iepakojuma izgatavo\u0161anai ar iesp\u0113jamo digit\u0101lo vai ofsetapdruku. Materi\u0101lam ir zems \u012bpatsvars un augsta termisk\u0101 iztur\u012bba, tas ir notur\u012bgs pret agres\u012bvo vielu iedarb\u012bbu, iztur vair\u0101kus miljonus loc\u012bjumu.\" \/>\n<meta property=\"og:url\" content=\"https:\/\/wmtbaltic.lv\/Produkts\/easy-pack-loksnu-polipropilens-pp-un-pvh\/\" \/>\n<meta property=\"og:site_name\" content=\"WMT Baltic\" \/>\n<meta property=\"article:publisher\" content=\"https:\/\/www.facebook.com\/WMT.Baltic.viscom\/?locale=lv_LV\" \/>\n<meta property=\"article:modified_time\" content=\"2021-02-24T13:10:28+00:00\" \/>\n<meta property=\"og:image\" content=\"https:\/\/wmtbaltic.lv\/wp-content\/uploads\/2020\/07\/EASY-PACK-lok\u0161\u0146u-PP-PVH.jpg\" \/>\n\t<meta property=\"og:image:width\" content=\"440\" \/>\n\t<meta property=\"og:image:height\" content=\"330\" \/>\n\t<meta property=\"og:image:type\" content=\"image\/jpeg\" \/>\n<meta name=\"twitter:card\" content=\"summary_large_image\" \/>\n<meta name=\"twitter:label1\" content=\"Est. reading time\" \/>\n\t<meta name=\"twitter:data1\" content=\"1 minute\" \/>\n<script type=\"application\/ld+json\" class=\"yoast-schema-graph\">{\"@context\":\"https:\\\/\\\/schema.org\",\"@graph\":[{\"@type\":\"WebPage\",\"@id\":\"https:\\\/\\\/wmtbaltic.lv\\\/Produkts\\\/easy-pack-loksnu-polipropilens-pp-un-pvh\\\/\",\"url\":\"https:\\\/\\\/wmtbaltic.lv\\\/Produkts\\\/easy-pack-loksnu-polipropilens-pp-un-pvh\\\/\",\"name\":\"EASY & PACK lok\u0161\u0146u polipropil\u0113ns (PP) un PVH - WMT Baltic\",\"isPartOf\":{\"@id\":\"https:\\\/\\\/wmtbaltic.lv\\\/#website\"},\"primaryImageOfPage\":{\"@id\":\"https:\\\/\\\/wmtbaltic.lv\\\/Produkts\\\/easy-pack-loksnu-polipropilens-pp-un-pvh\\\/#primaryimage\"},\"image\":{\"@id\":\"https:\\\/\\\/wmtbaltic.lv\\\/Produkts\\\/easy-pack-loksnu-polipropilens-pp-un-pvh\\\/#primaryimage\"},\"thumbnailUrl\":\"https:\\\/\\\/wmtbaltic.lv\\\/wp-content\\\/uploads\\\/2020\\\/07\\\/EASY-PACK-lok\u0161\u0146u-PP-PVH.jpg\",\"datePublished\":\"2020-07-22T07:39:17+00:00\",\"dateModified\":\"2021-02-24T13:10:28+00:00\",\"breadcrumb\":{\"@id\":\"https:\\\/\\\/wmtbaltic.lv\\\/Produkts\\\/easy-pack-loksnu-polipropilens-pp-un-pvh\\\/#breadcrumb\"},\"inLanguage\":\"en-US\",\"potentialAction\":[{\"@type\":\"ReadAction\",\"target\":[\"https:\\\/\\\/wmtbaltic.lv\\\/Produkts\\\/easy-pack-loksnu-polipropilens-pp-un-pvh\\\/\"]}]},{\"@type\":\"ImageObject\",\"inLanguage\":\"en-US\",\"@id\":\"https:\\\/\\\/wmtbaltic.lv\\\/Produkts\\\/easy-pack-loksnu-polipropilens-pp-un-pvh\\\/#primaryimage\",\"url\":\"https:\\\/\\\/wmtbaltic.lv\\\/wp-content\\\/uploads\\\/2020\\\/07\\\/EASY-PACK-lok\u0161\u0146u-PP-PVH.jpg\",\"contentUrl\":\"https:\\\/\\\/wmtbaltic.lv\\\/wp-content\\\/uploads\\\/2020\\\/07\\\/EASY-PACK-lok\u0161\u0146u-PP-PVH.jpg\",\"width\":440,\"height\":330},{\"@type\":\"BreadcrumbList\",\"@id\":\"https:\\\/\\\/wmtbaltic.lv\\\/Produkts\\\/easy-pack-loksnu-polipropilens-pp-un-pvh\\\/#breadcrumb\",\"itemListElement\":[{\"@type\":\"ListItem\",\"position\":1,\"name\":\"Home\",\"item\":\"https:\\\/\\\/wmtbaltic.lv\\\/en\\\/\"},{\"@type\":\"ListItem\",\"position\":2,\"name\":\"Products\",\"item\":\"https:\\\/\\\/wmtbaltic.lv\\\/en\\\/shop\\\/\"},{\"@type\":\"ListItem\",\"position\":3,\"name\":\"EASY &#038; PACK lok\u0161\u0146u polipropil\u0113ns (PP) un PVH\"}]},{\"@type\":\"WebSite\",\"@id\":\"https:\\\/\\\/wmtbaltic.lv\\\/#website\",\"url\":\"https:\\\/\\\/wmtbaltic.lv\\\/\",\"name\":\"WMT Baltic\",\"description\":\"Rekl\u0101mas produkti, pl\u0113ves\",\"publisher\":{\"@id\":\"https:\\\/\\\/wmtbaltic.lv\\\/#organization\"},\"potentialAction\":[{\"@type\":\"SearchAction\",\"target\":{\"@type\":\"EntryPoint\",\"urlTemplate\":\"https:\\\/\\\/wmtbaltic.lv\\\/?s={search_term_string}\"},\"query-input\":{\"@type\":\"PropertyValueSpecification\",\"valueRequired\":true,\"valueName\":\"search_term_string\"}}],\"inLanguage\":\"en-US\"},{\"@type\":\"Organization\",\"@id\":\"https:\\\/\\\/wmtbaltic.lv\\\/#organization\",\"name\":\"WMT Baltic\",\"url\":\"https:\\\/\\\/wmtbaltic.lv\\\/\",\"logo\":{\"@type\":\"ImageObject\",\"inLanguage\":\"en-US\",\"@id\":\"https:\\\/\\\/wmtbaltic.lv\\\/#\\\/schema\\\/logo\\\/image\\\/\",\"url\":\"https:\\\/\\\/wmtbaltic.lv\\\/wp-content\\\/uploads\\\/2024\\\/12\\\/wmt-baltic-sia_107142_9_420x180.jpg\",\"contentUrl\":\"https:\\\/\\\/wmtbaltic.lv\\\/wp-content\\\/uploads\\\/2024\\\/12\\\/wmt-baltic-sia_107142_9_420x180.jpg\",\"width\":420,\"height\":180,\"caption\":\"WMT Baltic\"},\"image\":{\"@id\":\"https:\\\/\\\/wmtbaltic.lv\\\/#\\\/schema\\\/logo\\\/image\\\/\"},\"sameAs\":[\"https:\\\/\\\/www.facebook.com\\\/WMT.Baltic.viscom\\\/?locale=lv_LV\",\"https:\\\/\\\/www.instagram.com\\\/viscom_wmt\\\/\"]}]}<\/script>\n<!-- \/ Yoast SEO plugin. -->","yoast_head_json":{"title":"EASY & PACK lok\u0161\u0146u polipropil\u0113ns (PP) un PVH - WMT Baltic","robots":{"index":"index","follow":"follow","max-snippet":"max-snippet:-1","max-image-preview":"max-image-preview:large","max-video-preview":"max-video-preview:-1"},"canonical":"https:\/\/wmtbaltic.lv\/Produkts\/easy-pack-loksnu-polipropilens-pp-un-pvh\/","og_locale":"en_US","og_type":"article","og_title":"EASY & PACK lok\u0161\u0146u polipropil\u0113ns (PP) un PVH - WMT Baltic","og_description":"EASY &amp; PACK lok\u0161\u0146u polipropil\u0113ns (PP) un PVH  &nbsp; Caursp\u012bd\u012bgas, baltas vai kr\u0101sainas, mat\u0113tas vai glanc\u0113tas PVH vai PP loksnes. Ide\u0101ls materi\u0101ls iepakojuma izgatavo\u0161anai ar iesp\u0113jamo digit\u0101lo vai ofsetapdruku. Materi\u0101lam ir zems \u012bpatsvars un augsta termisk\u0101 iztur\u012bba, tas ir notur\u012bgs pret agres\u012bvo vielu iedarb\u012bbu, iztur vair\u0101kus miljonus loc\u012bjumu.","og_url":"https:\/\/wmtbaltic.lv\/Produkts\/easy-pack-loksnu-polipropilens-pp-un-pvh\/","og_site_name":"WMT Baltic","article_publisher":"https:\/\/www.facebook.com\/WMT.Baltic.viscom\/?locale=lv_LV","article_modified_time":"2021-02-24T13:10:28+00:00","og_image":[{"width":440,"height":330,"url":"https:\/\/wmtbaltic.lv\/wp-content\/uploads\/2020\/07\/EASY-PACK-lok\u0161\u0146u-PP-PVH.jpg","type":"image\/jpeg"}],"twitter_card":"summary_large_image","twitter_misc":{"Est. reading time":"1 minute"},"schema":{"@context":"https:\/\/schema.org","@graph":[{"@type":"WebPage","@id":"https:\/\/wmtbaltic.lv\/Produkts\/easy-pack-loksnu-polipropilens-pp-un-pvh\/","url":"https:\/\/wmtbaltic.lv\/Produkts\/easy-pack-loksnu-polipropilens-pp-un-pvh\/","name":"EASY & PACK lok\u0161\u0146u polipropil\u0113ns (PP) un PVH - WMT Baltic","isPartOf":{"@id":"https:\/\/wmtbaltic.lv\/#website"},"primaryImageOfPage":{"@id":"https:\/\/wmtbaltic.lv\/Produkts\/easy-pack-loksnu-polipropilens-pp-un-pvh\/#primaryimage"},"image":{"@id":"https:\/\/wmtbaltic.lv\/Produkts\/easy-pack-loksnu-polipropilens-pp-un-pvh\/#primaryimage"},"thumbnailUrl":"https:\/\/wmtbaltic.lv\/wp-content\/uploads\/2020\/07\/EASY-PACK-lok\u0161\u0146u-PP-PVH.jpg","datePublished":"2020-07-22T07:39:17+00:00","dateModified":"2021-02-24T13:10:28+00:00","breadcrumb":{"@id":"https:\/\/wmtbaltic.lv\/Produkts\/easy-pack-loksnu-polipropilens-pp-un-pvh\/#breadcrumb"},"inLanguage":"en-US","potentialAction":[{"@type":"ReadAction","target":["https:\/\/wmtbaltic.lv\/Produkts\/easy-pack-loksnu-polipropilens-pp-un-pvh\/"]}]},{"@type":"ImageObject","inLanguage":"en-US","@id":"https:\/\/wmtbaltic.lv\/Produkts\/easy-pack-loksnu-polipropilens-pp-un-pvh\/#primaryimage","url":"https:\/\/wmtbaltic.lv\/wp-content\/uploads\/2020\/07\/EASY-PACK-lok\u0161\u0146u-PP-PVH.jpg","contentUrl":"https:\/\/wmtbaltic.lv\/wp-content\/uploads\/2020\/07\/EASY-PACK-lok\u0161\u0146u-PP-PVH.jpg","width":440,"height":330},{"@type":"BreadcrumbList","@id":"https:\/\/wmtbaltic.lv\/Produkts\/easy-pack-loksnu-polipropilens-pp-un-pvh\/#breadcrumb","itemListElement":[{"@type":"ListItem","position":1,"name":"Home","item":"https:\/\/wmtbaltic.lv\/en\/"},{"@type":"ListItem","position":2,"name":"Products","item":"https:\/\/wmtbaltic.lv\/en\/shop\/"},{"@type":"ListItem","position":3,"name":"EASY &#038; PACK lok\u0161\u0146u polipropil\u0113ns (PP) un PVH"}]},{"@type":"WebSite","@id":"https:\/\/wmtbaltic.lv\/#website","url":"https:\/\/wmtbaltic.lv\/","name":"WMT Baltic","description":"Rekl\u0101mas produkti, pl\u0113ves","publisher":{"@id":"https:\/\/wmtbaltic.lv\/#organization"},"potentialAction":[{"@type":"SearchAction","target":{"@type":"EntryPoint","urlTemplate":"https:\/\/wmtbaltic.lv\/?s={search_term_string}"},"query-input":{"@type":"PropertyValueSpecification","valueRequired":true,"valueName":"search_term_string"}}],"inLanguage":"en-US"},{"@type":"Organization","@id":"https:\/\/wmtbaltic.lv\/#organization","name":"WMT Baltic","url":"https:\/\/wmtbaltic.lv\/","logo":{"@type":"ImageObject","inLanguage":"en-US","@id":"https:\/\/wmtbaltic.lv\/#\/schema\/logo\/image\/","url":"https:\/\/wmtbaltic.lv\/wp-content\/uploads\/2024\/12\/wmt-baltic-sia_107142_9_420x180.jpg","contentUrl":"https:\/\/wmtbaltic.lv\/wp-content\/uploads\/2024\/12\/wmt-baltic-sia_107142_9_420x180.jpg","width":420,"height":180,"caption":"WMT Baltic"},"image":{"@id":"https:\/\/wmtbaltic.lv\/#\/schema\/logo\/image\/"},"sameAs":["https:\/\/www.facebook.com\/WMT.Baltic.viscom\/?locale=lv_LV","https:\/\/www.instagram.com\/viscom_wmt\/"]}]}},"_links":{"self":[{"href":"https:\/\/wmtbaltic.lv\/en\/wp-json\/wp\/v2\/product\/1363","targetHints":{"allow":["GET"]}}],"collection":[{"href":"https:\/\/wmtbaltic.lv\/en\/wp-json\/wp\/v2\/product"}],"about":[{"href":"https:\/\/wmtbaltic.lv\/en\/wp-json\/wp\/v2\/types\/product"}],"replies":[{"embeddable":true,"href":"https:\/\/wmtbaltic.lv\/en\/wp-json\/wp\/v2\/comments?post=1363"}],"wp:featuredmedia":[{"embeddable":true,"href":"https:\/\/wmtbaltic.lv\/en\/wp-json\/wp\/v2\/media\/1364"}],"wp:attachment":[{"href":"https:\/\/wmtbaltic.lv\/en\/wp-json\/wp\/v2\/media?parent=1363"}],"wp:term":[{"taxonomy":"product_brand","embeddable":true,"href":"https:\/\/wmtbaltic.lv\/en\/wp-json\/wp\/v2\/product_brand?post=1363"},{"taxonomy":"product_cat","embeddable":true,"href":"https:\/\/wmtbaltic.lv\/en\/wp-json\/wp\/v2\/product_cat?post=1363"},{"taxonomy":"product_tag","embeddable":true,"href":"https:\/\/wmtbaltic.lv\/en\/wp-json\/wp\/v2\/product_tag?post=1363"}],"curies":[{"name":"wp","href":"https:\/\/api.w.org\/{rel}","templated":true}]}}