{"id":13477,"date":"2022-08-05T07:03:01","date_gmt":"2022-08-05T07:03:01","guid":{"rendered":"https:\/\/wmtbaltic.lv\/?post_type=product&#038;p=13477"},"modified":"2024-02-05T08:47:43","modified_gmt":"2024-02-05T08:47:43","slug":"dross-skrapis","status":"publish","type":"product","link":"https:\/\/wmtbaltic.lv\/en\/product\/dross-skrapis\/","title":{"rendered":"DRO\u0160S SKR\u0100PIS"},"content":{"rendered":"<p>Dro\u0161s skr\u0101pis ar plastmasas asmeni, ide\u0101ls risin\u0101jums virsmas t\u012br\u012b\u0161anai no net\u012brumiem, k\u0101 ar\u012b pl\u0113vju un uzl\u012bmju no\u0146em\u0161anai no virsmas. Plastmasas asmenis neskr\u0101p\u0113 virsmu, piem\u0113rots visiem t\u012br\u012b\u0161anas darbiem. \u013boti \u0113rts kabatas izm\u0113rs. Pieejami ar\u012b papildus asme\u0146i. Ra\u017eots Latvij\u0101.<\/p>\n<p>Lielisks pal\u012bgs :<\/p>\n<ul>\n<li>eti\u0137e\u0161u no\u0146em\u0161anai<\/li>\n<li>gr\u012bdu un virsmu t\u012br\u012b\u0161anai<\/li>\n<li>virtuves t\u012br\u012b\u0161anai<\/li>\n<li>santehnikas t\u012br\u012b\u0161anai<\/li>\n<li>auto t\u012br\u012b\u0161ana<\/li>\n<\/ul>\n<p>Pieejami ar\u012b papildus asme\u0146i:<\/p>\n<p><a href=\"https:\/\/wmtbaltic.lv\/Produkts\/asmeni-cieti-skrapim-l-edge-20gb\/\"><strong>sarkanie (cieti)<\/strong><\/a><\/p>\n<p><a href=\"https:\/\/wmtbaltic.lv\/Produkts\/asmeni-miksti-skrapim-l-edge-20gb\/\"><strong>z\u012blas (m\u012bkstie)<\/strong><\/a><\/p>\n<p>&nbsp;<\/p>\n","protected":false},"excerpt":{"rendered":"Dro\u0161s skr\u0101pis ar plastmasas asmeni, ide\u0101ls risin\u0101jums virsmas t\u012br\u012b\u0161anai no net\u012brumiem, k\u0101 ar\u012b pl\u0113vju un uzl\u012bmju no\u0146em\u0161anai no virsmas. Plastmasas asmenis neskr\u0101p\u0113 virsmu, piem\u0113rots visiem t\u012br\u012b\u0161anas darbiem. \u013boti \u0113rts kabatas izm\u0113rs. Pieejami ar\u012b papildus asme\u0146i. Ra\u017eots Latvij\u0101. Lielisks pal\u012bgs : eti\u0137e\u0161u no\u0146em\u0161anai gr\u012bdu un virsmu t\u012br\u012b\u0161anai virtuves t\u012br\u012b\u0161anai santehnikas t\u012br\u012b\u0161anai auto t\u012br\u012b\u0161ana Pieejami ar\u012b papildus [...]","protected":false},"featured_media":13537,"comment_status":"closed","ping_status":"closed","template":"","meta":[],"product_brand":[],"product_cat":[1123,305,61,398],"product_tag":[674,841,290],"class_list":{"0":"post-13477","1":"product","2":"type-product","3":"status-publish","4":"has-post-thumbnail","6":"product_cat-dross-skrapis","7":"product_cat-instrumenti-materialu-nonemsanai","8":"product_cat-instrumenti-aksesuari","9":"product_cat-virsmas-tirisana","10":"product_tag-skrapis","11":"product_tag-tirisana","12":"product_tag-uzlex","14":"first","15":"instock","16":"shipping-taxable","17":"purchasable","18":"product-type-simple"},"yoast_head":"<!-- This site is optimized with the Yoast SEO plugin v27.6 - https:\/\/yoast.com\/product\/yoast-seo-wordpress\/ -->\n<title>DRO\u0160S SKR\u0100PIS - WMT Baltic<\/title>\n<meta name=\"description\" content=\"Dro\u0161\u0161 skrapis eti\u0137e\u0161u no\u0146em\u0161anaigr\u012bdu , virsmu t\u012br\u012b\u0161anai virtuves t\u012br\u012b\u0161anai, santehnikas t\u012br\u012b\u0161anai, auto\u00a0t\u012br\u012b\u0161anai.\" \/>\n<meta name=\"robots\" content=\"index, follow, max-snippet:-1, max-image-preview:large, max-video-preview:-1\" \/>\n<link rel=\"canonical\" href=\"https:\/\/wmtbaltic.lv\/Produkts\/dross-skrapis\/\" \/>\n<meta property=\"og:locale\" content=\"en_US\" \/>\n<meta property=\"og:type\" content=\"article\" \/>\n<meta property=\"og:title\" content=\"DRO\u0160S SKR\u0100PIS - WMT Baltic\" \/>\n<meta property=\"og:description\" content=\"Dro\u0161\u0161 skrapis eti\u0137e\u0161u no\u0146em\u0161anaigr\u012bdu , virsmu t\u012br\u012b\u0161anai virtuves t\u012br\u012b\u0161anai, santehnikas t\u012br\u012b\u0161anai, auto\u00a0t\u012br\u012b\u0161anai.\" \/>\n<meta property=\"og:url\" content=\"https:\/\/wmtbaltic.lv\/Produkts\/dross-skrapis\/\" \/>\n<meta property=\"og:site_name\" content=\"WMT Baltic\" \/>\n<meta property=\"article:publisher\" content=\"https:\/\/www.facebook.com\/WMT.Baltic.viscom\/?locale=lv_LV\" \/>\n<meta property=\"article:modified_time\" content=\"2024-02-05T08:47:43+00:00\" \/>\n<meta property=\"og:image\" content=\"http:\/\/wmtbaltic.lv\/wp-content\/uploads\/2022\/08\/IMG_20220511_171042-scaled.jpg\" \/>\n\t<meta property=\"og:image:width\" content=\"2560\" \/>\n\t<meta property=\"og:image:height\" content=\"1793\" \/>\n\t<meta property=\"og:image:type\" content=\"image\/jpeg\" \/>\n<meta name=\"twitter:card\" content=\"summary_large_image\" \/>\n<meta name=\"twitter:label1\" content=\"Est. reading time\" \/>\n\t<meta name=\"twitter:data1\" content=\"1 minute\" \/>\n<script type=\"application\/ld+json\" class=\"yoast-schema-graph\">{\"@context\":\"https:\\\/\\\/schema.org\",\"@graph\":[{\"@type\":\"WebPage\",\"@id\":\"https:\\\/\\\/wmtbaltic.lv\\\/Produkts\\\/dross-skrapis\\\/\",\"url\":\"https:\\\/\\\/wmtbaltic.lv\\\/Produkts\\\/dross-skrapis\\\/\",\"name\":\"DRO\u0160S SKR\u0100PIS - WMT Baltic\",\"isPartOf\":{\"@id\":\"https:\\\/\\\/wmtbaltic.lv\\\/#website\"},\"primaryImageOfPage\":{\"@id\":\"https:\\\/\\\/wmtbaltic.lv\\\/Produkts\\\/dross-skrapis\\\/#primaryimage\"},\"image\":{\"@id\":\"https:\\\/\\\/wmtbaltic.lv\\\/Produkts\\\/dross-skrapis\\\/#primaryimage\"},\"thumbnailUrl\":\"https:\\\/\\\/wmtbaltic.lv\\\/wp-content\\\/uploads\\\/2022\\\/08\\\/IMG_20220511_171042-scaled.jpg\",\"datePublished\":\"2022-08-05T07:03:01+00:00\",\"dateModified\":\"2024-02-05T08:47:43+00:00\",\"description\":\"Dro\u0161\u0161 skrapis eti\u0137e\u0161u no\u0146em\u0161anaigr\u012bdu , virsmu t\u012br\u012b\u0161anai virtuves t\u012br\u012b\u0161anai, santehnikas t\u012br\u012b\u0161anai, auto\u00a0t\u012br\u012b\u0161anai.\",\"breadcrumb\":{\"@id\":\"https:\\\/\\\/wmtbaltic.lv\\\/Produkts\\\/dross-skrapis\\\/#breadcrumb\"},\"inLanguage\":\"en-US\",\"potentialAction\":[{\"@type\":\"ReadAction\",\"target\":[\"https:\\\/\\\/wmtbaltic.lv\\\/Produkts\\\/dross-skrapis\\\/\"]}]},{\"@type\":\"ImageObject\",\"inLanguage\":\"en-US\",\"@id\":\"https:\\\/\\\/wmtbaltic.lv\\\/Produkts\\\/dross-skrapis\\\/#primaryimage\",\"url\":\"https:\\\/\\\/wmtbaltic.lv\\\/wp-content\\\/uploads\\\/2022\\\/08\\\/IMG_20220511_171042-scaled.jpg\",\"contentUrl\":\"https:\\\/\\\/wmtbaltic.lv\\\/wp-content\\\/uploads\\\/2022\\\/08\\\/IMG_20220511_171042-scaled.jpg\",\"width\":2560,\"height\":1793},{\"@type\":\"BreadcrumbList\",\"@id\":\"https:\\\/\\\/wmtbaltic.lv\\\/Produkts\\\/dross-skrapis\\\/#breadcrumb\",\"itemListElement\":[{\"@type\":\"ListItem\",\"position\":1,\"name\":\"Home\",\"item\":\"https:\\\/\\\/wmtbaltic.lv\\\/en\\\/\"},{\"@type\":\"ListItem\",\"position\":2,\"name\":\"Products\",\"item\":\"https:\\\/\\\/wmtbaltic.lv\\\/en\\\/shop\\\/\"},{\"@type\":\"ListItem\",\"position\":3,\"name\":\"DRO\u0160S SKR\u0100PIS\"}]},{\"@type\":\"WebSite\",\"@id\":\"https:\\\/\\\/wmtbaltic.lv\\\/#website\",\"url\":\"https:\\\/\\\/wmtbaltic.lv\\\/\",\"name\":\"WMT Baltic\",\"description\":\"Rekl\u0101mas produkti, pl\u0113ves\",\"publisher\":{\"@id\":\"https:\\\/\\\/wmtbaltic.lv\\\/#organization\"},\"potentialAction\":[{\"@type\":\"SearchAction\",\"target\":{\"@type\":\"EntryPoint\",\"urlTemplate\":\"https:\\\/\\\/wmtbaltic.lv\\\/?s={search_term_string}\"},\"query-input\":{\"@type\":\"PropertyValueSpecification\",\"valueRequired\":true,\"valueName\":\"search_term_string\"}}],\"inLanguage\":\"en-US\"},{\"@type\":\"Organization\",\"@id\":\"https:\\\/\\\/wmtbaltic.lv\\\/#organization\",\"name\":\"WMT Baltic\",\"url\":\"https:\\\/\\\/wmtbaltic.lv\\\/\",\"logo\":{\"@type\":\"ImageObject\",\"inLanguage\":\"en-US\",\"@id\":\"https:\\\/\\\/wmtbaltic.lv\\\/#\\\/schema\\\/logo\\\/image\\\/\",\"url\":\"https:\\\/\\\/wmtbaltic.lv\\\/wp-content\\\/uploads\\\/2024\\\/12\\\/wmt-baltic-sia_107142_9_420x180.jpg\",\"contentUrl\":\"https:\\\/\\\/wmtbaltic.lv\\\/wp-content\\\/uploads\\\/2024\\\/12\\\/wmt-baltic-sia_107142_9_420x180.jpg\",\"width\":420,\"height\":180,\"caption\":\"WMT Baltic\"},\"image\":{\"@id\":\"https:\\\/\\\/wmtbaltic.lv\\\/#\\\/schema\\\/logo\\\/image\\\/\"},\"sameAs\":[\"https:\\\/\\\/www.facebook.com\\\/WMT.Baltic.viscom\\\/?locale=lv_LV\",\"https:\\\/\\\/www.instagram.com\\\/viscom_wmt\\\/\"]}]}<\/script>\n<!-- \/ Yoast SEO plugin. -->","yoast_head_json":{"title":"DRO\u0160S SKR\u0100PIS - WMT Baltic","description":"Dro\u0161\u0161 skrapis eti\u0137e\u0161u no\u0146em\u0161anaigr\u012bdu , virsmu t\u012br\u012b\u0161anai virtuves t\u012br\u012b\u0161anai, santehnikas t\u012br\u012b\u0161anai, auto\u00a0t\u012br\u012b\u0161anai.","robots":{"index":"index","follow":"follow","max-snippet":"max-snippet:-1","max-image-preview":"max-image-preview:large","max-video-preview":"max-video-preview:-1"},"canonical":"https:\/\/wmtbaltic.lv\/Produkts\/dross-skrapis\/","og_locale":"en_US","og_type":"article","og_title":"DRO\u0160S SKR\u0100PIS - WMT Baltic","og_description":"Dro\u0161\u0161 skrapis eti\u0137e\u0161u no\u0146em\u0161anaigr\u012bdu , virsmu t\u012br\u012b\u0161anai virtuves t\u012br\u012b\u0161anai, santehnikas t\u012br\u012b\u0161anai, auto\u00a0t\u012br\u012b\u0161anai.","og_url":"https:\/\/wmtbaltic.lv\/Produkts\/dross-skrapis\/","og_site_name":"WMT Baltic","article_publisher":"https:\/\/www.facebook.com\/WMT.Baltic.viscom\/?locale=lv_LV","article_modified_time":"2024-02-05T08:47:43+00:00","og_image":[{"width":2560,"height":1793,"url":"http:\/\/wmtbaltic.lv\/wp-content\/uploads\/2022\/08\/IMG_20220511_171042-scaled.jpg","type":"image\/jpeg"}],"twitter_card":"summary_large_image","twitter_misc":{"Est. reading time":"1 minute"},"schema":{"@context":"https:\/\/schema.org","@graph":[{"@type":"WebPage","@id":"https:\/\/wmtbaltic.lv\/Produkts\/dross-skrapis\/","url":"https:\/\/wmtbaltic.lv\/Produkts\/dross-skrapis\/","name":"DRO\u0160S SKR\u0100PIS - WMT Baltic","isPartOf":{"@id":"https:\/\/wmtbaltic.lv\/#website"},"primaryImageOfPage":{"@id":"https:\/\/wmtbaltic.lv\/Produkts\/dross-skrapis\/#primaryimage"},"image":{"@id":"https:\/\/wmtbaltic.lv\/Produkts\/dross-skrapis\/#primaryimage"},"thumbnailUrl":"https:\/\/wmtbaltic.lv\/wp-content\/uploads\/2022\/08\/IMG_20220511_171042-scaled.jpg","datePublished":"2022-08-05T07:03:01+00:00","dateModified":"2024-02-05T08:47:43+00:00","description":"Dro\u0161\u0161 skrapis eti\u0137e\u0161u no\u0146em\u0161anaigr\u012bdu , virsmu t\u012br\u012b\u0161anai virtuves t\u012br\u012b\u0161anai, santehnikas t\u012br\u012b\u0161anai, auto\u00a0t\u012br\u012b\u0161anai.","breadcrumb":{"@id":"https:\/\/wmtbaltic.lv\/Produkts\/dross-skrapis\/#breadcrumb"},"inLanguage":"en-US","potentialAction":[{"@type":"ReadAction","target":["https:\/\/wmtbaltic.lv\/Produkts\/dross-skrapis\/"]}]},{"@type":"ImageObject","inLanguage":"en-US","@id":"https:\/\/wmtbaltic.lv\/Produkts\/dross-skrapis\/#primaryimage","url":"https:\/\/wmtbaltic.lv\/wp-content\/uploads\/2022\/08\/IMG_20220511_171042-scaled.jpg","contentUrl":"https:\/\/wmtbaltic.lv\/wp-content\/uploads\/2022\/08\/IMG_20220511_171042-scaled.jpg","width":2560,"height":1793},{"@type":"BreadcrumbList","@id":"https:\/\/wmtbaltic.lv\/Produkts\/dross-skrapis\/#breadcrumb","itemListElement":[{"@type":"ListItem","position":1,"name":"Home","item":"https:\/\/wmtbaltic.lv\/en\/"},{"@type":"ListItem","position":2,"name":"Products","item":"https:\/\/wmtbaltic.lv\/en\/shop\/"},{"@type":"ListItem","position":3,"name":"DRO\u0160S SKR\u0100PIS"}]},{"@type":"WebSite","@id":"https:\/\/wmtbaltic.lv\/#website","url":"https:\/\/wmtbaltic.lv\/","name":"WMT Baltic","description":"Rekl\u0101mas produkti, pl\u0113ves","publisher":{"@id":"https:\/\/wmtbaltic.lv\/#organization"},"potentialAction":[{"@type":"SearchAction","target":{"@type":"EntryPoint","urlTemplate":"https:\/\/wmtbaltic.lv\/?s={search_term_string}"},"query-input":{"@type":"PropertyValueSpecification","valueRequired":true,"valueName":"search_term_string"}}],"inLanguage":"en-US"},{"@type":"Organization","@id":"https:\/\/wmtbaltic.lv\/#organization","name":"WMT Baltic","url":"https:\/\/wmtbaltic.lv\/","logo":{"@type":"ImageObject","inLanguage":"en-US","@id":"https:\/\/wmtbaltic.lv\/#\/schema\/logo\/image\/","url":"https:\/\/wmtbaltic.lv\/wp-content\/uploads\/2024\/12\/wmt-baltic-sia_107142_9_420x180.jpg","contentUrl":"https:\/\/wmtbaltic.lv\/wp-content\/uploads\/2024\/12\/wmt-baltic-sia_107142_9_420x180.jpg","width":420,"height":180,"caption":"WMT Baltic"},"image":{"@id":"https:\/\/wmtbaltic.lv\/#\/schema\/logo\/image\/"},"sameAs":["https:\/\/www.facebook.com\/WMT.Baltic.viscom\/?locale=lv_LV","https:\/\/www.instagram.com\/viscom_wmt\/"]}]}},"_links":{"self":[{"href":"https:\/\/wmtbaltic.lv\/en\/wp-json\/wp\/v2\/product\/13477","targetHints":{"allow":["GET"]}}],"collection":[{"href":"https:\/\/wmtbaltic.lv\/en\/wp-json\/wp\/v2\/product"}],"about":[{"href":"https:\/\/wmtbaltic.lv\/en\/wp-json\/wp\/v2\/types\/product"}],"replies":[{"embeddable":true,"href":"https:\/\/wmtbaltic.lv\/en\/wp-json\/wp\/v2\/comments?post=13477"}],"wp:featuredmedia":[{"embeddable":true,"href":"https:\/\/wmtbaltic.lv\/en\/wp-json\/wp\/v2\/media\/13537"}],"wp:attachment":[{"href":"https:\/\/wmtbaltic.lv\/en\/wp-json\/wp\/v2\/media?parent=13477"}],"wp:term":[{"taxonomy":"product_brand","embeddable":true,"href":"https:\/\/wmtbaltic.lv\/en\/wp-json\/wp\/v2\/product_brand?post=13477"},{"taxonomy":"product_cat","embeddable":true,"href":"https:\/\/wmtbaltic.lv\/en\/wp-json\/wp\/v2\/product_cat?post=13477"},{"taxonomy":"product_tag","embeddable":true,"href":"https:\/\/wmtbaltic.lv\/en\/wp-json\/wp\/v2\/product_tag?post=13477"}],"curies":[{"name":"wp","href":"https:\/\/api.w.org\/{rel}","templated":true}]}}