{"id":1340,"date":"2020-07-20T12:16:30","date_gmt":"2020-07-20T12:16:30","guid":{"rendered":"http:\/\/wmtbaltic.lv\/\/?post_type=product&#038;p=1340"},"modified":"2020-07-20T12:19:27","modified_gmt":"2020-07-20T12:19:27","slug":"kamellit-tonets-organiskais-stilks-ar-glancetu-virsmu","status":"publish","type":"product","link":"https:\/\/wmtbaltic.lv\/en\/product\/kamellit-tonets-organiskais-stilks-ar-glancetu-virsmu\/","title":{"rendered":"KAMELLIT ton\u0113ts organiskais stilks ar glanc\u0113tu virsmu"},"content":{"rendered":"<p><strong>Materi\u0101la pielietojums<\/strong><\/p>\n<p>M\u0113be\u013cu un interjera dizains, dekorat\u012bvo starpsienu izgatavo\u0161ana, skatlogu, tirdzniec\u012bbas iek\u0101rtu un stendu noform\u0113\u0161ana. Suven\u012bru ra\u017eo\u0161ana.<\/p>\n<p>&nbsp;<\/p>\n<table>\n<tbody class=\"ancv\">\n<tr>\n<td>\n<p align=\"center\"><span style=\"font-size: xx-small;\"><img decoding=\"async\" src=\"http:\/\/www.adv24.lv\/rtfe_images\/K1358_icon.jpg\" \/><\/span><\/p>\n<\/td>\n<td>\n<p align=\"center\"><span style=\"font-size: xx-small;\"><img decoding=\"async\" src=\"http:\/\/www.adv24.lv\/rtfe_images\/K6387_icon.jpg\" \/><\/span><\/p>\n<\/td>\n<td>\n<p align=\"center\"><span style=\"font-size: xx-small;\"><img decoding=\"async\" src=\"http:\/\/www.adv24.lv\/rtfe_images\/K9142_icon.jpg\" \/><\/span><\/p>\n<\/td>\n<td>\n<p align=\"center\"><span style=\"font-size: xx-small;\"><img decoding=\"async\" src=\"http:\/\/www.adv24.lv\/rtfe_images\/K9302_icon.jpg\" \/><\/span><\/p>\n<\/td>\n<td>\n<p align=\"center\"><span style=\"font-size: xx-small;\"><img decoding=\"async\" src=\"http:\/\/www.adv24.lv\/rtfe_images\/KC621_icon.jpg\" \/><\/span><\/p>\n<\/td>\n<\/tr>\n<tr>\n<td>\n<p align=\"center\"><span style=\"font-size: xx-small;\">1358 balts<\/span><\/p>\n<\/td>\n<td>\n<p align=\"center\"><span style=\"font-size: xx-small;\">6387 sarkans<\/span><\/p>\n<\/td>\n<td>\n<p align=\"center\"><span style=\"font-size: xx-small;\">9142 br\u016bns<\/span><\/p>\n<\/td>\n<td>\n<p align=\"center\"><span style=\"font-size: xx-small;\">9302 melns<\/span><\/p>\n<\/td>\n<td>\n<p align=\"center\"><span style=\"font-size: xx-small;\">\u0421621 &#8220;Glass look&#8221;<\/span><\/p>\n<\/td>\n<\/tr>\n<tr>\n<td>\n<p align=\"center\">\n<\/td>\n<td>\n<p align=\"center\">\n<\/td>\n<td>\n<p align=\"center\">\n<\/td>\n<td>\n<p align=\"center\">\n<\/td>\n<td>\n<p align=\"center\">\n<\/td>\n<\/tr>\n<tr>\n<td>\n<p align=\"center\"><span style=\"font-size: xx-small;\"><img decoding=\"async\" src=\"http:\/\/www.adv24.lv\/rtfe_images\/LX10_icon.jpg\" \/><\/span><\/p>\n<\/td>\n<td>\n<p align=\"center\"><span style=\"font-size: xx-small;\"><img decoding=\"async\" src=\"http:\/\/www.adv24.lv\/rtfe_images\/LX22_icon.jpg\" \/><\/span><\/p>\n<\/td>\n<td>\n<p align=\"center\"><span style=\"font-size: xx-small;\"><img decoding=\"async\" src=\"http:\/\/www.adv24.lv\/rtfe_images\/LX41_icon.jpg\" \/><\/span><\/p>\n<\/td>\n<td>\n<p align=\"center\"><span style=\"font-size: xx-small;\"><img decoding=\"async\" src=\"http:\/\/www.adv24.lv\/rtfe_images\/LX61_icon.jpg\" \/><\/span><\/p>\n<\/td>\n<td>\n<p align=\"center\">\n<\/td>\n<\/tr>\n<tr>\n<td>\n<p align=\"center\"><span style=\"font-size: xx-small;\">KAMELLIT LUX LX10<\/span><\/p>\n<p align=\"center\"><span style=\"font-size: xx-small;\">perlamutra balts<\/span><\/p>\n<\/td>\n<td>\n<p align=\"center\"><span style=\"font-size: xx-small;\">KAMELLIT LUX<\/span><\/p>\n<p align=\"center\"><span style=\"font-size: xx-small;\">LX22 perlamutra zelts<\/span><\/p>\n<\/td>\n<td>\n<p align=\"center\"><span style=\"font-size: xx-small;\">KAMELLIT LUX LX41<\/span><\/p>\n<p align=\"center\"><span style=\"font-size: xx-small;\">perlamutra zils<\/span><\/p>\n<\/td>\n<td>\n<p align=\"center\"><span style=\"font-size: xx-small;\">KAMELLIT LUX LX61<\/span><\/p>\n<p align=\"center\"><span style=\"font-size: xx-small;\">perlamutra roz\u0101<\/span><\/p>\n<\/td>\n<td><\/td>\n<\/tr>\n<tr>\n<td><\/td>\n<td><\/td>\n<td><\/td>\n<td><\/td>\n<td><\/td>\n<\/tr>\n<\/tbody>\n<\/table>\n<p><span style=\"color: #990000;\">Organisk\u0101 stikla sal\u012bm\u0113\u0161anai m\u0113s\u00a0iesakam izmantot l\u012bmi:<\/span><\/p>\n<p>&nbsp;<\/p>\n<p><span style=\"color: #990000;\">\u00a0 &#8211;\u00a0<\/span><a href=\"http:\/\/adv24.lv\/lv\/130\/188\/\"><span style=\"color: #990000;\">COSMOFEN PMMA organisk\u0101 stikla sal\u012bm\u0113\u0161anai<\/span><\/a><\/p>\n<p><span style=\"color: #990000;\">\u00a0 &#8211;\u00a0<\/span><a href=\"http:\/\/adv24.lv\/lv\/130\/194\/\"><span style=\"color: #990000;\">COSMOFEN att\u012br\u012b\u0161anas l\u012bdzek\u013ci<\/span><\/a><\/p>\n<p>&nbsp;<\/p>\n<p><a href=\"http:\/\/wmtbaltic.lv\/\/wp-content\/uploads\/2020\/07\/NUDEC_PMMA.pdf\" target=\"_blank\" rel=\"noopener noreferrer\"><img loading=\"lazy\" decoding=\"async\" class=\"alignnone wp-image-914 size-full\" src=\"http:\/\/wmtbaltic.lv\/\/wp-content\/uploads\/2020\/07\/pdf-1.png\" alt=\"\" width=\"30\" height=\"36\" \/><\/a><a href=\"http:\/\/wmtbaltic.lv\/\/wp-content\/uploads\/2020\/07\/NUDEC_PMMA.pdf\" target=\"_blank\" rel=\"noopener noreferrer\">Tehniskais apraksts<\/a><\/p>\n<p><span style=\"font-family: Tahoma, sans-serif;\"><span style=\"color: #00cc66; font-size: small;\"><b>Ieskaties ar\u012b \u0161eit:\u00a0<a href=\"http:\/\/orgstikls.lv\/\" target=\"_blank\" rel=\"noopener noreferrer\">www.orgstikls.lv<\/a><\/b><\/span><\/span><\/p>\n<p><span style=\"font-family: Tahoma, sans-serif;\"><span style=\"font-size: small;\"><b>M\u0113s pied\u0101v\u0101jam ar\u012b:<\/b><\/span><\/span><span style=\"font-family: Tahoma, sans-serif;\"><span style=\"font-size: small;\">\u00a0putots lok\u0161\u0146u materi\u0101ls; triecieniztur\u012bgs materi\u0101ls; liets materi\u0101ls; \u0161\u016bnu polikarbon\u0101ts rekl\u0101mai; monopolikarbon\u0101ts; \u0161\u016bnu polikarbon\u0101ta aksesu\u0101ri; kompoz\u012btmateri\u0101ls; poliesters;\u00a0<\/span><\/span><span style=\"font-family: Tahoma, sans-serif;\"><span style=\"font-size: small;\"><span lang=\"en-US\">org<\/span><\/span><\/span><span style=\"font-family: Tahoma, sans-serif;\"><span style=\"font-size: small;\">stikls; polietil\u0113ns; \u0161\u016bnu polipropil\u0113ns; profili lok\u0161\u0146u plastik\u0101tiem; pl\u0101nie plastik\u0101ti; iepakojuma plastik\u0101ti; kompoz\u012btpane\u013ci; kr\u0101saini plastik\u0101ti; materi\u0101li tirdzniec\u012bbas vietu noform\u0113\u0161anai; stikl\u0161\u0137iedras karogu masti; plastik\u0101tu izstr\u0101d\u0101jumi; iepakojums; rekl\u0101mas materi\u0101li; polikarbon\u0101ts siltumn\u012bc\u0101m; materi\u0101li nojum\u0113m; plastik\u0101ti starpsien\u0101m; mat\u0113ts organiskais stikls;\u00a0 PET; PETG; PP; PS; PVC; PC; PE; PMMA; ABS; plastik\u0101ti noform\u0113\u0161anai; plastik\u0101ti grav\u0113\u0161anai; plastik\u0101ti apdrukai; plastik\u0101ts balkona marg\u0101m; ton\u0113ts organiskais stikls; plastik\u0101ts digit\u0101lajai drukai; apdares materi\u0101ls; celtniec\u012bbas materi\u0101li; plastik\u0101tu grie\u0161ana; plastik\u0101tu loc\u012b\u0161ana; karogu masti; karogi; \u0161\u016bnu polikarbon\u0101ts.<\/span><\/span><\/p>\n","protected":false},"excerpt":{"rendered":"<strong><span style=\"font-size: small;\">PMMA KAMELLIT ton\u0113ts organiskais stikls ar glanc\u0113tu virsmu<\/span><\/strong>\r\n\r\n&nbsp;\r\n\r\nCaursp\u012bd\u012bgs vai kr\u0101sains, ton\u0113ts, abpus\u0113ji glanc\u0113ts , viegls un triecieniztur\u012bgs lok\u0161\u0146u materi\u0101ls","protected":false},"featured_media":1343,"template":"","meta":[],"product_brand":[],"product_cat":[83],"product_tag":[],"class_list":{"0":"post-1340","1":"product","2":"type-product","3":"status-publish","4":"has-post-thumbnail","6":"product_cat-uncategorized-lv","8":"first","9":"instock","10":"shipping-taxable","11":"product-type-simple"},"yoast_head":"<!-- This site is optimized with the Yoast SEO plugin v27.4 - https:\/\/yoast.com\/product\/yoast-seo-wordpress\/ -->\n<title>KAMELLIT ton\u0113ts organiskais stilks ar glanc\u0113tu virsmu - WMT Baltic<\/title>\n<meta name=\"robots\" content=\"index, follow, max-snippet:-1, max-image-preview:large, max-video-preview:-1\" \/>\n<link rel=\"canonical\" href=\"https:\/\/wmtbaltic.lv\/Produkts\/kamellit-tonets-organiskais-stilks-ar-glancetu-virsmu\/\" \/>\n<meta property=\"og:locale\" content=\"en_US\" \/>\n<meta property=\"og:type\" content=\"article\" \/>\n<meta property=\"og:title\" content=\"KAMELLIT ton\u0113ts organiskais stilks ar glanc\u0113tu virsmu - WMT Baltic\" \/>\n<meta property=\"og:description\" content=\"PMMA KAMELLIT ton\u0113ts organiskais stikls ar glanc\u0113tu virsmu  &nbsp;  Caursp\u012bd\u012bgs vai kr\u0101sains, ton\u0113ts, abpus\u0113ji glanc\u0113ts , viegls un triecieniztur\u012bgs lok\u0161\u0146u materi\u0101ls\" \/>\n<meta property=\"og:url\" content=\"https:\/\/wmtbaltic.lv\/Produkts\/kamellit-tonets-organiskais-stilks-ar-glancetu-virsmu\/\" \/>\n<meta property=\"og:site_name\" content=\"WMT Baltic\" \/>\n<meta property=\"article:publisher\" content=\"https:\/\/www.facebook.com\/WMT.Baltic.viscom\/?locale=lv_LV\" \/>\n<meta property=\"article:modified_time\" content=\"2020-07-20T12:19:27+00:00\" \/>\n<meta property=\"og:image\" content=\"https:\/\/wmtbaltic.lv\/wp-content\/uploads\/2020\/07\/KAMELLIT-ton\u0113ts-organiskais-stilks-ar-glanc\u0113tu-virsmu.jpg\" \/>\n\t<meta property=\"og:image:width\" content=\"440\" \/>\n\t<meta property=\"og:image:height\" content=\"330\" \/>\n\t<meta property=\"og:image:type\" content=\"image\/jpeg\" \/>\n<meta name=\"twitter:card\" content=\"summary_large_image\" \/>\n<meta name=\"twitter:label1\" content=\"Est. reading time\" \/>\n\t<meta name=\"twitter:data1\" content=\"1 minute\" \/>\n<script type=\"application\/ld+json\" class=\"yoast-schema-graph\">{\"@context\":\"https:\\\/\\\/schema.org\",\"@graph\":[{\"@type\":\"WebPage\",\"@id\":\"https:\\\/\\\/wmtbaltic.lv\\\/Produkts\\\/kamellit-tonets-organiskais-stilks-ar-glancetu-virsmu\\\/\",\"url\":\"https:\\\/\\\/wmtbaltic.lv\\\/Produkts\\\/kamellit-tonets-organiskais-stilks-ar-glancetu-virsmu\\\/\",\"name\":\"KAMELLIT ton\u0113ts organiskais stilks ar glanc\u0113tu virsmu - WMT Baltic\",\"isPartOf\":{\"@id\":\"https:\\\/\\\/wmtbaltic.lv\\\/#website\"},\"primaryImageOfPage\":{\"@id\":\"https:\\\/\\\/wmtbaltic.lv\\\/Produkts\\\/kamellit-tonets-organiskais-stilks-ar-glancetu-virsmu\\\/#primaryimage\"},\"image\":{\"@id\":\"https:\\\/\\\/wmtbaltic.lv\\\/Produkts\\\/kamellit-tonets-organiskais-stilks-ar-glancetu-virsmu\\\/#primaryimage\"},\"thumbnailUrl\":\"https:\\\/\\\/wmtbaltic.lv\\\/wp-content\\\/uploads\\\/2020\\\/07\\\/KAMELLIT-ton\u0113ts-organiskais-stilks-ar-glanc\u0113tu-virsmu.jpg\",\"datePublished\":\"2020-07-20T12:16:30+00:00\",\"dateModified\":\"2020-07-20T12:19:27+00:00\",\"breadcrumb\":{\"@id\":\"https:\\\/\\\/wmtbaltic.lv\\\/Produkts\\\/kamellit-tonets-organiskais-stilks-ar-glancetu-virsmu\\\/#breadcrumb\"},\"inLanguage\":\"en-US\",\"potentialAction\":[{\"@type\":\"ReadAction\",\"target\":[\"https:\\\/\\\/wmtbaltic.lv\\\/Produkts\\\/kamellit-tonets-organiskais-stilks-ar-glancetu-virsmu\\\/\"]}]},{\"@type\":\"ImageObject\",\"inLanguage\":\"en-US\",\"@id\":\"https:\\\/\\\/wmtbaltic.lv\\\/Produkts\\\/kamellit-tonets-organiskais-stilks-ar-glancetu-virsmu\\\/#primaryimage\",\"url\":\"https:\\\/\\\/wmtbaltic.lv\\\/wp-content\\\/uploads\\\/2020\\\/07\\\/KAMELLIT-ton\u0113ts-organiskais-stilks-ar-glanc\u0113tu-virsmu.jpg\",\"contentUrl\":\"https:\\\/\\\/wmtbaltic.lv\\\/wp-content\\\/uploads\\\/2020\\\/07\\\/KAMELLIT-ton\u0113ts-organiskais-stilks-ar-glanc\u0113tu-virsmu.jpg\",\"width\":440,\"height\":330},{\"@type\":\"BreadcrumbList\",\"@id\":\"https:\\\/\\\/wmtbaltic.lv\\\/Produkts\\\/kamellit-tonets-organiskais-stilks-ar-glancetu-virsmu\\\/#breadcrumb\",\"itemListElement\":[{\"@type\":\"ListItem\",\"position\":1,\"name\":\"Home\",\"item\":\"https:\\\/\\\/wmtbaltic.lv\\\/en\\\/\"},{\"@type\":\"ListItem\",\"position\":2,\"name\":\"Shop\",\"item\":\"https:\\\/\\\/wmtbaltic.lv\\\/shop\\\/\"},{\"@type\":\"ListItem\",\"position\":3,\"name\":\"KAMELLIT ton\u0113ts organiskais stilks ar glanc\u0113tu virsmu\"}]},{\"@type\":\"WebSite\",\"@id\":\"https:\\\/\\\/wmtbaltic.lv\\\/#website\",\"url\":\"https:\\\/\\\/wmtbaltic.lv\\\/\",\"name\":\"WMT Baltic\",\"description\":\"Rekl\u0101mas produkti, pl\u0113ves\",\"publisher\":{\"@id\":\"https:\\\/\\\/wmtbaltic.lv\\\/#organization\"},\"potentialAction\":[{\"@type\":\"SearchAction\",\"target\":{\"@type\":\"EntryPoint\",\"urlTemplate\":\"https:\\\/\\\/wmtbaltic.lv\\\/?s={search_term_string}\"},\"query-input\":{\"@type\":\"PropertyValueSpecification\",\"valueRequired\":true,\"valueName\":\"search_term_string\"}}],\"inLanguage\":\"en-US\"},{\"@type\":\"Organization\",\"@id\":\"https:\\\/\\\/wmtbaltic.lv\\\/#organization\",\"name\":\"WMT Baltic\",\"url\":\"https:\\\/\\\/wmtbaltic.lv\\\/\",\"logo\":{\"@type\":\"ImageObject\",\"inLanguage\":\"en-US\",\"@id\":\"https:\\\/\\\/wmtbaltic.lv\\\/#\\\/schema\\\/logo\\\/image\\\/\",\"url\":\"https:\\\/\\\/wmtbaltic.lv\\\/wp-content\\\/uploads\\\/2024\\\/12\\\/wmt-baltic-sia_107142_9_420x180.jpg\",\"contentUrl\":\"https:\\\/\\\/wmtbaltic.lv\\\/wp-content\\\/uploads\\\/2024\\\/12\\\/wmt-baltic-sia_107142_9_420x180.jpg\",\"width\":420,\"height\":180,\"caption\":\"WMT Baltic\"},\"image\":{\"@id\":\"https:\\\/\\\/wmtbaltic.lv\\\/#\\\/schema\\\/logo\\\/image\\\/\"},\"sameAs\":[\"https:\\\/\\\/www.facebook.com\\\/WMT.Baltic.viscom\\\/?locale=lv_LV\",\"https:\\\/\\\/www.instagram.com\\\/viscom_wmt\\\/\"]}]}<\/script>\n<!-- \/ Yoast SEO plugin. -->","yoast_head_json":{"title":"KAMELLIT ton\u0113ts organiskais stilks ar glanc\u0113tu virsmu - WMT Baltic","robots":{"index":"index","follow":"follow","max-snippet":"max-snippet:-1","max-image-preview":"max-image-preview:large","max-video-preview":"max-video-preview:-1"},"canonical":"https:\/\/wmtbaltic.lv\/Produkts\/kamellit-tonets-organiskais-stilks-ar-glancetu-virsmu\/","og_locale":"en_US","og_type":"article","og_title":"KAMELLIT ton\u0113ts organiskais stilks ar glanc\u0113tu virsmu - WMT Baltic","og_description":"PMMA KAMELLIT ton\u0113ts organiskais stikls ar glanc\u0113tu virsmu  &nbsp;  Caursp\u012bd\u012bgs vai kr\u0101sains, ton\u0113ts, abpus\u0113ji glanc\u0113ts , viegls un triecieniztur\u012bgs lok\u0161\u0146u materi\u0101ls","og_url":"https:\/\/wmtbaltic.lv\/Produkts\/kamellit-tonets-organiskais-stilks-ar-glancetu-virsmu\/","og_site_name":"WMT Baltic","article_publisher":"https:\/\/www.facebook.com\/WMT.Baltic.viscom\/?locale=lv_LV","article_modified_time":"2020-07-20T12:19:27+00:00","og_image":[{"width":440,"height":330,"url":"https:\/\/wmtbaltic.lv\/wp-content\/uploads\/2020\/07\/KAMELLIT-ton\u0113ts-organiskais-stilks-ar-glanc\u0113tu-virsmu.jpg","type":"image\/jpeg"}],"twitter_card":"summary_large_image","twitter_misc":{"Est. reading time":"1 minute"},"schema":{"@context":"https:\/\/schema.org","@graph":[{"@type":"WebPage","@id":"https:\/\/wmtbaltic.lv\/Produkts\/kamellit-tonets-organiskais-stilks-ar-glancetu-virsmu\/","url":"https:\/\/wmtbaltic.lv\/Produkts\/kamellit-tonets-organiskais-stilks-ar-glancetu-virsmu\/","name":"KAMELLIT ton\u0113ts organiskais stilks ar glanc\u0113tu virsmu - WMT Baltic","isPartOf":{"@id":"https:\/\/wmtbaltic.lv\/#website"},"primaryImageOfPage":{"@id":"https:\/\/wmtbaltic.lv\/Produkts\/kamellit-tonets-organiskais-stilks-ar-glancetu-virsmu\/#primaryimage"},"image":{"@id":"https:\/\/wmtbaltic.lv\/Produkts\/kamellit-tonets-organiskais-stilks-ar-glancetu-virsmu\/#primaryimage"},"thumbnailUrl":"https:\/\/wmtbaltic.lv\/wp-content\/uploads\/2020\/07\/KAMELLIT-ton\u0113ts-organiskais-stilks-ar-glanc\u0113tu-virsmu.jpg","datePublished":"2020-07-20T12:16:30+00:00","dateModified":"2020-07-20T12:19:27+00:00","breadcrumb":{"@id":"https:\/\/wmtbaltic.lv\/Produkts\/kamellit-tonets-organiskais-stilks-ar-glancetu-virsmu\/#breadcrumb"},"inLanguage":"en-US","potentialAction":[{"@type":"ReadAction","target":["https:\/\/wmtbaltic.lv\/Produkts\/kamellit-tonets-organiskais-stilks-ar-glancetu-virsmu\/"]}]},{"@type":"ImageObject","inLanguage":"en-US","@id":"https:\/\/wmtbaltic.lv\/Produkts\/kamellit-tonets-organiskais-stilks-ar-glancetu-virsmu\/#primaryimage","url":"https:\/\/wmtbaltic.lv\/wp-content\/uploads\/2020\/07\/KAMELLIT-ton\u0113ts-organiskais-stilks-ar-glanc\u0113tu-virsmu.jpg","contentUrl":"https:\/\/wmtbaltic.lv\/wp-content\/uploads\/2020\/07\/KAMELLIT-ton\u0113ts-organiskais-stilks-ar-glanc\u0113tu-virsmu.jpg","width":440,"height":330},{"@type":"BreadcrumbList","@id":"https:\/\/wmtbaltic.lv\/Produkts\/kamellit-tonets-organiskais-stilks-ar-glancetu-virsmu\/#breadcrumb","itemListElement":[{"@type":"ListItem","position":1,"name":"Home","item":"https:\/\/wmtbaltic.lv\/en\/"},{"@type":"ListItem","position":2,"name":"Shop","item":"https:\/\/wmtbaltic.lv\/shop\/"},{"@type":"ListItem","position":3,"name":"KAMELLIT ton\u0113ts organiskais stilks ar glanc\u0113tu virsmu"}]},{"@type":"WebSite","@id":"https:\/\/wmtbaltic.lv\/#website","url":"https:\/\/wmtbaltic.lv\/","name":"WMT Baltic","description":"Rekl\u0101mas produkti, pl\u0113ves","publisher":{"@id":"https:\/\/wmtbaltic.lv\/#organization"},"potentialAction":[{"@type":"SearchAction","target":{"@type":"EntryPoint","urlTemplate":"https:\/\/wmtbaltic.lv\/?s={search_term_string}"},"query-input":{"@type":"PropertyValueSpecification","valueRequired":true,"valueName":"search_term_string"}}],"inLanguage":"en-US"},{"@type":"Organization","@id":"https:\/\/wmtbaltic.lv\/#organization","name":"WMT Baltic","url":"https:\/\/wmtbaltic.lv\/","logo":{"@type":"ImageObject","inLanguage":"en-US","@id":"https:\/\/wmtbaltic.lv\/#\/schema\/logo\/image\/","url":"https:\/\/wmtbaltic.lv\/wp-content\/uploads\/2024\/12\/wmt-baltic-sia_107142_9_420x180.jpg","contentUrl":"https:\/\/wmtbaltic.lv\/wp-content\/uploads\/2024\/12\/wmt-baltic-sia_107142_9_420x180.jpg","width":420,"height":180,"caption":"WMT Baltic"},"image":{"@id":"https:\/\/wmtbaltic.lv\/#\/schema\/logo\/image\/"},"sameAs":["https:\/\/www.facebook.com\/WMT.Baltic.viscom\/?locale=lv_LV","https:\/\/www.instagram.com\/viscom_wmt\/"]}]}},"_links":{"self":[{"href":"https:\/\/wmtbaltic.lv\/en\/wp-json\/wp\/v2\/product\/1340","targetHints":{"allow":["GET"]}}],"collection":[{"href":"https:\/\/wmtbaltic.lv\/en\/wp-json\/wp\/v2\/product"}],"about":[{"href":"https:\/\/wmtbaltic.lv\/en\/wp-json\/wp\/v2\/types\/product"}],"wp:featuredmedia":[{"embeddable":true,"href":"https:\/\/wmtbaltic.lv\/en\/wp-json\/wp\/v2\/media\/1343"}],"wp:attachment":[{"href":"https:\/\/wmtbaltic.lv\/en\/wp-json\/wp\/v2\/media?parent=1340"}],"wp:term":[{"taxonomy":"product_brand","embeddable":true,"href":"https:\/\/wmtbaltic.lv\/en\/wp-json\/wp\/v2\/product_brand?post=1340"},{"taxonomy":"product_cat","embeddable":true,"href":"https:\/\/wmtbaltic.lv\/en\/wp-json\/wp\/v2\/product_cat?post=1340"},{"taxonomy":"product_tag","embeddable":true,"href":"https:\/\/wmtbaltic.lv\/en\/wp-json\/wp\/v2\/product_tag?post=1340"}],"curies":[{"name":"wp","href":"https:\/\/api.w.org\/{rel}","templated":true}]}}