{"id":1336,"date":"2020-07-20T12:14:25","date_gmt":"2020-07-20T12:14:25","guid":{"rendered":"http:\/\/wmtbaltic.lv\/\/?post_type=product&#038;p=1336"},"modified":"2020-07-20T12:14:25","modified_gmt":"2020-07-20T12:14:25","slug":"frost-dekorativs-organiskais-stikls-ar-matetu-virsmu","status":"publish","type":"product","link":"https:\/\/wmtbaltic.lv\/en\/product\/frost-dekorativs-organiskais-stikls-ar-matetu-virsmu\/","title":{"rendered":"FROST dekorat\u012bvs organiskais stikls ar mat\u0113tu virsmu"},"content":{"rendered":"<p align=\"justify\">\n<p align=\"justify\"><strong>Materi\u0101la pielietojums<\/strong><\/p>\n<p align=\"justify\">Materi\u0101ls tiek pielietots korpusu un b\u0113rnu m\u0113be\u013cu ra\u017eo\u0161an\u0101, dekorat\u012bvo starpsienu izgatavo\u0161anai, griestu, sienu, gr\u012bdu apdarei. Biroju m\u0113bel\u0113m, k\u0101 ar\u012b tirdzniec\u012bbas un izst\u0101\u017eu stendiem, dekorat\u012bvais organiskais stikls FROST izstr\u0101d\u0101jumiem \u00a0pie\u0161\u0137ir ori\u0123inalit\u0101ti. Materi\u0101ls tiek izmantots skatlogu noform\u0113\u0161anai, suven\u012bru un gaismek\u013cu ra\u017eo\u0161anai<\/p>\n<p>&nbsp;<\/p>\n<table>\n<tbody class=\"ancv\">\n<tr>\n<td>\n<p align=\"center\"><img decoding=\"async\" src=\"http:\/\/www.adv24.lv\/rtfe_images\/F030_icon.jpg\" \/><\/p>\n<\/td>\n<td>\n<p align=\"center\"><img decoding=\"async\" src=\"http:\/\/www.adv24.lv\/rtfe_images\/F621_icon.jpg\" \/><\/p>\n<\/td>\n<td>\n<p align=\"center\"><img decoding=\"async\" src=\"http:\/\/www.adv24.lv\/rtfe_images\/F728_icon.jpg\" \/><\/p>\n<\/td>\n<td>\n<p align=\"center\"><img decoding=\"async\" src=\"http:\/\/www.adv24.lv\/rtfe_images\/F777_icon.jpg\" \/><\/p>\n<\/td>\n<td>\n<p align=\"center\"><img decoding=\"async\" src=\"http:\/\/www.adv24.lv\/rtfe_images\/F450_icon.jpg\" \/><\/p>\n<\/td>\n<\/tr>\n<tr>\n<td>\n<p align=\"center\"><span style=\"font-size: small;\">F030 op\u0101ls<\/span><\/p>\n<\/td>\n<td>\n<p align=\"center\"><span style=\"font-size: small;\">F621 za\u013c\u0161<\/span><\/p>\n<\/td>\n<td>\n<p align=\"center\"><span style=\"font-size: small;\">F728 tum\u0161i zils<\/span><\/p>\n<\/td>\n<td>\n<p align=\"center\"><span style=\"font-size: small;\">F777 gai\u0161i zils<\/span><\/p>\n<\/td>\n<td>\n<p align=\"center\"><span style=\"font-size: small;\">F450 sarkans<\/span><\/p>\n<\/td>\n<\/tr>\n<tr>\n<td>\n<p align=\"center\">\n<\/td>\n<td>\n<p align=\"center\">\n<\/td>\n<td>\n<p align=\"center\">\n<\/td>\n<td>\n<p align=\"center\">\n<\/td>\n<td>\n<p align=\"center\">\n<\/td>\n<\/tr>\n<tr>\n<td>\n<p align=\"center\"><span style=\"font-size: small;\"><img decoding=\"async\" src=\"http:\/\/www.adv24.lv\/rtfe_images\/F2923_icon.jpg\" \/><\/span><\/p>\n<\/td>\n<td>\n<p align=\"center\"><span style=\"font-size: small;\"><img decoding=\"async\" src=\"http:\/\/www.adv24.lv\/rtfe_images\/F000_icon.jpg\" \/><\/span><\/p>\n<\/td>\n<td>\n<p align=\"center\"><span style=\"font-size: small;\"><img decoding=\"async\" src=\"http:\/\/www.adv24.lv\/rtfe_images\/F769.jpg\" \/><\/span><\/p>\n<\/td>\n<td>\n<p align=\"center\"><span style=\"font-size: small;\"><img decoding=\"async\" src=\"http:\/\/www.adv24.lv\/rtfe_images\/F758_icon.jpg\" \/><\/span><\/p>\n<\/td>\n<td>\n<p align=\"center\"><span style=\"font-size: small;\"><img decoding=\"async\" src=\"http:\/\/www.adv24.lv\/rtfe_images\/F659_icon.jpg\" \/><\/span><\/p>\n<\/td>\n<\/tr>\n<tr>\n<td>\n<p align=\"center\"><span style=\"font-size: small;\">F2923 melns<\/span><\/p>\n<\/td>\n<td>\n<p align=\"center\"><span style=\"font-size: small;\">F000 caursp\u012bd\u012bgs<\/span><\/p>\n<\/td>\n<td>\n<p align=\"center\"><span style=\"font-size: small;\">F769 zils<\/span><\/p>\n<\/td>\n<td>\n<p align=\"center\"><span style=\"font-size: small;\">F758 violets<\/span><\/p>\n<\/td>\n<td>\n<p align=\"center\"><span style=\"font-size: small;\">F659 tum\u0161i za\u013c\u0161<\/span><\/p>\n<\/td>\n<\/tr>\n<tr>\n<td>\n<p align=\"center\">\n<\/td>\n<td>\n<p align=\"center\">\n<\/td>\n<td>\n<p align=\"center\">\n<\/td>\n<td>\n<p align=\"center\">\n<\/td>\n<td>\n<p align=\"center\">\n<\/td>\n<\/tr>\n<tr>\n<td>\n<p align=\"center\"><span style=\"font-size: small;\"><img decoding=\"async\" src=\"http:\/\/www.adv24.lv\/rtfe_images\/F230_icon.jpg\" \/><\/span><\/p>\n<p align=\"center\"><span style=\"font-size: small;\">F207 gai\u0161i dzeltens<\/span><\/p>\n<\/td>\n<td>\n<p align=\"center\"><span style=\"font-size: small;\"><img decoding=\"async\" src=\"http:\/\/www.adv24.lv\/rtfe_images\/F207_icon.jpg\" \/><\/span><\/p>\n<p align=\"center\"><span style=\"font-size: small;\">F230 dzeltens<\/span><\/p>\n<\/td>\n<td>\n<p align=\"center\"><span style=\"font-size: small;\"><img decoding=\"async\" src=\"http:\/\/www.adv24.lv\/rtfe_images\/F317_icon.jpg\" \/><\/span><\/p>\n<p align=\"center\"><span style=\"font-size: small;\">F317 oran\u017es<\/span><\/p>\n<\/td>\n<td>\n<p align=\"center\"><span style=\"font-size: small;\"><img decoding=\"async\" src=\"http:\/\/www.adv24.lv\/rtfe_images\/F446_icon.jpg\" \/><\/span><\/p>\n<p align=\"center\"><span style=\"font-size: small;\">F450 roz\u0101<\/span><\/p>\n<\/td>\n<td>\n<p align=\"center\">\n<p align=\"center\"><span style=\"font-size: small;\">6120M tum\u0161i sarkans<\/span><\/p>\n<\/td>\n<\/tr>\n<tr>\n<td><\/td>\n<td>\n<p align=\"center\">\n<\/td>\n<td>\n<p align=\"center\">\n<\/td>\n<td>\n<p align=\"center\">\n<\/td>\n<td><\/td>\n<\/tr>\n<\/tbody>\n<\/table>\n<p><span style=\"color: #990000;\">Organisk\u0101 stikla sal\u012bm\u0113\u0161anai m\u0113s rekomend\u0113jam izmantot l\u012bmi:<\/span><\/p>\n<p>&nbsp;<\/p>\n<p><span style=\"color: #990000;\">\u00a0 &#8211;\u00a0<\/span><span style=\"color: #990000;\"><a href=\"http:\/\/adv24.lv\/lv\/130\/188\/\">COSMOFEN PMMA organisk\u0101 stikla sal\u012bm\u0113\u0161anai<\/a><\/span><\/p>\n<p><span style=\"color: #990000;\">\u00a0 &#8211;\u00a0<\/span><span style=\"color: #990000;\"><a href=\"http:\/\/adv24.lv\/lv\/130\/194\/\">COSMOFEN att\u012br\u012b\u0161anas l\u012bdzek\u013ci<\/a><\/span><\/p>\n<p><span style=\"color: #990000;\"><a href=\"http:\/\/www.adv24.lv\/rtfe_files\/NUDEC_PMMA.pdf\">Tehniskais apraksts<\/a><br \/>\n<\/span><\/p>\n<p><span style=\"color: #00cc66;\"><b>Ieskaties ar\u012b \u0161eit:\u00a0<a href=\"http:\/\/orgstikls.lv\/\">orgstikls.lv<\/a><\/b><\/span><\/p>\n<p class=\"western\"><span style=\"font-family: Tahoma, sans-serif;\"><span style=\"font-size: small;\">Putots lok\u0161\u0146u materi\u0101ls; triecieniztur\u012bgs materi\u0101ls; liets materi\u0101ls; \u0161\u016bnu polikarbon\u0101ts rekl\u0101mai; monopolikarbon\u0101ts; \u0161\u016bnu polikarbon\u0101ta aksesu\u0101ri; kompoz\u012btmateri\u0101ls; poliesters;\u00a0<\/span><\/span><span style=\"font-family: Tahoma, sans-serif;\"><span style=\"font-size: small;\"><span lang=\"en-US\">org<\/span><\/span><\/span><span style=\"font-family: Tahoma, sans-serif;\"><span style=\"font-size: small;\">stikls; polietil\u0113ns; \u0161\u016bnu polipropil\u0113ns; profili lok\u0161\u0146u plastik\u0101tiem; pl\u0101nie plastik\u0101ti; iepakojuma plastik\u0101ti; kompoz\u012btpane\u013ci; kr\u0101saini plastik\u0101ti; materi\u0101li tirdzniec\u012bbas vietu noform\u0113\u0161anai; stikl\u0161\u0137iedras karogu masti; plastik\u0101tu izstr\u0101d\u0101jumi; iepakojums; rekl\u0101mas materi\u0101li; polikarbon\u0101ts siltumn\u012bc\u0101m; materi\u0101li nojum\u0113m; plastik\u0101ti starpsien\u0101m; mat\u0113ts organiskais stikls;\u00a0 PET; PETG; PP; PS; PVC; PC; PE; PMMA; ABS; plastik\u0101ti noform\u0113\u0161anai; plastik\u0101ti grav\u0113\u0161anai; plastik\u0101ti apdrukai; plastik\u0101ts balkona marg\u0101m; ton\u0113ts organiskais stikls; plastik\u0101ts digit\u0101lajai drukai; apdares materi\u0101ls; celtniec\u012bbas materi\u0101li; plastik\u0101tu grie\u0161ana; plastik\u0101tu loc\u012b\u0161ana; karogu masti; karogi; \u0161\u016bnu polikarbon\u0101ts.<\/span><\/span><\/p>\n","protected":false},"excerpt":{"rendered":"<strong><span style=\"font-size: small;\">PMMA FROST dekorat\u012bvs organiskais stikls ar mat\u0113tu virsmu<\/span><\/strong>\r\n<p align=\"justify\"><\/p>\r\n<p align=\"justify\">Puscaursp\u012bd\u012bgs, balts, vai kr\u0101sains lok\u0161\u0146u materi\u0101ls ar mat\u0113tu virsmu no ab\u0101m pus\u0113m ar perfektu gaismas izklied\u0113\u0161anas efektu, viegli apstr\u0101d\u0101jams, ieskaitot termoform\u0113\u0161anu. FROST var\u00a0labi kombin\u0113t ar koku vai met\u0101lu, tas ir notur\u012bgs pret ilgsto\u0161u apk\u0101rt\u0113jas vides un UV starojuma iedarb\u012bbu<\/p>","protected":false},"featured_media":1337,"comment_status":"closed","ping_status":"closed","template":"","meta":[],"product_brand":[],"product_cat":[83],"product_tag":[],"class_list":{"0":"post-1336","1":"product","2":"type-product","3":"status-publish","4":"has-post-thumbnail","6":"product_cat-uncategorized-lv","8":"first","9":"instock","10":"shipping-taxable","11":"product-type-simple"},"yoast_head":"<!-- This site is optimized with the Yoast SEO plugin v27.4 - https:\/\/yoast.com\/product\/yoast-seo-wordpress\/ -->\n<title>FROST dekorat\u012bvs organiskais stikls ar mat\u0113tu virsmu - WMT Baltic<\/title>\n<meta name=\"robots\" content=\"index, follow, max-snippet:-1, max-image-preview:large, max-video-preview:-1\" \/>\n<link rel=\"canonical\" href=\"https:\/\/wmtbaltic.lv\/Produkts\/frost-dekorativs-organiskais-stikls-ar-matetu-virsmu\/\" \/>\n<meta property=\"og:locale\" content=\"en_US\" \/>\n<meta property=\"og:type\" content=\"article\" \/>\n<meta property=\"og:title\" content=\"FROST dekorat\u012bvs organiskais stikls ar mat\u0113tu virsmu - WMT Baltic\" \/>\n<meta property=\"og:description\" content=\"PMMA FROST dekorat\u012bvs organiskais stikls ar mat\u0113tu virsmu  Puscaursp\u012bd\u012bgs, balts, vai kr\u0101sains lok\u0161\u0146u materi\u0101ls ar mat\u0113tu virsmu no ab\u0101m pus\u0113m ar perfektu gaismas izklied\u0113\u0161anas efektu, viegli apstr\u0101d\u0101jams, ieskaitot termoform\u0113\u0161anu. FROST var\u00a0labi kombin\u0113t ar koku vai met\u0101lu, tas ir notur\u012bgs pret ilgsto\u0161u apk\u0101rt\u0113jas vides un UV starojuma iedarb\u012bbu\" \/>\n<meta property=\"og:url\" content=\"https:\/\/wmtbaltic.lv\/Produkts\/frost-dekorativs-organiskais-stikls-ar-matetu-virsmu\/\" \/>\n<meta property=\"og:site_name\" content=\"WMT Baltic\" \/>\n<meta property=\"article:publisher\" content=\"https:\/\/www.facebook.com\/WMT.Baltic.viscom\/?locale=lv_LV\" \/>\n<meta property=\"og:image\" content=\"https:\/\/wmtbaltic.lv\/wp-content\/uploads\/2020\/07\/FROST-dekorat\u012bvs-organiskais-stikls-ar-mat\u0113tu-virsmu_1.jpg\" \/>\n\t<meta property=\"og:image:width\" content=\"440\" \/>\n\t<meta property=\"og:image:height\" content=\"330\" \/>\n\t<meta property=\"og:image:type\" content=\"image\/jpeg\" \/>\n<meta name=\"twitter:card\" content=\"summary_large_image\" \/>\n<meta name=\"twitter:label1\" content=\"Est. reading time\" \/>\n\t<meta name=\"twitter:data1\" content=\"1 minute\" \/>\n<script type=\"application\/ld+json\" class=\"yoast-schema-graph\">{\"@context\":\"https:\\\/\\\/schema.org\",\"@graph\":[{\"@type\":\"WebPage\",\"@id\":\"https:\\\/\\\/wmtbaltic.lv\\\/Produkts\\\/frost-dekorativs-organiskais-stikls-ar-matetu-virsmu\\\/\",\"url\":\"https:\\\/\\\/wmtbaltic.lv\\\/Produkts\\\/frost-dekorativs-organiskais-stikls-ar-matetu-virsmu\\\/\",\"name\":\"FROST dekorat\u012bvs organiskais stikls ar mat\u0113tu virsmu - WMT Baltic\",\"isPartOf\":{\"@id\":\"https:\\\/\\\/wmtbaltic.lv\\\/#website\"},\"primaryImageOfPage\":{\"@id\":\"https:\\\/\\\/wmtbaltic.lv\\\/Produkts\\\/frost-dekorativs-organiskais-stikls-ar-matetu-virsmu\\\/#primaryimage\"},\"image\":{\"@id\":\"https:\\\/\\\/wmtbaltic.lv\\\/Produkts\\\/frost-dekorativs-organiskais-stikls-ar-matetu-virsmu\\\/#primaryimage\"},\"thumbnailUrl\":\"https:\\\/\\\/wmtbaltic.lv\\\/wp-content\\\/uploads\\\/2020\\\/07\\\/FROST-dekorat\u012bvs-organiskais-stikls-ar-mat\u0113tu-virsmu_1.jpg\",\"datePublished\":\"2020-07-20T12:14:25+00:00\",\"breadcrumb\":{\"@id\":\"https:\\\/\\\/wmtbaltic.lv\\\/Produkts\\\/frost-dekorativs-organiskais-stikls-ar-matetu-virsmu\\\/#breadcrumb\"},\"inLanguage\":\"en-US\",\"potentialAction\":[{\"@type\":\"ReadAction\",\"target\":[\"https:\\\/\\\/wmtbaltic.lv\\\/Produkts\\\/frost-dekorativs-organiskais-stikls-ar-matetu-virsmu\\\/\"]}]},{\"@type\":\"ImageObject\",\"inLanguage\":\"en-US\",\"@id\":\"https:\\\/\\\/wmtbaltic.lv\\\/Produkts\\\/frost-dekorativs-organiskais-stikls-ar-matetu-virsmu\\\/#primaryimage\",\"url\":\"https:\\\/\\\/wmtbaltic.lv\\\/wp-content\\\/uploads\\\/2020\\\/07\\\/FROST-dekorat\u012bvs-organiskais-stikls-ar-mat\u0113tu-virsmu_1.jpg\",\"contentUrl\":\"https:\\\/\\\/wmtbaltic.lv\\\/wp-content\\\/uploads\\\/2020\\\/07\\\/FROST-dekorat\u012bvs-organiskais-stikls-ar-mat\u0113tu-virsmu_1.jpg\",\"width\":440,\"height\":330},{\"@type\":\"BreadcrumbList\",\"@id\":\"https:\\\/\\\/wmtbaltic.lv\\\/Produkts\\\/frost-dekorativs-organiskais-stikls-ar-matetu-virsmu\\\/#breadcrumb\",\"itemListElement\":[{\"@type\":\"ListItem\",\"position\":1,\"name\":\"Home\",\"item\":\"https:\\\/\\\/wmtbaltic.lv\\\/en\\\/\"},{\"@type\":\"ListItem\",\"position\":2,\"name\":\"Products\",\"item\":\"https:\\\/\\\/wmtbaltic.lv\\\/en\\\/shop\\\/\"},{\"@type\":\"ListItem\",\"position\":3,\"name\":\"FROST dekorat\u012bvs organiskais stikls ar mat\u0113tu virsmu\"}]},{\"@type\":\"WebSite\",\"@id\":\"https:\\\/\\\/wmtbaltic.lv\\\/#website\",\"url\":\"https:\\\/\\\/wmtbaltic.lv\\\/\",\"name\":\"WMT Baltic\",\"description\":\"Rekl\u0101mas produkti, pl\u0113ves\",\"publisher\":{\"@id\":\"https:\\\/\\\/wmtbaltic.lv\\\/#organization\"},\"potentialAction\":[{\"@type\":\"SearchAction\",\"target\":{\"@type\":\"EntryPoint\",\"urlTemplate\":\"https:\\\/\\\/wmtbaltic.lv\\\/?s={search_term_string}\"},\"query-input\":{\"@type\":\"PropertyValueSpecification\",\"valueRequired\":true,\"valueName\":\"search_term_string\"}}],\"inLanguage\":\"en-US\"},{\"@type\":\"Organization\",\"@id\":\"https:\\\/\\\/wmtbaltic.lv\\\/#organization\",\"name\":\"WMT Baltic\",\"url\":\"https:\\\/\\\/wmtbaltic.lv\\\/\",\"logo\":{\"@type\":\"ImageObject\",\"inLanguage\":\"en-US\",\"@id\":\"https:\\\/\\\/wmtbaltic.lv\\\/#\\\/schema\\\/logo\\\/image\\\/\",\"url\":\"https:\\\/\\\/wmtbaltic.lv\\\/wp-content\\\/uploads\\\/2024\\\/12\\\/wmt-baltic-sia_107142_9_420x180.jpg\",\"contentUrl\":\"https:\\\/\\\/wmtbaltic.lv\\\/wp-content\\\/uploads\\\/2024\\\/12\\\/wmt-baltic-sia_107142_9_420x180.jpg\",\"width\":420,\"height\":180,\"caption\":\"WMT Baltic\"},\"image\":{\"@id\":\"https:\\\/\\\/wmtbaltic.lv\\\/#\\\/schema\\\/logo\\\/image\\\/\"},\"sameAs\":[\"https:\\\/\\\/www.facebook.com\\\/WMT.Baltic.viscom\\\/?locale=lv_LV\",\"https:\\\/\\\/www.instagram.com\\\/viscom_wmt\\\/\"]}]}<\/script>\n<!-- \/ Yoast SEO plugin. -->","yoast_head_json":{"title":"FROST dekorat\u012bvs organiskais stikls ar mat\u0113tu virsmu - WMT Baltic","robots":{"index":"index","follow":"follow","max-snippet":"max-snippet:-1","max-image-preview":"max-image-preview:large","max-video-preview":"max-video-preview:-1"},"canonical":"https:\/\/wmtbaltic.lv\/Produkts\/frost-dekorativs-organiskais-stikls-ar-matetu-virsmu\/","og_locale":"en_US","og_type":"article","og_title":"FROST dekorat\u012bvs organiskais stikls ar mat\u0113tu virsmu - WMT Baltic","og_description":"PMMA FROST dekorat\u012bvs organiskais stikls ar mat\u0113tu virsmu  Puscaursp\u012bd\u012bgs, balts, vai kr\u0101sains lok\u0161\u0146u materi\u0101ls ar mat\u0113tu virsmu no ab\u0101m pus\u0113m ar perfektu gaismas izklied\u0113\u0161anas efektu, viegli apstr\u0101d\u0101jams, ieskaitot termoform\u0113\u0161anu. FROST var\u00a0labi kombin\u0113t ar koku vai met\u0101lu, tas ir notur\u012bgs pret ilgsto\u0161u apk\u0101rt\u0113jas vides un UV starojuma iedarb\u012bbu","og_url":"https:\/\/wmtbaltic.lv\/Produkts\/frost-dekorativs-organiskais-stikls-ar-matetu-virsmu\/","og_site_name":"WMT Baltic","article_publisher":"https:\/\/www.facebook.com\/WMT.Baltic.viscom\/?locale=lv_LV","og_image":[{"width":440,"height":330,"url":"https:\/\/wmtbaltic.lv\/wp-content\/uploads\/2020\/07\/FROST-dekorat\u012bvs-organiskais-stikls-ar-mat\u0113tu-virsmu_1.jpg","type":"image\/jpeg"}],"twitter_card":"summary_large_image","twitter_misc":{"Est. reading time":"1 minute"},"schema":{"@context":"https:\/\/schema.org","@graph":[{"@type":"WebPage","@id":"https:\/\/wmtbaltic.lv\/Produkts\/frost-dekorativs-organiskais-stikls-ar-matetu-virsmu\/","url":"https:\/\/wmtbaltic.lv\/Produkts\/frost-dekorativs-organiskais-stikls-ar-matetu-virsmu\/","name":"FROST dekorat\u012bvs organiskais stikls ar mat\u0113tu virsmu - WMT Baltic","isPartOf":{"@id":"https:\/\/wmtbaltic.lv\/#website"},"primaryImageOfPage":{"@id":"https:\/\/wmtbaltic.lv\/Produkts\/frost-dekorativs-organiskais-stikls-ar-matetu-virsmu\/#primaryimage"},"image":{"@id":"https:\/\/wmtbaltic.lv\/Produkts\/frost-dekorativs-organiskais-stikls-ar-matetu-virsmu\/#primaryimage"},"thumbnailUrl":"https:\/\/wmtbaltic.lv\/wp-content\/uploads\/2020\/07\/FROST-dekorat\u012bvs-organiskais-stikls-ar-mat\u0113tu-virsmu_1.jpg","datePublished":"2020-07-20T12:14:25+00:00","breadcrumb":{"@id":"https:\/\/wmtbaltic.lv\/Produkts\/frost-dekorativs-organiskais-stikls-ar-matetu-virsmu\/#breadcrumb"},"inLanguage":"en-US","potentialAction":[{"@type":"ReadAction","target":["https:\/\/wmtbaltic.lv\/Produkts\/frost-dekorativs-organiskais-stikls-ar-matetu-virsmu\/"]}]},{"@type":"ImageObject","inLanguage":"en-US","@id":"https:\/\/wmtbaltic.lv\/Produkts\/frost-dekorativs-organiskais-stikls-ar-matetu-virsmu\/#primaryimage","url":"https:\/\/wmtbaltic.lv\/wp-content\/uploads\/2020\/07\/FROST-dekorat\u012bvs-organiskais-stikls-ar-mat\u0113tu-virsmu_1.jpg","contentUrl":"https:\/\/wmtbaltic.lv\/wp-content\/uploads\/2020\/07\/FROST-dekorat\u012bvs-organiskais-stikls-ar-mat\u0113tu-virsmu_1.jpg","width":440,"height":330},{"@type":"BreadcrumbList","@id":"https:\/\/wmtbaltic.lv\/Produkts\/frost-dekorativs-organiskais-stikls-ar-matetu-virsmu\/#breadcrumb","itemListElement":[{"@type":"ListItem","position":1,"name":"Home","item":"https:\/\/wmtbaltic.lv\/en\/"},{"@type":"ListItem","position":2,"name":"Products","item":"https:\/\/wmtbaltic.lv\/en\/shop\/"},{"@type":"ListItem","position":3,"name":"FROST dekorat\u012bvs organiskais stikls ar mat\u0113tu virsmu"}]},{"@type":"WebSite","@id":"https:\/\/wmtbaltic.lv\/#website","url":"https:\/\/wmtbaltic.lv\/","name":"WMT Baltic","description":"Rekl\u0101mas produkti, pl\u0113ves","publisher":{"@id":"https:\/\/wmtbaltic.lv\/#organization"},"potentialAction":[{"@type":"SearchAction","target":{"@type":"EntryPoint","urlTemplate":"https:\/\/wmtbaltic.lv\/?s={search_term_string}"},"query-input":{"@type":"PropertyValueSpecification","valueRequired":true,"valueName":"search_term_string"}}],"inLanguage":"en-US"},{"@type":"Organization","@id":"https:\/\/wmtbaltic.lv\/#organization","name":"WMT Baltic","url":"https:\/\/wmtbaltic.lv\/","logo":{"@type":"ImageObject","inLanguage":"en-US","@id":"https:\/\/wmtbaltic.lv\/#\/schema\/logo\/image\/","url":"https:\/\/wmtbaltic.lv\/wp-content\/uploads\/2024\/12\/wmt-baltic-sia_107142_9_420x180.jpg","contentUrl":"https:\/\/wmtbaltic.lv\/wp-content\/uploads\/2024\/12\/wmt-baltic-sia_107142_9_420x180.jpg","width":420,"height":180,"caption":"WMT Baltic"},"image":{"@id":"https:\/\/wmtbaltic.lv\/#\/schema\/logo\/image\/"},"sameAs":["https:\/\/www.facebook.com\/WMT.Baltic.viscom\/?locale=lv_LV","https:\/\/www.instagram.com\/viscom_wmt\/"]}]}},"_links":{"self":[{"href":"https:\/\/wmtbaltic.lv\/en\/wp-json\/wp\/v2\/product\/1336","targetHints":{"allow":["GET"]}}],"collection":[{"href":"https:\/\/wmtbaltic.lv\/en\/wp-json\/wp\/v2\/product"}],"about":[{"href":"https:\/\/wmtbaltic.lv\/en\/wp-json\/wp\/v2\/types\/product"}],"replies":[{"embeddable":true,"href":"https:\/\/wmtbaltic.lv\/en\/wp-json\/wp\/v2\/comments?post=1336"}],"wp:featuredmedia":[{"embeddable":true,"href":"https:\/\/wmtbaltic.lv\/en\/wp-json\/wp\/v2\/media\/1337"}],"wp:attachment":[{"href":"https:\/\/wmtbaltic.lv\/en\/wp-json\/wp\/v2\/media?parent=1336"}],"wp:term":[{"taxonomy":"product_brand","embeddable":true,"href":"https:\/\/wmtbaltic.lv\/en\/wp-json\/wp\/v2\/product_brand?post=1336"},{"taxonomy":"product_cat","embeddable":true,"href":"https:\/\/wmtbaltic.lv\/en\/wp-json\/wp\/v2\/product_cat?post=1336"},{"taxonomy":"product_tag","embeddable":true,"href":"https:\/\/wmtbaltic.lv\/en\/wp-json\/wp\/v2\/product_tag?post=1336"}],"curies":[{"name":"wp","href":"https:\/\/api.w.org\/{rel}","templated":true}]}}