{"id":13300,"date":"2022-06-22T10:50:51","date_gmt":"2022-06-22T10:50:51","guid":{"rendered":"https:\/\/wmtbaltic.lv\/?post_type=product&#038;p=13300"},"modified":"2025-09-17T07:04:26","modified_gmt":"2025-09-17T07:04:26","slug":"ramis-clic-25mm-a1-ar-noapalotiem-sturiem","status":"publish","type":"product","link":"https:\/\/wmtbaltic.lv\/en\/product\/ramis-clic-25mm-a1-ar-noapalotiem-sturiem\/","title":{"rendered":"R\u0101mis Clic 25mm A1 ar noapa\u013cotiem st\u016briem"},"content":{"rendered":"<h3>R\u0101mis Click 25mm A1 ar noapa\u013cotiem st\u016briem<\/h3>\n<p><strong>Izstr\u0101d\u0101jumi var b\u016bt ar defektiem<\/strong><\/p>\n<p>R\u0101mis no anod\u0113ta aluminija ar saspied\u0113jmehanismu Click 25mm ar sp\u012bd\u012bgiem noapa\u013cotiem st\u016briem. Dom\u0101ts \u0101trai un \u0113rtai plak\u0101tu, afi\u0161u izvieto\u0161anai.<\/p>\n<p>Form\u0101ts A1.<\/p>\n","protected":false},"excerpt":{"rendered":"R\u0101mis Click 25mm A1 ar noapa\u013cotiem st\u016briem Izstr\u0101d\u0101jumi var b\u016bt ar defektiem R\u0101mis no anod\u0113ta aluminija ar saspied\u0113jmehanismu Click 25mm ar sp\u012bd\u012bgiem noapa\u013cotiem st\u016briem. Dom\u0101ts \u0101trai un \u0113rtai plak\u0101tu, afi\u0161u izvieto\u0161anai. Form\u0101ts A1.","protected":false},"featured_media":5784,"comment_status":"closed","ping_status":"closed","template":"","meta":[],"product_brand":[],"product_cat":[1117],"product_tag":[612,610,613],"class_list":{"0":"post-13300","1":"product","2":"type-product","3":"status-publish","4":"has-post-thumbnail","6":"product_cat-noliktavas_un_ekspozicijas_izpardosana","7":"product_tag-apg","8":"product_tag-click-ramis","9":"product_tag-informacijas-izvietosana","11":"first","12":"instock","13":"shipping-taxable","14":"purchasable","15":"product-type-simple"},"yoast_head":"<!-- This site is optimized with the Yoast SEO plugin v27.4 - https:\/\/yoast.com\/product\/yoast-seo-wordpress\/ -->\n<title>R\u0101mis Clic no anod\u0113ta alum\u012bnija ar saspied\u0113jmehanismu A1 form\u0101ts<\/title>\n<meta name=\"robots\" content=\"index, follow, max-snippet:-1, max-image-preview:large, max-video-preview:-1\" \/>\n<link rel=\"canonical\" href=\"https:\/\/wmtbaltic.lv\/product\/ramis-clic-25mm-a1-ar-noapalotiem-sturiem\/\" \/>\n<meta property=\"og:locale\" content=\"en_US\" \/>\n<meta property=\"og:type\" content=\"article\" \/>\n<meta property=\"og:title\" content=\"R\u0101mis Clic no anod\u0113ta alum\u012bnija ar saspied\u0113jmehanismu A1 form\u0101ts\" \/>\n<meta property=\"og:url\" content=\"https:\/\/wmtbaltic.lv\/product\/ramis-clic-25mm-a1-ar-noapalotiem-sturiem\/\" \/>\n<meta property=\"og:site_name\" content=\"WMT Baltic\" \/>\n<meta property=\"article:publisher\" content=\"https:\/\/www.facebook.com\/WMT.Baltic.viscom\/?locale=lv_LV\" \/>\n<meta property=\"article:modified_time\" content=\"2025-09-17T07:04:26+00:00\" \/>\n<meta property=\"og:image\" content=\"http:\/\/wmtbaltic.lv\/wp-content\/uploads\/2021\/03\/clik_frame-rounded_1.jpg\" \/>\n\t<meta property=\"og:image:width\" content=\"318\" \/>\n\t<meta property=\"og:image:height\" content=\"386\" \/>\n\t<meta property=\"og:image:type\" content=\"image\/jpeg\" \/>\n<meta name=\"twitter:card\" content=\"summary_large_image\" \/>\n<meta name=\"twitter:label1\" content=\"Est. reading time\" \/>\n\t<meta name=\"twitter:data1\" content=\"1 minute\" \/>\n<script type=\"application\/ld+json\" class=\"yoast-schema-graph\">{\"@context\":\"https:\\\/\\\/schema.org\",\"@graph\":[{\"@type\":\"WebPage\",\"@id\":\"https:\\\/\\\/wmtbaltic.lv\\\/product\\\/ramis-clic-25mm-a1-ar-noapalotiem-sturiem\\\/\",\"url\":\"https:\\\/\\\/wmtbaltic.lv\\\/product\\\/ramis-clic-25mm-a1-ar-noapalotiem-sturiem\\\/\",\"name\":\"R\u0101mis Clic no anod\u0113ta alum\u012bnija ar saspied\u0113jmehanismu A1 form\u0101ts\",\"isPartOf\":{\"@id\":\"https:\\\/\\\/wmtbaltic.lv\\\/#website\"},\"primaryImageOfPage\":{\"@id\":\"https:\\\/\\\/wmtbaltic.lv\\\/product\\\/ramis-clic-25mm-a1-ar-noapalotiem-sturiem\\\/#primaryimage\"},\"image\":{\"@id\":\"https:\\\/\\\/wmtbaltic.lv\\\/product\\\/ramis-clic-25mm-a1-ar-noapalotiem-sturiem\\\/#primaryimage\"},\"thumbnailUrl\":\"https:\\\/\\\/wmtbaltic.lv\\\/wp-content\\\/uploads\\\/2021\\\/03\\\/clik_frame-rounded_1.jpg\",\"datePublished\":\"2022-06-22T10:50:51+00:00\",\"dateModified\":\"2025-09-17T07:04:26+00:00\",\"breadcrumb\":{\"@id\":\"https:\\\/\\\/wmtbaltic.lv\\\/product\\\/ramis-clic-25mm-a1-ar-noapalotiem-sturiem\\\/#breadcrumb\"},\"inLanguage\":\"en-US\",\"potentialAction\":[{\"@type\":\"ReadAction\",\"target\":[\"https:\\\/\\\/wmtbaltic.lv\\\/product\\\/ramis-clic-25mm-a1-ar-noapalotiem-sturiem\\\/\"]}]},{\"@type\":\"ImageObject\",\"inLanguage\":\"en-US\",\"@id\":\"https:\\\/\\\/wmtbaltic.lv\\\/product\\\/ramis-clic-25mm-a1-ar-noapalotiem-sturiem\\\/#primaryimage\",\"url\":\"https:\\\/\\\/wmtbaltic.lv\\\/wp-content\\\/uploads\\\/2021\\\/03\\\/clik_frame-rounded_1.jpg\",\"contentUrl\":\"https:\\\/\\\/wmtbaltic.lv\\\/wp-content\\\/uploads\\\/2021\\\/03\\\/clik_frame-rounded_1.jpg\",\"width\":318,\"height\":386},{\"@type\":\"BreadcrumbList\",\"@id\":\"https:\\\/\\\/wmtbaltic.lv\\\/product\\\/ramis-clic-25mm-a1-ar-noapalotiem-sturiem\\\/#breadcrumb\",\"itemListElement\":[{\"@type\":\"ListItem\",\"position\":1,\"name\":\"Home\",\"item\":\"https:\\\/\\\/wmtbaltic.lv\\\/en\\\/\"},{\"@type\":\"ListItem\",\"position\":2,\"name\":\"Products\",\"item\":\"https:\\\/\\\/wmtbaltic.lv\\\/en\\\/shop\\\/\"},{\"@type\":\"ListItem\",\"position\":3,\"name\":\"R\u0101mis Clic 25mm A1 ar noapa\u013cotiem st\u016briem\"}]},{\"@type\":\"WebSite\",\"@id\":\"https:\\\/\\\/wmtbaltic.lv\\\/#website\",\"url\":\"https:\\\/\\\/wmtbaltic.lv\\\/\",\"name\":\"WMT Baltic\",\"description\":\"Rekl\u0101mas produkti, pl\u0113ves\",\"publisher\":{\"@id\":\"https:\\\/\\\/wmtbaltic.lv\\\/#organization\"},\"potentialAction\":[{\"@type\":\"SearchAction\",\"target\":{\"@type\":\"EntryPoint\",\"urlTemplate\":\"https:\\\/\\\/wmtbaltic.lv\\\/?s={search_term_string}\"},\"query-input\":{\"@type\":\"PropertyValueSpecification\",\"valueRequired\":true,\"valueName\":\"search_term_string\"}}],\"inLanguage\":\"en-US\"},{\"@type\":\"Organization\",\"@id\":\"https:\\\/\\\/wmtbaltic.lv\\\/#organization\",\"name\":\"WMT Baltic\",\"url\":\"https:\\\/\\\/wmtbaltic.lv\\\/\",\"logo\":{\"@type\":\"ImageObject\",\"inLanguage\":\"en-US\",\"@id\":\"https:\\\/\\\/wmtbaltic.lv\\\/#\\\/schema\\\/logo\\\/image\\\/\",\"url\":\"https:\\\/\\\/wmtbaltic.lv\\\/wp-content\\\/uploads\\\/2024\\\/12\\\/wmt-baltic-sia_107142_9_420x180.jpg\",\"contentUrl\":\"https:\\\/\\\/wmtbaltic.lv\\\/wp-content\\\/uploads\\\/2024\\\/12\\\/wmt-baltic-sia_107142_9_420x180.jpg\",\"width\":420,\"height\":180,\"caption\":\"WMT Baltic\"},\"image\":{\"@id\":\"https:\\\/\\\/wmtbaltic.lv\\\/#\\\/schema\\\/logo\\\/image\\\/\"},\"sameAs\":[\"https:\\\/\\\/www.facebook.com\\\/WMT.Baltic.viscom\\\/?locale=lv_LV\",\"https:\\\/\\\/www.instagram.com\\\/viscom_wmt\\\/\"]}]}<\/script>\n<!-- \/ Yoast SEO plugin. -->","yoast_head_json":{"title":"R\u0101mis Clic no anod\u0113ta alum\u012bnija ar saspied\u0113jmehanismu A1 form\u0101ts","robots":{"index":"index","follow":"follow","max-snippet":"max-snippet:-1","max-image-preview":"max-image-preview:large","max-video-preview":"max-video-preview:-1"},"canonical":"https:\/\/wmtbaltic.lv\/product\/ramis-clic-25mm-a1-ar-noapalotiem-sturiem\/","og_locale":"en_US","og_type":"article","og_title":"R\u0101mis Clic no anod\u0113ta alum\u012bnija ar saspied\u0113jmehanismu A1 form\u0101ts","og_url":"https:\/\/wmtbaltic.lv\/product\/ramis-clic-25mm-a1-ar-noapalotiem-sturiem\/","og_site_name":"WMT Baltic","article_publisher":"https:\/\/www.facebook.com\/WMT.Baltic.viscom\/?locale=lv_LV","article_modified_time":"2025-09-17T07:04:26+00:00","og_image":[{"width":318,"height":386,"url":"http:\/\/wmtbaltic.lv\/wp-content\/uploads\/2021\/03\/clik_frame-rounded_1.jpg","type":"image\/jpeg"}],"twitter_card":"summary_large_image","twitter_misc":{"Est. reading time":"1 minute"},"schema":{"@context":"https:\/\/schema.org","@graph":[{"@type":"WebPage","@id":"https:\/\/wmtbaltic.lv\/product\/ramis-clic-25mm-a1-ar-noapalotiem-sturiem\/","url":"https:\/\/wmtbaltic.lv\/product\/ramis-clic-25mm-a1-ar-noapalotiem-sturiem\/","name":"R\u0101mis Clic no anod\u0113ta alum\u012bnija ar saspied\u0113jmehanismu A1 form\u0101ts","isPartOf":{"@id":"https:\/\/wmtbaltic.lv\/#website"},"primaryImageOfPage":{"@id":"https:\/\/wmtbaltic.lv\/product\/ramis-clic-25mm-a1-ar-noapalotiem-sturiem\/#primaryimage"},"image":{"@id":"https:\/\/wmtbaltic.lv\/product\/ramis-clic-25mm-a1-ar-noapalotiem-sturiem\/#primaryimage"},"thumbnailUrl":"https:\/\/wmtbaltic.lv\/wp-content\/uploads\/2021\/03\/clik_frame-rounded_1.jpg","datePublished":"2022-06-22T10:50:51+00:00","dateModified":"2025-09-17T07:04:26+00:00","breadcrumb":{"@id":"https:\/\/wmtbaltic.lv\/product\/ramis-clic-25mm-a1-ar-noapalotiem-sturiem\/#breadcrumb"},"inLanguage":"en-US","potentialAction":[{"@type":"ReadAction","target":["https:\/\/wmtbaltic.lv\/product\/ramis-clic-25mm-a1-ar-noapalotiem-sturiem\/"]}]},{"@type":"ImageObject","inLanguage":"en-US","@id":"https:\/\/wmtbaltic.lv\/product\/ramis-clic-25mm-a1-ar-noapalotiem-sturiem\/#primaryimage","url":"https:\/\/wmtbaltic.lv\/wp-content\/uploads\/2021\/03\/clik_frame-rounded_1.jpg","contentUrl":"https:\/\/wmtbaltic.lv\/wp-content\/uploads\/2021\/03\/clik_frame-rounded_1.jpg","width":318,"height":386},{"@type":"BreadcrumbList","@id":"https:\/\/wmtbaltic.lv\/product\/ramis-clic-25mm-a1-ar-noapalotiem-sturiem\/#breadcrumb","itemListElement":[{"@type":"ListItem","position":1,"name":"Home","item":"https:\/\/wmtbaltic.lv\/en\/"},{"@type":"ListItem","position":2,"name":"Products","item":"https:\/\/wmtbaltic.lv\/en\/shop\/"},{"@type":"ListItem","position":3,"name":"R\u0101mis Clic 25mm A1 ar noapa\u013cotiem st\u016briem"}]},{"@type":"WebSite","@id":"https:\/\/wmtbaltic.lv\/#website","url":"https:\/\/wmtbaltic.lv\/","name":"WMT Baltic","description":"Rekl\u0101mas produkti, pl\u0113ves","publisher":{"@id":"https:\/\/wmtbaltic.lv\/#organization"},"potentialAction":[{"@type":"SearchAction","target":{"@type":"EntryPoint","urlTemplate":"https:\/\/wmtbaltic.lv\/?s={search_term_string}"},"query-input":{"@type":"PropertyValueSpecification","valueRequired":true,"valueName":"search_term_string"}}],"inLanguage":"en-US"},{"@type":"Organization","@id":"https:\/\/wmtbaltic.lv\/#organization","name":"WMT Baltic","url":"https:\/\/wmtbaltic.lv\/","logo":{"@type":"ImageObject","inLanguage":"en-US","@id":"https:\/\/wmtbaltic.lv\/#\/schema\/logo\/image\/","url":"https:\/\/wmtbaltic.lv\/wp-content\/uploads\/2024\/12\/wmt-baltic-sia_107142_9_420x180.jpg","contentUrl":"https:\/\/wmtbaltic.lv\/wp-content\/uploads\/2024\/12\/wmt-baltic-sia_107142_9_420x180.jpg","width":420,"height":180,"caption":"WMT Baltic"},"image":{"@id":"https:\/\/wmtbaltic.lv\/#\/schema\/logo\/image\/"},"sameAs":["https:\/\/www.facebook.com\/WMT.Baltic.viscom\/?locale=lv_LV","https:\/\/www.instagram.com\/viscom_wmt\/"]}]}},"_links":{"self":[{"href":"https:\/\/wmtbaltic.lv\/en\/wp-json\/wp\/v2\/product\/13300","targetHints":{"allow":["GET"]}}],"collection":[{"href":"https:\/\/wmtbaltic.lv\/en\/wp-json\/wp\/v2\/product"}],"about":[{"href":"https:\/\/wmtbaltic.lv\/en\/wp-json\/wp\/v2\/types\/product"}],"replies":[{"embeddable":true,"href":"https:\/\/wmtbaltic.lv\/en\/wp-json\/wp\/v2\/comments?post=13300"}],"wp:featuredmedia":[{"embeddable":true,"href":"https:\/\/wmtbaltic.lv\/en\/wp-json\/wp\/v2\/media\/5784"}],"wp:attachment":[{"href":"https:\/\/wmtbaltic.lv\/en\/wp-json\/wp\/v2\/media?parent=13300"}],"wp:term":[{"taxonomy":"product_brand","embeddable":true,"href":"https:\/\/wmtbaltic.lv\/en\/wp-json\/wp\/v2\/product_brand?post=13300"},{"taxonomy":"product_cat","embeddable":true,"href":"https:\/\/wmtbaltic.lv\/en\/wp-json\/wp\/v2\/product_cat?post=13300"},{"taxonomy":"product_tag","embeddable":true,"href":"https:\/\/wmtbaltic.lv\/en\/wp-json\/wp\/v2\/product_tag?post=13300"}],"curies":[{"name":"wp","href":"https:\/\/api.w.org\/{rel}","templated":true}]}}