{"id":1330,"date":"2020-07-20T12:07:40","date_gmt":"2020-07-20T12:07:40","guid":{"rendered":"http:\/\/wmtbaltic.lv\/\/?post_type=product&#038;p=1330"},"modified":"2020-07-20T12:11:40","modified_gmt":"2020-07-20T12:11:40","slug":"komadeco-dekorativie-paneli","status":"publish","type":"product","link":"https:\/\/wmtbaltic.lv\/en\/product\/komadeco-dekorativie-paneli\/","title":{"rendered":"K\u00f6maDECO dekorat\u012bvie pane\u013ci"},"content":{"rendered":"<p align=\"justify\"><strong>Materi\u0101la pielietojums<\/strong><\/p>\n<p align=\"justify\">Interjera dizains, ai\u013cu aizpild\u012b\u0161ana. Starpsienu, tirdzniec\u012bbas iek\u0101rtu, stendu, piekaramo griestu un sienu pane\u013cu izgatavo\u0161ana.<\/p>\n<p>&nbsp;<\/p>\n<table>\n<tbody class=\"ancv\">\n<tr>\n<td><img decoding=\"async\" src=\"https:\/\/adv24.lv\/rtfe_images\/mahagons1.jpg\" \/><\/td>\n<td><img decoding=\"async\" src=\"https:\/\/adv24.lv\/rtfe_images\/goldeoak.jpg\" \/><\/td>\n<td><img decoding=\"async\" src=\"https:\/\/adv24.lv\/rtfe_images\/cream1.jpg\" \/><\/td>\n<\/tr>\n<tr>\n<td>\n<p align=\"left\"><span style=\"font-size: small;\">Mahagons<\/span><\/p>\n<\/td>\n<td>\n<p align=\"left\"><span style=\"font-size: small;\">Zelta ozols<\/span><\/p>\n<\/td>\n<td>\n<p align=\"left\"><span style=\"font-size: small;\">Kr\u0113mkr\u0101sas<\/span><\/p>\n<\/td>\n<\/tr>\n<\/tbody>\n<\/table>\n<p>&nbsp;<\/p>\n<p>P\u0113c pas\u016bt\u012bjuma: tum\u0161i zils, pel\u0113ks, beic\u0113ts ozols<\/p>\n<p>&nbsp;<\/p>\n<p align=\"justify\"><span style=\"color: #990000;\">PVH lok\u0161\u0146u sal\u012bm\u0113\u0161anai m\u0113s\u00a0iesakam izmantot l\u012bmi:<\/span><\/p>\n<p dir=\"ltr\" align=\"justify\"><span style=\"color: #990000;\">\u00a0\u00a0&#8211;\u00a0<\/span><span style=\"color: #990000;\">Cianakril\u0101ta l\u012bmes ar moment\u0101lo iedarb\u012bbu<\/span><\/p>\n<p dir=\"ltr\" align=\"justify\"><span style=\"color: #990000;\">\u00a0\u00a0&#8211;\u00a0<\/span><span style=\"color: #990000;\">COSMOFEN PMMA organisk\u0101 stikla sal\u012bm\u0113\u0161anai<\/span><\/p>\n<p dir=\"ltr\" align=\"justify\"><span style=\"color: #990000;\">\u00a0 &#8211;\u00a0<\/span><span style=\"color: #990000;\">COSMOFEN PLUS PVH lok\u0161\u0146u sal\u012bm\u0113\u0161anai<\/span><\/p>\n<p dir=\"ltr\" align=\"justify\"><span style=\"color: #990000;\">\u00a0 &#8211;\u00a0<\/span><span style=\"color: #990000;\">COSMOFEN 345 PVH sal\u012bm\u0113\u0161anai ar citiem materi\u0101liem<\/span><\/p>\n<p>&nbsp;<\/p>\n<p class=\"western\"><span style=\"font-family: Tahoma, sans-serif;\"><span style=\"font-size: small;\"><b>M\u0113s pied\u0101v\u0101jam ar\u012b:<\/b><\/span><\/span><span style=\"font-family: Tahoma, sans-serif;\"><span style=\"font-size: small;\">\u00a0putots lok\u0161\u0146u materi\u0101ls; triecieniztur\u012bgs materi\u0101ls; liets materi\u0101ls; \u0161\u016bnu polikarbon\u0101ts rekl\u0101mai; monopolikarbon\u0101ts; \u0161\u016bnu polikarbon\u0101ta aksesu\u0101ri; kompoz\u012btmateri\u0101ls; poliesters;\u00a0<\/span><\/span><span style=\"font-family: Tahoma, sans-serif;\"><span style=\"font-size: small;\"><span lang=\"en-US\">org<\/span><\/span><\/span><span style=\"font-family: Tahoma, sans-serif;\"><span style=\"font-size: small;\">stikls; polietil\u0113ns; \u0161\u016bnu polipropil\u0113ns; profili lok\u0161\u0146u plastik\u0101tiem; pl\u0101nie plastik\u0101ti; iepakojuma plastik\u0101ti; kompoz\u012btpane\u013ci; kr\u0101saini plastik\u0101ti; materi\u0101li tirdzniec\u012bbas vietu noform\u0113\u0161anai; stikl\u0161\u0137iedras karogu masti; plastik\u0101tu izstr\u0101d\u0101jumi; iepakojums; rekl\u0101mas materi\u0101li; polikarbon\u0101ts siltumn\u012bc\u0101m; materi\u0101li nojum\u0113m; plastik\u0101ti starpsien\u0101m; mat\u0113ts organiskais stikls;\u00a0 PET; PETG; PP; PS; PVC; PC; PE; PMMA; ABS; plastik\u0101ti noform\u0113\u0161anai; plastik\u0101ti grav\u0113\u0161anai; plastik\u0101ti apdrukai; plastik\u0101ts balkona marg\u0101m; ton\u0113ts organiskais stikls; plastik\u0101ts digit\u0101lajai drukai; apdares materi\u0101ls; celtniec\u012bbas materi\u0101li; plastik\u0101tu grie\u0161ana; plastik\u0101tu loc\u012b\u0161ana; karogu masti; karogi; \u0161\u016bnu polikarbon\u0101ts.<\/span><\/span><\/p>\n<div><strong data-wp-editing=\"1\"><a href=\"http:\/\/wmtbaltic.lv\/\/wp-content\/uploads\/2020\/07\/KOMADECO.pdf\" target=\"_blank\" rel=\"noopener noreferrer\"><img loading=\"lazy\" decoding=\"async\" class=\"alignnone wp-image-914 size-full\" src=\"http:\/\/wmtbaltic.lv\/\/wp-content\/uploads\/2020\/07\/pdf-1.png\" alt=\"\" width=\"30\" height=\"36\" \/><\/a><a href=\"http:\/\/wmtbaltic.lv\/\/wp-content\/uploads\/2020\/07\/KOMADECO.pdf\" target=\"_blank\" rel=\"noopener noreferrer\">Tehniskais apraksts<\/a><\/strong><\/div>\n","protected":false},"excerpt":{"rendered":"<strong><span style=\"font-size: small;\">K\u00f6maDECO\u00a0<\/span><\/strong>dekorat\u012bvie pane\u013ci\r\n\r\n&nbsp;\r\n<p align=\"justify\">Balta\u00a0plastik\u0101ta (pamatne \u2013 K\u00f6maCEL vai K\u00f6maDUR),\u00a0kura ir p\u0101rkl\u0101ta ar\u00a0dekorat\u012bvu koka imit\u0101cijas pl\u0113vi RENOLIT.\u00a0 Plastik\u0101ta pamatne pie\u0161\u0137ir materi\u0101lam stabilit\u0101ti, notur\u012bbu, vieglumu un elast\u012bbu (ja tas ir K\u00f6maDUR), bet pl\u0113ve veido reljefu ar koka fakt\u016bru. Materi\u0101ls ir iztur\u012bgs pret koroziju, viegli apstr\u0101d\u0101jams.<\/p>\r\n&nbsp;","protected":false},"featured_media":1334,"template":"","meta":[],"product_brand":[],"product_cat":[83],"product_tag":[],"class_list":{"0":"post-1330","1":"product","2":"type-product","3":"status-publish","4":"has-post-thumbnail","6":"product_cat-uncategorized-lv","8":"first","9":"instock","10":"shipping-taxable","11":"product-type-simple"},"yoast_head":"<!-- This site is optimized with the Yoast SEO plugin v27.4 - https:\/\/yoast.com\/product\/yoast-seo-wordpress\/ -->\n<title>K\u00f6maDECO dekorat\u012bvie pane\u013ci - WMT Baltic<\/title>\n<meta name=\"robots\" content=\"index, follow, max-snippet:-1, max-image-preview:large, max-video-preview:-1\" \/>\n<link rel=\"canonical\" href=\"https:\/\/wmtbaltic.lv\/Produkts\/komadeco-dekorativie-paneli\/\" \/>\n<meta property=\"og:locale\" content=\"en_US\" \/>\n<meta property=\"og:type\" content=\"article\" \/>\n<meta property=\"og:title\" content=\"K\u00f6maDECO dekorat\u012bvie pane\u013ci - WMT Baltic\" \/>\n<meta property=\"og:description\" content=\"K\u00f6maDECO\u00a0dekorat\u012bvie pane\u013ci  &nbsp; Balta\u00a0plastik\u0101ta (pamatne \u2013 K\u00f6maCEL vai K\u00f6maDUR),\u00a0kura ir p\u0101rkl\u0101ta ar\u00a0dekorat\u012bvu koka imit\u0101cijas pl\u0113vi RENOLIT.\u00a0 Plastik\u0101ta pamatne pie\u0161\u0137ir materi\u0101lam stabilit\u0101ti, notur\u012bbu, vieglumu un elast\u012bbu (ja tas ir K\u00f6maDUR), bet pl\u0113ve veido reljefu ar koka fakt\u016bru. Materi\u0101ls ir iztur\u012bgs pret koroziju, viegli apstr\u0101d\u0101jams. &nbsp;\" \/>\n<meta property=\"og:url\" content=\"https:\/\/wmtbaltic.lv\/Produkts\/komadeco-dekorativie-paneli\/\" \/>\n<meta property=\"og:site_name\" content=\"WMT Baltic\" \/>\n<meta property=\"article:publisher\" content=\"https:\/\/www.facebook.com\/WMT.Baltic.viscom\/?locale=lv_LV\" \/>\n<meta property=\"article:modified_time\" content=\"2020-07-20T12:11:40+00:00\" \/>\n<meta property=\"og:image\" content=\"https:\/\/wmtbaltic.lv\/wp-content\/uploads\/2020\/07\/K\u00f6maDECO-dekorat\u012bvie-pane\u013ci_1.jpg\" \/>\n\t<meta property=\"og:image:width\" content=\"440\" \/>\n\t<meta property=\"og:image:height\" content=\"330\" \/>\n\t<meta property=\"og:image:type\" content=\"image\/jpeg\" \/>\n<meta name=\"twitter:card\" content=\"summary_large_image\" \/>\n<meta name=\"twitter:label1\" content=\"Est. reading time\" \/>\n\t<meta name=\"twitter:data1\" content=\"1 minute\" \/>\n<script type=\"application\/ld+json\" class=\"yoast-schema-graph\">{\"@context\":\"https:\\\/\\\/schema.org\",\"@graph\":[{\"@type\":\"WebPage\",\"@id\":\"https:\\\/\\\/wmtbaltic.lv\\\/Produkts\\\/komadeco-dekorativie-paneli\\\/\",\"url\":\"https:\\\/\\\/wmtbaltic.lv\\\/Produkts\\\/komadeco-dekorativie-paneli\\\/\",\"name\":\"K\u00f6maDECO dekorat\u012bvie pane\u013ci - WMT Baltic\",\"isPartOf\":{\"@id\":\"https:\\\/\\\/wmtbaltic.lv\\\/#website\"},\"primaryImageOfPage\":{\"@id\":\"https:\\\/\\\/wmtbaltic.lv\\\/Produkts\\\/komadeco-dekorativie-paneli\\\/#primaryimage\"},\"image\":{\"@id\":\"https:\\\/\\\/wmtbaltic.lv\\\/Produkts\\\/komadeco-dekorativie-paneli\\\/#primaryimage\"},\"thumbnailUrl\":\"https:\\\/\\\/wmtbaltic.lv\\\/wp-content\\\/uploads\\\/2020\\\/07\\\/K\u00f6maDECO-dekorat\u012bvie-pane\u013ci_1.jpg\",\"datePublished\":\"2020-07-20T12:07:40+00:00\",\"dateModified\":\"2020-07-20T12:11:40+00:00\",\"breadcrumb\":{\"@id\":\"https:\\\/\\\/wmtbaltic.lv\\\/Produkts\\\/komadeco-dekorativie-paneli\\\/#breadcrumb\"},\"inLanguage\":\"en-US\",\"potentialAction\":[{\"@type\":\"ReadAction\",\"target\":[\"https:\\\/\\\/wmtbaltic.lv\\\/Produkts\\\/komadeco-dekorativie-paneli\\\/\"]}]},{\"@type\":\"ImageObject\",\"inLanguage\":\"en-US\",\"@id\":\"https:\\\/\\\/wmtbaltic.lv\\\/Produkts\\\/komadeco-dekorativie-paneli\\\/#primaryimage\",\"url\":\"https:\\\/\\\/wmtbaltic.lv\\\/wp-content\\\/uploads\\\/2020\\\/07\\\/K\u00f6maDECO-dekorat\u012bvie-pane\u013ci_1.jpg\",\"contentUrl\":\"https:\\\/\\\/wmtbaltic.lv\\\/wp-content\\\/uploads\\\/2020\\\/07\\\/K\u00f6maDECO-dekorat\u012bvie-pane\u013ci_1.jpg\",\"width\":440,\"height\":330,\"caption\":\"OLYMPUS DIGITAL CAMERA\"},{\"@type\":\"BreadcrumbList\",\"@id\":\"https:\\\/\\\/wmtbaltic.lv\\\/Produkts\\\/komadeco-dekorativie-paneli\\\/#breadcrumb\",\"itemListElement\":[{\"@type\":\"ListItem\",\"position\":1,\"name\":\"Home\",\"item\":\"https:\\\/\\\/wmtbaltic.lv\\\/en\\\/\"},{\"@type\":\"ListItem\",\"position\":2,\"name\":\"Shop\",\"item\":\"https:\\\/\\\/wmtbaltic.lv\\\/shop\\\/\"},{\"@type\":\"ListItem\",\"position\":3,\"name\":\"K\u00f6maDECO dekorat\u012bvie pane\u013ci\"}]},{\"@type\":\"WebSite\",\"@id\":\"https:\\\/\\\/wmtbaltic.lv\\\/#website\",\"url\":\"https:\\\/\\\/wmtbaltic.lv\\\/\",\"name\":\"WMT Baltic\",\"description\":\"Rekl\u0101mas produkti, pl\u0113ves\",\"publisher\":{\"@id\":\"https:\\\/\\\/wmtbaltic.lv\\\/#organization\"},\"potentialAction\":[{\"@type\":\"SearchAction\",\"target\":{\"@type\":\"EntryPoint\",\"urlTemplate\":\"https:\\\/\\\/wmtbaltic.lv\\\/?s={search_term_string}\"},\"query-input\":{\"@type\":\"PropertyValueSpecification\",\"valueRequired\":true,\"valueName\":\"search_term_string\"}}],\"inLanguage\":\"en-US\"},{\"@type\":\"Organization\",\"@id\":\"https:\\\/\\\/wmtbaltic.lv\\\/#organization\",\"name\":\"WMT Baltic\",\"url\":\"https:\\\/\\\/wmtbaltic.lv\\\/\",\"logo\":{\"@type\":\"ImageObject\",\"inLanguage\":\"en-US\",\"@id\":\"https:\\\/\\\/wmtbaltic.lv\\\/#\\\/schema\\\/logo\\\/image\\\/\",\"url\":\"https:\\\/\\\/wmtbaltic.lv\\\/wp-content\\\/uploads\\\/2024\\\/12\\\/wmt-baltic-sia_107142_9_420x180.jpg\",\"contentUrl\":\"https:\\\/\\\/wmtbaltic.lv\\\/wp-content\\\/uploads\\\/2024\\\/12\\\/wmt-baltic-sia_107142_9_420x180.jpg\",\"width\":420,\"height\":180,\"caption\":\"WMT Baltic\"},\"image\":{\"@id\":\"https:\\\/\\\/wmtbaltic.lv\\\/#\\\/schema\\\/logo\\\/image\\\/\"},\"sameAs\":[\"https:\\\/\\\/www.facebook.com\\\/WMT.Baltic.viscom\\\/?locale=lv_LV\",\"https:\\\/\\\/www.instagram.com\\\/viscom_wmt\\\/\"]}]}<\/script>\n<!-- \/ Yoast SEO plugin. -->","yoast_head_json":{"title":"K\u00f6maDECO dekorat\u012bvie pane\u013ci - WMT Baltic","robots":{"index":"index","follow":"follow","max-snippet":"max-snippet:-1","max-image-preview":"max-image-preview:large","max-video-preview":"max-video-preview:-1"},"canonical":"https:\/\/wmtbaltic.lv\/Produkts\/komadeco-dekorativie-paneli\/","og_locale":"en_US","og_type":"article","og_title":"K\u00f6maDECO dekorat\u012bvie pane\u013ci - WMT Baltic","og_description":"K\u00f6maDECO\u00a0dekorat\u012bvie pane\u013ci  &nbsp; Balta\u00a0plastik\u0101ta (pamatne \u2013 K\u00f6maCEL vai K\u00f6maDUR),\u00a0kura ir p\u0101rkl\u0101ta ar\u00a0dekorat\u012bvu koka imit\u0101cijas pl\u0113vi RENOLIT.\u00a0 Plastik\u0101ta pamatne pie\u0161\u0137ir materi\u0101lam stabilit\u0101ti, notur\u012bbu, vieglumu un elast\u012bbu (ja tas ir K\u00f6maDUR), bet pl\u0113ve veido reljefu ar koka fakt\u016bru. Materi\u0101ls ir iztur\u012bgs pret koroziju, viegli apstr\u0101d\u0101jams. &nbsp;","og_url":"https:\/\/wmtbaltic.lv\/Produkts\/komadeco-dekorativie-paneli\/","og_site_name":"WMT Baltic","article_publisher":"https:\/\/www.facebook.com\/WMT.Baltic.viscom\/?locale=lv_LV","article_modified_time":"2020-07-20T12:11:40+00:00","og_image":[{"width":440,"height":330,"url":"https:\/\/wmtbaltic.lv\/wp-content\/uploads\/2020\/07\/K\u00f6maDECO-dekorat\u012bvie-pane\u013ci_1.jpg","type":"image\/jpeg"}],"twitter_card":"summary_large_image","twitter_misc":{"Est. reading time":"1 minute"},"schema":{"@context":"https:\/\/schema.org","@graph":[{"@type":"WebPage","@id":"https:\/\/wmtbaltic.lv\/Produkts\/komadeco-dekorativie-paneli\/","url":"https:\/\/wmtbaltic.lv\/Produkts\/komadeco-dekorativie-paneli\/","name":"K\u00f6maDECO dekorat\u012bvie pane\u013ci - WMT Baltic","isPartOf":{"@id":"https:\/\/wmtbaltic.lv\/#website"},"primaryImageOfPage":{"@id":"https:\/\/wmtbaltic.lv\/Produkts\/komadeco-dekorativie-paneli\/#primaryimage"},"image":{"@id":"https:\/\/wmtbaltic.lv\/Produkts\/komadeco-dekorativie-paneli\/#primaryimage"},"thumbnailUrl":"https:\/\/wmtbaltic.lv\/wp-content\/uploads\/2020\/07\/K\u00f6maDECO-dekorat\u012bvie-pane\u013ci_1.jpg","datePublished":"2020-07-20T12:07:40+00:00","dateModified":"2020-07-20T12:11:40+00:00","breadcrumb":{"@id":"https:\/\/wmtbaltic.lv\/Produkts\/komadeco-dekorativie-paneli\/#breadcrumb"},"inLanguage":"en-US","potentialAction":[{"@type":"ReadAction","target":["https:\/\/wmtbaltic.lv\/Produkts\/komadeco-dekorativie-paneli\/"]}]},{"@type":"ImageObject","inLanguage":"en-US","@id":"https:\/\/wmtbaltic.lv\/Produkts\/komadeco-dekorativie-paneli\/#primaryimage","url":"https:\/\/wmtbaltic.lv\/wp-content\/uploads\/2020\/07\/K\u00f6maDECO-dekorat\u012bvie-pane\u013ci_1.jpg","contentUrl":"https:\/\/wmtbaltic.lv\/wp-content\/uploads\/2020\/07\/K\u00f6maDECO-dekorat\u012bvie-pane\u013ci_1.jpg","width":440,"height":330,"caption":"OLYMPUS DIGITAL CAMERA"},{"@type":"BreadcrumbList","@id":"https:\/\/wmtbaltic.lv\/Produkts\/komadeco-dekorativie-paneli\/#breadcrumb","itemListElement":[{"@type":"ListItem","position":1,"name":"Home","item":"https:\/\/wmtbaltic.lv\/en\/"},{"@type":"ListItem","position":2,"name":"Shop","item":"https:\/\/wmtbaltic.lv\/shop\/"},{"@type":"ListItem","position":3,"name":"K\u00f6maDECO dekorat\u012bvie pane\u013ci"}]},{"@type":"WebSite","@id":"https:\/\/wmtbaltic.lv\/#website","url":"https:\/\/wmtbaltic.lv\/","name":"WMT Baltic","description":"Rekl\u0101mas produkti, pl\u0113ves","publisher":{"@id":"https:\/\/wmtbaltic.lv\/#organization"},"potentialAction":[{"@type":"SearchAction","target":{"@type":"EntryPoint","urlTemplate":"https:\/\/wmtbaltic.lv\/?s={search_term_string}"},"query-input":{"@type":"PropertyValueSpecification","valueRequired":true,"valueName":"search_term_string"}}],"inLanguage":"en-US"},{"@type":"Organization","@id":"https:\/\/wmtbaltic.lv\/#organization","name":"WMT Baltic","url":"https:\/\/wmtbaltic.lv\/","logo":{"@type":"ImageObject","inLanguage":"en-US","@id":"https:\/\/wmtbaltic.lv\/#\/schema\/logo\/image\/","url":"https:\/\/wmtbaltic.lv\/wp-content\/uploads\/2024\/12\/wmt-baltic-sia_107142_9_420x180.jpg","contentUrl":"https:\/\/wmtbaltic.lv\/wp-content\/uploads\/2024\/12\/wmt-baltic-sia_107142_9_420x180.jpg","width":420,"height":180,"caption":"WMT Baltic"},"image":{"@id":"https:\/\/wmtbaltic.lv\/#\/schema\/logo\/image\/"},"sameAs":["https:\/\/www.facebook.com\/WMT.Baltic.viscom\/?locale=lv_LV","https:\/\/www.instagram.com\/viscom_wmt\/"]}]}},"_links":{"self":[{"href":"https:\/\/wmtbaltic.lv\/en\/wp-json\/wp\/v2\/product\/1330","targetHints":{"allow":["GET"]}}],"collection":[{"href":"https:\/\/wmtbaltic.lv\/en\/wp-json\/wp\/v2\/product"}],"about":[{"href":"https:\/\/wmtbaltic.lv\/en\/wp-json\/wp\/v2\/types\/product"}],"wp:featuredmedia":[{"embeddable":true,"href":"https:\/\/wmtbaltic.lv\/en\/wp-json\/wp\/v2\/media\/1334"}],"wp:attachment":[{"href":"https:\/\/wmtbaltic.lv\/en\/wp-json\/wp\/v2\/media?parent=1330"}],"wp:term":[{"taxonomy":"product_brand","embeddable":true,"href":"https:\/\/wmtbaltic.lv\/en\/wp-json\/wp\/v2\/product_brand?post=1330"},{"taxonomy":"product_cat","embeddable":true,"href":"https:\/\/wmtbaltic.lv\/en\/wp-json\/wp\/v2\/product_cat?post=1330"},{"taxonomy":"product_tag","embeddable":true,"href":"https:\/\/wmtbaltic.lv\/en\/wp-json\/wp\/v2\/product_tag?post=1330"}],"curies":[{"name":"wp","href":"https:\/\/api.w.org\/{rel}","templated":true}]}}