{"id":13292,"date":"2022-06-22T10:32:55","date_gmt":"2022-06-22T10:32:55","guid":{"rendered":"https:\/\/wmtbaltic.lv\/?post_type=product&#038;p=13292"},"modified":"2025-04-04T12:17:14","modified_gmt":"2025-04-04T12:17:14","slug":"a-veida-b1-vienpusejs-informacijas-izvietosanas-stends-ar-clic-rami","status":"publish","type":"product","link":"https:\/\/wmtbaltic.lv\/en\/product\/a-veida-b1-vienpusejs-informacijas-izvietosanas-stends-ar-clic-rami\/","title":{"rendered":"A-veida B1 vienpus\u0113js stends ar Clic r\u0101mi"},"content":{"rendered":"<h3>A-veida A1 vienpus\u0113js inform\u0101cijas izvieto\u0161anas stends ar Clic r\u0101mi<\/h3>\n<p><strong>Izstr\u0101d\u0101jumi var b\u016bt ar defektiem<\/strong><\/p>\n<p>Notur\u012bgs vienpus\u0113js plak\u0101tu stends izgatavots no alum\u012bnija profiliem. Pamatne ir izgatavota no 33 mm alum\u012bnija profila ar antikorozijas p\u0101rkl\u0101jumu, r\u0101mja Clic profili sava starp\u0101 savienoti 45\u00b0 len\u0137\u012b. Pateicoties caurumiem pamatnes profil\u0101 \u016bdens un kondens\u0101ta nopl\u016bdei, stendu ir iesp\u0113jams lietot jebkuros laika apst\u0101k\u013cos. Speci\u0101la plastik\u0101ta loksne pasarg\u0101 plak\u0101tu no meh\u0101niskiem boj\u0101jumiem un izbal\u0113\u0161anas. \u0100ra rekl\u0101mas stends<\/p>\n<p>Stenda aprasts: <a href=\"http:\/\/wmtbaltic.lv\/wp-content\/uploads\/2021\/04\/PLAKATU_STENDS_WEB.pdf\">PLAKATU_STENDS_<\/a><\/p>\n<p>&nbsp;<\/p>\n","protected":false},"excerpt":{"rendered":"A-veida A1 vienpus\u0113js inform\u0101cijas izvieto\u0161anas stends ar Clic r\u0101mi Izstr\u0101d\u0101jumi var b\u016bt ar defektiem Notur\u012bgs vienpus\u0113js plak\u0101tu stends izgatavots no alum\u012bnija profiliem. Pamatne ir izgatavota no 33 mm alum\u012bnija profila ar antikorozijas p\u0101rkl\u0101jumu, r\u0101mja Clic profili sava starp\u0101 savienoti 45\u00b0 len\u0137\u012b. Pateicoties caurumiem pamatnes profil\u0101 \u016bdens un kondens\u0101ta nopl\u016bdei, stendu ir iesp\u0113jams lietot jebkuros laika [...]","protected":false},"featured_media":7255,"comment_status":"closed","ping_status":"closed","template":"","meta":[],"product_brand":[],"product_cat":[1117],"product_tag":[727,726,728,614],"class_list":{"0":"post-13292","1":"product","2":"type-product","3":"status-publish","4":"has-post-thumbnail","6":"product_cat-noliktavas_un_ekspozicijas_izpardosana","7":"product_tag-aluminija-stends","8":"product_tag-clic-ramis","9":"product_tag-outdoor-stends","10":"product_tag-stends","12":"first","13":"instock","14":"shipping-taxable","15":"purchasable","16":"product-type-simple"},"yoast_head":"<!-- This site is optimized with the Yoast SEO plugin v27.4 - https:\/\/yoast.com\/product\/yoast-seo-wordpress\/ -->\n<title>A veida stends no ekspoz\u012bcijas ar clic sist\u0113mu<\/title>\n<meta name=\"robots\" content=\"index, follow, max-snippet:-1, max-image-preview:large, max-video-preview:-1\" \/>\n<link rel=\"canonical\" href=\"https:\/\/wmtbaltic.lv\/product\/a-veida-b1-vienpusejs-informacijas-izvietosanas-stends-ar-clic-rami\/\" \/>\n<meta property=\"og:locale\" content=\"en_US\" \/>\n<meta property=\"og:type\" content=\"article\" \/>\n<meta property=\"og:title\" content=\"A veida stends no ekspoz\u012bcijas ar clic sist\u0113mu\" \/>\n<meta property=\"og:url\" content=\"https:\/\/wmtbaltic.lv\/product\/a-veida-b1-vienpusejs-informacijas-izvietosanas-stends-ar-clic-rami\/\" \/>\n<meta property=\"og:site_name\" content=\"WMT Baltic\" \/>\n<meta property=\"article:publisher\" content=\"https:\/\/www.facebook.com\/WMT.Baltic.viscom\/?locale=lv_LV\" \/>\n<meta property=\"article:modified_time\" content=\"2025-04-04T12:17:14+00:00\" \/>\n<meta property=\"og:image\" content=\"http:\/\/wmtbaltic.lv\/wp-content\/uploads\/2021\/04\/A_veida_stends-1.jpg\" \/>\n\t<meta property=\"og:image:width\" content=\"616\" \/>\n\t<meta property=\"og:image:height\" content=\"615\" \/>\n\t<meta property=\"og:image:type\" content=\"image\/jpeg\" \/>\n<meta name=\"twitter:card\" content=\"summary_large_image\" \/>\n<meta name=\"twitter:label1\" content=\"Est. reading time\" \/>\n\t<meta name=\"twitter:data1\" content=\"1 minute\" \/>\n<script type=\"application\/ld+json\" class=\"yoast-schema-graph\">{\"@context\":\"https:\\\/\\\/schema.org\",\"@graph\":[{\"@type\":\"WebPage\",\"@id\":\"https:\\\/\\\/wmtbaltic.lv\\\/product\\\/a-veida-b1-vienpusejs-informacijas-izvietosanas-stends-ar-clic-rami\\\/\",\"url\":\"https:\\\/\\\/wmtbaltic.lv\\\/product\\\/a-veida-b1-vienpusejs-informacijas-izvietosanas-stends-ar-clic-rami\\\/\",\"name\":\"A veida stends no ekspoz\u012bcijas ar clic sist\u0113mu\",\"isPartOf\":{\"@id\":\"https:\\\/\\\/wmtbaltic.lv\\\/#website\"},\"primaryImageOfPage\":{\"@id\":\"https:\\\/\\\/wmtbaltic.lv\\\/product\\\/a-veida-b1-vienpusejs-informacijas-izvietosanas-stends-ar-clic-rami\\\/#primaryimage\"},\"image\":{\"@id\":\"https:\\\/\\\/wmtbaltic.lv\\\/product\\\/a-veida-b1-vienpusejs-informacijas-izvietosanas-stends-ar-clic-rami\\\/#primaryimage\"},\"thumbnailUrl\":\"https:\\\/\\\/wmtbaltic.lv\\\/wp-content\\\/uploads\\\/2021\\\/04\\\/A_veida_stends-1.jpg\",\"datePublished\":\"2022-06-22T10:32:55+00:00\",\"dateModified\":\"2025-04-04T12:17:14+00:00\",\"breadcrumb\":{\"@id\":\"https:\\\/\\\/wmtbaltic.lv\\\/product\\\/a-veida-b1-vienpusejs-informacijas-izvietosanas-stends-ar-clic-rami\\\/#breadcrumb\"},\"inLanguage\":\"en-US\",\"potentialAction\":[{\"@type\":\"ReadAction\",\"target\":[\"https:\\\/\\\/wmtbaltic.lv\\\/product\\\/a-veida-b1-vienpusejs-informacijas-izvietosanas-stends-ar-clic-rami\\\/\"]}]},{\"@type\":\"ImageObject\",\"inLanguage\":\"en-US\",\"@id\":\"https:\\\/\\\/wmtbaltic.lv\\\/product\\\/a-veida-b1-vienpusejs-informacijas-izvietosanas-stends-ar-clic-rami\\\/#primaryimage\",\"url\":\"https:\\\/\\\/wmtbaltic.lv\\\/wp-content\\\/uploads\\\/2021\\\/04\\\/A_veida_stends-1.jpg\",\"contentUrl\":\"https:\\\/\\\/wmtbaltic.lv\\\/wp-content\\\/uploads\\\/2021\\\/04\\\/A_veida_stends-1.jpg\",\"width\":616,\"height\":615},{\"@type\":\"BreadcrumbList\",\"@id\":\"https:\\\/\\\/wmtbaltic.lv\\\/product\\\/a-veida-b1-vienpusejs-informacijas-izvietosanas-stends-ar-clic-rami\\\/#breadcrumb\",\"itemListElement\":[{\"@type\":\"ListItem\",\"position\":1,\"name\":\"Home\",\"item\":\"https:\\\/\\\/wmtbaltic.lv\\\/en\\\/\"},{\"@type\":\"ListItem\",\"position\":2,\"name\":\"Products\",\"item\":\"https:\\\/\\\/wmtbaltic.lv\\\/en\\\/shop\\\/\"},{\"@type\":\"ListItem\",\"position\":3,\"name\":\"A-veida B1 vienpus\u0113js stends ar Clic r\u0101mi\"}]},{\"@type\":\"WebSite\",\"@id\":\"https:\\\/\\\/wmtbaltic.lv\\\/#website\",\"url\":\"https:\\\/\\\/wmtbaltic.lv\\\/\",\"name\":\"WMT Baltic\",\"description\":\"Rekl\u0101mas produkti, pl\u0113ves\",\"publisher\":{\"@id\":\"https:\\\/\\\/wmtbaltic.lv\\\/#organization\"},\"potentialAction\":[{\"@type\":\"SearchAction\",\"target\":{\"@type\":\"EntryPoint\",\"urlTemplate\":\"https:\\\/\\\/wmtbaltic.lv\\\/?s={search_term_string}\"},\"query-input\":{\"@type\":\"PropertyValueSpecification\",\"valueRequired\":true,\"valueName\":\"search_term_string\"}}],\"inLanguage\":\"en-US\"},{\"@type\":\"Organization\",\"@id\":\"https:\\\/\\\/wmtbaltic.lv\\\/#organization\",\"name\":\"WMT Baltic\",\"url\":\"https:\\\/\\\/wmtbaltic.lv\\\/\",\"logo\":{\"@type\":\"ImageObject\",\"inLanguage\":\"en-US\",\"@id\":\"https:\\\/\\\/wmtbaltic.lv\\\/#\\\/schema\\\/logo\\\/image\\\/\",\"url\":\"https:\\\/\\\/wmtbaltic.lv\\\/wp-content\\\/uploads\\\/2024\\\/12\\\/wmt-baltic-sia_107142_9_420x180.jpg\",\"contentUrl\":\"https:\\\/\\\/wmtbaltic.lv\\\/wp-content\\\/uploads\\\/2024\\\/12\\\/wmt-baltic-sia_107142_9_420x180.jpg\",\"width\":420,\"height\":180,\"caption\":\"WMT Baltic\"},\"image\":{\"@id\":\"https:\\\/\\\/wmtbaltic.lv\\\/#\\\/schema\\\/logo\\\/image\\\/\"},\"sameAs\":[\"https:\\\/\\\/www.facebook.com\\\/WMT.Baltic.viscom\\\/?locale=lv_LV\",\"https:\\\/\\\/www.instagram.com\\\/viscom_wmt\\\/\"]}]}<\/script>\n<!-- \/ Yoast SEO plugin. -->","yoast_head_json":{"title":"A veida stends no ekspoz\u012bcijas ar clic sist\u0113mu","robots":{"index":"index","follow":"follow","max-snippet":"max-snippet:-1","max-image-preview":"max-image-preview:large","max-video-preview":"max-video-preview:-1"},"canonical":"https:\/\/wmtbaltic.lv\/product\/a-veida-b1-vienpusejs-informacijas-izvietosanas-stends-ar-clic-rami\/","og_locale":"en_US","og_type":"article","og_title":"A veida stends no ekspoz\u012bcijas ar clic sist\u0113mu","og_url":"https:\/\/wmtbaltic.lv\/product\/a-veida-b1-vienpusejs-informacijas-izvietosanas-stends-ar-clic-rami\/","og_site_name":"WMT Baltic","article_publisher":"https:\/\/www.facebook.com\/WMT.Baltic.viscom\/?locale=lv_LV","article_modified_time":"2025-04-04T12:17:14+00:00","og_image":[{"width":616,"height":615,"url":"http:\/\/wmtbaltic.lv\/wp-content\/uploads\/2021\/04\/A_veida_stends-1.jpg","type":"image\/jpeg"}],"twitter_card":"summary_large_image","twitter_misc":{"Est. reading time":"1 minute"},"schema":{"@context":"https:\/\/schema.org","@graph":[{"@type":"WebPage","@id":"https:\/\/wmtbaltic.lv\/product\/a-veida-b1-vienpusejs-informacijas-izvietosanas-stends-ar-clic-rami\/","url":"https:\/\/wmtbaltic.lv\/product\/a-veida-b1-vienpusejs-informacijas-izvietosanas-stends-ar-clic-rami\/","name":"A veida stends no ekspoz\u012bcijas ar clic sist\u0113mu","isPartOf":{"@id":"https:\/\/wmtbaltic.lv\/#website"},"primaryImageOfPage":{"@id":"https:\/\/wmtbaltic.lv\/product\/a-veida-b1-vienpusejs-informacijas-izvietosanas-stends-ar-clic-rami\/#primaryimage"},"image":{"@id":"https:\/\/wmtbaltic.lv\/product\/a-veida-b1-vienpusejs-informacijas-izvietosanas-stends-ar-clic-rami\/#primaryimage"},"thumbnailUrl":"https:\/\/wmtbaltic.lv\/wp-content\/uploads\/2021\/04\/A_veida_stends-1.jpg","datePublished":"2022-06-22T10:32:55+00:00","dateModified":"2025-04-04T12:17:14+00:00","breadcrumb":{"@id":"https:\/\/wmtbaltic.lv\/product\/a-veida-b1-vienpusejs-informacijas-izvietosanas-stends-ar-clic-rami\/#breadcrumb"},"inLanguage":"en-US","potentialAction":[{"@type":"ReadAction","target":["https:\/\/wmtbaltic.lv\/product\/a-veida-b1-vienpusejs-informacijas-izvietosanas-stends-ar-clic-rami\/"]}]},{"@type":"ImageObject","inLanguage":"en-US","@id":"https:\/\/wmtbaltic.lv\/product\/a-veida-b1-vienpusejs-informacijas-izvietosanas-stends-ar-clic-rami\/#primaryimage","url":"https:\/\/wmtbaltic.lv\/wp-content\/uploads\/2021\/04\/A_veida_stends-1.jpg","contentUrl":"https:\/\/wmtbaltic.lv\/wp-content\/uploads\/2021\/04\/A_veida_stends-1.jpg","width":616,"height":615},{"@type":"BreadcrumbList","@id":"https:\/\/wmtbaltic.lv\/product\/a-veida-b1-vienpusejs-informacijas-izvietosanas-stends-ar-clic-rami\/#breadcrumb","itemListElement":[{"@type":"ListItem","position":1,"name":"Home","item":"https:\/\/wmtbaltic.lv\/en\/"},{"@type":"ListItem","position":2,"name":"Products","item":"https:\/\/wmtbaltic.lv\/en\/shop\/"},{"@type":"ListItem","position":3,"name":"A-veida B1 vienpus\u0113js stends ar Clic r\u0101mi"}]},{"@type":"WebSite","@id":"https:\/\/wmtbaltic.lv\/#website","url":"https:\/\/wmtbaltic.lv\/","name":"WMT Baltic","description":"Rekl\u0101mas produkti, pl\u0113ves","publisher":{"@id":"https:\/\/wmtbaltic.lv\/#organization"},"potentialAction":[{"@type":"SearchAction","target":{"@type":"EntryPoint","urlTemplate":"https:\/\/wmtbaltic.lv\/?s={search_term_string}"},"query-input":{"@type":"PropertyValueSpecification","valueRequired":true,"valueName":"search_term_string"}}],"inLanguage":"en-US"},{"@type":"Organization","@id":"https:\/\/wmtbaltic.lv\/#organization","name":"WMT Baltic","url":"https:\/\/wmtbaltic.lv\/","logo":{"@type":"ImageObject","inLanguage":"en-US","@id":"https:\/\/wmtbaltic.lv\/#\/schema\/logo\/image\/","url":"https:\/\/wmtbaltic.lv\/wp-content\/uploads\/2024\/12\/wmt-baltic-sia_107142_9_420x180.jpg","contentUrl":"https:\/\/wmtbaltic.lv\/wp-content\/uploads\/2024\/12\/wmt-baltic-sia_107142_9_420x180.jpg","width":420,"height":180,"caption":"WMT Baltic"},"image":{"@id":"https:\/\/wmtbaltic.lv\/#\/schema\/logo\/image\/"},"sameAs":["https:\/\/www.facebook.com\/WMT.Baltic.viscom\/?locale=lv_LV","https:\/\/www.instagram.com\/viscom_wmt\/"]}]}},"_links":{"self":[{"href":"https:\/\/wmtbaltic.lv\/en\/wp-json\/wp\/v2\/product\/13292","targetHints":{"allow":["GET"]}}],"collection":[{"href":"https:\/\/wmtbaltic.lv\/en\/wp-json\/wp\/v2\/product"}],"about":[{"href":"https:\/\/wmtbaltic.lv\/en\/wp-json\/wp\/v2\/types\/product"}],"replies":[{"embeddable":true,"href":"https:\/\/wmtbaltic.lv\/en\/wp-json\/wp\/v2\/comments?post=13292"}],"wp:featuredmedia":[{"embeddable":true,"href":"https:\/\/wmtbaltic.lv\/en\/wp-json\/wp\/v2\/media\/7255"}],"wp:attachment":[{"href":"https:\/\/wmtbaltic.lv\/en\/wp-json\/wp\/v2\/media?parent=13292"}],"wp:term":[{"taxonomy":"product_brand","embeddable":true,"href":"https:\/\/wmtbaltic.lv\/en\/wp-json\/wp\/v2\/product_brand?post=13292"},{"taxonomy":"product_cat","embeddable":true,"href":"https:\/\/wmtbaltic.lv\/en\/wp-json\/wp\/v2\/product_cat?post=13292"},{"taxonomy":"product_tag","embeddable":true,"href":"https:\/\/wmtbaltic.lv\/en\/wp-json\/wp\/v2\/product_tag?post=13292"}],"curies":[{"name":"wp","href":"https:\/\/api.w.org\/{rel}","templated":true}]}}