{"id":13269,"date":"2022-06-21T07:30:55","date_gmt":"2022-06-21T07:30:55","guid":{"rendered":"https:\/\/wmtbaltic.lv\/?post_type=product&#038;p=13269"},"modified":"2022-06-21T08:41:48","modified_gmt":"2022-06-21T08:41:48","slug":"ppf-pu-rakelis-sarkans-ciets","status":"publish","type":"product","link":"https:\/\/wmtbaltic.lv\/en\/product\/ppf-pu-rakelis-sarkans-ciets\/","title":{"rendered":"PPF PU rakelis, sarkans, ciets"},"content":{"rendered":"<p>Jaunais PPF rakelis ar \u012bpa\u0161u pirkstu rievu, kas pal\u012bdz\u0113s vienm\u0113r\u012bgi piespiest instrumentu visai darba virsmai.<\/p>\n<p>Ergonomiska ori\u0123in\u0101la forma, kas \u012bpa\u0161i izv\u0113l\u0113ta \u0113rtam darbam<\/p>\n<p>\u012apa\u0161a polim\u0113ra formula, kas piem\u0113rota tikai \u0161im rakelim: elast\u012bgs, iztur\u012bgs, bet m\u012bksts.<\/p>\n","protected":false},"excerpt":{"rendered":"Jaunais PPF rakelis ar \u012bpa\u0161u pirkstu rievu, kas pal\u012bdz\u0113s vienm\u0113r\u012bgi piespiest instrumentu visai darba virsmai. Ergonomiska ori\u0123in\u0101la forma, kas \u012bpa\u0161i izv\u0113l\u0113ta \u0113rtam darbam \u012apa\u0161a polim\u0113ra formula, kas piem\u0113rota tikai \u0161im rakelim: elast\u012bgs, iztur\u012bgs, bet m\u012bksts.","protected":false},"featured_media":13272,"comment_status":"closed","ping_status":"closed","template":"","meta":[],"product_brand":[],"product_cat":[200,397,61],"product_tag":[1116,1112,1115,289],"class_list":{"0":"post-13269","1":"product","2":"type-product","3":"status-publish","4":"has-post-thumbnail","6":"product_cat-aksesuari-aplimesanai","7":"product_cat-instrumenti-aplimesanai","8":"product_cat-instrumenti-aksesuari","9":"product_tag-ciets","10":"product_tag-ppf","11":"product_tag-pu","12":"product_tag-rakelis","14":"first","15":"instock","16":"shipping-taxable","17":"purchasable","18":"product-type-simple"},"yoast_head":"<!-- This site is optimized with the Yoast SEO plugin v27.4 - https:\/\/yoast.com\/product\/yoast-seo-wordpress\/ -->\n<title>PPF PU rakelis, sarkans, ciets - WMT Baltic<\/title>\n<meta name=\"description\" content=\"Jaunais PPF rakelis ar \u012bpa\u0161u pirkstu rievu. \u012apa\u0161a polim\u0113ra formula, kas piem\u0113rota tikai \u0161im rakelim: elast\u012bgs, iztur\u012bgs, bet m\u012bksts.\" \/>\n<meta name=\"robots\" content=\"index, follow, max-snippet:-1, max-image-preview:large, max-video-preview:-1\" \/>\n<link rel=\"canonical\" href=\"https:\/\/wmtbaltic.lv\/Produkts\/ppf-pu-rakelis-sarkans-ciets\/\" \/>\n<meta property=\"og:locale\" content=\"en_US\" \/>\n<meta property=\"og:type\" content=\"article\" \/>\n<meta property=\"og:title\" content=\"PPF PU rakelis, sarkans, ciets - WMT Baltic\" \/>\n<meta property=\"og:description\" content=\"Jaunais PPF rakelis ar \u012bpa\u0161u pirkstu rievu. \u012apa\u0161a polim\u0113ra formula, kas piem\u0113rota tikai \u0161im rakelim: elast\u012bgs, iztur\u012bgs, bet m\u012bksts.\" \/>\n<meta property=\"og:url\" content=\"https:\/\/wmtbaltic.lv\/Produkts\/ppf-pu-rakelis-sarkans-ciets\/\" \/>\n<meta property=\"og:site_name\" content=\"WMT Baltic\" \/>\n<meta property=\"article:publisher\" content=\"https:\/\/www.facebook.com\/WMT.Baltic.viscom\/?locale=lv_LV\" \/>\n<meta property=\"article:modified_time\" content=\"2022-06-21T08:41:48+00:00\" \/>\n<meta property=\"og:image\" content=\"http:\/\/wmtbaltic.lv\/wp-content\/uploads\/2022\/06\/ppf3-1.jpg\" \/>\n\t<meta property=\"og:image:width\" content=\"1628\" \/>\n\t<meta property=\"og:image:height\" content=\"1264\" \/>\n\t<meta property=\"og:image:type\" content=\"image\/jpeg\" \/>\n<meta name=\"twitter:card\" content=\"summary_large_image\" \/>\n<meta name=\"twitter:label1\" content=\"Est. reading time\" \/>\n\t<meta name=\"twitter:data1\" content=\"1 minute\" \/>\n<script type=\"application\/ld+json\" class=\"yoast-schema-graph\">{\"@context\":\"https:\\\/\\\/schema.org\",\"@graph\":[{\"@type\":\"WebPage\",\"@id\":\"https:\\\/\\\/wmtbaltic.lv\\\/Produkts\\\/ppf-pu-rakelis-sarkans-ciets\\\/\",\"url\":\"https:\\\/\\\/wmtbaltic.lv\\\/Produkts\\\/ppf-pu-rakelis-sarkans-ciets\\\/\",\"name\":\"PPF PU rakelis, sarkans, ciets - WMT Baltic\",\"isPartOf\":{\"@id\":\"https:\\\/\\\/wmtbaltic.lv\\\/#website\"},\"primaryImageOfPage\":{\"@id\":\"https:\\\/\\\/wmtbaltic.lv\\\/Produkts\\\/ppf-pu-rakelis-sarkans-ciets\\\/#primaryimage\"},\"image\":{\"@id\":\"https:\\\/\\\/wmtbaltic.lv\\\/Produkts\\\/ppf-pu-rakelis-sarkans-ciets\\\/#primaryimage\"},\"thumbnailUrl\":\"https:\\\/\\\/wmtbaltic.lv\\\/wp-content\\\/uploads\\\/2022\\\/06\\\/ppf3-1.jpg\",\"datePublished\":\"2022-06-21T07:30:55+00:00\",\"dateModified\":\"2022-06-21T08:41:48+00:00\",\"description\":\"Jaunais PPF rakelis ar \u012bpa\u0161u pirkstu rievu. \u012apa\u0161a polim\u0113ra formula, kas piem\u0113rota tikai \u0161im rakelim: elast\u012bgs, iztur\u012bgs, bet m\u012bksts.\",\"breadcrumb\":{\"@id\":\"https:\\\/\\\/wmtbaltic.lv\\\/Produkts\\\/ppf-pu-rakelis-sarkans-ciets\\\/#breadcrumb\"},\"inLanguage\":\"en-US\",\"potentialAction\":[{\"@type\":\"ReadAction\",\"target\":[\"https:\\\/\\\/wmtbaltic.lv\\\/Produkts\\\/ppf-pu-rakelis-sarkans-ciets\\\/\"]}]},{\"@type\":\"ImageObject\",\"inLanguage\":\"en-US\",\"@id\":\"https:\\\/\\\/wmtbaltic.lv\\\/Produkts\\\/ppf-pu-rakelis-sarkans-ciets\\\/#primaryimage\",\"url\":\"https:\\\/\\\/wmtbaltic.lv\\\/wp-content\\\/uploads\\\/2022\\\/06\\\/ppf3-1.jpg\",\"contentUrl\":\"https:\\\/\\\/wmtbaltic.lv\\\/wp-content\\\/uploads\\\/2022\\\/06\\\/ppf3-1.jpg\",\"width\":1628,\"height\":1264},{\"@type\":\"BreadcrumbList\",\"@id\":\"https:\\\/\\\/wmtbaltic.lv\\\/Produkts\\\/ppf-pu-rakelis-sarkans-ciets\\\/#breadcrumb\",\"itemListElement\":[{\"@type\":\"ListItem\",\"position\":1,\"name\":\"Home\",\"item\":\"https:\\\/\\\/wmtbaltic.lv\\\/en\\\/\"},{\"@type\":\"ListItem\",\"position\":2,\"name\":\"Products\",\"item\":\"https:\\\/\\\/wmtbaltic.lv\\\/en\\\/shop\\\/\"},{\"@type\":\"ListItem\",\"position\":3,\"name\":\"PPF PU rakelis, sarkans, ciets\"}]},{\"@type\":\"WebSite\",\"@id\":\"https:\\\/\\\/wmtbaltic.lv\\\/#website\",\"url\":\"https:\\\/\\\/wmtbaltic.lv\\\/\",\"name\":\"WMT Baltic\",\"description\":\"Rekl\u0101mas produkti, pl\u0113ves\",\"publisher\":{\"@id\":\"https:\\\/\\\/wmtbaltic.lv\\\/#organization\"},\"potentialAction\":[{\"@type\":\"SearchAction\",\"target\":{\"@type\":\"EntryPoint\",\"urlTemplate\":\"https:\\\/\\\/wmtbaltic.lv\\\/?s={search_term_string}\"},\"query-input\":{\"@type\":\"PropertyValueSpecification\",\"valueRequired\":true,\"valueName\":\"search_term_string\"}}],\"inLanguage\":\"en-US\"},{\"@type\":\"Organization\",\"@id\":\"https:\\\/\\\/wmtbaltic.lv\\\/#organization\",\"name\":\"WMT Baltic\",\"url\":\"https:\\\/\\\/wmtbaltic.lv\\\/\",\"logo\":{\"@type\":\"ImageObject\",\"inLanguage\":\"en-US\",\"@id\":\"https:\\\/\\\/wmtbaltic.lv\\\/#\\\/schema\\\/logo\\\/image\\\/\",\"url\":\"https:\\\/\\\/wmtbaltic.lv\\\/wp-content\\\/uploads\\\/2024\\\/12\\\/wmt-baltic-sia_107142_9_420x180.jpg\",\"contentUrl\":\"https:\\\/\\\/wmtbaltic.lv\\\/wp-content\\\/uploads\\\/2024\\\/12\\\/wmt-baltic-sia_107142_9_420x180.jpg\",\"width\":420,\"height\":180,\"caption\":\"WMT Baltic\"},\"image\":{\"@id\":\"https:\\\/\\\/wmtbaltic.lv\\\/#\\\/schema\\\/logo\\\/image\\\/\"},\"sameAs\":[\"https:\\\/\\\/www.facebook.com\\\/WMT.Baltic.viscom\\\/?locale=lv_LV\",\"https:\\\/\\\/www.instagram.com\\\/viscom_wmt\\\/\"]}]}<\/script>\n<!-- \/ Yoast SEO plugin. -->","yoast_head_json":{"title":"PPF PU rakelis, sarkans, ciets - WMT Baltic","description":"Jaunais PPF rakelis ar \u012bpa\u0161u pirkstu rievu. \u012apa\u0161a polim\u0113ra formula, kas piem\u0113rota tikai \u0161im rakelim: elast\u012bgs, iztur\u012bgs, bet m\u012bksts.","robots":{"index":"index","follow":"follow","max-snippet":"max-snippet:-1","max-image-preview":"max-image-preview:large","max-video-preview":"max-video-preview:-1"},"canonical":"https:\/\/wmtbaltic.lv\/Produkts\/ppf-pu-rakelis-sarkans-ciets\/","og_locale":"en_US","og_type":"article","og_title":"PPF PU rakelis, sarkans, ciets - WMT Baltic","og_description":"Jaunais PPF rakelis ar \u012bpa\u0161u pirkstu rievu. \u012apa\u0161a polim\u0113ra formula, kas piem\u0113rota tikai \u0161im rakelim: elast\u012bgs, iztur\u012bgs, bet m\u012bksts.","og_url":"https:\/\/wmtbaltic.lv\/Produkts\/ppf-pu-rakelis-sarkans-ciets\/","og_site_name":"WMT Baltic","article_publisher":"https:\/\/www.facebook.com\/WMT.Baltic.viscom\/?locale=lv_LV","article_modified_time":"2022-06-21T08:41:48+00:00","og_image":[{"width":1628,"height":1264,"url":"http:\/\/wmtbaltic.lv\/wp-content\/uploads\/2022\/06\/ppf3-1.jpg","type":"image\/jpeg"}],"twitter_card":"summary_large_image","twitter_misc":{"Est. reading time":"1 minute"},"schema":{"@context":"https:\/\/schema.org","@graph":[{"@type":"WebPage","@id":"https:\/\/wmtbaltic.lv\/Produkts\/ppf-pu-rakelis-sarkans-ciets\/","url":"https:\/\/wmtbaltic.lv\/Produkts\/ppf-pu-rakelis-sarkans-ciets\/","name":"PPF PU rakelis, sarkans, ciets - WMT Baltic","isPartOf":{"@id":"https:\/\/wmtbaltic.lv\/#website"},"primaryImageOfPage":{"@id":"https:\/\/wmtbaltic.lv\/Produkts\/ppf-pu-rakelis-sarkans-ciets\/#primaryimage"},"image":{"@id":"https:\/\/wmtbaltic.lv\/Produkts\/ppf-pu-rakelis-sarkans-ciets\/#primaryimage"},"thumbnailUrl":"https:\/\/wmtbaltic.lv\/wp-content\/uploads\/2022\/06\/ppf3-1.jpg","datePublished":"2022-06-21T07:30:55+00:00","dateModified":"2022-06-21T08:41:48+00:00","description":"Jaunais PPF rakelis ar \u012bpa\u0161u pirkstu rievu. \u012apa\u0161a polim\u0113ra formula, kas piem\u0113rota tikai \u0161im rakelim: elast\u012bgs, iztur\u012bgs, bet m\u012bksts.","breadcrumb":{"@id":"https:\/\/wmtbaltic.lv\/Produkts\/ppf-pu-rakelis-sarkans-ciets\/#breadcrumb"},"inLanguage":"en-US","potentialAction":[{"@type":"ReadAction","target":["https:\/\/wmtbaltic.lv\/Produkts\/ppf-pu-rakelis-sarkans-ciets\/"]}]},{"@type":"ImageObject","inLanguage":"en-US","@id":"https:\/\/wmtbaltic.lv\/Produkts\/ppf-pu-rakelis-sarkans-ciets\/#primaryimage","url":"https:\/\/wmtbaltic.lv\/wp-content\/uploads\/2022\/06\/ppf3-1.jpg","contentUrl":"https:\/\/wmtbaltic.lv\/wp-content\/uploads\/2022\/06\/ppf3-1.jpg","width":1628,"height":1264},{"@type":"BreadcrumbList","@id":"https:\/\/wmtbaltic.lv\/Produkts\/ppf-pu-rakelis-sarkans-ciets\/#breadcrumb","itemListElement":[{"@type":"ListItem","position":1,"name":"Home","item":"https:\/\/wmtbaltic.lv\/en\/"},{"@type":"ListItem","position":2,"name":"Products","item":"https:\/\/wmtbaltic.lv\/en\/shop\/"},{"@type":"ListItem","position":3,"name":"PPF PU rakelis, sarkans, ciets"}]},{"@type":"WebSite","@id":"https:\/\/wmtbaltic.lv\/#website","url":"https:\/\/wmtbaltic.lv\/","name":"WMT Baltic","description":"Rekl\u0101mas produkti, pl\u0113ves","publisher":{"@id":"https:\/\/wmtbaltic.lv\/#organization"},"potentialAction":[{"@type":"SearchAction","target":{"@type":"EntryPoint","urlTemplate":"https:\/\/wmtbaltic.lv\/?s={search_term_string}"},"query-input":{"@type":"PropertyValueSpecification","valueRequired":true,"valueName":"search_term_string"}}],"inLanguage":"en-US"},{"@type":"Organization","@id":"https:\/\/wmtbaltic.lv\/#organization","name":"WMT Baltic","url":"https:\/\/wmtbaltic.lv\/","logo":{"@type":"ImageObject","inLanguage":"en-US","@id":"https:\/\/wmtbaltic.lv\/#\/schema\/logo\/image\/","url":"https:\/\/wmtbaltic.lv\/wp-content\/uploads\/2024\/12\/wmt-baltic-sia_107142_9_420x180.jpg","contentUrl":"https:\/\/wmtbaltic.lv\/wp-content\/uploads\/2024\/12\/wmt-baltic-sia_107142_9_420x180.jpg","width":420,"height":180,"caption":"WMT Baltic"},"image":{"@id":"https:\/\/wmtbaltic.lv\/#\/schema\/logo\/image\/"},"sameAs":["https:\/\/www.facebook.com\/WMT.Baltic.viscom\/?locale=lv_LV","https:\/\/www.instagram.com\/viscom_wmt\/"]}]}},"_links":{"self":[{"href":"https:\/\/wmtbaltic.lv\/en\/wp-json\/wp\/v2\/product\/13269","targetHints":{"allow":["GET"]}}],"collection":[{"href":"https:\/\/wmtbaltic.lv\/en\/wp-json\/wp\/v2\/product"}],"about":[{"href":"https:\/\/wmtbaltic.lv\/en\/wp-json\/wp\/v2\/types\/product"}],"replies":[{"embeddable":true,"href":"https:\/\/wmtbaltic.lv\/en\/wp-json\/wp\/v2\/comments?post=13269"}],"wp:featuredmedia":[{"embeddable":true,"href":"https:\/\/wmtbaltic.lv\/en\/wp-json\/wp\/v2\/media\/13272"}],"wp:attachment":[{"href":"https:\/\/wmtbaltic.lv\/en\/wp-json\/wp\/v2\/media?parent=13269"}],"wp:term":[{"taxonomy":"product_brand","embeddable":true,"href":"https:\/\/wmtbaltic.lv\/en\/wp-json\/wp\/v2\/product_brand?post=13269"},{"taxonomy":"product_cat","embeddable":true,"href":"https:\/\/wmtbaltic.lv\/en\/wp-json\/wp\/v2\/product_cat?post=13269"},{"taxonomy":"product_tag","embeddable":true,"href":"https:\/\/wmtbaltic.lv\/en\/wp-json\/wp\/v2\/product_tag?post=13269"}],"curies":[{"name":"wp","href":"https:\/\/api.w.org\/{rel}","templated":true}]}}